{"id":9458,"date":"2023-08-03T09:20:19","date_gmt":"2023-08-03T07:20:19","guid":{"rendered":"https:\/\/bukkigyogytea.com\/termek\/krem-na-ruky-so-salviou\/"},"modified":"2025-09-26T00:02:03","modified_gmt":"2025-09-25T22:02:03","slug":"krem-na-ruky-so-salviou","status":"publish","type":"product","link":"https:\/\/bukkigyogytea.com\/sk\/produktu\/krem-na-ruky-so-salviou\/","title":{"rendered":"Kr\u00e9m na ruky so \u0161alviou"},"content":{"rendered":"<p><strong>Pr\u00edrodn\u00e1 kozmetika s\u00a0certifik\u00e1tom<em> Naturix<\/em><\/strong><\/p>\n<p><strong>Zlo\u017eenie:<\/strong><\/p>\n<p>Aqua, Glycerin, Polyglyceryl-3 Dicitrate\/Stearate, Alcohol, Isopropylalcohol, Salvia Officinalis Flower Extract, Salvia Sclarea Flower Extract, Salvia Sclarea Oil, Salvia Officinalis Oil, Sodium Acrylates\/Beheneth-25 Methacrylate Crosspolymer and Hydrogenated Polydecene and Lauryl Glucoside, Butyrospermum Parkii Butter, Cetyl Alcohol, Phenoyethanol and Ethylhexylglycerin, Glycyrrhiza Glabra Root Extract, Canola Oil and Calendula Officinalis Flower Extract, Olea Europaea Oil<\/p>\n<p><strong>Oblasti pou\u017eitia:<\/strong><\/p>\n<p>Kr\u00e9m obsahuje bambuck\u00e9 maslo, olivov\u00fd olej, necht\u00edkov\u00fd olej a\u00a0glycer\u00edn, ktor\u00e9 hydratuj\u00fa a\u00a0zm\u00e4k\u010duj\u00fa poko\u017eku. Oleje a v\u00fd\u0165a\u017eky zo \u0161alvie lek\u00e1rskej a\u00a0zo \u0161alvie mu\u0161k\u00e1tovej maj\u00fa upokojuj\u00face, extrakt zo sladk\u00e9ho drievka m\u00e1 protiz\u00e1palov\u00e9 \u00fa\u010dinky.<\/p>\n<p><strong>Sp\u00f4sob pou\u017eitia:<br \/>\n<\/strong>Kr\u00e9m jemne vmas\u00edrujte do poko\u017eky r\u00fak, 2-3-kr\u00e1t denne.<\/p>\n<p><strong>Skladovanie:<\/strong><\/p>\n<p>Uchov\u00e1vajte mimo dosahu det\u00ed pri izbovej teplote.<\/p>\n","protected":false},"excerpt":{"rendered":"<p>Z\u00e1zrak pr\u00edrody vo Va\u0161ich ruk\u00e1ch! Predstavujeme V\u00e1m kr\u00e9m na ruky, ktor\u00fd hlboko hydratuje poko\u017eku a dod\u00e1va jej hladkos\u0165, pri\u010dom m\u00e1 aj upokojuj\u00face a protiz\u00e1palov\u00e9 \u00fa\u010dinky.<\/p>\n<p>Pr\u00edrodn\u00e1 kozmetika s certifik\u00e1tom Naturix<\/p>\n","protected":false},"featured_media":9445,"comment_status":"closed","ping_status":"closed","template":"","meta":{"_acf_changed":false},"product_brand":[],"product_cat":[243],"product_tag":[],"class_list":{"0":"post-9458","1":"product","2":"type-product","3":"status-publish","4":"has-post-thumbnail","6":"product_cat-masti-a-kremy","7":"sales-flash-overlay","8":"woocommerce-text-align-center","9":"woocommerce-image-align-center","10":"do-quantity-buttons","12":"first","13":"instock","14":"taxable","15":"shipping-taxable","16":"purchasable","17":"product-type-simple"},"acf":{"blog_termekleiras":""},"yoast_head":"<!-- This site is optimized with the Yoast SEO plugin v26.9 - https:\/\/yoast.com\/product\/yoast-seo-wordpress\/ -->\n<title>Kr\u00e9m na ruky so \u0161alviou &#8211; B\u00fckki Gy\u00f3gytea Web\u00e1ruh\u00e1z<\/title>\n<meta name=\"robots\" content=\"index, follow, max-snippet:-1, max-image-preview:large, max-video-preview:-1\" \/>\n<link rel=\"canonical\" href=\"https:\/\/bukkigyogytea.com\/sk\/produktu\/krem-na-ruky-so-salviou\/\" \/>\n<meta property=\"og:locale\" content=\"sk_SK\" \/>\n<meta property=\"og:type\" content=\"article\" \/>\n<meta property=\"og:title\" content=\"Kr\u00e9m na ruky so \u0161alviou &#8211; B\u00fckki Gy\u00f3gytea Web\u00e1ruh\u00e1z\" \/>\n<meta property=\"og:description\" content=\"Z\u00e1zrak pr\u00edrody vo Va\u0161ich ruk\u00e1ch! Predstavujeme V\u00e1m kr\u00e9m na ruky, ktor\u00fd hlboko hydratuje poko\u017eku a dod\u00e1va jej hladkos\u0165, pri\u010dom m\u00e1 aj upokojuj\u00face a protiz\u00e1palov\u00e9 \u00fa\u010dinky.  Pr\u00edrodn\u00e1 kozmetika s certifik\u00e1tom Naturix\" \/>\n<meta property=\"og:url\" content=\"https:\/\/bukkigyogytea.com\/sk\/produktu\/krem-na-ruky-so-salviou\/\" \/>\n<meta property=\"og:site_name\" content=\"B\u00fckki Gy\u00f3gytea Web\u00e1ruh\u00e1z\" \/>\n<meta property=\"article:publisher\" content=\"https:\/\/www.facebook.com\/bukkigyogytea\/\" \/>\n<meta property=\"article:modified_time\" content=\"2025-09-25T22:02:03+00:00\" \/>\n<meta property=\"og:image\" content=\"https:\/\/bukkigyogytea.com\/wp-content\/uploads\/2023\/08\/Zsalyas-kezkrem-OG.jpg\" \/>\n<meta name=\"twitter:card\" content=\"summary_large_image\" \/>\n<meta name=\"twitter:label1\" content=\"Predpokladan\u00fd \u010das \u010d\u00edtania\" \/>\n\t<meta name=\"twitter:data1\" content=\"1 min\u00fata\" \/>\n<script type=\"application\/ld+json\" class=\"yoast-schema-graph\">{\"@context\":\"https:\/\/schema.org\",\"@graph\":[{\"@type\":\"WebPage\",\"@id\":\"https:\/\/bukkigyogytea.com\/sk\/produktu\/krem-na-ruky-so-salviou\/\",\"url\":\"https:\/\/bukkigyogytea.com\/sk\/produktu\/krem-na-ruky-so-salviou\/\",\"name\":\"Kr\u00e9m na ruky so \u0161alviou &#8211; B\u00fckki Gy\u00f3gytea Web\u00e1ruh\u00e1z\",\"isPartOf\":{\"@id\":\"https:\/\/bukkigyogytea.com\/sk\/#website\"},\"primaryImageOfPage\":{\"@id\":\"https:\/\/bukkigyogytea.com\/sk\/produktu\/krem-na-ruky-so-salviou\/#primaryimage\"},\"image\":{\"@id\":\"https:\/\/bukkigyogytea.com\/sk\/produktu\/krem-na-ruky-so-salviou\/#primaryimage\"},\"thumbnailUrl\":\"https:\/\/bukkigyogytea.com\/wp-content\/uploads\/2023\/08\/zsalyas_tervlatvany__550x550.png\",\"datePublished\":\"2023-08-03T07:20:19+00:00\",\"dateModified\":\"2025-09-25T22:02:03+00:00\",\"breadcrumb\":{\"@id\":\"https:\/\/bukkigyogytea.com\/sk\/produktu\/krem-na-ruky-so-salviou\/#breadcrumb\"},\"inLanguage\":\"sk-SK\",\"potentialAction\":[{\"@type\":\"ReadAction\",\"target\":[\"https:\/\/bukkigyogytea.com\/sk\/produktu\/krem-na-ruky-so-salviou\/\"]}]},{\"@type\":\"ImageObject\",\"inLanguage\":\"sk-SK\",\"@id\":\"https:\/\/bukkigyogytea.com\/sk\/produktu\/krem-na-ruky-so-salviou\/#primaryimage\",\"url\":\"https:\/\/bukkigyogytea.com\/wp-content\/uploads\/2023\/08\/zsalyas_tervlatvany__550x550.png\",\"contentUrl\":\"https:\/\/bukkigyogytea.com\/wp-content\/uploads\/2023\/08\/zsalyas_tervlatvany__550x550.png\",\"width\":550,\"height\":550,\"caption\":\"Zs\u00e1ly\u00e1s k\u00e9z\u00e1pol\u00f3 kr\u00e9m 100 ml\"},{\"@type\":\"BreadcrumbList\",\"@id\":\"https:\/\/bukkigyogytea.com\/sk\/produktu\/krem-na-ruky-so-salviou\/#breadcrumb\",\"itemListElement\":[{\"@type\":\"ListItem\",\"position\":1,\"name\":\"Domov\",\"item\":\"https:\/\/bukkigyogytea.com\/sk\/\"},{\"@type\":\"ListItem\",\"position\":2,\"name\":\"Shop\",\"item\":\"https:\/\/bukkigyogytea.com\/sk\/obchodne\/\"},{\"@type\":\"ListItem\",\"position\":3,\"name\":\"Masti a kr\u00e9my\",\"item\":\"https:\/\/bukkigyogytea.com\/sk\/kategoria-produktu\/masti-a-kremy\/\"},{\"@type\":\"ListItem\",\"position\":4,\"name\":\"Kr\u00e9m na ruky so \u0161alviou\"}]},{\"@type\":\"WebSite\",\"@id\":\"https:\/\/bukkigyogytea.com\/sk\/#website\",\"url\":\"https:\/\/bukkigyogytea.com\/sk\/\",\"name\":\"B\u00fckki Gy\u00f3gytea Web\u00e1ruh\u00e1z\",\"description\":\"Gy\u00f6rgytea hivatalos viszontelad\u00f3\",\"publisher\":{\"@id\":\"https:\/\/bukkigyogytea.com\/sk\/#organization\"},\"potentialAction\":[{\"@type\":\"SearchAction\",\"target\":{\"@type\":\"EntryPoint\",\"urlTemplate\":\"https:\/\/bukkigyogytea.com\/sk\/?s={search_term_string}\"},\"query-input\":{\"@type\":\"PropertyValueSpecification\",\"valueRequired\":true,\"valueName\":\"search_term_string\"}}],\"inLanguage\":\"sk-SK\"},{\"@type\":\"Organization\",\"@id\":\"https:\/\/bukkigyogytea.com\/sk\/#organization\",\"name\":\"B\u00fckki Gy\u00f3gytea Web\u00e1ruh\u00e1z\",\"url\":\"https:\/\/bukkigyogytea.com\/sk\/\",\"logo\":{\"@type\":\"ImageObject\",\"inLanguage\":\"sk-SK\",\"@id\":\"https:\/\/bukkigyogytea.com\/sk\/#\/schema\/logo\/image\/\",\"url\":\"https:\/\/i0.wp.com\/bukkigyogytea.com\/wp-content\/uploads\/2020\/05\/Sitelogo-1.jpg?fit=350%2C85&ssl=1\",\"contentUrl\":\"https:\/\/i0.wp.com\/bukkigyogytea.com\/wp-content\/uploads\/2020\/05\/Sitelogo-1.jpg?fit=350%2C85&ssl=1\",\"width\":350,\"height\":85,\"caption\":\"B\u00fckki Gy\u00f3gytea Web\u00e1ruh\u00e1z\"},\"image\":{\"@id\":\"https:\/\/bukkigyogytea.com\/sk\/#\/schema\/logo\/image\/\"},\"sameAs\":[\"https:\/\/www.facebook.com\/bukkigyogytea\/\"]}]}<\/script>\n<!-- \/ Yoast SEO plugin. -->","yoast_head_json":{"title":"Kr\u00e9m na ruky so \u0161alviou &#8211; B\u00fckki Gy\u00f3gytea Web\u00e1ruh\u00e1z","robots":{"index":"index","follow":"follow","max-snippet":"max-snippet:-1","max-image-preview":"max-image-preview:large","max-video-preview":"max-video-preview:-1"},"canonical":"https:\/\/bukkigyogytea.com\/sk\/produktu\/krem-na-ruky-so-salviou\/","og_locale":"sk_SK","og_type":"article","og_title":"Kr\u00e9m na ruky so \u0161alviou &#8211; B\u00fckki Gy\u00f3gytea Web\u00e1ruh\u00e1z","og_description":"Z\u00e1zrak pr\u00edrody vo Va\u0161ich ruk\u00e1ch! Predstavujeme V\u00e1m kr\u00e9m na ruky, ktor\u00fd hlboko hydratuje poko\u017eku a dod\u00e1va jej hladkos\u0165, pri\u010dom m\u00e1 aj upokojuj\u00face a protiz\u00e1palov\u00e9 \u00fa\u010dinky.  Pr\u00edrodn\u00e1 kozmetika s certifik\u00e1tom Naturix","og_url":"https:\/\/bukkigyogytea.com\/sk\/produktu\/krem-na-ruky-so-salviou\/","og_site_name":"B\u00fckki Gy\u00f3gytea Web\u00e1ruh\u00e1z","article_publisher":"https:\/\/www.facebook.com\/bukkigyogytea\/","article_modified_time":"2025-09-25T22:02:03+00:00","og_image":[{"url":"https:\/\/bukkigyogytea.com\/wp-content\/uploads\/2023\/08\/Zsalyas-kezkrem-OG.jpg","type":"","width":"","height":""}],"twitter_card":"summary_large_image","twitter_misc":{"Predpokladan\u00fd \u010das \u010d\u00edtania":"1 min\u00fata"},"schema":{"@context":"https:\/\/schema.org","@graph":[{"@type":"WebPage","@id":"https:\/\/bukkigyogytea.com\/sk\/produktu\/krem-na-ruky-so-salviou\/","url":"https:\/\/bukkigyogytea.com\/sk\/produktu\/krem-na-ruky-so-salviou\/","name":"Kr\u00e9m na ruky so \u0161alviou &#8211; B\u00fckki Gy\u00f3gytea Web\u00e1ruh\u00e1z","isPartOf":{"@id":"https:\/\/bukkigyogytea.com\/sk\/#website"},"primaryImageOfPage":{"@id":"https:\/\/bukkigyogytea.com\/sk\/produktu\/krem-na-ruky-so-salviou\/#primaryimage"},"image":{"@id":"https:\/\/bukkigyogytea.com\/sk\/produktu\/krem-na-ruky-so-salviou\/#primaryimage"},"thumbnailUrl":"https:\/\/bukkigyogytea.com\/wp-content\/uploads\/2023\/08\/zsalyas_tervlatvany__550x550.png","datePublished":"2023-08-03T07:20:19+00:00","dateModified":"2025-09-25T22:02:03+00:00","breadcrumb":{"@id":"https:\/\/bukkigyogytea.com\/sk\/produktu\/krem-na-ruky-so-salviou\/#breadcrumb"},"inLanguage":"sk-SK","potentialAction":[{"@type":"ReadAction","target":["https:\/\/bukkigyogytea.com\/sk\/produktu\/krem-na-ruky-so-salviou\/"]}]},{"@type":"ImageObject","inLanguage":"sk-SK","@id":"https:\/\/bukkigyogytea.com\/sk\/produktu\/krem-na-ruky-so-salviou\/#primaryimage","url":"https:\/\/bukkigyogytea.com\/wp-content\/uploads\/2023\/08\/zsalyas_tervlatvany__550x550.png","contentUrl":"https:\/\/bukkigyogytea.com\/wp-content\/uploads\/2023\/08\/zsalyas_tervlatvany__550x550.png","width":550,"height":550,"caption":"Zs\u00e1ly\u00e1s k\u00e9z\u00e1pol\u00f3 kr\u00e9m 100 ml"},{"@type":"BreadcrumbList","@id":"https:\/\/bukkigyogytea.com\/sk\/produktu\/krem-na-ruky-so-salviou\/#breadcrumb","itemListElement":[{"@type":"ListItem","position":1,"name":"Domov","item":"https:\/\/bukkigyogytea.com\/sk\/"},{"@type":"ListItem","position":2,"name":"Shop","item":"https:\/\/bukkigyogytea.com\/sk\/obchodne\/"},{"@type":"ListItem","position":3,"name":"Masti a kr\u00e9my","item":"https:\/\/bukkigyogytea.com\/sk\/kategoria-produktu\/masti-a-kremy\/"},{"@type":"ListItem","position":4,"name":"Kr\u00e9m na ruky so \u0161alviou"}]},{"@type":"WebSite","@id":"https:\/\/bukkigyogytea.com\/sk\/#website","url":"https:\/\/bukkigyogytea.com\/sk\/","name":"B\u00fckki Gy\u00f3gytea Web\u00e1ruh\u00e1z","description":"Gy\u00f6rgytea hivatalos viszontelad\u00f3","publisher":{"@id":"https:\/\/bukkigyogytea.com\/sk\/#organization"},"potentialAction":[{"@type":"SearchAction","target":{"@type":"EntryPoint","urlTemplate":"https:\/\/bukkigyogytea.com\/sk\/?s={search_term_string}"},"query-input":{"@type":"PropertyValueSpecification","valueRequired":true,"valueName":"search_term_string"}}],"inLanguage":"sk-SK"},{"@type":"Organization","@id":"https:\/\/bukkigyogytea.com\/sk\/#organization","name":"B\u00fckki Gy\u00f3gytea Web\u00e1ruh\u00e1z","url":"https:\/\/bukkigyogytea.com\/sk\/","logo":{"@type":"ImageObject","inLanguage":"sk-SK","@id":"https:\/\/bukkigyogytea.com\/sk\/#\/schema\/logo\/image\/","url":"https:\/\/i0.wp.com\/bukkigyogytea.com\/wp-content\/uploads\/2020\/05\/Sitelogo-1.jpg?fit=350%2C85&ssl=1","contentUrl":"https:\/\/i0.wp.com\/bukkigyogytea.com\/wp-content\/uploads\/2020\/05\/Sitelogo-1.jpg?fit=350%2C85&ssl=1","width":350,"height":85,"caption":"B\u00fckki Gy\u00f3gytea Web\u00e1ruh\u00e1z"},"image":{"@id":"https:\/\/bukkigyogytea.com\/sk\/#\/schema\/logo\/image\/"},"sameAs":["https:\/\/www.facebook.com\/bukkigyogytea\/"]}]}},"publishpress_future_action":{"enabled":false,"date":"2026-04-16 22:55:00","action":"change-status","newStatus":"draft","terms":[],"taxonomy":"product_type","extraData":[]},"publishpress_future_workflow_manual_trigger":{"enabledWorkflows":[]},"_links":{"self":[{"href":"https:\/\/bukkigyogytea.com\/sk\/wp-json\/wp\/v2\/product\/9458","targetHints":{"allow":["GET"]}}],"collection":[{"href":"https:\/\/bukkigyogytea.com\/sk\/wp-json\/wp\/v2\/product"}],"about":[{"href":"https:\/\/bukkigyogytea.com\/sk\/wp-json\/wp\/v2\/types\/product"}],"replies":[{"embeddable":true,"href":"https:\/\/bukkigyogytea.com\/sk\/wp-json\/wp\/v2\/comments?post=9458"}],"wp:featuredmedia":[{"embeddable":true,"href":"https:\/\/bukkigyogytea.com\/sk\/wp-json\/wp\/v2\/media\/9445"}],"wp:attachment":[{"href":"https:\/\/bukkigyogytea.com\/sk\/wp-json\/wp\/v2\/media?parent=9458"}],"wp:term":[{"taxonomy":"product_brand","embeddable":true,"href":"https:\/\/bukkigyogytea.com\/sk\/wp-json\/wp\/v2\/product_brand?post=9458"},{"taxonomy":"product_cat","embeddable":true,"href":"https:\/\/bukkigyogytea.com\/sk\/wp-json\/wp\/v2\/product_cat?post=9458"},{"taxonomy":"product_tag","embeddable":true,"href":"https:\/\/bukkigyogytea.com\/sk\/wp-json\/wp\/v2\/product_tag?post=9458"}],"curies":[{"name":"wp","href":"https:\/\/api.w.org\/{rel}","templated":true}]}}