{"id":7788,"date":"2022-08-08T14:44:08","date_gmt":"2022-08-08T12:44:08","guid":{"rendered":"https:\/\/bukkigyogytea.com\/termek\/nechtikova-mast\/"},"modified":"2025-10-16T13:35:42","modified_gmt":"2025-10-16T11:35:42","slug":"nechtikova-mast","status":"publish","type":"product","link":"https:\/\/bukkigyogytea.com\/sk\/produktu\/nechtikova-mast\/","title":{"rendered":"Necht\u00edkov\u00e1 mas\u0165"},"content":{"rendered":"<h3>Zlo\u017eenie<\/h3>\n<p>Olea Europeae Oil, Cera Alba, Alcohol, Izopropyl alcohol, Calendula Officinalis Flower Extract, Achillea Millefolium Extract, Solidago Virgaurea Extract, Juglans Regia Leaf Extract<\/p>\n<h3>Na \u010do sa pou\u017e\u00edva?<\/h3>\n<p>Necht\u00edk lek\u00e1rsky sa v\u010faka vysok\u00e9mu obsahu sapon\u00ednov a flavonoidov u\u017e dlho pou\u017e\u00edva v tradi\u010dnej medic\u00edne na starostlivos\u0165 o poko\u017eku. V\u010faka pr\u00edrodn\u00fdm zlo\u017ek\u00e1m je ide\u00e1lny na upokojenie poko\u017eky a podporu jej regener\u00e1cie, najm\u00e4 na nam\u00e1hanej, podr\u00e1\u017edenej alebo na za\u010dervenanie n\u00e1chylnej poko\u017eke. M\u00f4\u017ee prispie\u0165 k zlep\u0161eniu komfortu poko\u017eky a k udr\u017eaniu jej hydrat\u00e1cie.<\/p>\n<h3>Sp\u00f4sob pou\u017eitia<\/h3>\n<p>Naneste tenk\u00fa vrstvu masti na postihnut\u00e9 miesto viackr\u00e1t denne.<\/p>\n<h3>Skladovanie<\/h3>\n<p>Skladujte na suchom a chladnom mieste, mimo dosahu mal\u00fdch det\u00ed. Uchov\u00e1vajte v chladni\u010dke.<\/p>\n","protected":false},"excerpt":{"rendered":"<p>V\u010faka vysok\u00e9mu obsahu sapon\u00ednov a flavonoidov necht\u00edk lek\u00e1rsky u\u017e odd\u00e1vna sa pou\u017e\u00edva v \u013eudovej medic\u00edne na o\u0161etrenie \u0165a\u017eko sa hojacich r\u00e1n, jaziev po oper\u00e1cii, vredov.<\/p>\n","protected":false},"featured_media":16283,"comment_status":"closed","ping_status":"closed","template":"","meta":{"_acf_changed":false},"product_brand":[],"product_cat":[243],"product_tag":[],"class_list":{"0":"post-7788","1":"product","2":"type-product","3":"status-publish","4":"has-post-thumbnail","6":"product_cat-masti-a-kremy","7":"sales-flash-overlay","8":"woocommerce-text-align-center","9":"woocommerce-image-align-center","10":"do-quantity-buttons","12":"first","13":"instock","14":"taxable","15":"shipping-taxable","16":"purchasable","17":"product-type-simple"},"acf":{"blog_termekleiras":""},"yoast_head":"<!-- This site is optimized with the Yoast SEO plugin v26.9 - https:\/\/yoast.com\/product\/yoast-seo-wordpress\/ -->\n<title>Necht\u00edkov\u00e1 mas\u0165 &#8211; B\u00fckki Gy\u00f3gytea Web\u00e1ruh\u00e1z<\/title>\n<meta name=\"robots\" content=\"index, follow, max-snippet:-1, max-image-preview:large, max-video-preview:-1\" \/>\n<link rel=\"canonical\" href=\"https:\/\/bukkigyogytea.com\/sk\/produktu\/nechtikova-mast\/\" \/>\n<meta property=\"og:locale\" content=\"sk_SK\" \/>\n<meta property=\"og:type\" content=\"article\" \/>\n<meta property=\"og:title\" content=\"Necht\u00edkov\u00e1 mas\u0165 &#8211; B\u00fckki Gy\u00f3gytea Web\u00e1ruh\u00e1z\" \/>\n<meta property=\"og:description\" content=\"V\u010faka vysok\u00e9mu obsahu sapon\u00ednov a flavonoidov necht\u00edk lek\u00e1rsky u\u017e odd\u00e1vna sa pou\u017e\u00edva v \u013eudovej medic\u00edne na o\u0161etrenie \u0165a\u017eko sa hojacich r\u00e1n, jaziev po oper\u00e1cii, vredov.\" \/>\n<meta property=\"og:url\" content=\"https:\/\/bukkigyogytea.com\/sk\/produktu\/nechtikova-mast\/\" \/>\n<meta property=\"og:site_name\" content=\"B\u00fckki Gy\u00f3gytea Web\u00e1ruh\u00e1z\" \/>\n<meta property=\"article:publisher\" content=\"https:\/\/www.facebook.com\/bukkigyogytea\/\" \/>\n<meta property=\"article:modified_time\" content=\"2025-10-16T11:35:42+00:00\" \/>\n<meta property=\"og:image\" content=\"https:\/\/bukkigyogytea.com\/wp-content\/uploads\/2022\/08\/koromvirag-kenocs-og.jpeg\" \/>\n<meta name=\"twitter:card\" content=\"summary_large_image\" \/>\n<meta name=\"twitter:label1\" content=\"Predpokladan\u00fd \u010das \u010d\u00edtania\" \/>\n\t<meta name=\"twitter:data1\" content=\"1 min\u00fata\" \/>\n<script type=\"application\/ld+json\" class=\"yoast-schema-graph\">{\"@context\":\"https:\/\/schema.org\",\"@graph\":[{\"@type\":\"WebPage\",\"@id\":\"https:\/\/bukkigyogytea.com\/sk\/produktu\/nechtikova-mast\/\",\"url\":\"https:\/\/bukkigyogytea.com\/sk\/produktu\/nechtikova-mast\/\",\"name\":\"Necht\u00edkov\u00e1 mas\u0165 &#8211; B\u00fckki Gy\u00f3gytea Web\u00e1ruh\u00e1z\",\"isPartOf\":{\"@id\":\"https:\/\/bukkigyogytea.com\/sk\/#website\"},\"primaryImageOfPage\":{\"@id\":\"https:\/\/bukkigyogytea.com\/sk\/produktu\/nechtikova-mast\/#primaryimage\"},\"image\":{\"@id\":\"https:\/\/bukkigyogytea.com\/sk\/produktu\/nechtikova-mast\/#primaryimage\"},\"thumbnailUrl\":\"https:\/\/bukkigyogytea.com\/wp-content\/uploads\/2022\/08\/Koromvirag_krem-100ml_eleje_900x900.png\",\"datePublished\":\"2022-08-08T12:44:08+00:00\",\"dateModified\":\"2025-10-16T11:35:42+00:00\",\"breadcrumb\":{\"@id\":\"https:\/\/bukkigyogytea.com\/sk\/produktu\/nechtikova-mast\/#breadcrumb\"},\"inLanguage\":\"sk-SK\",\"potentialAction\":[{\"@type\":\"ReadAction\",\"target\":[\"https:\/\/bukkigyogytea.com\/sk\/produktu\/nechtikova-mast\/\"]}]},{\"@type\":\"ImageObject\",\"inLanguage\":\"sk-SK\",\"@id\":\"https:\/\/bukkigyogytea.com\/sk\/produktu\/nechtikova-mast\/#primaryimage\",\"url\":\"https:\/\/bukkigyogytea.com\/wp-content\/uploads\/2022\/08\/Koromvirag_krem-100ml_eleje_900x900.png\",\"contentUrl\":\"https:\/\/bukkigyogytea.com\/wp-content\/uploads\/2022\/08\/Koromvirag_krem-100ml_eleje_900x900.png\",\"width\":900,\"height\":900},{\"@type\":\"BreadcrumbList\",\"@id\":\"https:\/\/bukkigyogytea.com\/sk\/produktu\/nechtikova-mast\/#breadcrumb\",\"itemListElement\":[{\"@type\":\"ListItem\",\"position\":1,\"name\":\"Domov\",\"item\":\"https:\/\/bukkigyogytea.com\/sk\/\"},{\"@type\":\"ListItem\",\"position\":2,\"name\":\"Shop\",\"item\":\"https:\/\/bukkigyogytea.com\/sk\/obchodne\/\"},{\"@type\":\"ListItem\",\"position\":3,\"name\":\"Masti a kr\u00e9my\",\"item\":\"https:\/\/bukkigyogytea.com\/sk\/kategoria-produktu\/masti-a-kremy\/\"},{\"@type\":\"ListItem\",\"position\":4,\"name\":\"Necht\u00edkov\u00e1 mas\u0165\"}]},{\"@type\":\"WebSite\",\"@id\":\"https:\/\/bukkigyogytea.com\/sk\/#website\",\"url\":\"https:\/\/bukkigyogytea.com\/sk\/\",\"name\":\"B\u00fckki Gy\u00f3gytea Web\u00e1ruh\u00e1z\",\"description\":\"Gy\u00f6rgytea hivatalos viszontelad\u00f3\",\"publisher\":{\"@id\":\"https:\/\/bukkigyogytea.com\/sk\/#organization\"},\"potentialAction\":[{\"@type\":\"SearchAction\",\"target\":{\"@type\":\"EntryPoint\",\"urlTemplate\":\"https:\/\/bukkigyogytea.com\/sk\/?s={search_term_string}\"},\"query-input\":{\"@type\":\"PropertyValueSpecification\",\"valueRequired\":true,\"valueName\":\"search_term_string\"}}],\"inLanguage\":\"sk-SK\"},{\"@type\":\"Organization\",\"@id\":\"https:\/\/bukkigyogytea.com\/sk\/#organization\",\"name\":\"B\u00fckki Gy\u00f3gytea Web\u00e1ruh\u00e1z\",\"url\":\"https:\/\/bukkigyogytea.com\/sk\/\",\"logo\":{\"@type\":\"ImageObject\",\"inLanguage\":\"sk-SK\",\"@id\":\"https:\/\/bukkigyogytea.com\/sk\/#\/schema\/logo\/image\/\",\"url\":\"https:\/\/i0.wp.com\/bukkigyogytea.com\/wp-content\/uploads\/2020\/05\/Sitelogo-1.jpg?fit=350%2C85&ssl=1\",\"contentUrl\":\"https:\/\/i0.wp.com\/bukkigyogytea.com\/wp-content\/uploads\/2020\/05\/Sitelogo-1.jpg?fit=350%2C85&ssl=1\",\"width\":350,\"height\":85,\"caption\":\"B\u00fckki Gy\u00f3gytea Web\u00e1ruh\u00e1z\"},\"image\":{\"@id\":\"https:\/\/bukkigyogytea.com\/sk\/#\/schema\/logo\/image\/\"},\"sameAs\":[\"https:\/\/www.facebook.com\/bukkigyogytea\/\"]}]}<\/script>\n<!-- \/ Yoast SEO plugin. -->","yoast_head_json":{"title":"Necht\u00edkov\u00e1 mas\u0165 &#8211; B\u00fckki Gy\u00f3gytea Web\u00e1ruh\u00e1z","robots":{"index":"index","follow":"follow","max-snippet":"max-snippet:-1","max-image-preview":"max-image-preview:large","max-video-preview":"max-video-preview:-1"},"canonical":"https:\/\/bukkigyogytea.com\/sk\/produktu\/nechtikova-mast\/","og_locale":"sk_SK","og_type":"article","og_title":"Necht\u00edkov\u00e1 mas\u0165 &#8211; B\u00fckki Gy\u00f3gytea Web\u00e1ruh\u00e1z","og_description":"V\u010faka vysok\u00e9mu obsahu sapon\u00ednov a flavonoidov necht\u00edk lek\u00e1rsky u\u017e odd\u00e1vna sa pou\u017e\u00edva v \u013eudovej medic\u00edne na o\u0161etrenie \u0165a\u017eko sa hojacich r\u00e1n, jaziev po oper\u00e1cii, vredov.","og_url":"https:\/\/bukkigyogytea.com\/sk\/produktu\/nechtikova-mast\/","og_site_name":"B\u00fckki Gy\u00f3gytea Web\u00e1ruh\u00e1z","article_publisher":"https:\/\/www.facebook.com\/bukkigyogytea\/","article_modified_time":"2025-10-16T11:35:42+00:00","og_image":[{"url":"https:\/\/bukkigyogytea.com\/wp-content\/uploads\/2022\/08\/koromvirag-kenocs-og.jpeg","type":"","width":"","height":""}],"twitter_card":"summary_large_image","twitter_misc":{"Predpokladan\u00fd \u010das \u010d\u00edtania":"1 min\u00fata"},"schema":{"@context":"https:\/\/schema.org","@graph":[{"@type":"WebPage","@id":"https:\/\/bukkigyogytea.com\/sk\/produktu\/nechtikova-mast\/","url":"https:\/\/bukkigyogytea.com\/sk\/produktu\/nechtikova-mast\/","name":"Necht\u00edkov\u00e1 mas\u0165 &#8211; B\u00fckki Gy\u00f3gytea Web\u00e1ruh\u00e1z","isPartOf":{"@id":"https:\/\/bukkigyogytea.com\/sk\/#website"},"primaryImageOfPage":{"@id":"https:\/\/bukkigyogytea.com\/sk\/produktu\/nechtikova-mast\/#primaryimage"},"image":{"@id":"https:\/\/bukkigyogytea.com\/sk\/produktu\/nechtikova-mast\/#primaryimage"},"thumbnailUrl":"https:\/\/bukkigyogytea.com\/wp-content\/uploads\/2022\/08\/Koromvirag_krem-100ml_eleje_900x900.png","datePublished":"2022-08-08T12:44:08+00:00","dateModified":"2025-10-16T11:35:42+00:00","breadcrumb":{"@id":"https:\/\/bukkigyogytea.com\/sk\/produktu\/nechtikova-mast\/#breadcrumb"},"inLanguage":"sk-SK","potentialAction":[{"@type":"ReadAction","target":["https:\/\/bukkigyogytea.com\/sk\/produktu\/nechtikova-mast\/"]}]},{"@type":"ImageObject","inLanguage":"sk-SK","@id":"https:\/\/bukkigyogytea.com\/sk\/produktu\/nechtikova-mast\/#primaryimage","url":"https:\/\/bukkigyogytea.com\/wp-content\/uploads\/2022\/08\/Koromvirag_krem-100ml_eleje_900x900.png","contentUrl":"https:\/\/bukkigyogytea.com\/wp-content\/uploads\/2022\/08\/Koromvirag_krem-100ml_eleje_900x900.png","width":900,"height":900},{"@type":"BreadcrumbList","@id":"https:\/\/bukkigyogytea.com\/sk\/produktu\/nechtikova-mast\/#breadcrumb","itemListElement":[{"@type":"ListItem","position":1,"name":"Domov","item":"https:\/\/bukkigyogytea.com\/sk\/"},{"@type":"ListItem","position":2,"name":"Shop","item":"https:\/\/bukkigyogytea.com\/sk\/obchodne\/"},{"@type":"ListItem","position":3,"name":"Masti a kr\u00e9my","item":"https:\/\/bukkigyogytea.com\/sk\/kategoria-produktu\/masti-a-kremy\/"},{"@type":"ListItem","position":4,"name":"Necht\u00edkov\u00e1 mas\u0165"}]},{"@type":"WebSite","@id":"https:\/\/bukkigyogytea.com\/sk\/#website","url":"https:\/\/bukkigyogytea.com\/sk\/","name":"B\u00fckki Gy\u00f3gytea Web\u00e1ruh\u00e1z","description":"Gy\u00f6rgytea hivatalos viszontelad\u00f3","publisher":{"@id":"https:\/\/bukkigyogytea.com\/sk\/#organization"},"potentialAction":[{"@type":"SearchAction","target":{"@type":"EntryPoint","urlTemplate":"https:\/\/bukkigyogytea.com\/sk\/?s={search_term_string}"},"query-input":{"@type":"PropertyValueSpecification","valueRequired":true,"valueName":"search_term_string"}}],"inLanguage":"sk-SK"},{"@type":"Organization","@id":"https:\/\/bukkigyogytea.com\/sk\/#organization","name":"B\u00fckki Gy\u00f3gytea Web\u00e1ruh\u00e1z","url":"https:\/\/bukkigyogytea.com\/sk\/","logo":{"@type":"ImageObject","inLanguage":"sk-SK","@id":"https:\/\/bukkigyogytea.com\/sk\/#\/schema\/logo\/image\/","url":"https:\/\/i0.wp.com\/bukkigyogytea.com\/wp-content\/uploads\/2020\/05\/Sitelogo-1.jpg?fit=350%2C85&ssl=1","contentUrl":"https:\/\/i0.wp.com\/bukkigyogytea.com\/wp-content\/uploads\/2020\/05\/Sitelogo-1.jpg?fit=350%2C85&ssl=1","width":350,"height":85,"caption":"B\u00fckki Gy\u00f3gytea Web\u00e1ruh\u00e1z"},"image":{"@id":"https:\/\/bukkigyogytea.com\/sk\/#\/schema\/logo\/image\/"},"sameAs":["https:\/\/www.facebook.com\/bukkigyogytea\/"]}]}},"publishpress_future_action":{"enabled":false,"date":"2026-04-16 22:55:00","action":"change-status","newStatus":"draft","terms":[],"taxonomy":"product_type","extraData":[]},"publishpress_future_workflow_manual_trigger":{"enabledWorkflows":[]},"_links":{"self":[{"href":"https:\/\/bukkigyogytea.com\/sk\/wp-json\/wp\/v2\/product\/7788","targetHints":{"allow":["GET"]}}],"collection":[{"href":"https:\/\/bukkigyogytea.com\/sk\/wp-json\/wp\/v2\/product"}],"about":[{"href":"https:\/\/bukkigyogytea.com\/sk\/wp-json\/wp\/v2\/types\/product"}],"replies":[{"embeddable":true,"href":"https:\/\/bukkigyogytea.com\/sk\/wp-json\/wp\/v2\/comments?post=7788"}],"wp:featuredmedia":[{"embeddable":true,"href":"https:\/\/bukkigyogytea.com\/sk\/wp-json\/wp\/v2\/media\/16283"}],"wp:attachment":[{"href":"https:\/\/bukkigyogytea.com\/sk\/wp-json\/wp\/v2\/media?parent=7788"}],"wp:term":[{"taxonomy":"product_brand","embeddable":true,"href":"https:\/\/bukkigyogytea.com\/sk\/wp-json\/wp\/v2\/product_brand?post=7788"},{"taxonomy":"product_cat","embeddable":true,"href":"https:\/\/bukkigyogytea.com\/sk\/wp-json\/wp\/v2\/product_cat?post=7788"},{"taxonomy":"product_tag","embeddable":true,"href":"https:\/\/bukkigyogytea.com\/sk\/wp-json\/wp\/v2\/product_tag?post=7788"}],"curies":[{"name":"wp","href":"https:\/\/api.w.org\/{rel}","templated":true}]}}