{"id":7785,"date":"2022-09-13T09:14:57","date_gmt":"2022-09-13T07:14:57","guid":{"rendered":"https:\/\/bukkigyogytea.com\/termek\/gel-s-vytazkom-z-kostihoja-lekarskeho\/"},"modified":"2025-09-26T00:02:03","modified_gmt":"2025-09-25T22:02:03","slug":"gel-s-vytazkom-z-kostihoja-lekarskeho","status":"publish","type":"product","link":"https:\/\/bukkigyogytea.com\/sk\/produktu\/gel-s-vytazkom-z-kostihoja-lekarskeho\/","title":{"rendered":"G\u00e9l s v\u00fd\u0165a\u017ekom z kostihoja lek\u00e1rskeho"},"content":{"rendered":"<h3><span style=\"font-weight: 400;\" data-mce-style=\"font-weight: 400;\">Zlo\u017eenie<\/span><\/h3>\n<p>Aqua, Glycerin, Sympytum Officinale Extract, Alcohol, Isopropylalcohol, Symphytum Officinale Extract, Capsella Bursa Pastoris Extract, Propanediol, Xanthan Gum, Phenoxyethanol and Ethylhexylglycerine, Carrageen, Hydroxyethyl Cellulose, Lavandula Angustifolia Flower Oil, Eucalyptus Citriodora Oil<\/p>\n<h3>Na \u010do sa pou\u017e\u00edva?<\/h3>\n<p>Obsahov\u00e9 l\u00e1tky kostihoja lek\u00e1rskeho uk\u013eud\u0148uj\u00fa a regeneruj\u00fa poko\u017eku, maj\u00fa antiseptick\u00e9 a protiz\u00e1palov\u00e9 \u00fa\u010dinky, priaznivo p\u00f4sobia na hojenie r\u00e1n.<\/p>\n<p>V\u010faka vysok\u00e9mu obsahu sapon\u00ednov a flavonoidov, kapsi\u010dka pastierska sa odpor\u00fa\u010da na zmiernenie bolesti svalov, na o\u0161etrenie krv\u00e1caj\u00facich r\u00e1n a ekz\u00e9mu.<\/p>\n<h3>Sp\u00f4sob pou\u017eitia<\/h3>\n<p>Naneste tenk\u00fa vrstvu g\u00e9lu na postihnut\u00e9 miesto viackr\u00e1t denne.<\/p>\n<h3>Distrib\u00fator<\/h3>\n<p>Pharmaherb Kft. 3557 B\u00fckkszentkereszt, \u0150z u. 7.<\/p>\n<h3>Skladovanie<\/h3>\n<p>Na suchom, chladnom mieste, mimo dosahu det\u00ed.<\/p>\n<p><br data-mce-bogus=\"1\"><\/p>\n","protected":false},"excerpt":{"rendered":"<p>Obsahov\u00e9 l\u00e1tky kostihoja lek\u00e1rskeho uk\u013eud\u0148uj\u00fa a regeneruj\u00fa poko\u017eku, maj\u00fa antiseptick\u00e9 a protiz\u00e1palov\u00e9 \u00fa\u010dinky, priaznivo p\u00f4sobia na hojenie r\u00e1n.<\/p>\n","protected":false},"featured_media":15092,"comment_status":"closed","ping_status":"closed","template":"","meta":{"_acf_changed":false},"product_brand":[],"product_cat":[243],"product_tag":[],"class_list":{"0":"post-7785","1":"product","2":"type-product","3":"status-publish","4":"has-post-thumbnail","6":"product_cat-masti-a-kremy","7":"sales-flash-overlay","8":"woocommerce-text-align-center","9":"woocommerce-image-align-center","10":"do-quantity-buttons","12":"first","13":"instock","14":"taxable","15":"shipping-taxable","16":"purchasable","17":"product-type-simple"},"acf":{"blog_termekleiras":""},"yoast_head":"<!-- This site is optimized with the Yoast SEO plugin v26.9 - https:\/\/yoast.com\/product\/yoast-seo-wordpress\/ -->\n<title>G\u00e9l s v\u00fd\u0165a\u017ekom z kostihoja lek\u00e1rskeho &#8211; B\u00fckki Gy\u00f3gytea Web\u00e1ruh\u00e1z<\/title>\n<meta name=\"robots\" content=\"index, follow, max-snippet:-1, max-image-preview:large, max-video-preview:-1\" \/>\n<link rel=\"canonical\" href=\"https:\/\/bukkigyogytea.com\/sk\/produktu\/gel-s-vytazkom-z-kostihoja-lekarskeho\/\" \/>\n<meta property=\"og:locale\" content=\"sk_SK\" \/>\n<meta property=\"og:type\" content=\"article\" \/>\n<meta property=\"og:title\" content=\"G\u00e9l s v\u00fd\u0165a\u017ekom z kostihoja lek\u00e1rskeho &#8211; B\u00fckki Gy\u00f3gytea Web\u00e1ruh\u00e1z\" \/>\n<meta property=\"og:description\" content=\"Obsahov\u00e9 l\u00e1tky kostihoja lek\u00e1rskeho uk\u013eud\u0148uj\u00fa a regeneruj\u00fa poko\u017eku, maj\u00fa antiseptick\u00e9 a protiz\u00e1palov\u00e9 \u00fa\u010dinky, priaznivo p\u00f4sobia na hojenie r\u00e1n.\" \/>\n<meta property=\"og:url\" content=\"https:\/\/bukkigyogytea.com\/sk\/produktu\/gel-s-vytazkom-z-kostihoja-lekarskeho\/\" \/>\n<meta property=\"og:site_name\" content=\"B\u00fckki Gy\u00f3gytea Web\u00e1ruh\u00e1z\" \/>\n<meta property=\"article:publisher\" content=\"https:\/\/www.facebook.com\/bukkigyogytea\/\" \/>\n<meta property=\"article:modified_time\" content=\"2025-09-25T22:02:03+00:00\" \/>\n<meta property=\"og:image\" content=\"https:\/\/bukkigyogytea.com\/wp-content\/uploads\/2022\/09\/OG-fekete-nadalyto-gel.jpeg\" \/>\n<meta name=\"twitter:card\" content=\"summary_large_image\" \/>\n<meta name=\"twitter:label1\" content=\"Predpokladan\u00fd \u010das \u010d\u00edtania\" \/>\n\t<meta name=\"twitter:data1\" content=\"1 min\u00fata\" \/>\n<script type=\"application\/ld+json\" class=\"yoast-schema-graph\">{\"@context\":\"https:\/\/schema.org\",\"@graph\":[{\"@type\":\"WebPage\",\"@id\":\"https:\/\/bukkigyogytea.com\/sk\/produktu\/gel-s-vytazkom-z-kostihoja-lekarskeho\/\",\"url\":\"https:\/\/bukkigyogytea.com\/sk\/produktu\/gel-s-vytazkom-z-kostihoja-lekarskeho\/\",\"name\":\"G\u00e9l s v\u00fd\u0165a\u017ekom z kostihoja lek\u00e1rskeho &#8211; B\u00fckki Gy\u00f3gytea Web\u00e1ruh\u00e1z\",\"isPartOf\":{\"@id\":\"https:\/\/bukkigyogytea.com\/sk\/#website\"},\"primaryImageOfPage\":{\"@id\":\"https:\/\/bukkigyogytea.com\/sk\/produktu\/gel-s-vytazkom-z-kostihoja-lekarskeho\/#primaryimage\"},\"image\":{\"@id\":\"https:\/\/bukkigyogytea.com\/sk\/produktu\/gel-s-vytazkom-z-kostihoja-lekarskeho\/#primaryimage\"},\"thumbnailUrl\":\"https:\/\/bukkigyogytea.com\/wp-content\/uploads\/2022\/06\/Fekete-nadalyto-gel-100ml_15ml_900px.webp\",\"datePublished\":\"2022-09-13T07:14:57+00:00\",\"dateModified\":\"2025-09-25T22:02:03+00:00\",\"breadcrumb\":{\"@id\":\"https:\/\/bukkigyogytea.com\/sk\/produktu\/gel-s-vytazkom-z-kostihoja-lekarskeho\/#breadcrumb\"},\"inLanguage\":\"sk-SK\",\"potentialAction\":[{\"@type\":\"ReadAction\",\"target\":[\"https:\/\/bukkigyogytea.com\/sk\/produktu\/gel-s-vytazkom-z-kostihoja-lekarskeho\/\"]}]},{\"@type\":\"ImageObject\",\"inLanguage\":\"sk-SK\",\"@id\":\"https:\/\/bukkigyogytea.com\/sk\/produktu\/gel-s-vytazkom-z-kostihoja-lekarskeho\/#primaryimage\",\"url\":\"https:\/\/bukkigyogytea.com\/wp-content\/uploads\/2022\/06\/Fekete-nadalyto-gel-100ml_15ml_900px.webp\",\"contentUrl\":\"https:\/\/bukkigyogytea.com\/wp-content\/uploads\/2022\/06\/Fekete-nadalyto-gel-100ml_15ml_900px.webp\",\"width\":900,\"height\":900,\"caption\":\"Fekete nad\u00e1lyt\u0151 g\u00e9l 85 ml + 15 ml\"},{\"@type\":\"BreadcrumbList\",\"@id\":\"https:\/\/bukkigyogytea.com\/sk\/produktu\/gel-s-vytazkom-z-kostihoja-lekarskeho\/#breadcrumb\",\"itemListElement\":[{\"@type\":\"ListItem\",\"position\":1,\"name\":\"Domov\",\"item\":\"https:\/\/bukkigyogytea.com\/sk\/\"},{\"@type\":\"ListItem\",\"position\":2,\"name\":\"Shop\",\"item\":\"https:\/\/bukkigyogytea.com\/sk\/obchodne\/\"},{\"@type\":\"ListItem\",\"position\":3,\"name\":\"Masti a kr\u00e9my\",\"item\":\"https:\/\/bukkigyogytea.com\/sk\/kategoria-produktu\/masti-a-kremy\/\"},{\"@type\":\"ListItem\",\"position\":4,\"name\":\"G\u00e9l s v\u00fd\u0165a\u017ekom z kostihoja lek\u00e1rskeho\"}]},{\"@type\":\"WebSite\",\"@id\":\"https:\/\/bukkigyogytea.com\/sk\/#website\",\"url\":\"https:\/\/bukkigyogytea.com\/sk\/\",\"name\":\"B\u00fckki Gy\u00f3gytea Web\u00e1ruh\u00e1z\",\"description\":\"Gy\u00f6rgytea hivatalos viszontelad\u00f3\",\"publisher\":{\"@id\":\"https:\/\/bukkigyogytea.com\/sk\/#organization\"},\"potentialAction\":[{\"@type\":\"SearchAction\",\"target\":{\"@type\":\"EntryPoint\",\"urlTemplate\":\"https:\/\/bukkigyogytea.com\/sk\/?s={search_term_string}\"},\"query-input\":{\"@type\":\"PropertyValueSpecification\",\"valueRequired\":true,\"valueName\":\"search_term_string\"}}],\"inLanguage\":\"sk-SK\"},{\"@type\":\"Organization\",\"@id\":\"https:\/\/bukkigyogytea.com\/sk\/#organization\",\"name\":\"B\u00fckki Gy\u00f3gytea Web\u00e1ruh\u00e1z\",\"url\":\"https:\/\/bukkigyogytea.com\/sk\/\",\"logo\":{\"@type\":\"ImageObject\",\"inLanguage\":\"sk-SK\",\"@id\":\"https:\/\/bukkigyogytea.com\/sk\/#\/schema\/logo\/image\/\",\"url\":\"https:\/\/i0.wp.com\/bukkigyogytea.com\/wp-content\/uploads\/2020\/05\/Sitelogo-1.jpg?fit=350%2C85&ssl=1\",\"contentUrl\":\"https:\/\/i0.wp.com\/bukkigyogytea.com\/wp-content\/uploads\/2020\/05\/Sitelogo-1.jpg?fit=350%2C85&ssl=1\",\"width\":350,\"height\":85,\"caption\":\"B\u00fckki Gy\u00f3gytea Web\u00e1ruh\u00e1z\"},\"image\":{\"@id\":\"https:\/\/bukkigyogytea.com\/sk\/#\/schema\/logo\/image\/\"},\"sameAs\":[\"https:\/\/www.facebook.com\/bukkigyogytea\/\"]}]}<\/script>\n<!-- \/ Yoast SEO plugin. -->","yoast_head_json":{"title":"G\u00e9l s v\u00fd\u0165a\u017ekom z kostihoja lek\u00e1rskeho &#8211; B\u00fckki Gy\u00f3gytea Web\u00e1ruh\u00e1z","robots":{"index":"index","follow":"follow","max-snippet":"max-snippet:-1","max-image-preview":"max-image-preview:large","max-video-preview":"max-video-preview:-1"},"canonical":"https:\/\/bukkigyogytea.com\/sk\/produktu\/gel-s-vytazkom-z-kostihoja-lekarskeho\/","og_locale":"sk_SK","og_type":"article","og_title":"G\u00e9l s v\u00fd\u0165a\u017ekom z kostihoja lek\u00e1rskeho &#8211; B\u00fckki Gy\u00f3gytea Web\u00e1ruh\u00e1z","og_description":"Obsahov\u00e9 l\u00e1tky kostihoja lek\u00e1rskeho uk\u013eud\u0148uj\u00fa a regeneruj\u00fa poko\u017eku, maj\u00fa antiseptick\u00e9 a protiz\u00e1palov\u00e9 \u00fa\u010dinky, priaznivo p\u00f4sobia na hojenie r\u00e1n.","og_url":"https:\/\/bukkigyogytea.com\/sk\/produktu\/gel-s-vytazkom-z-kostihoja-lekarskeho\/","og_site_name":"B\u00fckki Gy\u00f3gytea Web\u00e1ruh\u00e1z","article_publisher":"https:\/\/www.facebook.com\/bukkigyogytea\/","article_modified_time":"2025-09-25T22:02:03+00:00","og_image":[{"url":"https:\/\/bukkigyogytea.com\/wp-content\/uploads\/2022\/09\/OG-fekete-nadalyto-gel.jpeg","type":"","width":"","height":""}],"twitter_card":"summary_large_image","twitter_misc":{"Predpokladan\u00fd \u010das \u010d\u00edtania":"1 min\u00fata"},"schema":{"@context":"https:\/\/schema.org","@graph":[{"@type":"WebPage","@id":"https:\/\/bukkigyogytea.com\/sk\/produktu\/gel-s-vytazkom-z-kostihoja-lekarskeho\/","url":"https:\/\/bukkigyogytea.com\/sk\/produktu\/gel-s-vytazkom-z-kostihoja-lekarskeho\/","name":"G\u00e9l s v\u00fd\u0165a\u017ekom z kostihoja lek\u00e1rskeho &#8211; B\u00fckki Gy\u00f3gytea Web\u00e1ruh\u00e1z","isPartOf":{"@id":"https:\/\/bukkigyogytea.com\/sk\/#website"},"primaryImageOfPage":{"@id":"https:\/\/bukkigyogytea.com\/sk\/produktu\/gel-s-vytazkom-z-kostihoja-lekarskeho\/#primaryimage"},"image":{"@id":"https:\/\/bukkigyogytea.com\/sk\/produktu\/gel-s-vytazkom-z-kostihoja-lekarskeho\/#primaryimage"},"thumbnailUrl":"https:\/\/bukkigyogytea.com\/wp-content\/uploads\/2022\/06\/Fekete-nadalyto-gel-100ml_15ml_900px.webp","datePublished":"2022-09-13T07:14:57+00:00","dateModified":"2025-09-25T22:02:03+00:00","breadcrumb":{"@id":"https:\/\/bukkigyogytea.com\/sk\/produktu\/gel-s-vytazkom-z-kostihoja-lekarskeho\/#breadcrumb"},"inLanguage":"sk-SK","potentialAction":[{"@type":"ReadAction","target":["https:\/\/bukkigyogytea.com\/sk\/produktu\/gel-s-vytazkom-z-kostihoja-lekarskeho\/"]}]},{"@type":"ImageObject","inLanguage":"sk-SK","@id":"https:\/\/bukkigyogytea.com\/sk\/produktu\/gel-s-vytazkom-z-kostihoja-lekarskeho\/#primaryimage","url":"https:\/\/bukkigyogytea.com\/wp-content\/uploads\/2022\/06\/Fekete-nadalyto-gel-100ml_15ml_900px.webp","contentUrl":"https:\/\/bukkigyogytea.com\/wp-content\/uploads\/2022\/06\/Fekete-nadalyto-gel-100ml_15ml_900px.webp","width":900,"height":900,"caption":"Fekete nad\u00e1lyt\u0151 g\u00e9l 85 ml + 15 ml"},{"@type":"BreadcrumbList","@id":"https:\/\/bukkigyogytea.com\/sk\/produktu\/gel-s-vytazkom-z-kostihoja-lekarskeho\/#breadcrumb","itemListElement":[{"@type":"ListItem","position":1,"name":"Domov","item":"https:\/\/bukkigyogytea.com\/sk\/"},{"@type":"ListItem","position":2,"name":"Shop","item":"https:\/\/bukkigyogytea.com\/sk\/obchodne\/"},{"@type":"ListItem","position":3,"name":"Masti a kr\u00e9my","item":"https:\/\/bukkigyogytea.com\/sk\/kategoria-produktu\/masti-a-kremy\/"},{"@type":"ListItem","position":4,"name":"G\u00e9l s v\u00fd\u0165a\u017ekom z kostihoja lek\u00e1rskeho"}]},{"@type":"WebSite","@id":"https:\/\/bukkigyogytea.com\/sk\/#website","url":"https:\/\/bukkigyogytea.com\/sk\/","name":"B\u00fckki Gy\u00f3gytea Web\u00e1ruh\u00e1z","description":"Gy\u00f6rgytea hivatalos viszontelad\u00f3","publisher":{"@id":"https:\/\/bukkigyogytea.com\/sk\/#organization"},"potentialAction":[{"@type":"SearchAction","target":{"@type":"EntryPoint","urlTemplate":"https:\/\/bukkigyogytea.com\/sk\/?s={search_term_string}"},"query-input":{"@type":"PropertyValueSpecification","valueRequired":true,"valueName":"search_term_string"}}],"inLanguage":"sk-SK"},{"@type":"Organization","@id":"https:\/\/bukkigyogytea.com\/sk\/#organization","name":"B\u00fckki Gy\u00f3gytea Web\u00e1ruh\u00e1z","url":"https:\/\/bukkigyogytea.com\/sk\/","logo":{"@type":"ImageObject","inLanguage":"sk-SK","@id":"https:\/\/bukkigyogytea.com\/sk\/#\/schema\/logo\/image\/","url":"https:\/\/i0.wp.com\/bukkigyogytea.com\/wp-content\/uploads\/2020\/05\/Sitelogo-1.jpg?fit=350%2C85&ssl=1","contentUrl":"https:\/\/i0.wp.com\/bukkigyogytea.com\/wp-content\/uploads\/2020\/05\/Sitelogo-1.jpg?fit=350%2C85&ssl=1","width":350,"height":85,"caption":"B\u00fckki Gy\u00f3gytea Web\u00e1ruh\u00e1z"},"image":{"@id":"https:\/\/bukkigyogytea.com\/sk\/#\/schema\/logo\/image\/"},"sameAs":["https:\/\/www.facebook.com\/bukkigyogytea\/"]}]}},"publishpress_future_action":{"enabled":false,"date":"2026-05-12 22:55:00","action":"change-status","newStatus":"draft","terms":[],"taxonomy":"product_type","extraData":[]},"publishpress_future_workflow_manual_trigger":{"enabledWorkflows":[]},"_links":{"self":[{"href":"https:\/\/bukkigyogytea.com\/sk\/wp-json\/wp\/v2\/product\/7785","targetHints":{"allow":["GET"]}}],"collection":[{"href":"https:\/\/bukkigyogytea.com\/sk\/wp-json\/wp\/v2\/product"}],"about":[{"href":"https:\/\/bukkigyogytea.com\/sk\/wp-json\/wp\/v2\/types\/product"}],"replies":[{"embeddable":true,"href":"https:\/\/bukkigyogytea.com\/sk\/wp-json\/wp\/v2\/comments?post=7785"}],"wp:featuredmedia":[{"embeddable":true,"href":"https:\/\/bukkigyogytea.com\/sk\/wp-json\/wp\/v2\/media\/15092"}],"wp:attachment":[{"href":"https:\/\/bukkigyogytea.com\/sk\/wp-json\/wp\/v2\/media?parent=7785"}],"wp:term":[{"taxonomy":"product_brand","embeddable":true,"href":"https:\/\/bukkigyogytea.com\/sk\/wp-json\/wp\/v2\/product_brand?post=7785"},{"taxonomy":"product_cat","embeddable":true,"href":"https:\/\/bukkigyogytea.com\/sk\/wp-json\/wp\/v2\/product_cat?post=7785"},{"taxonomy":"product_tag","embeddable":true,"href":"https:\/\/bukkigyogytea.com\/sk\/wp-json\/wp\/v2\/product_tag?post=7785"}],"curies":[{"name":"wp","href":"https:\/\/api.w.org\/{rel}","templated":true}]}}