{"id":7243,"date":"2022-06-16T17:54:32","date_gmt":"2022-06-16T15:54:32","guid":{"rendered":"https:\/\/bukkigyogytea.com\/?post_type=product&#038;p=7243"},"modified":"2025-09-26T00:02:04","modified_gmt":"2025-09-25T22:02:04","slug":"sprchovy-gel-pre-novorodencov-s-materinou-duskou","status":"publish","type":"product","link":"https:\/\/bukkigyogytea.com\/sk\/produktu\/sprchovy-gel-pre-novorodencov-s-materinou-duskou\/","title":{"rendered":"Sprchov\u00fd g\u00e9l pre novorodencov s materinou d\u00fa\u0161kou"},"content":{"rendered":"<p>Bol vyroben\u00fd len z pr\u00edrodn\u00fdch komponentov, s jemne vy\u017eivuj\u00facim olivov\u00fdm olejom, uk\u013eud\u0148uj\u00facim ruman\u010dekov\u00fdm v\u00fd\u0165a\u017ekom a s osvie\u017euj\u00facim v\u00fd\u0165a\u017ekom z materiny d\u00fa\u0161ky. Chr\u00e1ni poko\u017eku b\u00e1b\u00e4tka a z\u00e1rove\u0148\u00a0 m\u00e1 aj hydrata\u010dn\u00e9 \u00fa\u010dinky. Odpor\u00fa\u010da sa pre novorodencov a pre b\u00e1b\u00e4tk\u00e1 s citlivou poko\u017ekou. Neobsahuje \u017eiadne umel\u00e9 v\u00f4ne, farbiv\u00e1, ani konzerva\u010dn\u00e9 l\u00e1tky.<\/p>\n<p>Pri k\u00fapan\u00ed novorodencov pridajte sprchov\u00fd g\u00e9l do vody s teplotou 35 \u2013 38 stup\u0148ov celzia. Pre optim\u00e1lne \u00fa\u010dinky sa odpor\u00fa\u010da k\u00fapanie 10 a\u017e 20 min\u00fat. V pr\u00edpade pou\u017eitia u det\u00ed a dospel\u00fdch nan\u00e1\u0161ajte sprchov\u00fd g\u00e9l na mokr\u00fa poko\u017eku, poriadne rozotrite a potom bohate opl\u00e1chnite.<\/p>\n<p>Skladujte pri 10-25 stup\u0148ov celzia.<strong><br \/>\n<\/strong><\/p>\n<h3>Pr\u00edsad<\/h3>\n<div class=\"product-info__item product-info__item--ingredients\">\n<div>\n<p class=\"product-info__item-text\">Aqua, Sodium Cocoamphoacetate, Panthenol, Betain, Glycerin, Glyceryl Citrate\/Lactate\/Linoleate\/Oleate and Caprylohydroxamic Polyglyceryl-4 Cocoate and Polyglyceryl-3 Caprate and Glyceryl Caprylate, Caprylohydroxamic Acid, Olea Europeae Oil, Xanthan Gum, Lactic Acid, Chamomilla Recutita Flower Extract, Thymus Vulgaris Oil, Tocopheryl Acetate, Chamomilla Recutita Flower Oil, Bisabolol<\/p>\n<\/div>\n<\/div>\n","protected":false},"excerpt":{"rendered":"<p>Bol vyroben\u00fd len z pr\u00edrodn\u00fdch komponentov, s jemne vy\u017eivuj\u00facim olivov\u00fdm olejom, uk\u013eud\u0148uj\u00facim ruman\u010dekov\u00fdm v\u00fd\u0165a\u017ekom a s osvie\u017euj\u00facim v\u00fd\u0165a\u017ekom z materiny d\u00fa\u0161ky.<\/p>\n","protected":false},"featured_media":15095,"comment_status":"closed","ping_status":"closed","template":"","meta":{"_acf_changed":false},"product_brand":[],"product_cat":[243,222],"product_tag":[],"class_list":{"0":"post-7243","1":"product","2":"type-product","3":"status-publish","4":"has-post-thumbnail","6":"product_cat-masti-a-kremy","7":"product_cat-svet-deti","8":"sales-flash-overlay","9":"woocommerce-text-align-center","10":"woocommerce-image-align-center","11":"do-quantity-buttons","13":"first","14":"instock","15":"taxable","16":"shipping-taxable","17":"purchasable","18":"product-type-simple"},"acf":{"blog_termekleiras":""},"yoast_head":"<!-- This site is optimized with the Yoast SEO plugin v26.9 - https:\/\/yoast.com\/product\/yoast-seo-wordpress\/ -->\n<title>Sprchov\u00fd g\u00e9l pre novorodencov s materinou d\u00fa\u0161kou &#8211; B\u00fckki Gy\u00f3gytea Web\u00e1ruh\u00e1z<\/title>\n<meta name=\"robots\" content=\"index, follow, max-snippet:-1, max-image-preview:large, max-video-preview:-1\" \/>\n<link rel=\"canonical\" href=\"https:\/\/bukkigyogytea.com\/sk\/produktu\/sprchovy-gel-pre-novorodencov-s-materinou-duskou\/\" \/>\n<meta property=\"og:locale\" content=\"sk_SK\" \/>\n<meta property=\"og:type\" content=\"article\" \/>\n<meta property=\"og:title\" content=\"Sprchov\u00fd g\u00e9l pre novorodencov s materinou d\u00fa\u0161kou &#8211; B\u00fckki Gy\u00f3gytea Web\u00e1ruh\u00e1z\" \/>\n<meta property=\"og:description\" content=\"Bol vyroben\u00fd len z pr\u00edrodn\u00fdch komponentov, s jemne vy\u017eivuj\u00facim olivov\u00fdm olejom, uk\u013eud\u0148uj\u00facim ruman\u010dekov\u00fdm v\u00fd\u0165a\u017ekom a s osvie\u017euj\u00facim v\u00fd\u0165a\u017ekom z materiny d\u00fa\u0161ky.\" \/>\n<meta property=\"og:url\" content=\"https:\/\/bukkigyogytea.com\/sk\/produktu\/sprchovy-gel-pre-novorodencov-s-materinou-duskou\/\" \/>\n<meta property=\"og:site_name\" content=\"B\u00fckki Gy\u00f3gytea Web\u00e1ruh\u00e1z\" \/>\n<meta property=\"article:publisher\" content=\"https:\/\/www.facebook.com\/bukkigyogytea\/\" \/>\n<meta property=\"article:modified_time\" content=\"2025-09-25T22:02:04+00:00\" \/>\n<meta property=\"og:image\" content=\"https:\/\/bukkigyogytea.com\/wp-content\/uploads\/2022\/06\/babafurdeto.jpeg\" \/>\n<meta name=\"twitter:card\" content=\"summary_large_image\" \/>\n<meta name=\"twitter:label1\" content=\"Predpokladan\u00fd \u010das \u010d\u00edtania\" \/>\n\t<meta name=\"twitter:data1\" content=\"1 min\u00fata\" \/>\n<script type=\"application\/ld+json\" class=\"yoast-schema-graph\">{\"@context\":\"https:\/\/schema.org\",\"@graph\":[{\"@type\":\"WebPage\",\"@id\":\"https:\/\/bukkigyogytea.com\/sk\/produktu\/sprchovy-gel-pre-novorodencov-s-materinou-duskou\/\",\"url\":\"https:\/\/bukkigyogytea.com\/sk\/produktu\/sprchovy-gel-pre-novorodencov-s-materinou-duskou\/\",\"name\":\"Sprchov\u00fd g\u00e9l pre novorodencov s materinou d\u00fa\u0161kou &#8211; B\u00fckki Gy\u00f3gytea Web\u00e1ruh\u00e1z\",\"isPartOf\":{\"@id\":\"https:\/\/bukkigyogytea.com\/sk\/#website\"},\"primaryImageOfPage\":{\"@id\":\"https:\/\/bukkigyogytea.com\/sk\/produktu\/sprchovy-gel-pre-novorodencov-s-materinou-duskou\/#primaryimage\"},\"image\":{\"@id\":\"https:\/\/bukkigyogytea.com\/sk\/produktu\/sprchovy-gel-pre-novorodencov-s-materinou-duskou\/#primaryimage\"},\"thumbnailUrl\":\"https:\/\/bukkigyogytea.com\/wp-content\/uploads\/2022\/06\/Kakukkfuves-babafurdeto-250ml_50ml_900px.webp\",\"datePublished\":\"2022-06-16T15:54:32+00:00\",\"dateModified\":\"2025-09-25T22:02:04+00:00\",\"breadcrumb\":{\"@id\":\"https:\/\/bukkigyogytea.com\/sk\/produktu\/sprchovy-gel-pre-novorodencov-s-materinou-duskou\/#breadcrumb\"},\"inLanguage\":\"sk-SK\",\"potentialAction\":[{\"@type\":\"ReadAction\",\"target\":[\"https:\/\/bukkigyogytea.com\/sk\/produktu\/sprchovy-gel-pre-novorodencov-s-materinou-duskou\/\"]}]},{\"@type\":\"ImageObject\",\"inLanguage\":\"sk-SK\",\"@id\":\"https:\/\/bukkigyogytea.com\/sk\/produktu\/sprchovy-gel-pre-novorodencov-s-materinou-duskou\/#primaryimage\",\"url\":\"https:\/\/bukkigyogytea.com\/wp-content\/uploads\/2022\/06\/Kakukkfuves-babafurdeto-250ml_50ml_900px.webp\",\"contentUrl\":\"https:\/\/bukkigyogytea.com\/wp-content\/uploads\/2022\/06\/Kakukkfuves-babafurdeto-250ml_50ml_900px.webp\",\"width\":900,\"height\":900,\"caption\":\"Kakukkf\u00fcves babaf\u00fcrdet\u0151 - 200ml + 50ml\"},{\"@type\":\"BreadcrumbList\",\"@id\":\"https:\/\/bukkigyogytea.com\/sk\/produktu\/sprchovy-gel-pre-novorodencov-s-materinou-duskou\/#breadcrumb\",\"itemListElement\":[{\"@type\":\"ListItem\",\"position\":1,\"name\":\"Domov\",\"item\":\"https:\/\/bukkigyogytea.com\/sk\/\"},{\"@type\":\"ListItem\",\"position\":2,\"name\":\"Shop\",\"item\":\"https:\/\/bukkigyogytea.com\/sk\/obchodne\/\"},{\"@type\":\"ListItem\",\"position\":3,\"name\":\"Masti a kr\u00e9my\",\"item\":\"https:\/\/bukkigyogytea.com\/sk\/kategoria-produktu\/masti-a-kremy\/\"},{\"@type\":\"ListItem\",\"position\":4,\"name\":\"Sprchov\u00fd g\u00e9l pre novorodencov s materinou d\u00fa\u0161kou\"}]},{\"@type\":\"WebSite\",\"@id\":\"https:\/\/bukkigyogytea.com\/sk\/#website\",\"url\":\"https:\/\/bukkigyogytea.com\/sk\/\",\"name\":\"B\u00fckki Gy\u00f3gytea Web\u00e1ruh\u00e1z\",\"description\":\"Gy\u00f6rgytea hivatalos viszontelad\u00f3\",\"publisher\":{\"@id\":\"https:\/\/bukkigyogytea.com\/sk\/#organization\"},\"potentialAction\":[{\"@type\":\"SearchAction\",\"target\":{\"@type\":\"EntryPoint\",\"urlTemplate\":\"https:\/\/bukkigyogytea.com\/sk\/?s={search_term_string}\"},\"query-input\":{\"@type\":\"PropertyValueSpecification\",\"valueRequired\":true,\"valueName\":\"search_term_string\"}}],\"inLanguage\":\"sk-SK\"},{\"@type\":\"Organization\",\"@id\":\"https:\/\/bukkigyogytea.com\/sk\/#organization\",\"name\":\"B\u00fckki Gy\u00f3gytea Web\u00e1ruh\u00e1z\",\"url\":\"https:\/\/bukkigyogytea.com\/sk\/\",\"logo\":{\"@type\":\"ImageObject\",\"inLanguage\":\"sk-SK\",\"@id\":\"https:\/\/bukkigyogytea.com\/sk\/#\/schema\/logo\/image\/\",\"url\":\"https:\/\/i0.wp.com\/bukkigyogytea.com\/wp-content\/uploads\/2020\/05\/Sitelogo-1.jpg?fit=350%2C85&ssl=1\",\"contentUrl\":\"https:\/\/i0.wp.com\/bukkigyogytea.com\/wp-content\/uploads\/2020\/05\/Sitelogo-1.jpg?fit=350%2C85&ssl=1\",\"width\":350,\"height\":85,\"caption\":\"B\u00fckki Gy\u00f3gytea Web\u00e1ruh\u00e1z\"},\"image\":{\"@id\":\"https:\/\/bukkigyogytea.com\/sk\/#\/schema\/logo\/image\/\"},\"sameAs\":[\"https:\/\/www.facebook.com\/bukkigyogytea\/\"]}]}<\/script>\n<!-- \/ Yoast SEO plugin. -->","yoast_head_json":{"title":"Sprchov\u00fd g\u00e9l pre novorodencov s materinou d\u00fa\u0161kou &#8211; B\u00fckki Gy\u00f3gytea Web\u00e1ruh\u00e1z","robots":{"index":"index","follow":"follow","max-snippet":"max-snippet:-1","max-image-preview":"max-image-preview:large","max-video-preview":"max-video-preview:-1"},"canonical":"https:\/\/bukkigyogytea.com\/sk\/produktu\/sprchovy-gel-pre-novorodencov-s-materinou-duskou\/","og_locale":"sk_SK","og_type":"article","og_title":"Sprchov\u00fd g\u00e9l pre novorodencov s materinou d\u00fa\u0161kou &#8211; B\u00fckki Gy\u00f3gytea Web\u00e1ruh\u00e1z","og_description":"Bol vyroben\u00fd len z pr\u00edrodn\u00fdch komponentov, s jemne vy\u017eivuj\u00facim olivov\u00fdm olejom, uk\u013eud\u0148uj\u00facim ruman\u010dekov\u00fdm v\u00fd\u0165a\u017ekom a s osvie\u017euj\u00facim v\u00fd\u0165a\u017ekom z materiny d\u00fa\u0161ky.","og_url":"https:\/\/bukkigyogytea.com\/sk\/produktu\/sprchovy-gel-pre-novorodencov-s-materinou-duskou\/","og_site_name":"B\u00fckki Gy\u00f3gytea Web\u00e1ruh\u00e1z","article_publisher":"https:\/\/www.facebook.com\/bukkigyogytea\/","article_modified_time":"2025-09-25T22:02:04+00:00","og_image":[{"url":"https:\/\/bukkigyogytea.com\/wp-content\/uploads\/2022\/06\/babafurdeto.jpeg","type":"","width":"","height":""}],"twitter_card":"summary_large_image","twitter_misc":{"Predpokladan\u00fd \u010das \u010d\u00edtania":"1 min\u00fata"},"schema":{"@context":"https:\/\/schema.org","@graph":[{"@type":"WebPage","@id":"https:\/\/bukkigyogytea.com\/sk\/produktu\/sprchovy-gel-pre-novorodencov-s-materinou-duskou\/","url":"https:\/\/bukkigyogytea.com\/sk\/produktu\/sprchovy-gel-pre-novorodencov-s-materinou-duskou\/","name":"Sprchov\u00fd g\u00e9l pre novorodencov s materinou d\u00fa\u0161kou &#8211; B\u00fckki Gy\u00f3gytea Web\u00e1ruh\u00e1z","isPartOf":{"@id":"https:\/\/bukkigyogytea.com\/sk\/#website"},"primaryImageOfPage":{"@id":"https:\/\/bukkigyogytea.com\/sk\/produktu\/sprchovy-gel-pre-novorodencov-s-materinou-duskou\/#primaryimage"},"image":{"@id":"https:\/\/bukkigyogytea.com\/sk\/produktu\/sprchovy-gel-pre-novorodencov-s-materinou-duskou\/#primaryimage"},"thumbnailUrl":"https:\/\/bukkigyogytea.com\/wp-content\/uploads\/2022\/06\/Kakukkfuves-babafurdeto-250ml_50ml_900px.webp","datePublished":"2022-06-16T15:54:32+00:00","dateModified":"2025-09-25T22:02:04+00:00","breadcrumb":{"@id":"https:\/\/bukkigyogytea.com\/sk\/produktu\/sprchovy-gel-pre-novorodencov-s-materinou-duskou\/#breadcrumb"},"inLanguage":"sk-SK","potentialAction":[{"@type":"ReadAction","target":["https:\/\/bukkigyogytea.com\/sk\/produktu\/sprchovy-gel-pre-novorodencov-s-materinou-duskou\/"]}]},{"@type":"ImageObject","inLanguage":"sk-SK","@id":"https:\/\/bukkigyogytea.com\/sk\/produktu\/sprchovy-gel-pre-novorodencov-s-materinou-duskou\/#primaryimage","url":"https:\/\/bukkigyogytea.com\/wp-content\/uploads\/2022\/06\/Kakukkfuves-babafurdeto-250ml_50ml_900px.webp","contentUrl":"https:\/\/bukkigyogytea.com\/wp-content\/uploads\/2022\/06\/Kakukkfuves-babafurdeto-250ml_50ml_900px.webp","width":900,"height":900,"caption":"Kakukkf\u00fcves babaf\u00fcrdet\u0151 - 200ml + 50ml"},{"@type":"BreadcrumbList","@id":"https:\/\/bukkigyogytea.com\/sk\/produktu\/sprchovy-gel-pre-novorodencov-s-materinou-duskou\/#breadcrumb","itemListElement":[{"@type":"ListItem","position":1,"name":"Domov","item":"https:\/\/bukkigyogytea.com\/sk\/"},{"@type":"ListItem","position":2,"name":"Shop","item":"https:\/\/bukkigyogytea.com\/sk\/obchodne\/"},{"@type":"ListItem","position":3,"name":"Masti a kr\u00e9my","item":"https:\/\/bukkigyogytea.com\/sk\/kategoria-produktu\/masti-a-kremy\/"},{"@type":"ListItem","position":4,"name":"Sprchov\u00fd g\u00e9l pre novorodencov s materinou d\u00fa\u0161kou"}]},{"@type":"WebSite","@id":"https:\/\/bukkigyogytea.com\/sk\/#website","url":"https:\/\/bukkigyogytea.com\/sk\/","name":"B\u00fckki Gy\u00f3gytea Web\u00e1ruh\u00e1z","description":"Gy\u00f6rgytea hivatalos viszontelad\u00f3","publisher":{"@id":"https:\/\/bukkigyogytea.com\/sk\/#organization"},"potentialAction":[{"@type":"SearchAction","target":{"@type":"EntryPoint","urlTemplate":"https:\/\/bukkigyogytea.com\/sk\/?s={search_term_string}"},"query-input":{"@type":"PropertyValueSpecification","valueRequired":true,"valueName":"search_term_string"}}],"inLanguage":"sk-SK"},{"@type":"Organization","@id":"https:\/\/bukkigyogytea.com\/sk\/#organization","name":"B\u00fckki Gy\u00f3gytea Web\u00e1ruh\u00e1z","url":"https:\/\/bukkigyogytea.com\/sk\/","logo":{"@type":"ImageObject","inLanguage":"sk-SK","@id":"https:\/\/bukkigyogytea.com\/sk\/#\/schema\/logo\/image\/","url":"https:\/\/i0.wp.com\/bukkigyogytea.com\/wp-content\/uploads\/2020\/05\/Sitelogo-1.jpg?fit=350%2C85&ssl=1","contentUrl":"https:\/\/i0.wp.com\/bukkigyogytea.com\/wp-content\/uploads\/2020\/05\/Sitelogo-1.jpg?fit=350%2C85&ssl=1","width":350,"height":85,"caption":"B\u00fckki Gy\u00f3gytea Web\u00e1ruh\u00e1z"},"image":{"@id":"https:\/\/bukkigyogytea.com\/sk\/#\/schema\/logo\/image\/"},"sameAs":["https:\/\/www.facebook.com\/bukkigyogytea\/"]}]}},"publishpress_future_action":{"enabled":false,"date":"2026-05-13 22:55:00","action":"change-status","newStatus":"draft","terms":[],"taxonomy":"product_type","extraData":[]},"publishpress_future_workflow_manual_trigger":{"enabledWorkflows":[]},"_links":{"self":[{"href":"https:\/\/bukkigyogytea.com\/sk\/wp-json\/wp\/v2\/product\/7243","targetHints":{"allow":["GET"]}}],"collection":[{"href":"https:\/\/bukkigyogytea.com\/sk\/wp-json\/wp\/v2\/product"}],"about":[{"href":"https:\/\/bukkigyogytea.com\/sk\/wp-json\/wp\/v2\/types\/product"}],"replies":[{"embeddable":true,"href":"https:\/\/bukkigyogytea.com\/sk\/wp-json\/wp\/v2\/comments?post=7243"}],"wp:featuredmedia":[{"embeddable":true,"href":"https:\/\/bukkigyogytea.com\/sk\/wp-json\/wp\/v2\/media\/15095"}],"wp:attachment":[{"href":"https:\/\/bukkigyogytea.com\/sk\/wp-json\/wp\/v2\/media?parent=7243"}],"wp:term":[{"taxonomy":"product_brand","embeddable":true,"href":"https:\/\/bukkigyogytea.com\/sk\/wp-json\/wp\/v2\/product_brand?post=7243"},{"taxonomy":"product_cat","embeddable":true,"href":"https:\/\/bukkigyogytea.com\/sk\/wp-json\/wp\/v2\/product_cat?post=7243"},{"taxonomy":"product_tag","embeddable":true,"href":"https:\/\/bukkigyogytea.com\/sk\/wp-json\/wp\/v2\/product_tag?post=7243"}],"curies":[{"name":"wp","href":"https:\/\/api.w.org\/{rel}","templated":true}]}}