{"id":6795,"date":"2022-04-01T18:02:54","date_gmt":"2022-04-01T16:02:54","guid":{"rendered":"https:\/\/bukkigyogytea.com\/?post_type=product&#038;p=6795"},"modified":"2022-11-01T00:01:19","modified_gmt":"2022-10-31T23:01:19","slug":"ostruzina-malinova-80g","status":"publish","type":"product","link":"https:\/\/bukkigyogytea.com\/sk\/produktu\/ostruzina-malinova-80g\/","title":{"rendered":"Ostru\u017eina malinov\u00e1 &#8211; 80g"},"content":{"rendered":"<p><strong>Ostru\u017eina malinov\u00e1<\/strong><strong><br \/>\n<\/strong><em>(Rubus idaeus) <\/em><\/p>\n<p><strong>Priazniv\u00e9 \u00fa\u010dinky<\/strong><\/p>\n<p>M\u00e1 odvod\u0148ovacie \u00fa\u010dinky, pom\u00e1ha pri artrit\u00edde, \u010drevn\u00fdch k\u0155\u010doch, \u017eal\u00fado\u010dn\u00fdch vredoch, pocitoch na zvracanie \u010di hna\u010dke. Vonkaj\u0161ie pou\u017eitie je vhodn\u00e9 pri ko\u017en\u00fdch infekci\u00e1ch.<\/p>\n<p><strong>Pr\u00edprava<\/strong><\/p>\n<p>Nie kopcovit\u00fa polievkov\u00fa ly\u017eicu (3 g) \u010dajovej zmesi zalia\u0165 2,5 deci hor\u00facej vody, po 15 min\u00fatach precedi\u0165. Nepou\u017e\u00edvajte kovov\u00e9 sitko.<\/p>\n<p><strong>Pou\u017eitie<\/strong><\/p>\n<p>\u010caj m\u00e1 lahodn\u00fa chu\u0165. <strong>Pri artrit\u00edde pite jednu \u0161\u00e1lku denne<\/strong>, z\u00e1rove\u0148 zni\u017euje kyselinu mo\u010dov\u00fa. Pri n\u00e1dche alebo hor\u00fa\u010dke pop\u00edjajte \u010daj z listov ostru\u017einy malinovej, zni\u017euje nepr\u00edjemn\u00e9 pr\u00edznaky. V\u010faka povzbudzuj\u00facemu a osvie\u017euj\u00facemu \u00fa\u010dinku je \u010daj vhodn\u00fd aj na ka\u017edodenn\u00e9 u\u017e\u00edvanie. Po\u010das d\u0148a pite hocikedy, pod\u013ea mo\u017enost\u00ed bez ochucovania. Denne 1-2 \u0161\u00e1lky mo\u017eno u\u017e\u00edva\u0165 po neobmedzen\u00fa dobu.<br \/>\nDe\u0165om od 6 rokov mo\u017eno pod\u00e1va\u0165 v zriedenej podobe (2,5 deci vody na \u010dajov\u00fa ly\u017ei\u010dku zmesi).<\/p>\n","protected":false},"excerpt":{"rendered":"<p>Dna, poranenia obli\u010diek a mo\u010dov\u00e9ho mech\u00fara, \u010distenie krvi, posilnenie maternice, p\u00f4\u017eitok z \u010daju<\/p>\n","protected":false},"featured_media":6770,"comment_status":"open","ping_status":"closed","template":"","meta":{"_acf_changed":false},"product_brand":[],"product_cat":[172],"product_tag":[],"class_list":{"0":"post-6795","1":"product","2":"type-product","3":"status-publish","4":"has-post-thumbnail","6":"product_cat-jedinecne-bylinne-caje","7":"sales-flash-overlay","8":"woocommerce-text-align-center","9":"woocommerce-image-align-center","10":"do-quantity-buttons","12":"first","13":"instock","14":"taxable","15":"shipping-taxable","16":"purchasable","17":"product-type-simple"},"acf":{"blog_termekleiras":""},"yoast_head":"<!-- This site is optimized with the Yoast SEO plugin v26.9 - https:\/\/yoast.com\/product\/yoast-seo-wordpress\/ -->\n<title>Ostru\u017eina malinov\u00e1 - 80g &#8211; B\u00fckki Gy\u00f3gytea Web\u00e1ruh\u00e1z<\/title>\n<meta name=\"robots\" content=\"index, follow, max-snippet:-1, max-image-preview:large, max-video-preview:-1\" \/>\n<link rel=\"canonical\" href=\"https:\/\/bukkigyogytea.com\/sk\/produktu\/ostruzina-malinova-80g\/\" \/>\n<meta property=\"og:locale\" content=\"sk_SK\" \/>\n<meta property=\"og:type\" content=\"article\" \/>\n<meta property=\"og:title\" content=\"Ostru\u017eina malinov\u00e1 - 80g &#8211; B\u00fckki Gy\u00f3gytea Web\u00e1ruh\u00e1z\" \/>\n<meta property=\"og:description\" content=\"Dna, poranenia obli\u010diek a mo\u010dov\u00e9ho mech\u00fara, \u010distenie krvi, posilnenie maternice, p\u00f4\u017eitok z \u010daju\" \/>\n<meta property=\"og:url\" content=\"https:\/\/bukkigyogytea.com\/sk\/produktu\/ostruzina-malinova-80g\/\" \/>\n<meta property=\"og:site_name\" content=\"B\u00fckki Gy\u00f3gytea Web\u00e1ruh\u00e1z\" \/>\n<meta property=\"article:publisher\" content=\"https:\/\/www.facebook.com\/bukkigyogytea\/\" \/>\n<meta property=\"article:modified_time\" content=\"2022-10-31T23:01:19+00:00\" \/>\n<meta property=\"og:image\" content=\"https:\/\/bukkigyogytea.com\/wp-content\/uploads\/2022\/04\/page-15.jpeg\" \/>\n<meta name=\"twitter:card\" content=\"summary_large_image\" \/>\n<meta name=\"twitter:label1\" content=\"Predpokladan\u00fd \u010das \u010d\u00edtania\" \/>\n\t<meta name=\"twitter:data1\" content=\"1 min\u00fata\" \/>\n<script type=\"application\/ld+json\" class=\"yoast-schema-graph\">{\"@context\":\"https:\/\/schema.org\",\"@graph\":[{\"@type\":\"WebPage\",\"@id\":\"https:\/\/bukkigyogytea.com\/sk\/produktu\/ostruzina-malinova-80g\/\",\"url\":\"https:\/\/bukkigyogytea.com\/sk\/produktu\/ostruzina-malinova-80g\/\",\"name\":\"Ostru\u017eina malinov\u00e1 - 80g &#8211; B\u00fckki Gy\u00f3gytea Web\u00e1ruh\u00e1z\",\"isPartOf\":{\"@id\":\"https:\/\/bukkigyogytea.com\/sk\/#website\"},\"primaryImageOfPage\":{\"@id\":\"https:\/\/bukkigyogytea.com\/sk\/produktu\/ostruzina-malinova-80g\/#primaryimage\"},\"image\":{\"@id\":\"https:\/\/bukkigyogytea.com\/sk\/produktu\/ostruzina-malinova-80g\/#primaryimage\"},\"thumbnailUrl\":\"https:\/\/bukkigyogytea.com\/wp-content\/uploads\/2022\/04\/8-malna_80g_bal_900x900.png\",\"datePublished\":\"2022-04-01T16:02:54+00:00\",\"dateModified\":\"2022-10-31T23:01:19+00:00\",\"breadcrumb\":{\"@id\":\"https:\/\/bukkigyogytea.com\/sk\/produktu\/ostruzina-malinova-80g\/#breadcrumb\"},\"inLanguage\":\"sk-SK\",\"potentialAction\":[{\"@type\":\"ReadAction\",\"target\":[\"https:\/\/bukkigyogytea.com\/sk\/produktu\/ostruzina-malinova-80g\/\"]}]},{\"@type\":\"ImageObject\",\"inLanguage\":\"sk-SK\",\"@id\":\"https:\/\/bukkigyogytea.com\/sk\/produktu\/ostruzina-malinova-80g\/#primaryimage\",\"url\":\"https:\/\/bukkigyogytea.com\/wp-content\/uploads\/2022\/04\/8-malna_80g_bal_900x900.png\",\"contentUrl\":\"https:\/\/bukkigyogytea.com\/wp-content\/uploads\/2022\/04\/8-malna_80g_bal_900x900.png\",\"width\":900,\"height\":900,\"caption\":\"Erdei m\u00e1lnalev\u00e9l 80 g\"},{\"@type\":\"BreadcrumbList\",\"@id\":\"https:\/\/bukkigyogytea.com\/sk\/produktu\/ostruzina-malinova-80g\/#breadcrumb\",\"itemListElement\":[{\"@type\":\"ListItem\",\"position\":1,\"name\":\"Domov\",\"item\":\"https:\/\/bukkigyogytea.com\/sk\/\"},{\"@type\":\"ListItem\",\"position\":2,\"name\":\"Shop\",\"item\":\"https:\/\/bukkigyogytea.com\/sk\/obchodne\/\"},{\"@type\":\"ListItem\",\"position\":3,\"name\":\"Jedine\u010dn\u00e9 Bylinn\u00e9 \u010caje\",\"item\":\"https:\/\/bukkigyogytea.com\/sk\/kategoria-produktu\/jedinecne-bylinne-caje\/\"},{\"@type\":\"ListItem\",\"position\":4,\"name\":\"Ostru\u017eina malinov\u00e1 &#8211; 80g\"}]},{\"@type\":\"WebSite\",\"@id\":\"https:\/\/bukkigyogytea.com\/sk\/#website\",\"url\":\"https:\/\/bukkigyogytea.com\/sk\/\",\"name\":\"B\u00fckki Gy\u00f3gytea Web\u00e1ruh\u00e1z\",\"description\":\"Gy\u00f6rgytea hivatalos viszontelad\u00f3\",\"publisher\":{\"@id\":\"https:\/\/bukkigyogytea.com\/sk\/#organization\"},\"potentialAction\":[{\"@type\":\"SearchAction\",\"target\":{\"@type\":\"EntryPoint\",\"urlTemplate\":\"https:\/\/bukkigyogytea.com\/sk\/?s={search_term_string}\"},\"query-input\":{\"@type\":\"PropertyValueSpecification\",\"valueRequired\":true,\"valueName\":\"search_term_string\"}}],\"inLanguage\":\"sk-SK\"},{\"@type\":\"Organization\",\"@id\":\"https:\/\/bukkigyogytea.com\/sk\/#organization\",\"name\":\"B\u00fckki Gy\u00f3gytea Web\u00e1ruh\u00e1z\",\"url\":\"https:\/\/bukkigyogytea.com\/sk\/\",\"logo\":{\"@type\":\"ImageObject\",\"inLanguage\":\"sk-SK\",\"@id\":\"https:\/\/bukkigyogytea.com\/sk\/#\/schema\/logo\/image\/\",\"url\":\"https:\/\/i0.wp.com\/bukkigyogytea.com\/wp-content\/uploads\/2020\/05\/Sitelogo-1.jpg?fit=350%2C85&ssl=1\",\"contentUrl\":\"https:\/\/i0.wp.com\/bukkigyogytea.com\/wp-content\/uploads\/2020\/05\/Sitelogo-1.jpg?fit=350%2C85&ssl=1\",\"width\":350,\"height\":85,\"caption\":\"B\u00fckki Gy\u00f3gytea Web\u00e1ruh\u00e1z\"},\"image\":{\"@id\":\"https:\/\/bukkigyogytea.com\/sk\/#\/schema\/logo\/image\/\"},\"sameAs\":[\"https:\/\/www.facebook.com\/bukkigyogytea\/\"]}]}<\/script>\n<!-- \/ Yoast SEO plugin. -->","yoast_head_json":{"title":"Ostru\u017eina malinov\u00e1 - 80g &#8211; B\u00fckki Gy\u00f3gytea Web\u00e1ruh\u00e1z","robots":{"index":"index","follow":"follow","max-snippet":"max-snippet:-1","max-image-preview":"max-image-preview:large","max-video-preview":"max-video-preview:-1"},"canonical":"https:\/\/bukkigyogytea.com\/sk\/produktu\/ostruzina-malinova-80g\/","og_locale":"sk_SK","og_type":"article","og_title":"Ostru\u017eina malinov\u00e1 - 80g &#8211; B\u00fckki Gy\u00f3gytea Web\u00e1ruh\u00e1z","og_description":"Dna, poranenia obli\u010diek a mo\u010dov\u00e9ho mech\u00fara, \u010distenie krvi, posilnenie maternice, p\u00f4\u017eitok z \u010daju","og_url":"https:\/\/bukkigyogytea.com\/sk\/produktu\/ostruzina-malinova-80g\/","og_site_name":"B\u00fckki Gy\u00f3gytea Web\u00e1ruh\u00e1z","article_publisher":"https:\/\/www.facebook.com\/bukkigyogytea\/","article_modified_time":"2022-10-31T23:01:19+00:00","og_image":[{"url":"https:\/\/bukkigyogytea.com\/wp-content\/uploads\/2022\/04\/page-15.jpeg","type":"","width":"","height":""}],"twitter_card":"summary_large_image","twitter_misc":{"Predpokladan\u00fd \u010das \u010d\u00edtania":"1 min\u00fata"},"schema":{"@context":"https:\/\/schema.org","@graph":[{"@type":"WebPage","@id":"https:\/\/bukkigyogytea.com\/sk\/produktu\/ostruzina-malinova-80g\/","url":"https:\/\/bukkigyogytea.com\/sk\/produktu\/ostruzina-malinova-80g\/","name":"Ostru\u017eina malinov\u00e1 - 80g &#8211; B\u00fckki Gy\u00f3gytea Web\u00e1ruh\u00e1z","isPartOf":{"@id":"https:\/\/bukkigyogytea.com\/sk\/#website"},"primaryImageOfPage":{"@id":"https:\/\/bukkigyogytea.com\/sk\/produktu\/ostruzina-malinova-80g\/#primaryimage"},"image":{"@id":"https:\/\/bukkigyogytea.com\/sk\/produktu\/ostruzina-malinova-80g\/#primaryimage"},"thumbnailUrl":"https:\/\/bukkigyogytea.com\/wp-content\/uploads\/2022\/04\/8-malna_80g_bal_900x900.png","datePublished":"2022-04-01T16:02:54+00:00","dateModified":"2022-10-31T23:01:19+00:00","breadcrumb":{"@id":"https:\/\/bukkigyogytea.com\/sk\/produktu\/ostruzina-malinova-80g\/#breadcrumb"},"inLanguage":"sk-SK","potentialAction":[{"@type":"ReadAction","target":["https:\/\/bukkigyogytea.com\/sk\/produktu\/ostruzina-malinova-80g\/"]}]},{"@type":"ImageObject","inLanguage":"sk-SK","@id":"https:\/\/bukkigyogytea.com\/sk\/produktu\/ostruzina-malinova-80g\/#primaryimage","url":"https:\/\/bukkigyogytea.com\/wp-content\/uploads\/2022\/04\/8-malna_80g_bal_900x900.png","contentUrl":"https:\/\/bukkigyogytea.com\/wp-content\/uploads\/2022\/04\/8-malna_80g_bal_900x900.png","width":900,"height":900,"caption":"Erdei m\u00e1lnalev\u00e9l 80 g"},{"@type":"BreadcrumbList","@id":"https:\/\/bukkigyogytea.com\/sk\/produktu\/ostruzina-malinova-80g\/#breadcrumb","itemListElement":[{"@type":"ListItem","position":1,"name":"Domov","item":"https:\/\/bukkigyogytea.com\/sk\/"},{"@type":"ListItem","position":2,"name":"Shop","item":"https:\/\/bukkigyogytea.com\/sk\/obchodne\/"},{"@type":"ListItem","position":3,"name":"Jedine\u010dn\u00e9 Bylinn\u00e9 \u010caje","item":"https:\/\/bukkigyogytea.com\/sk\/kategoria-produktu\/jedinecne-bylinne-caje\/"},{"@type":"ListItem","position":4,"name":"Ostru\u017eina malinov\u00e1 &#8211; 80g"}]},{"@type":"WebSite","@id":"https:\/\/bukkigyogytea.com\/sk\/#website","url":"https:\/\/bukkigyogytea.com\/sk\/","name":"B\u00fckki Gy\u00f3gytea Web\u00e1ruh\u00e1z","description":"Gy\u00f6rgytea hivatalos viszontelad\u00f3","publisher":{"@id":"https:\/\/bukkigyogytea.com\/sk\/#organization"},"potentialAction":[{"@type":"SearchAction","target":{"@type":"EntryPoint","urlTemplate":"https:\/\/bukkigyogytea.com\/sk\/?s={search_term_string}"},"query-input":{"@type":"PropertyValueSpecification","valueRequired":true,"valueName":"search_term_string"}}],"inLanguage":"sk-SK"},{"@type":"Organization","@id":"https:\/\/bukkigyogytea.com\/sk\/#organization","name":"B\u00fckki Gy\u00f3gytea Web\u00e1ruh\u00e1z","url":"https:\/\/bukkigyogytea.com\/sk\/","logo":{"@type":"ImageObject","inLanguage":"sk-SK","@id":"https:\/\/bukkigyogytea.com\/sk\/#\/schema\/logo\/image\/","url":"https:\/\/i0.wp.com\/bukkigyogytea.com\/wp-content\/uploads\/2020\/05\/Sitelogo-1.jpg?fit=350%2C85&ssl=1","contentUrl":"https:\/\/i0.wp.com\/bukkigyogytea.com\/wp-content\/uploads\/2020\/05\/Sitelogo-1.jpg?fit=350%2C85&ssl=1","width":350,"height":85,"caption":"B\u00fckki Gy\u00f3gytea Web\u00e1ruh\u00e1z"},"image":{"@id":"https:\/\/bukkigyogytea.com\/sk\/#\/schema\/logo\/image\/"},"sameAs":["https:\/\/www.facebook.com\/bukkigyogytea\/"]}]}},"publishpress_future_action":{"enabled":false,"date":"2026-04-16 22:55:00","action":"change-status","newStatus":"draft","terms":[],"taxonomy":"product_type","extraData":[]},"publishpress_future_workflow_manual_trigger":{"enabledWorkflows":[]},"_links":{"self":[{"href":"https:\/\/bukkigyogytea.com\/sk\/wp-json\/wp\/v2\/product\/6795","targetHints":{"allow":["GET"]}}],"collection":[{"href":"https:\/\/bukkigyogytea.com\/sk\/wp-json\/wp\/v2\/product"}],"about":[{"href":"https:\/\/bukkigyogytea.com\/sk\/wp-json\/wp\/v2\/types\/product"}],"replies":[{"embeddable":true,"href":"https:\/\/bukkigyogytea.com\/sk\/wp-json\/wp\/v2\/comments?post=6795"}],"wp:featuredmedia":[{"embeddable":true,"href":"https:\/\/bukkigyogytea.com\/sk\/wp-json\/wp\/v2\/media\/6770"}],"wp:attachment":[{"href":"https:\/\/bukkigyogytea.com\/sk\/wp-json\/wp\/v2\/media?parent=6795"}],"wp:term":[{"taxonomy":"product_brand","embeddable":true,"href":"https:\/\/bukkigyogytea.com\/sk\/wp-json\/wp\/v2\/product_brand?post=6795"},{"taxonomy":"product_cat","embeddable":true,"href":"https:\/\/bukkigyogytea.com\/sk\/wp-json\/wp\/v2\/product_cat?post=6795"},{"taxonomy":"product_tag","embeddable":true,"href":"https:\/\/bukkigyogytea.com\/sk\/wp-json\/wp\/v2\/product_tag?post=6795"}],"curies":[{"name":"wp","href":"https:\/\/api.w.org\/{rel}","templated":true}]}}