{"id":6475,"date":"2022-02-16T00:30:17","date_gmt":"2022-02-15T23:30:17","guid":{"rendered":"https:\/\/bukkigyogytea.com\/?post_type=product&#038;p=6475"},"modified":"2024-02-20T15:26:47","modified_gmt":"2024-02-20T14:26:47","slug":"balicek-na-stitnu-zlazu","status":"publish","type":"product","link":"https:\/\/bukkigyogytea.com\/sk\/produktu\/balicek-na-stitnu-zlazu\/","title":{"rendered":"Bal\u00ed\u010dek na \u0161t\u00edtnu \u017e\u013eazu"},"content":{"rendered":"<p>V bal\u00ed\u010dku na \u0161t\u00edtnu \u017e\u013eazu n\u00e1jdete \u010dajov\u00fa zmes a tinkt\u00faru z byliniek, ktor\u00e9 priaznivo p\u00f4sobia na funkciu \u0161t\u00edtnej \u017e\u013eazy. Bal\u00ed\u010dek posta\u010d\u00ed na jednu 28-d\u0148ov\u00fa k\u00faru, ktor\u00e1 m\u00f4\u017ee by\u0165 \u00fa\u010dinn\u00e1 pri zn\u00ed\u017eenej alebo zv\u00fd\u0161enej \u010dinnosti \u0161t\u00edtnej \u017e\u013eazy respekt\u00edve pri jej zv\u00e4\u010d\u0161en\u00ed.<\/p>\n<p><strong>Pou\u017e\u00edvanie:<\/strong><\/p>\n<p>Jednu \u0161\u00e1lku \u010daju pripraven\u00e9ho zo zmesi z lipkavca m\u00e4kk\u00e9ho konzumujte po d\u00fa\u0161koch po\u010das d\u0148a a 20 kvapiek alkoholovej tinkt\u00fary z medovky lek\u00e1rskej u\u017eite ve\u010der po jedle. \u010caj konzumujte ide\u00e1lne nesladen\u00fd. Jedna k\u00fara trv\u00e1 4 t\u00fd\u017edne.<\/p>\n<p><strong>Neodpor\u00fa\u010da sa:<\/strong><\/p>\n<p>K\u00fara nie je vhodn\u00e1 pre tehotn\u00e9 a doj\u010diace \u017eeny a pre deti mlad\u0161ie ako 18 rokov.<\/p>\n<p><strong>Ako bal\u00ed\u010dek skladova\u0165?<\/strong><\/p>\n<p>Po otvoren\u00ed bal\u00ed\u010dek uchov\u00e1vajte uzatvoren\u00fd na suchom a\u00a0chladnom mieste mimo dosahu det\u00ed.<\/p>\n<p><strong>Obsah bal\u00ed\u010dka<\/strong><\/p>\n<p>\u010cajov\u00e1 zmes z lipkavca m\u00e4kk\u00e9ho 100 g, Medovka lek\u00e1rska alkoholov\u00e1 tinkt\u00fara<\/p>\n","protected":false},"excerpt":{"rendered":"<p>V bal\u00ed\u010dku na \u0161t\u00edtnu \u017e\u013eazu n\u00e1jdete \u010dajov\u00fa zmes a tinkt\u00faru z byliniek, ktor\u00e9 priaznivo p\u00f4sobia na funkciu \u0161t\u00edtnej \u017e\u013eazy. Bal\u00ed\u010dek posta\u010d\u00ed na jednu 28-d\u0148ov\u00fa k\u00faru, ktor\u00e1 m\u00f4\u017ee by\u0165 \u00fa\u010dinn\u00e1 pri zn\u00ed\u017eenej alebo zv\u00fd\u0161enej \u010dinnosti \u0161t\u00edtnej \u017e\u013eazy respekt\u00edve pri jej zv\u00e4\u010d\u0161en\u00ed.<\/p>\n<p><strong>Obsah bal\u00ed\u010dka<\/strong><\/p>\n<ul>\n<li>\u010cajov\u00e1 zmes z lipkavca m\u00e4kk\u00e9ho 100 g<\/li>\n<li>Medovka lek\u00e1rska alkoholov\u00e1 tinkt\u00fara<\/li>\n<\/ul>\n","protected":false},"featured_media":6481,"comment_status":"closed","ping_status":"closed","template":"","meta":{"_acf_changed":false},"product_brand":[],"product_cat":[165],"product_tag":[],"class_list":{"0":"post-6475","1":"product","2":"type-product","3":"status-publish","4":"has-post-thumbnail","6":"product_cat-balicek","7":"sales-flash-overlay","8":"woocommerce-text-align-center","9":"woocommerce-image-align-center","10":"do-quantity-buttons","12":"first","13":"instock","14":"sale","15":"downloadable","16":"taxable","17":"shipping-taxable","18":"purchasable","19":"product-type-simple"},"acf":{"blog_termekleiras":""},"yoast_head":"<!-- This site is optimized with the Yoast SEO plugin v26.9 - https:\/\/yoast.com\/product\/yoast-seo-wordpress\/ -->\n<title>Bal\u00ed\u010dek na \u0161t\u00edtnu \u017e\u013eazu &#8211; B\u00fckki Gy\u00f3gytea Web\u00e1ruh\u00e1z<\/title>\n<meta name=\"robots\" content=\"index, follow, max-snippet:-1, max-image-preview:large, max-video-preview:-1\" \/>\n<link rel=\"canonical\" href=\"https:\/\/bukkigyogytea.com\/sk\/produktu\/balicek-na-stitnu-zlazu\/\" \/>\n<meta property=\"og:locale\" content=\"sk_SK\" \/>\n<meta property=\"og:type\" content=\"article\" \/>\n<meta property=\"og:title\" content=\"Bal\u00ed\u010dek na \u0161t\u00edtnu \u017e\u013eazu &#8211; B\u00fckki Gy\u00f3gytea Web\u00e1ruh\u00e1z\" \/>\n<meta property=\"og:description\" content=\"V bal\u00ed\u010dku na \u0161t\u00edtnu \u017e\u013eazu n\u00e1jdete \u010dajov\u00fa zmes a tinkt\u00faru z byliniek, ktor\u00e9 priaznivo p\u00f4sobia na funkciu \u0161t\u00edtnej \u017e\u013eazy. Bal\u00ed\u010dek posta\u010d\u00ed na jednu 28-d\u0148ov\u00fa k\u00faru, ktor\u00e1 m\u00f4\u017ee by\u0165 \u00fa\u010dinn\u00e1 pri zn\u00ed\u017eenej alebo zv\u00fd\u0161enej \u010dinnosti \u0161t\u00edtnej \u017e\u013eazy respekt\u00edve pri jej zv\u00e4\u010d\u0161en\u00ed.  Obsah bal\u00ed\u010dka   \u010cajov\u00e1 zmes z lipkavca m\u00e4kk\u00e9ho 100 g  Medovka lek\u00e1rska alkoholov\u00e1 tinkt\u00fara\" \/>\n<meta property=\"og:url\" content=\"https:\/\/bukkigyogytea.com\/sk\/produktu\/balicek-na-stitnu-zlazu\/\" \/>\n<meta property=\"og:site_name\" content=\"B\u00fckki Gy\u00f3gytea Web\u00e1ruh\u00e1z\" \/>\n<meta property=\"article:publisher\" content=\"https:\/\/www.facebook.com\/bukkigyogytea\/\" \/>\n<meta property=\"article:modified_time\" content=\"2024-02-20T14:26:47+00:00\" \/>\n<meta property=\"og:image\" content=\"https:\/\/bukkigyogytea.com\/wp-content\/uploads\/2022\/02\/SL-slider-Facebook-Hirdetes-1.jpeg\" \/>\n\t<meta property=\"og:image:width\" content=\"1200\" \/>\n\t<meta property=\"og:image:height\" content=\"628\" \/>\n\t<meta property=\"og:image:type\" content=\"image\/jpeg\" \/>\n<meta name=\"twitter:card\" content=\"summary_large_image\" \/>\n<meta name=\"twitter:label1\" content=\"Predpokladan\u00fd \u010das \u010d\u00edtania\" \/>\n\t<meta name=\"twitter:data1\" content=\"1 min\u00fata\" \/>\n<script type=\"application\/ld+json\" class=\"yoast-schema-graph\">{\"@context\":\"https:\/\/schema.org\",\"@graph\":[{\"@type\":\"WebPage\",\"@id\":\"https:\/\/bukkigyogytea.com\/sk\/produktu\/balicek-na-stitnu-zlazu\/\",\"url\":\"https:\/\/bukkigyogytea.com\/sk\/produktu\/balicek-na-stitnu-zlazu\/\",\"name\":\"Bal\u00ed\u010dek na \u0161t\u00edtnu \u017e\u013eazu &#8211; B\u00fckki Gy\u00f3gytea Web\u00e1ruh\u00e1z\",\"isPartOf\":{\"@id\":\"https:\/\/bukkigyogytea.com\/sk\/#website\"},\"primaryImageOfPage\":{\"@id\":\"https:\/\/bukkigyogytea.com\/sk\/produktu\/balicek-na-stitnu-zlazu\/#primaryimage\"},\"image\":{\"@id\":\"https:\/\/bukkigyogytea.com\/sk\/produktu\/balicek-na-stitnu-zlazu\/#primaryimage\"},\"thumbnailUrl\":\"https:\/\/bukkigyogytea.com\/wp-content\/uploads\/2022\/02\/pajzsmirigy-csomag.png\",\"datePublished\":\"2022-02-15T23:30:17+00:00\",\"dateModified\":\"2024-02-20T14:26:47+00:00\",\"breadcrumb\":{\"@id\":\"https:\/\/bukkigyogytea.com\/sk\/produktu\/balicek-na-stitnu-zlazu\/#breadcrumb\"},\"inLanguage\":\"sk-SK\",\"potentialAction\":[{\"@type\":\"ReadAction\",\"target\":[\"https:\/\/bukkigyogytea.com\/sk\/produktu\/balicek-na-stitnu-zlazu\/\"]}]},{\"@type\":\"ImageObject\",\"inLanguage\":\"sk-SK\",\"@id\":\"https:\/\/bukkigyogytea.com\/sk\/produktu\/balicek-na-stitnu-zlazu\/#primaryimage\",\"url\":\"https:\/\/bukkigyogytea.com\/wp-content\/uploads\/2022\/02\/pajzsmirigy-csomag.png\",\"contentUrl\":\"https:\/\/bukkigyogytea.com\/wp-content\/uploads\/2022\/02\/pajzsmirigy-csomag.png\",\"width\":600,\"height\":600,\"caption\":\"Bal\u00ed\u010dek na \u0161t\u00edtnu \u017e\u013eazu\"},{\"@type\":\"BreadcrumbList\",\"@id\":\"https:\/\/bukkigyogytea.com\/sk\/produktu\/balicek-na-stitnu-zlazu\/#breadcrumb\",\"itemListElement\":[{\"@type\":\"ListItem\",\"position\":1,\"name\":\"Domov\",\"item\":\"https:\/\/bukkigyogytea.com\/sk\/\"},{\"@type\":\"ListItem\",\"position\":2,\"name\":\"Shop\",\"item\":\"https:\/\/bukkigyogytea.com\/sk\/obchodne\/\"},{\"@type\":\"ListItem\",\"position\":3,\"name\":\"Bal\u00ed\u010dek\",\"item\":\"https:\/\/bukkigyogytea.com\/sk\/kategoria-produktu\/balicek\/\"},{\"@type\":\"ListItem\",\"position\":4,\"name\":\"Bal\u00ed\u010dek na \u0161t\u00edtnu \u017e\u013eazu\"}]},{\"@type\":\"WebSite\",\"@id\":\"https:\/\/bukkigyogytea.com\/sk\/#website\",\"url\":\"https:\/\/bukkigyogytea.com\/sk\/\",\"name\":\"B\u00fckki Gy\u00f3gytea Web\u00e1ruh\u00e1z\",\"description\":\"Gy\u00f6rgytea hivatalos viszontelad\u00f3\",\"publisher\":{\"@id\":\"https:\/\/bukkigyogytea.com\/sk\/#organization\"},\"potentialAction\":[{\"@type\":\"SearchAction\",\"target\":{\"@type\":\"EntryPoint\",\"urlTemplate\":\"https:\/\/bukkigyogytea.com\/sk\/?s={search_term_string}\"},\"query-input\":{\"@type\":\"PropertyValueSpecification\",\"valueRequired\":true,\"valueName\":\"search_term_string\"}}],\"inLanguage\":\"sk-SK\"},{\"@type\":\"Organization\",\"@id\":\"https:\/\/bukkigyogytea.com\/sk\/#organization\",\"name\":\"B\u00fckki Gy\u00f3gytea Web\u00e1ruh\u00e1z\",\"url\":\"https:\/\/bukkigyogytea.com\/sk\/\",\"logo\":{\"@type\":\"ImageObject\",\"inLanguage\":\"sk-SK\",\"@id\":\"https:\/\/bukkigyogytea.com\/sk\/#\/schema\/logo\/image\/\",\"url\":\"https:\/\/i0.wp.com\/bukkigyogytea.com\/wp-content\/uploads\/2020\/05\/Sitelogo-1.jpg?fit=350%2C85&ssl=1\",\"contentUrl\":\"https:\/\/i0.wp.com\/bukkigyogytea.com\/wp-content\/uploads\/2020\/05\/Sitelogo-1.jpg?fit=350%2C85&ssl=1\",\"width\":350,\"height\":85,\"caption\":\"B\u00fckki Gy\u00f3gytea Web\u00e1ruh\u00e1z\"},\"image\":{\"@id\":\"https:\/\/bukkigyogytea.com\/sk\/#\/schema\/logo\/image\/\"},\"sameAs\":[\"https:\/\/www.facebook.com\/bukkigyogytea\/\"]}]}<\/script>\n<!-- \/ Yoast SEO plugin. -->","yoast_head_json":{"title":"Bal\u00ed\u010dek na \u0161t\u00edtnu \u017e\u013eazu &#8211; B\u00fckki Gy\u00f3gytea Web\u00e1ruh\u00e1z","robots":{"index":"index","follow":"follow","max-snippet":"max-snippet:-1","max-image-preview":"max-image-preview:large","max-video-preview":"max-video-preview:-1"},"canonical":"https:\/\/bukkigyogytea.com\/sk\/produktu\/balicek-na-stitnu-zlazu\/","og_locale":"sk_SK","og_type":"article","og_title":"Bal\u00ed\u010dek na \u0161t\u00edtnu \u017e\u013eazu &#8211; B\u00fckki Gy\u00f3gytea Web\u00e1ruh\u00e1z","og_description":"V bal\u00ed\u010dku na \u0161t\u00edtnu \u017e\u013eazu n\u00e1jdete \u010dajov\u00fa zmes a tinkt\u00faru z byliniek, ktor\u00e9 priaznivo p\u00f4sobia na funkciu \u0161t\u00edtnej \u017e\u013eazy. Bal\u00ed\u010dek posta\u010d\u00ed na jednu 28-d\u0148ov\u00fa k\u00faru, ktor\u00e1 m\u00f4\u017ee by\u0165 \u00fa\u010dinn\u00e1 pri zn\u00ed\u017eenej alebo zv\u00fd\u0161enej \u010dinnosti \u0161t\u00edtnej \u017e\u013eazy respekt\u00edve pri jej zv\u00e4\u010d\u0161en\u00ed.  Obsah bal\u00ed\u010dka   \u010cajov\u00e1 zmes z lipkavca m\u00e4kk\u00e9ho 100 g  Medovka lek\u00e1rska alkoholov\u00e1 tinkt\u00fara","og_url":"https:\/\/bukkigyogytea.com\/sk\/produktu\/balicek-na-stitnu-zlazu\/","og_site_name":"B\u00fckki Gy\u00f3gytea Web\u00e1ruh\u00e1z","article_publisher":"https:\/\/www.facebook.com\/bukkigyogytea\/","article_modified_time":"2024-02-20T14:26:47+00:00","og_image":[{"width":1200,"height":628,"url":"https:\/\/bukkigyogytea.com\/wp-content\/uploads\/2022\/02\/SL-slider-Facebook-Hirdetes-1.jpeg","type":"image\/jpeg"}],"twitter_card":"summary_large_image","twitter_misc":{"Predpokladan\u00fd \u010das \u010d\u00edtania":"1 min\u00fata"},"schema":{"@context":"https:\/\/schema.org","@graph":[{"@type":"WebPage","@id":"https:\/\/bukkigyogytea.com\/sk\/produktu\/balicek-na-stitnu-zlazu\/","url":"https:\/\/bukkigyogytea.com\/sk\/produktu\/balicek-na-stitnu-zlazu\/","name":"Bal\u00ed\u010dek na \u0161t\u00edtnu \u017e\u013eazu &#8211; B\u00fckki Gy\u00f3gytea Web\u00e1ruh\u00e1z","isPartOf":{"@id":"https:\/\/bukkigyogytea.com\/sk\/#website"},"primaryImageOfPage":{"@id":"https:\/\/bukkigyogytea.com\/sk\/produktu\/balicek-na-stitnu-zlazu\/#primaryimage"},"image":{"@id":"https:\/\/bukkigyogytea.com\/sk\/produktu\/balicek-na-stitnu-zlazu\/#primaryimage"},"thumbnailUrl":"https:\/\/bukkigyogytea.com\/wp-content\/uploads\/2022\/02\/pajzsmirigy-csomag.png","datePublished":"2022-02-15T23:30:17+00:00","dateModified":"2024-02-20T14:26:47+00:00","breadcrumb":{"@id":"https:\/\/bukkigyogytea.com\/sk\/produktu\/balicek-na-stitnu-zlazu\/#breadcrumb"},"inLanguage":"sk-SK","potentialAction":[{"@type":"ReadAction","target":["https:\/\/bukkigyogytea.com\/sk\/produktu\/balicek-na-stitnu-zlazu\/"]}]},{"@type":"ImageObject","inLanguage":"sk-SK","@id":"https:\/\/bukkigyogytea.com\/sk\/produktu\/balicek-na-stitnu-zlazu\/#primaryimage","url":"https:\/\/bukkigyogytea.com\/wp-content\/uploads\/2022\/02\/pajzsmirigy-csomag.png","contentUrl":"https:\/\/bukkigyogytea.com\/wp-content\/uploads\/2022\/02\/pajzsmirigy-csomag.png","width":600,"height":600,"caption":"Bal\u00ed\u010dek na \u0161t\u00edtnu \u017e\u013eazu"},{"@type":"BreadcrumbList","@id":"https:\/\/bukkigyogytea.com\/sk\/produktu\/balicek-na-stitnu-zlazu\/#breadcrumb","itemListElement":[{"@type":"ListItem","position":1,"name":"Domov","item":"https:\/\/bukkigyogytea.com\/sk\/"},{"@type":"ListItem","position":2,"name":"Shop","item":"https:\/\/bukkigyogytea.com\/sk\/obchodne\/"},{"@type":"ListItem","position":3,"name":"Bal\u00ed\u010dek","item":"https:\/\/bukkigyogytea.com\/sk\/kategoria-produktu\/balicek\/"},{"@type":"ListItem","position":4,"name":"Bal\u00ed\u010dek na \u0161t\u00edtnu \u017e\u013eazu"}]},{"@type":"WebSite","@id":"https:\/\/bukkigyogytea.com\/sk\/#website","url":"https:\/\/bukkigyogytea.com\/sk\/","name":"B\u00fckki Gy\u00f3gytea Web\u00e1ruh\u00e1z","description":"Gy\u00f6rgytea hivatalos viszontelad\u00f3","publisher":{"@id":"https:\/\/bukkigyogytea.com\/sk\/#organization"},"potentialAction":[{"@type":"SearchAction","target":{"@type":"EntryPoint","urlTemplate":"https:\/\/bukkigyogytea.com\/sk\/?s={search_term_string}"},"query-input":{"@type":"PropertyValueSpecification","valueRequired":true,"valueName":"search_term_string"}}],"inLanguage":"sk-SK"},{"@type":"Organization","@id":"https:\/\/bukkigyogytea.com\/sk\/#organization","name":"B\u00fckki Gy\u00f3gytea Web\u00e1ruh\u00e1z","url":"https:\/\/bukkigyogytea.com\/sk\/","logo":{"@type":"ImageObject","inLanguage":"sk-SK","@id":"https:\/\/bukkigyogytea.com\/sk\/#\/schema\/logo\/image\/","url":"https:\/\/i0.wp.com\/bukkigyogytea.com\/wp-content\/uploads\/2020\/05\/Sitelogo-1.jpg?fit=350%2C85&ssl=1","contentUrl":"https:\/\/i0.wp.com\/bukkigyogytea.com\/wp-content\/uploads\/2020\/05\/Sitelogo-1.jpg?fit=350%2C85&ssl=1","width":350,"height":85,"caption":"B\u00fckki Gy\u00f3gytea Web\u00e1ruh\u00e1z"},"image":{"@id":"https:\/\/bukkigyogytea.com\/sk\/#\/schema\/logo\/image\/"},"sameAs":["https:\/\/www.facebook.com\/bukkigyogytea\/"]}]}},"publishpress_future_action":{"enabled":false,"date":"2026-04-29 22:55:00","action":"change-status","newStatus":"draft","terms":[],"taxonomy":"product_type","extraData":[]},"publishpress_future_workflow_manual_trigger":{"enabledWorkflows":[]},"_links":{"self":[{"href":"https:\/\/bukkigyogytea.com\/sk\/wp-json\/wp\/v2\/product\/6475","targetHints":{"allow":["GET"]}}],"collection":[{"href":"https:\/\/bukkigyogytea.com\/sk\/wp-json\/wp\/v2\/product"}],"about":[{"href":"https:\/\/bukkigyogytea.com\/sk\/wp-json\/wp\/v2\/types\/product"}],"replies":[{"embeddable":true,"href":"https:\/\/bukkigyogytea.com\/sk\/wp-json\/wp\/v2\/comments?post=6475"}],"wp:featuredmedia":[{"embeddable":true,"href":"https:\/\/bukkigyogytea.com\/sk\/wp-json\/wp\/v2\/media\/6481"}],"wp:attachment":[{"href":"https:\/\/bukkigyogytea.com\/sk\/wp-json\/wp\/v2\/media?parent=6475"}],"wp:term":[{"taxonomy":"product_brand","embeddable":true,"href":"https:\/\/bukkigyogytea.com\/sk\/wp-json\/wp\/v2\/product_brand?post=6475"},{"taxonomy":"product_cat","embeddable":true,"href":"https:\/\/bukkigyogytea.com\/sk\/wp-json\/wp\/v2\/product_cat?post=6475"},{"taxonomy":"product_tag","embeddable":true,"href":"https:\/\/bukkigyogytea.com\/sk\/wp-json\/wp\/v2\/product_tag?post=6475"}],"curies":[{"name":"wp","href":"https:\/\/api.w.org\/{rel}","templated":true}]}}