{"id":6127,"date":"2022-01-06T13:01:12","date_gmt":"2022-01-06T12:01:12","guid":{"rendered":"https:\/\/bukkigyogytea.com\/?post_type=product&#038;p=6127"},"modified":"2022-11-01T00:00:52","modified_gmt":"2022-10-31T23:00:52","slug":"palina-rocna-alkoholova-tinktura","status":"publish","type":"product","link":"https:\/\/bukkigyogytea.com\/sk\/produktu\/palina-rocna-alkoholova-tinktura\/","title":{"rendered":"Palina ro\u010dn\u00e1 alkoholov\u00e1 tinkt\u00fara"},"content":{"rendered":"<p><em>Artemisia annua<\/em><\/p>\n<p>D\u00e1vkovanie<br \/>\n20 kvapiek 3 x denne po jedle. Neprekra\u010dujte odpor\u00fa\u010dan\u00e9 d\u00e1vkovanie.<\/p>\n<p>Kontraindik\u00e1cie<br \/>\nNeu\u017e\u00edvajte s\u00fa\u010dasne s produktami, ktor\u00e9 m\u00f4\u017eu interagova\u0165 s alkoholom. Nevhodn\u00e9 pre tehotn\u00e9 a doj\u010diace \u017eeny. Nevhodn\u00e9 pre deti do 14 rokov.<\/p>\n<p>Zlo\u017eenie<br \/>\nvoda, etanol, Palina ro\u010dn\u00e1 (Artemisia annua)<\/p>\n<p>Skladovanie<br \/>\nSkladujte pri izbovej teplote. Uchov\u00e1vajte mimo dosahu det\u00ed!<\/p>\n<p>Distrib\u00fator<br \/>\nPharmaherb Kft. 3557 B\u00fckkszentkereszt, \u0150z u. 7.<\/p>\n","protected":false},"excerpt":{"rendered":"<p>Artemisia annua D\u00e1vkovanie 20 kvapiek 3 x denne po jedle. Neprekra\u010dujte odpor\u00fa\u010dan\u00e9 d\u00e1vkovanie. Kontraindik\u00e1cie Neu\u017e\u00edvajte s\u00fa\u010dasne s produktami, ktor\u00e9 m\u00f4\u017eu interagova\u0165 s alkoholom. Nevhodn\u00e9 pre tehotn\u00e9 a doj\u010diace \u017eeny. Nevhodn\u00e9 pre deti do 14 rokov. Zlo\u017eenie voda, etanol, Palina ro\u010dn\u00e1 (Artemisia annua) Skladovanie Skladujte pri izbovej teplote. Uchov\u00e1vajte mimo dosahu det\u00ed! Distrib\u00fator Pharmaherb Kft. 3557 &#8230; <a title=\"Palina ro\u010dn\u00e1 alkoholov\u00e1 tinkt\u00fara\" class=\"read-more\" href=\"https:\/\/bukkigyogytea.com\/sk\/produktu\/palina-rocna-alkoholova-tinktura\/\" aria-label=\"Pre\u010d\u00edtajte si viac o Palina ro\u010dn\u00e1 alkoholov\u00e1 tinkt\u00fara\">Read more<\/a><\/p>\n","protected":false},"featured_media":6136,"comment_status":"open","ping_status":"closed","template":"","meta":{"_acf_changed":false},"product_brand":[],"product_cat":[167],"product_tag":[],"class_list":{"0":"post-6127","1":"product","2":"type-product","3":"status-publish","4":"has-post-thumbnail","6":"product_cat-bylinne-vytazky","7":"sales-flash-overlay","8":"woocommerce-text-align-center","9":"woocommerce-image-align-center","10":"do-quantity-buttons","12":"first","13":"instock","14":"taxable","15":"shipping-taxable","16":"purchasable","17":"product-type-simple"},"acf":{"blog_termekleiras":""},"yoast_head":"<!-- This site is optimized with the Yoast SEO plugin v26.9 - https:\/\/yoast.com\/product\/yoast-seo-wordpress\/ -->\n<title>Palina ro\u010dn\u00e1 alkoholov\u00e1 tinkt\u00fara &#8211; B\u00fckki Gy\u00f3gytea Web\u00e1ruh\u00e1z<\/title>\n<meta name=\"robots\" content=\"index, follow, max-snippet:-1, max-image-preview:large, max-video-preview:-1\" \/>\n<link rel=\"canonical\" href=\"https:\/\/bukkigyogytea.com\/sk\/produktu\/palina-rocna-alkoholova-tinktura\/\" \/>\n<meta property=\"og:locale\" content=\"sk_SK\" \/>\n<meta property=\"og:type\" content=\"article\" \/>\n<meta property=\"og:title\" content=\"Palina ro\u010dn\u00e1 alkoholov\u00e1 tinkt\u00fara &#8211; B\u00fckki Gy\u00f3gytea Web\u00e1ruh\u00e1z\" \/>\n<meta property=\"og:description\" content=\"Artemisia annua D\u00e1vkovanie 20 kvapiek 3 x denne po jedle. Neprekra\u010dujte odpor\u00fa\u010dan\u00e9 d\u00e1vkovanie. Kontraindik\u00e1cie Neu\u017e\u00edvajte s\u00fa\u010dasne s produktami, ktor\u00e9 m\u00f4\u017eu interagova\u0165 s alkoholom. Nevhodn\u00e9 pre tehotn\u00e9 a doj\u010diace \u017eeny. Nevhodn\u00e9 pre deti do 14 rokov. Zlo\u017eenie voda, etanol, Palina ro\u010dn\u00e1 (Artemisia annua) Skladovanie Skladujte pri izbovej teplote. Uchov\u00e1vajte mimo dosahu det\u00ed! Distrib\u00fator Pharmaherb Kft. 3557 ... Read more\" \/>\n<meta property=\"og:url\" content=\"https:\/\/bukkigyogytea.com\/sk\/produktu\/palina-rocna-alkoholova-tinktura\/\" \/>\n<meta property=\"og:site_name\" content=\"B\u00fckki Gy\u00f3gytea Web\u00e1ruh\u00e1z\" \/>\n<meta property=\"article:publisher\" content=\"https:\/\/www.facebook.com\/bukkigyogytea\/\" \/>\n<meta property=\"article:modified_time\" content=\"2022-10-31T23:00:52+00:00\" \/>\n<meta property=\"og:image\" content=\"https:\/\/bukkigyogytea.com\/wp-content\/uploads\/2020\/04\/og-kisviragu-ak.jpg\" \/>\n<meta name=\"twitter:card\" content=\"summary_large_image\" \/>\n<script type=\"application\/ld+json\" class=\"yoast-schema-graph\">{\"@context\":\"https:\/\/schema.org\",\"@graph\":[{\"@type\":\"WebPage\",\"@id\":\"https:\/\/bukkigyogytea.com\/sk\/produktu\/palina-rocna-alkoholova-tinktura\/\",\"url\":\"https:\/\/bukkigyogytea.com\/sk\/produktu\/palina-rocna-alkoholova-tinktura\/\",\"name\":\"Palina ro\u010dn\u00e1 alkoholov\u00e1 tinkt\u00fara &#8211; B\u00fckki Gy\u00f3gytea Web\u00e1ruh\u00e1z\",\"isPartOf\":{\"@id\":\"https:\/\/bukkigyogytea.com\/sk\/#website\"},\"primaryImageOfPage\":{\"@id\":\"https:\/\/bukkigyogytea.com\/sk\/produktu\/palina-rocna-alkoholova-tinktura\/#primaryimage\"},\"image\":{\"@id\":\"https:\/\/bukkigyogytea.com\/sk\/produktu\/palina-rocna-alkoholova-tinktura\/#primaryimage\"},\"thumbnailUrl\":\"https:\/\/bukkigyogytea.com\/wp-content\/uploads\/2022\/01\/tinktura_egynyari-urom_550x550_uveg_bal.png\",\"datePublished\":\"2022-01-06T12:01:12+00:00\",\"dateModified\":\"2022-10-31T23:00:52+00:00\",\"breadcrumb\":{\"@id\":\"https:\/\/bukkigyogytea.com\/sk\/produktu\/palina-rocna-alkoholova-tinktura\/#breadcrumb\"},\"inLanguage\":\"sk-SK\",\"potentialAction\":[{\"@type\":\"ReadAction\",\"target\":[\"https:\/\/bukkigyogytea.com\/sk\/produktu\/palina-rocna-alkoholova-tinktura\/\"]}]},{\"@type\":\"ImageObject\",\"inLanguage\":\"sk-SK\",\"@id\":\"https:\/\/bukkigyogytea.com\/sk\/produktu\/palina-rocna-alkoholova-tinktura\/#primaryimage\",\"url\":\"https:\/\/bukkigyogytea.com\/wp-content\/uploads\/2022\/01\/tinktura_egynyari-urom_550x550_uveg_bal.png\",\"contentUrl\":\"https:\/\/bukkigyogytea.com\/wp-content\/uploads\/2022\/01\/tinktura_egynyari-urom_550x550_uveg_bal.png\",\"width\":550,\"height\":550,\"caption\":\"Egyny\u00e1ri \u00fcr\u00f6m alkoholos kivonat\"},{\"@type\":\"BreadcrumbList\",\"@id\":\"https:\/\/bukkigyogytea.com\/sk\/produktu\/palina-rocna-alkoholova-tinktura\/#breadcrumb\",\"itemListElement\":[{\"@type\":\"ListItem\",\"position\":1,\"name\":\"Domov\",\"item\":\"https:\/\/bukkigyogytea.com\/sk\/\"},{\"@type\":\"ListItem\",\"position\":2,\"name\":\"Shop\",\"item\":\"https:\/\/bukkigyogytea.com\/sk\/obchodne\/\"},{\"@type\":\"ListItem\",\"position\":3,\"name\":\"Bylinn\u00e9 v\u00fd\u0165a\u017eky\",\"item\":\"https:\/\/bukkigyogytea.com\/sk\/kategoria-produktu\/bylinne-vytazky\/\"},{\"@type\":\"ListItem\",\"position\":4,\"name\":\"Palina ro\u010dn\u00e1 alkoholov\u00e1 tinkt\u00fara\"}]},{\"@type\":\"WebSite\",\"@id\":\"https:\/\/bukkigyogytea.com\/sk\/#website\",\"url\":\"https:\/\/bukkigyogytea.com\/sk\/\",\"name\":\"B\u00fckki Gy\u00f3gytea Web\u00e1ruh\u00e1z\",\"description\":\"Gy\u00f6rgytea hivatalos viszontelad\u00f3\",\"publisher\":{\"@id\":\"https:\/\/bukkigyogytea.com\/sk\/#organization\"},\"potentialAction\":[{\"@type\":\"SearchAction\",\"target\":{\"@type\":\"EntryPoint\",\"urlTemplate\":\"https:\/\/bukkigyogytea.com\/sk\/?s={search_term_string}\"},\"query-input\":{\"@type\":\"PropertyValueSpecification\",\"valueRequired\":true,\"valueName\":\"search_term_string\"}}],\"inLanguage\":\"sk-SK\"},{\"@type\":\"Organization\",\"@id\":\"https:\/\/bukkigyogytea.com\/sk\/#organization\",\"name\":\"B\u00fckki Gy\u00f3gytea Web\u00e1ruh\u00e1z\",\"url\":\"https:\/\/bukkigyogytea.com\/sk\/\",\"logo\":{\"@type\":\"ImageObject\",\"inLanguage\":\"sk-SK\",\"@id\":\"https:\/\/bukkigyogytea.com\/sk\/#\/schema\/logo\/image\/\",\"url\":\"https:\/\/i0.wp.com\/bukkigyogytea.com\/wp-content\/uploads\/2020\/05\/Sitelogo-1.jpg?fit=350%2C85&ssl=1\",\"contentUrl\":\"https:\/\/i0.wp.com\/bukkigyogytea.com\/wp-content\/uploads\/2020\/05\/Sitelogo-1.jpg?fit=350%2C85&ssl=1\",\"width\":350,\"height\":85,\"caption\":\"B\u00fckki Gy\u00f3gytea Web\u00e1ruh\u00e1z\"},\"image\":{\"@id\":\"https:\/\/bukkigyogytea.com\/sk\/#\/schema\/logo\/image\/\"},\"sameAs\":[\"https:\/\/www.facebook.com\/bukkigyogytea\/\"]}]}<\/script>\n<!-- \/ Yoast SEO plugin. -->","yoast_head_json":{"title":"Palina ro\u010dn\u00e1 alkoholov\u00e1 tinkt\u00fara &#8211; B\u00fckki Gy\u00f3gytea Web\u00e1ruh\u00e1z","robots":{"index":"index","follow":"follow","max-snippet":"max-snippet:-1","max-image-preview":"max-image-preview:large","max-video-preview":"max-video-preview:-1"},"canonical":"https:\/\/bukkigyogytea.com\/sk\/produktu\/palina-rocna-alkoholova-tinktura\/","og_locale":"sk_SK","og_type":"article","og_title":"Palina ro\u010dn\u00e1 alkoholov\u00e1 tinkt\u00fara &#8211; B\u00fckki Gy\u00f3gytea Web\u00e1ruh\u00e1z","og_description":"Artemisia annua D\u00e1vkovanie 20 kvapiek 3 x denne po jedle. Neprekra\u010dujte odpor\u00fa\u010dan\u00e9 d\u00e1vkovanie. Kontraindik\u00e1cie Neu\u017e\u00edvajte s\u00fa\u010dasne s produktami, ktor\u00e9 m\u00f4\u017eu interagova\u0165 s alkoholom. Nevhodn\u00e9 pre tehotn\u00e9 a doj\u010diace \u017eeny. Nevhodn\u00e9 pre deti do 14 rokov. Zlo\u017eenie voda, etanol, Palina ro\u010dn\u00e1 (Artemisia annua) Skladovanie Skladujte pri izbovej teplote. Uchov\u00e1vajte mimo dosahu det\u00ed! Distrib\u00fator Pharmaherb Kft. 3557 ... Read more","og_url":"https:\/\/bukkigyogytea.com\/sk\/produktu\/palina-rocna-alkoholova-tinktura\/","og_site_name":"B\u00fckki Gy\u00f3gytea Web\u00e1ruh\u00e1z","article_publisher":"https:\/\/www.facebook.com\/bukkigyogytea\/","article_modified_time":"2022-10-31T23:00:52+00:00","og_image":[{"url":"https:\/\/bukkigyogytea.com\/wp-content\/uploads\/2020\/04\/og-kisviragu-ak.jpg","type":"","width":"","height":""}],"twitter_card":"summary_large_image","schema":{"@context":"https:\/\/schema.org","@graph":[{"@type":"WebPage","@id":"https:\/\/bukkigyogytea.com\/sk\/produktu\/palina-rocna-alkoholova-tinktura\/","url":"https:\/\/bukkigyogytea.com\/sk\/produktu\/palina-rocna-alkoholova-tinktura\/","name":"Palina ro\u010dn\u00e1 alkoholov\u00e1 tinkt\u00fara &#8211; B\u00fckki Gy\u00f3gytea Web\u00e1ruh\u00e1z","isPartOf":{"@id":"https:\/\/bukkigyogytea.com\/sk\/#website"},"primaryImageOfPage":{"@id":"https:\/\/bukkigyogytea.com\/sk\/produktu\/palina-rocna-alkoholova-tinktura\/#primaryimage"},"image":{"@id":"https:\/\/bukkigyogytea.com\/sk\/produktu\/palina-rocna-alkoholova-tinktura\/#primaryimage"},"thumbnailUrl":"https:\/\/bukkigyogytea.com\/wp-content\/uploads\/2022\/01\/tinktura_egynyari-urom_550x550_uveg_bal.png","datePublished":"2022-01-06T12:01:12+00:00","dateModified":"2022-10-31T23:00:52+00:00","breadcrumb":{"@id":"https:\/\/bukkigyogytea.com\/sk\/produktu\/palina-rocna-alkoholova-tinktura\/#breadcrumb"},"inLanguage":"sk-SK","potentialAction":[{"@type":"ReadAction","target":["https:\/\/bukkigyogytea.com\/sk\/produktu\/palina-rocna-alkoholova-tinktura\/"]}]},{"@type":"ImageObject","inLanguage":"sk-SK","@id":"https:\/\/bukkigyogytea.com\/sk\/produktu\/palina-rocna-alkoholova-tinktura\/#primaryimage","url":"https:\/\/bukkigyogytea.com\/wp-content\/uploads\/2022\/01\/tinktura_egynyari-urom_550x550_uveg_bal.png","contentUrl":"https:\/\/bukkigyogytea.com\/wp-content\/uploads\/2022\/01\/tinktura_egynyari-urom_550x550_uveg_bal.png","width":550,"height":550,"caption":"Egyny\u00e1ri \u00fcr\u00f6m alkoholos kivonat"},{"@type":"BreadcrumbList","@id":"https:\/\/bukkigyogytea.com\/sk\/produktu\/palina-rocna-alkoholova-tinktura\/#breadcrumb","itemListElement":[{"@type":"ListItem","position":1,"name":"Domov","item":"https:\/\/bukkigyogytea.com\/sk\/"},{"@type":"ListItem","position":2,"name":"Shop","item":"https:\/\/bukkigyogytea.com\/sk\/obchodne\/"},{"@type":"ListItem","position":3,"name":"Bylinn\u00e9 v\u00fd\u0165a\u017eky","item":"https:\/\/bukkigyogytea.com\/sk\/kategoria-produktu\/bylinne-vytazky\/"},{"@type":"ListItem","position":4,"name":"Palina ro\u010dn\u00e1 alkoholov\u00e1 tinkt\u00fara"}]},{"@type":"WebSite","@id":"https:\/\/bukkigyogytea.com\/sk\/#website","url":"https:\/\/bukkigyogytea.com\/sk\/","name":"B\u00fckki Gy\u00f3gytea Web\u00e1ruh\u00e1z","description":"Gy\u00f6rgytea hivatalos viszontelad\u00f3","publisher":{"@id":"https:\/\/bukkigyogytea.com\/sk\/#organization"},"potentialAction":[{"@type":"SearchAction","target":{"@type":"EntryPoint","urlTemplate":"https:\/\/bukkigyogytea.com\/sk\/?s={search_term_string}"},"query-input":{"@type":"PropertyValueSpecification","valueRequired":true,"valueName":"search_term_string"}}],"inLanguage":"sk-SK"},{"@type":"Organization","@id":"https:\/\/bukkigyogytea.com\/sk\/#organization","name":"B\u00fckki Gy\u00f3gytea Web\u00e1ruh\u00e1z","url":"https:\/\/bukkigyogytea.com\/sk\/","logo":{"@type":"ImageObject","inLanguage":"sk-SK","@id":"https:\/\/bukkigyogytea.com\/sk\/#\/schema\/logo\/image\/","url":"https:\/\/i0.wp.com\/bukkigyogytea.com\/wp-content\/uploads\/2020\/05\/Sitelogo-1.jpg?fit=350%2C85&ssl=1","contentUrl":"https:\/\/i0.wp.com\/bukkigyogytea.com\/wp-content\/uploads\/2020\/05\/Sitelogo-1.jpg?fit=350%2C85&ssl=1","width":350,"height":85,"caption":"B\u00fckki Gy\u00f3gytea Web\u00e1ruh\u00e1z"},"image":{"@id":"https:\/\/bukkigyogytea.com\/sk\/#\/schema\/logo\/image\/"},"sameAs":["https:\/\/www.facebook.com\/bukkigyogytea\/"]}]}},"publishpress_future_action":{"enabled":false,"date":"2026-04-20 22:55:00","action":"change-status","newStatus":"draft","terms":[],"taxonomy":"product_type","extraData":[]},"publishpress_future_workflow_manual_trigger":{"enabledWorkflows":[]},"_links":{"self":[{"href":"https:\/\/bukkigyogytea.com\/sk\/wp-json\/wp\/v2\/product\/6127","targetHints":{"allow":["GET"]}}],"collection":[{"href":"https:\/\/bukkigyogytea.com\/sk\/wp-json\/wp\/v2\/product"}],"about":[{"href":"https:\/\/bukkigyogytea.com\/sk\/wp-json\/wp\/v2\/types\/product"}],"replies":[{"embeddable":true,"href":"https:\/\/bukkigyogytea.com\/sk\/wp-json\/wp\/v2\/comments?post=6127"}],"wp:featuredmedia":[{"embeddable":true,"href":"https:\/\/bukkigyogytea.com\/sk\/wp-json\/wp\/v2\/media\/6136"}],"wp:attachment":[{"href":"https:\/\/bukkigyogytea.com\/sk\/wp-json\/wp\/v2\/media?parent=6127"}],"wp:term":[{"taxonomy":"product_brand","embeddable":true,"href":"https:\/\/bukkigyogytea.com\/sk\/wp-json\/wp\/v2\/product_brand?post=6127"},{"taxonomy":"product_cat","embeddable":true,"href":"https:\/\/bukkigyogytea.com\/sk\/wp-json\/wp\/v2\/product_cat?post=6127"},{"taxonomy":"product_tag","embeddable":true,"href":"https:\/\/bukkigyogytea.com\/sk\/wp-json\/wp\/v2\/product_tag?post=6127"}],"curies":[{"name":"wp","href":"https:\/\/api.w.org\/{rel}","templated":true}]}}