{"id":4346,"date":"2021-04-01T00:34:33","date_gmt":"2021-03-31T22:34:33","guid":{"rendered":"https:\/\/bukkigyogytea.com\/?post_type=product&#038;p=4346"},"modified":"2022-05-03T11:59:02","modified_gmt":"2022-05-03T09:59:02","slug":"startovacia-suprava-pre-alergikov","status":"publish","type":"product","link":"https:\/\/bukkigyogytea.com\/sk\/produktu\/startovacia-suprava-pre-alergikov\/","title":{"rendered":"\u0160tartovacia s\u00faprava pre alergikov"},"content":{"rendered":"<p>Obsah balenia:<br \/>\n\u010cajov\u00e1 \u010dajov\u00e1 zmes zo \u017eih\u013eavy (\u010distiaci \u010daj) 50g<br \/>\nJedzte pred jedlom, najlep\u0161ie bez korenia. Pite s jednou \u0161\u00e1lkou denne po\u010das 6 t\u00fd\u017ed\u0148ov, po ktor\u00fdch nasleduje 4-t\u00fd\u017ed\u0148ov\u00e1 prest\u00e1vka. Ly\u017eicu \u010dajovej tr\u00e1vy (3 g) povarte s 2,5 dl vody a po 15 min\u00fatach prefiltrujte. Nepou\u017e\u00edvajte kovov\u00fd filter.<\/p>\n<p>Kontraindik\u00e1cie: Neodpor\u00fa\u010da sa po\u010das tehotenstva, lakt\u00e1cie alebo u det\u00ed do 12 rokov.<\/p>\n<p>Zlo\u017eenie: baza, listy \u017eih\u013eavy 20%, listy vla\u0161sk\u00fdch orechov, listy \u010diernych r\u00edbezl\u00ed, hrot kvitn\u00facich kon\u00e1rov hlohu, v\u00fdhonok bodliaka lek\u00e1rskeho, mal\u00fd rebr\u00ed\u010dek oby\u010dajn\u00fd<\/p>\n<p>Bylinn\u00e1 \u010dajov\u00e1 zmes s bylinami (alergick\u00fd \u010daj) 100g<br \/>\nKonzumujte kedyko\u013evek po\u010das d\u0148a, najlep\u0161ie bez korenia. M\u00f4\u017eete ho pi\u0165 s jednou \u0161\u00e1lkou denne po neobmedzen\u00fa dobu. Ly\u017eicu \u010dajovej tr\u00e1vy (3 g) povarte s 2,5 dl vody a po 15 min\u00fatach prefiltrujte. Nepou\u017e\u00edvajte kovov\u00fd filter.<\/p>\n<p>Kontraindik\u00e1cie: Neodpor\u00fa\u010da sa po\u010das tehotenstva a lakt\u00e1cie. M\u00f4\u017ee sa pod\u00e1va\u0165 de\u0165om od 6 rokov zrieden\u00fdm (jedna \u010dajov\u00e1 ly\u017ei\u010dka \u010dajovej tr\u00e1vy na 2,5 dl vody).<\/p>\n<p>Zlo\u017eenie: v\u00fdhonok m\u00e4ty lek\u00e1rskej, v\u00fdhonok tymianov\u00e9ho po\u013ea, skorocel kopijovit\u00fd 10%<\/p>\n","protected":false},"excerpt":{"rendered":"<p>Alergick\u00fd \u0161tartovac\u00ed bal\u00ed\u010dek je lacnej\u0161\u00ed v balen\u00ed so z\u013eavou 10%.<\/p>\n<p>Obsah balenia:<\/p>\n<p>\u010cajov\u00e1 \u010dajov\u00e1 zmes zo \u017eih\u013eavy (\u010distiaci \u010daj) 50g<br \/>\nBylinn\u00e1 \u010dajov\u00e1 zmes s bylinami (alergick\u00fd \u010daj) 100g<\/p>\n","protected":false},"featured_media":6865,"comment_status":"closed","ping_status":"closed","template":"","meta":{"_acf_changed":false},"product_brand":[],"product_cat":[165],"product_tag":[],"class_list":{"0":"post-4346","1":"product","2":"type-product","3":"status-publish","4":"has-post-thumbnail","6":"product_cat-balicek","7":"sales-flash-overlay","8":"woocommerce-text-align-center","9":"woocommerce-image-align-center","10":"do-quantity-buttons","12":"first","13":"instock","14":"sale","15":"taxable","16":"shipping-taxable","17":"purchasable","18":"product-type-simple"},"acf":{"blog_termekleiras":""},"yoast_head":"<!-- This site is optimized with the Yoast SEO plugin v26.9 - https:\/\/yoast.com\/product\/yoast-seo-wordpress\/ -->\n<title>\u0160tartovacia s\u00faprava pre alergikov &#8211; B\u00fckki Gy\u00f3gytea Web\u00e1ruh\u00e1z<\/title>\n<meta name=\"robots\" content=\"index, follow, max-snippet:-1, max-image-preview:large, max-video-preview:-1\" \/>\n<link rel=\"canonical\" href=\"https:\/\/bukkigyogytea.com\/sk\/produktu\/startovacia-suprava-pre-alergikov\/\" \/>\n<meta property=\"og:locale\" content=\"sk_SK\" \/>\n<meta property=\"og:type\" content=\"article\" \/>\n<meta property=\"og:title\" content=\"\u0160tartovacia s\u00faprava pre alergikov &#8211; B\u00fckki Gy\u00f3gytea Web\u00e1ruh\u00e1z\" \/>\n<meta property=\"og:description\" content=\"Alergick\u00fd \u0161tartovac\u00ed bal\u00ed\u010dek je lacnej\u0161\u00ed v balen\u00ed so z\u013eavou 10%.  Obsah balenia:  \u010cajov\u00e1 \u010dajov\u00e1 zmes zo \u017eih\u013eavy (\u010distiaci \u010daj) 50g Bylinn\u00e1 \u010dajov\u00e1 zmes s bylinami (alergick\u00fd \u010daj) 100g\" \/>\n<meta property=\"og:url\" content=\"https:\/\/bukkigyogytea.com\/sk\/produktu\/startovacia-suprava-pre-alergikov\/\" \/>\n<meta property=\"og:site_name\" content=\"B\u00fckki Gy\u00f3gytea Web\u00e1ruh\u00e1z\" \/>\n<meta property=\"article:publisher\" content=\"https:\/\/www.facebook.com\/bukkigyogytea\/\" \/>\n<meta property=\"article:modified_time\" content=\"2022-05-03T09:59:02+00:00\" \/>\n<meta property=\"og:image\" content=\"https:\/\/bukkigyogytea.com\/wp-content\/uploads\/2020\/10\/OG.jpg\" \/>\n<meta name=\"twitter:card\" content=\"summary_large_image\" \/>\n<meta name=\"twitter:label1\" content=\"Predpokladan\u00fd \u010das \u010d\u00edtania\" \/>\n\t<meta name=\"twitter:data1\" content=\"1 min\u00fata\" \/>\n<script type=\"application\/ld+json\" class=\"yoast-schema-graph\">{\"@context\":\"https:\/\/schema.org\",\"@graph\":[{\"@type\":\"WebPage\",\"@id\":\"https:\/\/bukkigyogytea.com\/sk\/produktu\/startovacia-suprava-pre-alergikov\/\",\"url\":\"https:\/\/bukkigyogytea.com\/sk\/produktu\/startovacia-suprava-pre-alergikov\/\",\"name\":\"\u0160tartovacia s\u00faprava pre alergikov &#8211; B\u00fckki Gy\u00f3gytea Web\u00e1ruh\u00e1z\",\"isPartOf\":{\"@id\":\"https:\/\/bukkigyogytea.com\/sk\/#website\"},\"primaryImageOfPage\":{\"@id\":\"https:\/\/bukkigyogytea.com\/sk\/produktu\/startovacia-suprava-pre-alergikov\/#primaryimage\"},\"image\":{\"@id\":\"https:\/\/bukkigyogytea.com\/sk\/produktu\/startovacia-suprava-pre-alergikov\/#primaryimage\"},\"thumbnailUrl\":\"https:\/\/bukkigyogytea.com\/wp-content\/uploads\/2021\/04\/allergiakezdo.png\",\"datePublished\":\"2021-03-31T22:34:33+00:00\",\"dateModified\":\"2022-05-03T09:59:02+00:00\",\"breadcrumb\":{\"@id\":\"https:\/\/bukkigyogytea.com\/sk\/produktu\/startovacia-suprava-pre-alergikov\/#breadcrumb\"},\"inLanguage\":\"sk-SK\",\"potentialAction\":[{\"@type\":\"ReadAction\",\"target\":[\"https:\/\/bukkigyogytea.com\/sk\/produktu\/startovacia-suprava-pre-alergikov\/\"]}]},{\"@type\":\"ImageObject\",\"inLanguage\":\"sk-SK\",\"@id\":\"https:\/\/bukkigyogytea.com\/sk\/produktu\/startovacia-suprava-pre-alergikov\/#primaryimage\",\"url\":\"https:\/\/bukkigyogytea.com\/wp-content\/uploads\/2021\/04\/allergiakezdo.png\",\"contentUrl\":\"https:\/\/bukkigyogytea.com\/wp-content\/uploads\/2021\/04\/allergiakezdo.png\",\"width\":900,\"height\":900},{\"@type\":\"BreadcrumbList\",\"@id\":\"https:\/\/bukkigyogytea.com\/sk\/produktu\/startovacia-suprava-pre-alergikov\/#breadcrumb\",\"itemListElement\":[{\"@type\":\"ListItem\",\"position\":1,\"name\":\"Domov\",\"item\":\"https:\/\/bukkigyogytea.com\/sk\/\"},{\"@type\":\"ListItem\",\"position\":2,\"name\":\"Shop\",\"item\":\"https:\/\/bukkigyogytea.com\/sk\/obchodne\/\"},{\"@type\":\"ListItem\",\"position\":3,\"name\":\"Bal\u00ed\u010dek\",\"item\":\"https:\/\/bukkigyogytea.com\/sk\/kategoria-produktu\/balicek\/\"},{\"@type\":\"ListItem\",\"position\":4,\"name\":\"\u0160tartovacia s\u00faprava pre alergikov\"}]},{\"@type\":\"WebSite\",\"@id\":\"https:\/\/bukkigyogytea.com\/sk\/#website\",\"url\":\"https:\/\/bukkigyogytea.com\/sk\/\",\"name\":\"B\u00fckki Gy\u00f3gytea Web\u00e1ruh\u00e1z\",\"description\":\"Gy\u00f6rgytea hivatalos viszontelad\u00f3\",\"publisher\":{\"@id\":\"https:\/\/bukkigyogytea.com\/sk\/#organization\"},\"potentialAction\":[{\"@type\":\"SearchAction\",\"target\":{\"@type\":\"EntryPoint\",\"urlTemplate\":\"https:\/\/bukkigyogytea.com\/sk\/?s={search_term_string}\"},\"query-input\":{\"@type\":\"PropertyValueSpecification\",\"valueRequired\":true,\"valueName\":\"search_term_string\"}}],\"inLanguage\":\"sk-SK\"},{\"@type\":\"Organization\",\"@id\":\"https:\/\/bukkigyogytea.com\/sk\/#organization\",\"name\":\"B\u00fckki Gy\u00f3gytea Web\u00e1ruh\u00e1z\",\"url\":\"https:\/\/bukkigyogytea.com\/sk\/\",\"logo\":{\"@type\":\"ImageObject\",\"inLanguage\":\"sk-SK\",\"@id\":\"https:\/\/bukkigyogytea.com\/sk\/#\/schema\/logo\/image\/\",\"url\":\"https:\/\/i0.wp.com\/bukkigyogytea.com\/wp-content\/uploads\/2020\/05\/Sitelogo-1.jpg?fit=350%2C85&ssl=1\",\"contentUrl\":\"https:\/\/i0.wp.com\/bukkigyogytea.com\/wp-content\/uploads\/2020\/05\/Sitelogo-1.jpg?fit=350%2C85&ssl=1\",\"width\":350,\"height\":85,\"caption\":\"B\u00fckki Gy\u00f3gytea Web\u00e1ruh\u00e1z\"},\"image\":{\"@id\":\"https:\/\/bukkigyogytea.com\/sk\/#\/schema\/logo\/image\/\"},\"sameAs\":[\"https:\/\/www.facebook.com\/bukkigyogytea\/\"]}]}<\/script>\n<!-- \/ Yoast SEO plugin. -->","yoast_head_json":{"title":"\u0160tartovacia s\u00faprava pre alergikov &#8211; B\u00fckki Gy\u00f3gytea Web\u00e1ruh\u00e1z","robots":{"index":"index","follow":"follow","max-snippet":"max-snippet:-1","max-image-preview":"max-image-preview:large","max-video-preview":"max-video-preview:-1"},"canonical":"https:\/\/bukkigyogytea.com\/sk\/produktu\/startovacia-suprava-pre-alergikov\/","og_locale":"sk_SK","og_type":"article","og_title":"\u0160tartovacia s\u00faprava pre alergikov &#8211; B\u00fckki Gy\u00f3gytea Web\u00e1ruh\u00e1z","og_description":"Alergick\u00fd \u0161tartovac\u00ed bal\u00ed\u010dek je lacnej\u0161\u00ed v balen\u00ed so z\u013eavou 10%.  Obsah balenia:  \u010cajov\u00e1 \u010dajov\u00e1 zmes zo \u017eih\u013eavy (\u010distiaci \u010daj) 50g Bylinn\u00e1 \u010dajov\u00e1 zmes s bylinami (alergick\u00fd \u010daj) 100g","og_url":"https:\/\/bukkigyogytea.com\/sk\/produktu\/startovacia-suprava-pre-alergikov\/","og_site_name":"B\u00fckki Gy\u00f3gytea Web\u00e1ruh\u00e1z","article_publisher":"https:\/\/www.facebook.com\/bukkigyogytea\/","article_modified_time":"2022-05-03T09:59:02+00:00","og_image":[{"url":"https:\/\/bukkigyogytea.com\/wp-content\/uploads\/2020\/10\/OG.jpg","type":"","width":"","height":""}],"twitter_card":"summary_large_image","twitter_misc":{"Predpokladan\u00fd \u010das \u010d\u00edtania":"1 min\u00fata"},"schema":{"@context":"https:\/\/schema.org","@graph":[{"@type":"WebPage","@id":"https:\/\/bukkigyogytea.com\/sk\/produktu\/startovacia-suprava-pre-alergikov\/","url":"https:\/\/bukkigyogytea.com\/sk\/produktu\/startovacia-suprava-pre-alergikov\/","name":"\u0160tartovacia s\u00faprava pre alergikov &#8211; B\u00fckki Gy\u00f3gytea Web\u00e1ruh\u00e1z","isPartOf":{"@id":"https:\/\/bukkigyogytea.com\/sk\/#website"},"primaryImageOfPage":{"@id":"https:\/\/bukkigyogytea.com\/sk\/produktu\/startovacia-suprava-pre-alergikov\/#primaryimage"},"image":{"@id":"https:\/\/bukkigyogytea.com\/sk\/produktu\/startovacia-suprava-pre-alergikov\/#primaryimage"},"thumbnailUrl":"https:\/\/bukkigyogytea.com\/wp-content\/uploads\/2021\/04\/allergiakezdo.png","datePublished":"2021-03-31T22:34:33+00:00","dateModified":"2022-05-03T09:59:02+00:00","breadcrumb":{"@id":"https:\/\/bukkigyogytea.com\/sk\/produktu\/startovacia-suprava-pre-alergikov\/#breadcrumb"},"inLanguage":"sk-SK","potentialAction":[{"@type":"ReadAction","target":["https:\/\/bukkigyogytea.com\/sk\/produktu\/startovacia-suprava-pre-alergikov\/"]}]},{"@type":"ImageObject","inLanguage":"sk-SK","@id":"https:\/\/bukkigyogytea.com\/sk\/produktu\/startovacia-suprava-pre-alergikov\/#primaryimage","url":"https:\/\/bukkigyogytea.com\/wp-content\/uploads\/2021\/04\/allergiakezdo.png","contentUrl":"https:\/\/bukkigyogytea.com\/wp-content\/uploads\/2021\/04\/allergiakezdo.png","width":900,"height":900},{"@type":"BreadcrumbList","@id":"https:\/\/bukkigyogytea.com\/sk\/produktu\/startovacia-suprava-pre-alergikov\/#breadcrumb","itemListElement":[{"@type":"ListItem","position":1,"name":"Domov","item":"https:\/\/bukkigyogytea.com\/sk\/"},{"@type":"ListItem","position":2,"name":"Shop","item":"https:\/\/bukkigyogytea.com\/sk\/obchodne\/"},{"@type":"ListItem","position":3,"name":"Bal\u00ed\u010dek","item":"https:\/\/bukkigyogytea.com\/sk\/kategoria-produktu\/balicek\/"},{"@type":"ListItem","position":4,"name":"\u0160tartovacia s\u00faprava pre alergikov"}]},{"@type":"WebSite","@id":"https:\/\/bukkigyogytea.com\/sk\/#website","url":"https:\/\/bukkigyogytea.com\/sk\/","name":"B\u00fckki Gy\u00f3gytea Web\u00e1ruh\u00e1z","description":"Gy\u00f6rgytea hivatalos viszontelad\u00f3","publisher":{"@id":"https:\/\/bukkigyogytea.com\/sk\/#organization"},"potentialAction":[{"@type":"SearchAction","target":{"@type":"EntryPoint","urlTemplate":"https:\/\/bukkigyogytea.com\/sk\/?s={search_term_string}"},"query-input":{"@type":"PropertyValueSpecification","valueRequired":true,"valueName":"search_term_string"}}],"inLanguage":"sk-SK"},{"@type":"Organization","@id":"https:\/\/bukkigyogytea.com\/sk\/#organization","name":"B\u00fckki Gy\u00f3gytea Web\u00e1ruh\u00e1z","url":"https:\/\/bukkigyogytea.com\/sk\/","logo":{"@type":"ImageObject","inLanguage":"sk-SK","@id":"https:\/\/bukkigyogytea.com\/sk\/#\/schema\/logo\/image\/","url":"https:\/\/i0.wp.com\/bukkigyogytea.com\/wp-content\/uploads\/2020\/05\/Sitelogo-1.jpg?fit=350%2C85&ssl=1","contentUrl":"https:\/\/i0.wp.com\/bukkigyogytea.com\/wp-content\/uploads\/2020\/05\/Sitelogo-1.jpg?fit=350%2C85&ssl=1","width":350,"height":85,"caption":"B\u00fckki Gy\u00f3gytea Web\u00e1ruh\u00e1z"},"image":{"@id":"https:\/\/bukkigyogytea.com\/sk\/#\/schema\/logo\/image\/"},"sameAs":["https:\/\/www.facebook.com\/bukkigyogytea\/"]}]}},"publishpress_future_action":{"enabled":false,"date":"2026-04-07 22:55:00","action":"change-status","newStatus":"draft","terms":[],"taxonomy":"product_type","extraData":[]},"publishpress_future_workflow_manual_trigger":{"enabledWorkflows":[]},"_links":{"self":[{"href":"https:\/\/bukkigyogytea.com\/sk\/wp-json\/wp\/v2\/product\/4346","targetHints":{"allow":["GET"]}}],"collection":[{"href":"https:\/\/bukkigyogytea.com\/sk\/wp-json\/wp\/v2\/product"}],"about":[{"href":"https:\/\/bukkigyogytea.com\/sk\/wp-json\/wp\/v2\/types\/product"}],"replies":[{"embeddable":true,"href":"https:\/\/bukkigyogytea.com\/sk\/wp-json\/wp\/v2\/comments?post=4346"}],"wp:featuredmedia":[{"embeddable":true,"href":"https:\/\/bukkigyogytea.com\/sk\/wp-json\/wp\/v2\/media\/6865"}],"wp:attachment":[{"href":"https:\/\/bukkigyogytea.com\/sk\/wp-json\/wp\/v2\/media?parent=4346"}],"wp:term":[{"taxonomy":"product_brand","embeddable":true,"href":"https:\/\/bukkigyogytea.com\/sk\/wp-json\/wp\/v2\/product_brand?post=4346"},{"taxonomy":"product_cat","embeddable":true,"href":"https:\/\/bukkigyogytea.com\/sk\/wp-json\/wp\/v2\/product_cat?post=4346"},{"taxonomy":"product_tag","embeddable":true,"href":"https:\/\/bukkigyogytea.com\/sk\/wp-json\/wp\/v2\/product_tag?post=4346"}],"curies":[{"name":"wp","href":"https:\/\/api.w.org\/{rel}","templated":true}]}}