{"id":3407,"date":"2020-10-19T09:38:27","date_gmt":"2020-10-19T07:38:27","guid":{"rendered":"https:\/\/bukkigyogytea.com\/?post_type=product&#038;p=3407"},"modified":"2025-03-01T02:00:20","modified_gmt":"2025-03-01T01:00:20","slug":"caj-z-dusky-materinej-caj-na-imunitu-100g","status":"publish","type":"product","link":"https:\/\/bukkigyogytea.com\/sk\/produktu\/caj-z-dusky-materinej-caj-na-imunitu-100g\/","title":{"rendered":"\u010caj z d\u00fa\u0161ky materinej (\u010caj na imunitu) &#8211; 100g"},"content":{"rendered":"<p><strong>Pr\u00edprava<\/strong><\/p>\n<p>Zarovnan\u00fa polievkov\u00fa ly\u017eicu (3 g) \u010dajovej zmesi zalejeme 2,5 dl hor\u00facej vody a po 15 min\u00fatach preced\u00edme. Nepou\u017e\u00edvajte kovov\u00e9 sitko.<\/p>\n<p><strong>Pou\u017e\u00edvanie<\/strong><\/p>\n<p>U\u017e\u00edvajte po jedle, pod\u013ea mo\u017enost\u00ed bez dochucovania.<\/p>\n<p><strong>Doba u\u017e\u00edvania<\/strong><\/p>\n<p>Prevent\u00edvne sa u\u017e\u00edvaj\u00fa 2-3 \u0161\u00e1lky t\u00fd\u017edenne. V r\u00e1mci k\u00fary 3 \u0161\u00e1lky denne a\u017e do vymiznutia pr\u00edznakov.<\/p>\n<p><strong>Kontraindik\u00e1cie<\/strong><\/p>\n<p>Nevhodn\u00e9 pre tehotn\u00e9 a doj\u010diace \u017eeny a pre deti do 3 rokov.<\/p>\n<p><strong> Zlo\u017eenie<\/strong><\/p>\n<p>v\u00fdhonky d\u00fa\u0161ky materinej (30%), v\u00fdhonky m\u00e4ty dlholistej, v\u00fdhonky pamajor\u00e1nu, v\u00fdhonky rep\u00edka lek\u00e1rskeho, skorocel<\/p>\n<p><strong> Skladovanie<\/strong><\/p>\n<p>Po otvoren\u00ed skladujte v\u00a0uzatvorenom stave v\u00a0suchu a\u00a0chlade, mimo dosahu det\u00ed.<\/p>\n","protected":false},"excerpt":{"rendered":"<p>Az immuner\u0151s\u00edt\u0151 tea olyan gy\u00f3gyn\u00f6v\u00e9nyekb\u0151l \u00e1ll, melyek fert\u0151tlen\u00edt\u0151 \u00e9s gyullad\u00e1scs\u00f6kkent\u0151 hat\u00e1ssal b\u00edrnak. A tea rendszeres fogyaszt\u00e1sa er\u0151s\u00edtheti a szervezet ellen\u00e1ll\u00f3 k\u00e9pess\u00e9g\u00e9t a megbeteged\u00e9sekkel szemben. K\u00fcl\u00f6n\u00f6sen javasolt influenza szezonban \u00e9s az \u0151szi-t\u00e9li id\u0151szakban.<\/p>\n","protected":false},"featured_media":3412,"comment_status":"open","ping_status":"closed","template":"","meta":{"_acf_changed":false},"product_brand":[],"product_cat":[163],"product_tag":[],"class_list":{"0":"post-3407","1":"product","2":"type-product","3":"status-publish","4":"has-post-thumbnail","6":"product_cat-bylinne-zmesi","7":"sales-flash-overlay","8":"woocommerce-text-align-center","9":"woocommerce-image-align-center","10":"do-quantity-buttons","12":"first","13":"instock","14":"taxable","15":"shipping-taxable","16":"purchasable","17":"product-type-simple"},"acf":{"blog_termekleiras":""},"yoast_head":"<!-- This site is optimized with the Yoast SEO plugin v26.9 - https:\/\/yoast.com\/product\/yoast-seo-wordpress\/ -->\n<title>\u010caj z d\u00fa\u0161ky materinej (\u010caj na imunitu) - 100g &#8211; B\u00fckki Gy\u00f3gytea Web\u00e1ruh\u00e1z<\/title>\n<meta name=\"description\" content=\"Az immuner\u0151s\u00edt\u0151 tea olyan gy\u00f3gyn\u00f6v\u00e9nyekb\u0151l \u00e1ll, melyek fert\u0151tlen\u00edt\u0151 \u00e9s gyullad\u00e1scs\u00f6kkent\u0151 hat\u00e1ssal b\u00edrnak. K\u00fcl\u00f6n\u00f6sen javasolt influenza szezonban.\" \/>\n<meta name=\"robots\" content=\"index, follow, max-snippet:-1, max-image-preview:large, max-video-preview:-1\" \/>\n<link rel=\"canonical\" href=\"https:\/\/bukkigyogytea.com\/sk\/produktu\/caj-z-dusky-materinej-caj-na-imunitu-100g\/\" \/>\n<meta property=\"og:locale\" content=\"sk_SK\" \/>\n<meta property=\"og:type\" content=\"article\" \/>\n<meta property=\"og:title\" content=\"\u010caj z d\u00fa\u0161ky materinej (\u010caj na imunitu) - 100g &#8211; B\u00fckki Gy\u00f3gytea Web\u00e1ruh\u00e1z\" \/>\n<meta property=\"og:description\" content=\"Az immuner\u0151s\u00edt\u0151 tea olyan gy\u00f3gyn\u00f6v\u00e9nyekb\u0151l \u00e1ll, melyek fert\u0151tlen\u00edt\u0151 \u00e9s gyullad\u00e1scs\u00f6kkent\u0151 hat\u00e1ssal b\u00edrnak. K\u00fcl\u00f6n\u00f6sen javasolt influenza szezonban.\" \/>\n<meta property=\"og:url\" content=\"https:\/\/bukkigyogytea.com\/sk\/produktu\/caj-z-dusky-materinej-caj-na-imunitu-100g\/\" \/>\n<meta property=\"og:site_name\" content=\"B\u00fckki Gy\u00f3gytea Web\u00e1ruh\u00e1z\" \/>\n<meta property=\"article:publisher\" content=\"https:\/\/www.facebook.com\/bukkigyogytea\/\" \/>\n<meta property=\"article:modified_time\" content=\"2025-03-01T01:00:20+00:00\" \/>\n<meta property=\"og:image\" content=\"https:\/\/bukkigyogytea.com\/wp-content\/uploads\/2019\/08\/og-tudofu.jpg\" \/>\n<meta name=\"twitter:card\" content=\"summary_large_image\" \/>\n<meta name=\"twitter:label1\" content=\"Predpokladan\u00fd \u010das \u010d\u00edtania\" \/>\n\t<meta name=\"twitter:data1\" content=\"1 min\u00fata\" \/>\n<script type=\"application\/ld+json\" class=\"yoast-schema-graph\">{\"@context\":\"https:\/\/schema.org\",\"@graph\":[{\"@type\":\"WebPage\",\"@id\":\"https:\/\/bukkigyogytea.com\/sk\/produktu\/caj-z-dusky-materinej-caj-na-imunitu-100g\/\",\"url\":\"https:\/\/bukkigyogytea.com\/sk\/produktu\/caj-z-dusky-materinej-caj-na-imunitu-100g\/\",\"name\":\"\u010caj z d\u00fa\u0161ky materinej (\u010caj na imunitu) - 100g &#8211; B\u00fckki Gy\u00f3gytea Web\u00e1ruh\u00e1z\",\"isPartOf\":{\"@id\":\"https:\/\/bukkigyogytea.com\/sk\/#website\"},\"primaryImageOfPage\":{\"@id\":\"https:\/\/bukkigyogytea.com\/sk\/produktu\/caj-z-dusky-materinej-caj-na-imunitu-100g\/#primaryimage\"},\"image\":{\"@id\":\"https:\/\/bukkigyogytea.com\/sk\/produktu\/caj-z-dusky-materinej-caj-na-imunitu-100g\/#primaryimage\"},\"thumbnailUrl\":\"https:\/\/bukkigyogytea.com\/wp-content\/uploads\/2020\/10\/mezei-kakukkfuves-100g-bal-550x550-1.png\",\"datePublished\":\"2020-10-19T07:38:27+00:00\",\"dateModified\":\"2025-03-01T01:00:20+00:00\",\"description\":\"Az immuner\u0151s\u00edt\u0151 tea olyan gy\u00f3gyn\u00f6v\u00e9nyekb\u0151l \u00e1ll, melyek fert\u0151tlen\u00edt\u0151 \u00e9s gyullad\u00e1scs\u00f6kkent\u0151 hat\u00e1ssal b\u00edrnak. K\u00fcl\u00f6n\u00f6sen javasolt influenza szezonban.\",\"breadcrumb\":{\"@id\":\"https:\/\/bukkigyogytea.com\/sk\/produktu\/caj-z-dusky-materinej-caj-na-imunitu-100g\/#breadcrumb\"},\"inLanguage\":\"sk-SK\",\"potentialAction\":[{\"@type\":\"ReadAction\",\"target\":[\"https:\/\/bukkigyogytea.com\/sk\/produktu\/caj-z-dusky-materinej-caj-na-imunitu-100g\/\"]}]},{\"@type\":\"ImageObject\",\"inLanguage\":\"sk-SK\",\"@id\":\"https:\/\/bukkigyogytea.com\/sk\/produktu\/caj-z-dusky-materinej-caj-na-imunitu-100g\/#primaryimage\",\"url\":\"https:\/\/bukkigyogytea.com\/wp-content\/uploads\/2020\/10\/mezei-kakukkfuves-100g-bal-550x550-1.png\",\"contentUrl\":\"https:\/\/bukkigyogytea.com\/wp-content\/uploads\/2020\/10\/mezei-kakukkfuves-100g-bal-550x550-1.png\",\"width\":550,\"height\":550},{\"@type\":\"BreadcrumbList\",\"@id\":\"https:\/\/bukkigyogytea.com\/sk\/produktu\/caj-z-dusky-materinej-caj-na-imunitu-100g\/#breadcrumb\",\"itemListElement\":[{\"@type\":\"ListItem\",\"position\":1,\"name\":\"Domov\",\"item\":\"https:\/\/bukkigyogytea.com\/sk\/\"},{\"@type\":\"ListItem\",\"position\":2,\"name\":\"Shop\",\"item\":\"https:\/\/bukkigyogytea.com\/sk\/obchodne\/\"},{\"@type\":\"ListItem\",\"position\":3,\"name\":\"Bylinn\u00e9 Zmesi\",\"item\":\"https:\/\/bukkigyogytea.com\/sk\/kategoria-produktu\/bylinne-zmesi\/\"},{\"@type\":\"ListItem\",\"position\":4,\"name\":\"\u010caj z d\u00fa\u0161ky materinej (\u010caj na imunitu) &#8211; 100g\"}]},{\"@type\":\"WebSite\",\"@id\":\"https:\/\/bukkigyogytea.com\/sk\/#website\",\"url\":\"https:\/\/bukkigyogytea.com\/sk\/\",\"name\":\"B\u00fckki Gy\u00f3gytea Web\u00e1ruh\u00e1z\",\"description\":\"Gy\u00f6rgytea hivatalos viszontelad\u00f3\",\"publisher\":{\"@id\":\"https:\/\/bukkigyogytea.com\/sk\/#organization\"},\"potentialAction\":[{\"@type\":\"SearchAction\",\"target\":{\"@type\":\"EntryPoint\",\"urlTemplate\":\"https:\/\/bukkigyogytea.com\/sk\/?s={search_term_string}\"},\"query-input\":{\"@type\":\"PropertyValueSpecification\",\"valueRequired\":true,\"valueName\":\"search_term_string\"}}],\"inLanguage\":\"sk-SK\"},{\"@type\":\"Organization\",\"@id\":\"https:\/\/bukkigyogytea.com\/sk\/#organization\",\"name\":\"B\u00fckki Gy\u00f3gytea Web\u00e1ruh\u00e1z\",\"url\":\"https:\/\/bukkigyogytea.com\/sk\/\",\"logo\":{\"@type\":\"ImageObject\",\"inLanguage\":\"sk-SK\",\"@id\":\"https:\/\/bukkigyogytea.com\/sk\/#\/schema\/logo\/image\/\",\"url\":\"https:\/\/i0.wp.com\/bukkigyogytea.com\/wp-content\/uploads\/2020\/05\/Sitelogo-1.jpg?fit=350%2C85&ssl=1\",\"contentUrl\":\"https:\/\/i0.wp.com\/bukkigyogytea.com\/wp-content\/uploads\/2020\/05\/Sitelogo-1.jpg?fit=350%2C85&ssl=1\",\"width\":350,\"height\":85,\"caption\":\"B\u00fckki Gy\u00f3gytea Web\u00e1ruh\u00e1z\"},\"image\":{\"@id\":\"https:\/\/bukkigyogytea.com\/sk\/#\/schema\/logo\/image\/\"},\"sameAs\":[\"https:\/\/www.facebook.com\/bukkigyogytea\/\"]}]}<\/script>\n<!-- \/ Yoast SEO plugin. -->","yoast_head_json":{"title":"\u010caj z d\u00fa\u0161ky materinej (\u010caj na imunitu) - 100g &#8211; B\u00fckki Gy\u00f3gytea Web\u00e1ruh\u00e1z","description":"Az immuner\u0151s\u00edt\u0151 tea olyan gy\u00f3gyn\u00f6v\u00e9nyekb\u0151l \u00e1ll, melyek fert\u0151tlen\u00edt\u0151 \u00e9s gyullad\u00e1scs\u00f6kkent\u0151 hat\u00e1ssal b\u00edrnak. K\u00fcl\u00f6n\u00f6sen javasolt influenza szezonban.","robots":{"index":"index","follow":"follow","max-snippet":"max-snippet:-1","max-image-preview":"max-image-preview:large","max-video-preview":"max-video-preview:-1"},"canonical":"https:\/\/bukkigyogytea.com\/sk\/produktu\/caj-z-dusky-materinej-caj-na-imunitu-100g\/","og_locale":"sk_SK","og_type":"article","og_title":"\u010caj z d\u00fa\u0161ky materinej (\u010caj na imunitu) - 100g &#8211; B\u00fckki Gy\u00f3gytea Web\u00e1ruh\u00e1z","og_description":"Az immuner\u0151s\u00edt\u0151 tea olyan gy\u00f3gyn\u00f6v\u00e9nyekb\u0151l \u00e1ll, melyek fert\u0151tlen\u00edt\u0151 \u00e9s gyullad\u00e1scs\u00f6kkent\u0151 hat\u00e1ssal b\u00edrnak. K\u00fcl\u00f6n\u00f6sen javasolt influenza szezonban.","og_url":"https:\/\/bukkigyogytea.com\/sk\/produktu\/caj-z-dusky-materinej-caj-na-imunitu-100g\/","og_site_name":"B\u00fckki Gy\u00f3gytea Web\u00e1ruh\u00e1z","article_publisher":"https:\/\/www.facebook.com\/bukkigyogytea\/","article_modified_time":"2025-03-01T01:00:20+00:00","og_image":[{"url":"https:\/\/bukkigyogytea.com\/wp-content\/uploads\/2019\/08\/og-tudofu.jpg","type":"","width":"","height":""}],"twitter_card":"summary_large_image","twitter_misc":{"Predpokladan\u00fd \u010das \u010d\u00edtania":"1 min\u00fata"},"schema":{"@context":"https:\/\/schema.org","@graph":[{"@type":"WebPage","@id":"https:\/\/bukkigyogytea.com\/sk\/produktu\/caj-z-dusky-materinej-caj-na-imunitu-100g\/","url":"https:\/\/bukkigyogytea.com\/sk\/produktu\/caj-z-dusky-materinej-caj-na-imunitu-100g\/","name":"\u010caj z d\u00fa\u0161ky materinej (\u010caj na imunitu) - 100g &#8211; B\u00fckki Gy\u00f3gytea Web\u00e1ruh\u00e1z","isPartOf":{"@id":"https:\/\/bukkigyogytea.com\/sk\/#website"},"primaryImageOfPage":{"@id":"https:\/\/bukkigyogytea.com\/sk\/produktu\/caj-z-dusky-materinej-caj-na-imunitu-100g\/#primaryimage"},"image":{"@id":"https:\/\/bukkigyogytea.com\/sk\/produktu\/caj-z-dusky-materinej-caj-na-imunitu-100g\/#primaryimage"},"thumbnailUrl":"https:\/\/bukkigyogytea.com\/wp-content\/uploads\/2020\/10\/mezei-kakukkfuves-100g-bal-550x550-1.png","datePublished":"2020-10-19T07:38:27+00:00","dateModified":"2025-03-01T01:00:20+00:00","description":"Az immuner\u0151s\u00edt\u0151 tea olyan gy\u00f3gyn\u00f6v\u00e9nyekb\u0151l \u00e1ll, melyek fert\u0151tlen\u00edt\u0151 \u00e9s gyullad\u00e1scs\u00f6kkent\u0151 hat\u00e1ssal b\u00edrnak. K\u00fcl\u00f6n\u00f6sen javasolt influenza szezonban.","breadcrumb":{"@id":"https:\/\/bukkigyogytea.com\/sk\/produktu\/caj-z-dusky-materinej-caj-na-imunitu-100g\/#breadcrumb"},"inLanguage":"sk-SK","potentialAction":[{"@type":"ReadAction","target":["https:\/\/bukkigyogytea.com\/sk\/produktu\/caj-z-dusky-materinej-caj-na-imunitu-100g\/"]}]},{"@type":"ImageObject","inLanguage":"sk-SK","@id":"https:\/\/bukkigyogytea.com\/sk\/produktu\/caj-z-dusky-materinej-caj-na-imunitu-100g\/#primaryimage","url":"https:\/\/bukkigyogytea.com\/wp-content\/uploads\/2020\/10\/mezei-kakukkfuves-100g-bal-550x550-1.png","contentUrl":"https:\/\/bukkigyogytea.com\/wp-content\/uploads\/2020\/10\/mezei-kakukkfuves-100g-bal-550x550-1.png","width":550,"height":550},{"@type":"BreadcrumbList","@id":"https:\/\/bukkigyogytea.com\/sk\/produktu\/caj-z-dusky-materinej-caj-na-imunitu-100g\/#breadcrumb","itemListElement":[{"@type":"ListItem","position":1,"name":"Domov","item":"https:\/\/bukkigyogytea.com\/sk\/"},{"@type":"ListItem","position":2,"name":"Shop","item":"https:\/\/bukkigyogytea.com\/sk\/obchodne\/"},{"@type":"ListItem","position":3,"name":"Bylinn\u00e9 Zmesi","item":"https:\/\/bukkigyogytea.com\/sk\/kategoria-produktu\/bylinne-zmesi\/"},{"@type":"ListItem","position":4,"name":"\u010caj z d\u00fa\u0161ky materinej (\u010caj na imunitu) &#8211; 100g"}]},{"@type":"WebSite","@id":"https:\/\/bukkigyogytea.com\/sk\/#website","url":"https:\/\/bukkigyogytea.com\/sk\/","name":"B\u00fckki Gy\u00f3gytea Web\u00e1ruh\u00e1z","description":"Gy\u00f6rgytea hivatalos viszontelad\u00f3","publisher":{"@id":"https:\/\/bukkigyogytea.com\/sk\/#organization"},"potentialAction":[{"@type":"SearchAction","target":{"@type":"EntryPoint","urlTemplate":"https:\/\/bukkigyogytea.com\/sk\/?s={search_term_string}"},"query-input":{"@type":"PropertyValueSpecification","valueRequired":true,"valueName":"search_term_string"}}],"inLanguage":"sk-SK"},{"@type":"Organization","@id":"https:\/\/bukkigyogytea.com\/sk\/#organization","name":"B\u00fckki Gy\u00f3gytea Web\u00e1ruh\u00e1z","url":"https:\/\/bukkigyogytea.com\/sk\/","logo":{"@type":"ImageObject","inLanguage":"sk-SK","@id":"https:\/\/bukkigyogytea.com\/sk\/#\/schema\/logo\/image\/","url":"https:\/\/i0.wp.com\/bukkigyogytea.com\/wp-content\/uploads\/2020\/05\/Sitelogo-1.jpg?fit=350%2C85&ssl=1","contentUrl":"https:\/\/i0.wp.com\/bukkigyogytea.com\/wp-content\/uploads\/2020\/05\/Sitelogo-1.jpg?fit=350%2C85&ssl=1","width":350,"height":85,"caption":"B\u00fckki Gy\u00f3gytea Web\u00e1ruh\u00e1z"},"image":{"@id":"https:\/\/bukkigyogytea.com\/sk\/#\/schema\/logo\/image\/"},"sameAs":["https:\/\/www.facebook.com\/bukkigyogytea\/"]}]}},"publishpress_future_action":{"enabled":false,"date":"2026-04-15 22:55:00","action":"change-status","newStatus":"draft","terms":[],"taxonomy":"product_type","extraData":[]},"publishpress_future_workflow_manual_trigger":{"enabledWorkflows":[]},"_links":{"self":[{"href":"https:\/\/bukkigyogytea.com\/sk\/wp-json\/wp\/v2\/product\/3407","targetHints":{"allow":["GET"]}}],"collection":[{"href":"https:\/\/bukkigyogytea.com\/sk\/wp-json\/wp\/v2\/product"}],"about":[{"href":"https:\/\/bukkigyogytea.com\/sk\/wp-json\/wp\/v2\/types\/product"}],"replies":[{"embeddable":true,"href":"https:\/\/bukkigyogytea.com\/sk\/wp-json\/wp\/v2\/comments?post=3407"}],"wp:featuredmedia":[{"embeddable":true,"href":"https:\/\/bukkigyogytea.com\/sk\/wp-json\/wp\/v2\/media\/3412"}],"wp:attachment":[{"href":"https:\/\/bukkigyogytea.com\/sk\/wp-json\/wp\/v2\/media?parent=3407"}],"wp:term":[{"taxonomy":"product_brand","embeddable":true,"href":"https:\/\/bukkigyogytea.com\/sk\/wp-json\/wp\/v2\/product_brand?post=3407"},{"taxonomy":"product_cat","embeddable":true,"href":"https:\/\/bukkigyogytea.com\/sk\/wp-json\/wp\/v2\/product_cat?post=3407"},{"taxonomy":"product_tag","embeddable":true,"href":"https:\/\/bukkigyogytea.com\/sk\/wp-json\/wp\/v2\/product_tag?post=3407"}],"curies":[{"name":"wp","href":"https:\/\/api.w.org\/{rel}","templated":true}]}}