{"id":2800,"date":"2020-07-02T14:02:13","date_gmt":"2020-07-02T12:02:13","guid":{"rendered":"https:\/\/bukkigyogytea.com\/termek\/cajova-zmes-z-ceresne-vtacej-cajova-zmes-na-inkontinenciu-100g\/"},"modified":"2024-01-29T09:55:48","modified_gmt":"2024-01-29T08:55:48","slug":"cajova-zmes-z-ceresne-vtacej-cajova-zmes-na-inkontinenciu-100g","status":"publish","type":"product","link":"https:\/\/bukkigyogytea.com\/sk\/produktu\/cajova-zmes-z-ceresne-vtacej-cajova-zmes-na-inkontinenciu-100g\/","title":{"rendered":"\u010cajov\u00e1 zmes z \u010dere\u0161ne vt\u00e1\u010dej (\u010cajov\u00e1 zmes na inkontinenciu) &#8211; 100g"},"content":{"rendered":"<p><strong>\u010cajov\u00e1 zmes z\u00a0\u010dere\u0161ne vt\u00e1\u010dej (\u010cajov\u00e1 zmes na inkontinenciu)<\/strong><strong> sa odpor\u00fa\u010da mu\u017eom i\u00a0\u017een\u00e1m z\u00e1rove\u0148 na posilnenie svalov\u00fdch zviera\u010dov mech\u00fara \u010di na zmiernenie probl\u00e9mov so zadr\u017eiavan\u00edm mo\u010du.<\/strong><\/p>\n<p><strong>Zlo\u017eenie<\/strong><strong> \u010dajovej zmesi z\u00a0\u010dere\u0161ne vt\u00e1\u010dej (\u010cajov\u00e1 zmes na inkontinenciu): listy \u010dere\u0161ne vt\u00e1\u010dej, v\u00fdhonky hluchavky bielej, listy \u010dere\u0161ne, vrbovka malolist\u00e1.<\/strong><\/p>\n<p><strong>Pr\u00edprava:<\/strong> nie kopcovit\u00fa polievkov\u00fa ly\u017eicu (3 g) \u010dajovej zmesi zalia\u0165 2,5 deci hor\u00facej vody, po 15 min\u00fatach precedi\u0165. Nepou\u017e\u00edvajte kovov\u00e9 sitko.<\/p>\n<p><strong>Pou\u017e\u00edvanie:<\/strong> pite v\u00a0rann\u00fdch hodin\u00e1ch, pod\u013ea mo\u017enost\u00ed bez ochucovania. U\u017e\u00edvajte denne jednu \u0161\u00e1lku ako k\u00faru, k\u00fdm pr\u00edznaky nezmizn\u00fa. Na udr\u017eiavanie \u00farovne posta\u010duje aj dvakr\u00e1t za t\u00fd\u017ede\u0148.<\/p>\n<p><strong>Neodpor\u00fa\u010da sa:<\/strong> v\u00a0tehotenstve a\u00a0po\u010das doj\u010denia. De\u0165om od 6 rokov pod\u00e1vajte v zriedenej podobe (2,5 deci vody na \u010dajov\u00fa ly\u017ei\u010dku zmesi).<\/p>\n","protected":false},"excerpt":{"rendered":"<p>Pre \u017eeny a mu\u017eov, ktor\u00ed maj\u00fa probl\u00e9m s udr\u017ean\u00edm stolice a mo\u010du, na posilnenie uzatv\u00e1racieho svalu<\/p>\n","protected":false},"featured_media":2789,"comment_status":"open","ping_status":"closed","template":"","meta":{"_acf_changed":false},"product_brand":[],"product_cat":[163],"product_tag":[],"class_list":{"0":"post-2800","1":"product","2":"type-product","3":"status-publish","4":"has-post-thumbnail","6":"product_cat-bylinne-zmesi","7":"sales-flash-overlay","8":"woocommerce-text-align-center","9":"woocommerce-image-align-center","10":"do-quantity-buttons","12":"first","13":"instock","14":"taxable","15":"shipping-taxable","16":"purchasable","17":"product-type-simple"},"acf":{"blog_termekleiras":""},"yoast_head":"<!-- This site is optimized with the Yoast SEO plugin v26.9 - https:\/\/yoast.com\/product\/yoast-seo-wordpress\/ -->\n<title>\u010cajov\u00e1 zmes z \u010dere\u0161ne vt\u00e1\u010dej (\u010cajov\u00e1 zmes na inkontinenciu) - 100g &#8211; B\u00fckki Gy\u00f3gytea Web\u00e1ruh\u00e1z<\/title>\n<meta name=\"robots\" content=\"index, follow, max-snippet:-1, max-image-preview:large, max-video-preview:-1\" \/>\n<link rel=\"canonical\" href=\"https:\/\/bukkigyogytea.com\/sk\/produktu\/cajova-zmes-z-ceresne-vtacej-cajova-zmes-na-inkontinenciu-100g\/\" \/>\n<meta property=\"og:locale\" content=\"sk_SK\" \/>\n<meta property=\"og:type\" content=\"article\" \/>\n<meta property=\"og:title\" content=\"\u010cajov\u00e1 zmes z \u010dere\u0161ne vt\u00e1\u010dej (\u010cajov\u00e1 zmes na inkontinenciu) - 100g &#8211; B\u00fckki Gy\u00f3gytea Web\u00e1ruh\u00e1z\" \/>\n<meta property=\"og:description\" content=\"Pre \u017eeny a mu\u017eov, ktor\u00ed maj\u00fa probl\u00e9m s udr\u017ean\u00edm stolice a mo\u010du, na posilnenie uzatv\u00e1racieho svalu\" \/>\n<meta property=\"og:url\" content=\"https:\/\/bukkigyogytea.com\/sk\/produktu\/cajova-zmes-z-ceresne-vtacej-cajova-zmes-na-inkontinenciu-100g\/\" \/>\n<meta property=\"og:site_name\" content=\"B\u00fckki Gy\u00f3gytea Web\u00e1ruh\u00e1z\" \/>\n<meta property=\"article:publisher\" content=\"https:\/\/www.facebook.com\/bukkigyogytea\/\" \/>\n<meta property=\"article:modified_time\" content=\"2024-01-29T08:55:48+00:00\" \/>\n<meta property=\"og:image\" content=\"https:\/\/bukkigyogytea.com\/wp-content\/uploads\/2019\/08\/og-spanyolmeggy.jpg\" \/>\n<meta name=\"twitter:card\" content=\"summary_large_image\" \/>\n<meta name=\"twitter:label1\" content=\"Predpokladan\u00fd \u010das \u010d\u00edtania\" \/>\n\t<meta name=\"twitter:data1\" content=\"1 min\u00fata\" \/>\n<script type=\"application\/ld+json\" class=\"yoast-schema-graph\">{\"@context\":\"https:\/\/schema.org\",\"@graph\":[{\"@type\":\"WebPage\",\"@id\":\"https:\/\/bukkigyogytea.com\/sk\/produktu\/cajova-zmes-z-ceresne-vtacej-cajova-zmes-na-inkontinenciu-100g\/\",\"url\":\"https:\/\/bukkigyogytea.com\/sk\/produktu\/cajova-zmes-z-ceresne-vtacej-cajova-zmes-na-inkontinenciu-100g\/\",\"name\":\"\u010cajov\u00e1 zmes z \u010dere\u0161ne vt\u00e1\u010dej (\u010cajov\u00e1 zmes na inkontinenciu) - 100g &#8211; B\u00fckki Gy\u00f3gytea Web\u00e1ruh\u00e1z\",\"isPartOf\":{\"@id\":\"https:\/\/bukkigyogytea.com\/sk\/#website\"},\"primaryImageOfPage\":{\"@id\":\"https:\/\/bukkigyogytea.com\/sk\/produktu\/cajova-zmes-z-ceresne-vtacej-cajova-zmes-na-inkontinenciu-100g\/#primaryimage\"},\"image\":{\"@id\":\"https:\/\/bukkigyogytea.com\/sk\/produktu\/cajova-zmes-z-ceresne-vtacej-cajova-zmes-na-inkontinenciu-100g\/#primaryimage\"},\"thumbnailUrl\":\"https:\/\/bukkigyogytea.com\/wp-content\/uploads\/2020\/07\/spanyolmeggy-leveles-100g-bal-550x550-1.png\",\"datePublished\":\"2020-07-02T12:02:13+00:00\",\"dateModified\":\"2024-01-29T08:55:48+00:00\",\"breadcrumb\":{\"@id\":\"https:\/\/bukkigyogytea.com\/sk\/produktu\/cajova-zmes-z-ceresne-vtacej-cajova-zmes-na-inkontinenciu-100g\/#breadcrumb\"},\"inLanguage\":\"sk-SK\",\"potentialAction\":[{\"@type\":\"ReadAction\",\"target\":[\"https:\/\/bukkigyogytea.com\/sk\/produktu\/cajova-zmes-z-ceresne-vtacej-cajova-zmes-na-inkontinenciu-100g\/\"]}]},{\"@type\":\"ImageObject\",\"inLanguage\":\"sk-SK\",\"@id\":\"https:\/\/bukkigyogytea.com\/sk\/produktu\/cajova-zmes-z-ceresne-vtacej-cajova-zmes-na-inkontinenciu-100g\/#primaryimage\",\"url\":\"https:\/\/bukkigyogytea.com\/wp-content\/uploads\/2020\/07\/spanyolmeggy-leveles-100g-bal-550x550-1.png\",\"contentUrl\":\"https:\/\/bukkigyogytea.com\/wp-content\/uploads\/2020\/07\/spanyolmeggy-leveles-100g-bal-550x550-1.png\",\"width\":550,\"height\":550},{\"@type\":\"BreadcrumbList\",\"@id\":\"https:\/\/bukkigyogytea.com\/sk\/produktu\/cajova-zmes-z-ceresne-vtacej-cajova-zmes-na-inkontinenciu-100g\/#breadcrumb\",\"itemListElement\":[{\"@type\":\"ListItem\",\"position\":1,\"name\":\"Domov\",\"item\":\"https:\/\/bukkigyogytea.com\/sk\/\"},{\"@type\":\"ListItem\",\"position\":2,\"name\":\"Shop\",\"item\":\"https:\/\/bukkigyogytea.com\/sk\/obchodne\/\"},{\"@type\":\"ListItem\",\"position\":3,\"name\":\"Bylinn\u00e9 Zmesi\",\"item\":\"https:\/\/bukkigyogytea.com\/sk\/kategoria-produktu\/bylinne-zmesi\/\"},{\"@type\":\"ListItem\",\"position\":4,\"name\":\"\u010cajov\u00e1 zmes z \u010dere\u0161ne vt\u00e1\u010dej (\u010cajov\u00e1 zmes na inkontinenciu) &#8211; 100g\"}]},{\"@type\":\"WebSite\",\"@id\":\"https:\/\/bukkigyogytea.com\/sk\/#website\",\"url\":\"https:\/\/bukkigyogytea.com\/sk\/\",\"name\":\"B\u00fckki Gy\u00f3gytea Web\u00e1ruh\u00e1z\",\"description\":\"Gy\u00f6rgytea hivatalos viszontelad\u00f3\",\"publisher\":{\"@id\":\"https:\/\/bukkigyogytea.com\/sk\/#organization\"},\"potentialAction\":[{\"@type\":\"SearchAction\",\"target\":{\"@type\":\"EntryPoint\",\"urlTemplate\":\"https:\/\/bukkigyogytea.com\/sk\/?s={search_term_string}\"},\"query-input\":{\"@type\":\"PropertyValueSpecification\",\"valueRequired\":true,\"valueName\":\"search_term_string\"}}],\"inLanguage\":\"sk-SK\"},{\"@type\":\"Organization\",\"@id\":\"https:\/\/bukkigyogytea.com\/sk\/#organization\",\"name\":\"B\u00fckki Gy\u00f3gytea Web\u00e1ruh\u00e1z\",\"url\":\"https:\/\/bukkigyogytea.com\/sk\/\",\"logo\":{\"@type\":\"ImageObject\",\"inLanguage\":\"sk-SK\",\"@id\":\"https:\/\/bukkigyogytea.com\/sk\/#\/schema\/logo\/image\/\",\"url\":\"https:\/\/i0.wp.com\/bukkigyogytea.com\/wp-content\/uploads\/2020\/05\/Sitelogo-1.jpg?fit=350%2C85&ssl=1\",\"contentUrl\":\"https:\/\/i0.wp.com\/bukkigyogytea.com\/wp-content\/uploads\/2020\/05\/Sitelogo-1.jpg?fit=350%2C85&ssl=1\",\"width\":350,\"height\":85,\"caption\":\"B\u00fckki Gy\u00f3gytea Web\u00e1ruh\u00e1z\"},\"image\":{\"@id\":\"https:\/\/bukkigyogytea.com\/sk\/#\/schema\/logo\/image\/\"},\"sameAs\":[\"https:\/\/www.facebook.com\/bukkigyogytea\/\"]}]}<\/script>\n<!-- \/ Yoast SEO plugin. -->","yoast_head_json":{"title":"\u010cajov\u00e1 zmes z \u010dere\u0161ne vt\u00e1\u010dej (\u010cajov\u00e1 zmes na inkontinenciu) - 100g &#8211; B\u00fckki Gy\u00f3gytea Web\u00e1ruh\u00e1z","robots":{"index":"index","follow":"follow","max-snippet":"max-snippet:-1","max-image-preview":"max-image-preview:large","max-video-preview":"max-video-preview:-1"},"canonical":"https:\/\/bukkigyogytea.com\/sk\/produktu\/cajova-zmes-z-ceresne-vtacej-cajova-zmes-na-inkontinenciu-100g\/","og_locale":"sk_SK","og_type":"article","og_title":"\u010cajov\u00e1 zmes z \u010dere\u0161ne vt\u00e1\u010dej (\u010cajov\u00e1 zmes na inkontinenciu) - 100g &#8211; B\u00fckki Gy\u00f3gytea Web\u00e1ruh\u00e1z","og_description":"Pre \u017eeny a mu\u017eov, ktor\u00ed maj\u00fa probl\u00e9m s udr\u017ean\u00edm stolice a mo\u010du, na posilnenie uzatv\u00e1racieho svalu","og_url":"https:\/\/bukkigyogytea.com\/sk\/produktu\/cajova-zmes-z-ceresne-vtacej-cajova-zmes-na-inkontinenciu-100g\/","og_site_name":"B\u00fckki Gy\u00f3gytea Web\u00e1ruh\u00e1z","article_publisher":"https:\/\/www.facebook.com\/bukkigyogytea\/","article_modified_time":"2024-01-29T08:55:48+00:00","og_image":[{"url":"https:\/\/bukkigyogytea.com\/wp-content\/uploads\/2019\/08\/og-spanyolmeggy.jpg","type":"","width":"","height":""}],"twitter_card":"summary_large_image","twitter_misc":{"Predpokladan\u00fd \u010das \u010d\u00edtania":"1 min\u00fata"},"schema":{"@context":"https:\/\/schema.org","@graph":[{"@type":"WebPage","@id":"https:\/\/bukkigyogytea.com\/sk\/produktu\/cajova-zmes-z-ceresne-vtacej-cajova-zmes-na-inkontinenciu-100g\/","url":"https:\/\/bukkigyogytea.com\/sk\/produktu\/cajova-zmes-z-ceresne-vtacej-cajova-zmes-na-inkontinenciu-100g\/","name":"\u010cajov\u00e1 zmes z \u010dere\u0161ne vt\u00e1\u010dej (\u010cajov\u00e1 zmes na inkontinenciu) - 100g &#8211; B\u00fckki Gy\u00f3gytea Web\u00e1ruh\u00e1z","isPartOf":{"@id":"https:\/\/bukkigyogytea.com\/sk\/#website"},"primaryImageOfPage":{"@id":"https:\/\/bukkigyogytea.com\/sk\/produktu\/cajova-zmes-z-ceresne-vtacej-cajova-zmes-na-inkontinenciu-100g\/#primaryimage"},"image":{"@id":"https:\/\/bukkigyogytea.com\/sk\/produktu\/cajova-zmes-z-ceresne-vtacej-cajova-zmes-na-inkontinenciu-100g\/#primaryimage"},"thumbnailUrl":"https:\/\/bukkigyogytea.com\/wp-content\/uploads\/2020\/07\/spanyolmeggy-leveles-100g-bal-550x550-1.png","datePublished":"2020-07-02T12:02:13+00:00","dateModified":"2024-01-29T08:55:48+00:00","breadcrumb":{"@id":"https:\/\/bukkigyogytea.com\/sk\/produktu\/cajova-zmes-z-ceresne-vtacej-cajova-zmes-na-inkontinenciu-100g\/#breadcrumb"},"inLanguage":"sk-SK","potentialAction":[{"@type":"ReadAction","target":["https:\/\/bukkigyogytea.com\/sk\/produktu\/cajova-zmes-z-ceresne-vtacej-cajova-zmes-na-inkontinenciu-100g\/"]}]},{"@type":"ImageObject","inLanguage":"sk-SK","@id":"https:\/\/bukkigyogytea.com\/sk\/produktu\/cajova-zmes-z-ceresne-vtacej-cajova-zmes-na-inkontinenciu-100g\/#primaryimage","url":"https:\/\/bukkigyogytea.com\/wp-content\/uploads\/2020\/07\/spanyolmeggy-leveles-100g-bal-550x550-1.png","contentUrl":"https:\/\/bukkigyogytea.com\/wp-content\/uploads\/2020\/07\/spanyolmeggy-leveles-100g-bal-550x550-1.png","width":550,"height":550},{"@type":"BreadcrumbList","@id":"https:\/\/bukkigyogytea.com\/sk\/produktu\/cajova-zmes-z-ceresne-vtacej-cajova-zmes-na-inkontinenciu-100g\/#breadcrumb","itemListElement":[{"@type":"ListItem","position":1,"name":"Domov","item":"https:\/\/bukkigyogytea.com\/sk\/"},{"@type":"ListItem","position":2,"name":"Shop","item":"https:\/\/bukkigyogytea.com\/sk\/obchodne\/"},{"@type":"ListItem","position":3,"name":"Bylinn\u00e9 Zmesi","item":"https:\/\/bukkigyogytea.com\/sk\/kategoria-produktu\/bylinne-zmesi\/"},{"@type":"ListItem","position":4,"name":"\u010cajov\u00e1 zmes z \u010dere\u0161ne vt\u00e1\u010dej (\u010cajov\u00e1 zmes na inkontinenciu) &#8211; 100g"}]},{"@type":"WebSite","@id":"https:\/\/bukkigyogytea.com\/sk\/#website","url":"https:\/\/bukkigyogytea.com\/sk\/","name":"B\u00fckki Gy\u00f3gytea Web\u00e1ruh\u00e1z","description":"Gy\u00f6rgytea hivatalos viszontelad\u00f3","publisher":{"@id":"https:\/\/bukkigyogytea.com\/sk\/#organization"},"potentialAction":[{"@type":"SearchAction","target":{"@type":"EntryPoint","urlTemplate":"https:\/\/bukkigyogytea.com\/sk\/?s={search_term_string}"},"query-input":{"@type":"PropertyValueSpecification","valueRequired":true,"valueName":"search_term_string"}}],"inLanguage":"sk-SK"},{"@type":"Organization","@id":"https:\/\/bukkigyogytea.com\/sk\/#organization","name":"B\u00fckki Gy\u00f3gytea Web\u00e1ruh\u00e1z","url":"https:\/\/bukkigyogytea.com\/sk\/","logo":{"@type":"ImageObject","inLanguage":"sk-SK","@id":"https:\/\/bukkigyogytea.com\/sk\/#\/schema\/logo\/image\/","url":"https:\/\/i0.wp.com\/bukkigyogytea.com\/wp-content\/uploads\/2020\/05\/Sitelogo-1.jpg?fit=350%2C85&ssl=1","contentUrl":"https:\/\/i0.wp.com\/bukkigyogytea.com\/wp-content\/uploads\/2020\/05\/Sitelogo-1.jpg?fit=350%2C85&ssl=1","width":350,"height":85,"caption":"B\u00fckki Gy\u00f3gytea Web\u00e1ruh\u00e1z"},"image":{"@id":"https:\/\/bukkigyogytea.com\/sk\/#\/schema\/logo\/image\/"},"sameAs":["https:\/\/www.facebook.com\/bukkigyogytea\/"]}]}},"publishpress_future_action":{"enabled":false,"date":"2026-04-16 22:55:00","action":"change-status","newStatus":"draft","terms":[],"taxonomy":"product_type","extraData":[]},"publishpress_future_workflow_manual_trigger":{"enabledWorkflows":[]},"_links":{"self":[{"href":"https:\/\/bukkigyogytea.com\/sk\/wp-json\/wp\/v2\/product\/2800","targetHints":{"allow":["GET"]}}],"collection":[{"href":"https:\/\/bukkigyogytea.com\/sk\/wp-json\/wp\/v2\/product"}],"about":[{"href":"https:\/\/bukkigyogytea.com\/sk\/wp-json\/wp\/v2\/types\/product"}],"replies":[{"embeddable":true,"href":"https:\/\/bukkigyogytea.com\/sk\/wp-json\/wp\/v2\/comments?post=2800"}],"wp:featuredmedia":[{"embeddable":true,"href":"https:\/\/bukkigyogytea.com\/sk\/wp-json\/wp\/v2\/media\/2789"}],"wp:attachment":[{"href":"https:\/\/bukkigyogytea.com\/sk\/wp-json\/wp\/v2\/media?parent=2800"}],"wp:term":[{"taxonomy":"product_brand","embeddable":true,"href":"https:\/\/bukkigyogytea.com\/sk\/wp-json\/wp\/v2\/product_brand?post=2800"},{"taxonomy":"product_cat","embeddable":true,"href":"https:\/\/bukkigyogytea.com\/sk\/wp-json\/wp\/v2\/product_cat?post=2800"},{"taxonomy":"product_tag","embeddable":true,"href":"https:\/\/bukkigyogytea.com\/sk\/wp-json\/wp\/v2\/product_tag?post=2800"}],"curies":[{"name":"wp","href":"https:\/\/api.w.org\/{rel}","templated":true}]}}