{"id":2798,"date":"2020-07-02T13:56:08","date_gmt":"2020-07-02T11:56:08","guid":{"rendered":"https:\/\/bukkigyogytea.com\/termek\/cajova-zmes-z-praslicky-rolnej-ochranca-obliciek-100g\/"},"modified":"2026-04-02T08:13:23","modified_gmt":"2026-04-02T06:13:23","slug":"cajova-zmes-z-praslicky-rolnej-ochranca-obliciek-100g","status":"publish","type":"product","link":"https:\/\/bukkigyogytea.com\/sk\/produktu\/cajova-zmes-z-praslicky-rolnej-ochranca-obliciek-100g\/","title":{"rendered":"\u010cajov\u00e1 zmes z prasli\u010dky ro\u013enej (Ochranca obli\u010diek) &#8211; 100g"},"content":{"rendered":"<h4 class=\"font-claude-response-body break-words whitespace-pre-wrap leading-[1.7]\">Zlo\u017eenie<\/h4>\n<p class=\"font-claude-response-body break-words whitespace-pre-wrap leading-[1.7]\">v\u00fdhonky zlatobyle oby\u010dajnej, v\u00fdhonky lipkavca prav\u00e9ho, v\u00fdhonky prasli\u010dky ro\u013enej (15%), v\u00fdhonky vrbovky malolistej<\/p>\n<h4 class=\"font-claude-response-body break-words whitespace-pre-wrap leading-[1.7]\">Pr\u00edprava<\/h4>\n<p class=\"font-claude-response-body break-words whitespace-pre-wrap leading-[1.7]\">Nie kopcovit\u00fa polievkov\u00fa ly\u017eicu (3 g) \u010dajovej zmesi zalia\u0165 2,5 dl vriacej vody, po 10 min\u00fatach precedi\u0165. Nepou\u017e\u00edvajte kovov\u00e9 sitko.<\/p>\n<h4 class=\"font-claude-response-body break-words whitespace-pre-wrap leading-[1.7]\">Pou\u017e\u00edvanie<\/h4>\n<p class=\"font-claude-response-body break-words whitespace-pre-wrap leading-[1.7]\">Pi\u0165 r\u00e1no na la\u010dn\u00fd \u017eal\u00fadok, pokia\u013e mo\u017eno bez ochucovania. Mo\u017eno pi\u0165 jednu a\u017e dve \u0161\u00e1lky denne po dobu 6 t\u00fd\u017ed\u0148ov, potom je potrebn\u00e1 4-t\u00fd\u017ed\u0148ov\u00e1 prest\u00e1vka.<\/p>\n<h4 class=\"font-claude-response-body break-words whitespace-pre-wrap leading-[1.7]\">Kontraindik\u00e1cie<\/h4>\n<p class=\"font-claude-response-body break-words whitespace-pre-wrap leading-[1.7]\">Neodpor\u00fa\u010da sa v tehotenstve a po\u010das doj\u010denia ani do 18 rokov. Neodpor\u00fa\u010da sa osob\u00e1m trpiacim srdcov\u00fdm zlyhan\u00edm ani pri opuchoch vypl\u00fdvaj\u00facich z nedostato\u010dnej srdcovej a obli\u010dkovej \u010dinnosti.<\/p>\n","protected":false},"excerpt":{"rendered":"<p>Podporuje fungovanie obli\u010diek, \u010distenie obli\u010diek, vhodn\u00fd na ed\u00e9m aj ako prevencia pred vznikom obli\u010dkov\u00fdch kame\u0148ov<\/p>\n","protected":false},"featured_media":2787,"comment_status":"open","ping_status":"closed","template":"","meta":{"_acf_changed":false},"product_brand":[],"product_cat":[163],"product_tag":[],"class_list":{"0":"post-2798","1":"product","2":"type-product","3":"status-publish","4":"has-post-thumbnail","6":"product_cat-bylinne-zmesi","7":"sales-flash-overlay","8":"woocommerce-text-align-center","9":"woocommerce-image-align-center","10":"do-quantity-buttons","12":"first","13":"instock","14":"sale","15":"taxable","16":"shipping-taxable","17":"purchasable","18":"product-type-simple"},"acf":{"blog_termekleiras":""},"yoast_head":"<!-- This site is optimized with the Yoast SEO plugin v26.9 - https:\/\/yoast.com\/product\/yoast-seo-wordpress\/ -->\n<title>\u010cajov\u00e1 zmes z prasli\u010dky ro\u013enej (Ochranca obli\u010diek) - 100g &#8211; B\u00fckki Gy\u00f3gytea Web\u00e1ruh\u00e1z<\/title>\n<meta name=\"description\" content=\"\u010cajov\u00fa zmes z prasli\u010dky ro\u013enej odpor\u00fa\u010dame ako doplnok k \u010distiacim k\u00faram obli\u010diek a na podporu funkcie obli\u010diek. M\u00f4\u017ee pom\u00f4c\u0165 aj pri prevencii tvorby obli\u010dkov\u00fdch kame\u0148ov.\" \/>\n<meta name=\"robots\" content=\"index, follow, max-snippet:-1, max-image-preview:large, max-video-preview:-1\" \/>\n<link rel=\"canonical\" href=\"https:\/\/bukkigyogytea.com\/sk\/produktu\/cajova-zmes-z-praslicky-rolnej-ochranca-obliciek-100g\/\" \/>\n<meta property=\"og:locale\" content=\"sk_SK\" \/>\n<meta property=\"og:type\" content=\"article\" \/>\n<meta property=\"og:title\" content=\"\u010cajov\u00e1 zmes z prasli\u010dky ro\u013enej (Ochranca obli\u010diek) \u2013 100g\" \/>\n<meta property=\"og:description\" content=\"\u010cajov\u00fa zmes z prasli\u010dky ro\u013enej odpor\u00fa\u010dame ako doplnok k \u010distiacim k\u00faram obli\u010diek a na podporu funkcie obli\u010diek. M\u00f4\u017ee pom\u00f4c\u0165 aj pri prevencii tvorby obli\u010dkov\u00fdch kame\u0148ov.\" \/>\n<meta property=\"og:url\" content=\"https:\/\/bukkigyogytea.com\/sk\/produktu\/cajova-zmes-z-praslicky-rolnej-ochranca-obliciek-100g\/\" \/>\n<meta property=\"og:site_name\" content=\"B\u00fckki Gy\u00f3gytea Web\u00e1ruh\u00e1z\" \/>\n<meta property=\"article:publisher\" content=\"https:\/\/www.facebook.com\/bukkigyogytea\/\" \/>\n<meta property=\"article:modified_time\" content=\"2026-04-02T06:13:23+00:00\" \/>\n<meta property=\"og:image\" content=\"https:\/\/bukkigyogytea.com\/wp-content\/uploads\/2019\/08\/og-zsurlos.jpg\" \/>\n<meta name=\"twitter:card\" content=\"summary_large_image\" \/>\n<meta name=\"twitter:label1\" content=\"Predpokladan\u00fd \u010das \u010d\u00edtania\" \/>\n\t<meta name=\"twitter:data1\" content=\"1 min\u00fata\" \/>\n<script type=\"application\/ld+json\" class=\"yoast-schema-graph\">{\"@context\":\"https:\/\/schema.org\",\"@graph\":[{\"@type\":\"WebPage\",\"@id\":\"https:\/\/bukkigyogytea.com\/sk\/produktu\/cajova-zmes-z-praslicky-rolnej-ochranca-obliciek-100g\/\",\"url\":\"https:\/\/bukkigyogytea.com\/sk\/produktu\/cajova-zmes-z-praslicky-rolnej-ochranca-obliciek-100g\/\",\"name\":\"\u010cajov\u00e1 zmes z prasli\u010dky ro\u013enej (Ochranca obli\u010diek) - 100g &#8211; B\u00fckki Gy\u00f3gytea Web\u00e1ruh\u00e1z\",\"isPartOf\":{\"@id\":\"https:\/\/bukkigyogytea.com\/sk\/#website\"},\"primaryImageOfPage\":{\"@id\":\"https:\/\/bukkigyogytea.com\/sk\/produktu\/cajova-zmes-z-praslicky-rolnej-ochranca-obliciek-100g\/#primaryimage\"},\"image\":{\"@id\":\"https:\/\/bukkigyogytea.com\/sk\/produktu\/cajova-zmes-z-praslicky-rolnej-ochranca-obliciek-100g\/#primaryimage\"},\"thumbnailUrl\":\"https:\/\/bukkigyogytea.com\/wp-content\/uploads\/2020\/07\/mezei-zsurlos-100g-bal-550x550-1.png\",\"datePublished\":\"2020-07-02T11:56:08+00:00\",\"dateModified\":\"2026-04-02T06:13:23+00:00\",\"description\":\"\u010cajov\u00fa zmes z prasli\u010dky ro\u013enej odpor\u00fa\u010dame ako doplnok k \u010distiacim k\u00faram obli\u010diek a na podporu funkcie obli\u010diek. M\u00f4\u017ee pom\u00f4c\u0165 aj pri prevencii tvorby obli\u010dkov\u00fdch kame\u0148ov.\",\"breadcrumb\":{\"@id\":\"https:\/\/bukkigyogytea.com\/sk\/produktu\/cajova-zmes-z-praslicky-rolnej-ochranca-obliciek-100g\/#breadcrumb\"},\"inLanguage\":\"sk-SK\",\"potentialAction\":[{\"@type\":\"ReadAction\",\"target\":[\"https:\/\/bukkigyogytea.com\/sk\/produktu\/cajova-zmes-z-praslicky-rolnej-ochranca-obliciek-100g\/\"]}]},{\"@type\":\"ImageObject\",\"inLanguage\":\"sk-SK\",\"@id\":\"https:\/\/bukkigyogytea.com\/sk\/produktu\/cajova-zmes-z-praslicky-rolnej-ochranca-obliciek-100g\/#primaryimage\",\"url\":\"https:\/\/bukkigyogytea.com\/wp-content\/uploads\/2020\/07\/mezei-zsurlos-100g-bal-550x550-1.png\",\"contentUrl\":\"https:\/\/bukkigyogytea.com\/wp-content\/uploads\/2020\/07\/mezei-zsurlos-100g-bal-550x550-1.png\",\"width\":550,\"height\":550},{\"@type\":\"BreadcrumbList\",\"@id\":\"https:\/\/bukkigyogytea.com\/sk\/produktu\/cajova-zmes-z-praslicky-rolnej-ochranca-obliciek-100g\/#breadcrumb\",\"itemListElement\":[{\"@type\":\"ListItem\",\"position\":1,\"name\":\"Domov\",\"item\":\"https:\/\/bukkigyogytea.com\/sk\/\"},{\"@type\":\"ListItem\",\"position\":2,\"name\":\"Shop\",\"item\":\"https:\/\/bukkigyogytea.com\/sk\/obchodne\/\"},{\"@type\":\"ListItem\",\"position\":3,\"name\":\"Bylinn\u00e9 Zmesi\",\"item\":\"https:\/\/bukkigyogytea.com\/sk\/kategoria-produktu\/bylinne-zmesi\/\"},{\"@type\":\"ListItem\",\"position\":4,\"name\":\"\u010cajov\u00e1 zmes z prasli\u010dky ro\u013enej (Ochranca obli\u010diek) &#8211; 100g\"}]},{\"@type\":\"WebSite\",\"@id\":\"https:\/\/bukkigyogytea.com\/sk\/#website\",\"url\":\"https:\/\/bukkigyogytea.com\/sk\/\",\"name\":\"B\u00fckki Gy\u00f3gytea Web\u00e1ruh\u00e1z\",\"description\":\"Gy\u00f6rgytea hivatalos viszontelad\u00f3\",\"publisher\":{\"@id\":\"https:\/\/bukkigyogytea.com\/sk\/#organization\"},\"potentialAction\":[{\"@type\":\"SearchAction\",\"target\":{\"@type\":\"EntryPoint\",\"urlTemplate\":\"https:\/\/bukkigyogytea.com\/sk\/?s={search_term_string}\"},\"query-input\":{\"@type\":\"PropertyValueSpecification\",\"valueRequired\":true,\"valueName\":\"search_term_string\"}}],\"inLanguage\":\"sk-SK\"},{\"@type\":\"Organization\",\"@id\":\"https:\/\/bukkigyogytea.com\/sk\/#organization\",\"name\":\"B\u00fckki Gy\u00f3gytea Web\u00e1ruh\u00e1z\",\"url\":\"https:\/\/bukkigyogytea.com\/sk\/\",\"logo\":{\"@type\":\"ImageObject\",\"inLanguage\":\"sk-SK\",\"@id\":\"https:\/\/bukkigyogytea.com\/sk\/#\/schema\/logo\/image\/\",\"url\":\"https:\/\/i0.wp.com\/bukkigyogytea.com\/wp-content\/uploads\/2020\/05\/Sitelogo-1.jpg?fit=350%2C85&ssl=1\",\"contentUrl\":\"https:\/\/i0.wp.com\/bukkigyogytea.com\/wp-content\/uploads\/2020\/05\/Sitelogo-1.jpg?fit=350%2C85&ssl=1\",\"width\":350,\"height\":85,\"caption\":\"B\u00fckki Gy\u00f3gytea Web\u00e1ruh\u00e1z\"},\"image\":{\"@id\":\"https:\/\/bukkigyogytea.com\/sk\/#\/schema\/logo\/image\/\"},\"sameAs\":[\"https:\/\/www.facebook.com\/bukkigyogytea\/\"]}]}<\/script>\n<!-- \/ Yoast SEO plugin. -->","yoast_head_json":{"title":"\u010cajov\u00e1 zmes z prasli\u010dky ro\u013enej (Ochranca obli\u010diek) - 100g &#8211; B\u00fckki Gy\u00f3gytea Web\u00e1ruh\u00e1z","description":"\u010cajov\u00fa zmes z prasli\u010dky ro\u013enej odpor\u00fa\u010dame ako doplnok k \u010distiacim k\u00faram obli\u010diek a na podporu funkcie obli\u010diek. M\u00f4\u017ee pom\u00f4c\u0165 aj pri prevencii tvorby obli\u010dkov\u00fdch kame\u0148ov.","robots":{"index":"index","follow":"follow","max-snippet":"max-snippet:-1","max-image-preview":"max-image-preview:large","max-video-preview":"max-video-preview:-1"},"canonical":"https:\/\/bukkigyogytea.com\/sk\/produktu\/cajova-zmes-z-praslicky-rolnej-ochranca-obliciek-100g\/","og_locale":"sk_SK","og_type":"article","og_title":"\u010cajov\u00e1 zmes z prasli\u010dky ro\u013enej (Ochranca obli\u010diek) \u2013 100g","og_description":"\u010cajov\u00fa zmes z prasli\u010dky ro\u013enej odpor\u00fa\u010dame ako doplnok k \u010distiacim k\u00faram obli\u010diek a na podporu funkcie obli\u010diek. M\u00f4\u017ee pom\u00f4c\u0165 aj pri prevencii tvorby obli\u010dkov\u00fdch kame\u0148ov.","og_url":"https:\/\/bukkigyogytea.com\/sk\/produktu\/cajova-zmes-z-praslicky-rolnej-ochranca-obliciek-100g\/","og_site_name":"B\u00fckki Gy\u00f3gytea Web\u00e1ruh\u00e1z","article_publisher":"https:\/\/www.facebook.com\/bukkigyogytea\/","article_modified_time":"2026-04-02T06:13:23+00:00","og_image":[{"url":"https:\/\/bukkigyogytea.com\/wp-content\/uploads\/2019\/08\/og-zsurlos.jpg","type":"","width":"","height":""}],"twitter_card":"summary_large_image","twitter_misc":{"Predpokladan\u00fd \u010das \u010d\u00edtania":"1 min\u00fata"},"schema":{"@context":"https:\/\/schema.org","@graph":[{"@type":"WebPage","@id":"https:\/\/bukkigyogytea.com\/sk\/produktu\/cajova-zmes-z-praslicky-rolnej-ochranca-obliciek-100g\/","url":"https:\/\/bukkigyogytea.com\/sk\/produktu\/cajova-zmes-z-praslicky-rolnej-ochranca-obliciek-100g\/","name":"\u010cajov\u00e1 zmes z prasli\u010dky ro\u013enej (Ochranca obli\u010diek) - 100g &#8211; B\u00fckki Gy\u00f3gytea Web\u00e1ruh\u00e1z","isPartOf":{"@id":"https:\/\/bukkigyogytea.com\/sk\/#website"},"primaryImageOfPage":{"@id":"https:\/\/bukkigyogytea.com\/sk\/produktu\/cajova-zmes-z-praslicky-rolnej-ochranca-obliciek-100g\/#primaryimage"},"image":{"@id":"https:\/\/bukkigyogytea.com\/sk\/produktu\/cajova-zmes-z-praslicky-rolnej-ochranca-obliciek-100g\/#primaryimage"},"thumbnailUrl":"https:\/\/bukkigyogytea.com\/wp-content\/uploads\/2020\/07\/mezei-zsurlos-100g-bal-550x550-1.png","datePublished":"2020-07-02T11:56:08+00:00","dateModified":"2026-04-02T06:13:23+00:00","description":"\u010cajov\u00fa zmes z prasli\u010dky ro\u013enej odpor\u00fa\u010dame ako doplnok k \u010distiacim k\u00faram obli\u010diek a na podporu funkcie obli\u010diek. M\u00f4\u017ee pom\u00f4c\u0165 aj pri prevencii tvorby obli\u010dkov\u00fdch kame\u0148ov.","breadcrumb":{"@id":"https:\/\/bukkigyogytea.com\/sk\/produktu\/cajova-zmes-z-praslicky-rolnej-ochranca-obliciek-100g\/#breadcrumb"},"inLanguage":"sk-SK","potentialAction":[{"@type":"ReadAction","target":["https:\/\/bukkigyogytea.com\/sk\/produktu\/cajova-zmes-z-praslicky-rolnej-ochranca-obliciek-100g\/"]}]},{"@type":"ImageObject","inLanguage":"sk-SK","@id":"https:\/\/bukkigyogytea.com\/sk\/produktu\/cajova-zmes-z-praslicky-rolnej-ochranca-obliciek-100g\/#primaryimage","url":"https:\/\/bukkigyogytea.com\/wp-content\/uploads\/2020\/07\/mezei-zsurlos-100g-bal-550x550-1.png","contentUrl":"https:\/\/bukkigyogytea.com\/wp-content\/uploads\/2020\/07\/mezei-zsurlos-100g-bal-550x550-1.png","width":550,"height":550},{"@type":"BreadcrumbList","@id":"https:\/\/bukkigyogytea.com\/sk\/produktu\/cajova-zmes-z-praslicky-rolnej-ochranca-obliciek-100g\/#breadcrumb","itemListElement":[{"@type":"ListItem","position":1,"name":"Domov","item":"https:\/\/bukkigyogytea.com\/sk\/"},{"@type":"ListItem","position":2,"name":"Shop","item":"https:\/\/bukkigyogytea.com\/sk\/obchodne\/"},{"@type":"ListItem","position":3,"name":"Bylinn\u00e9 Zmesi","item":"https:\/\/bukkigyogytea.com\/sk\/kategoria-produktu\/bylinne-zmesi\/"},{"@type":"ListItem","position":4,"name":"\u010cajov\u00e1 zmes z prasli\u010dky ro\u013enej (Ochranca obli\u010diek) &#8211; 100g"}]},{"@type":"WebSite","@id":"https:\/\/bukkigyogytea.com\/sk\/#website","url":"https:\/\/bukkigyogytea.com\/sk\/","name":"B\u00fckki Gy\u00f3gytea Web\u00e1ruh\u00e1z","description":"Gy\u00f6rgytea hivatalos viszontelad\u00f3","publisher":{"@id":"https:\/\/bukkigyogytea.com\/sk\/#organization"},"potentialAction":[{"@type":"SearchAction","target":{"@type":"EntryPoint","urlTemplate":"https:\/\/bukkigyogytea.com\/sk\/?s={search_term_string}"},"query-input":{"@type":"PropertyValueSpecification","valueRequired":true,"valueName":"search_term_string"}}],"inLanguage":"sk-SK"},{"@type":"Organization","@id":"https:\/\/bukkigyogytea.com\/sk\/#organization","name":"B\u00fckki Gy\u00f3gytea Web\u00e1ruh\u00e1z","url":"https:\/\/bukkigyogytea.com\/sk\/","logo":{"@type":"ImageObject","inLanguage":"sk-SK","@id":"https:\/\/bukkigyogytea.com\/sk\/#\/schema\/logo\/image\/","url":"https:\/\/i0.wp.com\/bukkigyogytea.com\/wp-content\/uploads\/2020\/05\/Sitelogo-1.jpg?fit=350%2C85&ssl=1","contentUrl":"https:\/\/i0.wp.com\/bukkigyogytea.com\/wp-content\/uploads\/2020\/05\/Sitelogo-1.jpg?fit=350%2C85&ssl=1","width":350,"height":85,"caption":"B\u00fckki Gy\u00f3gytea Web\u00e1ruh\u00e1z"},"image":{"@id":"https:\/\/bukkigyogytea.com\/sk\/#\/schema\/logo\/image\/"},"sameAs":["https:\/\/www.facebook.com\/bukkigyogytea\/"]}]}},"publishpress_future_action":{"enabled":false,"date":"2026-04-16 22:55:00","action":"change-status","newStatus":"draft","terms":[],"taxonomy":"product_type","extraData":[]},"publishpress_future_workflow_manual_trigger":{"enabledWorkflows":[]},"_links":{"self":[{"href":"https:\/\/bukkigyogytea.com\/sk\/wp-json\/wp\/v2\/product\/2798","targetHints":{"allow":["GET"]}}],"collection":[{"href":"https:\/\/bukkigyogytea.com\/sk\/wp-json\/wp\/v2\/product"}],"about":[{"href":"https:\/\/bukkigyogytea.com\/sk\/wp-json\/wp\/v2\/types\/product"}],"replies":[{"embeddable":true,"href":"https:\/\/bukkigyogytea.com\/sk\/wp-json\/wp\/v2\/comments?post=2798"}],"wp:featuredmedia":[{"embeddable":true,"href":"https:\/\/bukkigyogytea.com\/sk\/wp-json\/wp\/v2\/media\/2787"}],"wp:attachment":[{"href":"https:\/\/bukkigyogytea.com\/sk\/wp-json\/wp\/v2\/media?parent=2798"}],"wp:term":[{"taxonomy":"product_brand","embeddable":true,"href":"https:\/\/bukkigyogytea.com\/sk\/wp-json\/wp\/v2\/product_brand?post=2798"},{"taxonomy":"product_cat","embeddable":true,"href":"https:\/\/bukkigyogytea.com\/sk\/wp-json\/wp\/v2\/product_cat?post=2798"},{"taxonomy":"product_tag","embeddable":true,"href":"https:\/\/bukkigyogytea.com\/sk\/wp-json\/wp\/v2\/product_tag?post=2798"}],"curies":[{"name":"wp","href":"https:\/\/api.w.org\/{rel}","templated":true}]}}