{"id":2775,"date":"2020-04-30T14:59:37","date_gmt":"2020-04-30T12:59:37","guid":{"rendered":"https:\/\/bukkigyogytea.com\/termek\/vrbovka-malokveta-alkoholova-tinktura\/"},"modified":"2025-09-01T00:02:31","modified_gmt":"2025-08-31T22:02:31","slug":"vrbovka-malokveta-alkoholova-tinktura","status":"publish","type":"product","link":"https:\/\/bukkigyogytea.com\/sk\/produktu\/vrbovka-malokveta-alkoholova-tinktura\/","title":{"rendered":"V\u0155bovka malokvet\u00e1 alkoholov\u00e1 tinkt\u00fara"},"content":{"rendered":"<p>Epilobium parviflorum folium cum flore<\/p>\n<p><strong>Pou\u017eitie:<\/strong><\/p>\n<p>U\u017e\u00edvajte 20 kvapiek 3 x denne po jedle. Neprekra\u010dujte odpor\u00fa\u010dan\u00fa denn\u00fa d\u00e1vku.<\/p>\n<p><strong>Upozornenie:<\/strong><\/p>\n<p>Neu\u017e\u00edvajte s\u00a0pr\u00edpravkami, ktor\u00e9 zvy\u0161uj\u00fa \u00fa\u010dinok alkoholu. Nevhodn\u00e9 pre tehotn\u00e9 a\u00a0doj\u010diace \u017eeny a\u00a0pre deti do 14 rokov.<\/p>\n<p><strong>Zlo\u017eenie:<\/strong><\/p>\n<p>voda, etylalkohol,\u00a0v\u0155bovka malokvet\u00e1 (Epilobium parviflorum folium cum flore). Obsah alkoholu: 25% (v\/v)<\/p>\n<p><strong>Uskladnenie:<\/strong><\/p>\n<p>Po otvoren\u00ed udr\u017eiava\u0165 mimo dosahu det\u00ed na suchom a chladnom mieste v uzatvorenom stave.<\/p>\n","protected":false},"excerpt":{"rendered":"<p>A kisvir\u00e1g\u00fa f\u00fczike alkoholos kivonata prosztataprobl\u00e9ma eset\u00e9n cs\u00f6kkenti az \u00e9jszakai vizel\u00e9sek sz\u00e1m\u00e1t, biztos\u00edtja a nyugodt pihen\u00e9st. H\u00f3lyagb\u00e1ntalmakra n\u0151k is haszn\u00e1lhatj\u00e1k.<\/p>\n","protected":false},"featured_media":2769,"comment_status":"open","ping_status":"closed","template":"","meta":{"_acf_changed":false},"product_brand":[],"product_cat":[167],"product_tag":[],"class_list":{"0":"post-2775","1":"product","2":"type-product","3":"status-publish","4":"has-post-thumbnail","6":"product_cat-bylinne-vytazky","7":"sales-flash-overlay","8":"woocommerce-text-align-center","9":"woocommerce-image-align-center","10":"do-quantity-buttons","12":"first","13":"instock","14":"taxable","15":"shipping-taxable","16":"purchasable","17":"product-type-simple"},"acf":{"blog_termekleiras":""},"yoast_head":"<!-- This site is optimized with the Yoast SEO plugin v26.9 - https:\/\/yoast.com\/product\/yoast-seo-wordpress\/ -->\n<title>V\u0155bovka malokvet\u00e1 alkoholov\u00e1 tinkt\u00fara &#8211; B\u00fckki Gy\u00f3gytea Web\u00e1ruh\u00e1z<\/title>\n<meta name=\"robots\" content=\"index, follow, max-snippet:-1, max-image-preview:large, max-video-preview:-1\" \/>\n<link rel=\"canonical\" href=\"https:\/\/bukkigyogytea.com\/sk\/produktu\/vrbovka-malokveta-alkoholova-tinktura\/\" \/>\n<meta property=\"og:locale\" content=\"sk_SK\" \/>\n<meta property=\"og:type\" content=\"article\" \/>\n<meta property=\"og:title\" content=\"V\u0155bovka malokvet\u00e1 alkoholov\u00e1 tinkt\u00fara &#8211; B\u00fckki Gy\u00f3gytea Web\u00e1ruh\u00e1z\" \/>\n<meta property=\"og:description\" content=\"A kisvir\u00e1g\u00fa f\u00fczike alkoholos kivonata prosztataprobl\u00e9ma eset\u00e9n cs\u00f6kkenti az \u00e9jszakai vizel\u00e9sek sz\u00e1m\u00e1t, biztos\u00edtja a nyugodt pihen\u00e9st. H\u00f3lyagb\u00e1ntalmakra n\u0151k is haszn\u00e1lhatj\u00e1k.\" \/>\n<meta property=\"og:url\" content=\"https:\/\/bukkigyogytea.com\/sk\/produktu\/vrbovka-malokveta-alkoholova-tinktura\/\" \/>\n<meta property=\"og:site_name\" content=\"B\u00fckki Gy\u00f3gytea Web\u00e1ruh\u00e1z\" \/>\n<meta property=\"article:publisher\" content=\"https:\/\/www.facebook.com\/bukkigyogytea\/\" \/>\n<meta property=\"article:modified_time\" content=\"2025-08-31T22:02:31+00:00\" \/>\n<meta property=\"og:image\" content=\"https:\/\/bukkigyogytea.com\/wp-content\/uploads\/2020\/04\/og-kisviragu-ak.jpg\" \/>\n<meta name=\"twitter:card\" content=\"summary_large_image\" \/>\n<script type=\"application\/ld+json\" class=\"yoast-schema-graph\">{\"@context\":\"https:\/\/schema.org\",\"@graph\":[{\"@type\":\"WebPage\",\"@id\":\"https:\/\/bukkigyogytea.com\/sk\/produktu\/vrbovka-malokveta-alkoholova-tinktura\/\",\"url\":\"https:\/\/bukkigyogytea.com\/sk\/produktu\/vrbovka-malokveta-alkoholova-tinktura\/\",\"name\":\"V\u0155bovka malokvet\u00e1 alkoholov\u00e1 tinkt\u00fara &#8211; B\u00fckki Gy\u00f3gytea Web\u00e1ruh\u00e1z\",\"isPartOf\":{\"@id\":\"https:\/\/bukkigyogytea.com\/sk\/#website\"},\"primaryImageOfPage\":{\"@id\":\"https:\/\/bukkigyogytea.com\/sk\/produktu\/vrbovka-malokveta-alkoholova-tinktura\/#primaryimage\"},\"image\":{\"@id\":\"https:\/\/bukkigyogytea.com\/sk\/produktu\/vrbovka-malokveta-alkoholova-tinktura\/#primaryimage\"},\"thumbnailUrl\":\"https:\/\/bukkigyogytea.com\/wp-content\/uploads\/2020\/04\/tinktura_kisviragu_fuzike-uveg-doboz-bal-3000x3000-900.png\",\"datePublished\":\"2020-04-30T12:59:37+00:00\",\"dateModified\":\"2025-08-31T22:02:31+00:00\",\"breadcrumb\":{\"@id\":\"https:\/\/bukkigyogytea.com\/sk\/produktu\/vrbovka-malokveta-alkoholova-tinktura\/#breadcrumb\"},\"inLanguage\":\"sk-SK\",\"potentialAction\":[{\"@type\":\"ReadAction\",\"target\":[\"https:\/\/bukkigyogytea.com\/sk\/produktu\/vrbovka-malokveta-alkoholova-tinktura\/\"]}]},{\"@type\":\"ImageObject\",\"inLanguage\":\"sk-SK\",\"@id\":\"https:\/\/bukkigyogytea.com\/sk\/produktu\/vrbovka-malokveta-alkoholova-tinktura\/#primaryimage\",\"url\":\"https:\/\/bukkigyogytea.com\/wp-content\/uploads\/2020\/04\/tinktura_kisviragu_fuzike-uveg-doboz-bal-3000x3000-900.png\",\"contentUrl\":\"https:\/\/bukkigyogytea.com\/wp-content\/uploads\/2020\/04\/tinktura_kisviragu_fuzike-uveg-doboz-bal-3000x3000-900.png\",\"width\":900,\"height\":900,\"caption\":\"Kisvir\u00e1g\u00fa f\u00fczike alkoholos kivonat 50 ml\"},{\"@type\":\"BreadcrumbList\",\"@id\":\"https:\/\/bukkigyogytea.com\/sk\/produktu\/vrbovka-malokveta-alkoholova-tinktura\/#breadcrumb\",\"itemListElement\":[{\"@type\":\"ListItem\",\"position\":1,\"name\":\"Domov\",\"item\":\"https:\/\/bukkigyogytea.com\/sk\/\"},{\"@type\":\"ListItem\",\"position\":2,\"name\":\"Shop\",\"item\":\"https:\/\/bukkigyogytea.com\/sk\/obchodne\/\"},{\"@type\":\"ListItem\",\"position\":3,\"name\":\"Bylinn\u00e9 v\u00fd\u0165a\u017eky\",\"item\":\"https:\/\/bukkigyogytea.com\/sk\/kategoria-produktu\/bylinne-vytazky\/\"},{\"@type\":\"ListItem\",\"position\":4,\"name\":\"V\u0155bovka malokvet\u00e1 alkoholov\u00e1 tinkt\u00fara\"}]},{\"@type\":\"WebSite\",\"@id\":\"https:\/\/bukkigyogytea.com\/sk\/#website\",\"url\":\"https:\/\/bukkigyogytea.com\/sk\/\",\"name\":\"B\u00fckki Gy\u00f3gytea Web\u00e1ruh\u00e1z\",\"description\":\"Gy\u00f6rgytea hivatalos viszontelad\u00f3\",\"publisher\":{\"@id\":\"https:\/\/bukkigyogytea.com\/sk\/#organization\"},\"potentialAction\":[{\"@type\":\"SearchAction\",\"target\":{\"@type\":\"EntryPoint\",\"urlTemplate\":\"https:\/\/bukkigyogytea.com\/sk\/?s={search_term_string}\"},\"query-input\":{\"@type\":\"PropertyValueSpecification\",\"valueRequired\":true,\"valueName\":\"search_term_string\"}}],\"inLanguage\":\"sk-SK\"},{\"@type\":\"Organization\",\"@id\":\"https:\/\/bukkigyogytea.com\/sk\/#organization\",\"name\":\"B\u00fckki Gy\u00f3gytea Web\u00e1ruh\u00e1z\",\"url\":\"https:\/\/bukkigyogytea.com\/sk\/\",\"logo\":{\"@type\":\"ImageObject\",\"inLanguage\":\"sk-SK\",\"@id\":\"https:\/\/bukkigyogytea.com\/sk\/#\/schema\/logo\/image\/\",\"url\":\"https:\/\/i0.wp.com\/bukkigyogytea.com\/wp-content\/uploads\/2020\/05\/Sitelogo-1.jpg?fit=350%2C85&ssl=1\",\"contentUrl\":\"https:\/\/i0.wp.com\/bukkigyogytea.com\/wp-content\/uploads\/2020\/05\/Sitelogo-1.jpg?fit=350%2C85&ssl=1\",\"width\":350,\"height\":85,\"caption\":\"B\u00fckki Gy\u00f3gytea Web\u00e1ruh\u00e1z\"},\"image\":{\"@id\":\"https:\/\/bukkigyogytea.com\/sk\/#\/schema\/logo\/image\/\"},\"sameAs\":[\"https:\/\/www.facebook.com\/bukkigyogytea\/\"]}]}<\/script>\n<!-- \/ Yoast SEO plugin. -->","yoast_head_json":{"title":"V\u0155bovka malokvet\u00e1 alkoholov\u00e1 tinkt\u00fara &#8211; B\u00fckki Gy\u00f3gytea Web\u00e1ruh\u00e1z","robots":{"index":"index","follow":"follow","max-snippet":"max-snippet:-1","max-image-preview":"max-image-preview:large","max-video-preview":"max-video-preview:-1"},"canonical":"https:\/\/bukkigyogytea.com\/sk\/produktu\/vrbovka-malokveta-alkoholova-tinktura\/","og_locale":"sk_SK","og_type":"article","og_title":"V\u0155bovka malokvet\u00e1 alkoholov\u00e1 tinkt\u00fara &#8211; B\u00fckki Gy\u00f3gytea Web\u00e1ruh\u00e1z","og_description":"A kisvir\u00e1g\u00fa f\u00fczike alkoholos kivonata prosztataprobl\u00e9ma eset\u00e9n cs\u00f6kkenti az \u00e9jszakai vizel\u00e9sek sz\u00e1m\u00e1t, biztos\u00edtja a nyugodt pihen\u00e9st. H\u00f3lyagb\u00e1ntalmakra n\u0151k is haszn\u00e1lhatj\u00e1k.","og_url":"https:\/\/bukkigyogytea.com\/sk\/produktu\/vrbovka-malokveta-alkoholova-tinktura\/","og_site_name":"B\u00fckki Gy\u00f3gytea Web\u00e1ruh\u00e1z","article_publisher":"https:\/\/www.facebook.com\/bukkigyogytea\/","article_modified_time":"2025-08-31T22:02:31+00:00","og_image":[{"url":"https:\/\/bukkigyogytea.com\/wp-content\/uploads\/2020\/04\/og-kisviragu-ak.jpg","type":"","width":"","height":""}],"twitter_card":"summary_large_image","schema":{"@context":"https:\/\/schema.org","@graph":[{"@type":"WebPage","@id":"https:\/\/bukkigyogytea.com\/sk\/produktu\/vrbovka-malokveta-alkoholova-tinktura\/","url":"https:\/\/bukkigyogytea.com\/sk\/produktu\/vrbovka-malokveta-alkoholova-tinktura\/","name":"V\u0155bovka malokvet\u00e1 alkoholov\u00e1 tinkt\u00fara &#8211; B\u00fckki Gy\u00f3gytea Web\u00e1ruh\u00e1z","isPartOf":{"@id":"https:\/\/bukkigyogytea.com\/sk\/#website"},"primaryImageOfPage":{"@id":"https:\/\/bukkigyogytea.com\/sk\/produktu\/vrbovka-malokveta-alkoholova-tinktura\/#primaryimage"},"image":{"@id":"https:\/\/bukkigyogytea.com\/sk\/produktu\/vrbovka-malokveta-alkoholova-tinktura\/#primaryimage"},"thumbnailUrl":"https:\/\/bukkigyogytea.com\/wp-content\/uploads\/2020\/04\/tinktura_kisviragu_fuzike-uveg-doboz-bal-3000x3000-900.png","datePublished":"2020-04-30T12:59:37+00:00","dateModified":"2025-08-31T22:02:31+00:00","breadcrumb":{"@id":"https:\/\/bukkigyogytea.com\/sk\/produktu\/vrbovka-malokveta-alkoholova-tinktura\/#breadcrumb"},"inLanguage":"sk-SK","potentialAction":[{"@type":"ReadAction","target":["https:\/\/bukkigyogytea.com\/sk\/produktu\/vrbovka-malokveta-alkoholova-tinktura\/"]}]},{"@type":"ImageObject","inLanguage":"sk-SK","@id":"https:\/\/bukkigyogytea.com\/sk\/produktu\/vrbovka-malokveta-alkoholova-tinktura\/#primaryimage","url":"https:\/\/bukkigyogytea.com\/wp-content\/uploads\/2020\/04\/tinktura_kisviragu_fuzike-uveg-doboz-bal-3000x3000-900.png","contentUrl":"https:\/\/bukkigyogytea.com\/wp-content\/uploads\/2020\/04\/tinktura_kisviragu_fuzike-uveg-doboz-bal-3000x3000-900.png","width":900,"height":900,"caption":"Kisvir\u00e1g\u00fa f\u00fczike alkoholos kivonat 50 ml"},{"@type":"BreadcrumbList","@id":"https:\/\/bukkigyogytea.com\/sk\/produktu\/vrbovka-malokveta-alkoholova-tinktura\/#breadcrumb","itemListElement":[{"@type":"ListItem","position":1,"name":"Domov","item":"https:\/\/bukkigyogytea.com\/sk\/"},{"@type":"ListItem","position":2,"name":"Shop","item":"https:\/\/bukkigyogytea.com\/sk\/obchodne\/"},{"@type":"ListItem","position":3,"name":"Bylinn\u00e9 v\u00fd\u0165a\u017eky","item":"https:\/\/bukkigyogytea.com\/sk\/kategoria-produktu\/bylinne-vytazky\/"},{"@type":"ListItem","position":4,"name":"V\u0155bovka malokvet\u00e1 alkoholov\u00e1 tinkt\u00fara"}]},{"@type":"WebSite","@id":"https:\/\/bukkigyogytea.com\/sk\/#website","url":"https:\/\/bukkigyogytea.com\/sk\/","name":"B\u00fckki Gy\u00f3gytea Web\u00e1ruh\u00e1z","description":"Gy\u00f6rgytea hivatalos viszontelad\u00f3","publisher":{"@id":"https:\/\/bukkigyogytea.com\/sk\/#organization"},"potentialAction":[{"@type":"SearchAction","target":{"@type":"EntryPoint","urlTemplate":"https:\/\/bukkigyogytea.com\/sk\/?s={search_term_string}"},"query-input":{"@type":"PropertyValueSpecification","valueRequired":true,"valueName":"search_term_string"}}],"inLanguage":"sk-SK"},{"@type":"Organization","@id":"https:\/\/bukkigyogytea.com\/sk\/#organization","name":"B\u00fckki Gy\u00f3gytea Web\u00e1ruh\u00e1z","url":"https:\/\/bukkigyogytea.com\/sk\/","logo":{"@type":"ImageObject","inLanguage":"sk-SK","@id":"https:\/\/bukkigyogytea.com\/sk\/#\/schema\/logo\/image\/","url":"https:\/\/i0.wp.com\/bukkigyogytea.com\/wp-content\/uploads\/2020\/05\/Sitelogo-1.jpg?fit=350%2C85&ssl=1","contentUrl":"https:\/\/i0.wp.com\/bukkigyogytea.com\/wp-content\/uploads\/2020\/05\/Sitelogo-1.jpg?fit=350%2C85&ssl=1","width":350,"height":85,"caption":"B\u00fckki Gy\u00f3gytea Web\u00e1ruh\u00e1z"},"image":{"@id":"https:\/\/bukkigyogytea.com\/sk\/#\/schema\/logo\/image\/"},"sameAs":["https:\/\/www.facebook.com\/bukkigyogytea\/"]}]}},"publishpress_future_action":{"enabled":false,"date":"2026-04-16 22:55:00","action":"change-status","newStatus":"draft","terms":[],"taxonomy":"product_type","extraData":[]},"publishpress_future_workflow_manual_trigger":{"enabledWorkflows":[]},"_links":{"self":[{"href":"https:\/\/bukkigyogytea.com\/sk\/wp-json\/wp\/v2\/product\/2775","targetHints":{"allow":["GET"]}}],"collection":[{"href":"https:\/\/bukkigyogytea.com\/sk\/wp-json\/wp\/v2\/product"}],"about":[{"href":"https:\/\/bukkigyogytea.com\/sk\/wp-json\/wp\/v2\/types\/product"}],"replies":[{"embeddable":true,"href":"https:\/\/bukkigyogytea.com\/sk\/wp-json\/wp\/v2\/comments?post=2775"}],"wp:featuredmedia":[{"embeddable":true,"href":"https:\/\/bukkigyogytea.com\/sk\/wp-json\/wp\/v2\/media\/2769"}],"wp:attachment":[{"href":"https:\/\/bukkigyogytea.com\/sk\/wp-json\/wp\/v2\/media?parent=2775"}],"wp:term":[{"taxonomy":"product_brand","embeddable":true,"href":"https:\/\/bukkigyogytea.com\/sk\/wp-json\/wp\/v2\/product_brand?post=2775"},{"taxonomy":"product_cat","embeddable":true,"href":"https:\/\/bukkigyogytea.com\/sk\/wp-json\/wp\/v2\/product_cat?post=2775"},{"taxonomy":"product_tag","embeddable":true,"href":"https:\/\/bukkigyogytea.com\/sk\/wp-json\/wp\/v2\/product_tag?post=2775"}],"curies":[{"name":"wp","href":"https:\/\/api.w.org\/{rel}","templated":true}]}}