{"id":2739,"date":"2019-08-29T09:15:22","date_gmt":"2019-08-29T07:15:22","guid":{"rendered":"https:\/\/bukkigyogytea.com\/termek\/cajova-zmes-z-brusnice-cucoriedkovej-cukrovkovy-caj-kamarat-zlcnika-100g\/"},"modified":"2025-12-01T23:03:29","modified_gmt":"2025-12-01T22:03:29","slug":"cajova-zmes-z-brusnice-cucoriedkovej-cukrovkovy-caj-kamarat-zlcnika-100g","status":"publish","type":"product","link":"https:\/\/bukkigyogytea.com\/sk\/produktu\/cajova-zmes-z-brusnice-cucoriedkovej-cukrovkovy-caj-kamarat-zlcnika-100g\/","title":{"rendered":"\u010cajov\u00e1 zmes z brusnice \u010du\u010doriedkovej (Cukrovkov\u00fd \u010daj kamar\u00e1t \u017el\u010dn\u00edka) 100g"},"content":{"rendered":"<p><strong>Cukrovku nie je mo\u017en\u00e9 vylie\u010di\u0165 ani pomocou lie\u010div\u00fdch byl\u00edn. Pou\u017e\u00edvan\u00edm lie\u010div\u00fdch byl\u00edn ako doplnkovej lie\u010dby v\u0161ak mo\u017eno dosiahnu\u0165 skvel\u00e9 v\u00fdsledky, hlavne v\u00a0po\u010diato\u010dnom \u0161t\u00e1diu.<\/strong><\/p>\n<p>Diabess pozost\u00e1va z\u00a0rastl\u00edn, ktor\u00fd ur\u00fdch\u013euj\u00fa l\u00e1tkov\u00fa v\u00fdmenu, napom\u00e1haj\u00fa udr\u017eiavaniu rovnov\u00e1hy uh\u013eohydr\u00e1tov v organizme. Tieto rastliny stimuluj\u00fa aj tvorbu \u017el\u010de. Ke\u010f\u017ee cukrovka mnohokr\u00e1t s\u00favis\u00ed s\u00a0tvorbou \u017el\u010dn\u00edkov\u00fdch kame\u0148ov, cukrovk\u00e1rom so \u017el\u010dn\u00edkov\u00fdmi kame\u0148mi sa u\u017e\u00edvanie tejto \u010dajovej zmesi neodpor\u00fa\u010da.<\/p>\n<p>Pre cukrovk\u00e1rov, ktor\u00ed trpia \u017el\u010dov\u00fdmi kame\u0148mi, zostavil Gyuri b\u00e1csi \u0161peci\u00e1lnu zmes. <strong>\u010cajov\u00e1 zmes z\u00a0brusnice \u010du\u010doriedkovej (Cukrovkov\u00fd \u010daj kamar\u00e1t \u017el\u010dn\u00edka) <\/strong>obsahuje rastliny, ktor\u00e9 zni\u017euj\u00fa hladinu cukru v\u00a0krvi bez toho, aby zvy\u0161ovali produkciu \u017el\u010de<strong>.<\/strong><\/p>\n<p><strong>Zlo\u017eenie<\/strong> \u010dajovej zmesi z\u00a0brusnice \u010du\u010doriedkovej (Cukrovkov\u00fd \u010daj kamar\u00e1t \u017el\u010dn\u00edka): listy z\u00a0brusnice \u010du\u010doriedkovej, listy p\u0155h\u013eavy dvojdomej, listy orecha kr\u00e1\u013eovsk\u00e9ho, listy ostru\u017einy \u010dernicovej.<\/p>\n<p><strong>Pr\u00edprava:<\/strong> nie kopcovit\u00fa polievkov\u00fa ly\u017eicu (3 g) \u010dajovej zmesi zalia\u0165 2,5 deci hor\u00facej vody, po 15 min\u00fatach precedi\u0165. Nepou\u017e\u00edvajte kovov\u00e9 sitko.<\/p>\n<p><strong>Pou\u017e\u00edvanie: <\/strong>tento \u010daj je mo\u017en\u00e9 u\u017e\u00edva\u0165 z\u00e1rove\u0148 s\u00a0dodr\u017eiavan\u00edm lie\u010dby, ktor\u00fa predp\u00edsal lek\u00e1r. Pou\u017e\u00edvanie je \u00fa\u010dinnej\u0161ie s\u00a0dodr\u017eiavan\u00edm di\u00e9ty a\u00a0vhodn\u00fdm pohybom. Pri rannej hladine cukru 8 (na pr\u00e1zdny \u017eal\u00fadok) jedna \u0161\u00e1lka ka\u017ed\u00fd druh\u00fd de\u0148, pri hodnot\u00e1ch 8-12 denne jednu \u0161\u00e1lku. Pri hodnot\u00e1ch viac ako 12 denne dve \u0161\u00e1lky bezprostredne po jedle, bez ochucovania. U\u017e\u00edvanie je mo\u017en\u00e9 bez \u010dasov\u00e9ho obmedzenia.<\/p>\n<p><strong>Neodpor\u00fa\u010da sa:<\/strong> v\u00a0tehotenstve a\u00a0po\u010das doj\u010denia. Takisto sa neodpor\u00fa\u010da ani de\u0165om do 12 rokov.<\/p>\n","protected":false},"excerpt":{"rendered":"<p>Prevencia cukrovky, zn\u00ed\u017eenie \u00farovne cukru v krvi u pacientov so \u017el\u010dn\u00edkom<\/p>\n","protected":false},"featured_media":2712,"comment_status":"open","ping_status":"closed","template":"","meta":{"_acf_changed":false},"product_brand":[],"product_cat":[158],"product_tag":[],"class_list":{"0":"post-2739","1":"product","2":"type-product","3":"status-publish","4":"has-post-thumbnail","6":"product_cat-caje-pre-diabetikov","7":"sales-flash-overlay","8":"woocommerce-text-align-center","9":"woocommerce-image-align-center","10":"do-quantity-buttons","12":"first","13":"instock","14":"taxable","15":"shipping-taxable","16":"purchasable","17":"product-type-simple"},"acf":{"blog_termekleiras":""},"yoast_head":"<!-- This site is optimized with the Yoast SEO plugin v26.9 - https:\/\/yoast.com\/product\/yoast-seo-wordpress\/ -->\n<title>\u010cajov\u00e1 zmes z brusnice \u010du\u010doriedkovej (Cukrovkov\u00fd \u010daj kamar\u00e1t \u017el\u010dn\u00edka) 100g &#8211; B\u00fckki Gy\u00f3gytea Web\u00e1ruh\u00e1z<\/title>\n<meta name=\"robots\" content=\"index, follow, max-snippet:-1, max-image-preview:large, max-video-preview:-1\" \/>\n<link rel=\"canonical\" href=\"https:\/\/bukkigyogytea.com\/sk\/produktu\/cajova-zmes-z-brusnice-cucoriedkovej-cukrovkovy-caj-kamarat-zlcnika-100g\/\" \/>\n<meta property=\"og:locale\" content=\"sk_SK\" \/>\n<meta property=\"og:type\" content=\"article\" \/>\n<meta property=\"og:title\" content=\"\u010cajov\u00e1 zmes z brusnice \u010du\u010doriedkovej (Cukrovkov\u00fd \u010daj kamar\u00e1t \u017el\u010dn\u00edka) 100g &#8211; B\u00fckki Gy\u00f3gytea Web\u00e1ruh\u00e1z\" \/>\n<meta property=\"og:description\" content=\"Prevencia cukrovky, zn\u00ed\u017eenie \u00farovne cukru v krvi u pacientov so \u017el\u010dn\u00edkom\" \/>\n<meta property=\"og:url\" content=\"https:\/\/bukkigyogytea.com\/sk\/produktu\/cajova-zmes-z-brusnice-cucoriedkovej-cukrovkovy-caj-kamarat-zlcnika-100g\/\" \/>\n<meta property=\"og:site_name\" content=\"B\u00fckki Gy\u00f3gytea Web\u00e1ruh\u00e1z\" \/>\n<meta property=\"article:publisher\" content=\"https:\/\/www.facebook.com\/bukkigyogytea\/\" \/>\n<meta property=\"article:modified_time\" content=\"2025-12-01T22:03:29+00:00\" \/>\n<meta property=\"og:image\" content=\"https:\/\/bukkigyogytea.com\/wp-content\/uploads\/2018\/09\/og-fatk100.jpg\" \/>\n<meta name=\"twitter:card\" content=\"summary_large_image\" \/>\n<meta name=\"twitter:label1\" content=\"Predpokladan\u00fd \u010das \u010d\u00edtania\" \/>\n\t<meta name=\"twitter:data1\" content=\"2 min\u00faty\" \/>\n<script type=\"application\/ld+json\" class=\"yoast-schema-graph\">{\"@context\":\"https:\/\/schema.org\",\"@graph\":[{\"@type\":\"WebPage\",\"@id\":\"https:\/\/bukkigyogytea.com\/sk\/produktu\/cajova-zmes-z-brusnice-cucoriedkovej-cukrovkovy-caj-kamarat-zlcnika-100g\/\",\"url\":\"https:\/\/bukkigyogytea.com\/sk\/produktu\/cajova-zmes-z-brusnice-cucoriedkovej-cukrovkovy-caj-kamarat-zlcnika-100g\/\",\"name\":\"\u010cajov\u00e1 zmes z brusnice \u010du\u010doriedkovej (Cukrovkov\u00fd \u010daj kamar\u00e1t \u017el\u010dn\u00edka) 100g &#8211; B\u00fckki Gy\u00f3gytea Web\u00e1ruh\u00e1z\",\"isPartOf\":{\"@id\":\"https:\/\/bukkigyogytea.com\/sk\/#website\"},\"primaryImageOfPage\":{\"@id\":\"https:\/\/bukkigyogytea.com\/sk\/produktu\/cajova-zmes-z-brusnice-cucoriedkovej-cukrovkovy-caj-kamarat-zlcnika-100g\/#primaryimage\"},\"image\":{\"@id\":\"https:\/\/bukkigyogytea.com\/sk\/produktu\/cajova-zmes-z-brusnice-cucoriedkovej-cukrovkovy-caj-kamarat-zlcnika-100g\/#primaryimage\"},\"thumbnailUrl\":\"https:\/\/bukkigyogytea.com\/wp-content\/uploads\/2019\/08\/fekete-afonyaleveles-bal.png\",\"datePublished\":\"2019-08-29T07:15:22+00:00\",\"dateModified\":\"2025-12-01T22:03:29+00:00\",\"breadcrumb\":{\"@id\":\"https:\/\/bukkigyogytea.com\/sk\/produktu\/cajova-zmes-z-brusnice-cucoriedkovej-cukrovkovy-caj-kamarat-zlcnika-100g\/#breadcrumb\"},\"inLanguage\":\"sk-SK\",\"potentialAction\":[{\"@type\":\"ReadAction\",\"target\":[\"https:\/\/bukkigyogytea.com\/sk\/produktu\/cajova-zmes-z-brusnice-cucoriedkovej-cukrovkovy-caj-kamarat-zlcnika-100g\/\"]}]},{\"@type\":\"ImageObject\",\"inLanguage\":\"sk-SK\",\"@id\":\"https:\/\/bukkigyogytea.com\/sk\/produktu\/cajova-zmes-z-brusnice-cucoriedkovej-cukrovkovy-caj-kamarat-zlcnika-100g\/#primaryimage\",\"url\":\"https:\/\/bukkigyogytea.com\/wp-content\/uploads\/2019\/08\/fekete-afonyaleveles-bal.png\",\"contentUrl\":\"https:\/\/bukkigyogytea.com\/wp-content\/uploads\/2019\/08\/fekete-afonyaleveles-bal.png\",\"width\":550,\"height\":550,\"caption\":\"Fekete \u00e1fonyaleveles teakever\u00e9k - 100 g\"},{\"@type\":\"BreadcrumbList\",\"@id\":\"https:\/\/bukkigyogytea.com\/sk\/produktu\/cajova-zmes-z-brusnice-cucoriedkovej-cukrovkovy-caj-kamarat-zlcnika-100g\/#breadcrumb\",\"itemListElement\":[{\"@type\":\"ListItem\",\"position\":1,\"name\":\"Domov\",\"item\":\"https:\/\/bukkigyogytea.com\/sk\/\"},{\"@type\":\"ListItem\",\"position\":2,\"name\":\"Shop\",\"item\":\"https:\/\/bukkigyogytea.com\/sk\/obchodne\/\"},{\"@type\":\"ListItem\",\"position\":3,\"name\":\"\u010caje pre diabetikov\",\"item\":\"https:\/\/bukkigyogytea.com\/sk\/kategoria-produktu\/caje-pre-diabetikov\/\"},{\"@type\":\"ListItem\",\"position\":4,\"name\":\"\u010cajov\u00e1 zmes z brusnice \u010du\u010doriedkovej (Cukrovkov\u00fd \u010daj kamar\u00e1t \u017el\u010dn\u00edka) 100g\"}]},{\"@type\":\"WebSite\",\"@id\":\"https:\/\/bukkigyogytea.com\/sk\/#website\",\"url\":\"https:\/\/bukkigyogytea.com\/sk\/\",\"name\":\"B\u00fckki Gy\u00f3gytea Web\u00e1ruh\u00e1z\",\"description\":\"Gy\u00f6rgytea hivatalos viszontelad\u00f3\",\"publisher\":{\"@id\":\"https:\/\/bukkigyogytea.com\/sk\/#organization\"},\"potentialAction\":[{\"@type\":\"SearchAction\",\"target\":{\"@type\":\"EntryPoint\",\"urlTemplate\":\"https:\/\/bukkigyogytea.com\/sk\/?s={search_term_string}\"},\"query-input\":{\"@type\":\"PropertyValueSpecification\",\"valueRequired\":true,\"valueName\":\"search_term_string\"}}],\"inLanguage\":\"sk-SK\"},{\"@type\":\"Organization\",\"@id\":\"https:\/\/bukkigyogytea.com\/sk\/#organization\",\"name\":\"B\u00fckki Gy\u00f3gytea Web\u00e1ruh\u00e1z\",\"url\":\"https:\/\/bukkigyogytea.com\/sk\/\",\"logo\":{\"@type\":\"ImageObject\",\"inLanguage\":\"sk-SK\",\"@id\":\"https:\/\/bukkigyogytea.com\/sk\/#\/schema\/logo\/image\/\",\"url\":\"https:\/\/i0.wp.com\/bukkigyogytea.com\/wp-content\/uploads\/2020\/05\/Sitelogo-1.jpg?fit=350%2C85&ssl=1\",\"contentUrl\":\"https:\/\/i0.wp.com\/bukkigyogytea.com\/wp-content\/uploads\/2020\/05\/Sitelogo-1.jpg?fit=350%2C85&ssl=1\",\"width\":350,\"height\":85,\"caption\":\"B\u00fckki Gy\u00f3gytea Web\u00e1ruh\u00e1z\"},\"image\":{\"@id\":\"https:\/\/bukkigyogytea.com\/sk\/#\/schema\/logo\/image\/\"},\"sameAs\":[\"https:\/\/www.facebook.com\/bukkigyogytea\/\"]}]}<\/script>\n<!-- \/ Yoast SEO plugin. -->","yoast_head_json":{"title":"\u010cajov\u00e1 zmes z brusnice \u010du\u010doriedkovej (Cukrovkov\u00fd \u010daj kamar\u00e1t \u017el\u010dn\u00edka) 100g &#8211; B\u00fckki Gy\u00f3gytea Web\u00e1ruh\u00e1z","robots":{"index":"index","follow":"follow","max-snippet":"max-snippet:-1","max-image-preview":"max-image-preview:large","max-video-preview":"max-video-preview:-1"},"canonical":"https:\/\/bukkigyogytea.com\/sk\/produktu\/cajova-zmes-z-brusnice-cucoriedkovej-cukrovkovy-caj-kamarat-zlcnika-100g\/","og_locale":"sk_SK","og_type":"article","og_title":"\u010cajov\u00e1 zmes z brusnice \u010du\u010doriedkovej (Cukrovkov\u00fd \u010daj kamar\u00e1t \u017el\u010dn\u00edka) 100g &#8211; B\u00fckki Gy\u00f3gytea Web\u00e1ruh\u00e1z","og_description":"Prevencia cukrovky, zn\u00ed\u017eenie \u00farovne cukru v krvi u pacientov so \u017el\u010dn\u00edkom","og_url":"https:\/\/bukkigyogytea.com\/sk\/produktu\/cajova-zmes-z-brusnice-cucoriedkovej-cukrovkovy-caj-kamarat-zlcnika-100g\/","og_site_name":"B\u00fckki Gy\u00f3gytea Web\u00e1ruh\u00e1z","article_publisher":"https:\/\/www.facebook.com\/bukkigyogytea\/","article_modified_time":"2025-12-01T22:03:29+00:00","og_image":[{"url":"https:\/\/bukkigyogytea.com\/wp-content\/uploads\/2018\/09\/og-fatk100.jpg","type":"","width":"","height":""}],"twitter_card":"summary_large_image","twitter_misc":{"Predpokladan\u00fd \u010das \u010d\u00edtania":"2 min\u00faty"},"schema":{"@context":"https:\/\/schema.org","@graph":[{"@type":"WebPage","@id":"https:\/\/bukkigyogytea.com\/sk\/produktu\/cajova-zmes-z-brusnice-cucoriedkovej-cukrovkovy-caj-kamarat-zlcnika-100g\/","url":"https:\/\/bukkigyogytea.com\/sk\/produktu\/cajova-zmes-z-brusnice-cucoriedkovej-cukrovkovy-caj-kamarat-zlcnika-100g\/","name":"\u010cajov\u00e1 zmes z brusnice \u010du\u010doriedkovej (Cukrovkov\u00fd \u010daj kamar\u00e1t \u017el\u010dn\u00edka) 100g &#8211; B\u00fckki Gy\u00f3gytea Web\u00e1ruh\u00e1z","isPartOf":{"@id":"https:\/\/bukkigyogytea.com\/sk\/#website"},"primaryImageOfPage":{"@id":"https:\/\/bukkigyogytea.com\/sk\/produktu\/cajova-zmes-z-brusnice-cucoriedkovej-cukrovkovy-caj-kamarat-zlcnika-100g\/#primaryimage"},"image":{"@id":"https:\/\/bukkigyogytea.com\/sk\/produktu\/cajova-zmes-z-brusnice-cucoriedkovej-cukrovkovy-caj-kamarat-zlcnika-100g\/#primaryimage"},"thumbnailUrl":"https:\/\/bukkigyogytea.com\/wp-content\/uploads\/2019\/08\/fekete-afonyaleveles-bal.png","datePublished":"2019-08-29T07:15:22+00:00","dateModified":"2025-12-01T22:03:29+00:00","breadcrumb":{"@id":"https:\/\/bukkigyogytea.com\/sk\/produktu\/cajova-zmes-z-brusnice-cucoriedkovej-cukrovkovy-caj-kamarat-zlcnika-100g\/#breadcrumb"},"inLanguage":"sk-SK","potentialAction":[{"@type":"ReadAction","target":["https:\/\/bukkigyogytea.com\/sk\/produktu\/cajova-zmes-z-brusnice-cucoriedkovej-cukrovkovy-caj-kamarat-zlcnika-100g\/"]}]},{"@type":"ImageObject","inLanguage":"sk-SK","@id":"https:\/\/bukkigyogytea.com\/sk\/produktu\/cajova-zmes-z-brusnice-cucoriedkovej-cukrovkovy-caj-kamarat-zlcnika-100g\/#primaryimage","url":"https:\/\/bukkigyogytea.com\/wp-content\/uploads\/2019\/08\/fekete-afonyaleveles-bal.png","contentUrl":"https:\/\/bukkigyogytea.com\/wp-content\/uploads\/2019\/08\/fekete-afonyaleveles-bal.png","width":550,"height":550,"caption":"Fekete \u00e1fonyaleveles teakever\u00e9k - 100 g"},{"@type":"BreadcrumbList","@id":"https:\/\/bukkigyogytea.com\/sk\/produktu\/cajova-zmes-z-brusnice-cucoriedkovej-cukrovkovy-caj-kamarat-zlcnika-100g\/#breadcrumb","itemListElement":[{"@type":"ListItem","position":1,"name":"Domov","item":"https:\/\/bukkigyogytea.com\/sk\/"},{"@type":"ListItem","position":2,"name":"Shop","item":"https:\/\/bukkigyogytea.com\/sk\/obchodne\/"},{"@type":"ListItem","position":3,"name":"\u010caje pre diabetikov","item":"https:\/\/bukkigyogytea.com\/sk\/kategoria-produktu\/caje-pre-diabetikov\/"},{"@type":"ListItem","position":4,"name":"\u010cajov\u00e1 zmes z brusnice \u010du\u010doriedkovej (Cukrovkov\u00fd \u010daj kamar\u00e1t \u017el\u010dn\u00edka) 100g"}]},{"@type":"WebSite","@id":"https:\/\/bukkigyogytea.com\/sk\/#website","url":"https:\/\/bukkigyogytea.com\/sk\/","name":"B\u00fckki Gy\u00f3gytea Web\u00e1ruh\u00e1z","description":"Gy\u00f6rgytea hivatalos viszontelad\u00f3","publisher":{"@id":"https:\/\/bukkigyogytea.com\/sk\/#organization"},"potentialAction":[{"@type":"SearchAction","target":{"@type":"EntryPoint","urlTemplate":"https:\/\/bukkigyogytea.com\/sk\/?s={search_term_string}"},"query-input":{"@type":"PropertyValueSpecification","valueRequired":true,"valueName":"search_term_string"}}],"inLanguage":"sk-SK"},{"@type":"Organization","@id":"https:\/\/bukkigyogytea.com\/sk\/#organization","name":"B\u00fckki Gy\u00f3gytea Web\u00e1ruh\u00e1z","url":"https:\/\/bukkigyogytea.com\/sk\/","logo":{"@type":"ImageObject","inLanguage":"sk-SK","@id":"https:\/\/bukkigyogytea.com\/sk\/#\/schema\/logo\/image\/","url":"https:\/\/i0.wp.com\/bukkigyogytea.com\/wp-content\/uploads\/2020\/05\/Sitelogo-1.jpg?fit=350%2C85&ssl=1","contentUrl":"https:\/\/i0.wp.com\/bukkigyogytea.com\/wp-content\/uploads\/2020\/05\/Sitelogo-1.jpg?fit=350%2C85&ssl=1","width":350,"height":85,"caption":"B\u00fckki Gy\u00f3gytea Web\u00e1ruh\u00e1z"},"image":{"@id":"https:\/\/bukkigyogytea.com\/sk\/#\/schema\/logo\/image\/"},"sameAs":["https:\/\/www.facebook.com\/bukkigyogytea\/"]}]}},"publishpress_future_action":{"enabled":false,"date":"2026-04-22 22:55:00","action":"change-status","newStatus":"draft","terms":[],"taxonomy":"product_type","extraData":[]},"publishpress_future_workflow_manual_trigger":{"enabledWorkflows":[]},"_links":{"self":[{"href":"https:\/\/bukkigyogytea.com\/sk\/wp-json\/wp\/v2\/product\/2739","targetHints":{"allow":["GET"]}}],"collection":[{"href":"https:\/\/bukkigyogytea.com\/sk\/wp-json\/wp\/v2\/product"}],"about":[{"href":"https:\/\/bukkigyogytea.com\/sk\/wp-json\/wp\/v2\/types\/product"}],"replies":[{"embeddable":true,"href":"https:\/\/bukkigyogytea.com\/sk\/wp-json\/wp\/v2\/comments?post=2739"}],"wp:featuredmedia":[{"embeddable":true,"href":"https:\/\/bukkigyogytea.com\/sk\/wp-json\/wp\/v2\/media\/2712"}],"wp:attachment":[{"href":"https:\/\/bukkigyogytea.com\/sk\/wp-json\/wp\/v2\/media?parent=2739"}],"wp:term":[{"taxonomy":"product_brand","embeddable":true,"href":"https:\/\/bukkigyogytea.com\/sk\/wp-json\/wp\/v2\/product_brand?post=2739"},{"taxonomy":"product_cat","embeddable":true,"href":"https:\/\/bukkigyogytea.com\/sk\/wp-json\/wp\/v2\/product_cat?post=2739"},{"taxonomy":"product_tag","embeddable":true,"href":"https:\/\/bukkigyogytea.com\/sk\/wp-json\/wp\/v2\/product_tag?post=2739"}],"curies":[{"name":"wp","href":"https:\/\/api.w.org\/{rel}","templated":true}]}}