{"id":2736,"date":"2019-08-29T09:09:54","date_gmt":"2019-08-29T07:09:54","guid":{"rendered":"https:\/\/bukkigyogytea.com\/termek\/cajova-zmes-z-lipkavca-makkeho-caj-na-stitnu-zlazu-100g\/"},"modified":"2026-04-22T17:54:02","modified_gmt":"2026-04-22T15:54:02","slug":"cajova-zmes-z-lipkavca-makkeho-caj-na-stitnu-zlazu-100g","status":"publish","type":"product","link":"https:\/\/bukkigyogytea.com\/sk\/produktu\/cajova-zmes-z-lipkavca-makkeho-caj-na-stitnu-zlazu-100g\/","title":{"rendered":"\u010cajov\u00e1 zmes z lipkavca m\u00e4kk\u00e9ho (\u010caj na \u0161t\u00edtnu \u017e\u013eazu) &#8211; 100g"},"content":{"rendered":"<p>Lie\u010div\u00e9 rastliny dok\u00e1\u017eu regulova\u0165 spr\u00e1vne fungovanie \u0161t\u00edtnej \u017e\u013eazy, nech u\u017e ide o\u00a0jej nadmern\u00fa alebo zn\u00ed\u017een\u00fa \u010dinnos\u0165. Pr\u00e1ve na to sl\u00fa\u017ei <strong>\u010dajov\u00e1 zmes z\u00a0lipkavca m\u00e4kk\u00e9ho (\u010caj na \u0161t\u00edtnu \u017e\u013eazu)<\/strong>.<strong>\u00a0<\/strong><\/p>\n<p>Zlo\u017eenie \u010dajovej zmesi z\u00a0lipkavca m\u00e4kk\u00e9ho (\u010caj na \u0161t\u00edtnu \u017e\u013eazu: lipkavec m\u00e4kk\u00fd, pamajor\u00e1n oby\u010dajn\u00fd, medovka lek\u00e1rska.<\/p>\n<h4>Pr\u00edprava:<\/h4>\n<p>Nie kopcovit\u00fa polievkov\u00fa ly\u017eicu (3 g) \u010dajovej zmesi zalia\u0165 2,5 deci hor\u00facej vody, po 10 min\u00fatach precedi\u0165. Nepou\u017e\u00edvajte kovov\u00e9 sitko.<\/p>\n<h4>Pou\u017e\u00edvanie:<\/h4>\n<p>Po\u010das d\u0148a ho u\u017e\u00edvajte po d\u00fa\u0161koch, pod\u013ea mo\u017enost\u00ed bez ochucovania. Pred prehltnut\u00edm \u010daj kloktajte naklonen\u00fd dozadu. Ke\u010f\u017ee cie\u013eom je doplnen\u00e9 horm\u00f3nov \u0161t\u00edtnej \u017e\u013eazy a n\u00e1\u0161 organizmus produkuje a spotreb\u00fava jednotliv\u00e9 horm\u00f3ny po\u010das cel\u00e9ho d\u0148a, odpor\u00fa\u010dame postupn\u00e9 u\u017e\u00edvanie \u010dajovej zmesi po\u010das cel\u00e9ho d\u0148a.<br \/>\nAk sa na \u0161t\u00edtnej \u017e\u013eaze nach\u00e1dzaj\u00fa aj uzly, prilo\u017ete na \u0148u na noc obklad z\u00a0pou\u017eitej \u010dajovej zmesi na zmiernenie opuchnutia. Pou\u017e\u00edvanie \u010dajovej zmesi je \u00fa\u010dinn\u00e9 aj pri strume. Jednu \u0161\u00e1lku denne je mo\u017en\u00e9 u\u017e\u00edva\u0165 po neobmedzen\u00fa dobu.<\/p>\n<h4>Neodpor\u00fa\u010da sa:<\/h4>\n<p>Neodpor\u00fa\u010da sa po\u010das tehotenstva, doj\u010denia a do 18 rokov.<\/p>\n","protected":false},"excerpt":{"rendered":"<p>\u010cajov\u00e1 zmes reguluj\u00faca fungovanie horm\u00f3nu pankreasu.<\/p>\n","protected":false},"featured_media":2734,"comment_status":"open","ping_status":"closed","template":"","meta":{"_acf_changed":false},"product_brand":[],"product_cat":[163],"product_tag":[],"class_list":{"0":"post-2736","1":"product","2":"type-product","3":"status-publish","4":"has-post-thumbnail","6":"product_cat-bylinne-zmesi","7":"sales-flash-overlay","8":"woocommerce-text-align-center","9":"woocommerce-image-align-center","10":"do-quantity-buttons","12":"first","13":"instock","14":"taxable","15":"shipping-taxable","16":"purchasable","17":"product-type-simple"},"acf":{"blog_termekleiras":""},"yoast_head":"<!-- This site is optimized with the Yoast SEO plugin v26.9 - https:\/\/yoast.com\/product\/yoast-seo-wordpress\/ -->\n<title>\u010cajov\u00e1 zmes z lipkavca m\u00e4kk\u00e9ho (\u010caj na \u0161t\u00edtnu \u017e\u013eazu) - 100g &#8211; B\u00fckki Gy\u00f3gytea Web\u00e1ruh\u00e1z<\/title>\n<meta name=\"robots\" content=\"index, follow, max-snippet:-1, max-image-preview:large, max-video-preview:-1\" \/>\n<link rel=\"canonical\" href=\"https:\/\/bukkigyogytea.com\/sk\/produktu\/cajova-zmes-z-lipkavca-makkeho-caj-na-stitnu-zlazu-100g\/\" \/>\n<meta property=\"og:locale\" content=\"sk_SK\" \/>\n<meta property=\"og:type\" content=\"article\" \/>\n<meta property=\"og:title\" content=\"\u010cajov\u00e1 zmes z lipkavca m\u00e4kk\u00e9ho (\u010caj na \u0161t\u00edtnu \u017e\u013eazu) - 100g &#8211; B\u00fckki Gy\u00f3gytea Web\u00e1ruh\u00e1z\" \/>\n<meta property=\"og:description\" content=\"\u010cajov\u00e1 zmes reguluj\u00faca fungovanie horm\u00f3nu pankreasu.\" \/>\n<meta property=\"og:url\" content=\"https:\/\/bukkigyogytea.com\/sk\/produktu\/cajova-zmes-z-lipkavca-makkeho-caj-na-stitnu-zlazu-100g\/\" \/>\n<meta property=\"og:site_name\" content=\"B\u00fckki Gy\u00f3gytea Web\u00e1ruh\u00e1z\" \/>\n<meta property=\"article:publisher\" content=\"https:\/\/www.facebook.com\/bukkigyogytea\/\" \/>\n<meta property=\"article:modified_time\" content=\"2026-04-22T15:54:02+00:00\" \/>\n<meta property=\"og:image\" content=\"https:\/\/bukkigyogytea.com\/wp-content\/uploads\/2019\/08\/og-kozgalajos.jpg\" \/>\n<meta name=\"twitter:card\" content=\"summary_large_image\" \/>\n<meta name=\"twitter:label1\" content=\"Predpokladan\u00fd \u010das \u010d\u00edtania\" \/>\n\t<meta name=\"twitter:data1\" content=\"1 min\u00fata\" \/>\n<script type=\"application\/ld+json\" class=\"yoast-schema-graph\">{\"@context\":\"https:\/\/schema.org\",\"@graph\":[{\"@type\":\"WebPage\",\"@id\":\"https:\/\/bukkigyogytea.com\/sk\/produktu\/cajova-zmes-z-lipkavca-makkeho-caj-na-stitnu-zlazu-100g\/\",\"url\":\"https:\/\/bukkigyogytea.com\/sk\/produktu\/cajova-zmes-z-lipkavca-makkeho-caj-na-stitnu-zlazu-100g\/\",\"name\":\"\u010cajov\u00e1 zmes z lipkavca m\u00e4kk\u00e9ho (\u010caj na \u0161t\u00edtnu \u017e\u013eazu) - 100g &#8211; B\u00fckki Gy\u00f3gytea Web\u00e1ruh\u00e1z\",\"isPartOf\":{\"@id\":\"https:\/\/bukkigyogytea.com\/sk\/#website\"},\"primaryImageOfPage\":{\"@id\":\"https:\/\/bukkigyogytea.com\/sk\/produktu\/cajova-zmes-z-lipkavca-makkeho-caj-na-stitnu-zlazu-100g\/#primaryimage\"},\"image\":{\"@id\":\"https:\/\/bukkigyogytea.com\/sk\/produktu\/cajova-zmes-z-lipkavca-makkeho-caj-na-stitnu-zlazu-100g\/#primaryimage\"},\"thumbnailUrl\":\"https:\/\/bukkigyogytea.com\/wp-content\/uploads\/2019\/08\/kozonseges-galajos-bal.png\",\"datePublished\":\"2019-08-29T07:09:54+00:00\",\"dateModified\":\"2026-04-22T15:54:02+00:00\",\"breadcrumb\":{\"@id\":\"https:\/\/bukkigyogytea.com\/sk\/produktu\/cajova-zmes-z-lipkavca-makkeho-caj-na-stitnu-zlazu-100g\/#breadcrumb\"},\"inLanguage\":\"sk-SK\",\"potentialAction\":[{\"@type\":\"ReadAction\",\"target\":[\"https:\/\/bukkigyogytea.com\/sk\/produktu\/cajova-zmes-z-lipkavca-makkeho-caj-na-stitnu-zlazu-100g\/\"]}]},{\"@type\":\"ImageObject\",\"inLanguage\":\"sk-SK\",\"@id\":\"https:\/\/bukkigyogytea.com\/sk\/produktu\/cajova-zmes-z-lipkavca-makkeho-caj-na-stitnu-zlazu-100g\/#primaryimage\",\"url\":\"https:\/\/bukkigyogytea.com\/wp-content\/uploads\/2019\/08\/kozonseges-galajos-bal.png\",\"contentUrl\":\"https:\/\/bukkigyogytea.com\/wp-content\/uploads\/2019\/08\/kozonseges-galajos-bal.png\",\"width\":550,\"height\":550,\"caption\":\"K\u00f6z\u00f6ns\u00e9ges galajos teakever\u00e9k - 100 g\"},{\"@type\":\"BreadcrumbList\",\"@id\":\"https:\/\/bukkigyogytea.com\/sk\/produktu\/cajova-zmes-z-lipkavca-makkeho-caj-na-stitnu-zlazu-100g\/#breadcrumb\",\"itemListElement\":[{\"@type\":\"ListItem\",\"position\":1,\"name\":\"Domov\",\"item\":\"https:\/\/bukkigyogytea.com\/sk\/\"},{\"@type\":\"ListItem\",\"position\":2,\"name\":\"Shop\",\"item\":\"https:\/\/bukkigyogytea.com\/sk\/obchodne\/\"},{\"@type\":\"ListItem\",\"position\":3,\"name\":\"Bylinn\u00e9 Zmesi\",\"item\":\"https:\/\/bukkigyogytea.com\/sk\/kategoria-produktu\/bylinne-zmesi\/\"},{\"@type\":\"ListItem\",\"position\":4,\"name\":\"\u010cajov\u00e1 zmes z lipkavca m\u00e4kk\u00e9ho (\u010caj na \u0161t\u00edtnu \u017e\u013eazu) &#8211; 100g\"}]},{\"@type\":\"WebSite\",\"@id\":\"https:\/\/bukkigyogytea.com\/sk\/#website\",\"url\":\"https:\/\/bukkigyogytea.com\/sk\/\",\"name\":\"B\u00fckki Gy\u00f3gytea Web\u00e1ruh\u00e1z\",\"description\":\"Gy\u00f6rgytea hivatalos viszontelad\u00f3\",\"publisher\":{\"@id\":\"https:\/\/bukkigyogytea.com\/sk\/#organization\"},\"potentialAction\":[{\"@type\":\"SearchAction\",\"target\":{\"@type\":\"EntryPoint\",\"urlTemplate\":\"https:\/\/bukkigyogytea.com\/sk\/?s={search_term_string}\"},\"query-input\":{\"@type\":\"PropertyValueSpecification\",\"valueRequired\":true,\"valueName\":\"search_term_string\"}}],\"inLanguage\":\"sk-SK\"},{\"@type\":\"Organization\",\"@id\":\"https:\/\/bukkigyogytea.com\/sk\/#organization\",\"name\":\"B\u00fckki Gy\u00f3gytea Web\u00e1ruh\u00e1z\",\"url\":\"https:\/\/bukkigyogytea.com\/sk\/\",\"logo\":{\"@type\":\"ImageObject\",\"inLanguage\":\"sk-SK\",\"@id\":\"https:\/\/bukkigyogytea.com\/sk\/#\/schema\/logo\/image\/\",\"url\":\"https:\/\/i0.wp.com\/bukkigyogytea.com\/wp-content\/uploads\/2020\/05\/Sitelogo-1.jpg?fit=350%2C85&ssl=1\",\"contentUrl\":\"https:\/\/i0.wp.com\/bukkigyogytea.com\/wp-content\/uploads\/2020\/05\/Sitelogo-1.jpg?fit=350%2C85&ssl=1\",\"width\":350,\"height\":85,\"caption\":\"B\u00fckki Gy\u00f3gytea Web\u00e1ruh\u00e1z\"},\"image\":{\"@id\":\"https:\/\/bukkigyogytea.com\/sk\/#\/schema\/logo\/image\/\"},\"sameAs\":[\"https:\/\/www.facebook.com\/bukkigyogytea\/\"]}]}<\/script>\n<!-- \/ Yoast SEO plugin. -->","yoast_head_json":{"title":"\u010cajov\u00e1 zmes z lipkavca m\u00e4kk\u00e9ho (\u010caj na \u0161t\u00edtnu \u017e\u013eazu) - 100g &#8211; B\u00fckki Gy\u00f3gytea Web\u00e1ruh\u00e1z","robots":{"index":"index","follow":"follow","max-snippet":"max-snippet:-1","max-image-preview":"max-image-preview:large","max-video-preview":"max-video-preview:-1"},"canonical":"https:\/\/bukkigyogytea.com\/sk\/produktu\/cajova-zmes-z-lipkavca-makkeho-caj-na-stitnu-zlazu-100g\/","og_locale":"sk_SK","og_type":"article","og_title":"\u010cajov\u00e1 zmes z lipkavca m\u00e4kk\u00e9ho (\u010caj na \u0161t\u00edtnu \u017e\u013eazu) - 100g &#8211; B\u00fckki Gy\u00f3gytea Web\u00e1ruh\u00e1z","og_description":"\u010cajov\u00e1 zmes reguluj\u00faca fungovanie horm\u00f3nu pankreasu.","og_url":"https:\/\/bukkigyogytea.com\/sk\/produktu\/cajova-zmes-z-lipkavca-makkeho-caj-na-stitnu-zlazu-100g\/","og_site_name":"B\u00fckki Gy\u00f3gytea Web\u00e1ruh\u00e1z","article_publisher":"https:\/\/www.facebook.com\/bukkigyogytea\/","article_modified_time":"2026-04-22T15:54:02+00:00","og_image":[{"url":"https:\/\/bukkigyogytea.com\/wp-content\/uploads\/2019\/08\/og-kozgalajos.jpg","type":"","width":"","height":""}],"twitter_card":"summary_large_image","twitter_misc":{"Predpokladan\u00fd \u010das \u010d\u00edtania":"1 min\u00fata"},"schema":{"@context":"https:\/\/schema.org","@graph":[{"@type":"WebPage","@id":"https:\/\/bukkigyogytea.com\/sk\/produktu\/cajova-zmes-z-lipkavca-makkeho-caj-na-stitnu-zlazu-100g\/","url":"https:\/\/bukkigyogytea.com\/sk\/produktu\/cajova-zmes-z-lipkavca-makkeho-caj-na-stitnu-zlazu-100g\/","name":"\u010cajov\u00e1 zmes z lipkavca m\u00e4kk\u00e9ho (\u010caj na \u0161t\u00edtnu \u017e\u013eazu) - 100g &#8211; B\u00fckki Gy\u00f3gytea Web\u00e1ruh\u00e1z","isPartOf":{"@id":"https:\/\/bukkigyogytea.com\/sk\/#website"},"primaryImageOfPage":{"@id":"https:\/\/bukkigyogytea.com\/sk\/produktu\/cajova-zmes-z-lipkavca-makkeho-caj-na-stitnu-zlazu-100g\/#primaryimage"},"image":{"@id":"https:\/\/bukkigyogytea.com\/sk\/produktu\/cajova-zmes-z-lipkavca-makkeho-caj-na-stitnu-zlazu-100g\/#primaryimage"},"thumbnailUrl":"https:\/\/bukkigyogytea.com\/wp-content\/uploads\/2019\/08\/kozonseges-galajos-bal.png","datePublished":"2019-08-29T07:09:54+00:00","dateModified":"2026-04-22T15:54:02+00:00","breadcrumb":{"@id":"https:\/\/bukkigyogytea.com\/sk\/produktu\/cajova-zmes-z-lipkavca-makkeho-caj-na-stitnu-zlazu-100g\/#breadcrumb"},"inLanguage":"sk-SK","potentialAction":[{"@type":"ReadAction","target":["https:\/\/bukkigyogytea.com\/sk\/produktu\/cajova-zmes-z-lipkavca-makkeho-caj-na-stitnu-zlazu-100g\/"]}]},{"@type":"ImageObject","inLanguage":"sk-SK","@id":"https:\/\/bukkigyogytea.com\/sk\/produktu\/cajova-zmes-z-lipkavca-makkeho-caj-na-stitnu-zlazu-100g\/#primaryimage","url":"https:\/\/bukkigyogytea.com\/wp-content\/uploads\/2019\/08\/kozonseges-galajos-bal.png","contentUrl":"https:\/\/bukkigyogytea.com\/wp-content\/uploads\/2019\/08\/kozonseges-galajos-bal.png","width":550,"height":550,"caption":"K\u00f6z\u00f6ns\u00e9ges galajos teakever\u00e9k - 100 g"},{"@type":"BreadcrumbList","@id":"https:\/\/bukkigyogytea.com\/sk\/produktu\/cajova-zmes-z-lipkavca-makkeho-caj-na-stitnu-zlazu-100g\/#breadcrumb","itemListElement":[{"@type":"ListItem","position":1,"name":"Domov","item":"https:\/\/bukkigyogytea.com\/sk\/"},{"@type":"ListItem","position":2,"name":"Shop","item":"https:\/\/bukkigyogytea.com\/sk\/obchodne\/"},{"@type":"ListItem","position":3,"name":"Bylinn\u00e9 Zmesi","item":"https:\/\/bukkigyogytea.com\/sk\/kategoria-produktu\/bylinne-zmesi\/"},{"@type":"ListItem","position":4,"name":"\u010cajov\u00e1 zmes z lipkavca m\u00e4kk\u00e9ho (\u010caj na \u0161t\u00edtnu \u017e\u013eazu) &#8211; 100g"}]},{"@type":"WebSite","@id":"https:\/\/bukkigyogytea.com\/sk\/#website","url":"https:\/\/bukkigyogytea.com\/sk\/","name":"B\u00fckki Gy\u00f3gytea Web\u00e1ruh\u00e1z","description":"Gy\u00f6rgytea hivatalos viszontelad\u00f3","publisher":{"@id":"https:\/\/bukkigyogytea.com\/sk\/#organization"},"potentialAction":[{"@type":"SearchAction","target":{"@type":"EntryPoint","urlTemplate":"https:\/\/bukkigyogytea.com\/sk\/?s={search_term_string}"},"query-input":{"@type":"PropertyValueSpecification","valueRequired":true,"valueName":"search_term_string"}}],"inLanguage":"sk-SK"},{"@type":"Organization","@id":"https:\/\/bukkigyogytea.com\/sk\/#organization","name":"B\u00fckki Gy\u00f3gytea Web\u00e1ruh\u00e1z","url":"https:\/\/bukkigyogytea.com\/sk\/","logo":{"@type":"ImageObject","inLanguage":"sk-SK","@id":"https:\/\/bukkigyogytea.com\/sk\/#\/schema\/logo\/image\/","url":"https:\/\/i0.wp.com\/bukkigyogytea.com\/wp-content\/uploads\/2020\/05\/Sitelogo-1.jpg?fit=350%2C85&ssl=1","contentUrl":"https:\/\/i0.wp.com\/bukkigyogytea.com\/wp-content\/uploads\/2020\/05\/Sitelogo-1.jpg?fit=350%2C85&ssl=1","width":350,"height":85,"caption":"B\u00fckki Gy\u00f3gytea Web\u00e1ruh\u00e1z"},"image":{"@id":"https:\/\/bukkigyogytea.com\/sk\/#\/schema\/logo\/image\/"},"sameAs":["https:\/\/www.facebook.com\/bukkigyogytea\/"]}]}},"publishpress_future_action":{"enabled":false,"date":"2026-04-30 22:55:00","action":"change-status","newStatus":"draft","terms":[],"taxonomy":"product_type","extraData":[]},"publishpress_future_workflow_manual_trigger":{"enabledWorkflows":[]},"_links":{"self":[{"href":"https:\/\/bukkigyogytea.com\/sk\/wp-json\/wp\/v2\/product\/2736","targetHints":{"allow":["GET"]}}],"collection":[{"href":"https:\/\/bukkigyogytea.com\/sk\/wp-json\/wp\/v2\/product"}],"about":[{"href":"https:\/\/bukkigyogytea.com\/sk\/wp-json\/wp\/v2\/types\/product"}],"replies":[{"embeddable":true,"href":"https:\/\/bukkigyogytea.com\/sk\/wp-json\/wp\/v2\/comments?post=2736"}],"wp:featuredmedia":[{"embeddable":true,"href":"https:\/\/bukkigyogytea.com\/sk\/wp-json\/wp\/v2\/media\/2734"}],"wp:attachment":[{"href":"https:\/\/bukkigyogytea.com\/sk\/wp-json\/wp\/v2\/media?parent=2736"}],"wp:term":[{"taxonomy":"product_brand","embeddable":true,"href":"https:\/\/bukkigyogytea.com\/sk\/wp-json\/wp\/v2\/product_brand?post=2736"},{"taxonomy":"product_cat","embeddable":true,"href":"https:\/\/bukkigyogytea.com\/sk\/wp-json\/wp\/v2\/product_cat?post=2736"},{"taxonomy":"product_tag","embeddable":true,"href":"https:\/\/bukkigyogytea.com\/sk\/wp-json\/wp\/v2\/product_tag?post=2736"}],"curies":[{"name":"wp","href":"https:\/\/api.w.org\/{rel}","templated":true}]}}