{"id":2710,"date":"2019-08-29T08:55:40","date_gmt":"2019-08-29T06:55:40","guid":{"rendered":"https:\/\/bukkigyogytea.com\/termek\/cajova-zmes-z-prhlavy-dvojdomej-cistiaci-caj-100g\/"},"modified":"2026-03-31T02:10:58","modified_gmt":"2026-03-31T00:10:58","slug":"cajova-zmes-z-prhlavy-dvojdomej-cistiaci-caj-100g","status":"publish","type":"product","link":"https:\/\/bukkigyogytea.com\/sk\/produktu\/cajova-zmes-z-prhlavy-dvojdomej-cistiaci-caj-100g\/","title":{"rendered":"\u010cajov\u00e1 zmes z p\u0155h\u013eavy dvojdomej (\u010cistiaci \u010daj) &#8211; 100g"},"content":{"rendered":"<p>Na jar a\u00a0na jese\u0148 sa odpor\u00fa\u010da \u010distiaca k\u00fara, s\u00a0ktorou n\u00e1m lie\u010div\u00e9 rastliny skvele pom\u00f4\u017eu.<\/p>\n<p><strong>\u010cajov\u00e1 zmes z\u00a0p\u0155h\u013eavy dvojdomej (\u010cistiaci \u010daj) <\/strong><strong>Gyuri b\u00e1csiho obsahuje lie\u010div\u00e9 rastliny, ktor\u00e9 organizmus o\u010distia. <\/strong><strong>Zlo\u017eenie:<\/strong><strong> bazov\u00fd kvet, listy p\u0155h\u013eavy dvojdomej, orech kr\u00e1\u013eovsk\u00fd, \u010dierne r\u00edbezle, kvety hlohu, lipkavec prav\u00fd, zeme\u017el\u010d.<\/strong><\/p>\n<p><strong>Pr\u00edprava:<\/strong> nie kopcovit\u00fa polievkov\u00fa ly\u017eicu (3 g) \u010dajovej zmesi zalia\u0165 2,5 deci hor\u00facej vody, po 15 min\u00fatach precedi\u0165. Nepou\u017e\u00edvajte kovov\u00e9 sitko.<\/p>\n<p><strong>Pou\u017e\u00edvanie: <\/strong>odpor\u00fa\u010da sa dvakr\u00e1t ro\u010dne (v marci a\u00a0v okt\u00f3bri) podst\u00fapi\u0165 o\u010distn\u00fa k\u00faru trvaj\u00facu 4-6 t\u00fd\u017ed\u0148ov, ke\u010f budeme pi\u0165 denne jednu \u0161\u00e1lku \u010daju na pr\u00e1zdny \u017eal\u00fadok bez ochucovania. Po\u010das k\u00fary je potrebn\u00e9 pi\u0165 ve\u013ea tekut\u00edn, v\u00a0prvom rade \u010distej vody. Ako k\u00fara sa odpor\u00fa\u010da aj na zlep\u0161enie \u010dinnosti obli\u010diek. Jednu \u0161\u00e1lku denne m\u00f4\u017eeme pi\u0165 po dobu 6 t\u00fd\u017ed\u0148ov, potom sa odpor\u00fa\u010da \u0161tvort\u00fd\u017ed\u0148ov\u00e1 prest\u00e1vka. \u010cajov\u00e1 zmes p\u0155h\u013eavy dvojdomej od Gyuri b\u00e1csiho detoxikuje, zbavuje organizmus \u0161kodliv\u00fdch l\u00e1tok, osvie\u017ei ho, \u010dist\u00ed krv a\u00a0najd\u00f4le\u017eitej\u0161ie org\u00e1ny. Pom\u00e1ha bojova\u0165 proti stresu, m\u00e1 upokojuj\u00face \u00fa\u010dinky a\u00a0takisto uvo\u013e\u0148uje stolicu.<\/p>\n<p><strong>Neodpor\u00fa\u010da sa:<\/strong> v\u00a0tehotenstve a\u00a0po\u010das doj\u010denia. Neodpor\u00fa\u010da sa ani de\u0165om do 12 rokov.<\/p>\n","protected":false},"excerpt":{"rendered":"<p>Ako \u010distiaca k\u00fara, na dezinfekciu, \u010distenie krvi a najd\u00f4le\u017eitej\u0161\u00edch org\u00e1nov<\/p>\n","protected":false},"featured_media":6587,"comment_status":"open","ping_status":"closed","template":"","meta":{"_acf_changed":false},"product_brand":[],"product_cat":[163],"product_tag":[],"class_list":{"0":"post-2710","1":"product","2":"type-product","3":"status-publish","4":"has-post-thumbnail","6":"product_cat-bylinne-zmesi","7":"sales-flash-overlay","8":"woocommerce-text-align-center","9":"woocommerce-image-align-center","10":"do-quantity-buttons","12":"first","13":"instock","14":"taxable","15":"shipping-taxable","16":"purchasable","17":"product-type-simple"},"acf":{"blog_termekleiras":""},"yoast_head":"<!-- This site is optimized with the Yoast SEO plugin v26.9 - https:\/\/yoast.com\/product\/yoast-seo-wordpress\/ -->\n<title>\u010cajov\u00e1 zmes z p\u0155h\u013eavy dvojdomej (\u010cistiaci \u010daj) - 100g &#8211; B\u00fckki Gy\u00f3gytea Web\u00e1ruh\u00e1z<\/title>\n<meta name=\"robots\" content=\"index, follow, max-snippet:-1, max-image-preview:large, max-video-preview:-1\" \/>\n<link rel=\"canonical\" href=\"https:\/\/bukkigyogytea.com\/sk\/produktu\/cajova-zmes-z-prhlavy-dvojdomej-cistiaci-caj-100g\/\" \/>\n<meta property=\"og:locale\" content=\"sk_SK\" \/>\n<meta property=\"og:type\" content=\"article\" \/>\n<meta property=\"og:title\" content=\"\u010cajov\u00e1 zmes z p\u0155h\u013eavy dvojdomej (\u010cistiaci \u010daj) - 100g &#8211; B\u00fckki Gy\u00f3gytea Web\u00e1ruh\u00e1z\" \/>\n<meta property=\"og:description\" content=\"Ako \u010distiaca k\u00fara, na dezinfekciu, \u010distenie krvi a najd\u00f4le\u017eitej\u0161\u00edch org\u00e1nov\" \/>\n<meta property=\"og:url\" content=\"https:\/\/bukkigyogytea.com\/sk\/produktu\/cajova-zmes-z-prhlavy-dvojdomej-cistiaci-caj-100g\/\" \/>\n<meta property=\"og:site_name\" content=\"B\u00fckki Gy\u00f3gytea Web\u00e1ruh\u00e1z\" \/>\n<meta property=\"article:publisher\" content=\"https:\/\/www.facebook.com\/bukkigyogytea\/\" \/>\n<meta property=\"article:modified_time\" content=\"2026-03-31T00:10:58+00:00\" \/>\n<meta property=\"og:image\" content=\"https:\/\/bukkigyogytea.com\/wp-content\/uploads\/2020\/07\/og-csalanleveles.jpg\" \/>\n<meta name=\"twitter:card\" content=\"summary_large_image\" \/>\n<meta name=\"twitter:label1\" content=\"Predpokladan\u00fd \u010das \u010d\u00edtania\" \/>\n\t<meta name=\"twitter:data1\" content=\"1 min\u00fata\" \/>\n<script type=\"application\/ld+json\" class=\"yoast-schema-graph\">{\"@context\":\"https:\/\/schema.org\",\"@graph\":[{\"@type\":\"WebPage\",\"@id\":\"https:\/\/bukkigyogytea.com\/sk\/produktu\/cajova-zmes-z-prhlavy-dvojdomej-cistiaci-caj-100g\/\",\"url\":\"https:\/\/bukkigyogytea.com\/sk\/produktu\/cajova-zmes-z-prhlavy-dvojdomej-cistiaci-caj-100g\/\",\"name\":\"\u010cajov\u00e1 zmes z p\u0155h\u013eavy dvojdomej (\u010cistiaci \u010daj) - 100g &#8211; B\u00fckki Gy\u00f3gytea Web\u00e1ruh\u00e1z\",\"isPartOf\":{\"@id\":\"https:\/\/bukkigyogytea.com\/sk\/#website\"},\"primaryImageOfPage\":{\"@id\":\"https:\/\/bukkigyogytea.com\/sk\/produktu\/cajova-zmes-z-prhlavy-dvojdomej-cistiaci-caj-100g\/#primaryimage\"},\"image\":{\"@id\":\"https:\/\/bukkigyogytea.com\/sk\/produktu\/cajova-zmes-z-prhlavy-dvojdomej-cistiaci-caj-100g\/#primaryimage\"},\"thumbnailUrl\":\"https:\/\/bukkigyogytea.com\/wp-content\/uploads\/2019\/08\/csalanleveles_54-bal_100g_900x900.png\",\"datePublished\":\"2019-08-29T06:55:40+00:00\",\"dateModified\":\"2026-03-31T00:10:58+00:00\",\"breadcrumb\":{\"@id\":\"https:\/\/bukkigyogytea.com\/sk\/produktu\/cajova-zmes-z-prhlavy-dvojdomej-cistiaci-caj-100g\/#breadcrumb\"},\"inLanguage\":\"sk-SK\",\"potentialAction\":[{\"@type\":\"ReadAction\",\"target\":[\"https:\/\/bukkigyogytea.com\/sk\/produktu\/cajova-zmes-z-prhlavy-dvojdomej-cistiaci-caj-100g\/\"]}]},{\"@type\":\"ImageObject\",\"inLanguage\":\"sk-SK\",\"@id\":\"https:\/\/bukkigyogytea.com\/sk\/produktu\/cajova-zmes-z-prhlavy-dvojdomej-cistiaci-caj-100g\/#primaryimage\",\"url\":\"https:\/\/bukkigyogytea.com\/wp-content\/uploads\/2019\/08\/csalanleveles_54-bal_100g_900x900.png\",\"contentUrl\":\"https:\/\/bukkigyogytea.com\/wp-content\/uploads\/2019\/08\/csalanleveles_54-bal_100g_900x900.png\",\"width\":900,\"height\":900,\"caption\":\"Csal\u00e1nleveles teakever\u00e9k 100 g\"},{\"@type\":\"BreadcrumbList\",\"@id\":\"https:\/\/bukkigyogytea.com\/sk\/produktu\/cajova-zmes-z-prhlavy-dvojdomej-cistiaci-caj-100g\/#breadcrumb\",\"itemListElement\":[{\"@type\":\"ListItem\",\"position\":1,\"name\":\"Domov\",\"item\":\"https:\/\/bukkigyogytea.com\/sk\/\"},{\"@type\":\"ListItem\",\"position\":2,\"name\":\"Shop\",\"item\":\"https:\/\/bukkigyogytea.com\/sk\/obchodne\/\"},{\"@type\":\"ListItem\",\"position\":3,\"name\":\"Bylinn\u00e9 Zmesi\",\"item\":\"https:\/\/bukkigyogytea.com\/sk\/kategoria-produktu\/bylinne-zmesi\/\"},{\"@type\":\"ListItem\",\"position\":4,\"name\":\"\u010cajov\u00e1 zmes z p\u0155h\u013eavy dvojdomej (\u010cistiaci \u010daj) &#8211; 100g\"}]},{\"@type\":\"WebSite\",\"@id\":\"https:\/\/bukkigyogytea.com\/sk\/#website\",\"url\":\"https:\/\/bukkigyogytea.com\/sk\/\",\"name\":\"B\u00fckki Gy\u00f3gytea Web\u00e1ruh\u00e1z\",\"description\":\"Gy\u00f6rgytea hivatalos viszontelad\u00f3\",\"publisher\":{\"@id\":\"https:\/\/bukkigyogytea.com\/sk\/#organization\"},\"potentialAction\":[{\"@type\":\"SearchAction\",\"target\":{\"@type\":\"EntryPoint\",\"urlTemplate\":\"https:\/\/bukkigyogytea.com\/sk\/?s={search_term_string}\"},\"query-input\":{\"@type\":\"PropertyValueSpecification\",\"valueRequired\":true,\"valueName\":\"search_term_string\"}}],\"inLanguage\":\"sk-SK\"},{\"@type\":\"Organization\",\"@id\":\"https:\/\/bukkigyogytea.com\/sk\/#organization\",\"name\":\"B\u00fckki Gy\u00f3gytea Web\u00e1ruh\u00e1z\",\"url\":\"https:\/\/bukkigyogytea.com\/sk\/\",\"logo\":{\"@type\":\"ImageObject\",\"inLanguage\":\"sk-SK\",\"@id\":\"https:\/\/bukkigyogytea.com\/sk\/#\/schema\/logo\/image\/\",\"url\":\"https:\/\/i0.wp.com\/bukkigyogytea.com\/wp-content\/uploads\/2020\/05\/Sitelogo-1.jpg?fit=350%2C85&ssl=1\",\"contentUrl\":\"https:\/\/i0.wp.com\/bukkigyogytea.com\/wp-content\/uploads\/2020\/05\/Sitelogo-1.jpg?fit=350%2C85&ssl=1\",\"width\":350,\"height\":85,\"caption\":\"B\u00fckki Gy\u00f3gytea Web\u00e1ruh\u00e1z\"},\"image\":{\"@id\":\"https:\/\/bukkigyogytea.com\/sk\/#\/schema\/logo\/image\/\"},\"sameAs\":[\"https:\/\/www.facebook.com\/bukkigyogytea\/\"]}]}<\/script>\n<!-- \/ Yoast SEO plugin. -->","yoast_head_json":{"title":"\u010cajov\u00e1 zmes z p\u0155h\u013eavy dvojdomej (\u010cistiaci \u010daj) - 100g &#8211; B\u00fckki Gy\u00f3gytea Web\u00e1ruh\u00e1z","robots":{"index":"index","follow":"follow","max-snippet":"max-snippet:-1","max-image-preview":"max-image-preview:large","max-video-preview":"max-video-preview:-1"},"canonical":"https:\/\/bukkigyogytea.com\/sk\/produktu\/cajova-zmes-z-prhlavy-dvojdomej-cistiaci-caj-100g\/","og_locale":"sk_SK","og_type":"article","og_title":"\u010cajov\u00e1 zmes z p\u0155h\u013eavy dvojdomej (\u010cistiaci \u010daj) - 100g &#8211; B\u00fckki Gy\u00f3gytea Web\u00e1ruh\u00e1z","og_description":"Ako \u010distiaca k\u00fara, na dezinfekciu, \u010distenie krvi a najd\u00f4le\u017eitej\u0161\u00edch org\u00e1nov","og_url":"https:\/\/bukkigyogytea.com\/sk\/produktu\/cajova-zmes-z-prhlavy-dvojdomej-cistiaci-caj-100g\/","og_site_name":"B\u00fckki Gy\u00f3gytea Web\u00e1ruh\u00e1z","article_publisher":"https:\/\/www.facebook.com\/bukkigyogytea\/","article_modified_time":"2026-03-31T00:10:58+00:00","og_image":[{"url":"https:\/\/bukkigyogytea.com\/wp-content\/uploads\/2020\/07\/og-csalanleveles.jpg","type":"","width":"","height":""}],"twitter_card":"summary_large_image","twitter_misc":{"Predpokladan\u00fd \u010das \u010d\u00edtania":"1 min\u00fata"},"schema":{"@context":"https:\/\/schema.org","@graph":[{"@type":"WebPage","@id":"https:\/\/bukkigyogytea.com\/sk\/produktu\/cajova-zmes-z-prhlavy-dvojdomej-cistiaci-caj-100g\/","url":"https:\/\/bukkigyogytea.com\/sk\/produktu\/cajova-zmes-z-prhlavy-dvojdomej-cistiaci-caj-100g\/","name":"\u010cajov\u00e1 zmes z p\u0155h\u013eavy dvojdomej (\u010cistiaci \u010daj) - 100g &#8211; B\u00fckki Gy\u00f3gytea Web\u00e1ruh\u00e1z","isPartOf":{"@id":"https:\/\/bukkigyogytea.com\/sk\/#website"},"primaryImageOfPage":{"@id":"https:\/\/bukkigyogytea.com\/sk\/produktu\/cajova-zmes-z-prhlavy-dvojdomej-cistiaci-caj-100g\/#primaryimage"},"image":{"@id":"https:\/\/bukkigyogytea.com\/sk\/produktu\/cajova-zmes-z-prhlavy-dvojdomej-cistiaci-caj-100g\/#primaryimage"},"thumbnailUrl":"https:\/\/bukkigyogytea.com\/wp-content\/uploads\/2019\/08\/csalanleveles_54-bal_100g_900x900.png","datePublished":"2019-08-29T06:55:40+00:00","dateModified":"2026-03-31T00:10:58+00:00","breadcrumb":{"@id":"https:\/\/bukkigyogytea.com\/sk\/produktu\/cajova-zmes-z-prhlavy-dvojdomej-cistiaci-caj-100g\/#breadcrumb"},"inLanguage":"sk-SK","potentialAction":[{"@type":"ReadAction","target":["https:\/\/bukkigyogytea.com\/sk\/produktu\/cajova-zmes-z-prhlavy-dvojdomej-cistiaci-caj-100g\/"]}]},{"@type":"ImageObject","inLanguage":"sk-SK","@id":"https:\/\/bukkigyogytea.com\/sk\/produktu\/cajova-zmes-z-prhlavy-dvojdomej-cistiaci-caj-100g\/#primaryimage","url":"https:\/\/bukkigyogytea.com\/wp-content\/uploads\/2019\/08\/csalanleveles_54-bal_100g_900x900.png","contentUrl":"https:\/\/bukkigyogytea.com\/wp-content\/uploads\/2019\/08\/csalanleveles_54-bal_100g_900x900.png","width":900,"height":900,"caption":"Csal\u00e1nleveles teakever\u00e9k 100 g"},{"@type":"BreadcrumbList","@id":"https:\/\/bukkigyogytea.com\/sk\/produktu\/cajova-zmes-z-prhlavy-dvojdomej-cistiaci-caj-100g\/#breadcrumb","itemListElement":[{"@type":"ListItem","position":1,"name":"Domov","item":"https:\/\/bukkigyogytea.com\/sk\/"},{"@type":"ListItem","position":2,"name":"Shop","item":"https:\/\/bukkigyogytea.com\/sk\/obchodne\/"},{"@type":"ListItem","position":3,"name":"Bylinn\u00e9 Zmesi","item":"https:\/\/bukkigyogytea.com\/sk\/kategoria-produktu\/bylinne-zmesi\/"},{"@type":"ListItem","position":4,"name":"\u010cajov\u00e1 zmes z p\u0155h\u013eavy dvojdomej (\u010cistiaci \u010daj) &#8211; 100g"}]},{"@type":"WebSite","@id":"https:\/\/bukkigyogytea.com\/sk\/#website","url":"https:\/\/bukkigyogytea.com\/sk\/","name":"B\u00fckki Gy\u00f3gytea Web\u00e1ruh\u00e1z","description":"Gy\u00f6rgytea hivatalos viszontelad\u00f3","publisher":{"@id":"https:\/\/bukkigyogytea.com\/sk\/#organization"},"potentialAction":[{"@type":"SearchAction","target":{"@type":"EntryPoint","urlTemplate":"https:\/\/bukkigyogytea.com\/sk\/?s={search_term_string}"},"query-input":{"@type":"PropertyValueSpecification","valueRequired":true,"valueName":"search_term_string"}}],"inLanguage":"sk-SK"},{"@type":"Organization","@id":"https:\/\/bukkigyogytea.com\/sk\/#organization","name":"B\u00fckki Gy\u00f3gytea Web\u00e1ruh\u00e1z","url":"https:\/\/bukkigyogytea.com\/sk\/","logo":{"@type":"ImageObject","inLanguage":"sk-SK","@id":"https:\/\/bukkigyogytea.com\/sk\/#\/schema\/logo\/image\/","url":"https:\/\/i0.wp.com\/bukkigyogytea.com\/wp-content\/uploads\/2020\/05\/Sitelogo-1.jpg?fit=350%2C85&ssl=1","contentUrl":"https:\/\/i0.wp.com\/bukkigyogytea.com\/wp-content\/uploads\/2020\/05\/Sitelogo-1.jpg?fit=350%2C85&ssl=1","width":350,"height":85,"caption":"B\u00fckki Gy\u00f3gytea Web\u00e1ruh\u00e1z"},"image":{"@id":"https:\/\/bukkigyogytea.com\/sk\/#\/schema\/logo\/image\/"},"sameAs":["https:\/\/www.facebook.com\/bukkigyogytea\/"]}]}},"publishpress_future_action":{"enabled":false,"date":"2026-04-08 22:55:00","action":"change-status","newStatus":"draft","terms":[],"taxonomy":"product_type","extraData":[]},"publishpress_future_workflow_manual_trigger":{"enabledWorkflows":[]},"_links":{"self":[{"href":"https:\/\/bukkigyogytea.com\/sk\/wp-json\/wp\/v2\/product\/2710","targetHints":{"allow":["GET"]}}],"collection":[{"href":"https:\/\/bukkigyogytea.com\/sk\/wp-json\/wp\/v2\/product"}],"about":[{"href":"https:\/\/bukkigyogytea.com\/sk\/wp-json\/wp\/v2\/types\/product"}],"replies":[{"embeddable":true,"href":"https:\/\/bukkigyogytea.com\/sk\/wp-json\/wp\/v2\/comments?post=2710"}],"wp:featuredmedia":[{"embeddable":true,"href":"https:\/\/bukkigyogytea.com\/sk\/wp-json\/wp\/v2\/media\/6587"}],"wp:attachment":[{"href":"https:\/\/bukkigyogytea.com\/sk\/wp-json\/wp\/v2\/media?parent=2710"}],"wp:term":[{"taxonomy":"product_brand","embeddable":true,"href":"https:\/\/bukkigyogytea.com\/sk\/wp-json\/wp\/v2\/product_brand?post=2710"},{"taxonomy":"product_cat","embeddable":true,"href":"https:\/\/bukkigyogytea.com\/sk\/wp-json\/wp\/v2\/product_cat?post=2710"},{"taxonomy":"product_tag","embeddable":true,"href":"https:\/\/bukkigyogytea.com\/sk\/wp-json\/wp\/v2\/product_tag?post=2710"}],"curies":[{"name":"wp","href":"https:\/\/api.w.org\/{rel}","templated":true}]}}