{"id":2686,"date":"2019-08-01T13:14:06","date_gmt":"2019-08-01T11:14:06","guid":{"rendered":"https:\/\/bukkigyogytea.com\/termek\/sada-cajov-na-podporu-pocatia\/"},"modified":"2024-01-29T10:28:05","modified_gmt":"2024-01-29T09:28:05","slug":"sada-cajov-na-podporu-pocatia","status":"publish","type":"product","link":"https:\/\/bukkigyogytea.com\/sk\/produktu\/sada-cajov-na-podporu-pocatia\/","title":{"rendered":"Sada \u010dajov na podporu po\u010datia"},"content":{"rendered":"<p>Sadu \u010dajov na podporu po\u010datia zostavil Gy\u00f6rgy Szab\u00f3, bylink\u00e1r z mesta B\u00fck, pre tie p\u00e1ry, ktor\u00e9 maj\u00fa probl\u00e9m s otehotnen\u00edm. Program na podporu po\u010datia je 3-mesa\u010dn\u00e1 k\u00fara, ktor\u00fa musia dodr\u017eiava\u0165 obaja partneri. Podrobn\u00fd n\u00e1vod na u\u017e\u00edvanie je prilo\u017een\u00fd v krabici.<\/p>\n<p>Obsah sady:<\/p>\n<p>\u010cajov\u00e1 zmes z p\u0155h\u013eavy dvojdomej (\u010cistiaci \u010daj) (4&#215;50 g)<br \/>\u010daj z imela (2 x 110 g)<br \/>\u010dajov\u00e1 zmes pre \u017eenu (1\u00d750 g)<br \/>\u010dajov\u00e1 zmes pre mu\u017ea (1\u00d750 g)<br \/>\u010dajov\u00e1 zmes na v\u00fdplach maternice (1\u00d750 g)<br \/>\u010daj z listov ostru\u017einy malinovej (2\u00d750 g)<\/p>\n<p>Pr\u00edprava: 1 zarovnan\u00fa polievkov\u00fa ly\u017eicu (3 g) \u010dajovej zmesi zalejeme 2,5 dl hor\u00facej vody, nech\u00e1me 15 min\u00fat vyl\u00fahova\u0165 a preced\u00edme. V pr\u00edpade \u010daju z imela nech\u00e1me imelo 12 hod\u00edn macerova\u0165 v 2,5 dl studenej odv\u00e1pnenej vody, preced\u00edme a pijeme neochuten\u00fd.<\/p>\n<p>Uchov\u00e1vajte na chladnom a suchom mieste, mimo dosahu det\u00ed.<\/p>\n","protected":false},"excerpt":{"rendered":"<p>Sadu \u010dajov na podporu po\u010datia zostavil Gy\u00f6rgy Szab\u00f3, bylink\u00e1r z mesta B\u00fck, pre tie p\u00e1ry, ktor\u00e9 maj\u00fa probl\u00e9m s otehotnen\u00edm.<\/p>\n","protected":false},"featured_media":7406,"comment_status":"open","ping_status":"closed","template":"","meta":{"_acf_changed":false},"product_brand":[],"product_cat":[222],"product_tag":[],"class_list":{"0":"post-2686","1":"product","2":"type-product","3":"status-publish","4":"has-post-thumbnail","6":"product_cat-svet-deti","7":"sales-flash-overlay","8":"woocommerce-text-align-center","9":"woocommerce-image-align-center","10":"do-quantity-buttons","12":"first","13":"instock","14":"taxable","15":"shipping-taxable","16":"purchasable","17":"product-type-simple"},"acf":{"blog_termekleiras":""},"yoast_head":"<!-- This site is optimized with the Yoast SEO plugin v26.9 - https:\/\/yoast.com\/product\/yoast-seo-wordpress\/ -->\n<title>Sada \u010dajov na podporu po\u010datia &#8211; B\u00fckki Gy\u00f3gytea Web\u00e1ruh\u00e1z<\/title>\n<meta name=\"robots\" content=\"index, follow, max-snippet:-1, max-image-preview:large, max-video-preview:-1\" \/>\n<link rel=\"canonical\" href=\"https:\/\/bukkigyogytea.com\/sk\/produktu\/sada-cajov-na-podporu-pocatia\/\" \/>\n<meta property=\"og:locale\" content=\"sk_SK\" \/>\n<meta property=\"og:type\" content=\"article\" \/>\n<meta property=\"og:title\" content=\"Sada \u010dajov na podporu po\u010datia &#8211; B\u00fckki Gy\u00f3gytea Web\u00e1ruh\u00e1z\" \/>\n<meta property=\"og:description\" content=\"Sadu \u010dajov na podporu po\u010datia zostavil Gy\u00f6rgy Szab\u00f3, bylink\u00e1r z mesta B\u00fck, pre tie p\u00e1ry, ktor\u00e9 maj\u00fa probl\u00e9m s otehotnen\u00edm.\" \/>\n<meta property=\"og:url\" content=\"https:\/\/bukkigyogytea.com\/sk\/produktu\/sada-cajov-na-podporu-pocatia\/\" \/>\n<meta property=\"og:site_name\" content=\"B\u00fckki Gy\u00f3gytea Web\u00e1ruh\u00e1z\" \/>\n<meta property=\"article:publisher\" content=\"https:\/\/www.facebook.com\/bukkigyogytea\/\" \/>\n<meta property=\"article:modified_time\" content=\"2024-01-29T09:28:05+00:00\" \/>\n<meta property=\"og:image\" content=\"https:\/\/bukkigyogytea.com\/wp-content\/uploads\/2019\/08\/FB-Babavr.jpg\" \/>\n<meta name=\"twitter:card\" content=\"summary_large_image\" \/>\n<meta name=\"twitter:label1\" content=\"Predpokladan\u00fd \u010das \u010d\u00edtania\" \/>\n\t<meta name=\"twitter:data1\" content=\"1 min\u00fata\" \/>\n<script type=\"application\/ld+json\" class=\"yoast-schema-graph\">{\"@context\":\"https:\/\/schema.org\",\"@graph\":[{\"@type\":\"WebPage\",\"@id\":\"https:\/\/bukkigyogytea.com\/sk\/produktu\/sada-cajov-na-podporu-pocatia\/\",\"url\":\"https:\/\/bukkigyogytea.com\/sk\/produktu\/sada-cajov-na-podporu-pocatia\/\",\"name\":\"Sada \u010dajov na podporu po\u010datia &#8211; B\u00fckki Gy\u00f3gytea Web\u00e1ruh\u00e1z\",\"isPartOf\":{\"@id\":\"https:\/\/bukkigyogytea.com\/sk\/#website\"},\"primaryImageOfPage\":{\"@id\":\"https:\/\/bukkigyogytea.com\/sk\/produktu\/sada-cajov-na-podporu-pocatia\/#primaryimage\"},\"image\":{\"@id\":\"https:\/\/bukkigyogytea.com\/sk\/produktu\/sada-cajov-na-podporu-pocatia\/#primaryimage\"},\"thumbnailUrl\":\"https:\/\/bukkigyogytea.com\/wp-content\/uploads\/2019\/08\/babavaro-csomag2-550x550-2.png\",\"datePublished\":\"2019-08-01T11:14:06+00:00\",\"dateModified\":\"2024-01-29T09:28:05+00:00\",\"breadcrumb\":{\"@id\":\"https:\/\/bukkigyogytea.com\/sk\/produktu\/sada-cajov-na-podporu-pocatia\/#breadcrumb\"},\"inLanguage\":\"sk-SK\",\"potentialAction\":[{\"@type\":\"ReadAction\",\"target\":[\"https:\/\/bukkigyogytea.com\/sk\/produktu\/sada-cajov-na-podporu-pocatia\/\"]}]},{\"@type\":\"ImageObject\",\"inLanguage\":\"sk-SK\",\"@id\":\"https:\/\/bukkigyogytea.com\/sk\/produktu\/sada-cajov-na-podporu-pocatia\/#primaryimage\",\"url\":\"https:\/\/bukkigyogytea.com\/wp-content\/uploads\/2019\/08\/babavaro-csomag2-550x550-2.png\",\"contentUrl\":\"https:\/\/bukkigyogytea.com\/wp-content\/uploads\/2019\/08\/babavaro-csomag2-550x550-2.png\",\"width\":550,\"height\":550,\"caption\":\"Babav\u00e1r\u00f3 tearendszer\"},{\"@type\":\"BreadcrumbList\",\"@id\":\"https:\/\/bukkigyogytea.com\/sk\/produktu\/sada-cajov-na-podporu-pocatia\/#breadcrumb\",\"itemListElement\":[{\"@type\":\"ListItem\",\"position\":1,\"name\":\"Domov\",\"item\":\"https:\/\/bukkigyogytea.com\/sk\/\"},{\"@type\":\"ListItem\",\"position\":2,\"name\":\"Shop\",\"item\":\"https:\/\/bukkigyogytea.com\/sk\/obchodne\/\"},{\"@type\":\"ListItem\",\"position\":3,\"name\":\"Svet det\u00ed\",\"item\":\"https:\/\/bukkigyogytea.com\/sk\/kategoria-produktu\/svet-deti\/\"},{\"@type\":\"ListItem\",\"position\":4,\"name\":\"Sada \u010dajov na podporu po\u010datia\"}]},{\"@type\":\"WebSite\",\"@id\":\"https:\/\/bukkigyogytea.com\/sk\/#website\",\"url\":\"https:\/\/bukkigyogytea.com\/sk\/\",\"name\":\"B\u00fckki Gy\u00f3gytea Web\u00e1ruh\u00e1z\",\"description\":\"Gy\u00f6rgytea hivatalos viszontelad\u00f3\",\"publisher\":{\"@id\":\"https:\/\/bukkigyogytea.com\/sk\/#organization\"},\"potentialAction\":[{\"@type\":\"SearchAction\",\"target\":{\"@type\":\"EntryPoint\",\"urlTemplate\":\"https:\/\/bukkigyogytea.com\/sk\/?s={search_term_string}\"},\"query-input\":{\"@type\":\"PropertyValueSpecification\",\"valueRequired\":true,\"valueName\":\"search_term_string\"}}],\"inLanguage\":\"sk-SK\"},{\"@type\":\"Organization\",\"@id\":\"https:\/\/bukkigyogytea.com\/sk\/#organization\",\"name\":\"B\u00fckki Gy\u00f3gytea Web\u00e1ruh\u00e1z\",\"url\":\"https:\/\/bukkigyogytea.com\/sk\/\",\"logo\":{\"@type\":\"ImageObject\",\"inLanguage\":\"sk-SK\",\"@id\":\"https:\/\/bukkigyogytea.com\/sk\/#\/schema\/logo\/image\/\",\"url\":\"https:\/\/i0.wp.com\/bukkigyogytea.com\/wp-content\/uploads\/2020\/05\/Sitelogo-1.jpg?fit=350%2C85&ssl=1\",\"contentUrl\":\"https:\/\/i0.wp.com\/bukkigyogytea.com\/wp-content\/uploads\/2020\/05\/Sitelogo-1.jpg?fit=350%2C85&ssl=1\",\"width\":350,\"height\":85,\"caption\":\"B\u00fckki Gy\u00f3gytea Web\u00e1ruh\u00e1z\"},\"image\":{\"@id\":\"https:\/\/bukkigyogytea.com\/sk\/#\/schema\/logo\/image\/\"},\"sameAs\":[\"https:\/\/www.facebook.com\/bukkigyogytea\/\"]}]}<\/script>\n<!-- \/ Yoast SEO plugin. -->","yoast_head_json":{"title":"Sada \u010dajov na podporu po\u010datia &#8211; B\u00fckki Gy\u00f3gytea Web\u00e1ruh\u00e1z","robots":{"index":"index","follow":"follow","max-snippet":"max-snippet:-1","max-image-preview":"max-image-preview:large","max-video-preview":"max-video-preview:-1"},"canonical":"https:\/\/bukkigyogytea.com\/sk\/produktu\/sada-cajov-na-podporu-pocatia\/","og_locale":"sk_SK","og_type":"article","og_title":"Sada \u010dajov na podporu po\u010datia &#8211; B\u00fckki Gy\u00f3gytea Web\u00e1ruh\u00e1z","og_description":"Sadu \u010dajov na podporu po\u010datia zostavil Gy\u00f6rgy Szab\u00f3, bylink\u00e1r z mesta B\u00fck, pre tie p\u00e1ry, ktor\u00e9 maj\u00fa probl\u00e9m s otehotnen\u00edm.","og_url":"https:\/\/bukkigyogytea.com\/sk\/produktu\/sada-cajov-na-podporu-pocatia\/","og_site_name":"B\u00fckki Gy\u00f3gytea Web\u00e1ruh\u00e1z","article_publisher":"https:\/\/www.facebook.com\/bukkigyogytea\/","article_modified_time":"2024-01-29T09:28:05+00:00","og_image":[{"url":"https:\/\/bukkigyogytea.com\/wp-content\/uploads\/2019\/08\/FB-Babavr.jpg","type":"","width":"","height":""}],"twitter_card":"summary_large_image","twitter_misc":{"Predpokladan\u00fd \u010das \u010d\u00edtania":"1 min\u00fata"},"schema":{"@context":"https:\/\/schema.org","@graph":[{"@type":"WebPage","@id":"https:\/\/bukkigyogytea.com\/sk\/produktu\/sada-cajov-na-podporu-pocatia\/","url":"https:\/\/bukkigyogytea.com\/sk\/produktu\/sada-cajov-na-podporu-pocatia\/","name":"Sada \u010dajov na podporu po\u010datia &#8211; B\u00fckki Gy\u00f3gytea Web\u00e1ruh\u00e1z","isPartOf":{"@id":"https:\/\/bukkigyogytea.com\/sk\/#website"},"primaryImageOfPage":{"@id":"https:\/\/bukkigyogytea.com\/sk\/produktu\/sada-cajov-na-podporu-pocatia\/#primaryimage"},"image":{"@id":"https:\/\/bukkigyogytea.com\/sk\/produktu\/sada-cajov-na-podporu-pocatia\/#primaryimage"},"thumbnailUrl":"https:\/\/bukkigyogytea.com\/wp-content\/uploads\/2019\/08\/babavaro-csomag2-550x550-2.png","datePublished":"2019-08-01T11:14:06+00:00","dateModified":"2024-01-29T09:28:05+00:00","breadcrumb":{"@id":"https:\/\/bukkigyogytea.com\/sk\/produktu\/sada-cajov-na-podporu-pocatia\/#breadcrumb"},"inLanguage":"sk-SK","potentialAction":[{"@type":"ReadAction","target":["https:\/\/bukkigyogytea.com\/sk\/produktu\/sada-cajov-na-podporu-pocatia\/"]}]},{"@type":"ImageObject","inLanguage":"sk-SK","@id":"https:\/\/bukkigyogytea.com\/sk\/produktu\/sada-cajov-na-podporu-pocatia\/#primaryimage","url":"https:\/\/bukkigyogytea.com\/wp-content\/uploads\/2019\/08\/babavaro-csomag2-550x550-2.png","contentUrl":"https:\/\/bukkigyogytea.com\/wp-content\/uploads\/2019\/08\/babavaro-csomag2-550x550-2.png","width":550,"height":550,"caption":"Babav\u00e1r\u00f3 tearendszer"},{"@type":"BreadcrumbList","@id":"https:\/\/bukkigyogytea.com\/sk\/produktu\/sada-cajov-na-podporu-pocatia\/#breadcrumb","itemListElement":[{"@type":"ListItem","position":1,"name":"Domov","item":"https:\/\/bukkigyogytea.com\/sk\/"},{"@type":"ListItem","position":2,"name":"Shop","item":"https:\/\/bukkigyogytea.com\/sk\/obchodne\/"},{"@type":"ListItem","position":3,"name":"Svet det\u00ed","item":"https:\/\/bukkigyogytea.com\/sk\/kategoria-produktu\/svet-deti\/"},{"@type":"ListItem","position":4,"name":"Sada \u010dajov na podporu po\u010datia"}]},{"@type":"WebSite","@id":"https:\/\/bukkigyogytea.com\/sk\/#website","url":"https:\/\/bukkigyogytea.com\/sk\/","name":"B\u00fckki Gy\u00f3gytea Web\u00e1ruh\u00e1z","description":"Gy\u00f6rgytea hivatalos viszontelad\u00f3","publisher":{"@id":"https:\/\/bukkigyogytea.com\/sk\/#organization"},"potentialAction":[{"@type":"SearchAction","target":{"@type":"EntryPoint","urlTemplate":"https:\/\/bukkigyogytea.com\/sk\/?s={search_term_string}"},"query-input":{"@type":"PropertyValueSpecification","valueRequired":true,"valueName":"search_term_string"}}],"inLanguage":"sk-SK"},{"@type":"Organization","@id":"https:\/\/bukkigyogytea.com\/sk\/#organization","name":"B\u00fckki Gy\u00f3gytea Web\u00e1ruh\u00e1z","url":"https:\/\/bukkigyogytea.com\/sk\/","logo":{"@type":"ImageObject","inLanguage":"sk-SK","@id":"https:\/\/bukkigyogytea.com\/sk\/#\/schema\/logo\/image\/","url":"https:\/\/i0.wp.com\/bukkigyogytea.com\/wp-content\/uploads\/2020\/05\/Sitelogo-1.jpg?fit=350%2C85&ssl=1","contentUrl":"https:\/\/i0.wp.com\/bukkigyogytea.com\/wp-content\/uploads\/2020\/05\/Sitelogo-1.jpg?fit=350%2C85&ssl=1","width":350,"height":85,"caption":"B\u00fckki Gy\u00f3gytea Web\u00e1ruh\u00e1z"},"image":{"@id":"https:\/\/bukkigyogytea.com\/sk\/#\/schema\/logo\/image\/"},"sameAs":["https:\/\/www.facebook.com\/bukkigyogytea\/"]}]}},"publishpress_future_action":{"enabled":false,"date":"2026-04-16 22:55:00","action":"change-status","newStatus":"draft","terms":[],"taxonomy":"product_type","extraData":[]},"publishpress_future_workflow_manual_trigger":{"enabledWorkflows":[]},"_links":{"self":[{"href":"https:\/\/bukkigyogytea.com\/sk\/wp-json\/wp\/v2\/product\/2686","targetHints":{"allow":["GET"]}}],"collection":[{"href":"https:\/\/bukkigyogytea.com\/sk\/wp-json\/wp\/v2\/product"}],"about":[{"href":"https:\/\/bukkigyogytea.com\/sk\/wp-json\/wp\/v2\/types\/product"}],"replies":[{"embeddable":true,"href":"https:\/\/bukkigyogytea.com\/sk\/wp-json\/wp\/v2\/comments?post=2686"}],"wp:featuredmedia":[{"embeddable":true,"href":"https:\/\/bukkigyogytea.com\/sk\/wp-json\/wp\/v2\/media\/7406"}],"wp:attachment":[{"href":"https:\/\/bukkigyogytea.com\/sk\/wp-json\/wp\/v2\/media?parent=2686"}],"wp:term":[{"taxonomy":"product_brand","embeddable":true,"href":"https:\/\/bukkigyogytea.com\/sk\/wp-json\/wp\/v2\/product_brand?post=2686"},{"taxonomy":"product_cat","embeddable":true,"href":"https:\/\/bukkigyogytea.com\/sk\/wp-json\/wp\/v2\/product_cat?post=2686"},{"taxonomy":"product_tag","embeddable":true,"href":"https:\/\/bukkigyogytea.com\/sk\/wp-json\/wp\/v2\/product_tag?post=2686"}],"curies":[{"name":"wp","href":"https:\/\/api.w.org\/{rel}","templated":true}]}}