{"id":2671,"date":"2018-09-06T11:29:22","date_gmt":"2018-09-06T09:29:22","guid":{"rendered":"https:\/\/bukkigyogytea.com\/termek\/pamajoran-obycajny-2\/"},"modified":"2022-11-01T00:01:16","modified_gmt":"2022-10-31T23:01:16","slug":"pamajoran-obycajny-2","status":"publish","type":"product","link":"https:\/\/bukkigyogytea.com\/sk\/produktu\/pamajoran-obycajny-2\/","title":{"rendered":"Pamajor\u00e1n oby\u010dajn\u00fd"},"content":{"rendered":"<p><strong>Pamajor\u00e1n oby\u010dajn\u00fd<\/strong><br \/>\n<em>(Origanum vulgare<\/em> subsp. <em>vulgare)<\/em><\/p>\n<p><strong>Priazniv\u00e9 \u00fa\u010dinky<\/strong><\/p>\n<p>Na zmiernenie ka\u0161\u013ea, pri z\u00e1paloch d\u00fdchac\u00edch ciest a hlasiviek \u010di zachr\u00edpnutosti.<\/p>\n<p><strong>Pr\u00edprava<\/strong><\/p>\n<p>Nie kopcovit\u00fa polievkov\u00fa ly\u017eicu (3 g) \u010dajovej zmesi zalia\u0165 2,5 deci hor\u00facej vody, po 15 min\u00fatach precedi\u0165. Nepou\u017e\u00edvajte kovov\u00e9 sitko.<\/p>\n<p><strong>Pou\u017eitie <\/strong><\/p>\n<p>Lie\u010div\u00fd \u010daj priprav\u00edme zaliat\u00edm hor\u00facou vodou. Pri z\u00e1pale hrdla sa nesmie pi\u0165 tepl\u00fd \u010daj. Denne 1-3 \u0161\u00e1lky ako k\u00fara, k\u00fdm pretrv\u00e1vaj\u00fa pr\u00edznaky. M\u00f4\u017ee sa pou\u017e\u00edva\u0165 aj na zlep\u0161enie chuti do jedla, vtedy sta\u010d\u00ed jedna \u0161\u00e1lka pred ra\u0148ajkami. Na upokojenie nervov sa odpor\u00fa\u010da jedna \u0161\u00e1lka polhodinu pred span\u00edm. Pri migr\u00e9ne s boles\u0165ami hlavy sa odpor\u00fa\u010da konzum\u00e1cia 1-3 \u0161\u00e1lok denne. P\u00f4sob\u00ed aj na podmozgov\u00fa \u017e\u013eazu, reguluje hormon\u00e1lnu \u010dinnos\u0165, preto sa odpor\u00fa\u010da aj pri probl\u00e9moch so \u0161t\u00edtnou \u017e\u013eazou a ako doplnok pri lie\u010den\u00ed in\u00fdch hormon\u00e1lnych probl\u00e9mov. Pite denne jednu \u0161\u00e1lka po dobu 6-8 t\u00fd\u017ed\u0148ov, potom 2 \u0161\u00e1lky t\u00fd\u017edenne aj po dlh\u0161\u00ed \u010das.<\/p>\n<p><strong>Neodpor\u00fa\u010da sa<\/strong><\/p>\n<p>Vyhnite sa jeho konzum\u00e1cii v tehotenstva. Nadmern\u00e9 u\u017e\u00edvanie dr\u00e1\u017edi poko\u017eku, sliznicu a cel\u00fd organizmus, preto sa de\u0165om do 3 rokov jeho u\u017e\u00edvanie neodpor\u00fa\u010da. De\u0165om od 3 rokov pod\u00e1vajte v zriedenej podobe (2,5 deci vody na \u010dajov\u00fa ly\u017ei\u010dku zmesi).<\/p>\n","protected":false},"excerpt":{"rendered":"<p>Na prechladnutie, z\u00e1pal hlasiviek, bronchit\u00eddu, zmiernenie ka\u0161\u013ea<\/p>\n","protected":false},"featured_media":5730,"comment_status":"open","ping_status":"closed","template":"","meta":{"_acf_changed":false},"product_brand":[],"product_cat":[172],"product_tag":[],"class_list":{"0":"post-2671","1":"product","2":"type-product","3":"status-publish","4":"has-post-thumbnail","6":"product_cat-jedinecne-bylinne-caje","7":"sales-flash-overlay","8":"woocommerce-text-align-center","9":"woocommerce-image-align-center","10":"do-quantity-buttons","12":"first","13":"instock","14":"taxable","15":"shipping-taxable","16":"purchasable","17":"product-type-simple"},"acf":{"blog_termekleiras":""},"yoast_head":"<!-- This site is optimized with the Yoast SEO plugin v26.9 - https:\/\/yoast.com\/product\/yoast-seo-wordpress\/ -->\n<title>Pamajor\u00e1n oby\u010dajn\u00fd &#8211; B\u00fckki Gy\u00f3gytea Web\u00e1ruh\u00e1z<\/title>\n<meta name=\"robots\" content=\"index, follow, max-snippet:-1, max-image-preview:large, max-video-preview:-1\" \/>\n<link rel=\"canonical\" href=\"https:\/\/bukkigyogytea.com\/sk\/produktu\/pamajoran-obycajny-2\/\" \/>\n<meta property=\"og:locale\" content=\"sk_SK\" \/>\n<meta property=\"og:type\" content=\"article\" \/>\n<meta property=\"og:title\" content=\"Pamajor\u00e1n oby\u010dajn\u00fd &#8211; B\u00fckki Gy\u00f3gytea Web\u00e1ruh\u00e1z\" \/>\n<meta property=\"og:description\" content=\"Na prechladnutie, z\u00e1pal hlasiviek, bronchit\u00eddu, zmiernenie ka\u0161\u013ea\" \/>\n<meta property=\"og:url\" content=\"https:\/\/bukkigyogytea.com\/sk\/produktu\/pamajoran-obycajny-2\/\" \/>\n<meta property=\"og:site_name\" content=\"B\u00fckki Gy\u00f3gytea Web\u00e1ruh\u00e1z\" \/>\n<meta property=\"article:publisher\" content=\"https:\/\/www.facebook.com\/bukkigyogytea\/\" \/>\n<meta property=\"article:modified_time\" content=\"2022-10-31T23:01:16+00:00\" \/>\n<meta property=\"og:image\" content=\"https:\/\/i0.wp.com\/bukkigyogytea.com\/wp-content\/uploads\/2018\/09\/21-szurokfu-bal.png?fit=550%2C550&ssl=1\" \/>\n\t<meta property=\"og:image:width\" content=\"550\" \/>\n\t<meta property=\"og:image:height\" content=\"550\" \/>\n\t<meta property=\"og:image:type\" content=\"image\/png\" \/>\n<meta name=\"twitter:card\" content=\"summary_large_image\" \/>\n<meta name=\"twitter:label1\" content=\"Predpokladan\u00fd \u010das \u010d\u00edtania\" \/>\n\t<meta name=\"twitter:data1\" content=\"1 min\u00fata\" \/>\n<script type=\"application\/ld+json\" class=\"yoast-schema-graph\">{\"@context\":\"https:\/\/schema.org\",\"@graph\":[{\"@type\":\"WebPage\",\"@id\":\"https:\/\/bukkigyogytea.com\/sk\/produktu\/pamajoran-obycajny-2\/\",\"url\":\"https:\/\/bukkigyogytea.com\/sk\/produktu\/pamajoran-obycajny-2\/\",\"name\":\"Pamajor\u00e1n oby\u010dajn\u00fd &#8211; B\u00fckki Gy\u00f3gytea Web\u00e1ruh\u00e1z\",\"isPartOf\":{\"@id\":\"https:\/\/bukkigyogytea.com\/sk\/#website\"},\"primaryImageOfPage\":{\"@id\":\"https:\/\/bukkigyogytea.com\/sk\/produktu\/pamajoran-obycajny-2\/#primaryimage\"},\"image\":{\"@id\":\"https:\/\/bukkigyogytea.com\/sk\/produktu\/pamajoran-obycajny-2\/#primaryimage\"},\"thumbnailUrl\":\"https:\/\/bukkigyogytea.com\/wp-content\/uploads\/2018\/09\/21-szurokfu-bal.png\",\"datePublished\":\"2018-09-06T09:29:22+00:00\",\"dateModified\":\"2022-10-31T23:01:16+00:00\",\"breadcrumb\":{\"@id\":\"https:\/\/bukkigyogytea.com\/sk\/produktu\/pamajoran-obycajny-2\/#breadcrumb\"},\"inLanguage\":\"sk-SK\",\"potentialAction\":[{\"@type\":\"ReadAction\",\"target\":[\"https:\/\/bukkigyogytea.com\/sk\/produktu\/pamajoran-obycajny-2\/\"]}]},{\"@type\":\"ImageObject\",\"inLanguage\":\"sk-SK\",\"@id\":\"https:\/\/bukkigyogytea.com\/sk\/produktu\/pamajoran-obycajny-2\/#primaryimage\",\"url\":\"https:\/\/bukkigyogytea.com\/wp-content\/uploads\/2018\/09\/21-szurokfu-bal.png\",\"contentUrl\":\"https:\/\/bukkigyogytea.com\/wp-content\/uploads\/2018\/09\/21-szurokfu-bal.png\",\"width\":550,\"height\":550,\"caption\":\"Szurokf\u0171 vir\u00e1gos hajt\u00e1s - 50g\"},{\"@type\":\"BreadcrumbList\",\"@id\":\"https:\/\/bukkigyogytea.com\/sk\/produktu\/pamajoran-obycajny-2\/#breadcrumb\",\"itemListElement\":[{\"@type\":\"ListItem\",\"position\":1,\"name\":\"Domov\",\"item\":\"https:\/\/bukkigyogytea.com\/sk\/\"},{\"@type\":\"ListItem\",\"position\":2,\"name\":\"Shop\",\"item\":\"https:\/\/bukkigyogytea.com\/sk\/obchodne\/\"},{\"@type\":\"ListItem\",\"position\":3,\"name\":\"Jedine\u010dn\u00e9 Bylinn\u00e9 \u010caje\",\"item\":\"https:\/\/bukkigyogytea.com\/sk\/kategoria-produktu\/jedinecne-bylinne-caje\/\"},{\"@type\":\"ListItem\",\"position\":4,\"name\":\"Pamajor\u00e1n oby\u010dajn\u00fd\"}]},{\"@type\":\"WebSite\",\"@id\":\"https:\/\/bukkigyogytea.com\/sk\/#website\",\"url\":\"https:\/\/bukkigyogytea.com\/sk\/\",\"name\":\"B\u00fckki Gy\u00f3gytea Web\u00e1ruh\u00e1z\",\"description\":\"Gy\u00f6rgytea hivatalos viszontelad\u00f3\",\"publisher\":{\"@id\":\"https:\/\/bukkigyogytea.com\/sk\/#organization\"},\"potentialAction\":[{\"@type\":\"SearchAction\",\"target\":{\"@type\":\"EntryPoint\",\"urlTemplate\":\"https:\/\/bukkigyogytea.com\/sk\/?s={search_term_string}\"},\"query-input\":{\"@type\":\"PropertyValueSpecification\",\"valueRequired\":true,\"valueName\":\"search_term_string\"}}],\"inLanguage\":\"sk-SK\"},{\"@type\":\"Organization\",\"@id\":\"https:\/\/bukkigyogytea.com\/sk\/#organization\",\"name\":\"B\u00fckki Gy\u00f3gytea Web\u00e1ruh\u00e1z\",\"url\":\"https:\/\/bukkigyogytea.com\/sk\/\",\"logo\":{\"@type\":\"ImageObject\",\"inLanguage\":\"sk-SK\",\"@id\":\"https:\/\/bukkigyogytea.com\/sk\/#\/schema\/logo\/image\/\",\"url\":\"https:\/\/i0.wp.com\/bukkigyogytea.com\/wp-content\/uploads\/2020\/05\/Sitelogo-1.jpg?fit=350%2C85&ssl=1\",\"contentUrl\":\"https:\/\/i0.wp.com\/bukkigyogytea.com\/wp-content\/uploads\/2020\/05\/Sitelogo-1.jpg?fit=350%2C85&ssl=1\",\"width\":350,\"height\":85,\"caption\":\"B\u00fckki Gy\u00f3gytea Web\u00e1ruh\u00e1z\"},\"image\":{\"@id\":\"https:\/\/bukkigyogytea.com\/sk\/#\/schema\/logo\/image\/\"},\"sameAs\":[\"https:\/\/www.facebook.com\/bukkigyogytea\/\"]}]}<\/script>\n<!-- \/ Yoast SEO plugin. -->","yoast_head_json":{"title":"Pamajor\u00e1n oby\u010dajn\u00fd &#8211; B\u00fckki Gy\u00f3gytea Web\u00e1ruh\u00e1z","robots":{"index":"index","follow":"follow","max-snippet":"max-snippet:-1","max-image-preview":"max-image-preview:large","max-video-preview":"max-video-preview:-1"},"canonical":"https:\/\/bukkigyogytea.com\/sk\/produktu\/pamajoran-obycajny-2\/","og_locale":"sk_SK","og_type":"article","og_title":"Pamajor\u00e1n oby\u010dajn\u00fd &#8211; B\u00fckki Gy\u00f3gytea Web\u00e1ruh\u00e1z","og_description":"Na prechladnutie, z\u00e1pal hlasiviek, bronchit\u00eddu, zmiernenie ka\u0161\u013ea","og_url":"https:\/\/bukkigyogytea.com\/sk\/produktu\/pamajoran-obycajny-2\/","og_site_name":"B\u00fckki Gy\u00f3gytea Web\u00e1ruh\u00e1z","article_publisher":"https:\/\/www.facebook.com\/bukkigyogytea\/","article_modified_time":"2022-10-31T23:01:16+00:00","og_image":[{"width":550,"height":550,"url":"https:\/\/i0.wp.com\/bukkigyogytea.com\/wp-content\/uploads\/2018\/09\/21-szurokfu-bal.png?fit=550%2C550&ssl=1","type":"image\/png"}],"twitter_card":"summary_large_image","twitter_misc":{"Predpokladan\u00fd \u010das \u010d\u00edtania":"1 min\u00fata"},"schema":{"@context":"https:\/\/schema.org","@graph":[{"@type":"WebPage","@id":"https:\/\/bukkigyogytea.com\/sk\/produktu\/pamajoran-obycajny-2\/","url":"https:\/\/bukkigyogytea.com\/sk\/produktu\/pamajoran-obycajny-2\/","name":"Pamajor\u00e1n oby\u010dajn\u00fd &#8211; B\u00fckki Gy\u00f3gytea Web\u00e1ruh\u00e1z","isPartOf":{"@id":"https:\/\/bukkigyogytea.com\/sk\/#website"},"primaryImageOfPage":{"@id":"https:\/\/bukkigyogytea.com\/sk\/produktu\/pamajoran-obycajny-2\/#primaryimage"},"image":{"@id":"https:\/\/bukkigyogytea.com\/sk\/produktu\/pamajoran-obycajny-2\/#primaryimage"},"thumbnailUrl":"https:\/\/bukkigyogytea.com\/wp-content\/uploads\/2018\/09\/21-szurokfu-bal.png","datePublished":"2018-09-06T09:29:22+00:00","dateModified":"2022-10-31T23:01:16+00:00","breadcrumb":{"@id":"https:\/\/bukkigyogytea.com\/sk\/produktu\/pamajoran-obycajny-2\/#breadcrumb"},"inLanguage":"sk-SK","potentialAction":[{"@type":"ReadAction","target":["https:\/\/bukkigyogytea.com\/sk\/produktu\/pamajoran-obycajny-2\/"]}]},{"@type":"ImageObject","inLanguage":"sk-SK","@id":"https:\/\/bukkigyogytea.com\/sk\/produktu\/pamajoran-obycajny-2\/#primaryimage","url":"https:\/\/bukkigyogytea.com\/wp-content\/uploads\/2018\/09\/21-szurokfu-bal.png","contentUrl":"https:\/\/bukkigyogytea.com\/wp-content\/uploads\/2018\/09\/21-szurokfu-bal.png","width":550,"height":550,"caption":"Szurokf\u0171 vir\u00e1gos hajt\u00e1s - 50g"},{"@type":"BreadcrumbList","@id":"https:\/\/bukkigyogytea.com\/sk\/produktu\/pamajoran-obycajny-2\/#breadcrumb","itemListElement":[{"@type":"ListItem","position":1,"name":"Domov","item":"https:\/\/bukkigyogytea.com\/sk\/"},{"@type":"ListItem","position":2,"name":"Shop","item":"https:\/\/bukkigyogytea.com\/sk\/obchodne\/"},{"@type":"ListItem","position":3,"name":"Jedine\u010dn\u00e9 Bylinn\u00e9 \u010caje","item":"https:\/\/bukkigyogytea.com\/sk\/kategoria-produktu\/jedinecne-bylinne-caje\/"},{"@type":"ListItem","position":4,"name":"Pamajor\u00e1n oby\u010dajn\u00fd"}]},{"@type":"WebSite","@id":"https:\/\/bukkigyogytea.com\/sk\/#website","url":"https:\/\/bukkigyogytea.com\/sk\/","name":"B\u00fckki Gy\u00f3gytea Web\u00e1ruh\u00e1z","description":"Gy\u00f6rgytea hivatalos viszontelad\u00f3","publisher":{"@id":"https:\/\/bukkigyogytea.com\/sk\/#organization"},"potentialAction":[{"@type":"SearchAction","target":{"@type":"EntryPoint","urlTemplate":"https:\/\/bukkigyogytea.com\/sk\/?s={search_term_string}"},"query-input":{"@type":"PropertyValueSpecification","valueRequired":true,"valueName":"search_term_string"}}],"inLanguage":"sk-SK"},{"@type":"Organization","@id":"https:\/\/bukkigyogytea.com\/sk\/#organization","name":"B\u00fckki Gy\u00f3gytea Web\u00e1ruh\u00e1z","url":"https:\/\/bukkigyogytea.com\/sk\/","logo":{"@type":"ImageObject","inLanguage":"sk-SK","@id":"https:\/\/bukkigyogytea.com\/sk\/#\/schema\/logo\/image\/","url":"https:\/\/i0.wp.com\/bukkigyogytea.com\/wp-content\/uploads\/2020\/05\/Sitelogo-1.jpg?fit=350%2C85&ssl=1","contentUrl":"https:\/\/i0.wp.com\/bukkigyogytea.com\/wp-content\/uploads\/2020\/05\/Sitelogo-1.jpg?fit=350%2C85&ssl=1","width":350,"height":85,"caption":"B\u00fckki Gy\u00f3gytea Web\u00e1ruh\u00e1z"},"image":{"@id":"https:\/\/bukkigyogytea.com\/sk\/#\/schema\/logo\/image\/"},"sameAs":["https:\/\/www.facebook.com\/bukkigyogytea\/"]}]}},"publishpress_future_action":{"enabled":false,"date":"2026-04-05 22:55:00","action":"change-status","newStatus":"draft","terms":[],"taxonomy":"product_type","extraData":[]},"publishpress_future_workflow_manual_trigger":{"enabledWorkflows":[]},"_links":{"self":[{"href":"https:\/\/bukkigyogytea.com\/sk\/wp-json\/wp\/v2\/product\/2671","targetHints":{"allow":["GET"]}}],"collection":[{"href":"https:\/\/bukkigyogytea.com\/sk\/wp-json\/wp\/v2\/product"}],"about":[{"href":"https:\/\/bukkigyogytea.com\/sk\/wp-json\/wp\/v2\/types\/product"}],"replies":[{"embeddable":true,"href":"https:\/\/bukkigyogytea.com\/sk\/wp-json\/wp\/v2\/comments?post=2671"}],"wp:featuredmedia":[{"embeddable":true,"href":"https:\/\/bukkigyogytea.com\/sk\/wp-json\/wp\/v2\/media\/5730"}],"wp:attachment":[{"href":"https:\/\/bukkigyogytea.com\/sk\/wp-json\/wp\/v2\/media?parent=2671"}],"wp:term":[{"taxonomy":"product_brand","embeddable":true,"href":"https:\/\/bukkigyogytea.com\/sk\/wp-json\/wp\/v2\/product_brand?post=2671"},{"taxonomy":"product_cat","embeddable":true,"href":"https:\/\/bukkigyogytea.com\/sk\/wp-json\/wp\/v2\/product_cat?post=2671"},{"taxonomy":"product_tag","embeddable":true,"href":"https:\/\/bukkigyogytea.com\/sk\/wp-json\/wp\/v2\/product_tag?post=2671"}],"curies":[{"name":"wp","href":"https:\/\/api.w.org\/{rel}","templated":true}]}}