{"id":2646,"date":"2018-09-06T10:59:04","date_gmt":"2018-09-06T08:59:04","guid":{"rendered":"https:\/\/bukkigyogytea.com\/termek\/ostruzina-cernicova\/"},"modified":"2022-11-01T00:01:17","modified_gmt":"2022-10-31T23:01:17","slug":"ostruzina-cernicova","status":"publish","type":"product","link":"https:\/\/bukkigyogytea.com\/sk\/produktu\/ostruzina-cernicova\/","title":{"rendered":"Ostru\u017eina \u010dernicov\u00e1"},"content":{"rendered":"<p><strong>Ostru\u017eina \u010dernicov\u00e1<\/strong><strong><br \/>\n<\/strong><em>(Rubus fruticosus)<\/em><\/p>\n<p><strong>Priazniv\u00e9 \u00fa\u010dinky<\/strong><\/p>\n<p><strong>Pri ochoreniach k\u013abov (reuma, artrit\u00edda), cukrovke, chudokrvnosti, krv\u00e1can\u00ed \u010fasien, hor\u00fa\u010dke, vyr\u00e1\u017ekach, nepravidelnej men\u0161tru\u00e1ci\u00ed \u010di hna\u010dke. Z\u00e1rove\u0148 m\u00e1 na organizmus detoxika\u010dn\u00e9 \u00fa\u010dinky<\/strong>.<\/p>\n<p><strong>Pr\u00edprava<\/strong><\/p>\n<p>Nie kopcovit\u00fa polievkov\u00fa ly\u017eicu (3 g) \u010dajovej zmesi zalia\u0165 2,5 deci hor\u00facej vody, po 15 min\u00fatach precedi\u0165. Nepou\u017e\u00edvajte kovov\u00e9 sitko.<\/p>\n<p><strong>Pou\u017eitie <\/strong><\/p>\n<p><strong>Pri artrit\u00edde denne 1 \u0161\u00e1lku kedyko\u013evek po\u010das d\u0148a<\/strong>. Pri za\u010d\u00ednaj\u00facej cukrovke denne 1-2 \u0161\u00e1lky bezprostredne po hlavnom jedle. Na posilnenie imunity, pri chudokrvnosti a\u00a0detoxik\u00e1ciu pite denne 1 \u0161\u00e1lku kedyko\u013evek po\u010das d\u0148a. Pri z\u00e1paloch denne 3 \u0161\u00e1lky pred jedlom. Na artrit\u00eddu sa odpor\u00fa\u010da 1 \u0161\u00e1lka denne, zmie\u0161an\u00e1 s \u010dajom z listov ostru\u017einy malinovej v pomere 1:1. Pod\u013ea mo\u017enost\u00ed pite bez ochucovania. Denne 1-2 \u0161\u00e1lky mo\u017eno u\u017e\u00edva\u0165 po neobmedzen\u00fa dobu. Pozit\u00edvne p\u00f4sob\u00ed aj pri podr\u00e1\u017eden\u00ed poko\u017eky<strong>.<\/strong><\/p>\n<p>De\u0165om od 6 rokov mo\u017eno pod\u00e1va\u0165 v zriedenej podobe (2,5 deci vody na \u010dajov\u00fa ly\u017ei\u010dku zmesi).<\/p>\n","protected":false},"excerpt":{"rendered":"<p>Dna, \u010distenie krvi, hematopoetick\u00fd, pote\u0161uj\u00faci \u010daj<\/p>\n","protected":false},"featured_media":5694,"comment_status":"open","ping_status":"closed","template":"","meta":{"_acf_changed":false},"product_brand":[],"product_cat":[172],"product_tag":[],"class_list":{"0":"post-2646","1":"product","2":"type-product","3":"status-publish","4":"has-post-thumbnail","6":"product_cat-jedinecne-bylinne-caje","7":"sales-flash-overlay","8":"woocommerce-text-align-center","9":"woocommerce-image-align-center","10":"do-quantity-buttons","12":"first","13":"instock","14":"taxable","15":"shipping-taxable","16":"purchasable","17":"product-type-simple"},"acf":{"blog_termekleiras":""},"yoast_head":"<!-- This site is optimized with the Yoast SEO plugin v26.9 - https:\/\/yoast.com\/product\/yoast-seo-wordpress\/ -->\n<title>Ostru\u017eina \u010dernicov\u00e1 &#8211; B\u00fckki Gy\u00f3gytea Web\u00e1ruh\u00e1z<\/title>\n<meta name=\"robots\" content=\"index, follow, max-snippet:-1, max-image-preview:large, max-video-preview:-1\" \/>\n<link rel=\"canonical\" href=\"https:\/\/bukkigyogytea.com\/sk\/produktu\/ostruzina-cernicova\/\" \/>\n<meta property=\"og:locale\" content=\"sk_SK\" \/>\n<meta property=\"og:type\" content=\"article\" \/>\n<meta property=\"og:title\" content=\"Ostru\u017eina \u010dernicov\u00e1 &#8211; B\u00fckki Gy\u00f3gytea Web\u00e1ruh\u00e1z\" \/>\n<meta property=\"og:description\" content=\"Dna, \u010distenie krvi, hematopoetick\u00fd, pote\u0161uj\u00faci \u010daj\" \/>\n<meta property=\"og:url\" content=\"https:\/\/bukkigyogytea.com\/sk\/produktu\/ostruzina-cernicova\/\" \/>\n<meta property=\"og:site_name\" content=\"B\u00fckki Gy\u00f3gytea Web\u00e1ruh\u00e1z\" \/>\n<meta property=\"article:publisher\" content=\"https:\/\/www.facebook.com\/bukkigyogytea\/\" \/>\n<meta property=\"article:modified_time\" content=\"2022-10-31T23:01:17+00:00\" \/>\n<meta property=\"og:image\" content=\"https:\/\/i0.wp.com\/bukkigyogytea.com\/wp-content\/uploads\/2018\/09\/9-erdei_szederlevel-bal.png?fit=550%2C550&ssl=1\" \/>\n\t<meta property=\"og:image:width\" content=\"550\" \/>\n\t<meta property=\"og:image:height\" content=\"550\" \/>\n\t<meta property=\"og:image:type\" content=\"image\/png\" \/>\n<meta name=\"twitter:card\" content=\"summary_large_image\" \/>\n<meta name=\"twitter:label1\" content=\"Predpokladan\u00fd \u010das \u010d\u00edtania\" \/>\n\t<meta name=\"twitter:data1\" content=\"1 min\u00fata\" \/>\n<script type=\"application\/ld+json\" class=\"yoast-schema-graph\">{\"@context\":\"https:\/\/schema.org\",\"@graph\":[{\"@type\":\"WebPage\",\"@id\":\"https:\/\/bukkigyogytea.com\/sk\/produktu\/ostruzina-cernicova\/\",\"url\":\"https:\/\/bukkigyogytea.com\/sk\/produktu\/ostruzina-cernicova\/\",\"name\":\"Ostru\u017eina \u010dernicov\u00e1 &#8211; B\u00fckki Gy\u00f3gytea Web\u00e1ruh\u00e1z\",\"isPartOf\":{\"@id\":\"https:\/\/bukkigyogytea.com\/sk\/#website\"},\"primaryImageOfPage\":{\"@id\":\"https:\/\/bukkigyogytea.com\/sk\/produktu\/ostruzina-cernicova\/#primaryimage\"},\"image\":{\"@id\":\"https:\/\/bukkigyogytea.com\/sk\/produktu\/ostruzina-cernicova\/#primaryimage\"},\"thumbnailUrl\":\"https:\/\/bukkigyogytea.com\/wp-content\/uploads\/2018\/09\/9-erdei_szederlevel-bal.png\",\"datePublished\":\"2018-09-06T08:59:04+00:00\",\"dateModified\":\"2022-10-31T23:01:17+00:00\",\"breadcrumb\":{\"@id\":\"https:\/\/bukkigyogytea.com\/sk\/produktu\/ostruzina-cernicova\/#breadcrumb\"},\"inLanguage\":\"sk-SK\",\"potentialAction\":[{\"@type\":\"ReadAction\",\"target\":[\"https:\/\/bukkigyogytea.com\/sk\/produktu\/ostruzina-cernicova\/\"]}]},{\"@type\":\"ImageObject\",\"inLanguage\":\"sk-SK\",\"@id\":\"https:\/\/bukkigyogytea.com\/sk\/produktu\/ostruzina-cernicova\/#primaryimage\",\"url\":\"https:\/\/bukkigyogytea.com\/wp-content\/uploads\/2018\/09\/9-erdei_szederlevel-bal.png\",\"contentUrl\":\"https:\/\/bukkigyogytea.com\/wp-content\/uploads\/2018\/09\/9-erdei_szederlevel-bal.png\",\"width\":550,\"height\":550,\"caption\":\"Erdei szederlev\u00e9l - 40g\"},{\"@type\":\"BreadcrumbList\",\"@id\":\"https:\/\/bukkigyogytea.com\/sk\/produktu\/ostruzina-cernicova\/#breadcrumb\",\"itemListElement\":[{\"@type\":\"ListItem\",\"position\":1,\"name\":\"Domov\",\"item\":\"https:\/\/bukkigyogytea.com\/sk\/\"},{\"@type\":\"ListItem\",\"position\":2,\"name\":\"Shop\",\"item\":\"https:\/\/bukkigyogytea.com\/sk\/obchodne\/\"},{\"@type\":\"ListItem\",\"position\":3,\"name\":\"Jedine\u010dn\u00e9 Bylinn\u00e9 \u010caje\",\"item\":\"https:\/\/bukkigyogytea.com\/sk\/kategoria-produktu\/jedinecne-bylinne-caje\/\"},{\"@type\":\"ListItem\",\"position\":4,\"name\":\"Ostru\u017eina \u010dernicov\u00e1\"}]},{\"@type\":\"WebSite\",\"@id\":\"https:\/\/bukkigyogytea.com\/sk\/#website\",\"url\":\"https:\/\/bukkigyogytea.com\/sk\/\",\"name\":\"B\u00fckki Gy\u00f3gytea Web\u00e1ruh\u00e1z\",\"description\":\"Gy\u00f6rgytea hivatalos viszontelad\u00f3\",\"publisher\":{\"@id\":\"https:\/\/bukkigyogytea.com\/sk\/#organization\"},\"potentialAction\":[{\"@type\":\"SearchAction\",\"target\":{\"@type\":\"EntryPoint\",\"urlTemplate\":\"https:\/\/bukkigyogytea.com\/sk\/?s={search_term_string}\"},\"query-input\":{\"@type\":\"PropertyValueSpecification\",\"valueRequired\":true,\"valueName\":\"search_term_string\"}}],\"inLanguage\":\"sk-SK\"},{\"@type\":\"Organization\",\"@id\":\"https:\/\/bukkigyogytea.com\/sk\/#organization\",\"name\":\"B\u00fckki Gy\u00f3gytea Web\u00e1ruh\u00e1z\",\"url\":\"https:\/\/bukkigyogytea.com\/sk\/\",\"logo\":{\"@type\":\"ImageObject\",\"inLanguage\":\"sk-SK\",\"@id\":\"https:\/\/bukkigyogytea.com\/sk\/#\/schema\/logo\/image\/\",\"url\":\"https:\/\/i0.wp.com\/bukkigyogytea.com\/wp-content\/uploads\/2020\/05\/Sitelogo-1.jpg?fit=350%2C85&ssl=1\",\"contentUrl\":\"https:\/\/i0.wp.com\/bukkigyogytea.com\/wp-content\/uploads\/2020\/05\/Sitelogo-1.jpg?fit=350%2C85&ssl=1\",\"width\":350,\"height\":85,\"caption\":\"B\u00fckki Gy\u00f3gytea Web\u00e1ruh\u00e1z\"},\"image\":{\"@id\":\"https:\/\/bukkigyogytea.com\/sk\/#\/schema\/logo\/image\/\"},\"sameAs\":[\"https:\/\/www.facebook.com\/bukkigyogytea\/\"]}]}<\/script>\n<!-- \/ Yoast SEO plugin. -->","yoast_head_json":{"title":"Ostru\u017eina \u010dernicov\u00e1 &#8211; B\u00fckki Gy\u00f3gytea Web\u00e1ruh\u00e1z","robots":{"index":"index","follow":"follow","max-snippet":"max-snippet:-1","max-image-preview":"max-image-preview:large","max-video-preview":"max-video-preview:-1"},"canonical":"https:\/\/bukkigyogytea.com\/sk\/produktu\/ostruzina-cernicova\/","og_locale":"sk_SK","og_type":"article","og_title":"Ostru\u017eina \u010dernicov\u00e1 &#8211; B\u00fckki Gy\u00f3gytea Web\u00e1ruh\u00e1z","og_description":"Dna, \u010distenie krvi, hematopoetick\u00fd, pote\u0161uj\u00faci \u010daj","og_url":"https:\/\/bukkigyogytea.com\/sk\/produktu\/ostruzina-cernicova\/","og_site_name":"B\u00fckki Gy\u00f3gytea Web\u00e1ruh\u00e1z","article_publisher":"https:\/\/www.facebook.com\/bukkigyogytea\/","article_modified_time":"2022-10-31T23:01:17+00:00","og_image":[{"width":550,"height":550,"url":"https:\/\/i0.wp.com\/bukkigyogytea.com\/wp-content\/uploads\/2018\/09\/9-erdei_szederlevel-bal.png?fit=550%2C550&ssl=1","type":"image\/png"}],"twitter_card":"summary_large_image","twitter_misc":{"Predpokladan\u00fd \u010das \u010d\u00edtania":"1 min\u00fata"},"schema":{"@context":"https:\/\/schema.org","@graph":[{"@type":"WebPage","@id":"https:\/\/bukkigyogytea.com\/sk\/produktu\/ostruzina-cernicova\/","url":"https:\/\/bukkigyogytea.com\/sk\/produktu\/ostruzina-cernicova\/","name":"Ostru\u017eina \u010dernicov\u00e1 &#8211; B\u00fckki Gy\u00f3gytea Web\u00e1ruh\u00e1z","isPartOf":{"@id":"https:\/\/bukkigyogytea.com\/sk\/#website"},"primaryImageOfPage":{"@id":"https:\/\/bukkigyogytea.com\/sk\/produktu\/ostruzina-cernicova\/#primaryimage"},"image":{"@id":"https:\/\/bukkigyogytea.com\/sk\/produktu\/ostruzina-cernicova\/#primaryimage"},"thumbnailUrl":"https:\/\/bukkigyogytea.com\/wp-content\/uploads\/2018\/09\/9-erdei_szederlevel-bal.png","datePublished":"2018-09-06T08:59:04+00:00","dateModified":"2022-10-31T23:01:17+00:00","breadcrumb":{"@id":"https:\/\/bukkigyogytea.com\/sk\/produktu\/ostruzina-cernicova\/#breadcrumb"},"inLanguage":"sk-SK","potentialAction":[{"@type":"ReadAction","target":["https:\/\/bukkigyogytea.com\/sk\/produktu\/ostruzina-cernicova\/"]}]},{"@type":"ImageObject","inLanguage":"sk-SK","@id":"https:\/\/bukkigyogytea.com\/sk\/produktu\/ostruzina-cernicova\/#primaryimage","url":"https:\/\/bukkigyogytea.com\/wp-content\/uploads\/2018\/09\/9-erdei_szederlevel-bal.png","contentUrl":"https:\/\/bukkigyogytea.com\/wp-content\/uploads\/2018\/09\/9-erdei_szederlevel-bal.png","width":550,"height":550,"caption":"Erdei szederlev\u00e9l - 40g"},{"@type":"BreadcrumbList","@id":"https:\/\/bukkigyogytea.com\/sk\/produktu\/ostruzina-cernicova\/#breadcrumb","itemListElement":[{"@type":"ListItem","position":1,"name":"Domov","item":"https:\/\/bukkigyogytea.com\/sk\/"},{"@type":"ListItem","position":2,"name":"Shop","item":"https:\/\/bukkigyogytea.com\/sk\/obchodne\/"},{"@type":"ListItem","position":3,"name":"Jedine\u010dn\u00e9 Bylinn\u00e9 \u010caje","item":"https:\/\/bukkigyogytea.com\/sk\/kategoria-produktu\/jedinecne-bylinne-caje\/"},{"@type":"ListItem","position":4,"name":"Ostru\u017eina \u010dernicov\u00e1"}]},{"@type":"WebSite","@id":"https:\/\/bukkigyogytea.com\/sk\/#website","url":"https:\/\/bukkigyogytea.com\/sk\/","name":"B\u00fckki Gy\u00f3gytea Web\u00e1ruh\u00e1z","description":"Gy\u00f6rgytea hivatalos viszontelad\u00f3","publisher":{"@id":"https:\/\/bukkigyogytea.com\/sk\/#organization"},"potentialAction":[{"@type":"SearchAction","target":{"@type":"EntryPoint","urlTemplate":"https:\/\/bukkigyogytea.com\/sk\/?s={search_term_string}"},"query-input":{"@type":"PropertyValueSpecification","valueRequired":true,"valueName":"search_term_string"}}],"inLanguage":"sk-SK"},{"@type":"Organization","@id":"https:\/\/bukkigyogytea.com\/sk\/#organization","name":"B\u00fckki Gy\u00f3gytea Web\u00e1ruh\u00e1z","url":"https:\/\/bukkigyogytea.com\/sk\/","logo":{"@type":"ImageObject","inLanguage":"sk-SK","@id":"https:\/\/bukkigyogytea.com\/sk\/#\/schema\/logo\/image\/","url":"https:\/\/i0.wp.com\/bukkigyogytea.com\/wp-content\/uploads\/2020\/05\/Sitelogo-1.jpg?fit=350%2C85&ssl=1","contentUrl":"https:\/\/i0.wp.com\/bukkigyogytea.com\/wp-content\/uploads\/2020\/05\/Sitelogo-1.jpg?fit=350%2C85&ssl=1","width":350,"height":85,"caption":"B\u00fckki Gy\u00f3gytea Web\u00e1ruh\u00e1z"},"image":{"@id":"https:\/\/bukkigyogytea.com\/sk\/#\/schema\/logo\/image\/"},"sameAs":["https:\/\/www.facebook.com\/bukkigyogytea\/"]}]}},"publishpress_future_action":{"enabled":false,"date":"2026-04-05 22:55:00","action":"change-status","newStatus":"draft","terms":[],"taxonomy":"product_type","extraData":[]},"publishpress_future_workflow_manual_trigger":{"enabledWorkflows":[]},"_links":{"self":[{"href":"https:\/\/bukkigyogytea.com\/sk\/wp-json\/wp\/v2\/product\/2646","targetHints":{"allow":["GET"]}}],"collection":[{"href":"https:\/\/bukkigyogytea.com\/sk\/wp-json\/wp\/v2\/product"}],"about":[{"href":"https:\/\/bukkigyogytea.com\/sk\/wp-json\/wp\/v2\/types\/product"}],"replies":[{"embeddable":true,"href":"https:\/\/bukkigyogytea.com\/sk\/wp-json\/wp\/v2\/comments?post=2646"}],"wp:featuredmedia":[{"embeddable":true,"href":"https:\/\/bukkigyogytea.com\/sk\/wp-json\/wp\/v2\/media\/5694"}],"wp:attachment":[{"href":"https:\/\/bukkigyogytea.com\/sk\/wp-json\/wp\/v2\/media?parent=2646"}],"wp:term":[{"taxonomy":"product_brand","embeddable":true,"href":"https:\/\/bukkigyogytea.com\/sk\/wp-json\/wp\/v2\/product_brand?post=2646"},{"taxonomy":"product_cat","embeddable":true,"href":"https:\/\/bukkigyogytea.com\/sk\/wp-json\/wp\/v2\/product_cat?post=2646"},{"taxonomy":"product_tag","embeddable":true,"href":"https:\/\/bukkigyogytea.com\/sk\/wp-json\/wp\/v2\/product_tag?post=2646"}],"curies":[{"name":"wp","href":"https:\/\/api.w.org\/{rel}","templated":true}]}}