{"id":2640,"date":"2018-09-06T10:48:37","date_gmt":"2018-09-06T08:48:37","guid":{"rendered":"https:\/\/bukkigyogytea.com\/termek\/ruza-sipova\/"},"modified":"2026-04-01T02:11:28","modified_gmt":"2026-04-01T00:11:28","slug":"ruza-sipova","status":"publish","type":"product","link":"https:\/\/bukkigyogytea.com\/sk\/produktu\/ruza-sipova\/","title":{"rendered":"Ru\u017ea \u0161\u00edpov\u00e1"},"content":{"rendered":"<p><strong>Ru\u017ea \u0161\u00edpov\u00e1<\/strong><strong><br \/>\n<\/strong><em>(Rosa canina)<\/em><\/p>\n<p><strong>Priazniv\u00e9 \u00fa\u010dinky<\/strong><\/p>\n<p>Je zn\u00e1me mierne odvod\u0148ovac\u00edmi \u00fa\u010dinkami a vysok\u00fdm obsahom vitam\u00ednu C. V zimnom obdob\u00ed je skvel\u00fdm zdrojom vitam\u00ednov na ochranu pred prechladnut\u00edm. Posil\u0148uje imunitn\u00fd syst\u00e9m.<\/p>\n<p><strong>Pr\u00edprava<\/strong><\/p>\n<p>Na pr\u00edpravu lie\u010div\u00e9ho \u010daju nechajte odst\u00e1\u0165 jednu polievkov\u00fa ly\u017eicu (3 g) \u0161\u00edpkov\u00fdch plodov v\u00a02,5 deci studenej vody po dobu 5-6 hod\u00edn, potom prece\u010fte. Nepou\u017e\u00edvajte kovov\u00e9 sitko. Nezalievajte hor\u00facou vodou ani nevarte, preto\u017ee vitam\u00edn C sa vplyvom tepla odb\u00farava.<\/p>\n<p><strong>Pou\u017eitie <\/strong><\/p>\n<p><strong>Lie\u010div\u00fd \u010daj: pravideln\u00e9 ka\u017edodenn\u00e9 u\u017e\u00edvanie na jese\u0148 a v zime pom\u00e1ha predch\u00e1dza\u0165 v\u00edrusov\u00fdm ochorenia, prechladnutiu a n\u00e1dche v\u010faka posil\u0148uj\u00facemu \u00fa\u010dinku \u0161\u00edpok na organizmus<\/strong>.<\/p>\n<p>Pod\u013ea mo\u017enost\u00ed u\u017e\u00edvajte bez dochucovania. Denne 2-3 \u0161\u00e1lky mo\u017eno u\u017e\u00edva\u0165 po neobmedzen\u00fa dobu. M\u00f4\u017ee sa u\u017e\u00edva\u0165 aj v tehotenstve a po\u010das doj\u010denia. De\u0165om od 1 roka mo\u017eno pod\u00e1va\u0165 v zriedenej podobe (2,5 deci vody na 1 \u010dajov\u00e1 ly\u017ei\u010dku).<\/p>\n","protected":false},"excerpt":{"rendered":"<p>Ako mo\u010dopudn\u00fd pr\u00edpravok, d\u00f4le\u017eit\u00fd zdroj vitam\u00ednu C<\/p>\n","protected":false},"featured_media":5685,"comment_status":"open","ping_status":"closed","template":"","meta":{"_acf_changed":false},"product_brand":[],"product_cat":[172],"product_tag":[],"class_list":{"0":"post-2640","1":"product","2":"type-product","3":"status-publish","4":"has-post-thumbnail","6":"product_cat-jedinecne-bylinne-caje","7":"sales-flash-overlay","8":"woocommerce-text-align-center","9":"woocommerce-image-align-center","10":"do-quantity-buttons","12":"first","13":"instock","14":"taxable","15":"shipping-taxable","16":"purchasable","17":"product-type-simple"},"acf":{"blog_termekleiras":""},"yoast_head":"<!-- This site is optimized with the Yoast SEO plugin v26.9 - https:\/\/yoast.com\/product\/yoast-seo-wordpress\/ -->\n<title>Ru\u017ea \u0161\u00edpov\u00e1 &#8211; B\u00fckki Gy\u00f3gytea Web\u00e1ruh\u00e1z<\/title>\n<meta name=\"robots\" content=\"index, follow, max-snippet:-1, max-image-preview:large, max-video-preview:-1\" \/>\n<link rel=\"canonical\" href=\"https:\/\/bukkigyogytea.com\/sk\/produktu\/ruza-sipova\/\" \/>\n<meta property=\"og:locale\" content=\"sk_SK\" \/>\n<meta property=\"og:type\" content=\"article\" \/>\n<meta property=\"og:title\" content=\"Ru\u017ea \u0161\u00edpov\u00e1 &#8211; B\u00fckki Gy\u00f3gytea Web\u00e1ruh\u00e1z\" \/>\n<meta property=\"og:description\" content=\"Ako mo\u010dopudn\u00fd pr\u00edpravok, d\u00f4le\u017eit\u00fd zdroj vitam\u00ednu C\" \/>\n<meta property=\"og:url\" content=\"https:\/\/bukkigyogytea.com\/sk\/produktu\/ruza-sipova\/\" \/>\n<meta property=\"og:site_name\" content=\"B\u00fckki Gy\u00f3gytea Web\u00e1ruh\u00e1z\" \/>\n<meta property=\"article:publisher\" content=\"https:\/\/www.facebook.com\/bukkigyogytea\/\" \/>\n<meta property=\"article:modified_time\" content=\"2026-04-01T00:11:28+00:00\" \/>\n<meta property=\"og:image\" content=\"https:\/\/bukkigyogytea.com\/wp-content\/uploads\/2018\/09\/6-csipkebogyo-bal.png\" \/>\n\t<meta property=\"og:image:width\" content=\"550\" \/>\n\t<meta property=\"og:image:height\" content=\"550\" \/>\n\t<meta property=\"og:image:type\" content=\"image\/png\" \/>\n<meta name=\"twitter:card\" content=\"summary_large_image\" \/>\n<meta name=\"twitter:label1\" content=\"Predpokladan\u00fd \u010das \u010d\u00edtania\" \/>\n\t<meta name=\"twitter:data1\" content=\"1 min\u00fata\" \/>\n<script type=\"application\/ld+json\" class=\"yoast-schema-graph\">{\"@context\":\"https:\/\/schema.org\",\"@graph\":[{\"@type\":\"WebPage\",\"@id\":\"https:\/\/bukkigyogytea.com\/sk\/produktu\/ruza-sipova\/\",\"url\":\"https:\/\/bukkigyogytea.com\/sk\/produktu\/ruza-sipova\/\",\"name\":\"Ru\u017ea \u0161\u00edpov\u00e1 &#8211; B\u00fckki Gy\u00f3gytea Web\u00e1ruh\u00e1z\",\"isPartOf\":{\"@id\":\"https:\/\/bukkigyogytea.com\/sk\/#website\"},\"primaryImageOfPage\":{\"@id\":\"https:\/\/bukkigyogytea.com\/sk\/produktu\/ruza-sipova\/#primaryimage\"},\"image\":{\"@id\":\"https:\/\/bukkigyogytea.com\/sk\/produktu\/ruza-sipova\/#primaryimage\"},\"thumbnailUrl\":\"https:\/\/bukkigyogytea.com\/wp-content\/uploads\/2018\/09\/6-csipkebogyo-bal.png\",\"datePublished\":\"2018-09-06T08:48:37+00:00\",\"dateModified\":\"2026-04-01T00:11:28+00:00\",\"breadcrumb\":{\"@id\":\"https:\/\/bukkigyogytea.com\/sk\/produktu\/ruza-sipova\/#breadcrumb\"},\"inLanguage\":\"sk-SK\",\"potentialAction\":[{\"@type\":\"ReadAction\",\"target\":[\"https:\/\/bukkigyogytea.com\/sk\/produktu\/ruza-sipova\/\"]}]},{\"@type\":\"ImageObject\",\"inLanguage\":\"sk-SK\",\"@id\":\"https:\/\/bukkigyogytea.com\/sk\/produktu\/ruza-sipova\/#primaryimage\",\"url\":\"https:\/\/bukkigyogytea.com\/wp-content\/uploads\/2018\/09\/6-csipkebogyo-bal.png\",\"contentUrl\":\"https:\/\/bukkigyogytea.com\/wp-content\/uploads\/2018\/09\/6-csipkebogyo-bal.png\",\"width\":550,\"height\":550,\"caption\":\"Csipkebogy\u00f3 h\u00fas - 70g\"},{\"@type\":\"BreadcrumbList\",\"@id\":\"https:\/\/bukkigyogytea.com\/sk\/produktu\/ruza-sipova\/#breadcrumb\",\"itemListElement\":[{\"@type\":\"ListItem\",\"position\":1,\"name\":\"Domov\",\"item\":\"https:\/\/bukkigyogytea.com\/sk\/\"},{\"@type\":\"ListItem\",\"position\":2,\"name\":\"Shop\",\"item\":\"https:\/\/bukkigyogytea.com\/sk\/obchodne\/\"},{\"@type\":\"ListItem\",\"position\":3,\"name\":\"Jedine\u010dn\u00e9 Bylinn\u00e9 \u010caje\",\"item\":\"https:\/\/bukkigyogytea.com\/sk\/kategoria-produktu\/jedinecne-bylinne-caje\/\"},{\"@type\":\"ListItem\",\"position\":4,\"name\":\"Ru\u017ea \u0161\u00edpov\u00e1\"}]},{\"@type\":\"WebSite\",\"@id\":\"https:\/\/bukkigyogytea.com\/sk\/#website\",\"url\":\"https:\/\/bukkigyogytea.com\/sk\/\",\"name\":\"B\u00fckki Gy\u00f3gytea Web\u00e1ruh\u00e1z\",\"description\":\"Gy\u00f6rgytea hivatalos viszontelad\u00f3\",\"publisher\":{\"@id\":\"https:\/\/bukkigyogytea.com\/sk\/#organization\"},\"potentialAction\":[{\"@type\":\"SearchAction\",\"target\":{\"@type\":\"EntryPoint\",\"urlTemplate\":\"https:\/\/bukkigyogytea.com\/sk\/?s={search_term_string}\"},\"query-input\":{\"@type\":\"PropertyValueSpecification\",\"valueRequired\":true,\"valueName\":\"search_term_string\"}}],\"inLanguage\":\"sk-SK\"},{\"@type\":\"Organization\",\"@id\":\"https:\/\/bukkigyogytea.com\/sk\/#organization\",\"name\":\"B\u00fckki Gy\u00f3gytea Web\u00e1ruh\u00e1z\",\"url\":\"https:\/\/bukkigyogytea.com\/sk\/\",\"logo\":{\"@type\":\"ImageObject\",\"inLanguage\":\"sk-SK\",\"@id\":\"https:\/\/bukkigyogytea.com\/sk\/#\/schema\/logo\/image\/\",\"url\":\"https:\/\/i0.wp.com\/bukkigyogytea.com\/wp-content\/uploads\/2020\/05\/Sitelogo-1.jpg?fit=350%2C85&ssl=1\",\"contentUrl\":\"https:\/\/i0.wp.com\/bukkigyogytea.com\/wp-content\/uploads\/2020\/05\/Sitelogo-1.jpg?fit=350%2C85&ssl=1\",\"width\":350,\"height\":85,\"caption\":\"B\u00fckki Gy\u00f3gytea Web\u00e1ruh\u00e1z\"},\"image\":{\"@id\":\"https:\/\/bukkigyogytea.com\/sk\/#\/schema\/logo\/image\/\"},\"sameAs\":[\"https:\/\/www.facebook.com\/bukkigyogytea\/\"]}]}<\/script>\n<!-- \/ Yoast SEO plugin. -->","yoast_head_json":{"title":"Ru\u017ea \u0161\u00edpov\u00e1 &#8211; B\u00fckki Gy\u00f3gytea Web\u00e1ruh\u00e1z","robots":{"index":"index","follow":"follow","max-snippet":"max-snippet:-1","max-image-preview":"max-image-preview:large","max-video-preview":"max-video-preview:-1"},"canonical":"https:\/\/bukkigyogytea.com\/sk\/produktu\/ruza-sipova\/","og_locale":"sk_SK","og_type":"article","og_title":"Ru\u017ea \u0161\u00edpov\u00e1 &#8211; B\u00fckki Gy\u00f3gytea Web\u00e1ruh\u00e1z","og_description":"Ako mo\u010dopudn\u00fd pr\u00edpravok, d\u00f4le\u017eit\u00fd zdroj vitam\u00ednu C","og_url":"https:\/\/bukkigyogytea.com\/sk\/produktu\/ruza-sipova\/","og_site_name":"B\u00fckki Gy\u00f3gytea Web\u00e1ruh\u00e1z","article_publisher":"https:\/\/www.facebook.com\/bukkigyogytea\/","article_modified_time":"2026-04-01T00:11:28+00:00","og_image":[{"width":550,"height":550,"url":"https:\/\/bukkigyogytea.com\/wp-content\/uploads\/2018\/09\/6-csipkebogyo-bal.png","type":"image\/png"}],"twitter_card":"summary_large_image","twitter_misc":{"Predpokladan\u00fd \u010das \u010d\u00edtania":"1 min\u00fata"},"schema":{"@context":"https:\/\/schema.org","@graph":[{"@type":"WebPage","@id":"https:\/\/bukkigyogytea.com\/sk\/produktu\/ruza-sipova\/","url":"https:\/\/bukkigyogytea.com\/sk\/produktu\/ruza-sipova\/","name":"Ru\u017ea \u0161\u00edpov\u00e1 &#8211; B\u00fckki Gy\u00f3gytea Web\u00e1ruh\u00e1z","isPartOf":{"@id":"https:\/\/bukkigyogytea.com\/sk\/#website"},"primaryImageOfPage":{"@id":"https:\/\/bukkigyogytea.com\/sk\/produktu\/ruza-sipova\/#primaryimage"},"image":{"@id":"https:\/\/bukkigyogytea.com\/sk\/produktu\/ruza-sipova\/#primaryimage"},"thumbnailUrl":"https:\/\/bukkigyogytea.com\/wp-content\/uploads\/2018\/09\/6-csipkebogyo-bal.png","datePublished":"2018-09-06T08:48:37+00:00","dateModified":"2026-04-01T00:11:28+00:00","breadcrumb":{"@id":"https:\/\/bukkigyogytea.com\/sk\/produktu\/ruza-sipova\/#breadcrumb"},"inLanguage":"sk-SK","potentialAction":[{"@type":"ReadAction","target":["https:\/\/bukkigyogytea.com\/sk\/produktu\/ruza-sipova\/"]}]},{"@type":"ImageObject","inLanguage":"sk-SK","@id":"https:\/\/bukkigyogytea.com\/sk\/produktu\/ruza-sipova\/#primaryimage","url":"https:\/\/bukkigyogytea.com\/wp-content\/uploads\/2018\/09\/6-csipkebogyo-bal.png","contentUrl":"https:\/\/bukkigyogytea.com\/wp-content\/uploads\/2018\/09\/6-csipkebogyo-bal.png","width":550,"height":550,"caption":"Csipkebogy\u00f3 h\u00fas - 70g"},{"@type":"BreadcrumbList","@id":"https:\/\/bukkigyogytea.com\/sk\/produktu\/ruza-sipova\/#breadcrumb","itemListElement":[{"@type":"ListItem","position":1,"name":"Domov","item":"https:\/\/bukkigyogytea.com\/sk\/"},{"@type":"ListItem","position":2,"name":"Shop","item":"https:\/\/bukkigyogytea.com\/sk\/obchodne\/"},{"@type":"ListItem","position":3,"name":"Jedine\u010dn\u00e9 Bylinn\u00e9 \u010caje","item":"https:\/\/bukkigyogytea.com\/sk\/kategoria-produktu\/jedinecne-bylinne-caje\/"},{"@type":"ListItem","position":4,"name":"Ru\u017ea \u0161\u00edpov\u00e1"}]},{"@type":"WebSite","@id":"https:\/\/bukkigyogytea.com\/sk\/#website","url":"https:\/\/bukkigyogytea.com\/sk\/","name":"B\u00fckki Gy\u00f3gytea Web\u00e1ruh\u00e1z","description":"Gy\u00f6rgytea hivatalos viszontelad\u00f3","publisher":{"@id":"https:\/\/bukkigyogytea.com\/sk\/#organization"},"potentialAction":[{"@type":"SearchAction","target":{"@type":"EntryPoint","urlTemplate":"https:\/\/bukkigyogytea.com\/sk\/?s={search_term_string}"},"query-input":{"@type":"PropertyValueSpecification","valueRequired":true,"valueName":"search_term_string"}}],"inLanguage":"sk-SK"},{"@type":"Organization","@id":"https:\/\/bukkigyogytea.com\/sk\/#organization","name":"B\u00fckki Gy\u00f3gytea Web\u00e1ruh\u00e1z","url":"https:\/\/bukkigyogytea.com\/sk\/","logo":{"@type":"ImageObject","inLanguage":"sk-SK","@id":"https:\/\/bukkigyogytea.com\/sk\/#\/schema\/logo\/image\/","url":"https:\/\/i0.wp.com\/bukkigyogytea.com\/wp-content\/uploads\/2020\/05\/Sitelogo-1.jpg?fit=350%2C85&ssl=1","contentUrl":"https:\/\/i0.wp.com\/bukkigyogytea.com\/wp-content\/uploads\/2020\/05\/Sitelogo-1.jpg?fit=350%2C85&ssl=1","width":350,"height":85,"caption":"B\u00fckki Gy\u00f3gytea Web\u00e1ruh\u00e1z"},"image":{"@id":"https:\/\/bukkigyogytea.com\/sk\/#\/schema\/logo\/image\/"},"sameAs":["https:\/\/www.facebook.com\/bukkigyogytea\/"]}]}},"publishpress_future_action":{"enabled":false,"date":"2026-04-16 22:55:00","action":"change-status","newStatus":"draft","terms":[],"taxonomy":"product_type","extraData":[]},"publishpress_future_workflow_manual_trigger":{"enabledWorkflows":[]},"_links":{"self":[{"href":"https:\/\/bukkigyogytea.com\/sk\/wp-json\/wp\/v2\/product\/2640","targetHints":{"allow":["GET"]}}],"collection":[{"href":"https:\/\/bukkigyogytea.com\/sk\/wp-json\/wp\/v2\/product"}],"about":[{"href":"https:\/\/bukkigyogytea.com\/sk\/wp-json\/wp\/v2\/types\/product"}],"replies":[{"embeddable":true,"href":"https:\/\/bukkigyogytea.com\/sk\/wp-json\/wp\/v2\/comments?post=2640"}],"wp:featuredmedia":[{"embeddable":true,"href":"https:\/\/bukkigyogytea.com\/sk\/wp-json\/wp\/v2\/media\/5685"}],"wp:attachment":[{"href":"https:\/\/bukkigyogytea.com\/sk\/wp-json\/wp\/v2\/media?parent=2640"}],"wp:term":[{"taxonomy":"product_brand","embeddable":true,"href":"https:\/\/bukkigyogytea.com\/sk\/wp-json\/wp\/v2\/product_brand?post=2640"},{"taxonomy":"product_cat","embeddable":true,"href":"https:\/\/bukkigyogytea.com\/sk\/wp-json\/wp\/v2\/product_cat?post=2640"},{"taxonomy":"product_tag","embeddable":true,"href":"https:\/\/bukkigyogytea.com\/sk\/wp-json\/wp\/v2\/product_tag?post=2640"}],"curies":[{"name":"wp","href":"https:\/\/api.w.org\/{rel}","templated":true}]}}