{"id":2617,"date":"2018-09-06T09:05:47","date_gmt":"2018-09-06T07:05:47","guid":{"rendered":"https:\/\/bukkigyogytea.com\/termek\/cajova-zmes-z-valeriany-lekarskej-caj-na-spanok-50g\/"},"modified":"2024-11-06T12:27:29","modified_gmt":"2024-11-06T11:27:29","slug":"cajova-zmes-z-valeriany-lekarskej-caj-na-spanok-50g","status":"publish","type":"product","link":"https:\/\/bukkigyogytea.com\/sk\/produktu\/cajova-zmes-z-valeriany-lekarskej-caj-na-spanok-50g\/","title":{"rendered":"\u010cajov\u00e1 zmes z valeri\u00e1ny lek\u00e1rskej (\u010caj na sp\u00e1nok) &#8211; 50g"},"content":{"rendered":"<p><strong>Mnoh\u00ed \u013eudia maj\u00fa probl\u00e9my so sp\u00e1nkom:<\/strong> Niektor\u00ed nem\u00f4\u017eu zaspa\u0165, in\u00ed sa v noci \u010dasto preb\u00fadzaj\u00fa a potom sa hodiny prehadzuj\u00fa. Pre nich m\u00f4\u017ee by\u0165 n\u00e1pomocn\u00e1 \u010dajov\u00e1 zmes z valeri\u00e1ny lek\u00e1rskej od uja Gyuriho (\u010caj na sp\u00e1nok). Valeri\u00e1na lek\u00e1rska patr\u00ed medzi naj\u00fa\u010dinnej\u0161ie upokojuj\u00face lie\u010div\u00e9 rastliny, ktor\u00e9 s\u00fa dnes zn\u00e1me.<\/p>\n<h3>Zlo\u017eenie<\/h3>\n<p>list medovky, list \u010diernych r\u00edbezl\u00ed, valeri\u00e1na lek\u00e1rska (19 %), chme\u013eov\u00e9 \u0161i\u0161tice, lipov\u00fd kvet<\/p>\n<h3>Pr\u00edprava<\/h3>\n<p>Jednu zarovnan\u00fa polievkov\u00fa ly\u017eicu (3 g) \u010dajovej zmesi zalejte 2,5 dl vriacej vody a po 30 min\u00fatach sce\u010fte. Nepou\u017e\u00edvajte kovov\u00e9 sitko. (Vzh\u013eadom na obsah kore\u0148a je d\u00f4le\u017eit\u00e9 dodr\u017ea\u0165 aspo\u0148 30-min\u00fatov\u00e9 l\u00fahovanie.)<\/p>\n<h3>Konzum\u00e1cia<\/h3>\n<p>\u010caj vypite pol hodiny pred span\u00edm, najlep\u0161ie bez dochucovania. M\u00f4\u017ee sa pi\u0165 neobmedzene po jednej \u0161\u00e1lke denne.<\/p>\n<h3>Kontraindik\u00e1cie<\/h3>\n<p>Neodpor\u00fa\u010da sa po\u010das tehotenstva, doj\u010denia, pri u\u017e\u00edvan\u00ed antidepres\u00edv, sedat\u00edv, a pre deti do 12 rokov.<\/p>\n","protected":false},"excerpt":{"rendered":"<p>\u010cajov\u00e1 zmes z valeri\u00e1ny lek\u00e1rskej m\u00f4\u017ee pom\u00f4c\u0165 dosiahnu\u0165 pokojn\u00fd, uvo\u013e\u0148uj\u00faci a osvie\u017euj\u00faci sp\u00e1nok v pr\u00edpade probl\u00e9mov so sp\u00e1nkom, dlhodob\u00e9ho stresu a vy\u010derpania. 100 % pr\u00edrodn\u00fd produkt.<\/p>\n","protected":false},"featured_media":2605,"comment_status":"open","ping_status":"closed","template":"","meta":{"_acf_changed":false},"product_brand":[],"product_cat":[163],"product_tag":[],"class_list":{"0":"post-2617","1":"product","2":"type-product","3":"status-publish","4":"has-post-thumbnail","6":"product_cat-bylinne-zmesi","7":"sales-flash-overlay","8":"woocommerce-text-align-center","9":"woocommerce-image-align-center","10":"do-quantity-buttons","12":"first","13":"outofstock","14":"taxable","15":"shipping-taxable","16":"purchasable","17":"product-type-simple"},"acf":{"blog_termekleiras":""},"yoast_head":"<!-- This site is optimized with the Yoast SEO plugin v26.9 - https:\/\/yoast.com\/product\/yoast-seo-wordpress\/ -->\n<title>\u010cajov\u00e1 zmes z valeri\u00e1ny lek\u00e1rskej (\u010caj na sp\u00e1nok) - 50g &#8211; B\u00fckki Gy\u00f3gytea Web\u00e1ruh\u00e1z<\/title>\n<meta name=\"description\" content=\"\u010cajov\u00e1 zmes z valeri\u00e1ny lek\u00e1rskej m\u00f4\u017ee pom\u00f4c\u0165 dosiahnu\u0165 pokojn\u00fd, uvo\u013e\u0148uj\u00faci a osvie\u017euj\u00faci sp\u00e1nok v pr\u00edpade probl\u00e9mov so sp\u00e1nkom, dlhodob\u00e9ho stresu a vy\u010derpania. 100 % pr\u00edrodn\u00fd produkt.\" \/>\n<meta name=\"robots\" content=\"index, follow, max-snippet:-1, max-image-preview:large, max-video-preview:-1\" \/>\n<link rel=\"canonical\" href=\"https:\/\/bukkigyogytea.com\/sk\/produktu\/cajova-zmes-z-valeriany-lekarskej-caj-na-spanok-50g\/\" \/>\n<meta property=\"og:locale\" content=\"sk_SK\" \/>\n<meta property=\"og:type\" content=\"article\" \/>\n<meta property=\"og:title\" content=\"\u010cajov\u00e1 zmes z valeri\u00e1ny lek\u00e1rskej (\u010caj na sp\u00e1nok) - 50g &#8211; B\u00fckki Gy\u00f3gytea Web\u00e1ruh\u00e1z\" \/>\n<meta property=\"og:description\" content=\"\u010cajov\u00e1 zmes z valeri\u00e1ny lek\u00e1rskej m\u00f4\u017ee pom\u00f4c\u0165 dosiahnu\u0165 pokojn\u00fd, uvo\u013e\u0148uj\u00faci a osvie\u017euj\u00faci sp\u00e1nok v pr\u00edpade probl\u00e9mov so sp\u00e1nkom, dlhodob\u00e9ho stresu a vy\u010derpania. 100 % pr\u00edrodn\u00fd produkt.\" \/>\n<meta property=\"og:url\" content=\"https:\/\/bukkigyogytea.com\/sk\/produktu\/cajova-zmes-z-valeriany-lekarskej-caj-na-spanok-50g\/\" \/>\n<meta property=\"og:site_name\" content=\"B\u00fckki Gy\u00f3gytea Web\u00e1ruh\u00e1z\" \/>\n<meta property=\"article:publisher\" content=\"https:\/\/www.facebook.com\/bukkigyogytea\/\" \/>\n<meta property=\"article:modified_time\" content=\"2024-11-06T11:27:29+00:00\" \/>\n<meta property=\"og:image\" content=\"https:\/\/bukkigyogytea.com\/wp-content\/uploads\/2018\/09\/og-macskagyokeres50.jpg\" \/>\n<meta name=\"twitter:card\" content=\"summary_large_image\" \/>\n<meta name=\"twitter:label1\" content=\"Predpokladan\u00fd \u010das \u010d\u00edtania\" \/>\n\t<meta name=\"twitter:data1\" content=\"1 min\u00fata\" \/>\n<script type=\"application\/ld+json\" class=\"yoast-schema-graph\">{\"@context\":\"https:\/\/schema.org\",\"@graph\":[{\"@type\":\"WebPage\",\"@id\":\"https:\/\/bukkigyogytea.com\/sk\/produktu\/cajova-zmes-z-valeriany-lekarskej-caj-na-spanok-50g\/\",\"url\":\"https:\/\/bukkigyogytea.com\/sk\/produktu\/cajova-zmes-z-valeriany-lekarskej-caj-na-spanok-50g\/\",\"name\":\"\u010cajov\u00e1 zmes z valeri\u00e1ny lek\u00e1rskej (\u010caj na sp\u00e1nok) - 50g &#8211; B\u00fckki Gy\u00f3gytea Web\u00e1ruh\u00e1z\",\"isPartOf\":{\"@id\":\"https:\/\/bukkigyogytea.com\/sk\/#website\"},\"primaryImageOfPage\":{\"@id\":\"https:\/\/bukkigyogytea.com\/sk\/produktu\/cajova-zmes-z-valeriany-lekarskej-caj-na-spanok-50g\/#primaryimage\"},\"image\":{\"@id\":\"https:\/\/bukkigyogytea.com\/sk\/produktu\/cajova-zmes-z-valeriany-lekarskej-caj-na-spanok-50g\/#primaryimage\"},\"thumbnailUrl\":\"https:\/\/bukkigyogytea.com\/wp-content\/uploads\/2018\/09\/macskagyokeres-bal.png\",\"datePublished\":\"2018-09-06T07:05:47+00:00\",\"dateModified\":\"2024-11-06T11:27:29+00:00\",\"description\":\"\u010cajov\u00e1 zmes z valeri\u00e1ny lek\u00e1rskej m\u00f4\u017ee pom\u00f4c\u0165 dosiahnu\u0165 pokojn\u00fd, uvo\u013e\u0148uj\u00faci a osvie\u017euj\u00faci sp\u00e1nok v pr\u00edpade probl\u00e9mov so sp\u00e1nkom, dlhodob\u00e9ho stresu a vy\u010derpania. 100 % pr\u00edrodn\u00fd produkt.\",\"breadcrumb\":{\"@id\":\"https:\/\/bukkigyogytea.com\/sk\/produktu\/cajova-zmes-z-valeriany-lekarskej-caj-na-spanok-50g\/#breadcrumb\"},\"inLanguage\":\"sk-SK\",\"potentialAction\":[{\"@type\":\"ReadAction\",\"target\":[\"https:\/\/bukkigyogytea.com\/sk\/produktu\/cajova-zmes-z-valeriany-lekarskej-caj-na-spanok-50g\/\"]}]},{\"@type\":\"ImageObject\",\"inLanguage\":\"sk-SK\",\"@id\":\"https:\/\/bukkigyogytea.com\/sk\/produktu\/cajova-zmes-z-valeriany-lekarskej-caj-na-spanok-50g\/#primaryimage\",\"url\":\"https:\/\/bukkigyogytea.com\/wp-content\/uploads\/2018\/09\/macskagyokeres-bal.png\",\"contentUrl\":\"https:\/\/bukkigyogytea.com\/wp-content\/uploads\/2018\/09\/macskagyokeres-bal.png\",\"width\":550,\"height\":550},{\"@type\":\"BreadcrumbList\",\"@id\":\"https:\/\/bukkigyogytea.com\/sk\/produktu\/cajova-zmes-z-valeriany-lekarskej-caj-na-spanok-50g\/#breadcrumb\",\"itemListElement\":[{\"@type\":\"ListItem\",\"position\":1,\"name\":\"Domov\",\"item\":\"https:\/\/bukkigyogytea.com\/sk\/\"},{\"@type\":\"ListItem\",\"position\":2,\"name\":\"Shop\",\"item\":\"https:\/\/bukkigyogytea.com\/sk\/obchodne\/\"},{\"@type\":\"ListItem\",\"position\":3,\"name\":\"Bylinn\u00e9 Zmesi\",\"item\":\"https:\/\/bukkigyogytea.com\/sk\/kategoria-produktu\/bylinne-zmesi\/\"},{\"@type\":\"ListItem\",\"position\":4,\"name\":\"\u010cajov\u00e1 zmes z valeri\u00e1ny lek\u00e1rskej (\u010caj na sp\u00e1nok) &#8211; 50g\"}]},{\"@type\":\"WebSite\",\"@id\":\"https:\/\/bukkigyogytea.com\/sk\/#website\",\"url\":\"https:\/\/bukkigyogytea.com\/sk\/\",\"name\":\"B\u00fckki Gy\u00f3gytea Web\u00e1ruh\u00e1z\",\"description\":\"Gy\u00f6rgytea hivatalos viszontelad\u00f3\",\"publisher\":{\"@id\":\"https:\/\/bukkigyogytea.com\/sk\/#organization\"},\"potentialAction\":[{\"@type\":\"SearchAction\",\"target\":{\"@type\":\"EntryPoint\",\"urlTemplate\":\"https:\/\/bukkigyogytea.com\/sk\/?s={search_term_string}\"},\"query-input\":{\"@type\":\"PropertyValueSpecification\",\"valueRequired\":true,\"valueName\":\"search_term_string\"}}],\"inLanguage\":\"sk-SK\"},{\"@type\":\"Organization\",\"@id\":\"https:\/\/bukkigyogytea.com\/sk\/#organization\",\"name\":\"B\u00fckki Gy\u00f3gytea Web\u00e1ruh\u00e1z\",\"url\":\"https:\/\/bukkigyogytea.com\/sk\/\",\"logo\":{\"@type\":\"ImageObject\",\"inLanguage\":\"sk-SK\",\"@id\":\"https:\/\/bukkigyogytea.com\/sk\/#\/schema\/logo\/image\/\",\"url\":\"https:\/\/i0.wp.com\/bukkigyogytea.com\/wp-content\/uploads\/2020\/05\/Sitelogo-1.jpg?fit=350%2C85&ssl=1\",\"contentUrl\":\"https:\/\/i0.wp.com\/bukkigyogytea.com\/wp-content\/uploads\/2020\/05\/Sitelogo-1.jpg?fit=350%2C85&ssl=1\",\"width\":350,\"height\":85,\"caption\":\"B\u00fckki Gy\u00f3gytea Web\u00e1ruh\u00e1z\"},\"image\":{\"@id\":\"https:\/\/bukkigyogytea.com\/sk\/#\/schema\/logo\/image\/\"},\"sameAs\":[\"https:\/\/www.facebook.com\/bukkigyogytea\/\"]}]}<\/script>\n<!-- \/ Yoast SEO plugin. -->","yoast_head_json":{"title":"\u010cajov\u00e1 zmes z valeri\u00e1ny lek\u00e1rskej (\u010caj na sp\u00e1nok) - 50g &#8211; B\u00fckki Gy\u00f3gytea Web\u00e1ruh\u00e1z","description":"\u010cajov\u00e1 zmes z valeri\u00e1ny lek\u00e1rskej m\u00f4\u017ee pom\u00f4c\u0165 dosiahnu\u0165 pokojn\u00fd, uvo\u013e\u0148uj\u00faci a osvie\u017euj\u00faci sp\u00e1nok v pr\u00edpade probl\u00e9mov so sp\u00e1nkom, dlhodob\u00e9ho stresu a vy\u010derpania. 100 % pr\u00edrodn\u00fd produkt.","robots":{"index":"index","follow":"follow","max-snippet":"max-snippet:-1","max-image-preview":"max-image-preview:large","max-video-preview":"max-video-preview:-1"},"canonical":"https:\/\/bukkigyogytea.com\/sk\/produktu\/cajova-zmes-z-valeriany-lekarskej-caj-na-spanok-50g\/","og_locale":"sk_SK","og_type":"article","og_title":"\u010cajov\u00e1 zmes z valeri\u00e1ny lek\u00e1rskej (\u010caj na sp\u00e1nok) - 50g &#8211; B\u00fckki Gy\u00f3gytea Web\u00e1ruh\u00e1z","og_description":"\u010cajov\u00e1 zmes z valeri\u00e1ny lek\u00e1rskej m\u00f4\u017ee pom\u00f4c\u0165 dosiahnu\u0165 pokojn\u00fd, uvo\u013e\u0148uj\u00faci a osvie\u017euj\u00faci sp\u00e1nok v pr\u00edpade probl\u00e9mov so sp\u00e1nkom, dlhodob\u00e9ho stresu a vy\u010derpania. 100 % pr\u00edrodn\u00fd produkt.","og_url":"https:\/\/bukkigyogytea.com\/sk\/produktu\/cajova-zmes-z-valeriany-lekarskej-caj-na-spanok-50g\/","og_site_name":"B\u00fckki Gy\u00f3gytea Web\u00e1ruh\u00e1z","article_publisher":"https:\/\/www.facebook.com\/bukkigyogytea\/","article_modified_time":"2024-11-06T11:27:29+00:00","og_image":[{"url":"https:\/\/bukkigyogytea.com\/wp-content\/uploads\/2018\/09\/og-macskagyokeres50.jpg","type":"","width":"","height":""}],"twitter_card":"summary_large_image","twitter_misc":{"Predpokladan\u00fd \u010das \u010d\u00edtania":"1 min\u00fata"},"schema":{"@context":"https:\/\/schema.org","@graph":[{"@type":"WebPage","@id":"https:\/\/bukkigyogytea.com\/sk\/produktu\/cajova-zmes-z-valeriany-lekarskej-caj-na-spanok-50g\/","url":"https:\/\/bukkigyogytea.com\/sk\/produktu\/cajova-zmes-z-valeriany-lekarskej-caj-na-spanok-50g\/","name":"\u010cajov\u00e1 zmes z valeri\u00e1ny lek\u00e1rskej (\u010caj na sp\u00e1nok) - 50g &#8211; B\u00fckki Gy\u00f3gytea Web\u00e1ruh\u00e1z","isPartOf":{"@id":"https:\/\/bukkigyogytea.com\/sk\/#website"},"primaryImageOfPage":{"@id":"https:\/\/bukkigyogytea.com\/sk\/produktu\/cajova-zmes-z-valeriany-lekarskej-caj-na-spanok-50g\/#primaryimage"},"image":{"@id":"https:\/\/bukkigyogytea.com\/sk\/produktu\/cajova-zmes-z-valeriany-lekarskej-caj-na-spanok-50g\/#primaryimage"},"thumbnailUrl":"https:\/\/bukkigyogytea.com\/wp-content\/uploads\/2018\/09\/macskagyokeres-bal.png","datePublished":"2018-09-06T07:05:47+00:00","dateModified":"2024-11-06T11:27:29+00:00","description":"\u010cajov\u00e1 zmes z valeri\u00e1ny lek\u00e1rskej m\u00f4\u017ee pom\u00f4c\u0165 dosiahnu\u0165 pokojn\u00fd, uvo\u013e\u0148uj\u00faci a osvie\u017euj\u00faci sp\u00e1nok v pr\u00edpade probl\u00e9mov so sp\u00e1nkom, dlhodob\u00e9ho stresu a vy\u010derpania. 100 % pr\u00edrodn\u00fd produkt.","breadcrumb":{"@id":"https:\/\/bukkigyogytea.com\/sk\/produktu\/cajova-zmes-z-valeriany-lekarskej-caj-na-spanok-50g\/#breadcrumb"},"inLanguage":"sk-SK","potentialAction":[{"@type":"ReadAction","target":["https:\/\/bukkigyogytea.com\/sk\/produktu\/cajova-zmes-z-valeriany-lekarskej-caj-na-spanok-50g\/"]}]},{"@type":"ImageObject","inLanguage":"sk-SK","@id":"https:\/\/bukkigyogytea.com\/sk\/produktu\/cajova-zmes-z-valeriany-lekarskej-caj-na-spanok-50g\/#primaryimage","url":"https:\/\/bukkigyogytea.com\/wp-content\/uploads\/2018\/09\/macskagyokeres-bal.png","contentUrl":"https:\/\/bukkigyogytea.com\/wp-content\/uploads\/2018\/09\/macskagyokeres-bal.png","width":550,"height":550},{"@type":"BreadcrumbList","@id":"https:\/\/bukkigyogytea.com\/sk\/produktu\/cajova-zmes-z-valeriany-lekarskej-caj-na-spanok-50g\/#breadcrumb","itemListElement":[{"@type":"ListItem","position":1,"name":"Domov","item":"https:\/\/bukkigyogytea.com\/sk\/"},{"@type":"ListItem","position":2,"name":"Shop","item":"https:\/\/bukkigyogytea.com\/sk\/obchodne\/"},{"@type":"ListItem","position":3,"name":"Bylinn\u00e9 Zmesi","item":"https:\/\/bukkigyogytea.com\/sk\/kategoria-produktu\/bylinne-zmesi\/"},{"@type":"ListItem","position":4,"name":"\u010cajov\u00e1 zmes z valeri\u00e1ny lek\u00e1rskej (\u010caj na sp\u00e1nok) &#8211; 50g"}]},{"@type":"WebSite","@id":"https:\/\/bukkigyogytea.com\/sk\/#website","url":"https:\/\/bukkigyogytea.com\/sk\/","name":"B\u00fckki Gy\u00f3gytea Web\u00e1ruh\u00e1z","description":"Gy\u00f6rgytea hivatalos viszontelad\u00f3","publisher":{"@id":"https:\/\/bukkigyogytea.com\/sk\/#organization"},"potentialAction":[{"@type":"SearchAction","target":{"@type":"EntryPoint","urlTemplate":"https:\/\/bukkigyogytea.com\/sk\/?s={search_term_string}"},"query-input":{"@type":"PropertyValueSpecification","valueRequired":true,"valueName":"search_term_string"}}],"inLanguage":"sk-SK"},{"@type":"Organization","@id":"https:\/\/bukkigyogytea.com\/sk\/#organization","name":"B\u00fckki Gy\u00f3gytea Web\u00e1ruh\u00e1z","url":"https:\/\/bukkigyogytea.com\/sk\/","logo":{"@type":"ImageObject","inLanguage":"sk-SK","@id":"https:\/\/bukkigyogytea.com\/sk\/#\/schema\/logo\/image\/","url":"https:\/\/i0.wp.com\/bukkigyogytea.com\/wp-content\/uploads\/2020\/05\/Sitelogo-1.jpg?fit=350%2C85&ssl=1","contentUrl":"https:\/\/i0.wp.com\/bukkigyogytea.com\/wp-content\/uploads\/2020\/05\/Sitelogo-1.jpg?fit=350%2C85&ssl=1","width":350,"height":85,"caption":"B\u00fckki Gy\u00f3gytea Web\u00e1ruh\u00e1z"},"image":{"@id":"https:\/\/bukkigyogytea.com\/sk\/#\/schema\/logo\/image\/"},"sameAs":["https:\/\/www.facebook.com\/bukkigyogytea\/"]}]}},"publishpress_future_action":{"enabled":false,"date":"2026-04-04 22:55:00","action":"change-status","newStatus":"draft","terms":[],"taxonomy":"product_type","extraData":[]},"publishpress_future_workflow_manual_trigger":{"enabledWorkflows":[]},"_links":{"self":[{"href":"https:\/\/bukkigyogytea.com\/sk\/wp-json\/wp\/v2\/product\/2617","targetHints":{"allow":["GET"]}}],"collection":[{"href":"https:\/\/bukkigyogytea.com\/sk\/wp-json\/wp\/v2\/product"}],"about":[{"href":"https:\/\/bukkigyogytea.com\/sk\/wp-json\/wp\/v2\/types\/product"}],"replies":[{"embeddable":true,"href":"https:\/\/bukkigyogytea.com\/sk\/wp-json\/wp\/v2\/comments?post=2617"}],"wp:featuredmedia":[{"embeddable":true,"href":"https:\/\/bukkigyogytea.com\/sk\/wp-json\/wp\/v2\/media\/2605"}],"wp:attachment":[{"href":"https:\/\/bukkigyogytea.com\/sk\/wp-json\/wp\/v2\/media?parent=2617"}],"wp:term":[{"taxonomy":"product_brand","embeddable":true,"href":"https:\/\/bukkigyogytea.com\/sk\/wp-json\/wp\/v2\/product_brand?post=2617"},{"taxonomy":"product_cat","embeddable":true,"href":"https:\/\/bukkigyogytea.com\/sk\/wp-json\/wp\/v2\/product_cat?post=2617"},{"taxonomy":"product_tag","embeddable":true,"href":"https:\/\/bukkigyogytea.com\/sk\/wp-json\/wp\/v2\/product_tag?post=2617"}],"curies":[{"name":"wp","href":"https:\/\/api.w.org\/{rel}","templated":true}]}}