{"id":2571,"date":"2018-09-06T08:23:10","date_gmt":"2018-09-06T06:23:10","guid":{"rendered":"https:\/\/bukkigyogytea.com\/termek\/cajova-zmes-z-rebricka-zensky-caj-50g\/"},"modified":"2025-11-01T23:02:39","modified_gmt":"2025-11-01T22:02:39","slug":"cajova-zmes-z-rebricka-zensky-caj-50g","status":"publish","type":"product","link":"https:\/\/bukkigyogytea.com\/sk\/produktu\/cajova-zmes-z-rebricka-zensky-caj-50g\/","title":{"rendered":"\u010cajov\u00e1 zmes z rebr\u00ed\u010dka (\u017densk\u00fd \u010daj) &#8211; 50g"},"content":{"rendered":"<p><strong>Vyrovnan\u00e9 a\u00a0spr\u00e1vne fungovanie \u017eensk\u00e9ho organizmu m\u00f4\u017eeme podpori\u0165 prostredn\u00edctvom lie\u010div\u00fdch rastl\u00edn. Pom\u00f4\u017ee n\u00e1m v\u00a0tom <\/strong><strong>\u010cajov\u00e1 zmes z\u00a0rebr\u00ed\u010dka (\u017densk\u00fd \u010daj)<\/strong><strong> Gyuri b\u00e1csiho.<\/strong><\/p>\n<p><strong>Zlo\u017eenie<\/strong><strong> \u010dajovej zmesi z\u00a0rebr\u00ed\u010dka (\u017densk\u00fd \u010daj): listy alchemilky oby\u010dajnej, v\u00fdhonky kapsi\u010dky pastierskej, rebr\u00ed\u010dek oby\u010dajn\u00fd.<\/strong><\/p>\n<p><strong>Pr\u00edprava:<\/strong> nie kopcovit\u00fa polievkov\u00fa ly\u017eicu (3 g) \u010dajovej zmesi zalia\u0165 2,5 deci hor\u00facej vody, po 15 min\u00fatach precedi\u0165. Nepou\u017e\u00edvajte kovov\u00e9 sitko.<\/p>\n<p><strong>Pou\u017e\u00edvanie:\u00a0<\/strong>na pr\u00edznaky prechodu denne jedna \u0161\u00e1lka vypit\u00e1 priebe\u017ene po\u010das d\u0148a. Ak pr\u00edznaky zmizn\u00fa, ako prevenciu odpor\u00fa\u010dame 1-2 \u0161\u00e1lky t\u00fd\u017edenne. Na \u00fapravu cyklu a\u00a0pri endometri\u00f3ze denne jedna \u0161\u00e1lka minim\u00e1lne po dobu dvoch mesiacov. Po troch mesiacoch ka\u017edodenn\u00e9ho u\u017e\u00edvania odpor\u00fa\u010dame \u0161tvort\u00fd\u017ed\u0148ov\u00fa prest\u00e1vku, potom je mo\u017en\u00e9 k\u00faru zopakova\u0165. Na men\u0161trua\u010dn\u00e9 k\u0155\u010de (pri pravidelnom cykle) za\u010da\u0165 pi\u0165 jednu \u0161\u00e1lku 3-4 dni pred men\u0161tru\u00e1ciou, potom pokra\u010dova\u0165 aj po\u010das men\u0161tru\u00e1cie. \u010caj pite po\u010das d\u0148a mal\u00fdmi d\u00fa\u0161kami, pod\u013ea mo\u017enost\u00ed bez ochucovania.<\/p>\n<p><strong>Neodpor\u00fa\u010da sa:<\/strong>\u00a0v\u00a0tehotenstve, po\u010das doj\u010denia. Neodpor\u00fa\u010da sa ani de\u0165om do 12 rokov.<\/p>\n","protected":false},"excerpt":{"rendered":"<p>Na men\u0161trua\u010dn\u00e9 bolesti, sympt\u00f3my a pr\u00edznaky menopauzy<\/p>\n","protected":false},"featured_media":2573,"comment_status":"open","ping_status":"closed","template":"","meta":{"_acf_changed":false},"product_brand":[],"product_cat":[163],"product_tag":[],"class_list":{"0":"post-2571","1":"product","2":"type-product","3":"status-publish","4":"has-post-thumbnail","6":"product_cat-bylinne-zmesi","7":"sales-flash-overlay","8":"woocommerce-text-align-center","9":"woocommerce-image-align-center","10":"do-quantity-buttons","11":"wc-has-gallery","13":"first","14":"instock","15":"taxable","16":"shipping-taxable","17":"purchasable","18":"product-type-simple"},"acf":{"blog_termekleiras":""},"yoast_head":"<!-- This site is optimized with the Yoast SEO plugin v26.9 - https:\/\/yoast.com\/product\/yoast-seo-wordpress\/ -->\n<title>\u010cajov\u00e1 zmes z rebr\u00ed\u010dka (\u017densk\u00fd \u010daj) - 50g &#8211; B\u00fckki Gy\u00f3gytea Web\u00e1ruh\u00e1z<\/title>\n<meta name=\"robots\" content=\"index, follow, max-snippet:-1, max-image-preview:large, max-video-preview:-1\" \/>\n<link rel=\"canonical\" href=\"https:\/\/bukkigyogytea.com\/sk\/produktu\/cajova-zmes-z-rebricka-zensky-caj-50g\/\" \/>\n<meta property=\"og:locale\" content=\"sk_SK\" \/>\n<meta property=\"og:type\" content=\"article\" \/>\n<meta property=\"og:title\" content=\"\u010cajov\u00e1 zmes z rebr\u00ed\u010dka (\u017densk\u00fd \u010daj) - 50g &#8211; B\u00fckki Gy\u00f3gytea Web\u00e1ruh\u00e1z\" \/>\n<meta property=\"og:description\" content=\"Na men\u0161trua\u010dn\u00e9 bolesti, sympt\u00f3my a pr\u00edznaky menopauzy\" \/>\n<meta property=\"og:url\" content=\"https:\/\/bukkigyogytea.com\/sk\/produktu\/cajova-zmes-z-rebricka-zensky-caj-50g\/\" \/>\n<meta property=\"og:site_name\" content=\"B\u00fckki Gy\u00f3gytea Web\u00e1ruh\u00e1z\" \/>\n<meta property=\"article:publisher\" content=\"https:\/\/www.facebook.com\/bukkigyogytea\/\" \/>\n<meta property=\"article:modified_time\" content=\"2025-11-01T22:02:39+00:00\" \/>\n<meta property=\"og:image\" content=\"https:\/\/bukkigyogytea.com\/wp-content\/uploads\/2018\/09\/og-cickafarkf50.jpg\" \/>\n<meta name=\"twitter:card\" content=\"summary_large_image\" \/>\n<meta name=\"twitter:label1\" content=\"Predpokladan\u00fd \u010das \u010d\u00edtania\" \/>\n\t<meta name=\"twitter:data1\" content=\"1 min\u00fata\" \/>\n<script type=\"application\/ld+json\" class=\"yoast-schema-graph\">{\"@context\":\"https:\/\/schema.org\",\"@graph\":[{\"@type\":\"WebPage\",\"@id\":\"https:\/\/bukkigyogytea.com\/sk\/produktu\/cajova-zmes-z-rebricka-zensky-caj-50g\/\",\"url\":\"https:\/\/bukkigyogytea.com\/sk\/produktu\/cajova-zmes-z-rebricka-zensky-caj-50g\/\",\"name\":\"\u010cajov\u00e1 zmes z rebr\u00ed\u010dka (\u017densk\u00fd \u010daj) - 50g &#8211; B\u00fckki Gy\u00f3gytea Web\u00e1ruh\u00e1z\",\"isPartOf\":{\"@id\":\"https:\/\/bukkigyogytea.com\/sk\/#website\"},\"primaryImageOfPage\":{\"@id\":\"https:\/\/bukkigyogytea.com\/sk\/produktu\/cajova-zmes-z-rebricka-zensky-caj-50g\/#primaryimage\"},\"image\":{\"@id\":\"https:\/\/bukkigyogytea.com\/sk\/produktu\/cajova-zmes-z-rebricka-zensky-caj-50g\/#primaryimage\"},\"thumbnailUrl\":\"https:\/\/bukkigyogytea.com\/wp-content\/uploads\/2018\/09\/cickafarkfuves-bal.png\",\"datePublished\":\"2018-09-06T06:23:10+00:00\",\"dateModified\":\"2025-11-01T22:02:39+00:00\",\"breadcrumb\":{\"@id\":\"https:\/\/bukkigyogytea.com\/sk\/produktu\/cajova-zmes-z-rebricka-zensky-caj-50g\/#breadcrumb\"},\"inLanguage\":\"sk-SK\",\"potentialAction\":[{\"@type\":\"ReadAction\",\"target\":[\"https:\/\/bukkigyogytea.com\/sk\/produktu\/cajova-zmes-z-rebricka-zensky-caj-50g\/\"]}]},{\"@type\":\"ImageObject\",\"inLanguage\":\"sk-SK\",\"@id\":\"https:\/\/bukkigyogytea.com\/sk\/produktu\/cajova-zmes-z-rebricka-zensky-caj-50g\/#primaryimage\",\"url\":\"https:\/\/bukkigyogytea.com\/wp-content\/uploads\/2018\/09\/cickafarkfuves-bal.png\",\"contentUrl\":\"https:\/\/bukkigyogytea.com\/wp-content\/uploads\/2018\/09\/cickafarkfuves-bal.png\",\"width\":550,\"height\":550},{\"@type\":\"BreadcrumbList\",\"@id\":\"https:\/\/bukkigyogytea.com\/sk\/produktu\/cajova-zmes-z-rebricka-zensky-caj-50g\/#breadcrumb\",\"itemListElement\":[{\"@type\":\"ListItem\",\"position\":1,\"name\":\"Domov\",\"item\":\"https:\/\/bukkigyogytea.com\/sk\/\"},{\"@type\":\"ListItem\",\"position\":2,\"name\":\"Shop\",\"item\":\"https:\/\/bukkigyogytea.com\/sk\/obchodne\/\"},{\"@type\":\"ListItem\",\"position\":3,\"name\":\"Bylinn\u00e9 Zmesi\",\"item\":\"https:\/\/bukkigyogytea.com\/sk\/kategoria-produktu\/bylinne-zmesi\/\"},{\"@type\":\"ListItem\",\"position\":4,\"name\":\"\u010cajov\u00e1 zmes z rebr\u00ed\u010dka (\u017densk\u00fd \u010daj) &#8211; 50g\"}]},{\"@type\":\"WebSite\",\"@id\":\"https:\/\/bukkigyogytea.com\/sk\/#website\",\"url\":\"https:\/\/bukkigyogytea.com\/sk\/\",\"name\":\"B\u00fckki Gy\u00f3gytea Web\u00e1ruh\u00e1z\",\"description\":\"Gy\u00f6rgytea hivatalos viszontelad\u00f3\",\"publisher\":{\"@id\":\"https:\/\/bukkigyogytea.com\/sk\/#organization\"},\"potentialAction\":[{\"@type\":\"SearchAction\",\"target\":{\"@type\":\"EntryPoint\",\"urlTemplate\":\"https:\/\/bukkigyogytea.com\/sk\/?s={search_term_string}\"},\"query-input\":{\"@type\":\"PropertyValueSpecification\",\"valueRequired\":true,\"valueName\":\"search_term_string\"}}],\"inLanguage\":\"sk-SK\"},{\"@type\":\"Organization\",\"@id\":\"https:\/\/bukkigyogytea.com\/sk\/#organization\",\"name\":\"B\u00fckki Gy\u00f3gytea Web\u00e1ruh\u00e1z\",\"url\":\"https:\/\/bukkigyogytea.com\/sk\/\",\"logo\":{\"@type\":\"ImageObject\",\"inLanguage\":\"sk-SK\",\"@id\":\"https:\/\/bukkigyogytea.com\/sk\/#\/schema\/logo\/image\/\",\"url\":\"https:\/\/i0.wp.com\/bukkigyogytea.com\/wp-content\/uploads\/2020\/05\/Sitelogo-1.jpg?fit=350%2C85&ssl=1\",\"contentUrl\":\"https:\/\/i0.wp.com\/bukkigyogytea.com\/wp-content\/uploads\/2020\/05\/Sitelogo-1.jpg?fit=350%2C85&ssl=1\",\"width\":350,\"height\":85,\"caption\":\"B\u00fckki Gy\u00f3gytea Web\u00e1ruh\u00e1z\"},\"image\":{\"@id\":\"https:\/\/bukkigyogytea.com\/sk\/#\/schema\/logo\/image\/\"},\"sameAs\":[\"https:\/\/www.facebook.com\/bukkigyogytea\/\"]}]}<\/script>\n<!-- \/ Yoast SEO plugin. -->","yoast_head_json":{"title":"\u010cajov\u00e1 zmes z rebr\u00ed\u010dka (\u017densk\u00fd \u010daj) - 50g &#8211; B\u00fckki Gy\u00f3gytea Web\u00e1ruh\u00e1z","robots":{"index":"index","follow":"follow","max-snippet":"max-snippet:-1","max-image-preview":"max-image-preview:large","max-video-preview":"max-video-preview:-1"},"canonical":"https:\/\/bukkigyogytea.com\/sk\/produktu\/cajova-zmes-z-rebricka-zensky-caj-50g\/","og_locale":"sk_SK","og_type":"article","og_title":"\u010cajov\u00e1 zmes z rebr\u00ed\u010dka (\u017densk\u00fd \u010daj) - 50g &#8211; B\u00fckki Gy\u00f3gytea Web\u00e1ruh\u00e1z","og_description":"Na men\u0161trua\u010dn\u00e9 bolesti, sympt\u00f3my a pr\u00edznaky menopauzy","og_url":"https:\/\/bukkigyogytea.com\/sk\/produktu\/cajova-zmes-z-rebricka-zensky-caj-50g\/","og_site_name":"B\u00fckki Gy\u00f3gytea Web\u00e1ruh\u00e1z","article_publisher":"https:\/\/www.facebook.com\/bukkigyogytea\/","article_modified_time":"2025-11-01T22:02:39+00:00","og_image":[{"url":"https:\/\/bukkigyogytea.com\/wp-content\/uploads\/2018\/09\/og-cickafarkf50.jpg","type":"","width":"","height":""}],"twitter_card":"summary_large_image","twitter_misc":{"Predpokladan\u00fd \u010das \u010d\u00edtania":"1 min\u00fata"},"schema":{"@context":"https:\/\/schema.org","@graph":[{"@type":"WebPage","@id":"https:\/\/bukkigyogytea.com\/sk\/produktu\/cajova-zmes-z-rebricka-zensky-caj-50g\/","url":"https:\/\/bukkigyogytea.com\/sk\/produktu\/cajova-zmes-z-rebricka-zensky-caj-50g\/","name":"\u010cajov\u00e1 zmes z rebr\u00ed\u010dka (\u017densk\u00fd \u010daj) - 50g &#8211; B\u00fckki Gy\u00f3gytea Web\u00e1ruh\u00e1z","isPartOf":{"@id":"https:\/\/bukkigyogytea.com\/sk\/#website"},"primaryImageOfPage":{"@id":"https:\/\/bukkigyogytea.com\/sk\/produktu\/cajova-zmes-z-rebricka-zensky-caj-50g\/#primaryimage"},"image":{"@id":"https:\/\/bukkigyogytea.com\/sk\/produktu\/cajova-zmes-z-rebricka-zensky-caj-50g\/#primaryimage"},"thumbnailUrl":"https:\/\/bukkigyogytea.com\/wp-content\/uploads\/2018\/09\/cickafarkfuves-bal.png","datePublished":"2018-09-06T06:23:10+00:00","dateModified":"2025-11-01T22:02:39+00:00","breadcrumb":{"@id":"https:\/\/bukkigyogytea.com\/sk\/produktu\/cajova-zmes-z-rebricka-zensky-caj-50g\/#breadcrumb"},"inLanguage":"sk-SK","potentialAction":[{"@type":"ReadAction","target":["https:\/\/bukkigyogytea.com\/sk\/produktu\/cajova-zmes-z-rebricka-zensky-caj-50g\/"]}]},{"@type":"ImageObject","inLanguage":"sk-SK","@id":"https:\/\/bukkigyogytea.com\/sk\/produktu\/cajova-zmes-z-rebricka-zensky-caj-50g\/#primaryimage","url":"https:\/\/bukkigyogytea.com\/wp-content\/uploads\/2018\/09\/cickafarkfuves-bal.png","contentUrl":"https:\/\/bukkigyogytea.com\/wp-content\/uploads\/2018\/09\/cickafarkfuves-bal.png","width":550,"height":550},{"@type":"BreadcrumbList","@id":"https:\/\/bukkigyogytea.com\/sk\/produktu\/cajova-zmes-z-rebricka-zensky-caj-50g\/#breadcrumb","itemListElement":[{"@type":"ListItem","position":1,"name":"Domov","item":"https:\/\/bukkigyogytea.com\/sk\/"},{"@type":"ListItem","position":2,"name":"Shop","item":"https:\/\/bukkigyogytea.com\/sk\/obchodne\/"},{"@type":"ListItem","position":3,"name":"Bylinn\u00e9 Zmesi","item":"https:\/\/bukkigyogytea.com\/sk\/kategoria-produktu\/bylinne-zmesi\/"},{"@type":"ListItem","position":4,"name":"\u010cajov\u00e1 zmes z rebr\u00ed\u010dka (\u017densk\u00fd \u010daj) &#8211; 50g"}]},{"@type":"WebSite","@id":"https:\/\/bukkigyogytea.com\/sk\/#website","url":"https:\/\/bukkigyogytea.com\/sk\/","name":"B\u00fckki Gy\u00f3gytea Web\u00e1ruh\u00e1z","description":"Gy\u00f6rgytea hivatalos viszontelad\u00f3","publisher":{"@id":"https:\/\/bukkigyogytea.com\/sk\/#organization"},"potentialAction":[{"@type":"SearchAction","target":{"@type":"EntryPoint","urlTemplate":"https:\/\/bukkigyogytea.com\/sk\/?s={search_term_string}"},"query-input":{"@type":"PropertyValueSpecification","valueRequired":true,"valueName":"search_term_string"}}],"inLanguage":"sk-SK"},{"@type":"Organization","@id":"https:\/\/bukkigyogytea.com\/sk\/#organization","name":"B\u00fckki Gy\u00f3gytea Web\u00e1ruh\u00e1z","url":"https:\/\/bukkigyogytea.com\/sk\/","logo":{"@type":"ImageObject","inLanguage":"sk-SK","@id":"https:\/\/bukkigyogytea.com\/sk\/#\/schema\/logo\/image\/","url":"https:\/\/i0.wp.com\/bukkigyogytea.com\/wp-content\/uploads\/2020\/05\/Sitelogo-1.jpg?fit=350%2C85&ssl=1","contentUrl":"https:\/\/i0.wp.com\/bukkigyogytea.com\/wp-content\/uploads\/2020\/05\/Sitelogo-1.jpg?fit=350%2C85&ssl=1","width":350,"height":85,"caption":"B\u00fckki Gy\u00f3gytea Web\u00e1ruh\u00e1z"},"image":{"@id":"https:\/\/bukkigyogytea.com\/sk\/#\/schema\/logo\/image\/"},"sameAs":["https:\/\/www.facebook.com\/bukkigyogytea\/"]}]}},"publishpress_future_action":{"enabled":false,"date":"2026-04-16 22:55:00","action":"change-status","newStatus":"draft","terms":[],"taxonomy":"product_type","extraData":[]},"publishpress_future_workflow_manual_trigger":{"enabledWorkflows":[]},"_links":{"self":[{"href":"https:\/\/bukkigyogytea.com\/sk\/wp-json\/wp\/v2\/product\/2571","targetHints":{"allow":["GET"]}}],"collection":[{"href":"https:\/\/bukkigyogytea.com\/sk\/wp-json\/wp\/v2\/product"}],"about":[{"href":"https:\/\/bukkigyogytea.com\/sk\/wp-json\/wp\/v2\/types\/product"}],"replies":[{"embeddable":true,"href":"https:\/\/bukkigyogytea.com\/sk\/wp-json\/wp\/v2\/comments?post=2571"}],"wp:featuredmedia":[{"embeddable":true,"href":"https:\/\/bukkigyogytea.com\/sk\/wp-json\/wp\/v2\/media\/2573"}],"wp:attachment":[{"href":"https:\/\/bukkigyogytea.com\/sk\/wp-json\/wp\/v2\/media?parent=2571"}],"wp:term":[{"taxonomy":"product_brand","embeddable":true,"href":"https:\/\/bukkigyogytea.com\/sk\/wp-json\/wp\/v2\/product_brand?post=2571"},{"taxonomy":"product_cat","embeddable":true,"href":"https:\/\/bukkigyogytea.com\/sk\/wp-json\/wp\/v2\/product_cat?post=2571"},{"taxonomy":"product_tag","embeddable":true,"href":"https:\/\/bukkigyogytea.com\/sk\/wp-json\/wp\/v2\/product_tag?post=2571"}],"curies":[{"name":"wp","href":"https:\/\/api.w.org\/{rel}","templated":true}]}}