{"id":2536,"date":"2018-09-06T08:07:27","date_gmt":"2018-09-06T06:07:27","guid":{"rendered":"https:\/\/bukkigyogytea.com\/termek\/olejovy-vytazok-z-lubovnika-bodkovaneho\/"},"modified":"2023-03-01T00:01:29","modified_gmt":"2023-02-28T23:01:29","slug":"olejovy-vytazok-z-lubovnika-bodkovaneho","status":"publish","type":"product","link":"https:\/\/bukkigyogytea.com\/sk\/produktu\/olejovy-vytazok-z-lubovnika-bodkovaneho\/","title":{"rendered":"Olejov\u00fd v\u00fd\u0165a\u017eok z \u013eubovn\u00edka bodkovan\u00e9ho"},"content":{"rendered":"<p><strong>Pou\u017eitie:<\/strong><\/p>\n<p><strong>V\u00fdlu\u010dne na vonkaj\u0161ie pou\u017eitie!<\/strong> Dotknut\u00fa oblas\u0165 natrite tenkou vrstvou v\u00fd\u0165a\u017eku 2-3-kr\u00e1t po\u010das d\u0148a. Olej sa do poko\u017eky vstreb\u00e1va \u0165a\u017eko, preto je potrebn\u00e9 natrie\u0165 len jeho tenk\u00fa vrstvu a\u00a0zvy\u0161n\u00fd olej utrie\u0165.<\/p>\n<p><strong>\u00da\u010dinky:<\/strong><\/p>\n<p><strong>Na pop\u00e1leniny a sp\u00e1leniny: mierne sp\u00e1len\u00fa poko\u017eku natrite\u00a0tenkou vrstvou oleja<\/strong>, zmier\u0148uje bolesti a\u00a0ur\u00fdch\u013euje hojenie sp\u00e1lenej \u010dasti poko\u017eky. Po pou\u017eit\u00ed oleja sa neodpor\u00fa\u010da opa\u013eova\u0165. Olejom z \u013eubovn\u00edka mo\u017eno lie\u010di\u0165 aj men\u0161ie rezn\u00e9 rany a\u00a0poranenia. Je tie\u017e vhodn\u00fd na pomaran\u010dov\u00fa poko\u017eku, ktor\u00e1 strp\u010duje \u017eivot nejednej \u017eene. Pom\u00e1ha tie\u017e pri lie\u010dbe ko\u017en\u00fdch ochoren\u00ed a priaznivo \u00fa\u010dinkuje aj \u00a0na psori\u00e1zu, ekz\u00e9m a\u00a0vyr\u00e1\u017eky<strong>. <\/strong>Jeho protiz\u00e1palov\u00e9ho a\u00a0upokojuj\u00face \u00fa\u010dinky s\u00fa \u00fa\u010dinn\u00e9 aj pri rosacei \u010di dermit\u00edde.\u00a0M\u00f4\u017ee sa pou\u017e\u00edva\u0165 aj pri z\u00e1pale k\u0155\u010dov\u00fdch \u017e\u00edl. Jeho kozmetick\u00e9 vyu\u017eitie spo\u010d\u00edva najm\u00e4 v odstra\u0148ovan\u00ed vr\u00e1sok.<\/p>\n<p><strong>Upozornenie:<\/strong><\/p>\n<p>V\u00a0pr\u00edpade jeho pou\u017eitia sa nesmiete opa\u013eova\u0165, ke\u010f\u017ee \u013eubovn\u00edk m\u00f4\u017ee sp\u00f4sobi\u0165 citlivos\u0165 na svetlo!<\/p>\n","protected":false},"excerpt":{"rendered":"<p>Pou\u017eitie: V\u00fdlu\u010dne na vonkaj\u0161ie pou\u017eitie! Dotknut\u00fa oblas\u0165 natrite tenkou vrstvou v\u00fd\u0165a\u017eku 2-3-kr\u00e1t po\u010das d\u0148a. Olej sa do poko\u017eky vstreb\u00e1va \u0165a\u017eko, preto je potrebn\u00e9 natrie\u0165 len jeho tenk\u00fa vrstvu a\u00a0zvy\u0161n\u00fd olej utrie\u0165. \u00da\u010dinky: Na pop\u00e1leniny a sp\u00e1leniny: mierne sp\u00e1len\u00fa poko\u017eku natrite\u00a0tenkou vrstvou oleja, zmier\u0148uje bolesti a\u00a0ur\u00fdch\u013euje hojenie sp\u00e1lenej \u010dasti poko\u017eky. Po pou\u017eit\u00ed oleja sa neodpor\u00fa\u010da opa\u013eova\u0165. &#8230; <a title=\"Olejov\u00fd v\u00fd\u0165a\u017eok z \u013eubovn\u00edka bodkovan\u00e9ho\" class=\"read-more\" href=\"https:\/\/bukkigyogytea.com\/sk\/produktu\/olejovy-vytazok-z-lubovnika-bodkovaneho\/\" aria-label=\"Pre\u010d\u00edtajte si viac o Olejov\u00fd v\u00fd\u0165a\u017eok z \u013eubovn\u00edka bodkovan\u00e9ho\">Read more<\/a><\/p>\n","protected":false},"featured_media":2537,"comment_status":"open","ping_status":"closed","template":"","meta":{"_acf_changed":false},"product_brand":[],"product_cat":[167],"product_tag":[],"class_list":{"0":"post-2536","1":"product","2":"type-product","3":"status-publish","4":"has-post-thumbnail","6":"product_cat-bylinne-vytazky","7":"sales-flash-overlay","8":"woocommerce-text-align-center","9":"woocommerce-image-align-center","10":"do-quantity-buttons","12":"first","13":"instock","14":"taxable","15":"shipping-taxable","16":"purchasable","17":"product-type-simple"},"acf":{"blog_termekleiras":""},"yoast_head":"<!-- This site is optimized with the Yoast SEO plugin v26.9 - https:\/\/yoast.com\/product\/yoast-seo-wordpress\/ -->\n<title>Olejov\u00fd v\u00fd\u0165a\u017eok z \u013eubovn\u00edka bodkovan\u00e9ho &#8211; B\u00fckki Gy\u00f3gytea Web\u00e1ruh\u00e1z<\/title>\n<meta name=\"robots\" content=\"index, follow, max-snippet:-1, max-image-preview:large, max-video-preview:-1\" \/>\n<link rel=\"canonical\" href=\"https:\/\/bukkigyogytea.com\/sk\/produktu\/olejovy-vytazok-z-lubovnika-bodkovaneho\/\" \/>\n<meta property=\"og:locale\" content=\"sk_SK\" \/>\n<meta property=\"og:type\" content=\"article\" \/>\n<meta property=\"og:title\" content=\"Olejov\u00fd v\u00fd\u0165a\u017eok z \u013eubovn\u00edka bodkovan\u00e9ho &#8211; B\u00fckki Gy\u00f3gytea Web\u00e1ruh\u00e1z\" \/>\n<meta property=\"og:description\" content=\"Pou\u017eitie: V\u00fdlu\u010dne na vonkaj\u0161ie pou\u017eitie! Dotknut\u00fa oblas\u0165 natrite tenkou vrstvou v\u00fd\u0165a\u017eku 2-3-kr\u00e1t po\u010das d\u0148a. Olej sa do poko\u017eky vstreb\u00e1va \u0165a\u017eko, preto je potrebn\u00e9 natrie\u0165 len jeho tenk\u00fa vrstvu a\u00a0zvy\u0161n\u00fd olej utrie\u0165. \u00da\u010dinky: Na pop\u00e1leniny a sp\u00e1leniny: mierne sp\u00e1len\u00fa poko\u017eku natrite\u00a0tenkou vrstvou oleja, zmier\u0148uje bolesti a\u00a0ur\u00fdch\u013euje hojenie sp\u00e1lenej \u010dasti poko\u017eky. Po pou\u017eit\u00ed oleja sa neodpor\u00fa\u010da opa\u013eova\u0165. ... Read more\" \/>\n<meta property=\"og:url\" content=\"https:\/\/bukkigyogytea.com\/sk\/produktu\/olejovy-vytazok-z-lubovnika-bodkovaneho\/\" \/>\n<meta property=\"og:site_name\" content=\"B\u00fckki Gy\u00f3gytea Web\u00e1ruh\u00e1z\" \/>\n<meta property=\"article:publisher\" content=\"https:\/\/www.facebook.com\/bukkigyogytea\/\" \/>\n<meta property=\"article:modified_time\" content=\"2023-02-28T23:01:29+00:00\" \/>\n<meta property=\"og:image\" content=\"https:\/\/bukkigyogytea.com\/wp-content\/uploads\/2018\/09\/tinktura-orbancfu-mega.png\" \/>\n\t<meta property=\"og:image:width\" content=\"550\" \/>\n\t<meta property=\"og:image:height\" content=\"550\" \/>\n\t<meta property=\"og:image:type\" content=\"image\/png\" \/>\n<meta name=\"twitter:card\" content=\"summary_large_image\" \/>\n<meta name=\"twitter:label1\" content=\"Predpokladan\u00fd \u010das \u010d\u00edtania\" \/>\n\t<meta name=\"twitter:data1\" content=\"1 min\u00fata\" \/>\n<script type=\"application\/ld+json\" class=\"yoast-schema-graph\">{\"@context\":\"https:\/\/schema.org\",\"@graph\":[{\"@type\":\"WebPage\",\"@id\":\"https:\/\/bukkigyogytea.com\/sk\/produktu\/olejovy-vytazok-z-lubovnika-bodkovaneho\/\",\"url\":\"https:\/\/bukkigyogytea.com\/sk\/produktu\/olejovy-vytazok-z-lubovnika-bodkovaneho\/\",\"name\":\"Olejov\u00fd v\u00fd\u0165a\u017eok z \u013eubovn\u00edka bodkovan\u00e9ho &#8211; B\u00fckki Gy\u00f3gytea Web\u00e1ruh\u00e1z\",\"isPartOf\":{\"@id\":\"https:\/\/bukkigyogytea.com\/sk\/#website\"},\"primaryImageOfPage\":{\"@id\":\"https:\/\/bukkigyogytea.com\/sk\/produktu\/olejovy-vytazok-z-lubovnika-bodkovaneho\/#primaryimage\"},\"image\":{\"@id\":\"https:\/\/bukkigyogytea.com\/sk\/produktu\/olejovy-vytazok-z-lubovnika-bodkovaneho\/#primaryimage\"},\"thumbnailUrl\":\"https:\/\/bukkigyogytea.com\/wp-content\/uploads\/2018\/09\/tinktura-orbancfu-mega.png\",\"datePublished\":\"2018-09-06T06:07:27+00:00\",\"dateModified\":\"2023-02-28T23:01:29+00:00\",\"breadcrumb\":{\"@id\":\"https:\/\/bukkigyogytea.com\/sk\/produktu\/olejovy-vytazok-z-lubovnika-bodkovaneho\/#breadcrumb\"},\"inLanguage\":\"sk-SK\",\"potentialAction\":[{\"@type\":\"ReadAction\",\"target\":[\"https:\/\/bukkigyogytea.com\/sk\/produktu\/olejovy-vytazok-z-lubovnika-bodkovaneho\/\"]}]},{\"@type\":\"ImageObject\",\"inLanguage\":\"sk-SK\",\"@id\":\"https:\/\/bukkigyogytea.com\/sk\/produktu\/olejovy-vytazok-z-lubovnika-bodkovaneho\/#primaryimage\",\"url\":\"https:\/\/bukkigyogytea.com\/wp-content\/uploads\/2018\/09\/tinktura-orbancfu-mega.png\",\"contentUrl\":\"https:\/\/bukkigyogytea.com\/wp-content\/uploads\/2018\/09\/tinktura-orbancfu-mega.png\",\"width\":550,\"height\":550,\"caption\":\"Orb\u00e1ncf\u0171 olajos kivonat\"},{\"@type\":\"BreadcrumbList\",\"@id\":\"https:\/\/bukkigyogytea.com\/sk\/produktu\/olejovy-vytazok-z-lubovnika-bodkovaneho\/#breadcrumb\",\"itemListElement\":[{\"@type\":\"ListItem\",\"position\":1,\"name\":\"Domov\",\"item\":\"https:\/\/bukkigyogytea.com\/sk\/\"},{\"@type\":\"ListItem\",\"position\":2,\"name\":\"Shop\",\"item\":\"https:\/\/bukkigyogytea.com\/sk\/obchodne\/\"},{\"@type\":\"ListItem\",\"position\":3,\"name\":\"Bylinn\u00e9 v\u00fd\u0165a\u017eky\",\"item\":\"https:\/\/bukkigyogytea.com\/sk\/kategoria-produktu\/bylinne-vytazky\/\"},{\"@type\":\"ListItem\",\"position\":4,\"name\":\"Olejov\u00fd v\u00fd\u0165a\u017eok z \u013eubovn\u00edka bodkovan\u00e9ho\"}]},{\"@type\":\"WebSite\",\"@id\":\"https:\/\/bukkigyogytea.com\/sk\/#website\",\"url\":\"https:\/\/bukkigyogytea.com\/sk\/\",\"name\":\"B\u00fckki Gy\u00f3gytea Web\u00e1ruh\u00e1z\",\"description\":\"Gy\u00f6rgytea hivatalos viszontelad\u00f3\",\"publisher\":{\"@id\":\"https:\/\/bukkigyogytea.com\/sk\/#organization\"},\"potentialAction\":[{\"@type\":\"SearchAction\",\"target\":{\"@type\":\"EntryPoint\",\"urlTemplate\":\"https:\/\/bukkigyogytea.com\/sk\/?s={search_term_string}\"},\"query-input\":{\"@type\":\"PropertyValueSpecification\",\"valueRequired\":true,\"valueName\":\"search_term_string\"}}],\"inLanguage\":\"sk-SK\"},{\"@type\":\"Organization\",\"@id\":\"https:\/\/bukkigyogytea.com\/sk\/#organization\",\"name\":\"B\u00fckki Gy\u00f3gytea Web\u00e1ruh\u00e1z\",\"url\":\"https:\/\/bukkigyogytea.com\/sk\/\",\"logo\":{\"@type\":\"ImageObject\",\"inLanguage\":\"sk-SK\",\"@id\":\"https:\/\/bukkigyogytea.com\/sk\/#\/schema\/logo\/image\/\",\"url\":\"https:\/\/i0.wp.com\/bukkigyogytea.com\/wp-content\/uploads\/2020\/05\/Sitelogo-1.jpg?fit=350%2C85&ssl=1\",\"contentUrl\":\"https:\/\/i0.wp.com\/bukkigyogytea.com\/wp-content\/uploads\/2020\/05\/Sitelogo-1.jpg?fit=350%2C85&ssl=1\",\"width\":350,\"height\":85,\"caption\":\"B\u00fckki Gy\u00f3gytea Web\u00e1ruh\u00e1z\"},\"image\":{\"@id\":\"https:\/\/bukkigyogytea.com\/sk\/#\/schema\/logo\/image\/\"},\"sameAs\":[\"https:\/\/www.facebook.com\/bukkigyogytea\/\"]}]}<\/script>\n<!-- \/ Yoast SEO plugin. -->","yoast_head_json":{"title":"Olejov\u00fd v\u00fd\u0165a\u017eok z \u013eubovn\u00edka bodkovan\u00e9ho &#8211; B\u00fckki Gy\u00f3gytea Web\u00e1ruh\u00e1z","robots":{"index":"index","follow":"follow","max-snippet":"max-snippet:-1","max-image-preview":"max-image-preview:large","max-video-preview":"max-video-preview:-1"},"canonical":"https:\/\/bukkigyogytea.com\/sk\/produktu\/olejovy-vytazok-z-lubovnika-bodkovaneho\/","og_locale":"sk_SK","og_type":"article","og_title":"Olejov\u00fd v\u00fd\u0165a\u017eok z \u013eubovn\u00edka bodkovan\u00e9ho &#8211; B\u00fckki Gy\u00f3gytea Web\u00e1ruh\u00e1z","og_description":"Pou\u017eitie: V\u00fdlu\u010dne na vonkaj\u0161ie pou\u017eitie! Dotknut\u00fa oblas\u0165 natrite tenkou vrstvou v\u00fd\u0165a\u017eku 2-3-kr\u00e1t po\u010das d\u0148a. Olej sa do poko\u017eky vstreb\u00e1va \u0165a\u017eko, preto je potrebn\u00e9 natrie\u0165 len jeho tenk\u00fa vrstvu a\u00a0zvy\u0161n\u00fd olej utrie\u0165. \u00da\u010dinky: Na pop\u00e1leniny a sp\u00e1leniny: mierne sp\u00e1len\u00fa poko\u017eku natrite\u00a0tenkou vrstvou oleja, zmier\u0148uje bolesti a\u00a0ur\u00fdch\u013euje hojenie sp\u00e1lenej \u010dasti poko\u017eky. Po pou\u017eit\u00ed oleja sa neodpor\u00fa\u010da opa\u013eova\u0165. ... Read more","og_url":"https:\/\/bukkigyogytea.com\/sk\/produktu\/olejovy-vytazok-z-lubovnika-bodkovaneho\/","og_site_name":"B\u00fckki Gy\u00f3gytea Web\u00e1ruh\u00e1z","article_publisher":"https:\/\/www.facebook.com\/bukkigyogytea\/","article_modified_time":"2023-02-28T23:01:29+00:00","og_image":[{"width":550,"height":550,"url":"https:\/\/bukkigyogytea.com\/wp-content\/uploads\/2018\/09\/tinktura-orbancfu-mega.png","type":"image\/png"}],"twitter_card":"summary_large_image","twitter_misc":{"Predpokladan\u00fd \u010das \u010d\u00edtania":"1 min\u00fata"},"schema":{"@context":"https:\/\/schema.org","@graph":[{"@type":"WebPage","@id":"https:\/\/bukkigyogytea.com\/sk\/produktu\/olejovy-vytazok-z-lubovnika-bodkovaneho\/","url":"https:\/\/bukkigyogytea.com\/sk\/produktu\/olejovy-vytazok-z-lubovnika-bodkovaneho\/","name":"Olejov\u00fd v\u00fd\u0165a\u017eok z \u013eubovn\u00edka bodkovan\u00e9ho &#8211; B\u00fckki Gy\u00f3gytea Web\u00e1ruh\u00e1z","isPartOf":{"@id":"https:\/\/bukkigyogytea.com\/sk\/#website"},"primaryImageOfPage":{"@id":"https:\/\/bukkigyogytea.com\/sk\/produktu\/olejovy-vytazok-z-lubovnika-bodkovaneho\/#primaryimage"},"image":{"@id":"https:\/\/bukkigyogytea.com\/sk\/produktu\/olejovy-vytazok-z-lubovnika-bodkovaneho\/#primaryimage"},"thumbnailUrl":"https:\/\/bukkigyogytea.com\/wp-content\/uploads\/2018\/09\/tinktura-orbancfu-mega.png","datePublished":"2018-09-06T06:07:27+00:00","dateModified":"2023-02-28T23:01:29+00:00","breadcrumb":{"@id":"https:\/\/bukkigyogytea.com\/sk\/produktu\/olejovy-vytazok-z-lubovnika-bodkovaneho\/#breadcrumb"},"inLanguage":"sk-SK","potentialAction":[{"@type":"ReadAction","target":["https:\/\/bukkigyogytea.com\/sk\/produktu\/olejovy-vytazok-z-lubovnika-bodkovaneho\/"]}]},{"@type":"ImageObject","inLanguage":"sk-SK","@id":"https:\/\/bukkigyogytea.com\/sk\/produktu\/olejovy-vytazok-z-lubovnika-bodkovaneho\/#primaryimage","url":"https:\/\/bukkigyogytea.com\/wp-content\/uploads\/2018\/09\/tinktura-orbancfu-mega.png","contentUrl":"https:\/\/bukkigyogytea.com\/wp-content\/uploads\/2018\/09\/tinktura-orbancfu-mega.png","width":550,"height":550,"caption":"Orb\u00e1ncf\u0171 olajos kivonat"},{"@type":"BreadcrumbList","@id":"https:\/\/bukkigyogytea.com\/sk\/produktu\/olejovy-vytazok-z-lubovnika-bodkovaneho\/#breadcrumb","itemListElement":[{"@type":"ListItem","position":1,"name":"Domov","item":"https:\/\/bukkigyogytea.com\/sk\/"},{"@type":"ListItem","position":2,"name":"Shop","item":"https:\/\/bukkigyogytea.com\/sk\/obchodne\/"},{"@type":"ListItem","position":3,"name":"Bylinn\u00e9 v\u00fd\u0165a\u017eky","item":"https:\/\/bukkigyogytea.com\/sk\/kategoria-produktu\/bylinne-vytazky\/"},{"@type":"ListItem","position":4,"name":"Olejov\u00fd v\u00fd\u0165a\u017eok z \u013eubovn\u00edka bodkovan\u00e9ho"}]},{"@type":"WebSite","@id":"https:\/\/bukkigyogytea.com\/sk\/#website","url":"https:\/\/bukkigyogytea.com\/sk\/","name":"B\u00fckki Gy\u00f3gytea Web\u00e1ruh\u00e1z","description":"Gy\u00f6rgytea hivatalos viszontelad\u00f3","publisher":{"@id":"https:\/\/bukkigyogytea.com\/sk\/#organization"},"potentialAction":[{"@type":"SearchAction","target":{"@type":"EntryPoint","urlTemplate":"https:\/\/bukkigyogytea.com\/sk\/?s={search_term_string}"},"query-input":{"@type":"PropertyValueSpecification","valueRequired":true,"valueName":"search_term_string"}}],"inLanguage":"sk-SK"},{"@type":"Organization","@id":"https:\/\/bukkigyogytea.com\/sk\/#organization","name":"B\u00fckki Gy\u00f3gytea Web\u00e1ruh\u00e1z","url":"https:\/\/bukkigyogytea.com\/sk\/","logo":{"@type":"ImageObject","inLanguage":"sk-SK","@id":"https:\/\/bukkigyogytea.com\/sk\/#\/schema\/logo\/image\/","url":"https:\/\/i0.wp.com\/bukkigyogytea.com\/wp-content\/uploads\/2020\/05\/Sitelogo-1.jpg?fit=350%2C85&ssl=1","contentUrl":"https:\/\/i0.wp.com\/bukkigyogytea.com\/wp-content\/uploads\/2020\/05\/Sitelogo-1.jpg?fit=350%2C85&ssl=1","width":350,"height":85,"caption":"B\u00fckki Gy\u00f3gytea Web\u00e1ruh\u00e1z"},"image":{"@id":"https:\/\/bukkigyogytea.com\/sk\/#\/schema\/logo\/image\/"},"sameAs":["https:\/\/www.facebook.com\/bukkigyogytea\/"]}]}},"publishpress_future_action":{"enabled":false,"date":"2026-04-15 22:55:00","action":"change-status","newStatus":"draft","terms":[],"taxonomy":"product_type","extraData":[]},"publishpress_future_workflow_manual_trigger":{"enabledWorkflows":[]},"_links":{"self":[{"href":"https:\/\/bukkigyogytea.com\/sk\/wp-json\/wp\/v2\/product\/2536","targetHints":{"allow":["GET"]}}],"collection":[{"href":"https:\/\/bukkigyogytea.com\/sk\/wp-json\/wp\/v2\/product"}],"about":[{"href":"https:\/\/bukkigyogytea.com\/sk\/wp-json\/wp\/v2\/types\/product"}],"replies":[{"embeddable":true,"href":"https:\/\/bukkigyogytea.com\/sk\/wp-json\/wp\/v2\/comments?post=2536"}],"wp:featuredmedia":[{"embeddable":true,"href":"https:\/\/bukkigyogytea.com\/sk\/wp-json\/wp\/v2\/media\/2537"}],"wp:attachment":[{"href":"https:\/\/bukkigyogytea.com\/sk\/wp-json\/wp\/v2\/media?parent=2536"}],"wp:term":[{"taxonomy":"product_brand","embeddable":true,"href":"https:\/\/bukkigyogytea.com\/sk\/wp-json\/wp\/v2\/product_brand?post=2536"},{"taxonomy":"product_cat","embeddable":true,"href":"https:\/\/bukkigyogytea.com\/sk\/wp-json\/wp\/v2\/product_cat?post=2536"},{"taxonomy":"product_tag","embeddable":true,"href":"https:\/\/bukkigyogytea.com\/sk\/wp-json\/wp\/v2\/product_tag?post=2536"}],"curies":[{"name":"wp","href":"https:\/\/api.w.org\/{rel}","templated":true}]}}