{"id":2533,"date":"2018-09-06T08:05:31","date_gmt":"2018-09-06T06:05:31","guid":{"rendered":"https:\/\/bukkigyogytea.com\/termek\/alkoholovy-vytazok-z-materinej-dusky\/"},"modified":"2025-02-08T23:00:06","modified_gmt":"2025-02-08T22:00:06","slug":"alkoholovy-vytazok-z-materinej-dusky","status":"publish","type":"product","link":"https:\/\/bukkigyogytea.com\/sk\/produktu\/alkoholovy-vytazok-z-materinej-dusky\/","title":{"rendered":"Alkoholov\u00fd v\u00fd\u0165a\u017eok z materinej d\u00fa\u0161ky"},"content":{"rendered":"<p><strong>Pou\u017eitie:<\/strong><\/p>\n<p>Denne 3 x 20 kvapiek po jedle. Po\u010das u\u017e\u00edvania pr\u00edpravku je potrebn\u00e9 prihliada\u0165 na alkoholov\u00fa zlo\u017eku pr\u00edpravku.<br \/>\nNeprevy\u0161ujte denn\u00fa odpor\u00fa\u010dan\u00fa d\u00e1vku.<\/p>\n<p><strong>\u00a0<\/strong><\/p>\n<p><strong>\u00da\u010dinky:\u00a0<\/strong><\/p>\n<p>\u00da\u010dinn\u00e9 zlo\u017eky pr\u00edpravku maj\u00fa vyka\u0161liavacie, protiz\u00e1palov\u00e9 a dezinfek\u010dn\u00e9 \u00fa\u010dinky, respekt\u00edve pom\u00e1haj\u00fa aj pri bronchokonstrikcii. M\u00f4\u017ee sa pou\u017e\u00edva\u0165 aj pri prechladnut\u00ed a\u00a0ochoren\u00ed d\u00fdchac\u00edch ciest. Materina d\u00fa\u0161ka v\u010faka svojim schopnostiam zlep\u0161uje imunitn\u00fd a\u00a0ochrann\u00fd syst\u00e9m organizmu. Pom\u00e1ha pri celkovom pocite slabosti.<\/p>\n<p><strong>Upozornenie:<\/strong><\/p>\n<p>Pr\u00edpravok sa neodpor\u00fa\u010da kombinova\u0165 s\u00a0in\u00fdmi pr\u00edpravkami reaguj\u00facimi na alkohol.<br \/>\nZlo\u017eka esenci\u00e1lnych olejov m\u00f4\u017ee zriedkavo v\u00a0pr\u00edpade individu\u00e1lnej senzibility vyvola\u0165 alergick\u00fa reakciu. De\u0165om mlad\u0161\u00edm ako 14 rokov sa tento pr\u00edpravok neodpor\u00fa\u010da.<\/p>\n","protected":false},"excerpt":{"rendered":"<p>Na prechladnutie, respekt\u00edve ochorenia horn\u00fdch d\u00fdchac\u00edch ciest, posilnenie imunitn\u00e9ho syst\u00e9mu, na vn\u00fatorn\u00e9 u\u017eitie<\/p>\n","protected":false},"featured_media":2534,"comment_status":"open","ping_status":"closed","template":"","meta":{"_acf_changed":false},"product_brand":[],"product_cat":[167],"product_tag":[],"class_list":{"0":"post-2533","1":"product","2":"type-product","3":"status-publish","4":"has-post-thumbnail","6":"product_cat-bylinne-vytazky","7":"sales-flash-overlay","8":"woocommerce-text-align-center","9":"woocommerce-image-align-center","10":"do-quantity-buttons","12":"first","13":"instock","14":"taxable","15":"shipping-taxable","16":"purchasable","17":"product-type-simple"},"acf":{"blog_termekleiras":""},"yoast_head":"<!-- This site is optimized with the Yoast SEO plugin v26.9 - https:\/\/yoast.com\/product\/yoast-seo-wordpress\/ -->\n<title>Alkoholov\u00fd v\u00fd\u0165a\u017eok z materinej d\u00fa\u0161ky &#8211; B\u00fckki Gy\u00f3gytea Web\u00e1ruh\u00e1z<\/title>\n<meta name=\"robots\" content=\"index, follow, max-snippet:-1, max-image-preview:large, max-video-preview:-1\" \/>\n<link rel=\"canonical\" href=\"https:\/\/bukkigyogytea.com\/sk\/produktu\/alkoholovy-vytazok-z-materinej-dusky\/\" \/>\n<meta property=\"og:locale\" content=\"sk_SK\" \/>\n<meta property=\"og:type\" content=\"article\" \/>\n<meta property=\"og:title\" content=\"Alkoholov\u00fd v\u00fd\u0165a\u017eok z materinej d\u00fa\u0161ky &#8211; B\u00fckki Gy\u00f3gytea Web\u00e1ruh\u00e1z\" \/>\n<meta property=\"og:description\" content=\"Na prechladnutie, respekt\u00edve ochorenia horn\u00fdch d\u00fdchac\u00edch ciest, posilnenie imunitn\u00e9ho syst\u00e9mu, na vn\u00fatorn\u00e9 u\u017eitie\" \/>\n<meta property=\"og:url\" content=\"https:\/\/bukkigyogytea.com\/sk\/produktu\/alkoholovy-vytazok-z-materinej-dusky\/\" \/>\n<meta property=\"og:site_name\" content=\"B\u00fckki Gy\u00f3gytea Web\u00e1ruh\u00e1z\" \/>\n<meta property=\"article:publisher\" content=\"https:\/\/www.facebook.com\/bukkigyogytea\/\" \/>\n<meta property=\"article:modified_time\" content=\"2025-02-08T22:00:06+00:00\" \/>\n<meta property=\"og:image\" content=\"https:\/\/bukkigyogytea.com\/wp-content\/uploads\/2018\/09\/FB-mezeikakukkAK.jpg\" \/>\n<meta name=\"twitter:card\" content=\"summary_large_image\" \/>\n<meta name=\"twitter:label1\" content=\"Predpokladan\u00fd \u010das \u010d\u00edtania\" \/>\n\t<meta name=\"twitter:data1\" content=\"1 min\u00fata\" \/>\n<script type=\"application\/ld+json\" class=\"yoast-schema-graph\">{\"@context\":\"https:\/\/schema.org\",\"@graph\":[{\"@type\":\"WebPage\",\"@id\":\"https:\/\/bukkigyogytea.com\/sk\/produktu\/alkoholovy-vytazok-z-materinej-dusky\/\",\"url\":\"https:\/\/bukkigyogytea.com\/sk\/produktu\/alkoholovy-vytazok-z-materinej-dusky\/\",\"name\":\"Alkoholov\u00fd v\u00fd\u0165a\u017eok z materinej d\u00fa\u0161ky &#8211; B\u00fckki Gy\u00f3gytea Web\u00e1ruh\u00e1z\",\"isPartOf\":{\"@id\":\"https:\/\/bukkigyogytea.com\/sk\/#website\"},\"primaryImageOfPage\":{\"@id\":\"https:\/\/bukkigyogytea.com\/sk\/produktu\/alkoholovy-vytazok-z-materinej-dusky\/#primaryimage\"},\"image\":{\"@id\":\"https:\/\/bukkigyogytea.com\/sk\/produktu\/alkoholovy-vytazok-z-materinej-dusky\/#primaryimage\"},\"thumbnailUrl\":\"https:\/\/bukkigyogytea.com\/wp-content\/uploads\/2018\/09\/tinktura-kakukkfu-mega.png\",\"datePublished\":\"2018-09-06T06:05:31+00:00\",\"dateModified\":\"2025-02-08T22:00:06+00:00\",\"breadcrumb\":{\"@id\":\"https:\/\/bukkigyogytea.com\/sk\/produktu\/alkoholovy-vytazok-z-materinej-dusky\/#breadcrumb\"},\"inLanguage\":\"sk-SK\",\"potentialAction\":[{\"@type\":\"ReadAction\",\"target\":[\"https:\/\/bukkigyogytea.com\/sk\/produktu\/alkoholovy-vytazok-z-materinej-dusky\/\"]}]},{\"@type\":\"ImageObject\",\"inLanguage\":\"sk-SK\",\"@id\":\"https:\/\/bukkigyogytea.com\/sk\/produktu\/alkoholovy-vytazok-z-materinej-dusky\/#primaryimage\",\"url\":\"https:\/\/bukkigyogytea.com\/wp-content\/uploads\/2018\/09\/tinktura-kakukkfu-mega.png\",\"contentUrl\":\"https:\/\/bukkigyogytea.com\/wp-content\/uploads\/2018\/09\/tinktura-kakukkfu-mega.png\",\"width\":550,\"height\":550,\"caption\":\"Mezei Kakukkf\u0171 alkoholos kivonat\"},{\"@type\":\"BreadcrumbList\",\"@id\":\"https:\/\/bukkigyogytea.com\/sk\/produktu\/alkoholovy-vytazok-z-materinej-dusky\/#breadcrumb\",\"itemListElement\":[{\"@type\":\"ListItem\",\"position\":1,\"name\":\"Domov\",\"item\":\"https:\/\/bukkigyogytea.com\/sk\/\"},{\"@type\":\"ListItem\",\"position\":2,\"name\":\"Shop\",\"item\":\"https:\/\/bukkigyogytea.com\/sk\/obchodne\/\"},{\"@type\":\"ListItem\",\"position\":3,\"name\":\"Bylinn\u00e9 v\u00fd\u0165a\u017eky\",\"item\":\"https:\/\/bukkigyogytea.com\/sk\/kategoria-produktu\/bylinne-vytazky\/\"},{\"@type\":\"ListItem\",\"position\":4,\"name\":\"Alkoholov\u00fd v\u00fd\u0165a\u017eok z materinej d\u00fa\u0161ky\"}]},{\"@type\":\"WebSite\",\"@id\":\"https:\/\/bukkigyogytea.com\/sk\/#website\",\"url\":\"https:\/\/bukkigyogytea.com\/sk\/\",\"name\":\"B\u00fckki Gy\u00f3gytea Web\u00e1ruh\u00e1z\",\"description\":\"Gy\u00f6rgytea hivatalos viszontelad\u00f3\",\"publisher\":{\"@id\":\"https:\/\/bukkigyogytea.com\/sk\/#organization\"},\"potentialAction\":[{\"@type\":\"SearchAction\",\"target\":{\"@type\":\"EntryPoint\",\"urlTemplate\":\"https:\/\/bukkigyogytea.com\/sk\/?s={search_term_string}\"},\"query-input\":{\"@type\":\"PropertyValueSpecification\",\"valueRequired\":true,\"valueName\":\"search_term_string\"}}],\"inLanguage\":\"sk-SK\"},{\"@type\":\"Organization\",\"@id\":\"https:\/\/bukkigyogytea.com\/sk\/#organization\",\"name\":\"B\u00fckki Gy\u00f3gytea Web\u00e1ruh\u00e1z\",\"url\":\"https:\/\/bukkigyogytea.com\/sk\/\",\"logo\":{\"@type\":\"ImageObject\",\"inLanguage\":\"sk-SK\",\"@id\":\"https:\/\/bukkigyogytea.com\/sk\/#\/schema\/logo\/image\/\",\"url\":\"https:\/\/i0.wp.com\/bukkigyogytea.com\/wp-content\/uploads\/2020\/05\/Sitelogo-1.jpg?fit=350%2C85&ssl=1\",\"contentUrl\":\"https:\/\/i0.wp.com\/bukkigyogytea.com\/wp-content\/uploads\/2020\/05\/Sitelogo-1.jpg?fit=350%2C85&ssl=1\",\"width\":350,\"height\":85,\"caption\":\"B\u00fckki Gy\u00f3gytea Web\u00e1ruh\u00e1z\"},\"image\":{\"@id\":\"https:\/\/bukkigyogytea.com\/sk\/#\/schema\/logo\/image\/\"},\"sameAs\":[\"https:\/\/www.facebook.com\/bukkigyogytea\/\"]}]}<\/script>\n<!-- \/ Yoast SEO plugin. -->","yoast_head_json":{"title":"Alkoholov\u00fd v\u00fd\u0165a\u017eok z materinej d\u00fa\u0161ky &#8211; B\u00fckki Gy\u00f3gytea Web\u00e1ruh\u00e1z","robots":{"index":"index","follow":"follow","max-snippet":"max-snippet:-1","max-image-preview":"max-image-preview:large","max-video-preview":"max-video-preview:-1"},"canonical":"https:\/\/bukkigyogytea.com\/sk\/produktu\/alkoholovy-vytazok-z-materinej-dusky\/","og_locale":"sk_SK","og_type":"article","og_title":"Alkoholov\u00fd v\u00fd\u0165a\u017eok z materinej d\u00fa\u0161ky &#8211; B\u00fckki Gy\u00f3gytea Web\u00e1ruh\u00e1z","og_description":"Na prechladnutie, respekt\u00edve ochorenia horn\u00fdch d\u00fdchac\u00edch ciest, posilnenie imunitn\u00e9ho syst\u00e9mu, na vn\u00fatorn\u00e9 u\u017eitie","og_url":"https:\/\/bukkigyogytea.com\/sk\/produktu\/alkoholovy-vytazok-z-materinej-dusky\/","og_site_name":"B\u00fckki Gy\u00f3gytea Web\u00e1ruh\u00e1z","article_publisher":"https:\/\/www.facebook.com\/bukkigyogytea\/","article_modified_time":"2025-02-08T22:00:06+00:00","og_image":[{"url":"https:\/\/bukkigyogytea.com\/wp-content\/uploads\/2018\/09\/FB-mezeikakukkAK.jpg","type":"","width":"","height":""}],"twitter_card":"summary_large_image","twitter_misc":{"Predpokladan\u00fd \u010das \u010d\u00edtania":"1 min\u00fata"},"schema":{"@context":"https:\/\/schema.org","@graph":[{"@type":"WebPage","@id":"https:\/\/bukkigyogytea.com\/sk\/produktu\/alkoholovy-vytazok-z-materinej-dusky\/","url":"https:\/\/bukkigyogytea.com\/sk\/produktu\/alkoholovy-vytazok-z-materinej-dusky\/","name":"Alkoholov\u00fd v\u00fd\u0165a\u017eok z materinej d\u00fa\u0161ky &#8211; B\u00fckki Gy\u00f3gytea Web\u00e1ruh\u00e1z","isPartOf":{"@id":"https:\/\/bukkigyogytea.com\/sk\/#website"},"primaryImageOfPage":{"@id":"https:\/\/bukkigyogytea.com\/sk\/produktu\/alkoholovy-vytazok-z-materinej-dusky\/#primaryimage"},"image":{"@id":"https:\/\/bukkigyogytea.com\/sk\/produktu\/alkoholovy-vytazok-z-materinej-dusky\/#primaryimage"},"thumbnailUrl":"https:\/\/bukkigyogytea.com\/wp-content\/uploads\/2018\/09\/tinktura-kakukkfu-mega.png","datePublished":"2018-09-06T06:05:31+00:00","dateModified":"2025-02-08T22:00:06+00:00","breadcrumb":{"@id":"https:\/\/bukkigyogytea.com\/sk\/produktu\/alkoholovy-vytazok-z-materinej-dusky\/#breadcrumb"},"inLanguage":"sk-SK","potentialAction":[{"@type":"ReadAction","target":["https:\/\/bukkigyogytea.com\/sk\/produktu\/alkoholovy-vytazok-z-materinej-dusky\/"]}]},{"@type":"ImageObject","inLanguage":"sk-SK","@id":"https:\/\/bukkigyogytea.com\/sk\/produktu\/alkoholovy-vytazok-z-materinej-dusky\/#primaryimage","url":"https:\/\/bukkigyogytea.com\/wp-content\/uploads\/2018\/09\/tinktura-kakukkfu-mega.png","contentUrl":"https:\/\/bukkigyogytea.com\/wp-content\/uploads\/2018\/09\/tinktura-kakukkfu-mega.png","width":550,"height":550,"caption":"Mezei Kakukkf\u0171 alkoholos kivonat"},{"@type":"BreadcrumbList","@id":"https:\/\/bukkigyogytea.com\/sk\/produktu\/alkoholovy-vytazok-z-materinej-dusky\/#breadcrumb","itemListElement":[{"@type":"ListItem","position":1,"name":"Domov","item":"https:\/\/bukkigyogytea.com\/sk\/"},{"@type":"ListItem","position":2,"name":"Shop","item":"https:\/\/bukkigyogytea.com\/sk\/obchodne\/"},{"@type":"ListItem","position":3,"name":"Bylinn\u00e9 v\u00fd\u0165a\u017eky","item":"https:\/\/bukkigyogytea.com\/sk\/kategoria-produktu\/bylinne-vytazky\/"},{"@type":"ListItem","position":4,"name":"Alkoholov\u00fd v\u00fd\u0165a\u017eok z materinej d\u00fa\u0161ky"}]},{"@type":"WebSite","@id":"https:\/\/bukkigyogytea.com\/sk\/#website","url":"https:\/\/bukkigyogytea.com\/sk\/","name":"B\u00fckki Gy\u00f3gytea Web\u00e1ruh\u00e1z","description":"Gy\u00f6rgytea hivatalos viszontelad\u00f3","publisher":{"@id":"https:\/\/bukkigyogytea.com\/sk\/#organization"},"potentialAction":[{"@type":"SearchAction","target":{"@type":"EntryPoint","urlTemplate":"https:\/\/bukkigyogytea.com\/sk\/?s={search_term_string}"},"query-input":{"@type":"PropertyValueSpecification","valueRequired":true,"valueName":"search_term_string"}}],"inLanguage":"sk-SK"},{"@type":"Organization","@id":"https:\/\/bukkigyogytea.com\/sk\/#organization","name":"B\u00fckki Gy\u00f3gytea Web\u00e1ruh\u00e1z","url":"https:\/\/bukkigyogytea.com\/sk\/","logo":{"@type":"ImageObject","inLanguage":"sk-SK","@id":"https:\/\/bukkigyogytea.com\/sk\/#\/schema\/logo\/image\/","url":"https:\/\/i0.wp.com\/bukkigyogytea.com\/wp-content\/uploads\/2020\/05\/Sitelogo-1.jpg?fit=350%2C85&ssl=1","contentUrl":"https:\/\/i0.wp.com\/bukkigyogytea.com\/wp-content\/uploads\/2020\/05\/Sitelogo-1.jpg?fit=350%2C85&ssl=1","width":350,"height":85,"caption":"B\u00fckki Gy\u00f3gytea Web\u00e1ruh\u00e1z"},"image":{"@id":"https:\/\/bukkigyogytea.com\/sk\/#\/schema\/logo\/image\/"},"sameAs":["https:\/\/www.facebook.com\/bukkigyogytea\/"]}]}},"publishpress_future_action":{"enabled":false,"date":"2026-05-08 22:55:00","action":"change-status","newStatus":"draft","terms":[],"taxonomy":"product_type","extraData":[]},"publishpress_future_workflow_manual_trigger":{"enabledWorkflows":[]},"_links":{"self":[{"href":"https:\/\/bukkigyogytea.com\/sk\/wp-json\/wp\/v2\/product\/2533","targetHints":{"allow":["GET"]}}],"collection":[{"href":"https:\/\/bukkigyogytea.com\/sk\/wp-json\/wp\/v2\/product"}],"about":[{"href":"https:\/\/bukkigyogytea.com\/sk\/wp-json\/wp\/v2\/types\/product"}],"replies":[{"embeddable":true,"href":"https:\/\/bukkigyogytea.com\/sk\/wp-json\/wp\/v2\/comments?post=2533"}],"wp:featuredmedia":[{"embeddable":true,"href":"https:\/\/bukkigyogytea.com\/sk\/wp-json\/wp\/v2\/media\/2534"}],"wp:attachment":[{"href":"https:\/\/bukkigyogytea.com\/sk\/wp-json\/wp\/v2\/media?parent=2533"}],"wp:term":[{"taxonomy":"product_brand","embeddable":true,"href":"https:\/\/bukkigyogytea.com\/sk\/wp-json\/wp\/v2\/product_brand?post=2533"},{"taxonomy":"product_cat","embeddable":true,"href":"https:\/\/bukkigyogytea.com\/sk\/wp-json\/wp\/v2\/product_cat?post=2533"},{"taxonomy":"product_tag","embeddable":true,"href":"https:\/\/bukkigyogytea.com\/sk\/wp-json\/wp\/v2\/product_tag?post=2533"}],"curies":[{"name":"wp","href":"https:\/\/api.w.org\/{rel}","templated":true}]}}