{"id":2530,"date":"2018-09-06T08:02:33","date_gmt":"2018-09-06T06:02:33","guid":{"rendered":"https:\/\/bukkigyogytea.com\/termek\/alkoholovy-vytazok-z-kostihoja-lekarskeho-kozmetika\/"},"modified":"2024-02-01T00:00:10","modified_gmt":"2024-01-31T23:00:10","slug":"alkoholovy-vytazok-z-kostihoja-lekarskeho-kozmetika","status":"publish","type":"product","link":"https:\/\/bukkigyogytea.com\/sk\/produktu\/alkoholovy-vytazok-z-kostihoja-lekarskeho-kozmetika\/","title":{"rendered":"Alkoholov\u00fd v\u00fd\u0165a\u017eok z kostihoja lek\u00e1rskeho (kozmetika)"},"content":{"rendered":"<p><strong>Pou\u017eitie:<\/strong><\/p>\n<p>V\u00fd\u0165a\u017eok si viackr\u00e1t po\u010das d\u0148a naneste na dotknut\u00fa oblas\u0165. Nechajte ho vstreba\u0165 sa. <strong>Tinkt\u00fara z kostihoja lek\u00e1rskeho je ur\u010den\u00e1 v\u00fdlu\u010dne na vonkaj\u0161ie pou\u017eitie! Jeho vn\u00fatorn\u00e9 pou\u017eitie je zak\u00e1zan\u00e9<\/strong> a\u00a0zdraviu nebezpe\u010dn\u00e9! Vzh\u013eadom na zl\u00e9 vstreb\u00e1vanie nehroz\u00ed pri vonkaj\u0161om pou\u017eit\u00ed \u017eiadne nebezpe\u010denstvo.<\/p>\n<p><strong>\u00da\u010dinok<\/strong>: Pou\u017e\u00edva sa ako protiz\u00e1palov\u00e1 l\u00e1tka, naj\u010dastej\u0161ie na bolesti k\u013abov<strong>, lie\u010debu \u0161portov\u00fdch zranen\u00ed a podliatin. Korenie z kostihoja lek\u00e1rskeho je ur\u010den\u00e9 v\u00fdlu\u010dne na vonkaj\u0161ie pou\u017eitie. Je vhodn\u00fd aj na zmiernenie<\/strong> bolest\u00ed chrbtice. \u00da\u010dinne zmier\u0148uje bolesti a\u00a0pom\u00e1ha aj pri bolestiach hlavy: v\u00a0pr\u00edpade bolestivej a pulzuj\u00facu bolesti sa odpor\u00fa\u010da natrie\u0165 tri a\u017e \u0161tyrikr\u00e1t.<\/p>\n<p><strong>Upozornenie: <\/strong><\/p>\n<p>Alkoholov\u00fd v\u00fd\u0165a\u017eok z kostihoja lek\u00e1rskeho sa nesmie pou\u017e\u00edva\u0165 na otvoren\u00fa ranu. Pou\u017eitie tehotn\u00fdmi \u017eenami je zak\u00e1zan\u00e9. Neu\u017e\u00edvajte ho vn\u00fatorne.<\/p>\n","protected":false},"excerpt":{"rendered":"<p>Na modriny, k\u013abov\u00e9 bolesti, na vonkaj\u0161ie pou\u017eitie<\/p>\n","protected":false},"featured_media":2531,"comment_status":"open","ping_status":"closed","template":"","meta":{"_acf_changed":false},"product_brand":[],"product_cat":[167],"product_tag":[],"class_list":{"0":"post-2530","1":"product","2":"type-product","3":"status-publish","4":"has-post-thumbnail","6":"product_cat-bylinne-vytazky","7":"sales-flash-overlay","8":"woocommerce-text-align-center","9":"woocommerce-image-align-center","10":"do-quantity-buttons","12":"first","13":"instock","14":"taxable","15":"shipping-taxable","16":"purchasable","17":"product-type-simple"},"acf":{"blog_termekleiras":""},"yoast_head":"<!-- This site is optimized with the Yoast SEO plugin v26.9 - https:\/\/yoast.com\/product\/yoast-seo-wordpress\/ -->\n<title>Alkoholov\u00fd v\u00fd\u0165a\u017eok z kostihoja lek\u00e1rskeho (kozmetika) &#8211; B\u00fckki Gy\u00f3gytea Web\u00e1ruh\u00e1z<\/title>\n<meta name=\"robots\" content=\"index, follow, max-snippet:-1, max-image-preview:large, max-video-preview:-1\" \/>\n<link rel=\"canonical\" href=\"https:\/\/bukkigyogytea.com\/sk\/produktu\/alkoholovy-vytazok-z-kostihoja-lekarskeho-kozmetika\/\" \/>\n<meta property=\"og:locale\" content=\"sk_SK\" \/>\n<meta property=\"og:type\" content=\"article\" \/>\n<meta property=\"og:title\" content=\"Alkoholov\u00fd v\u00fd\u0165a\u017eok z kostihoja lek\u00e1rskeho (kozmetika) &#8211; B\u00fckki Gy\u00f3gytea Web\u00e1ruh\u00e1z\" \/>\n<meta property=\"og:description\" content=\"Na modriny, k\u013abov\u00e9 bolesti, na vonkaj\u0161ie pou\u017eitie\" \/>\n<meta property=\"og:url\" content=\"https:\/\/bukkigyogytea.com\/sk\/produktu\/alkoholovy-vytazok-z-kostihoja-lekarskeho-kozmetika\/\" \/>\n<meta property=\"og:site_name\" content=\"B\u00fckki Gy\u00f3gytea Web\u00e1ruh\u00e1z\" \/>\n<meta property=\"article:publisher\" content=\"https:\/\/www.facebook.com\/bukkigyogytea\/\" \/>\n<meta property=\"article:modified_time\" content=\"2024-01-31T23:00:10+00:00\" \/>\n<meta property=\"og:image\" content=\"https:\/\/bukkigyogytea.com\/wp-content\/uploads\/2018\/09\/FB-OG-nadalyto-alk.jpg\" \/>\n<meta name=\"twitter:card\" content=\"summary_large_image\" \/>\n<meta name=\"twitter:label1\" content=\"Predpokladan\u00fd \u010das \u010d\u00edtania\" \/>\n\t<meta name=\"twitter:data1\" content=\"1 min\u00fata\" \/>\n<script type=\"application\/ld+json\" class=\"yoast-schema-graph\">{\"@context\":\"https:\/\/schema.org\",\"@graph\":[{\"@type\":\"WebPage\",\"@id\":\"https:\/\/bukkigyogytea.com\/sk\/produktu\/alkoholovy-vytazok-z-kostihoja-lekarskeho-kozmetika\/\",\"url\":\"https:\/\/bukkigyogytea.com\/sk\/produktu\/alkoholovy-vytazok-z-kostihoja-lekarskeho-kozmetika\/\",\"name\":\"Alkoholov\u00fd v\u00fd\u0165a\u017eok z kostihoja lek\u00e1rskeho (kozmetika) &#8211; B\u00fckki Gy\u00f3gytea Web\u00e1ruh\u00e1z\",\"isPartOf\":{\"@id\":\"https:\/\/bukkigyogytea.com\/sk\/#website\"},\"primaryImageOfPage\":{\"@id\":\"https:\/\/bukkigyogytea.com\/sk\/produktu\/alkoholovy-vytazok-z-kostihoja-lekarskeho-kozmetika\/#primaryimage\"},\"image\":{\"@id\":\"https:\/\/bukkigyogytea.com\/sk\/produktu\/alkoholovy-vytazok-z-kostihoja-lekarskeho-kozmetika\/#primaryimage\"},\"thumbnailUrl\":\"https:\/\/bukkigyogytea.com\/wp-content\/uploads\/2018\/09\/tinktura-nadaly-mega.png\",\"datePublished\":\"2018-09-06T06:02:33+00:00\",\"dateModified\":\"2024-01-31T23:00:10+00:00\",\"breadcrumb\":{\"@id\":\"https:\/\/bukkigyogytea.com\/sk\/produktu\/alkoholovy-vytazok-z-kostihoja-lekarskeho-kozmetika\/#breadcrumb\"},\"inLanguage\":\"sk-SK\",\"potentialAction\":[{\"@type\":\"ReadAction\",\"target\":[\"https:\/\/bukkigyogytea.com\/sk\/produktu\/alkoholovy-vytazok-z-kostihoja-lekarskeho-kozmetika\/\"]}]},{\"@type\":\"ImageObject\",\"inLanguage\":\"sk-SK\",\"@id\":\"https:\/\/bukkigyogytea.com\/sk\/produktu\/alkoholovy-vytazok-z-kostihoja-lekarskeho-kozmetika\/#primaryimage\",\"url\":\"https:\/\/bukkigyogytea.com\/wp-content\/uploads\/2018\/09\/tinktura-nadaly-mega.png\",\"contentUrl\":\"https:\/\/bukkigyogytea.com\/wp-content\/uploads\/2018\/09\/tinktura-nadaly-mega.png\",\"width\":550,\"height\":550,\"caption\":\"Fekete nad\u00e1lyt\u0151 alkoholos kivonat\"},{\"@type\":\"BreadcrumbList\",\"@id\":\"https:\/\/bukkigyogytea.com\/sk\/produktu\/alkoholovy-vytazok-z-kostihoja-lekarskeho-kozmetika\/#breadcrumb\",\"itemListElement\":[{\"@type\":\"ListItem\",\"position\":1,\"name\":\"Domov\",\"item\":\"https:\/\/bukkigyogytea.com\/sk\/\"},{\"@type\":\"ListItem\",\"position\":2,\"name\":\"Shop\",\"item\":\"https:\/\/bukkigyogytea.com\/sk\/obchodne\/\"},{\"@type\":\"ListItem\",\"position\":3,\"name\":\"Bylinn\u00e9 v\u00fd\u0165a\u017eky\",\"item\":\"https:\/\/bukkigyogytea.com\/sk\/kategoria-produktu\/bylinne-vytazky\/\"},{\"@type\":\"ListItem\",\"position\":4,\"name\":\"Alkoholov\u00fd v\u00fd\u0165a\u017eok z kostihoja lek\u00e1rskeho (kozmetika)\"}]},{\"@type\":\"WebSite\",\"@id\":\"https:\/\/bukkigyogytea.com\/sk\/#website\",\"url\":\"https:\/\/bukkigyogytea.com\/sk\/\",\"name\":\"B\u00fckki Gy\u00f3gytea Web\u00e1ruh\u00e1z\",\"description\":\"Gy\u00f6rgytea hivatalos viszontelad\u00f3\",\"publisher\":{\"@id\":\"https:\/\/bukkigyogytea.com\/sk\/#organization\"},\"potentialAction\":[{\"@type\":\"SearchAction\",\"target\":{\"@type\":\"EntryPoint\",\"urlTemplate\":\"https:\/\/bukkigyogytea.com\/sk\/?s={search_term_string}\"},\"query-input\":{\"@type\":\"PropertyValueSpecification\",\"valueRequired\":true,\"valueName\":\"search_term_string\"}}],\"inLanguage\":\"sk-SK\"},{\"@type\":\"Organization\",\"@id\":\"https:\/\/bukkigyogytea.com\/sk\/#organization\",\"name\":\"B\u00fckki Gy\u00f3gytea Web\u00e1ruh\u00e1z\",\"url\":\"https:\/\/bukkigyogytea.com\/sk\/\",\"logo\":{\"@type\":\"ImageObject\",\"inLanguage\":\"sk-SK\",\"@id\":\"https:\/\/bukkigyogytea.com\/sk\/#\/schema\/logo\/image\/\",\"url\":\"https:\/\/i0.wp.com\/bukkigyogytea.com\/wp-content\/uploads\/2020\/05\/Sitelogo-1.jpg?fit=350%2C85&ssl=1\",\"contentUrl\":\"https:\/\/i0.wp.com\/bukkigyogytea.com\/wp-content\/uploads\/2020\/05\/Sitelogo-1.jpg?fit=350%2C85&ssl=1\",\"width\":350,\"height\":85,\"caption\":\"B\u00fckki Gy\u00f3gytea Web\u00e1ruh\u00e1z\"},\"image\":{\"@id\":\"https:\/\/bukkigyogytea.com\/sk\/#\/schema\/logo\/image\/\"},\"sameAs\":[\"https:\/\/www.facebook.com\/bukkigyogytea\/\"]}]}<\/script>\n<!-- \/ Yoast SEO plugin. -->","yoast_head_json":{"title":"Alkoholov\u00fd v\u00fd\u0165a\u017eok z kostihoja lek\u00e1rskeho (kozmetika) &#8211; B\u00fckki Gy\u00f3gytea Web\u00e1ruh\u00e1z","robots":{"index":"index","follow":"follow","max-snippet":"max-snippet:-1","max-image-preview":"max-image-preview:large","max-video-preview":"max-video-preview:-1"},"canonical":"https:\/\/bukkigyogytea.com\/sk\/produktu\/alkoholovy-vytazok-z-kostihoja-lekarskeho-kozmetika\/","og_locale":"sk_SK","og_type":"article","og_title":"Alkoholov\u00fd v\u00fd\u0165a\u017eok z kostihoja lek\u00e1rskeho (kozmetika) &#8211; B\u00fckki Gy\u00f3gytea Web\u00e1ruh\u00e1z","og_description":"Na modriny, k\u013abov\u00e9 bolesti, na vonkaj\u0161ie pou\u017eitie","og_url":"https:\/\/bukkigyogytea.com\/sk\/produktu\/alkoholovy-vytazok-z-kostihoja-lekarskeho-kozmetika\/","og_site_name":"B\u00fckki Gy\u00f3gytea Web\u00e1ruh\u00e1z","article_publisher":"https:\/\/www.facebook.com\/bukkigyogytea\/","article_modified_time":"2024-01-31T23:00:10+00:00","og_image":[{"url":"https:\/\/bukkigyogytea.com\/wp-content\/uploads\/2018\/09\/FB-OG-nadalyto-alk.jpg","type":"","width":"","height":""}],"twitter_card":"summary_large_image","twitter_misc":{"Predpokladan\u00fd \u010das \u010d\u00edtania":"1 min\u00fata"},"schema":{"@context":"https:\/\/schema.org","@graph":[{"@type":"WebPage","@id":"https:\/\/bukkigyogytea.com\/sk\/produktu\/alkoholovy-vytazok-z-kostihoja-lekarskeho-kozmetika\/","url":"https:\/\/bukkigyogytea.com\/sk\/produktu\/alkoholovy-vytazok-z-kostihoja-lekarskeho-kozmetika\/","name":"Alkoholov\u00fd v\u00fd\u0165a\u017eok z kostihoja lek\u00e1rskeho (kozmetika) &#8211; B\u00fckki Gy\u00f3gytea Web\u00e1ruh\u00e1z","isPartOf":{"@id":"https:\/\/bukkigyogytea.com\/sk\/#website"},"primaryImageOfPage":{"@id":"https:\/\/bukkigyogytea.com\/sk\/produktu\/alkoholovy-vytazok-z-kostihoja-lekarskeho-kozmetika\/#primaryimage"},"image":{"@id":"https:\/\/bukkigyogytea.com\/sk\/produktu\/alkoholovy-vytazok-z-kostihoja-lekarskeho-kozmetika\/#primaryimage"},"thumbnailUrl":"https:\/\/bukkigyogytea.com\/wp-content\/uploads\/2018\/09\/tinktura-nadaly-mega.png","datePublished":"2018-09-06T06:02:33+00:00","dateModified":"2024-01-31T23:00:10+00:00","breadcrumb":{"@id":"https:\/\/bukkigyogytea.com\/sk\/produktu\/alkoholovy-vytazok-z-kostihoja-lekarskeho-kozmetika\/#breadcrumb"},"inLanguage":"sk-SK","potentialAction":[{"@type":"ReadAction","target":["https:\/\/bukkigyogytea.com\/sk\/produktu\/alkoholovy-vytazok-z-kostihoja-lekarskeho-kozmetika\/"]}]},{"@type":"ImageObject","inLanguage":"sk-SK","@id":"https:\/\/bukkigyogytea.com\/sk\/produktu\/alkoholovy-vytazok-z-kostihoja-lekarskeho-kozmetika\/#primaryimage","url":"https:\/\/bukkigyogytea.com\/wp-content\/uploads\/2018\/09\/tinktura-nadaly-mega.png","contentUrl":"https:\/\/bukkigyogytea.com\/wp-content\/uploads\/2018\/09\/tinktura-nadaly-mega.png","width":550,"height":550,"caption":"Fekete nad\u00e1lyt\u0151 alkoholos kivonat"},{"@type":"BreadcrumbList","@id":"https:\/\/bukkigyogytea.com\/sk\/produktu\/alkoholovy-vytazok-z-kostihoja-lekarskeho-kozmetika\/#breadcrumb","itemListElement":[{"@type":"ListItem","position":1,"name":"Domov","item":"https:\/\/bukkigyogytea.com\/sk\/"},{"@type":"ListItem","position":2,"name":"Shop","item":"https:\/\/bukkigyogytea.com\/sk\/obchodne\/"},{"@type":"ListItem","position":3,"name":"Bylinn\u00e9 v\u00fd\u0165a\u017eky","item":"https:\/\/bukkigyogytea.com\/sk\/kategoria-produktu\/bylinne-vytazky\/"},{"@type":"ListItem","position":4,"name":"Alkoholov\u00fd v\u00fd\u0165a\u017eok z kostihoja lek\u00e1rskeho (kozmetika)"}]},{"@type":"WebSite","@id":"https:\/\/bukkigyogytea.com\/sk\/#website","url":"https:\/\/bukkigyogytea.com\/sk\/","name":"B\u00fckki Gy\u00f3gytea Web\u00e1ruh\u00e1z","description":"Gy\u00f6rgytea hivatalos viszontelad\u00f3","publisher":{"@id":"https:\/\/bukkigyogytea.com\/sk\/#organization"},"potentialAction":[{"@type":"SearchAction","target":{"@type":"EntryPoint","urlTemplate":"https:\/\/bukkigyogytea.com\/sk\/?s={search_term_string}"},"query-input":{"@type":"PropertyValueSpecification","valueRequired":true,"valueName":"search_term_string"}}],"inLanguage":"sk-SK"},{"@type":"Organization","@id":"https:\/\/bukkigyogytea.com\/sk\/#organization","name":"B\u00fckki Gy\u00f3gytea Web\u00e1ruh\u00e1z","url":"https:\/\/bukkigyogytea.com\/sk\/","logo":{"@type":"ImageObject","inLanguage":"sk-SK","@id":"https:\/\/bukkigyogytea.com\/sk\/#\/schema\/logo\/image\/","url":"https:\/\/i0.wp.com\/bukkigyogytea.com\/wp-content\/uploads\/2020\/05\/Sitelogo-1.jpg?fit=350%2C85&ssl=1","contentUrl":"https:\/\/i0.wp.com\/bukkigyogytea.com\/wp-content\/uploads\/2020\/05\/Sitelogo-1.jpg?fit=350%2C85&ssl=1","width":350,"height":85,"caption":"B\u00fckki Gy\u00f3gytea Web\u00e1ruh\u00e1z"},"image":{"@id":"https:\/\/bukkigyogytea.com\/sk\/#\/schema\/logo\/image\/"},"sameAs":["https:\/\/www.facebook.com\/bukkigyogytea\/"]}]}},"publishpress_future_action":{"enabled":false,"date":"2026-05-04 22:55:00","action":"change-status","newStatus":"draft","terms":[],"taxonomy":"product_type","extraData":[]},"publishpress_future_workflow_manual_trigger":{"enabledWorkflows":[]},"_links":{"self":[{"href":"https:\/\/bukkigyogytea.com\/sk\/wp-json\/wp\/v2\/product\/2530","targetHints":{"allow":["GET"]}}],"collection":[{"href":"https:\/\/bukkigyogytea.com\/sk\/wp-json\/wp\/v2\/product"}],"about":[{"href":"https:\/\/bukkigyogytea.com\/sk\/wp-json\/wp\/v2\/types\/product"}],"replies":[{"embeddable":true,"href":"https:\/\/bukkigyogytea.com\/sk\/wp-json\/wp\/v2\/comments?post=2530"}],"wp:featuredmedia":[{"embeddable":true,"href":"https:\/\/bukkigyogytea.com\/sk\/wp-json\/wp\/v2\/media\/2531"}],"wp:attachment":[{"href":"https:\/\/bukkigyogytea.com\/sk\/wp-json\/wp\/v2\/media?parent=2530"}],"wp:term":[{"taxonomy":"product_brand","embeddable":true,"href":"https:\/\/bukkigyogytea.com\/sk\/wp-json\/wp\/v2\/product_brand?post=2530"},{"taxonomy":"product_cat","embeddable":true,"href":"https:\/\/bukkigyogytea.com\/sk\/wp-json\/wp\/v2\/product_cat?post=2530"},{"taxonomy":"product_tag","embeddable":true,"href":"https:\/\/bukkigyogytea.com\/sk\/wp-json\/wp\/v2\/product_tag?post=2530"}],"curies":[{"name":"wp","href":"https:\/\/api.w.org\/{rel}","templated":true}]}}