{"id":2513,"date":"2018-09-06T07:42:54","date_gmt":"2018-09-06T05:42:54","guid":{"rendered":"https:\/\/bukkigyogytea.com\/termek\/po-stopach-bylinkara-z-bukovych-hor\/"},"modified":"2026-01-01T23:00:40","modified_gmt":"2026-01-01T22:00:40","slug":"po-stopach-bylinkara-z-bukovych-hor","status":"publish","type":"product","link":"https:\/\/bukkigyogytea.com\/sk\/produktu\/po-stopach-bylinkara-z-bukovych-hor\/","title":{"rendered":"Po stop\u00e1ch bylink\u00e1ra z bukov\u00fdch h\u00f4r"},"content":{"rendered":"<p><em>Kniha Po\u00a0stop\u00e1ch bylink\u00e1ra z bukov\u00fdch h\u00f4r <\/em>je knihou venovanou\u00a0bylink\u00e1m od autorky Zsuzsanny Lopes-Szab\u00f3. V\u00a0tejto kniha sa m\u00f4\u017eete detailne do\u010d\u00edta\u0165 o\u00a0\u00fa\u010dinkoch najd\u00f4le\u017eitej\u0161\u00edch a\u00a0v\u00a0Ma\u010farsku naj\u010dastej\u0161ie pou\u017e\u00edvan\u00fdch 71 byliniek, ako aj o\u00a0ich \u00fa\u010dinn\u00fdch l\u00e1tkach a\u00a0sp\u00f4soboch pou\u017eitia.<\/p>\n<p>Autorka rovnako upozor\u0148uje \u010ditate\u013eov aj na to, na \u010do si je pri ich u\u017e\u00edvan\u00ed dobr\u00e9 d\u00e1va\u0165 pozor.<\/p>\n<p>Nieko\u013eko kapitol knihy sa venuje\u00a0st\u00e1ro\u010diam bylink\u00e1rskeho lie\u010dite\u013estva (teda predkom uja Juraja),\u00a0bukov\u00fdm hor\u00e1m, Novej Hute,\u00a0pestovaniu, zbieraniu a spracovaniu byliniek, ako aj\u00a0zrodu \u201e\u010caju Juraja\u201c, respekt\u00edve\u00a0hist\u00f3rii jeho rodiny. Osobitn\u00e1 \u010das\u0165 je venovan\u00e1 tomu, pre\u010do Ma\u010fari st\u00e1le nedaj\u00fa dopusti\u0165 na ma\u010farsk\u00e9 bylinky. A na \u010fal\u0161\u00edch u\u017eito\u010dn\u00fdch stran\u00e1ch n\u00e1jdeme ot\u00e1zky spotrebite\u013eov, rovnako ako aj\u00a0odpovede na ne \u2013 napr. ako by sa mali bylinn\u00e9 \u010daje u\u017e\u00edva\u0165 v\u00a0pr\u00edpade u\u017e\u00edvania liekov, \u010do je\u00a0s\u00a0\u010d\u00edm mo\u017en\u00e9 kombinova\u0165 a\u00a0ak\u00e9 \u010daje m\u00f4\u017eu pi\u0165 aj mlad\u00e9 mami\u010dky a\u00a0deti.<\/p>\n<p>Na konci knihy n\u00e1jdu \u010ditatelia zoznam chor\u00f4b a\u00a0byliniek odpor\u00fa\u010dan\u00fdch v\u00a0\u013eudovom lie\u010dite\u013estve na ich lie\u010dbu. Zoznam je preh\u013eadn\u00fd, ke\u010f\u017ee sa uv\u00e1dza v\u00a0\u201eabc\u201c porad\u00ed a\u00a0u\u013eah\u010duje samotn\u00e9 pou\u017eitie knihy. To v\u0161etko dop\u013a\u0148aj\u00fa prekr\u00e1sne fotografie a\u00a0kresby, ktor\u00e9 amat\u00e9rskym zberate\u013eom pom\u00e1haj\u00fa spr\u00e1vne rozpozna\u0165 dan\u00e9 rastliny.<\/p>\n<p>T\u00e1to kni\u017eka sa m\u00f4\u017ee sta\u0165 na\u0161\u00edm skuto\u010dne u\u017eito\u010dn\u00fdm partnerom pri\u00a0uchov\u00e1van\u00ed n\u00e1\u0161ho zdravia a\u00a0pri v\u00ed\u0165azen\u00ed nad chorobami.<\/p>\n","protected":false},"excerpt":{"rendered":"<p>Nov\u00e1 kniha Zuzany Lopes-Szab\u00f3ovej, v ktorej popisuje u n\u00e1s najviac pou\u017e\u00edvan\u00e9 bylinky a ich \u00fa\u010dinky.<\/p>\n","protected":false},"featured_media":2514,"comment_status":"open","ping_status":"closed","template":"","meta":{"_acf_changed":false},"product_brand":[],"product_cat":[157],"product_tag":[],"class_list":{"0":"post-2513","1":"product","2":"type-product","3":"status-publish","4":"has-post-thumbnail","6":"product_cat-knihy","7":"sales-flash-overlay","8":"woocommerce-text-align-center","9":"woocommerce-image-align-center","10":"do-quantity-buttons","12":"first","13":"instock","14":"taxable","15":"shipping-taxable","16":"purchasable","17":"product-type-simple"},"acf":{"blog_termekleiras":""},"yoast_head":"<!-- This site is optimized with the Yoast SEO plugin v26.9 - https:\/\/yoast.com\/product\/yoast-seo-wordpress\/ -->\n<title>Po stop\u00e1ch bylink\u00e1ra z bukov\u00fdch h\u00f4r &#8211; B\u00fckki Gy\u00f3gytea Web\u00e1ruh\u00e1z<\/title>\n<meta name=\"robots\" content=\"index, follow, max-snippet:-1, max-image-preview:large, max-video-preview:-1\" \/>\n<link rel=\"canonical\" href=\"https:\/\/bukkigyogytea.com\/sk\/produktu\/po-stopach-bylinkara-z-bukovych-hor\/\" \/>\n<meta property=\"og:locale\" content=\"sk_SK\" \/>\n<meta property=\"og:type\" content=\"article\" \/>\n<meta property=\"og:title\" content=\"Po stop\u00e1ch bylink\u00e1ra z bukov\u00fdch h\u00f4r &#8211; B\u00fckki Gy\u00f3gytea Web\u00e1ruh\u00e1z\" \/>\n<meta property=\"og:description\" content=\"Nov\u00e1 kniha Zuzany Lopes-Szab\u00f3ovej, v ktorej popisuje u n\u00e1s najviac pou\u017e\u00edvan\u00e9 bylinky a ich \u00fa\u010dinky.\" \/>\n<meta property=\"og:url\" content=\"https:\/\/bukkigyogytea.com\/sk\/produktu\/po-stopach-bylinkara-z-bukovych-hor\/\" \/>\n<meta property=\"og:site_name\" content=\"B\u00fckki Gy\u00f3gytea Web\u00e1ruh\u00e1z\" \/>\n<meta property=\"article:publisher\" content=\"https:\/\/www.facebook.com\/bukkigyogytea\/\" \/>\n<meta property=\"article:modified_time\" content=\"2026-01-01T22:00:40+00:00\" \/>\n<meta property=\"og:image\" content=\"https:\/\/bukkigyogytea.com\/wp-content\/uploads\/2018\/09\/FB-OG-bukki-f-nyomaban.jpg\" \/>\n<meta name=\"twitter:card\" content=\"summary_large_image\" \/>\n<meta name=\"twitter:label1\" content=\"Predpokladan\u00fd \u010das \u010d\u00edtania\" \/>\n\t<meta name=\"twitter:data1\" content=\"1 min\u00fata\" \/>\n<script type=\"application\/ld+json\" class=\"yoast-schema-graph\">{\"@context\":\"https:\/\/schema.org\",\"@graph\":[{\"@type\":\"WebPage\",\"@id\":\"https:\/\/bukkigyogytea.com\/sk\/produktu\/po-stopach-bylinkara-z-bukovych-hor\/\",\"url\":\"https:\/\/bukkigyogytea.com\/sk\/produktu\/po-stopach-bylinkara-z-bukovych-hor\/\",\"name\":\"Po stop\u00e1ch bylink\u00e1ra z bukov\u00fdch h\u00f4r &#8211; B\u00fckki Gy\u00f3gytea Web\u00e1ruh\u00e1z\",\"isPartOf\":{\"@id\":\"https:\/\/bukkigyogytea.com\/sk\/#website\"},\"primaryImageOfPage\":{\"@id\":\"https:\/\/bukkigyogytea.com\/sk\/produktu\/po-stopach-bylinkara-z-bukovych-hor\/#primaryimage\"},\"image\":{\"@id\":\"https:\/\/bukkigyogytea.com\/sk\/produktu\/po-stopach-bylinkara-z-bukovych-hor\/#primaryimage\"},\"thumbnailUrl\":\"https:\/\/bukkigyogytea.com\/wp-content\/uploads\/2018\/09\/konyvek_a_bukki_fuvesember_nyomaban-422x600.png\",\"datePublished\":\"2018-09-06T05:42:54+00:00\",\"dateModified\":\"2026-01-01T22:00:40+00:00\",\"breadcrumb\":{\"@id\":\"https:\/\/bukkigyogytea.com\/sk\/produktu\/po-stopach-bylinkara-z-bukovych-hor\/#breadcrumb\"},\"inLanguage\":\"sk-SK\",\"potentialAction\":[{\"@type\":\"ReadAction\",\"target\":[\"https:\/\/bukkigyogytea.com\/sk\/produktu\/po-stopach-bylinkara-z-bukovych-hor\/\"]}]},{\"@type\":\"ImageObject\",\"inLanguage\":\"sk-SK\",\"@id\":\"https:\/\/bukkigyogytea.com\/sk\/produktu\/po-stopach-bylinkara-z-bukovych-hor\/#primaryimage\",\"url\":\"https:\/\/bukkigyogytea.com\/wp-content\/uploads\/2018\/09\/konyvek_a_bukki_fuvesember_nyomaban-422x600.png\",\"contentUrl\":\"https:\/\/bukkigyogytea.com\/wp-content\/uploads\/2018\/09\/konyvek_a_bukki_fuvesember_nyomaban-422x600.png\",\"width\":422,\"height\":600,\"caption\":\"A B\u00fckki f\u00fcvesember nyom\u00e1ban\"},{\"@type\":\"BreadcrumbList\",\"@id\":\"https:\/\/bukkigyogytea.com\/sk\/produktu\/po-stopach-bylinkara-z-bukovych-hor\/#breadcrumb\",\"itemListElement\":[{\"@type\":\"ListItem\",\"position\":1,\"name\":\"Domov\",\"item\":\"https:\/\/bukkigyogytea.com\/sk\/\"},{\"@type\":\"ListItem\",\"position\":2,\"name\":\"Shop\",\"item\":\"https:\/\/bukkigyogytea.com\/sk\/obchodne\/\"},{\"@type\":\"ListItem\",\"position\":3,\"name\":\"Knihy\",\"item\":\"https:\/\/bukkigyogytea.com\/sk\/kategoria-produktu\/knihy\/\"},{\"@type\":\"ListItem\",\"position\":4,\"name\":\"Po stop\u00e1ch bylink\u00e1ra z bukov\u00fdch h\u00f4r\"}]},{\"@type\":\"WebSite\",\"@id\":\"https:\/\/bukkigyogytea.com\/sk\/#website\",\"url\":\"https:\/\/bukkigyogytea.com\/sk\/\",\"name\":\"B\u00fckki Gy\u00f3gytea Web\u00e1ruh\u00e1z\",\"description\":\"Gy\u00f6rgytea hivatalos viszontelad\u00f3\",\"publisher\":{\"@id\":\"https:\/\/bukkigyogytea.com\/sk\/#organization\"},\"potentialAction\":[{\"@type\":\"SearchAction\",\"target\":{\"@type\":\"EntryPoint\",\"urlTemplate\":\"https:\/\/bukkigyogytea.com\/sk\/?s={search_term_string}\"},\"query-input\":{\"@type\":\"PropertyValueSpecification\",\"valueRequired\":true,\"valueName\":\"search_term_string\"}}],\"inLanguage\":\"sk-SK\"},{\"@type\":\"Organization\",\"@id\":\"https:\/\/bukkigyogytea.com\/sk\/#organization\",\"name\":\"B\u00fckki Gy\u00f3gytea Web\u00e1ruh\u00e1z\",\"url\":\"https:\/\/bukkigyogytea.com\/sk\/\",\"logo\":{\"@type\":\"ImageObject\",\"inLanguage\":\"sk-SK\",\"@id\":\"https:\/\/bukkigyogytea.com\/sk\/#\/schema\/logo\/image\/\",\"url\":\"https:\/\/i0.wp.com\/bukkigyogytea.com\/wp-content\/uploads\/2020\/05\/Sitelogo-1.jpg?fit=350%2C85&ssl=1\",\"contentUrl\":\"https:\/\/i0.wp.com\/bukkigyogytea.com\/wp-content\/uploads\/2020\/05\/Sitelogo-1.jpg?fit=350%2C85&ssl=1\",\"width\":350,\"height\":85,\"caption\":\"B\u00fckki Gy\u00f3gytea Web\u00e1ruh\u00e1z\"},\"image\":{\"@id\":\"https:\/\/bukkigyogytea.com\/sk\/#\/schema\/logo\/image\/\"},\"sameAs\":[\"https:\/\/www.facebook.com\/bukkigyogytea\/\"]}]}<\/script>\n<!-- \/ Yoast SEO plugin. -->","yoast_head_json":{"title":"Po stop\u00e1ch bylink\u00e1ra z bukov\u00fdch h\u00f4r &#8211; B\u00fckki Gy\u00f3gytea Web\u00e1ruh\u00e1z","robots":{"index":"index","follow":"follow","max-snippet":"max-snippet:-1","max-image-preview":"max-image-preview:large","max-video-preview":"max-video-preview:-1"},"canonical":"https:\/\/bukkigyogytea.com\/sk\/produktu\/po-stopach-bylinkara-z-bukovych-hor\/","og_locale":"sk_SK","og_type":"article","og_title":"Po stop\u00e1ch bylink\u00e1ra z bukov\u00fdch h\u00f4r &#8211; B\u00fckki Gy\u00f3gytea Web\u00e1ruh\u00e1z","og_description":"Nov\u00e1 kniha Zuzany Lopes-Szab\u00f3ovej, v ktorej popisuje u n\u00e1s najviac pou\u017e\u00edvan\u00e9 bylinky a ich \u00fa\u010dinky.","og_url":"https:\/\/bukkigyogytea.com\/sk\/produktu\/po-stopach-bylinkara-z-bukovych-hor\/","og_site_name":"B\u00fckki Gy\u00f3gytea Web\u00e1ruh\u00e1z","article_publisher":"https:\/\/www.facebook.com\/bukkigyogytea\/","article_modified_time":"2026-01-01T22:00:40+00:00","og_image":[{"url":"https:\/\/bukkigyogytea.com\/wp-content\/uploads\/2018\/09\/FB-OG-bukki-f-nyomaban.jpg","type":"","width":"","height":""}],"twitter_card":"summary_large_image","twitter_misc":{"Predpokladan\u00fd \u010das \u010d\u00edtania":"1 min\u00fata"},"schema":{"@context":"https:\/\/schema.org","@graph":[{"@type":"WebPage","@id":"https:\/\/bukkigyogytea.com\/sk\/produktu\/po-stopach-bylinkara-z-bukovych-hor\/","url":"https:\/\/bukkigyogytea.com\/sk\/produktu\/po-stopach-bylinkara-z-bukovych-hor\/","name":"Po stop\u00e1ch bylink\u00e1ra z bukov\u00fdch h\u00f4r &#8211; B\u00fckki Gy\u00f3gytea Web\u00e1ruh\u00e1z","isPartOf":{"@id":"https:\/\/bukkigyogytea.com\/sk\/#website"},"primaryImageOfPage":{"@id":"https:\/\/bukkigyogytea.com\/sk\/produktu\/po-stopach-bylinkara-z-bukovych-hor\/#primaryimage"},"image":{"@id":"https:\/\/bukkigyogytea.com\/sk\/produktu\/po-stopach-bylinkara-z-bukovych-hor\/#primaryimage"},"thumbnailUrl":"https:\/\/bukkigyogytea.com\/wp-content\/uploads\/2018\/09\/konyvek_a_bukki_fuvesember_nyomaban-422x600.png","datePublished":"2018-09-06T05:42:54+00:00","dateModified":"2026-01-01T22:00:40+00:00","breadcrumb":{"@id":"https:\/\/bukkigyogytea.com\/sk\/produktu\/po-stopach-bylinkara-z-bukovych-hor\/#breadcrumb"},"inLanguage":"sk-SK","potentialAction":[{"@type":"ReadAction","target":["https:\/\/bukkigyogytea.com\/sk\/produktu\/po-stopach-bylinkara-z-bukovych-hor\/"]}]},{"@type":"ImageObject","inLanguage":"sk-SK","@id":"https:\/\/bukkigyogytea.com\/sk\/produktu\/po-stopach-bylinkara-z-bukovych-hor\/#primaryimage","url":"https:\/\/bukkigyogytea.com\/wp-content\/uploads\/2018\/09\/konyvek_a_bukki_fuvesember_nyomaban-422x600.png","contentUrl":"https:\/\/bukkigyogytea.com\/wp-content\/uploads\/2018\/09\/konyvek_a_bukki_fuvesember_nyomaban-422x600.png","width":422,"height":600,"caption":"A B\u00fckki f\u00fcvesember nyom\u00e1ban"},{"@type":"BreadcrumbList","@id":"https:\/\/bukkigyogytea.com\/sk\/produktu\/po-stopach-bylinkara-z-bukovych-hor\/#breadcrumb","itemListElement":[{"@type":"ListItem","position":1,"name":"Domov","item":"https:\/\/bukkigyogytea.com\/sk\/"},{"@type":"ListItem","position":2,"name":"Shop","item":"https:\/\/bukkigyogytea.com\/sk\/obchodne\/"},{"@type":"ListItem","position":3,"name":"Knihy","item":"https:\/\/bukkigyogytea.com\/sk\/kategoria-produktu\/knihy\/"},{"@type":"ListItem","position":4,"name":"Po stop\u00e1ch bylink\u00e1ra z bukov\u00fdch h\u00f4r"}]},{"@type":"WebSite","@id":"https:\/\/bukkigyogytea.com\/sk\/#website","url":"https:\/\/bukkigyogytea.com\/sk\/","name":"B\u00fckki Gy\u00f3gytea Web\u00e1ruh\u00e1z","description":"Gy\u00f6rgytea hivatalos viszontelad\u00f3","publisher":{"@id":"https:\/\/bukkigyogytea.com\/sk\/#organization"},"potentialAction":[{"@type":"SearchAction","target":{"@type":"EntryPoint","urlTemplate":"https:\/\/bukkigyogytea.com\/sk\/?s={search_term_string}"},"query-input":{"@type":"PropertyValueSpecification","valueRequired":true,"valueName":"search_term_string"}}],"inLanguage":"sk-SK"},{"@type":"Organization","@id":"https:\/\/bukkigyogytea.com\/sk\/#organization","name":"B\u00fckki Gy\u00f3gytea Web\u00e1ruh\u00e1z","url":"https:\/\/bukkigyogytea.com\/sk\/","logo":{"@type":"ImageObject","inLanguage":"sk-SK","@id":"https:\/\/bukkigyogytea.com\/sk\/#\/schema\/logo\/image\/","url":"https:\/\/i0.wp.com\/bukkigyogytea.com\/wp-content\/uploads\/2020\/05\/Sitelogo-1.jpg?fit=350%2C85&ssl=1","contentUrl":"https:\/\/i0.wp.com\/bukkigyogytea.com\/wp-content\/uploads\/2020\/05\/Sitelogo-1.jpg?fit=350%2C85&ssl=1","width":350,"height":85,"caption":"B\u00fckki Gy\u00f3gytea Web\u00e1ruh\u00e1z"},"image":{"@id":"https:\/\/bukkigyogytea.com\/sk\/#\/schema\/logo\/image\/"},"sameAs":["https:\/\/www.facebook.com\/bukkigyogytea\/"]}]}},"publishpress_future_action":{"enabled":false,"date":"2026-05-07 22:55:00","action":"change-status","newStatus":"draft","terms":[],"taxonomy":"product_type","extraData":[]},"publishpress_future_workflow_manual_trigger":{"enabledWorkflows":[]},"_links":{"self":[{"href":"https:\/\/bukkigyogytea.com\/sk\/wp-json\/wp\/v2\/product\/2513","targetHints":{"allow":["GET"]}}],"collection":[{"href":"https:\/\/bukkigyogytea.com\/sk\/wp-json\/wp\/v2\/product"}],"about":[{"href":"https:\/\/bukkigyogytea.com\/sk\/wp-json\/wp\/v2\/types\/product"}],"replies":[{"embeddable":true,"href":"https:\/\/bukkigyogytea.com\/sk\/wp-json\/wp\/v2\/comments?post=2513"}],"wp:featuredmedia":[{"embeddable":true,"href":"https:\/\/bukkigyogytea.com\/sk\/wp-json\/wp\/v2\/media\/2514"}],"wp:attachment":[{"href":"https:\/\/bukkigyogytea.com\/sk\/wp-json\/wp\/v2\/media?parent=2513"}],"wp:term":[{"taxonomy":"product_brand","embeddable":true,"href":"https:\/\/bukkigyogytea.com\/sk\/wp-json\/wp\/v2\/product_brand?post=2513"},{"taxonomy":"product_cat","embeddable":true,"href":"https:\/\/bukkigyogytea.com\/sk\/wp-json\/wp\/v2\/product_cat?post=2513"},{"taxonomy":"product_tag","embeddable":true,"href":"https:\/\/bukkigyogytea.com\/sk\/wp-json\/wp\/v2\/product_tag?post=2513"}],"curies":[{"name":"wp","href":"https:\/\/api.w.org\/{rel}","templated":true}]}}