{"id":2499,"date":"2018-09-06T06:43:33","date_gmt":"2018-09-06T04:43:33","guid":{"rendered":"https:\/\/bukkigyogytea.com\/termek\/cajova-zmes-z-listov-plucnika-lekarskeho-caj-kamarat-hrdla-50g\/"},"modified":"2026-03-01T00:34:53","modified_gmt":"2026-02-28T23:34:53","slug":"cajova-zmes-z-listov-plucnika-lekarskeho-caj-kamarat-hrdla-50g","status":"publish","type":"product","link":"https:\/\/bukkigyogytea.com\/sk\/produktu\/cajova-zmes-z-listov-plucnika-lekarskeho-caj-kamarat-hrdla-50g\/","title":{"rendered":"\u010cajov\u00e1 zmes z listov p\u013e\u00facnika lek\u00e1rskeho (\u010caj kamar\u00e1t hrdla) &#8211; 50g"},"content":{"rendered":"<p><strong>\u010cajov\u00e1 zmes z\u00a0listov p\u013e\u00facnika lek\u00e1rskeho (\u010caj kamar\u00e1t hrdla) od Gyuri b\u00e1csiho <\/strong><strong>zmier\u0148uje ka\u0161e\u013e, \u010dist\u00ed d\u00fdchacie cesty a\u00a0podporuje vyka\u0161liavanie.<\/strong><\/p>\n<p>\u010cajov\u00e1 zmes sa odpor\u00fa\u010da pri podr\u00e1\u017eden\u00ed sliznice hrdla, zachr\u00edpnut\u00ed, bolesti hrdla, z\u00e1pale mandl\u00ed, ka\u0161\u013ean\u00ed, bronchit\u00edde, astme \u010di chronick\u00fdch ochoreniach d\u00fdchac\u00edch ciest.<\/p>\n<p><strong>Zlo\u017eenie<\/strong><strong> \u010dajovej zmesi z\u00a0listov p\u013e\u00facnika lek\u00e1rskeho (\u010caj kamar\u00e1t hrdla): p\u013e\u00facnik lek\u00e1rsky, list podbe\u013ea lie\u010div\u00e9ho, v\u00fdhonky materinej d\u00fa\u0161ky, listy skorocelu kopijovit\u00e9ho, zeme\u017el\u010d, rebr\u00ed\u010dek oby\u010dajn\u00fd, necht\u00edk lek\u00e1rsky, pamajor\u00e1n oby\u010dajn\u00fd, veronika lek\u00e1rska<\/strong><\/p>\n<p><strong>Pr\u00edprava:<\/strong> nie kopcovit\u00fa polievkov\u00fa ly\u017eicu (3 g) \u010dajovej zmesi zalia\u0165 2,5 deci hor\u00facej vody, po 15 min\u00fatach precedi\u0165. Nepou\u017e\u00edvajte kovov\u00e9 sitko.<\/p>\n<p><strong>Pou\u017e\u00edvanie:<\/strong> ka\u0161\u013eania sp\u00f4soben\u00e9ho prechladnut\u00edm v\u00e1s za 2-3 dni zbav\u00ed jedna \u0161\u00e1lka \u010dajovej zmesi z\u00a0listov p\u013e\u00facnika lek\u00e1rskeho denne. \u0160\u00e1lku \u010daju pite mal\u00fdmi d\u00fa\u0161kami po\u010das d\u0148a, pod\u013ea mo\u017enost\u00ed bez ochucovania. Ak v\u0161ak pr\u00edznaky nezmizn\u00fa po 4-5 d\u0148och, obr\u00e1\u0165te sa na svojho lek\u00e1ra.<br \/>\nMestsk\u00fd vzduch pln\u00fd smogu, dymu a\u00a0zne\u010distenia vyvol\u00e1va u\u00a0mnoh\u00fdch \u013eud\u00ed bronchit\u00eddu. Aj v\u00a0tomto pr\u00edpade v\u00e1m zaru\u010dene pom\u00f4\u017ee \u010dajov\u00e1 zmes z\u00a0listov p\u013e\u00facnika lek\u00e1rskeho. Jednu \u0161\u00e1lku denne pite pod\u013ea vy\u0161\u0161ie uveden\u00fdch, k\u00fdm pr\u00edznaky nezmizn\u00fa. Faj\u010diarom sa odpor\u00fa\u010da jedna \u0161\u00e1lka t\u00fd\u017edenne ako prevencia ochoren\u00ed d\u00fdchac\u00edch ciest.<br \/>\nAstmatici m\u00f4\u017eu \u010dajov\u00fa zmes u\u017e\u00edva\u0165 nepretr\u017eite. Denne jednu \u0161\u00e1lku je mo\u017en\u00e9 konzumova\u0165 po\u010das troch mesiacov, potom je nutn\u00e9 spravi\u0165 \u0161tvort\u00fd\u017ed\u0148ov\u00fa prest\u00e1vku.<\/p>\n<p><strong>Neodpor\u00fa\u010da sa:<\/strong> v\u00a0tehotenstve a\u00a0po\u010das doj\u010denia. Takisto sa neodpor\u00fa\u010da de\u0165om do 12 rokov.<\/p>\n","protected":false},"excerpt":{"rendered":"<p>Na boles\u0165 hrdla, ka\u0161e\u013e, astmu, ako dopl\u0148uj\u00faca lie\u010dba chronick\u00fdch ochoren\u00ed d\u00fdchac\u00edch ciest<\/p>\n","protected":false},"featured_media":2504,"comment_status":"open","ping_status":"closed","template":"","meta":{"_acf_changed":false},"product_brand":[],"product_cat":[163],"product_tag":[],"class_list":{"0":"post-2499","1":"product","2":"type-product","3":"status-publish","4":"has-post-thumbnail","6":"product_cat-bylinne-zmesi","7":"sales-flash-overlay","8":"woocommerce-text-align-center","9":"woocommerce-image-align-center","10":"do-quantity-buttons","12":"first","13":"instock","14":"taxable","15":"shipping-taxable","16":"purchasable","17":"product-type-simple"},"acf":{"blog_termekleiras":""},"yoast_head":"<!-- This site is optimized with the Yoast SEO plugin v26.9 - https:\/\/yoast.com\/product\/yoast-seo-wordpress\/ -->\n<title>\u010cajov\u00e1 zmes z listov p\u013e\u00facnika lek\u00e1rskeho (\u010caj kamar\u00e1t hrdla) - 50g &#8211; B\u00fckki Gy\u00f3gytea Web\u00e1ruh\u00e1z<\/title>\n<meta name=\"robots\" content=\"index, follow, max-snippet:-1, max-image-preview:large, max-video-preview:-1\" \/>\n<link rel=\"canonical\" href=\"https:\/\/bukkigyogytea.com\/sk\/produktu\/cajova-zmes-z-listov-plucnika-lekarskeho-caj-kamarat-hrdla-50g\/\" \/>\n<meta property=\"og:locale\" content=\"sk_SK\" \/>\n<meta property=\"og:type\" content=\"article\" \/>\n<meta property=\"og:title\" content=\"\u010cajov\u00e1 zmes z listov p\u013e\u00facnika lek\u00e1rskeho (\u010caj kamar\u00e1t hrdla) - 50g &#8211; B\u00fckki Gy\u00f3gytea Web\u00e1ruh\u00e1z\" \/>\n<meta property=\"og:description\" content=\"Na boles\u0165 hrdla, ka\u0161e\u013e, astmu, ako dopl\u0148uj\u00faca lie\u010dba chronick\u00fdch ochoren\u00ed d\u00fdchac\u00edch ciest\" \/>\n<meta property=\"og:url\" content=\"https:\/\/bukkigyogytea.com\/sk\/produktu\/cajova-zmes-z-listov-plucnika-lekarskeho-caj-kamarat-hrdla-50g\/\" \/>\n<meta property=\"og:site_name\" content=\"B\u00fckki Gy\u00f3gytea Web\u00e1ruh\u00e1z\" \/>\n<meta property=\"article:publisher\" content=\"https:\/\/www.facebook.com\/bukkigyogytea\/\" \/>\n<meta property=\"article:modified_time\" content=\"2026-02-28T23:34:53+00:00\" \/>\n<meta property=\"og:image\" content=\"https:\/\/bukkigyogytea.com\/wp-content\/uploads\/2018\/09\/og-tudofuleveles50.jpg\" \/>\n<meta name=\"twitter:card\" content=\"summary_large_image\" \/>\n<meta name=\"twitter:label1\" content=\"Predpokladan\u00fd \u010das \u010d\u00edtania\" \/>\n\t<meta name=\"twitter:data1\" content=\"2 min\u00faty\" \/>\n<script type=\"application\/ld+json\" class=\"yoast-schema-graph\">{\"@context\":\"https:\/\/schema.org\",\"@graph\":[{\"@type\":\"WebPage\",\"@id\":\"https:\/\/bukkigyogytea.com\/sk\/produktu\/cajova-zmes-z-listov-plucnika-lekarskeho-caj-kamarat-hrdla-50g\/\",\"url\":\"https:\/\/bukkigyogytea.com\/sk\/produktu\/cajova-zmes-z-listov-plucnika-lekarskeho-caj-kamarat-hrdla-50g\/\",\"name\":\"\u010cajov\u00e1 zmes z listov p\u013e\u00facnika lek\u00e1rskeho (\u010caj kamar\u00e1t hrdla) - 50g &#8211; B\u00fckki Gy\u00f3gytea Web\u00e1ruh\u00e1z\",\"isPartOf\":{\"@id\":\"https:\/\/bukkigyogytea.com\/sk\/#website\"},\"primaryImageOfPage\":{\"@id\":\"https:\/\/bukkigyogytea.com\/sk\/produktu\/cajova-zmes-z-listov-plucnika-lekarskeho-caj-kamarat-hrdla-50g\/#primaryimage\"},\"image\":{\"@id\":\"https:\/\/bukkigyogytea.com\/sk\/produktu\/cajova-zmes-z-listov-plucnika-lekarskeho-caj-kamarat-hrdla-50g\/#primaryimage\"},\"thumbnailUrl\":\"https:\/\/bukkigyogytea.com\/wp-content\/uploads\/2018\/09\/tudofuleveles-bal.png\",\"datePublished\":\"2018-09-06T04:43:33+00:00\",\"dateModified\":\"2026-02-28T23:34:53+00:00\",\"breadcrumb\":{\"@id\":\"https:\/\/bukkigyogytea.com\/sk\/produktu\/cajova-zmes-z-listov-plucnika-lekarskeho-caj-kamarat-hrdla-50g\/#breadcrumb\"},\"inLanguage\":\"sk-SK\",\"potentialAction\":[{\"@type\":\"ReadAction\",\"target\":[\"https:\/\/bukkigyogytea.com\/sk\/produktu\/cajova-zmes-z-listov-plucnika-lekarskeho-caj-kamarat-hrdla-50g\/\"]}]},{\"@type\":\"ImageObject\",\"inLanguage\":\"sk-SK\",\"@id\":\"https:\/\/bukkigyogytea.com\/sk\/produktu\/cajova-zmes-z-listov-plucnika-lekarskeho-caj-kamarat-hrdla-50g\/#primaryimage\",\"url\":\"https:\/\/bukkigyogytea.com\/wp-content\/uploads\/2018\/09\/tudofuleveles-bal.png\",\"contentUrl\":\"https:\/\/bukkigyogytea.com\/wp-content\/uploads\/2018\/09\/tudofuleveles-bal.png\",\"width\":550,\"height\":550},{\"@type\":\"BreadcrumbList\",\"@id\":\"https:\/\/bukkigyogytea.com\/sk\/produktu\/cajova-zmes-z-listov-plucnika-lekarskeho-caj-kamarat-hrdla-50g\/#breadcrumb\",\"itemListElement\":[{\"@type\":\"ListItem\",\"position\":1,\"name\":\"Domov\",\"item\":\"https:\/\/bukkigyogytea.com\/sk\/\"},{\"@type\":\"ListItem\",\"position\":2,\"name\":\"Shop\",\"item\":\"https:\/\/bukkigyogytea.com\/sk\/obchodne\/\"},{\"@type\":\"ListItem\",\"position\":3,\"name\":\"Bylinn\u00e9 Zmesi\",\"item\":\"https:\/\/bukkigyogytea.com\/sk\/kategoria-produktu\/bylinne-zmesi\/\"},{\"@type\":\"ListItem\",\"position\":4,\"name\":\"\u010cajov\u00e1 zmes z listov p\u013e\u00facnika lek\u00e1rskeho (\u010caj kamar\u00e1t hrdla) &#8211; 50g\"}]},{\"@type\":\"WebSite\",\"@id\":\"https:\/\/bukkigyogytea.com\/sk\/#website\",\"url\":\"https:\/\/bukkigyogytea.com\/sk\/\",\"name\":\"B\u00fckki Gy\u00f3gytea Web\u00e1ruh\u00e1z\",\"description\":\"Gy\u00f6rgytea hivatalos viszontelad\u00f3\",\"publisher\":{\"@id\":\"https:\/\/bukkigyogytea.com\/sk\/#organization\"},\"potentialAction\":[{\"@type\":\"SearchAction\",\"target\":{\"@type\":\"EntryPoint\",\"urlTemplate\":\"https:\/\/bukkigyogytea.com\/sk\/?s={search_term_string}\"},\"query-input\":{\"@type\":\"PropertyValueSpecification\",\"valueRequired\":true,\"valueName\":\"search_term_string\"}}],\"inLanguage\":\"sk-SK\"},{\"@type\":\"Organization\",\"@id\":\"https:\/\/bukkigyogytea.com\/sk\/#organization\",\"name\":\"B\u00fckki Gy\u00f3gytea Web\u00e1ruh\u00e1z\",\"url\":\"https:\/\/bukkigyogytea.com\/sk\/\",\"logo\":{\"@type\":\"ImageObject\",\"inLanguage\":\"sk-SK\",\"@id\":\"https:\/\/bukkigyogytea.com\/sk\/#\/schema\/logo\/image\/\",\"url\":\"https:\/\/i0.wp.com\/bukkigyogytea.com\/wp-content\/uploads\/2020\/05\/Sitelogo-1.jpg?fit=350%2C85&ssl=1\",\"contentUrl\":\"https:\/\/i0.wp.com\/bukkigyogytea.com\/wp-content\/uploads\/2020\/05\/Sitelogo-1.jpg?fit=350%2C85&ssl=1\",\"width\":350,\"height\":85,\"caption\":\"B\u00fckki Gy\u00f3gytea Web\u00e1ruh\u00e1z\"},\"image\":{\"@id\":\"https:\/\/bukkigyogytea.com\/sk\/#\/schema\/logo\/image\/\"},\"sameAs\":[\"https:\/\/www.facebook.com\/bukkigyogytea\/\"]}]}<\/script>\n<!-- \/ Yoast SEO plugin. -->","yoast_head_json":{"title":"\u010cajov\u00e1 zmes z listov p\u013e\u00facnika lek\u00e1rskeho (\u010caj kamar\u00e1t hrdla) - 50g &#8211; B\u00fckki Gy\u00f3gytea Web\u00e1ruh\u00e1z","robots":{"index":"index","follow":"follow","max-snippet":"max-snippet:-1","max-image-preview":"max-image-preview:large","max-video-preview":"max-video-preview:-1"},"canonical":"https:\/\/bukkigyogytea.com\/sk\/produktu\/cajova-zmes-z-listov-plucnika-lekarskeho-caj-kamarat-hrdla-50g\/","og_locale":"sk_SK","og_type":"article","og_title":"\u010cajov\u00e1 zmes z listov p\u013e\u00facnika lek\u00e1rskeho (\u010caj kamar\u00e1t hrdla) - 50g &#8211; B\u00fckki Gy\u00f3gytea Web\u00e1ruh\u00e1z","og_description":"Na boles\u0165 hrdla, ka\u0161e\u013e, astmu, ako dopl\u0148uj\u00faca lie\u010dba chronick\u00fdch ochoren\u00ed d\u00fdchac\u00edch ciest","og_url":"https:\/\/bukkigyogytea.com\/sk\/produktu\/cajova-zmes-z-listov-plucnika-lekarskeho-caj-kamarat-hrdla-50g\/","og_site_name":"B\u00fckki Gy\u00f3gytea Web\u00e1ruh\u00e1z","article_publisher":"https:\/\/www.facebook.com\/bukkigyogytea\/","article_modified_time":"2026-02-28T23:34:53+00:00","og_image":[{"url":"https:\/\/bukkigyogytea.com\/wp-content\/uploads\/2018\/09\/og-tudofuleveles50.jpg","type":"","width":"","height":""}],"twitter_card":"summary_large_image","twitter_misc":{"Predpokladan\u00fd \u010das \u010d\u00edtania":"2 min\u00faty"},"schema":{"@context":"https:\/\/schema.org","@graph":[{"@type":"WebPage","@id":"https:\/\/bukkigyogytea.com\/sk\/produktu\/cajova-zmes-z-listov-plucnika-lekarskeho-caj-kamarat-hrdla-50g\/","url":"https:\/\/bukkigyogytea.com\/sk\/produktu\/cajova-zmes-z-listov-plucnika-lekarskeho-caj-kamarat-hrdla-50g\/","name":"\u010cajov\u00e1 zmes z listov p\u013e\u00facnika lek\u00e1rskeho (\u010caj kamar\u00e1t hrdla) - 50g &#8211; B\u00fckki Gy\u00f3gytea Web\u00e1ruh\u00e1z","isPartOf":{"@id":"https:\/\/bukkigyogytea.com\/sk\/#website"},"primaryImageOfPage":{"@id":"https:\/\/bukkigyogytea.com\/sk\/produktu\/cajova-zmes-z-listov-plucnika-lekarskeho-caj-kamarat-hrdla-50g\/#primaryimage"},"image":{"@id":"https:\/\/bukkigyogytea.com\/sk\/produktu\/cajova-zmes-z-listov-plucnika-lekarskeho-caj-kamarat-hrdla-50g\/#primaryimage"},"thumbnailUrl":"https:\/\/bukkigyogytea.com\/wp-content\/uploads\/2018\/09\/tudofuleveles-bal.png","datePublished":"2018-09-06T04:43:33+00:00","dateModified":"2026-02-28T23:34:53+00:00","breadcrumb":{"@id":"https:\/\/bukkigyogytea.com\/sk\/produktu\/cajova-zmes-z-listov-plucnika-lekarskeho-caj-kamarat-hrdla-50g\/#breadcrumb"},"inLanguage":"sk-SK","potentialAction":[{"@type":"ReadAction","target":["https:\/\/bukkigyogytea.com\/sk\/produktu\/cajova-zmes-z-listov-plucnika-lekarskeho-caj-kamarat-hrdla-50g\/"]}]},{"@type":"ImageObject","inLanguage":"sk-SK","@id":"https:\/\/bukkigyogytea.com\/sk\/produktu\/cajova-zmes-z-listov-plucnika-lekarskeho-caj-kamarat-hrdla-50g\/#primaryimage","url":"https:\/\/bukkigyogytea.com\/wp-content\/uploads\/2018\/09\/tudofuleveles-bal.png","contentUrl":"https:\/\/bukkigyogytea.com\/wp-content\/uploads\/2018\/09\/tudofuleveles-bal.png","width":550,"height":550},{"@type":"BreadcrumbList","@id":"https:\/\/bukkigyogytea.com\/sk\/produktu\/cajova-zmes-z-listov-plucnika-lekarskeho-caj-kamarat-hrdla-50g\/#breadcrumb","itemListElement":[{"@type":"ListItem","position":1,"name":"Domov","item":"https:\/\/bukkigyogytea.com\/sk\/"},{"@type":"ListItem","position":2,"name":"Shop","item":"https:\/\/bukkigyogytea.com\/sk\/obchodne\/"},{"@type":"ListItem","position":3,"name":"Bylinn\u00e9 Zmesi","item":"https:\/\/bukkigyogytea.com\/sk\/kategoria-produktu\/bylinne-zmesi\/"},{"@type":"ListItem","position":4,"name":"\u010cajov\u00e1 zmes z listov p\u013e\u00facnika lek\u00e1rskeho (\u010caj kamar\u00e1t hrdla) &#8211; 50g"}]},{"@type":"WebSite","@id":"https:\/\/bukkigyogytea.com\/sk\/#website","url":"https:\/\/bukkigyogytea.com\/sk\/","name":"B\u00fckki Gy\u00f3gytea Web\u00e1ruh\u00e1z","description":"Gy\u00f6rgytea hivatalos viszontelad\u00f3","publisher":{"@id":"https:\/\/bukkigyogytea.com\/sk\/#organization"},"potentialAction":[{"@type":"SearchAction","target":{"@type":"EntryPoint","urlTemplate":"https:\/\/bukkigyogytea.com\/sk\/?s={search_term_string}"},"query-input":{"@type":"PropertyValueSpecification","valueRequired":true,"valueName":"search_term_string"}}],"inLanguage":"sk-SK"},{"@type":"Organization","@id":"https:\/\/bukkigyogytea.com\/sk\/#organization","name":"B\u00fckki Gy\u00f3gytea Web\u00e1ruh\u00e1z","url":"https:\/\/bukkigyogytea.com\/sk\/","logo":{"@type":"ImageObject","inLanguage":"sk-SK","@id":"https:\/\/bukkigyogytea.com\/sk\/#\/schema\/logo\/image\/","url":"https:\/\/i0.wp.com\/bukkigyogytea.com\/wp-content\/uploads\/2020\/05\/Sitelogo-1.jpg?fit=350%2C85&ssl=1","contentUrl":"https:\/\/i0.wp.com\/bukkigyogytea.com\/wp-content\/uploads\/2020\/05\/Sitelogo-1.jpg?fit=350%2C85&ssl=1","width":350,"height":85,"caption":"B\u00fckki Gy\u00f3gytea Web\u00e1ruh\u00e1z"},"image":{"@id":"https:\/\/bukkigyogytea.com\/sk\/#\/schema\/logo\/image\/"},"sameAs":["https:\/\/www.facebook.com\/bukkigyogytea\/"]}]}},"publishpress_future_action":{"enabled":false,"date":"2026-04-08 22:55:00","action":"change-status","newStatus":"draft","terms":[],"taxonomy":"product_type","extraData":[]},"publishpress_future_workflow_manual_trigger":{"enabledWorkflows":[]},"_links":{"self":[{"href":"https:\/\/bukkigyogytea.com\/sk\/wp-json\/wp\/v2\/product\/2499","targetHints":{"allow":["GET"]}}],"collection":[{"href":"https:\/\/bukkigyogytea.com\/sk\/wp-json\/wp\/v2\/product"}],"about":[{"href":"https:\/\/bukkigyogytea.com\/sk\/wp-json\/wp\/v2\/types\/product"}],"replies":[{"embeddable":true,"href":"https:\/\/bukkigyogytea.com\/sk\/wp-json\/wp\/v2\/comments?post=2499"}],"wp:featuredmedia":[{"embeddable":true,"href":"https:\/\/bukkigyogytea.com\/sk\/wp-json\/wp\/v2\/media\/2504"}],"wp:attachment":[{"href":"https:\/\/bukkigyogytea.com\/sk\/wp-json\/wp\/v2\/media?parent=2499"}],"wp:term":[{"taxonomy":"product_brand","embeddable":true,"href":"https:\/\/bukkigyogytea.com\/sk\/wp-json\/wp\/v2\/product_brand?post=2499"},{"taxonomy":"product_cat","embeddable":true,"href":"https:\/\/bukkigyogytea.com\/sk\/wp-json\/wp\/v2\/product_cat?post=2499"},{"taxonomy":"product_tag","embeddable":true,"href":"https:\/\/bukkigyogytea.com\/sk\/wp-json\/wp\/v2\/product_tag?post=2499"}],"curies":[{"name":"wp","href":"https:\/\/api.w.org\/{rel}","templated":true}]}}