{"id":2481,"date":"2018-09-06T05:27:13","date_gmt":"2018-09-06T03:27:13","guid":{"rendered":"https:\/\/bukkigyogytea.com\/termek\/cajova-zmes-diabess-gyorgytea-50g\/"},"modified":"2025-12-01T23:03:31","modified_gmt":"2025-12-01T22:03:31","slug":"cajova-zmes-diabess-gyorgytea-50g","status":"publish","type":"product","link":"https:\/\/bukkigyogytea.com\/sk\/produktu\/cajova-zmes-diabess-gyorgytea-50g\/","title":{"rendered":"\u010cajov\u00e1 zmes Diabess-Gy\u00f6rgytea 50g"},"content":{"rendered":"<div>\n<p>V\u00fdrobok s\u00a0lie\u010div\u00fdmi \u00fa\u010dinkami, ktor\u00fd sa nepova\u017euje za liek. Jeho lie\u010div\u00e9 \u00fa\u010dinky s\u00fa v\u0161ak zn\u00e1me v\u00a0\u013eudovom lie\u010dite\u013estve.<\/p>\n<p>\u010caj zmier\u0148uje, resp. odstra\u0148uje mno\u017estvo nepr\u00edjemn\u00fdch sprievodn\u00fdch pr\u00edznakov cukrovky (t\u0155pnutie kon\u010dat\u00edn, pr\u00edbytok alebo \u00fabytok na v\u00e1he, neuropatia, at\u010f.) a\u00a0zabra\u0148uje vytv\u00e1raniu ne\u017eiaducich reakci\u00ed, ako s\u00fa napr\u00edklad vysok\u00fd krvn\u00fd tlak, usadzovanie v\u00e1pnika v\u00a0cievach, nedostato\u010dn\u00e9 fungovanie obli\u010diek \u010di probl\u00e9my s\u00a0krvn\u00fdm obehom.<\/p>\n<p><strong>Pr\u00edprava<\/strong>: \u010daj Diabess-Gy\u00f6rgytea priprav\u00edte zaliat\u00edm vriacej vody. D\u00e1vku z\u00a0vrec\u00fa\u0161ka (3 gramy, jedna nie kopcovit\u00e1 polievkov\u00e1 ly\u017eica) zalejeme 2,5 deci vriacej vody a\u00a0nech\u00e1me post\u00e1\u0165 45-50 min\u00fat. Ke\u010f\u017ee zmes obsahuje aj kore\u0148, ktor\u00fd sa v\u017edy pripravuje varen\u00edm, aj listy, ktor\u00e9 sa maj\u00fa zalieva\u0165 len vriacou vodou, doba odst\u00e1tia sa pred\u013a\u017ei, aby sa aj z\u00a0kore\u0148a uvo\u013enili potrebn\u00e9 \u00fa\u010dinn\u00e9 l\u00e1tky.<\/p>\n<p><strong>Pou\u017e\u00edvanie:<\/strong> odpor\u00fa\u010da sa len s\u00a0dodr\u017eiavan\u00edm lek\u00e1rom stanovej lie\u010dby. Spoma\u013euje vstreb\u00e1vanie uh\u013eohydr\u00e1tov, teda aby sa z\u00a0uh\u013eohydr\u00e1tov stal krvn\u00fd cukor. Preto je d\u00f4le\u017eit\u00e9, aby sa \u010daj konzumoval bezprostredne po hlavnom jedle e\u0161te pred t\u00fdm, ako sa z\u00a0uh\u013eohydr\u00e1tov, ktor\u00e9 sa dostali do organizmu a\u00a0r\u00fdchlo sa vstreb\u00e1vaj\u00fa, stane krvn\u00fd cukor.<\/p>\n<p>Na z\u00e1klade sk\u00fasenost\u00ed vieme, \u017ee nie ka\u017ed\u00fd de\u0148 je potrebn\u00e9 u\u017e\u00edva\u0165 \u0161\u00e1lku \u010daju na cukrovku. Mnohokr\u00e1t z\u00e1vis\u00ed od hladinu cukru v\u00a0krvi, ko\u013eko \u010daju by sme mali skonzumova\u0165.<\/p>\n<p><strong>Odpor\u00fa\u010dan\u00e9 u\u017e\u00edvanie s\u00a0oh\u013eadom na hladinu cukru v\u00a0krvi spolu s\u00a0liekmi a\u00a0dodr\u017eiavan\u00edm di\u00e9ty:<\/strong><\/p>\n<p>do 8 mmol\/l: jedna d\u00e1vka po obede alebo ve\u010deri ka\u017ed\u00fd druh\u00fd de\u0148.<br \/>\ndo 12 mmol\/l: jedna d\u00e1vka po obede alebo ve\u010deri ka\u017ed\u00fd de\u0148.<br \/>\nnad 12 mmol\/l: jedna d\u00e1vka po obede a\u00a0po ve\u010deri ka\u017ed\u00fd de\u0148.<\/p>\n<p><strong>Neodpor\u00fa\u010da sa<\/strong><\/p>\n<p>\u010cajov\u00e1 zmes na cukrovku sa neodpor\u00fa\u010da \u013eu\u010fom so \u017el\u010dn\u00edkov\u00fdmi kame\u0148mi, tehotn\u00fdm a\u00a0doj\u010diacim \u017een\u00e1m, de\u0165om do 12 rokov. Takisto sa neodpor\u00fa\u010da, ak u\u017e\u00edvate lieky na riedenie krvi s\u00a0obsahom kumar\u00ednu (napr. Syncumar). Nem\u00e1 zn\u00e1me ved\u013eaj\u0161ie \u00fa\u010dinky.<\/p>\n<p><strong>Zlo\u017eenie<\/strong> \u010daju Diabess-Gy\u00f6rgytea: \u00a0obsahu nie kopcovitej polievkovej ly\u017eice (3 g): 0,90 g kore\u0148 p\u00fapavy (<em>Taraxaci radix<\/em>) 0,78 g p\u0155h\u013eava dvojdom\u00e1 (<em>Urticae folium<\/em>) 0,54 g \u013eubovn\u00edk bodkovan\u00fd (<em>Hyperici herba<\/em>) 0,45 g brusnica \u010du\u010doriedkov\u00e1 (<em>Myrtilli folium<\/em>) 0,33 g kore\u0148 \u010dakanky oby\u010dajnej (<em>Cichorii radix<\/em>)<\/p>\n<\/div>\n","protected":false},"excerpt":{"rendered":"<p>Na lie\u010dbu cukrovky, zn\u00ed\u017eenie hladiny cukru v krvi, ako prevencia pred mo\u017en\u00fdmi komplik\u00e1ciami<\/p>\n","protected":false},"featured_media":2482,"comment_status":"open","ping_status":"closed","template":"","meta":{"_acf_changed":false},"product_brand":[],"product_cat":[158],"product_tag":[],"class_list":{"0":"post-2481","1":"product","2":"type-product","3":"status-publish","4":"has-post-thumbnail","6":"product_cat-caje-pre-diabetikov","7":"sales-flash-overlay","8":"woocommerce-text-align-center","9":"woocommerce-image-align-center","10":"do-quantity-buttons","12":"first","13":"instock","14":"taxable","15":"shipping-taxable","16":"purchasable","17":"product-type-simple"},"acf":{"blog_termekleiras":""},"yoast_head":"<!-- This site is optimized with the Yoast SEO plugin v26.9 - https:\/\/yoast.com\/product\/yoast-seo-wordpress\/ -->\n<title>\u010cajov\u00e1 zmes Diabess-Gy\u00f6rgytea 50g &#8211; B\u00fckki Gy\u00f3gytea Web\u00e1ruh\u00e1z<\/title>\n<meta name=\"robots\" content=\"index, follow, max-snippet:-1, max-image-preview:large, max-video-preview:-1\" \/>\n<link rel=\"canonical\" href=\"https:\/\/bukkigyogytea.com\/sk\/produktu\/cajova-zmes-diabess-gyorgytea-50g\/\" \/>\n<meta property=\"og:locale\" content=\"sk_SK\" \/>\n<meta property=\"og:type\" content=\"article\" \/>\n<meta property=\"og:title\" content=\"\u010cajov\u00e1 zmes Diabess-Gy\u00f6rgytea 50g &#8211; B\u00fckki Gy\u00f3gytea Web\u00e1ruh\u00e1z\" \/>\n<meta property=\"og:description\" content=\"Na lie\u010dbu cukrovky, zn\u00ed\u017eenie hladiny cukru v krvi, ako prevencia pred mo\u017en\u00fdmi komplik\u00e1ciami\" \/>\n<meta property=\"og:url\" content=\"https:\/\/bukkigyogytea.com\/sk\/produktu\/cajova-zmes-diabess-gyorgytea-50g\/\" \/>\n<meta property=\"og:site_name\" content=\"B\u00fckki Gy\u00f3gytea Web\u00e1ruh\u00e1z\" \/>\n<meta property=\"article:publisher\" content=\"https:\/\/www.facebook.com\/bukkigyogytea\/\" \/>\n<meta property=\"article:modified_time\" content=\"2025-12-01T22:03:31+00:00\" \/>\n<meta property=\"og:image\" content=\"https:\/\/bukkigyogytea.com\/wp-content\/uploads\/2018\/09\/ok-d50.jpg\" \/>\n<meta name=\"twitter:card\" content=\"summary_large_image\" \/>\n<meta name=\"twitter:label1\" content=\"Predpokladan\u00fd \u010das \u010d\u00edtania\" \/>\n\t<meta name=\"twitter:data1\" content=\"2 min\u00faty\" \/>\n<script type=\"application\/ld+json\" class=\"yoast-schema-graph\">{\"@context\":\"https:\/\/schema.org\",\"@graph\":[{\"@type\":\"WebPage\",\"@id\":\"https:\/\/bukkigyogytea.com\/sk\/produktu\/cajova-zmes-diabess-gyorgytea-50g\/\",\"url\":\"https:\/\/bukkigyogytea.com\/sk\/produktu\/cajova-zmes-diabess-gyorgytea-50g\/\",\"name\":\"\u010cajov\u00e1 zmes Diabess-Gy\u00f6rgytea 50g &#8211; B\u00fckki Gy\u00f3gytea Web\u00e1ruh\u00e1z\",\"isPartOf\":{\"@id\":\"https:\/\/bukkigyogytea.com\/sk\/#website\"},\"primaryImageOfPage\":{\"@id\":\"https:\/\/bukkigyogytea.com\/sk\/produktu\/cajova-zmes-diabess-gyorgytea-50g\/#primaryimage\"},\"image\":{\"@id\":\"https:\/\/bukkigyogytea.com\/sk\/produktu\/cajova-zmes-diabess-gyorgytea-50g\/#primaryimage\"},\"thumbnailUrl\":\"https:\/\/bukkigyogytea.com\/wp-content\/uploads\/2018\/09\/diabess_50-bal.png\",\"datePublished\":\"2018-09-06T03:27:13+00:00\",\"dateModified\":\"2025-12-01T22:03:31+00:00\",\"breadcrumb\":{\"@id\":\"https:\/\/bukkigyogytea.com\/sk\/produktu\/cajova-zmes-diabess-gyorgytea-50g\/#breadcrumb\"},\"inLanguage\":\"sk-SK\",\"potentialAction\":[{\"@type\":\"ReadAction\",\"target\":[\"https:\/\/bukkigyogytea.com\/sk\/produktu\/cajova-zmes-diabess-gyorgytea-50g\/\"]}]},{\"@type\":\"ImageObject\",\"inLanguage\":\"sk-SK\",\"@id\":\"https:\/\/bukkigyogytea.com\/sk\/produktu\/cajova-zmes-diabess-gyorgytea-50g\/#primaryimage\",\"url\":\"https:\/\/bukkigyogytea.com\/wp-content\/uploads\/2018\/09\/diabess_50-bal.png\",\"contentUrl\":\"https:\/\/bukkigyogytea.com\/wp-content\/uploads\/2018\/09\/diabess_50-bal.png\",\"width\":550,\"height\":550,\"caption\":\"Diabess Gy\u00f6rgytea teakever\u00e9k - 50 g\"},{\"@type\":\"BreadcrumbList\",\"@id\":\"https:\/\/bukkigyogytea.com\/sk\/produktu\/cajova-zmes-diabess-gyorgytea-50g\/#breadcrumb\",\"itemListElement\":[{\"@type\":\"ListItem\",\"position\":1,\"name\":\"Domov\",\"item\":\"https:\/\/bukkigyogytea.com\/sk\/\"},{\"@type\":\"ListItem\",\"position\":2,\"name\":\"Shop\",\"item\":\"https:\/\/bukkigyogytea.com\/sk\/obchodne\/\"},{\"@type\":\"ListItem\",\"position\":3,\"name\":\"\u010caje pre diabetikov\",\"item\":\"https:\/\/bukkigyogytea.com\/sk\/kategoria-produktu\/caje-pre-diabetikov\/\"},{\"@type\":\"ListItem\",\"position\":4,\"name\":\"\u010cajov\u00e1 zmes Diabess-Gy\u00f6rgytea 50g\"}]},{\"@type\":\"WebSite\",\"@id\":\"https:\/\/bukkigyogytea.com\/sk\/#website\",\"url\":\"https:\/\/bukkigyogytea.com\/sk\/\",\"name\":\"B\u00fckki Gy\u00f3gytea Web\u00e1ruh\u00e1z\",\"description\":\"Gy\u00f6rgytea hivatalos viszontelad\u00f3\",\"publisher\":{\"@id\":\"https:\/\/bukkigyogytea.com\/sk\/#organization\"},\"potentialAction\":[{\"@type\":\"SearchAction\",\"target\":{\"@type\":\"EntryPoint\",\"urlTemplate\":\"https:\/\/bukkigyogytea.com\/sk\/?s={search_term_string}\"},\"query-input\":{\"@type\":\"PropertyValueSpecification\",\"valueRequired\":true,\"valueName\":\"search_term_string\"}}],\"inLanguage\":\"sk-SK\"},{\"@type\":\"Organization\",\"@id\":\"https:\/\/bukkigyogytea.com\/sk\/#organization\",\"name\":\"B\u00fckki Gy\u00f3gytea Web\u00e1ruh\u00e1z\",\"url\":\"https:\/\/bukkigyogytea.com\/sk\/\",\"logo\":{\"@type\":\"ImageObject\",\"inLanguage\":\"sk-SK\",\"@id\":\"https:\/\/bukkigyogytea.com\/sk\/#\/schema\/logo\/image\/\",\"url\":\"https:\/\/i0.wp.com\/bukkigyogytea.com\/wp-content\/uploads\/2020\/05\/Sitelogo-1.jpg?fit=350%2C85&ssl=1\",\"contentUrl\":\"https:\/\/i0.wp.com\/bukkigyogytea.com\/wp-content\/uploads\/2020\/05\/Sitelogo-1.jpg?fit=350%2C85&ssl=1\",\"width\":350,\"height\":85,\"caption\":\"B\u00fckki Gy\u00f3gytea Web\u00e1ruh\u00e1z\"},\"image\":{\"@id\":\"https:\/\/bukkigyogytea.com\/sk\/#\/schema\/logo\/image\/\"},\"sameAs\":[\"https:\/\/www.facebook.com\/bukkigyogytea\/\"]}]}<\/script>\n<!-- \/ Yoast SEO plugin. -->","yoast_head_json":{"title":"\u010cajov\u00e1 zmes Diabess-Gy\u00f6rgytea 50g &#8211; B\u00fckki Gy\u00f3gytea Web\u00e1ruh\u00e1z","robots":{"index":"index","follow":"follow","max-snippet":"max-snippet:-1","max-image-preview":"max-image-preview:large","max-video-preview":"max-video-preview:-1"},"canonical":"https:\/\/bukkigyogytea.com\/sk\/produktu\/cajova-zmes-diabess-gyorgytea-50g\/","og_locale":"sk_SK","og_type":"article","og_title":"\u010cajov\u00e1 zmes Diabess-Gy\u00f6rgytea 50g &#8211; B\u00fckki Gy\u00f3gytea Web\u00e1ruh\u00e1z","og_description":"Na lie\u010dbu cukrovky, zn\u00ed\u017eenie hladiny cukru v krvi, ako prevencia pred mo\u017en\u00fdmi komplik\u00e1ciami","og_url":"https:\/\/bukkigyogytea.com\/sk\/produktu\/cajova-zmes-diabess-gyorgytea-50g\/","og_site_name":"B\u00fckki Gy\u00f3gytea Web\u00e1ruh\u00e1z","article_publisher":"https:\/\/www.facebook.com\/bukkigyogytea\/","article_modified_time":"2025-12-01T22:03:31+00:00","og_image":[{"url":"https:\/\/bukkigyogytea.com\/wp-content\/uploads\/2018\/09\/ok-d50.jpg","type":"","width":"","height":""}],"twitter_card":"summary_large_image","twitter_misc":{"Predpokladan\u00fd \u010das \u010d\u00edtania":"2 min\u00faty"},"schema":{"@context":"https:\/\/schema.org","@graph":[{"@type":"WebPage","@id":"https:\/\/bukkigyogytea.com\/sk\/produktu\/cajova-zmes-diabess-gyorgytea-50g\/","url":"https:\/\/bukkigyogytea.com\/sk\/produktu\/cajova-zmes-diabess-gyorgytea-50g\/","name":"\u010cajov\u00e1 zmes Diabess-Gy\u00f6rgytea 50g &#8211; B\u00fckki Gy\u00f3gytea Web\u00e1ruh\u00e1z","isPartOf":{"@id":"https:\/\/bukkigyogytea.com\/sk\/#website"},"primaryImageOfPage":{"@id":"https:\/\/bukkigyogytea.com\/sk\/produktu\/cajova-zmes-diabess-gyorgytea-50g\/#primaryimage"},"image":{"@id":"https:\/\/bukkigyogytea.com\/sk\/produktu\/cajova-zmes-diabess-gyorgytea-50g\/#primaryimage"},"thumbnailUrl":"https:\/\/bukkigyogytea.com\/wp-content\/uploads\/2018\/09\/diabess_50-bal.png","datePublished":"2018-09-06T03:27:13+00:00","dateModified":"2025-12-01T22:03:31+00:00","breadcrumb":{"@id":"https:\/\/bukkigyogytea.com\/sk\/produktu\/cajova-zmes-diabess-gyorgytea-50g\/#breadcrumb"},"inLanguage":"sk-SK","potentialAction":[{"@type":"ReadAction","target":["https:\/\/bukkigyogytea.com\/sk\/produktu\/cajova-zmes-diabess-gyorgytea-50g\/"]}]},{"@type":"ImageObject","inLanguage":"sk-SK","@id":"https:\/\/bukkigyogytea.com\/sk\/produktu\/cajova-zmes-diabess-gyorgytea-50g\/#primaryimage","url":"https:\/\/bukkigyogytea.com\/wp-content\/uploads\/2018\/09\/diabess_50-bal.png","contentUrl":"https:\/\/bukkigyogytea.com\/wp-content\/uploads\/2018\/09\/diabess_50-bal.png","width":550,"height":550,"caption":"Diabess Gy\u00f6rgytea teakever\u00e9k - 50 g"},{"@type":"BreadcrumbList","@id":"https:\/\/bukkigyogytea.com\/sk\/produktu\/cajova-zmes-diabess-gyorgytea-50g\/#breadcrumb","itemListElement":[{"@type":"ListItem","position":1,"name":"Domov","item":"https:\/\/bukkigyogytea.com\/sk\/"},{"@type":"ListItem","position":2,"name":"Shop","item":"https:\/\/bukkigyogytea.com\/sk\/obchodne\/"},{"@type":"ListItem","position":3,"name":"\u010caje pre diabetikov","item":"https:\/\/bukkigyogytea.com\/sk\/kategoria-produktu\/caje-pre-diabetikov\/"},{"@type":"ListItem","position":4,"name":"\u010cajov\u00e1 zmes Diabess-Gy\u00f6rgytea 50g"}]},{"@type":"WebSite","@id":"https:\/\/bukkigyogytea.com\/sk\/#website","url":"https:\/\/bukkigyogytea.com\/sk\/","name":"B\u00fckki Gy\u00f3gytea Web\u00e1ruh\u00e1z","description":"Gy\u00f6rgytea hivatalos viszontelad\u00f3","publisher":{"@id":"https:\/\/bukkigyogytea.com\/sk\/#organization"},"potentialAction":[{"@type":"SearchAction","target":{"@type":"EntryPoint","urlTemplate":"https:\/\/bukkigyogytea.com\/sk\/?s={search_term_string}"},"query-input":{"@type":"PropertyValueSpecification","valueRequired":true,"valueName":"search_term_string"}}],"inLanguage":"sk-SK"},{"@type":"Organization","@id":"https:\/\/bukkigyogytea.com\/sk\/#organization","name":"B\u00fckki Gy\u00f3gytea Web\u00e1ruh\u00e1z","url":"https:\/\/bukkigyogytea.com\/sk\/","logo":{"@type":"ImageObject","inLanguage":"sk-SK","@id":"https:\/\/bukkigyogytea.com\/sk\/#\/schema\/logo\/image\/","url":"https:\/\/i0.wp.com\/bukkigyogytea.com\/wp-content\/uploads\/2020\/05\/Sitelogo-1.jpg?fit=350%2C85&ssl=1","contentUrl":"https:\/\/i0.wp.com\/bukkigyogytea.com\/wp-content\/uploads\/2020\/05\/Sitelogo-1.jpg?fit=350%2C85&ssl=1","width":350,"height":85,"caption":"B\u00fckki Gy\u00f3gytea Web\u00e1ruh\u00e1z"},"image":{"@id":"https:\/\/bukkigyogytea.com\/sk\/#\/schema\/logo\/image\/"},"sameAs":["https:\/\/www.facebook.com\/bukkigyogytea\/"]}]}},"publishpress_future_action":{"enabled":false,"date":"2026-04-30 22:55:00","action":"change-status","newStatus":"draft","terms":[],"taxonomy":"product_type","extraData":[]},"publishpress_future_workflow_manual_trigger":{"enabledWorkflows":[]},"_links":{"self":[{"href":"https:\/\/bukkigyogytea.com\/sk\/wp-json\/wp\/v2\/product\/2481","targetHints":{"allow":["GET"]}}],"collection":[{"href":"https:\/\/bukkigyogytea.com\/sk\/wp-json\/wp\/v2\/product"}],"about":[{"href":"https:\/\/bukkigyogytea.com\/sk\/wp-json\/wp\/v2\/types\/product"}],"replies":[{"embeddable":true,"href":"https:\/\/bukkigyogytea.com\/sk\/wp-json\/wp\/v2\/comments?post=2481"}],"wp:featuredmedia":[{"embeddable":true,"href":"https:\/\/bukkigyogytea.com\/sk\/wp-json\/wp\/v2\/media\/2482"}],"wp:attachment":[{"href":"https:\/\/bukkigyogytea.com\/sk\/wp-json\/wp\/v2\/media?parent=2481"}],"wp:term":[{"taxonomy":"product_brand","embeddable":true,"href":"https:\/\/bukkigyogytea.com\/sk\/wp-json\/wp\/v2\/product_brand?post=2481"},{"taxonomy":"product_cat","embeddable":true,"href":"https:\/\/bukkigyogytea.com\/sk\/wp-json\/wp\/v2\/product_cat?post=2481"},{"taxonomy":"product_tag","embeddable":true,"href":"https:\/\/bukkigyogytea.com\/sk\/wp-json\/wp\/v2\/product_tag?post=2481"}],"curies":[{"name":"wp","href":"https:\/\/api.w.org\/{rel}","templated":true}]}}