{"id":18687,"date":"2026-05-07T00:15:09","date_gmt":"2026-05-06T22:15:09","guid":{"rendered":"https:\/\/bukkigyogytea.com\/termek\/gyorgytea-silueta-kapsuly\/"},"modified":"2026-05-07T00:15:09","modified_gmt":"2026-05-06T22:15:09","slug":"gyorgytea-silueta-kapsuly","status":"publish","type":"product","link":"https:\/\/bukkigyogytea.com\/sk\/produktu\/gyorgytea-silueta-kapsuly\/","title":{"rendered":"Gy\u00f6rgytea Silueta kapsuly"},"content":{"rendered":"<p><strong>Obsahuje kofe\u00edn.<\/strong> Konzum\u00e1cia sa neodpor\u00fa\u010da de\u0165om a tehotn\u00fdm \u017een\u00e1m. Obsah kofe\u00ednu: 30 mg\/denn\u00e1 d\u00e1vka.<\/p>\n<p><strong>D\u00c1VKOVANIE:<\/strong> denne 3&#215;1 kapsula po jedle.<\/p>\n<p><strong>ZLO\u017dENIE:<\/strong> pr\u00e1\u0161ok z listu p\u00fapavy lek\u00e1rskej <em>(Taraxacum officinale)<\/em>, extrakt z listu zelen\u00e9ho \u010daju bohat\u00fd na EGCG <em>(Camellia sinensis)<\/em>, pr\u00e1\u0161ok z v\u00fdhonkov \u010dakanky oby\u010dajnej <em>(Cichorium intybus)<\/em>, pr\u00e1\u0161ok z kvetu ag\u00e1tu bieleho <em>(Robinia pseudoacacia)<\/em>, pr\u00e1\u0161ok z p\u00fa\u010dikov trnky oby\u010dajnej <em>(Prunus spinosa)<\/em>, kapsulov\u00fd obal (hydroxypropylmetylcelul\u00f3za).<\/p>\n<p><strong>AKT\u00cdVNE L\u00c1TKY V DENNEJ D\u00c1VKE (3 KAPSULY):<\/strong> list p\u00fapavy: 350 mg; extrakt z listu zelen\u00e9ho \u010daju bohat\u00fd na EGCG: 300 mg (z toho celkov\u00e9 polyfenoly 150 mg, EGCG (-)-epigalokatech\u00edn-3-gal\u00e1t: 48 mg, kofe\u00edn: 30 mg); v\u00fdhonok \u010dakanky oby\u010dajnej: 100 mg; kvet ag\u00e1tu bieleho: 100 mg; p\u00fa\u010diky trnky: 50 mg.<\/p>\n<p><strong>UPOZORNENIA<\/strong><br \/>\nNeprekra\u010dujte mno\u017estvo uveden\u00e9 v odpor\u00fa\u010danom d\u00e1vkovan\u00ed. Uchov\u00e1vajte mimo dosahu det\u00ed. Pr\u00edpravok nenahr\u00e1dza vyv\u00e1\u017een\u00fa pestr\u00fa stravu a zdrav\u00fd \u017eivotn\u00fd \u0161t\u00fdl. Denn\u00e1 konzum\u00e1cia EGCG (-)-epigalokatech\u00edn-3-gal\u00e1tu nesmie dosiahnu\u0165 ani prekro\u010di\u0165 800 mg denne. Nesmie sa konzumova\u0165 v ten ist\u00fd de\u0148 s in\u00fdmi v\u00fdrobkami obsahuj\u00facimi zelen\u00fd \u010daj. Obsahuje kofe\u00edn. Tehotn\u00e9 alebo doj\u010diace \u017eeny a deti mlad\u0161ie ako 18 rokov nesm\u00fa pr\u00edpravok konzumova\u0165. Nekonzumujte nala\u010dno.<\/p>\n<p><strong>bez lakt\u00f3zy | veg\u00e1nske | bez konzerva\u010dn\u00fdch l\u00e1tok<\/strong><\/p>\n","protected":false},"excerpt":{"rendered":"<h3>Na podporu prirodzenej kontroly telesnej hmotnosti<\/h3>\n<p>Pr\u00edrodn\u00fd <strong>extrakt zo zelen\u00e9ho \u010daju s EGCG<\/strong> podporuje zr\u00fdchlenie metabolizmu, prispieva k oxid\u00e1cii tukov, podporuje norm\u00e1lnu hladinu cukru v krvi a zdrav\u00fa tvorbu inzul\u00ednu. <strong>P\u00fa\u010diky trnky <\/strong>podporuj\u00fa energickos\u0165 organizmu.<\/p>\n<p><strong>bez lakt\u00f3zy | veg\u00e1nske | bez konzerva\u010dn\u00fdch l\u00e1tok<\/strong><\/p>\n","protected":false},"featured_media":18578,"comment_status":"closed","ping_status":"closed","template":"","meta":{"_acf_changed":false},"product_brand":[],"product_cat":[377],"product_tag":[],"class_list":{"0":"post-18687","1":"product","2":"type-product","3":"status-publish","4":"has-post-thumbnail","6":"product_cat-bylinne-kapsuly","7":"sales-flash-overlay","8":"woocommerce-text-align-center","9":"woocommerce-image-align-center","10":"do-quantity-buttons","12":"first","13":"instock","14":"sale","15":"taxable","16":"shipping-taxable","17":"purchasable","18":"product-type-simple"},"acf":{"blog_termekleiras":""},"yoast_head":"<!-- This site is optimized with the Yoast SEO plugin v26.9 - https:\/\/yoast.com\/product\/yoast-seo-wordpress\/ -->\n<title>Gy\u00f6rgytea Silueta kapsuly &#8211; B\u00fckki Gy\u00f3gytea Web\u00e1ruh\u00e1z<\/title>\n<meta name=\"robots\" content=\"index, follow, max-snippet:-1, max-image-preview:large, max-video-preview:-1\" \/>\n<link rel=\"canonical\" href=\"https:\/\/bukkigyogytea.com\/sk\/produktu\/gyorgytea-silueta-kapsuly\/\" \/>\n<meta property=\"og:locale\" content=\"sk_SK\" \/>\n<meta property=\"og:type\" content=\"article\" \/>\n<meta property=\"og:title\" content=\"Gy\u00f6rgytea Silueta kapsuly &#8211; B\u00fckki Gy\u00f3gytea Web\u00e1ruh\u00e1z\" \/>\n<meta property=\"og:description\" content=\"Na podporu prirodzenej kontroly telesnej hmotnosti Pr\u00edrodn\u00fd extrakt zo zelen\u00e9ho \u010daju s EGCG podporuje zr\u00fdchlenie metabolizmu, prispieva k oxid\u00e1cii tukov, podporuje norm\u00e1lnu hladinu cukru v krvi a zdrav\u00fa tvorbu inzul\u00ednu. P\u00fa\u010diky trnky podporuj\u00fa energickos\u0165 organizmu.  bez lakt\u00f3zy | veg\u00e1nske | bez konzerva\u010dn\u00fdch l\u00e1tok\" \/>\n<meta property=\"og:url\" content=\"https:\/\/bukkigyogytea.com\/sk\/produktu\/gyorgytea-silueta-kapsuly\/\" \/>\n<meta property=\"og:site_name\" content=\"B\u00fckki Gy\u00f3gytea Web\u00e1ruh\u00e1z\" \/>\n<meta property=\"article:publisher\" content=\"https:\/\/www.facebook.com\/bukkigyogytea\/\" \/>\n<meta property=\"og:image\" content=\"https:\/\/bukkigyogytea.com\/wp-content\/uploads\/2026\/05\/Gyorgytea-sziluett-kapszula-og-1024x536.jpg\" \/>\n<meta name=\"twitter:card\" content=\"summary_large_image\" \/>\n<meta name=\"twitter:label1\" content=\"Predpokladan\u00fd \u010das \u010d\u00edtania\" \/>\n\t<meta name=\"twitter:data1\" content=\"1 min\u00fata\" \/>\n<script type=\"application\/ld+json\" class=\"yoast-schema-graph\">{\"@context\":\"https:\/\/schema.org\",\"@graph\":[{\"@type\":\"WebPage\",\"@id\":\"https:\/\/bukkigyogytea.com\/sk\/produktu\/gyorgytea-silueta-kapsuly\/\",\"url\":\"https:\/\/bukkigyogytea.com\/sk\/produktu\/gyorgytea-silueta-kapsuly\/\",\"name\":\"Gy\u00f6rgytea Silueta kapsuly &#8211; B\u00fckki Gy\u00f3gytea Web\u00e1ruh\u00e1z\",\"isPartOf\":{\"@id\":\"https:\/\/bukkigyogytea.com\/sk\/#website\"},\"primaryImageOfPage\":{\"@id\":\"https:\/\/bukkigyogytea.com\/sk\/produktu\/gyorgytea-silueta-kapsuly\/#primaryimage\"},\"image\":{\"@id\":\"https:\/\/bukkigyogytea.com\/sk\/produktu\/gyorgytea-silueta-kapsuly\/#primaryimage\"},\"thumbnailUrl\":\"https:\/\/bukkigyogytea.com\/wp-content\/uploads\/2026\/05\/Gyorgytea-sziluett-kapszula.jpg\",\"datePublished\":\"2026-05-06T22:15:09+00:00\",\"breadcrumb\":{\"@id\":\"https:\/\/bukkigyogytea.com\/sk\/produktu\/gyorgytea-silueta-kapsuly\/#breadcrumb\"},\"inLanguage\":\"sk-SK\",\"potentialAction\":[{\"@type\":\"ReadAction\",\"target\":[\"https:\/\/bukkigyogytea.com\/sk\/produktu\/gyorgytea-silueta-kapsuly\/\"]}]},{\"@type\":\"ImageObject\",\"inLanguage\":\"sk-SK\",\"@id\":\"https:\/\/bukkigyogytea.com\/sk\/produktu\/gyorgytea-silueta-kapsuly\/#primaryimage\",\"url\":\"https:\/\/bukkigyogytea.com\/wp-content\/uploads\/2026\/05\/Gyorgytea-sziluett-kapszula.jpg\",\"contentUrl\":\"https:\/\/bukkigyogytea.com\/wp-content\/uploads\/2026\/05\/Gyorgytea-sziluett-kapszula.jpg\",\"width\":900,\"height\":900},{\"@type\":\"BreadcrumbList\",\"@id\":\"https:\/\/bukkigyogytea.com\/sk\/produktu\/gyorgytea-silueta-kapsuly\/#breadcrumb\",\"itemListElement\":[{\"@type\":\"ListItem\",\"position\":1,\"name\":\"Domov\",\"item\":\"https:\/\/bukkigyogytea.com\/sk\/\"},{\"@type\":\"ListItem\",\"position\":2,\"name\":\"Shop\",\"item\":\"https:\/\/bukkigyogytea.com\/sk\/obchodne\/\"},{\"@type\":\"ListItem\",\"position\":3,\"name\":\"Gy\u00f6rgytea Silueta kapsuly\"}]},{\"@type\":\"WebSite\",\"@id\":\"https:\/\/bukkigyogytea.com\/sk\/#website\",\"url\":\"https:\/\/bukkigyogytea.com\/sk\/\",\"name\":\"B\u00fckki Gy\u00f3gytea Web\u00e1ruh\u00e1z\",\"description\":\"Gy\u00f6rgytea hivatalos viszontelad\u00f3\",\"publisher\":{\"@id\":\"https:\/\/bukkigyogytea.com\/sk\/#organization\"},\"potentialAction\":[{\"@type\":\"SearchAction\",\"target\":{\"@type\":\"EntryPoint\",\"urlTemplate\":\"https:\/\/bukkigyogytea.com\/sk\/?s={search_term_string}\"},\"query-input\":{\"@type\":\"PropertyValueSpecification\",\"valueRequired\":true,\"valueName\":\"search_term_string\"}}],\"inLanguage\":\"sk-SK\"},{\"@type\":\"Organization\",\"@id\":\"https:\/\/bukkigyogytea.com\/sk\/#organization\",\"name\":\"B\u00fckki Gy\u00f3gytea Web\u00e1ruh\u00e1z\",\"url\":\"https:\/\/bukkigyogytea.com\/sk\/\",\"logo\":{\"@type\":\"ImageObject\",\"inLanguage\":\"sk-SK\",\"@id\":\"https:\/\/bukkigyogytea.com\/sk\/#\/schema\/logo\/image\/\",\"url\":\"https:\/\/i0.wp.com\/bukkigyogytea.com\/wp-content\/uploads\/2020\/05\/Sitelogo-1.jpg?fit=350%2C85&ssl=1\",\"contentUrl\":\"https:\/\/i0.wp.com\/bukkigyogytea.com\/wp-content\/uploads\/2020\/05\/Sitelogo-1.jpg?fit=350%2C85&ssl=1\",\"width\":350,\"height\":85,\"caption\":\"B\u00fckki Gy\u00f3gytea Web\u00e1ruh\u00e1z\"},\"image\":{\"@id\":\"https:\/\/bukkigyogytea.com\/sk\/#\/schema\/logo\/image\/\"},\"sameAs\":[\"https:\/\/www.facebook.com\/bukkigyogytea\/\"]}]}<\/script>\n<!-- \/ Yoast SEO plugin. -->","yoast_head_json":{"title":"Gy\u00f6rgytea Silueta kapsuly &#8211; B\u00fckki Gy\u00f3gytea Web\u00e1ruh\u00e1z","robots":{"index":"index","follow":"follow","max-snippet":"max-snippet:-1","max-image-preview":"max-image-preview:large","max-video-preview":"max-video-preview:-1"},"canonical":"https:\/\/bukkigyogytea.com\/sk\/produktu\/gyorgytea-silueta-kapsuly\/","og_locale":"sk_SK","og_type":"article","og_title":"Gy\u00f6rgytea Silueta kapsuly &#8211; B\u00fckki Gy\u00f3gytea Web\u00e1ruh\u00e1z","og_description":"Na podporu prirodzenej kontroly telesnej hmotnosti Pr\u00edrodn\u00fd extrakt zo zelen\u00e9ho \u010daju s EGCG podporuje zr\u00fdchlenie metabolizmu, prispieva k oxid\u00e1cii tukov, podporuje norm\u00e1lnu hladinu cukru v krvi a zdrav\u00fa tvorbu inzul\u00ednu. P\u00fa\u010diky trnky podporuj\u00fa energickos\u0165 organizmu.  bez lakt\u00f3zy | veg\u00e1nske | bez konzerva\u010dn\u00fdch l\u00e1tok","og_url":"https:\/\/bukkigyogytea.com\/sk\/produktu\/gyorgytea-silueta-kapsuly\/","og_site_name":"B\u00fckki Gy\u00f3gytea Web\u00e1ruh\u00e1z","article_publisher":"https:\/\/www.facebook.com\/bukkigyogytea\/","og_image":[{"url":"https:\/\/bukkigyogytea.com\/wp-content\/uploads\/2026\/05\/Gyorgytea-sziluett-kapszula-og-1024x536.jpg","type":"","width":"","height":""}],"twitter_card":"summary_large_image","twitter_misc":{"Predpokladan\u00fd \u010das \u010d\u00edtania":"1 min\u00fata"},"schema":{"@context":"https:\/\/schema.org","@graph":[{"@type":"WebPage","@id":"https:\/\/bukkigyogytea.com\/sk\/produktu\/gyorgytea-silueta-kapsuly\/","url":"https:\/\/bukkigyogytea.com\/sk\/produktu\/gyorgytea-silueta-kapsuly\/","name":"Gy\u00f6rgytea Silueta kapsuly &#8211; B\u00fckki Gy\u00f3gytea Web\u00e1ruh\u00e1z","isPartOf":{"@id":"https:\/\/bukkigyogytea.com\/sk\/#website"},"primaryImageOfPage":{"@id":"https:\/\/bukkigyogytea.com\/sk\/produktu\/gyorgytea-silueta-kapsuly\/#primaryimage"},"image":{"@id":"https:\/\/bukkigyogytea.com\/sk\/produktu\/gyorgytea-silueta-kapsuly\/#primaryimage"},"thumbnailUrl":"https:\/\/bukkigyogytea.com\/wp-content\/uploads\/2026\/05\/Gyorgytea-sziluett-kapszula.jpg","datePublished":"2026-05-06T22:15:09+00:00","breadcrumb":{"@id":"https:\/\/bukkigyogytea.com\/sk\/produktu\/gyorgytea-silueta-kapsuly\/#breadcrumb"},"inLanguage":"sk-SK","potentialAction":[{"@type":"ReadAction","target":["https:\/\/bukkigyogytea.com\/sk\/produktu\/gyorgytea-silueta-kapsuly\/"]}]},{"@type":"ImageObject","inLanguage":"sk-SK","@id":"https:\/\/bukkigyogytea.com\/sk\/produktu\/gyorgytea-silueta-kapsuly\/#primaryimage","url":"https:\/\/bukkigyogytea.com\/wp-content\/uploads\/2026\/05\/Gyorgytea-sziluett-kapszula.jpg","contentUrl":"https:\/\/bukkigyogytea.com\/wp-content\/uploads\/2026\/05\/Gyorgytea-sziluett-kapszula.jpg","width":900,"height":900},{"@type":"BreadcrumbList","@id":"https:\/\/bukkigyogytea.com\/sk\/produktu\/gyorgytea-silueta-kapsuly\/#breadcrumb","itemListElement":[{"@type":"ListItem","position":1,"name":"Domov","item":"https:\/\/bukkigyogytea.com\/sk\/"},{"@type":"ListItem","position":2,"name":"Shop","item":"https:\/\/bukkigyogytea.com\/sk\/obchodne\/"},{"@type":"ListItem","position":3,"name":"Gy\u00f6rgytea Silueta kapsuly"}]},{"@type":"WebSite","@id":"https:\/\/bukkigyogytea.com\/sk\/#website","url":"https:\/\/bukkigyogytea.com\/sk\/","name":"B\u00fckki Gy\u00f3gytea Web\u00e1ruh\u00e1z","description":"Gy\u00f6rgytea hivatalos viszontelad\u00f3","publisher":{"@id":"https:\/\/bukkigyogytea.com\/sk\/#organization"},"potentialAction":[{"@type":"SearchAction","target":{"@type":"EntryPoint","urlTemplate":"https:\/\/bukkigyogytea.com\/sk\/?s={search_term_string}"},"query-input":{"@type":"PropertyValueSpecification","valueRequired":true,"valueName":"search_term_string"}}],"inLanguage":"sk-SK"},{"@type":"Organization","@id":"https:\/\/bukkigyogytea.com\/sk\/#organization","name":"B\u00fckki Gy\u00f3gytea Web\u00e1ruh\u00e1z","url":"https:\/\/bukkigyogytea.com\/sk\/","logo":{"@type":"ImageObject","inLanguage":"sk-SK","@id":"https:\/\/bukkigyogytea.com\/sk\/#\/schema\/logo\/image\/","url":"https:\/\/i0.wp.com\/bukkigyogytea.com\/wp-content\/uploads\/2020\/05\/Sitelogo-1.jpg?fit=350%2C85&ssl=1","contentUrl":"https:\/\/i0.wp.com\/bukkigyogytea.com\/wp-content\/uploads\/2020\/05\/Sitelogo-1.jpg?fit=350%2C85&ssl=1","width":350,"height":85,"caption":"B\u00fckki Gy\u00f3gytea Web\u00e1ruh\u00e1z"},"image":{"@id":"https:\/\/bukkigyogytea.com\/sk\/#\/schema\/logo\/image\/"},"sameAs":["https:\/\/www.facebook.com\/bukkigyogytea\/"]}]}},"publishpress_future_action":{"enabled":false,"date":"2026-05-11 22:55:00","action":"change-status","newStatus":"draft","terms":[],"taxonomy":"product_type","extraData":[]},"publishpress_future_workflow_manual_trigger":{"enabledWorkflows":[]},"_links":{"self":[{"href":"https:\/\/bukkigyogytea.com\/sk\/wp-json\/wp\/v2\/product\/18687","targetHints":{"allow":["GET"]}}],"collection":[{"href":"https:\/\/bukkigyogytea.com\/sk\/wp-json\/wp\/v2\/product"}],"about":[{"href":"https:\/\/bukkigyogytea.com\/sk\/wp-json\/wp\/v2\/types\/product"}],"replies":[{"embeddable":true,"href":"https:\/\/bukkigyogytea.com\/sk\/wp-json\/wp\/v2\/comments?post=18687"}],"wp:featuredmedia":[{"embeddable":true,"href":"https:\/\/bukkigyogytea.com\/sk\/wp-json\/wp\/v2\/media\/18578"}],"wp:attachment":[{"href":"https:\/\/bukkigyogytea.com\/sk\/wp-json\/wp\/v2\/media?parent=18687"}],"wp:term":[{"taxonomy":"product_brand","embeddable":true,"href":"https:\/\/bukkigyogytea.com\/sk\/wp-json\/wp\/v2\/product_brand?post=18687"},{"taxonomy":"product_cat","embeddable":true,"href":"https:\/\/bukkigyogytea.com\/sk\/wp-json\/wp\/v2\/product_cat?post=18687"},{"taxonomy":"product_tag","embeddable":true,"href":"https:\/\/bukkigyogytea.com\/sk\/wp-json\/wp\/v2\/product_tag?post=18687"}],"curies":[{"name":"wp","href":"https:\/\/api.w.org\/{rel}","templated":true}]}}