{"id":18684,"date":"2026-05-07T00:15:08","date_gmt":"2026-05-06T22:15:08","guid":{"rendered":"https:\/\/bukkigyogytea.com\/termek\/gyorgytea-stitna-zlaza-kapsuly\/"},"modified":"2026-05-07T00:15:08","modified_gmt":"2026-05-06T22:15:08","slug":"gyorgytea-stitna-zlaza-kapsuly","status":"publish","type":"product","link":"https:\/\/bukkigyogytea.com\/sk\/produktu\/gyorgytea-stitna-zlaza-kapsuly\/","title":{"rendered":"Gy\u00f6rgytea \u0160t\u00edtna \u017e\u013eaza kapsuly"},"content":{"rendered":"<p><strong>D\u00c1VKOVANIE:<\/strong> denne 2 kapsuly r\u00e1no, po jedle.<\/p>\n<p><strong>ZLO\u017dENIE:<\/strong> pr\u00e1\u0161ok z kvitn\u00facej v\u0148ate pamajor\u00e1nu oby\u010dajn\u00e9ho <em>(Origanum vulgare subsp. vulgare)<\/em>, extrakt z medovky lek\u00e1rskej <em>(Melissa officinalis)<\/em>, pr\u00e1\u0161ok z plodov vitexu jah\u0148acieho <em>(Vitex agnus-castus)<\/em>, sel\u00e9n (L-selenometion\u00edn), kapsulov\u00fd obal (hydroxypropylmetylcelul\u00f3za).<\/p>\n<p><strong>AKT\u00cdVNE L\u00c1TKY V DENNEJ D\u00c1VKE (2 KAPSULY):<\/strong> pamajor\u00e1n oby\u010dajn\u00fd: 300 mg; extrakt z medovky: 240 mg (\u010do zodpoved\u00e1 960 mg medovky); plody vitexu jah\u0148acieho: 50 mg; sel\u00e9n: 55 \u00b5g (NRV* 100 %).<\/p>\n<p><em>Denn\u00e1 odpor\u00fa\u010dan\u00e1 referen\u010dn\u00e1 hodnota pr\u00edjmu pre dospel\u00fdch.<\/em><\/p>\n<p><strong>UPOZORNENIA<\/strong><br \/>\nNeprekra\u010dujte mno\u017estvo uveden\u00e9 v odpor\u00fa\u010danom d\u00e1vkovan\u00ed. Uchov\u00e1vajte mimo dosahu det\u00ed. Pr\u00edpravok nenahr\u00e1dza vyv\u00e1\u017een\u00fa pestr\u00fa stravu a zdrav\u00fd \u017eivotn\u00fd \u0161t\u00fdl. U\u017e\u00edvanie po\u010das tehotenstva a doj\u010denia, ako aj u os\u00f4b mlad\u0161\u00edch ako 18 rokov sa neodpor\u00fa\u010da.<\/p>\n<p><strong>bez lakt\u00f3zy | veg\u00e1nske |\u00a0bez konzerva\u010dn\u00fdch l\u00e1tok<\/strong><\/p>\n","protected":false},"excerpt":{"rendered":"<h3>Na podporu funkcie \u0161t\u00edtnej \u017e\u013eazy<\/h3>\n<p>Sel\u00e9n prispieva k norm\u00e1lnej funkcii \u0161t\u00edtnej \u017e\u013eazy.<strong> Medovka<\/strong> podporuje pozit\u00edvnu n\u00e1ladu a dobr\u00e9 kognit\u00edvne funkcie a prispieva k optim\u00e1lnej relax\u00e1cii.<\/p>\n<p><strong>bez lakt\u00f3zy | veg\u00e1nske |\u00a0bez konzerva\u010dn\u00fdch l\u00e1tok<\/strong><\/p>\n","protected":false},"featured_media":18572,"comment_status":"closed","ping_status":"closed","template":"","meta":{"_acf_changed":false},"product_brand":[],"product_cat":[377],"product_tag":[],"class_list":{"0":"post-18684","1":"product","2":"type-product","3":"status-publish","4":"has-post-thumbnail","6":"product_cat-bylinne-kapsuly","7":"sales-flash-overlay","8":"woocommerce-text-align-center","9":"woocommerce-image-align-center","10":"do-quantity-buttons","12":"first","13":"instock","14":"sale","15":"taxable","16":"shipping-taxable","17":"purchasable","18":"product-type-simple"},"acf":{"blog_termekleiras":""},"yoast_head":"<!-- This site is optimized with the Yoast SEO plugin v26.9 - https:\/\/yoast.com\/product\/yoast-seo-wordpress\/ -->\n<title>Gy\u00f6rgytea \u0160t\u00edtna \u017e\u013eaza kapsuly &#8211; B\u00fckki Gy\u00f3gytea Web\u00e1ruh\u00e1z<\/title>\n<meta name=\"robots\" content=\"index, follow, max-snippet:-1, max-image-preview:large, max-video-preview:-1\" \/>\n<link rel=\"canonical\" href=\"https:\/\/bukkigyogytea.com\/sk\/produktu\/gyorgytea-stitna-zlaza-kapsuly\/\" \/>\n<meta property=\"og:locale\" content=\"sk_SK\" \/>\n<meta property=\"og:type\" content=\"article\" \/>\n<meta property=\"og:title\" content=\"Gy\u00f6rgytea \u0160t\u00edtna \u017e\u013eaza kapsuly &#8211; B\u00fckki Gy\u00f3gytea Web\u00e1ruh\u00e1z\" \/>\n<meta property=\"og:description\" content=\"Na podporu funkcie \u0161t\u00edtnej \u017e\u013eazy Sel\u00e9n prispieva k norm\u00e1lnej funkcii \u0161t\u00edtnej \u017e\u013eazy. Medovka podporuje pozit\u00edvnu n\u00e1ladu a dobr\u00e9 kognit\u00edvne funkcie a prispieva k optim\u00e1lnej relax\u00e1cii.  bez lakt\u00f3zy | veg\u00e1nske |\u00a0bez konzerva\u010dn\u00fdch l\u00e1tok\" \/>\n<meta property=\"og:url\" content=\"https:\/\/bukkigyogytea.com\/sk\/produktu\/gyorgytea-stitna-zlaza-kapsuly\/\" \/>\n<meta property=\"og:site_name\" content=\"B\u00fckki Gy\u00f3gytea Web\u00e1ruh\u00e1z\" \/>\n<meta property=\"article:publisher\" content=\"https:\/\/www.facebook.com\/bukkigyogytea\/\" \/>\n<meta property=\"og:image\" content=\"https:\/\/bukkigyogytea.com\/wp-content\/uploads\/2026\/05\/Gyorgytea-pajzsmirigy-kapszula-og-1024x536.jpg\" \/>\n<meta name=\"twitter:card\" content=\"summary_large_image\" \/>\n<meta name=\"twitter:label1\" content=\"Predpokladan\u00fd \u010das \u010d\u00edtania\" \/>\n\t<meta name=\"twitter:data1\" content=\"1 min\u00fata\" \/>\n<script type=\"application\/ld+json\" class=\"yoast-schema-graph\">{\"@context\":\"https:\/\/schema.org\",\"@graph\":[{\"@type\":\"WebPage\",\"@id\":\"https:\/\/bukkigyogytea.com\/sk\/produktu\/gyorgytea-stitna-zlaza-kapsuly\/\",\"url\":\"https:\/\/bukkigyogytea.com\/sk\/produktu\/gyorgytea-stitna-zlaza-kapsuly\/\",\"name\":\"Gy\u00f6rgytea \u0160t\u00edtna \u017e\u013eaza kapsuly &#8211; B\u00fckki Gy\u00f3gytea Web\u00e1ruh\u00e1z\",\"isPartOf\":{\"@id\":\"https:\/\/bukkigyogytea.com\/sk\/#website\"},\"primaryImageOfPage\":{\"@id\":\"https:\/\/bukkigyogytea.com\/sk\/produktu\/gyorgytea-stitna-zlaza-kapsuly\/#primaryimage\"},\"image\":{\"@id\":\"https:\/\/bukkigyogytea.com\/sk\/produktu\/gyorgytea-stitna-zlaza-kapsuly\/#primaryimage\"},\"thumbnailUrl\":\"https:\/\/bukkigyogytea.com\/wp-content\/uploads\/2026\/05\/Gyorgytea-pajzsmirigy-kapszula.jpg\",\"datePublished\":\"2026-05-06T22:15:08+00:00\",\"breadcrumb\":{\"@id\":\"https:\/\/bukkigyogytea.com\/sk\/produktu\/gyorgytea-stitna-zlaza-kapsuly\/#breadcrumb\"},\"inLanguage\":\"sk-SK\",\"potentialAction\":[{\"@type\":\"ReadAction\",\"target\":[\"https:\/\/bukkigyogytea.com\/sk\/produktu\/gyorgytea-stitna-zlaza-kapsuly\/\"]}]},{\"@type\":\"ImageObject\",\"inLanguage\":\"sk-SK\",\"@id\":\"https:\/\/bukkigyogytea.com\/sk\/produktu\/gyorgytea-stitna-zlaza-kapsuly\/#primaryimage\",\"url\":\"https:\/\/bukkigyogytea.com\/wp-content\/uploads\/2026\/05\/Gyorgytea-pajzsmirigy-kapszula.jpg\",\"contentUrl\":\"https:\/\/bukkigyogytea.com\/wp-content\/uploads\/2026\/05\/Gyorgytea-pajzsmirigy-kapszula.jpg\",\"width\":900,\"height\":900},{\"@type\":\"BreadcrumbList\",\"@id\":\"https:\/\/bukkigyogytea.com\/sk\/produktu\/gyorgytea-stitna-zlaza-kapsuly\/#breadcrumb\",\"itemListElement\":[{\"@type\":\"ListItem\",\"position\":1,\"name\":\"Domov\",\"item\":\"https:\/\/bukkigyogytea.com\/sk\/\"},{\"@type\":\"ListItem\",\"position\":2,\"name\":\"Shop\",\"item\":\"https:\/\/bukkigyogytea.com\/sk\/obchodne\/\"},{\"@type\":\"ListItem\",\"position\":3,\"name\":\"Gy\u00f6rgytea \u0160t\u00edtna \u017e\u013eaza kapsuly\"}]},{\"@type\":\"WebSite\",\"@id\":\"https:\/\/bukkigyogytea.com\/sk\/#website\",\"url\":\"https:\/\/bukkigyogytea.com\/sk\/\",\"name\":\"B\u00fckki Gy\u00f3gytea Web\u00e1ruh\u00e1z\",\"description\":\"Gy\u00f6rgytea hivatalos viszontelad\u00f3\",\"publisher\":{\"@id\":\"https:\/\/bukkigyogytea.com\/sk\/#organization\"},\"potentialAction\":[{\"@type\":\"SearchAction\",\"target\":{\"@type\":\"EntryPoint\",\"urlTemplate\":\"https:\/\/bukkigyogytea.com\/sk\/?s={search_term_string}\"},\"query-input\":{\"@type\":\"PropertyValueSpecification\",\"valueRequired\":true,\"valueName\":\"search_term_string\"}}],\"inLanguage\":\"sk-SK\"},{\"@type\":\"Organization\",\"@id\":\"https:\/\/bukkigyogytea.com\/sk\/#organization\",\"name\":\"B\u00fckki Gy\u00f3gytea Web\u00e1ruh\u00e1z\",\"url\":\"https:\/\/bukkigyogytea.com\/sk\/\",\"logo\":{\"@type\":\"ImageObject\",\"inLanguage\":\"sk-SK\",\"@id\":\"https:\/\/bukkigyogytea.com\/sk\/#\/schema\/logo\/image\/\",\"url\":\"https:\/\/i0.wp.com\/bukkigyogytea.com\/wp-content\/uploads\/2020\/05\/Sitelogo-1.jpg?fit=350%2C85&ssl=1\",\"contentUrl\":\"https:\/\/i0.wp.com\/bukkigyogytea.com\/wp-content\/uploads\/2020\/05\/Sitelogo-1.jpg?fit=350%2C85&ssl=1\",\"width\":350,\"height\":85,\"caption\":\"B\u00fckki Gy\u00f3gytea Web\u00e1ruh\u00e1z\"},\"image\":{\"@id\":\"https:\/\/bukkigyogytea.com\/sk\/#\/schema\/logo\/image\/\"},\"sameAs\":[\"https:\/\/www.facebook.com\/bukkigyogytea\/\"]}]}<\/script>\n<!-- \/ Yoast SEO plugin. -->","yoast_head_json":{"title":"Gy\u00f6rgytea \u0160t\u00edtna \u017e\u013eaza kapsuly &#8211; B\u00fckki Gy\u00f3gytea Web\u00e1ruh\u00e1z","robots":{"index":"index","follow":"follow","max-snippet":"max-snippet:-1","max-image-preview":"max-image-preview:large","max-video-preview":"max-video-preview:-1"},"canonical":"https:\/\/bukkigyogytea.com\/sk\/produktu\/gyorgytea-stitna-zlaza-kapsuly\/","og_locale":"sk_SK","og_type":"article","og_title":"Gy\u00f6rgytea \u0160t\u00edtna \u017e\u013eaza kapsuly &#8211; B\u00fckki Gy\u00f3gytea Web\u00e1ruh\u00e1z","og_description":"Na podporu funkcie \u0161t\u00edtnej \u017e\u013eazy Sel\u00e9n prispieva k norm\u00e1lnej funkcii \u0161t\u00edtnej \u017e\u013eazy. Medovka podporuje pozit\u00edvnu n\u00e1ladu a dobr\u00e9 kognit\u00edvne funkcie a prispieva k optim\u00e1lnej relax\u00e1cii.  bez lakt\u00f3zy | veg\u00e1nske |\u00a0bez konzerva\u010dn\u00fdch l\u00e1tok","og_url":"https:\/\/bukkigyogytea.com\/sk\/produktu\/gyorgytea-stitna-zlaza-kapsuly\/","og_site_name":"B\u00fckki Gy\u00f3gytea Web\u00e1ruh\u00e1z","article_publisher":"https:\/\/www.facebook.com\/bukkigyogytea\/","og_image":[{"url":"https:\/\/bukkigyogytea.com\/wp-content\/uploads\/2026\/05\/Gyorgytea-pajzsmirigy-kapszula-og-1024x536.jpg","type":"","width":"","height":""}],"twitter_card":"summary_large_image","twitter_misc":{"Predpokladan\u00fd \u010das \u010d\u00edtania":"1 min\u00fata"},"schema":{"@context":"https:\/\/schema.org","@graph":[{"@type":"WebPage","@id":"https:\/\/bukkigyogytea.com\/sk\/produktu\/gyorgytea-stitna-zlaza-kapsuly\/","url":"https:\/\/bukkigyogytea.com\/sk\/produktu\/gyorgytea-stitna-zlaza-kapsuly\/","name":"Gy\u00f6rgytea \u0160t\u00edtna \u017e\u013eaza kapsuly &#8211; B\u00fckki Gy\u00f3gytea Web\u00e1ruh\u00e1z","isPartOf":{"@id":"https:\/\/bukkigyogytea.com\/sk\/#website"},"primaryImageOfPage":{"@id":"https:\/\/bukkigyogytea.com\/sk\/produktu\/gyorgytea-stitna-zlaza-kapsuly\/#primaryimage"},"image":{"@id":"https:\/\/bukkigyogytea.com\/sk\/produktu\/gyorgytea-stitna-zlaza-kapsuly\/#primaryimage"},"thumbnailUrl":"https:\/\/bukkigyogytea.com\/wp-content\/uploads\/2026\/05\/Gyorgytea-pajzsmirigy-kapszula.jpg","datePublished":"2026-05-06T22:15:08+00:00","breadcrumb":{"@id":"https:\/\/bukkigyogytea.com\/sk\/produktu\/gyorgytea-stitna-zlaza-kapsuly\/#breadcrumb"},"inLanguage":"sk-SK","potentialAction":[{"@type":"ReadAction","target":["https:\/\/bukkigyogytea.com\/sk\/produktu\/gyorgytea-stitna-zlaza-kapsuly\/"]}]},{"@type":"ImageObject","inLanguage":"sk-SK","@id":"https:\/\/bukkigyogytea.com\/sk\/produktu\/gyorgytea-stitna-zlaza-kapsuly\/#primaryimage","url":"https:\/\/bukkigyogytea.com\/wp-content\/uploads\/2026\/05\/Gyorgytea-pajzsmirigy-kapszula.jpg","contentUrl":"https:\/\/bukkigyogytea.com\/wp-content\/uploads\/2026\/05\/Gyorgytea-pajzsmirigy-kapszula.jpg","width":900,"height":900},{"@type":"BreadcrumbList","@id":"https:\/\/bukkigyogytea.com\/sk\/produktu\/gyorgytea-stitna-zlaza-kapsuly\/#breadcrumb","itemListElement":[{"@type":"ListItem","position":1,"name":"Domov","item":"https:\/\/bukkigyogytea.com\/sk\/"},{"@type":"ListItem","position":2,"name":"Shop","item":"https:\/\/bukkigyogytea.com\/sk\/obchodne\/"},{"@type":"ListItem","position":3,"name":"Gy\u00f6rgytea \u0160t\u00edtna \u017e\u013eaza kapsuly"}]},{"@type":"WebSite","@id":"https:\/\/bukkigyogytea.com\/sk\/#website","url":"https:\/\/bukkigyogytea.com\/sk\/","name":"B\u00fckki Gy\u00f3gytea Web\u00e1ruh\u00e1z","description":"Gy\u00f6rgytea hivatalos viszontelad\u00f3","publisher":{"@id":"https:\/\/bukkigyogytea.com\/sk\/#organization"},"potentialAction":[{"@type":"SearchAction","target":{"@type":"EntryPoint","urlTemplate":"https:\/\/bukkigyogytea.com\/sk\/?s={search_term_string}"},"query-input":{"@type":"PropertyValueSpecification","valueRequired":true,"valueName":"search_term_string"}}],"inLanguage":"sk-SK"},{"@type":"Organization","@id":"https:\/\/bukkigyogytea.com\/sk\/#organization","name":"B\u00fckki Gy\u00f3gytea Web\u00e1ruh\u00e1z","url":"https:\/\/bukkigyogytea.com\/sk\/","logo":{"@type":"ImageObject","inLanguage":"sk-SK","@id":"https:\/\/bukkigyogytea.com\/sk\/#\/schema\/logo\/image\/","url":"https:\/\/i0.wp.com\/bukkigyogytea.com\/wp-content\/uploads\/2020\/05\/Sitelogo-1.jpg?fit=350%2C85&ssl=1","contentUrl":"https:\/\/i0.wp.com\/bukkigyogytea.com\/wp-content\/uploads\/2020\/05\/Sitelogo-1.jpg?fit=350%2C85&ssl=1","width":350,"height":85,"caption":"B\u00fckki Gy\u00f3gytea Web\u00e1ruh\u00e1z"},"image":{"@id":"https:\/\/bukkigyogytea.com\/sk\/#\/schema\/logo\/image\/"},"sameAs":["https:\/\/www.facebook.com\/bukkigyogytea\/"]}]}},"publishpress_future_action":{"enabled":false,"date":"2026-05-11 22:55:00","action":"change-status","newStatus":"draft","terms":[],"taxonomy":"product_type","extraData":[]},"publishpress_future_workflow_manual_trigger":{"enabledWorkflows":[]},"_links":{"self":[{"href":"https:\/\/bukkigyogytea.com\/sk\/wp-json\/wp\/v2\/product\/18684","targetHints":{"allow":["GET"]}}],"collection":[{"href":"https:\/\/bukkigyogytea.com\/sk\/wp-json\/wp\/v2\/product"}],"about":[{"href":"https:\/\/bukkigyogytea.com\/sk\/wp-json\/wp\/v2\/types\/product"}],"replies":[{"embeddable":true,"href":"https:\/\/bukkigyogytea.com\/sk\/wp-json\/wp\/v2\/comments?post=18684"}],"wp:featuredmedia":[{"embeddable":true,"href":"https:\/\/bukkigyogytea.com\/sk\/wp-json\/wp\/v2\/media\/18572"}],"wp:attachment":[{"href":"https:\/\/bukkigyogytea.com\/sk\/wp-json\/wp\/v2\/media?parent=18684"}],"wp:term":[{"taxonomy":"product_brand","embeddable":true,"href":"https:\/\/bukkigyogytea.com\/sk\/wp-json\/wp\/v2\/product_brand?post=18684"},{"taxonomy":"product_cat","embeddable":true,"href":"https:\/\/bukkigyogytea.com\/sk\/wp-json\/wp\/v2\/product_cat?post=18684"},{"taxonomy":"product_tag","embeddable":true,"href":"https:\/\/bukkigyogytea.com\/sk\/wp-json\/wp\/v2\/product_tag?post=18684"}],"curies":[{"name":"wp","href":"https:\/\/api.w.org\/{rel}","templated":true}]}}