{"id":18059,"date":"2026-03-09T16:25:02","date_gmt":"2026-03-09T15:25:02","guid":{"rendered":"https:\/\/bukkigyogytea.com\/?post_type=product&#038;p=18059"},"modified":"2026-03-16T11:30:26","modified_gmt":"2026-03-16T10:30:26","slug":"tekute-mydlo-s-extraktom-z-lubovnika-a-rozmarinovym-olejom-masolat","status":"publish","type":"product","link":"https:\/\/bukkigyogytea.com\/sk\/produktu\/tekute-mydlo-s-extraktom-z-lubovnika-a-rozmarinovym-olejom-masolat\/","title":{"rendered":"Opa\u013eovacie mlieko s extraktom z harman\u010deka SPF 50"},"content":{"rendered":"<p>Toto opa\u013eovacie mlieko s vysok\u00fdm ochrann\u00fdm faktorom pom\u00e1ha chr\u00e1ni\u0165 poko\u017eku pred \u00fa\u010dinkami UV \u017eiarenia, zatia\u013e \u010do cenn\u00e9 zlo\u017eky \u2013 ako extrakt z harman\u010deka na upokojenie poko\u017eky a hroznov\u00fd olej s antioxida\u010dn\u00fdmi vlastnos\u0165ami \u2013 prispievaj\u00fa k prirodzen\u00fdm regenera\u010dn\u00fdm procesom poko\u017eky a k zachovaniu jej pru\u017enosti. Kombin\u00e1cia panthenolu, glycer\u00ednu a vitam\u00ednu E pom\u00e1ha udr\u017eiava\u0165 hydrat\u00e1ciu poko\u017eky a chr\u00e1ni\u0165 ju.<\/p>\n<p><strong>Pou\u017eitie<\/strong><br \/>\nPred opa\u013eovan\u00edm naneste opa\u013eovacie mlieko v dostato\u010dnom mno\u017estve na poko\u017eku. Po k\u00fapan\u00ed alebo utieran\u00ed uter\u00e1kom, ako aj pri poten\u00ed, sa pravidelne natierajte znova, aby sa zachovala p\u00f4vodn\u00e1 \u00farove\u0148 ochrany pred slnkom! Len na vonkaj\u0161ie pou\u017eitie.<\/p>\n<p><strong>Upozornenie<\/strong><br \/>\nPr\u00edpravok sa m\u00f4\u017ee pou\u017e\u00edva\u0165 len na neporu\u0161enej poko\u017eke a nesmie sa dosta\u0165 na sliznicu o\u010d\u00ed, \u00fast a nosa. V pr\u00edpade precitlivenosti na niektor\u00fa zo zlo\u017eiek alebo pri podr\u00e1\u017eden\u00ed pr\u00edpravok nepou\u017e\u00edvajte, pr\u00edpadne jeho pou\u017e\u00edvanie preru\u0161te. Pou\u017eitie sa neodpor\u00fa\u010da de\u0165om mlad\u0161\u00edm ako 10 rokov.<\/p>\n<p><strong>Zlo\u017eenie<\/strong><br \/>\nAqua, Octocrylene, Ethylhexyl Methoxycinnamate, Dibutyl Adipate, Butyl Methoxydibenzoylmethane, Glyceryl Stearate SE, Methylene Bis-Benzotriazolyl, Tetramethylbutylphenol, Cyclopentasiloxane, Panthenol, C12-15 Alkylbenzoate, Potassium Cetyl Phosphate, Glycerin, Cetearyl Alcohol, Vitis Vinifera Seed Oil, Tocopheryl Acetate, Chamomilla Recutita Flower Extract, Helianthus Annuus Seed Oil, Rosmarinus Officinalis Leaf, Sodium Acrylates Copolymer, Ascorbyl Palmitate, Propylene Glycol, Decyl Glucoside, Hydrogenated Polydecene, PPG-1 Trideceth-6, Disodium EDTA, Parfum, Xanthan Gum, Phenoxyethanol, Ethylhexylglycerin, Citronellol, Linalool, Limonene, Hexyl Cinnamal<\/p>\n<p><strong>BEZ SLS \/ VEG\u00c1NSKE \/ BEZ PARAB\u00c9NOV<\/strong><\/p>\n","protected":false},"excerpt":{"rendered":"<p><strong>Naturix pr\u00edrodn\u00e1 kozmetika<\/strong><\/p>\n<p>Toto opa\u013eovacie mlieko s vysok\u00fdm ochrann\u00fdm faktorom pom\u00e1ha chr\u00e1ni\u0165 poko\u017eku pred \u00fa\u010dinkami UV \u017eiarenia, zatia\u013e \u010do cenn\u00e9 zlo\u017eky \u2013 ako extrakt z harman\u010deka na upokojenie poko\u017eky a hroznov\u00fd olej s antioxida\u010dn\u00fdmi vlastnos\u0165ami \u2013 prispievaj\u00fa k prirodzen\u00fdm regenera\u010dn\u00fdm procesom poko\u017eky a k zachovaniu jej pru\u017enosti. Kombin\u00e1cia panthenolu, glycer\u00ednu a vitam\u00ednu E pom\u00e1ha udr\u017eiava\u0165 hydrat\u00e1ciu poko\u017eky a chr\u00e1ni\u0165 ju.<\/p>\n<p><img decoding=\"async\" class=\"alignnone size-medium wp-image-18037\" src=\"https:\/\/bukkigyogytea.com\/wp-content\/uploads\/2026\/02\/9-300x58.png\" alt=\"\" width=\"300\" height=\"58\" srcset=\"https:\/\/bukkigyogytea.com\/wp-content\/uploads\/2026\/02\/9-300x58.png 300w, https:\/\/bukkigyogytea.com\/wp-content\/uploads\/2026\/02\/9-600x116.png 600w, https:\/\/bukkigyogytea.com\/wp-content\/uploads\/2026\/02\/9.png 644w\" sizes=\"(max-width: 300px) 100vw, 300px\" \/><\/p>\n","protected":false},"featured_media":17908,"comment_status":"closed","ping_status":"closed","template":"","meta":{"_acf_changed":false},"product_brand":[],"product_cat":[423],"product_tag":[],"class_list":{"0":"post-18059","1":"product","2":"type-product","3":"status-publish","4":"has-post-thumbnail","6":"product_cat-starostlivost-o-telo","7":"sales-flash-overlay","8":"woocommerce-text-align-center","9":"woocommerce-image-align-center","10":"do-quantity-buttons","12":"first","13":"instock","14":"taxable","15":"shipping-taxable","16":"purchasable","17":"product-type-simple"},"acf":{"blog_termekleiras":""},"yoast_head":"<!-- This site is optimized with the Yoast SEO plugin v26.9 - https:\/\/yoast.com\/product\/yoast-seo-wordpress\/ -->\n<title>Opa\u013eovacie mlieko s extraktom z harman\u010deka SPF 50 &#8211; B\u00fckki Gy\u00f3gytea Web\u00e1ruh\u00e1z<\/title>\n<meta name=\"robots\" content=\"index, follow, max-snippet:-1, max-image-preview:large, max-video-preview:-1\" \/>\n<link rel=\"canonical\" href=\"https:\/\/bukkigyogytea.com\/sk\/produktu\/tekute-mydlo-s-extraktom-z-lubovnika-a-rozmarinovym-olejom-masolat\/\" \/>\n<meta property=\"og:locale\" content=\"sk_SK\" \/>\n<meta property=\"og:type\" content=\"article\" \/>\n<meta property=\"og:title\" content=\"Opa\u013eovacie mlieko s extraktom z harman\u010deka SPF 50 &#8211; B\u00fckki Gy\u00f3gytea Web\u00e1ruh\u00e1z\" \/>\n<meta property=\"og:description\" content=\"Naturix pr\u00edrodn\u00e1 kozmetika  Toto opa\u013eovacie mlieko s vysok\u00fdm ochrann\u00fdm faktorom pom\u00e1ha chr\u00e1ni\u0165 poko\u017eku pred \u00fa\u010dinkami UV \u017eiarenia, zatia\u013e \u010do cenn\u00e9 zlo\u017eky \u2013 ako extrakt z harman\u010deka na upokojenie poko\u017eky a hroznov\u00fd olej s antioxida\u010dn\u00fdmi vlastnos\u0165ami \u2013 prispievaj\u00fa k prirodzen\u00fdm regenera\u010dn\u00fdm procesom poko\u017eky a k zachovaniu jej pru\u017enosti. Kombin\u00e1cia panthenolu, glycer\u00ednu a vitam\u00ednu E pom\u00e1ha udr\u017eiava\u0165 hydrat\u00e1ciu poko\u017eky a chr\u00e1ni\u0165 ju.\" \/>\n<meta property=\"og:url\" content=\"https:\/\/bukkigyogytea.com\/sk\/produktu\/tekute-mydlo-s-extraktom-z-lubovnika-a-rozmarinovym-olejom-masolat\/\" \/>\n<meta property=\"og:site_name\" content=\"B\u00fckki Gy\u00f3gytea Web\u00e1ruh\u00e1z\" \/>\n<meta property=\"article:publisher\" content=\"https:\/\/www.facebook.com\/bukkigyogytea\/\" \/>\n<meta property=\"article:modified_time\" content=\"2026-03-16T10:30:26+00:00\" \/>\n<meta property=\"og:image\" content=\"https:\/\/bukkigyogytea.com\/wp-content\/uploads\/2026\/02\/testapolo-og-1024x536.jpg\" \/>\n<meta name=\"twitter:card\" content=\"summary_large_image\" \/>\n<meta name=\"twitter:label1\" content=\"Predpokladan\u00fd \u010das \u010d\u00edtania\" \/>\n\t<meta name=\"twitter:data1\" content=\"2 min\u00faty\" \/>\n<script type=\"application\/ld+json\" class=\"yoast-schema-graph\">{\"@context\":\"https:\/\/schema.org\",\"@graph\":[{\"@type\":\"WebPage\",\"@id\":\"https:\/\/bukkigyogytea.com\/sk\/produktu\/tekute-mydlo-s-extraktom-z-lubovnika-a-rozmarinovym-olejom-masolat\/\",\"url\":\"https:\/\/bukkigyogytea.com\/sk\/produktu\/tekute-mydlo-s-extraktom-z-lubovnika-a-rozmarinovym-olejom-masolat\/\",\"name\":\"Opa\u013eovacie mlieko s extraktom z harman\u010deka SPF 50 &#8211; B\u00fckki Gy\u00f3gytea Web\u00e1ruh\u00e1z\",\"isPartOf\":{\"@id\":\"https:\/\/bukkigyogytea.com\/sk\/#website\"},\"primaryImageOfPage\":{\"@id\":\"https:\/\/bukkigyogytea.com\/sk\/produktu\/tekute-mydlo-s-extraktom-z-lubovnika-a-rozmarinovym-olejom-masolat\/#primaryimage\"},\"image\":{\"@id\":\"https:\/\/bukkigyogytea.com\/sk\/produktu\/tekute-mydlo-s-extraktom-z-lubovnika-a-rozmarinovym-olejom-masolat\/#primaryimage\"},\"thumbnailUrl\":\"https:\/\/bukkigyogytea.com\/wp-content\/uploads\/2026\/02\/gyorgytea-naptej.jpg\",\"datePublished\":\"2026-03-09T15:25:02+00:00\",\"dateModified\":\"2026-03-16T10:30:26+00:00\",\"breadcrumb\":{\"@id\":\"https:\/\/bukkigyogytea.com\/sk\/produktu\/tekute-mydlo-s-extraktom-z-lubovnika-a-rozmarinovym-olejom-masolat\/#breadcrumb\"},\"inLanguage\":\"sk-SK\",\"potentialAction\":[{\"@type\":\"ReadAction\",\"target\":[\"https:\/\/bukkigyogytea.com\/sk\/produktu\/tekute-mydlo-s-extraktom-z-lubovnika-a-rozmarinovym-olejom-masolat\/\"]}]},{\"@type\":\"ImageObject\",\"inLanguage\":\"sk-SK\",\"@id\":\"https:\/\/bukkigyogytea.com\/sk\/produktu\/tekute-mydlo-s-extraktom-z-lubovnika-a-rozmarinovym-olejom-masolat\/#primaryimage\",\"url\":\"https:\/\/bukkigyogytea.com\/wp-content\/uploads\/2026\/02\/gyorgytea-naptej.jpg\",\"contentUrl\":\"https:\/\/bukkigyogytea.com\/wp-content\/uploads\/2026\/02\/gyorgytea-naptej.jpg\",\"width\":1200,\"height\":1200},{\"@type\":\"BreadcrumbList\",\"@id\":\"https:\/\/bukkigyogytea.com\/sk\/produktu\/tekute-mydlo-s-extraktom-z-lubovnika-a-rozmarinovym-olejom-masolat\/#breadcrumb\",\"itemListElement\":[{\"@type\":\"ListItem\",\"position\":1,\"name\":\"Domov\",\"item\":\"https:\/\/bukkigyogytea.com\/sk\/\"},{\"@type\":\"ListItem\",\"position\":2,\"name\":\"Shop\",\"item\":\"https:\/\/bukkigyogytea.com\/sk\/obchodne\/\"},{\"@type\":\"ListItem\",\"position\":3,\"name\":\"Starostlivos\u0165 o telo\",\"item\":\"https:\/\/bukkigyogytea.com\/sk\/kategoria-produktu\/starostlivost-o-telo\/\"},{\"@type\":\"ListItem\",\"position\":4,\"name\":\"Opa\u013eovacie mlieko s extraktom z harman\u010deka SPF 50\"}]},{\"@type\":\"WebSite\",\"@id\":\"https:\/\/bukkigyogytea.com\/sk\/#website\",\"url\":\"https:\/\/bukkigyogytea.com\/sk\/\",\"name\":\"B\u00fckki Gy\u00f3gytea Web\u00e1ruh\u00e1z\",\"description\":\"Gy\u00f6rgytea hivatalos viszontelad\u00f3\",\"publisher\":{\"@id\":\"https:\/\/bukkigyogytea.com\/sk\/#organization\"},\"potentialAction\":[{\"@type\":\"SearchAction\",\"target\":{\"@type\":\"EntryPoint\",\"urlTemplate\":\"https:\/\/bukkigyogytea.com\/sk\/?s={search_term_string}\"},\"query-input\":{\"@type\":\"PropertyValueSpecification\",\"valueRequired\":true,\"valueName\":\"search_term_string\"}}],\"inLanguage\":\"sk-SK\"},{\"@type\":\"Organization\",\"@id\":\"https:\/\/bukkigyogytea.com\/sk\/#organization\",\"name\":\"B\u00fckki Gy\u00f3gytea Web\u00e1ruh\u00e1z\",\"url\":\"https:\/\/bukkigyogytea.com\/sk\/\",\"logo\":{\"@type\":\"ImageObject\",\"inLanguage\":\"sk-SK\",\"@id\":\"https:\/\/bukkigyogytea.com\/sk\/#\/schema\/logo\/image\/\",\"url\":\"https:\/\/i0.wp.com\/bukkigyogytea.com\/wp-content\/uploads\/2020\/05\/Sitelogo-1.jpg?fit=350%2C85&ssl=1\",\"contentUrl\":\"https:\/\/i0.wp.com\/bukkigyogytea.com\/wp-content\/uploads\/2020\/05\/Sitelogo-1.jpg?fit=350%2C85&ssl=1\",\"width\":350,\"height\":85,\"caption\":\"B\u00fckki Gy\u00f3gytea Web\u00e1ruh\u00e1z\"},\"image\":{\"@id\":\"https:\/\/bukkigyogytea.com\/sk\/#\/schema\/logo\/image\/\"},\"sameAs\":[\"https:\/\/www.facebook.com\/bukkigyogytea\/\"]}]}<\/script>\n<!-- \/ Yoast SEO plugin. -->","yoast_head_json":{"title":"Opa\u013eovacie mlieko s extraktom z harman\u010deka SPF 50 &#8211; B\u00fckki Gy\u00f3gytea Web\u00e1ruh\u00e1z","robots":{"index":"index","follow":"follow","max-snippet":"max-snippet:-1","max-image-preview":"max-image-preview:large","max-video-preview":"max-video-preview:-1"},"canonical":"https:\/\/bukkigyogytea.com\/sk\/produktu\/tekute-mydlo-s-extraktom-z-lubovnika-a-rozmarinovym-olejom-masolat\/","og_locale":"sk_SK","og_type":"article","og_title":"Opa\u013eovacie mlieko s extraktom z harman\u010deka SPF 50 &#8211; B\u00fckki Gy\u00f3gytea Web\u00e1ruh\u00e1z","og_description":"Naturix pr\u00edrodn\u00e1 kozmetika  Toto opa\u013eovacie mlieko s vysok\u00fdm ochrann\u00fdm faktorom pom\u00e1ha chr\u00e1ni\u0165 poko\u017eku pred \u00fa\u010dinkami UV \u017eiarenia, zatia\u013e \u010do cenn\u00e9 zlo\u017eky \u2013 ako extrakt z harman\u010deka na upokojenie poko\u017eky a hroznov\u00fd olej s antioxida\u010dn\u00fdmi vlastnos\u0165ami \u2013 prispievaj\u00fa k prirodzen\u00fdm regenera\u010dn\u00fdm procesom poko\u017eky a k zachovaniu jej pru\u017enosti. Kombin\u00e1cia panthenolu, glycer\u00ednu a vitam\u00ednu E pom\u00e1ha udr\u017eiava\u0165 hydrat\u00e1ciu poko\u017eky a chr\u00e1ni\u0165 ju.","og_url":"https:\/\/bukkigyogytea.com\/sk\/produktu\/tekute-mydlo-s-extraktom-z-lubovnika-a-rozmarinovym-olejom-masolat\/","og_site_name":"B\u00fckki Gy\u00f3gytea Web\u00e1ruh\u00e1z","article_publisher":"https:\/\/www.facebook.com\/bukkigyogytea\/","article_modified_time":"2026-03-16T10:30:26+00:00","og_image":[{"url":"https:\/\/bukkigyogytea.com\/wp-content\/uploads\/2026\/02\/testapolo-og-1024x536.jpg","type":"","width":"","height":""}],"twitter_card":"summary_large_image","twitter_misc":{"Predpokladan\u00fd \u010das \u010d\u00edtania":"2 min\u00faty"},"schema":{"@context":"https:\/\/schema.org","@graph":[{"@type":"WebPage","@id":"https:\/\/bukkigyogytea.com\/sk\/produktu\/tekute-mydlo-s-extraktom-z-lubovnika-a-rozmarinovym-olejom-masolat\/","url":"https:\/\/bukkigyogytea.com\/sk\/produktu\/tekute-mydlo-s-extraktom-z-lubovnika-a-rozmarinovym-olejom-masolat\/","name":"Opa\u013eovacie mlieko s extraktom z harman\u010deka SPF 50 &#8211; B\u00fckki Gy\u00f3gytea Web\u00e1ruh\u00e1z","isPartOf":{"@id":"https:\/\/bukkigyogytea.com\/sk\/#website"},"primaryImageOfPage":{"@id":"https:\/\/bukkigyogytea.com\/sk\/produktu\/tekute-mydlo-s-extraktom-z-lubovnika-a-rozmarinovym-olejom-masolat\/#primaryimage"},"image":{"@id":"https:\/\/bukkigyogytea.com\/sk\/produktu\/tekute-mydlo-s-extraktom-z-lubovnika-a-rozmarinovym-olejom-masolat\/#primaryimage"},"thumbnailUrl":"https:\/\/bukkigyogytea.com\/wp-content\/uploads\/2026\/02\/gyorgytea-naptej.jpg","datePublished":"2026-03-09T15:25:02+00:00","dateModified":"2026-03-16T10:30:26+00:00","breadcrumb":{"@id":"https:\/\/bukkigyogytea.com\/sk\/produktu\/tekute-mydlo-s-extraktom-z-lubovnika-a-rozmarinovym-olejom-masolat\/#breadcrumb"},"inLanguage":"sk-SK","potentialAction":[{"@type":"ReadAction","target":["https:\/\/bukkigyogytea.com\/sk\/produktu\/tekute-mydlo-s-extraktom-z-lubovnika-a-rozmarinovym-olejom-masolat\/"]}]},{"@type":"ImageObject","inLanguage":"sk-SK","@id":"https:\/\/bukkigyogytea.com\/sk\/produktu\/tekute-mydlo-s-extraktom-z-lubovnika-a-rozmarinovym-olejom-masolat\/#primaryimage","url":"https:\/\/bukkigyogytea.com\/wp-content\/uploads\/2026\/02\/gyorgytea-naptej.jpg","contentUrl":"https:\/\/bukkigyogytea.com\/wp-content\/uploads\/2026\/02\/gyorgytea-naptej.jpg","width":1200,"height":1200},{"@type":"BreadcrumbList","@id":"https:\/\/bukkigyogytea.com\/sk\/produktu\/tekute-mydlo-s-extraktom-z-lubovnika-a-rozmarinovym-olejom-masolat\/#breadcrumb","itemListElement":[{"@type":"ListItem","position":1,"name":"Domov","item":"https:\/\/bukkigyogytea.com\/sk\/"},{"@type":"ListItem","position":2,"name":"Shop","item":"https:\/\/bukkigyogytea.com\/sk\/obchodne\/"},{"@type":"ListItem","position":3,"name":"Starostlivos\u0165 o telo","item":"https:\/\/bukkigyogytea.com\/sk\/kategoria-produktu\/starostlivost-o-telo\/"},{"@type":"ListItem","position":4,"name":"Opa\u013eovacie mlieko s extraktom z harman\u010deka SPF 50"}]},{"@type":"WebSite","@id":"https:\/\/bukkigyogytea.com\/sk\/#website","url":"https:\/\/bukkigyogytea.com\/sk\/","name":"B\u00fckki Gy\u00f3gytea Web\u00e1ruh\u00e1z","description":"Gy\u00f6rgytea hivatalos viszontelad\u00f3","publisher":{"@id":"https:\/\/bukkigyogytea.com\/sk\/#organization"},"potentialAction":[{"@type":"SearchAction","target":{"@type":"EntryPoint","urlTemplate":"https:\/\/bukkigyogytea.com\/sk\/?s={search_term_string}"},"query-input":{"@type":"PropertyValueSpecification","valueRequired":true,"valueName":"search_term_string"}}],"inLanguage":"sk-SK"},{"@type":"Organization","@id":"https:\/\/bukkigyogytea.com\/sk\/#organization","name":"B\u00fckki Gy\u00f3gytea Web\u00e1ruh\u00e1z","url":"https:\/\/bukkigyogytea.com\/sk\/","logo":{"@type":"ImageObject","inLanguage":"sk-SK","@id":"https:\/\/bukkigyogytea.com\/sk\/#\/schema\/logo\/image\/","url":"https:\/\/i0.wp.com\/bukkigyogytea.com\/wp-content\/uploads\/2020\/05\/Sitelogo-1.jpg?fit=350%2C85&ssl=1","contentUrl":"https:\/\/i0.wp.com\/bukkigyogytea.com\/wp-content\/uploads\/2020\/05\/Sitelogo-1.jpg?fit=350%2C85&ssl=1","width":350,"height":85,"caption":"B\u00fckki Gy\u00f3gytea Web\u00e1ruh\u00e1z"},"image":{"@id":"https:\/\/bukkigyogytea.com\/sk\/#\/schema\/logo\/image\/"},"sameAs":["https:\/\/www.facebook.com\/bukkigyogytea\/"]}]}},"publishpress_future_action":{"enabled":false,"date":"2026-05-03 22:55:00","action":"change-status","newStatus":"draft","terms":[],"taxonomy":"product_type","extraData":[]},"publishpress_future_workflow_manual_trigger":{"enabledWorkflows":[]},"_links":{"self":[{"href":"https:\/\/bukkigyogytea.com\/sk\/wp-json\/wp\/v2\/product\/18059","targetHints":{"allow":["GET"]}}],"collection":[{"href":"https:\/\/bukkigyogytea.com\/sk\/wp-json\/wp\/v2\/product"}],"about":[{"href":"https:\/\/bukkigyogytea.com\/sk\/wp-json\/wp\/v2\/types\/product"}],"replies":[{"embeddable":true,"href":"https:\/\/bukkigyogytea.com\/sk\/wp-json\/wp\/v2\/comments?post=18059"}],"wp:featuredmedia":[{"embeddable":true,"href":"https:\/\/bukkigyogytea.com\/sk\/wp-json\/wp\/v2\/media\/17908"}],"wp:attachment":[{"href":"https:\/\/bukkigyogytea.com\/sk\/wp-json\/wp\/v2\/media?parent=18059"}],"wp:term":[{"taxonomy":"product_brand","embeddable":true,"href":"https:\/\/bukkigyogytea.com\/sk\/wp-json\/wp\/v2\/product_brand?post=18059"},{"taxonomy":"product_cat","embeddable":true,"href":"https:\/\/bukkigyogytea.com\/sk\/wp-json\/wp\/v2\/product_cat?post=18059"},{"taxonomy":"product_tag","embeddable":true,"href":"https:\/\/bukkigyogytea.com\/sk\/wp-json\/wp\/v2\/product_tag?post=18059"}],"curies":[{"name":"wp","href":"https:\/\/api.w.org\/{rel}","templated":true}]}}