{"id":18056,"date":"2026-03-09T16:17:44","date_gmt":"2026-03-09T15:17:44","guid":{"rendered":"https:\/\/bukkigyogytea.com\/?post_type=product&#038;p=18056"},"modified":"2026-03-16T11:31:02","modified_gmt":"2026-03-16T10:31:02","slug":"sampon-s-extraktom-z-listov-prhlavy-a-olejom-z-muskatovej-salvie-masolat","status":"publish","type":"product","link":"https:\/\/bukkigyogytea.com\/sk\/produktu\/sampon-s-extraktom-z-listov-prhlavy-a-olejom-z-muskatovej-salvie-masolat\/","title":{"rendered":"Tekut\u00e9 mydlo s extraktom z \u013eubovn\u00edka a rozmar\u00ednov\u00fdm olejom"},"content":{"rendered":"<p>Panthenol, glycer\u00edn a urea obsiahnut\u00e9 v mydle pom\u00e1haj\u00fa udr\u017eiava\u0165 hydratovan\u00fd a jemn\u00fd pocit poko\u017eky. Extrakt z \u013eubovn\u00edka m\u00e1 upokojuj\u00face \u00fa\u010dinky na poko\u017eku, zatia\u013e \u010do rozmar\u00ednov\u00fd a \u010dajovn\u00edkov\u00fd olej maj\u00fa osvie\u017euj\u00face a \u010distiace vlastnosti.<\/p>\n<p><strong>Pou\u017eitie<\/strong><br \/>\nNa vlhk\u00fa poko\u017eku naneste mal\u00e9 mno\u017estvo tekut\u00e9ho mydla, jemne ho rozotrite medzi oboma dla\u0148ami a medzi prstami, potom d\u00f4kladne opl\u00e1chnite. Len na vonkaj\u0161ie pou\u017eitie.<\/p>\n<p><strong>Upozornenie<\/strong><br \/>\nPr\u00edpravok sa m\u00f4\u017ee pou\u017e\u00edva\u0165 len na neporu\u0161enej poko\u017eke a nesmie sa dosta\u0165 na sliznicu o\u010d\u00ed, \u00fast a nosa. V pr\u00edpade precitlivenosti na niektor\u00fa zo zlo\u017eiek alebo pri podr\u00e1\u017eden\u00ed pr\u00edpravok nepou\u017e\u00edvajte, pr\u00edpadne jeho pou\u017e\u00edvanie preru\u0161te. Pou\u017eitie sa neodpor\u00fa\u010da de\u0165om mlad\u0161\u00edm ako 10 rokov.<\/p>\n<p><strong>Zlo\u017eenie<\/strong><br \/>\nAqua, Sodium Cocoamphoacetate, Glycerin, Sodium C14-16 Olefin Sulfonate, Cocamide DEA, Cocamidopropyl Betaine, PEG-7 Glyceryl Cocoate, Urea, PEG-40 Hydrogenated Castor Oil, Polyquaternium-10, Melaleuca Alternifolia Leaf Oil, Panthenol, Hypericum Perforatum Extract, Tocopherol, Rosmarinus Officinalis Leaf Oil, Lauryl Glucoside, Caprylyl\/Capryl Glucoside, Coco-Glucoside, Glyceryl Oleate, Xylitylglucoside, Sodium Benzoate, Anhydroxylitol, Citric Acid, Propylene Glycol, Potassium Sorbate, Xylitol, Hydrogenated Palm Glycerides Citrate, Limonene, Linalool<\/p>\n<p><strong>BEZ SLS \/ VEG\u00c1NSKE \/ BEZ PARAB\u00c9NOV<\/strong><\/p>\n","protected":false},"excerpt":{"rendered":"<p><strong>Naturix pr\u00edrodn\u00e1 kozmetika<\/strong><\/p>\n<p>Panthenol, glycer\u00edn a urea obsiahnut\u00e9 v mydle pom\u00e1haj\u00fa udr\u017eiava\u0165 hydratovan\u00fd a jemn\u00fd pocit poko\u017eky. Extrakt z \u013eubovn\u00edka m\u00e1 upokojuj\u00face \u00fa\u010dinky na poko\u017eku, zatia\u013e \u010do rozmar\u00ednov\u00fd a \u010dajovn\u00edkov\u00fd olej maj\u00fa osvie\u017euj\u00face a \u010distiace vlastnosti.<\/p>\n<p><img decoding=\"async\" class=\"alignnone size-medium wp-image-18037\" src=\"https:\/\/bukkigyogytea.com\/wp-content\/uploads\/2026\/02\/9-300x58.png\" alt=\"\" width=\"300\" height=\"58\" srcset=\"https:\/\/bukkigyogytea.com\/wp-content\/uploads\/2026\/02\/9-300x58.png 300w, https:\/\/bukkigyogytea.com\/wp-content\/uploads\/2026\/02\/9-600x116.png 600w, https:\/\/bukkigyogytea.com\/wp-content\/uploads\/2026\/02\/9.png 644w\" sizes=\"(max-width: 300px) 100vw, 300px\" \/><\/p>\n","protected":false},"featured_media":17914,"comment_status":"closed","ping_status":"closed","template":"","meta":{"_acf_changed":false},"product_brand":[],"product_cat":[423],"product_tag":[],"class_list":{"0":"post-18056","1":"product","2":"type-product","3":"status-publish","4":"has-post-thumbnail","6":"product_cat-starostlivost-o-telo","7":"sales-flash-overlay","8":"woocommerce-text-align-center","9":"woocommerce-image-align-center","10":"do-quantity-buttons","12":"first","13":"instock","14":"taxable","15":"shipping-taxable","16":"purchasable","17":"product-type-simple"},"acf":{"blog_termekleiras":""},"yoast_head":"<!-- This site is optimized with the Yoast SEO plugin v26.9 - https:\/\/yoast.com\/product\/yoast-seo-wordpress\/ -->\n<title>Tekut\u00e9 mydlo s extraktom z \u013eubovn\u00edka a rozmar\u00ednov\u00fdm olejom &#8211; B\u00fckki Gy\u00f3gytea Web\u00e1ruh\u00e1z<\/title>\n<meta name=\"robots\" content=\"index, follow, max-snippet:-1, max-image-preview:large, max-video-preview:-1\" \/>\n<link rel=\"canonical\" href=\"https:\/\/bukkigyogytea.com\/sk\/produktu\/sampon-s-extraktom-z-listov-prhlavy-a-olejom-z-muskatovej-salvie-masolat\/\" \/>\n<meta property=\"og:locale\" content=\"sk_SK\" \/>\n<meta property=\"og:type\" content=\"article\" \/>\n<meta property=\"og:title\" content=\"Tekut\u00e9 mydlo s extraktom z \u013eubovn\u00edka a rozmar\u00ednov\u00fdm olejom &#8211; B\u00fckki Gy\u00f3gytea Web\u00e1ruh\u00e1z\" \/>\n<meta property=\"og:description\" content=\"Naturix pr\u00edrodn\u00e1 kozmetika  Panthenol, glycer\u00edn a urea obsiahnut\u00e9 v mydle pom\u00e1haj\u00fa udr\u017eiava\u0165 hydratovan\u00fd a jemn\u00fd pocit poko\u017eky. Extrakt z \u013eubovn\u00edka m\u00e1 upokojuj\u00face \u00fa\u010dinky na poko\u017eku, zatia\u013e \u010do rozmar\u00ednov\u00fd a \u010dajovn\u00edkov\u00fd olej maj\u00fa osvie\u017euj\u00face a \u010distiace vlastnosti.\" \/>\n<meta property=\"og:url\" content=\"https:\/\/bukkigyogytea.com\/sk\/produktu\/sampon-s-extraktom-z-listov-prhlavy-a-olejom-z-muskatovej-salvie-masolat\/\" \/>\n<meta property=\"og:site_name\" content=\"B\u00fckki Gy\u00f3gytea Web\u00e1ruh\u00e1z\" \/>\n<meta property=\"article:publisher\" content=\"https:\/\/www.facebook.com\/bukkigyogytea\/\" \/>\n<meta property=\"article:modified_time\" content=\"2026-03-16T10:31:02+00:00\" \/>\n<meta property=\"og:image\" content=\"https:\/\/bukkigyogytea.com\/wp-content\/uploads\/2026\/02\/testapolo-og-1024x536.jpg\" \/>\n<meta name=\"twitter:card\" content=\"summary_large_image\" \/>\n<meta name=\"twitter:label1\" content=\"Predpokladan\u00fd \u010das \u010d\u00edtania\" \/>\n\t<meta name=\"twitter:data1\" content=\"2 min\u00faty\" \/>\n<script type=\"application\/ld+json\" class=\"yoast-schema-graph\">{\"@context\":\"https:\/\/schema.org\",\"@graph\":[{\"@type\":\"WebPage\",\"@id\":\"https:\/\/bukkigyogytea.com\/sk\/produktu\/sampon-s-extraktom-z-listov-prhlavy-a-olejom-z-muskatovej-salvie-masolat\/\",\"url\":\"https:\/\/bukkigyogytea.com\/sk\/produktu\/sampon-s-extraktom-z-listov-prhlavy-a-olejom-z-muskatovej-salvie-masolat\/\",\"name\":\"Tekut\u00e9 mydlo s extraktom z \u013eubovn\u00edka a rozmar\u00ednov\u00fdm olejom &#8211; B\u00fckki Gy\u00f3gytea Web\u00e1ruh\u00e1z\",\"isPartOf\":{\"@id\":\"https:\/\/bukkigyogytea.com\/sk\/#website\"},\"primaryImageOfPage\":{\"@id\":\"https:\/\/bukkigyogytea.com\/sk\/produktu\/sampon-s-extraktom-z-listov-prhlavy-a-olejom-z-muskatovej-salvie-masolat\/#primaryimage\"},\"image\":{\"@id\":\"https:\/\/bukkigyogytea.com\/sk\/produktu\/sampon-s-extraktom-z-listov-prhlavy-a-olejom-z-muskatovej-salvie-masolat\/#primaryimage\"},\"thumbnailUrl\":\"https:\/\/bukkigyogytea.com\/wp-content\/uploads\/2026\/02\/gyorgytea-szappan.jpg\",\"datePublished\":\"2026-03-09T15:17:44+00:00\",\"dateModified\":\"2026-03-16T10:31:02+00:00\",\"breadcrumb\":{\"@id\":\"https:\/\/bukkigyogytea.com\/sk\/produktu\/sampon-s-extraktom-z-listov-prhlavy-a-olejom-z-muskatovej-salvie-masolat\/#breadcrumb\"},\"inLanguage\":\"sk-SK\",\"potentialAction\":[{\"@type\":\"ReadAction\",\"target\":[\"https:\/\/bukkigyogytea.com\/sk\/produktu\/sampon-s-extraktom-z-listov-prhlavy-a-olejom-z-muskatovej-salvie-masolat\/\"]}]},{\"@type\":\"ImageObject\",\"inLanguage\":\"sk-SK\",\"@id\":\"https:\/\/bukkigyogytea.com\/sk\/produktu\/sampon-s-extraktom-z-listov-prhlavy-a-olejom-z-muskatovej-salvie-masolat\/#primaryimage\",\"url\":\"https:\/\/bukkigyogytea.com\/wp-content\/uploads\/2026\/02\/gyorgytea-szappan.jpg\",\"contentUrl\":\"https:\/\/bukkigyogytea.com\/wp-content\/uploads\/2026\/02\/gyorgytea-szappan.jpg\",\"width\":1200,\"height\":1200},{\"@type\":\"BreadcrumbList\",\"@id\":\"https:\/\/bukkigyogytea.com\/sk\/produktu\/sampon-s-extraktom-z-listov-prhlavy-a-olejom-z-muskatovej-salvie-masolat\/#breadcrumb\",\"itemListElement\":[{\"@type\":\"ListItem\",\"position\":1,\"name\":\"Domov\",\"item\":\"https:\/\/bukkigyogytea.com\/sk\/\"},{\"@type\":\"ListItem\",\"position\":2,\"name\":\"Shop\",\"item\":\"https:\/\/bukkigyogytea.com\/sk\/obchodne\/\"},{\"@type\":\"ListItem\",\"position\":3,\"name\":\"Starostlivos\u0165 o telo\",\"item\":\"https:\/\/bukkigyogytea.com\/sk\/kategoria-produktu\/starostlivost-o-telo\/\"},{\"@type\":\"ListItem\",\"position\":4,\"name\":\"Tekut\u00e9 mydlo s extraktom z \u013eubovn\u00edka a rozmar\u00ednov\u00fdm olejom\"}]},{\"@type\":\"WebSite\",\"@id\":\"https:\/\/bukkigyogytea.com\/sk\/#website\",\"url\":\"https:\/\/bukkigyogytea.com\/sk\/\",\"name\":\"B\u00fckki Gy\u00f3gytea Web\u00e1ruh\u00e1z\",\"description\":\"Gy\u00f6rgytea hivatalos viszontelad\u00f3\",\"publisher\":{\"@id\":\"https:\/\/bukkigyogytea.com\/sk\/#organization\"},\"potentialAction\":[{\"@type\":\"SearchAction\",\"target\":{\"@type\":\"EntryPoint\",\"urlTemplate\":\"https:\/\/bukkigyogytea.com\/sk\/?s={search_term_string}\"},\"query-input\":{\"@type\":\"PropertyValueSpecification\",\"valueRequired\":true,\"valueName\":\"search_term_string\"}}],\"inLanguage\":\"sk-SK\"},{\"@type\":\"Organization\",\"@id\":\"https:\/\/bukkigyogytea.com\/sk\/#organization\",\"name\":\"B\u00fckki Gy\u00f3gytea Web\u00e1ruh\u00e1z\",\"url\":\"https:\/\/bukkigyogytea.com\/sk\/\",\"logo\":{\"@type\":\"ImageObject\",\"inLanguage\":\"sk-SK\",\"@id\":\"https:\/\/bukkigyogytea.com\/sk\/#\/schema\/logo\/image\/\",\"url\":\"https:\/\/i0.wp.com\/bukkigyogytea.com\/wp-content\/uploads\/2020\/05\/Sitelogo-1.jpg?fit=350%2C85&ssl=1\",\"contentUrl\":\"https:\/\/i0.wp.com\/bukkigyogytea.com\/wp-content\/uploads\/2020\/05\/Sitelogo-1.jpg?fit=350%2C85&ssl=1\",\"width\":350,\"height\":85,\"caption\":\"B\u00fckki Gy\u00f3gytea Web\u00e1ruh\u00e1z\"},\"image\":{\"@id\":\"https:\/\/bukkigyogytea.com\/sk\/#\/schema\/logo\/image\/\"},\"sameAs\":[\"https:\/\/www.facebook.com\/bukkigyogytea\/\"]}]}<\/script>\n<!-- \/ Yoast SEO plugin. -->","yoast_head_json":{"title":"Tekut\u00e9 mydlo s extraktom z \u013eubovn\u00edka a rozmar\u00ednov\u00fdm olejom &#8211; B\u00fckki Gy\u00f3gytea Web\u00e1ruh\u00e1z","robots":{"index":"index","follow":"follow","max-snippet":"max-snippet:-1","max-image-preview":"max-image-preview:large","max-video-preview":"max-video-preview:-1"},"canonical":"https:\/\/bukkigyogytea.com\/sk\/produktu\/sampon-s-extraktom-z-listov-prhlavy-a-olejom-z-muskatovej-salvie-masolat\/","og_locale":"sk_SK","og_type":"article","og_title":"Tekut\u00e9 mydlo s extraktom z \u013eubovn\u00edka a rozmar\u00ednov\u00fdm olejom &#8211; B\u00fckki Gy\u00f3gytea Web\u00e1ruh\u00e1z","og_description":"Naturix pr\u00edrodn\u00e1 kozmetika  Panthenol, glycer\u00edn a urea obsiahnut\u00e9 v mydle pom\u00e1haj\u00fa udr\u017eiava\u0165 hydratovan\u00fd a jemn\u00fd pocit poko\u017eky. Extrakt z \u013eubovn\u00edka m\u00e1 upokojuj\u00face \u00fa\u010dinky na poko\u017eku, zatia\u013e \u010do rozmar\u00ednov\u00fd a \u010dajovn\u00edkov\u00fd olej maj\u00fa osvie\u017euj\u00face a \u010distiace vlastnosti.","og_url":"https:\/\/bukkigyogytea.com\/sk\/produktu\/sampon-s-extraktom-z-listov-prhlavy-a-olejom-z-muskatovej-salvie-masolat\/","og_site_name":"B\u00fckki Gy\u00f3gytea Web\u00e1ruh\u00e1z","article_publisher":"https:\/\/www.facebook.com\/bukkigyogytea\/","article_modified_time":"2026-03-16T10:31:02+00:00","og_image":[{"url":"https:\/\/bukkigyogytea.com\/wp-content\/uploads\/2026\/02\/testapolo-og-1024x536.jpg","type":"","width":"","height":""}],"twitter_card":"summary_large_image","twitter_misc":{"Predpokladan\u00fd \u010das \u010d\u00edtania":"2 min\u00faty"},"schema":{"@context":"https:\/\/schema.org","@graph":[{"@type":"WebPage","@id":"https:\/\/bukkigyogytea.com\/sk\/produktu\/sampon-s-extraktom-z-listov-prhlavy-a-olejom-z-muskatovej-salvie-masolat\/","url":"https:\/\/bukkigyogytea.com\/sk\/produktu\/sampon-s-extraktom-z-listov-prhlavy-a-olejom-z-muskatovej-salvie-masolat\/","name":"Tekut\u00e9 mydlo s extraktom z \u013eubovn\u00edka a rozmar\u00ednov\u00fdm olejom &#8211; B\u00fckki Gy\u00f3gytea Web\u00e1ruh\u00e1z","isPartOf":{"@id":"https:\/\/bukkigyogytea.com\/sk\/#website"},"primaryImageOfPage":{"@id":"https:\/\/bukkigyogytea.com\/sk\/produktu\/sampon-s-extraktom-z-listov-prhlavy-a-olejom-z-muskatovej-salvie-masolat\/#primaryimage"},"image":{"@id":"https:\/\/bukkigyogytea.com\/sk\/produktu\/sampon-s-extraktom-z-listov-prhlavy-a-olejom-z-muskatovej-salvie-masolat\/#primaryimage"},"thumbnailUrl":"https:\/\/bukkigyogytea.com\/wp-content\/uploads\/2026\/02\/gyorgytea-szappan.jpg","datePublished":"2026-03-09T15:17:44+00:00","dateModified":"2026-03-16T10:31:02+00:00","breadcrumb":{"@id":"https:\/\/bukkigyogytea.com\/sk\/produktu\/sampon-s-extraktom-z-listov-prhlavy-a-olejom-z-muskatovej-salvie-masolat\/#breadcrumb"},"inLanguage":"sk-SK","potentialAction":[{"@type":"ReadAction","target":["https:\/\/bukkigyogytea.com\/sk\/produktu\/sampon-s-extraktom-z-listov-prhlavy-a-olejom-z-muskatovej-salvie-masolat\/"]}]},{"@type":"ImageObject","inLanguage":"sk-SK","@id":"https:\/\/bukkigyogytea.com\/sk\/produktu\/sampon-s-extraktom-z-listov-prhlavy-a-olejom-z-muskatovej-salvie-masolat\/#primaryimage","url":"https:\/\/bukkigyogytea.com\/wp-content\/uploads\/2026\/02\/gyorgytea-szappan.jpg","contentUrl":"https:\/\/bukkigyogytea.com\/wp-content\/uploads\/2026\/02\/gyorgytea-szappan.jpg","width":1200,"height":1200},{"@type":"BreadcrumbList","@id":"https:\/\/bukkigyogytea.com\/sk\/produktu\/sampon-s-extraktom-z-listov-prhlavy-a-olejom-z-muskatovej-salvie-masolat\/#breadcrumb","itemListElement":[{"@type":"ListItem","position":1,"name":"Domov","item":"https:\/\/bukkigyogytea.com\/sk\/"},{"@type":"ListItem","position":2,"name":"Shop","item":"https:\/\/bukkigyogytea.com\/sk\/obchodne\/"},{"@type":"ListItem","position":3,"name":"Starostlivos\u0165 o telo","item":"https:\/\/bukkigyogytea.com\/sk\/kategoria-produktu\/starostlivost-o-telo\/"},{"@type":"ListItem","position":4,"name":"Tekut\u00e9 mydlo s extraktom z \u013eubovn\u00edka a rozmar\u00ednov\u00fdm olejom"}]},{"@type":"WebSite","@id":"https:\/\/bukkigyogytea.com\/sk\/#website","url":"https:\/\/bukkigyogytea.com\/sk\/","name":"B\u00fckki Gy\u00f3gytea Web\u00e1ruh\u00e1z","description":"Gy\u00f6rgytea hivatalos viszontelad\u00f3","publisher":{"@id":"https:\/\/bukkigyogytea.com\/sk\/#organization"},"potentialAction":[{"@type":"SearchAction","target":{"@type":"EntryPoint","urlTemplate":"https:\/\/bukkigyogytea.com\/sk\/?s={search_term_string}"},"query-input":{"@type":"PropertyValueSpecification","valueRequired":true,"valueName":"search_term_string"}}],"inLanguage":"sk-SK"},{"@type":"Organization","@id":"https:\/\/bukkigyogytea.com\/sk\/#organization","name":"B\u00fckki Gy\u00f3gytea Web\u00e1ruh\u00e1z","url":"https:\/\/bukkigyogytea.com\/sk\/","logo":{"@type":"ImageObject","inLanguage":"sk-SK","@id":"https:\/\/bukkigyogytea.com\/sk\/#\/schema\/logo\/image\/","url":"https:\/\/i0.wp.com\/bukkigyogytea.com\/wp-content\/uploads\/2020\/05\/Sitelogo-1.jpg?fit=350%2C85&ssl=1","contentUrl":"https:\/\/i0.wp.com\/bukkigyogytea.com\/wp-content\/uploads\/2020\/05\/Sitelogo-1.jpg?fit=350%2C85&ssl=1","width":350,"height":85,"caption":"B\u00fckki Gy\u00f3gytea Web\u00e1ruh\u00e1z"},"image":{"@id":"https:\/\/bukkigyogytea.com\/sk\/#\/schema\/logo\/image\/"},"sameAs":["https:\/\/www.facebook.com\/bukkigyogytea\/"]}]}},"publishpress_future_action":{"enabled":false,"date":"2026-05-01 22:55:00","action":"change-status","newStatus":"draft","terms":[],"taxonomy":"product_type","extraData":[]},"publishpress_future_workflow_manual_trigger":{"enabledWorkflows":[]},"_links":{"self":[{"href":"https:\/\/bukkigyogytea.com\/sk\/wp-json\/wp\/v2\/product\/18056","targetHints":{"allow":["GET"]}}],"collection":[{"href":"https:\/\/bukkigyogytea.com\/sk\/wp-json\/wp\/v2\/product"}],"about":[{"href":"https:\/\/bukkigyogytea.com\/sk\/wp-json\/wp\/v2\/types\/product"}],"replies":[{"embeddable":true,"href":"https:\/\/bukkigyogytea.com\/sk\/wp-json\/wp\/v2\/comments?post=18056"}],"wp:featuredmedia":[{"embeddable":true,"href":"https:\/\/bukkigyogytea.com\/sk\/wp-json\/wp\/v2\/media\/17914"}],"wp:attachment":[{"href":"https:\/\/bukkigyogytea.com\/sk\/wp-json\/wp\/v2\/media?parent=18056"}],"wp:term":[{"taxonomy":"product_brand","embeddable":true,"href":"https:\/\/bukkigyogytea.com\/sk\/wp-json\/wp\/v2\/product_brand?post=18056"},{"taxonomy":"product_cat","embeddable":true,"href":"https:\/\/bukkigyogytea.com\/sk\/wp-json\/wp\/v2\/product_cat?post=18056"},{"taxonomy":"product_tag","embeddable":true,"href":"https:\/\/bukkigyogytea.com\/sk\/wp-json\/wp\/v2\/product_tag?post=18056"}],"curies":[{"name":"wp","href":"https:\/\/api.w.org\/{rel}","templated":true}]}}