{"id":17835,"date":"2026-02-17T14:50:44","date_gmt":"2026-02-17T13:50:44","guid":{"rendered":"https:\/\/bukkigyogytea.com\/termek\/rodinny-caj\/"},"modified":"2026-02-17T14:50:44","modified_gmt":"2026-02-17T13:50:44","slug":"rodinny-caj","status":"publish","type":"product","link":"https:\/\/bukkigyogytea.com\/sk\/produktu\/rodinny-caj\/","title":{"rendered":"Rodinn\u00fd \u010daj"},"content":{"rendered":"<p><strong>Zlo\u017eenie:<\/strong> semeno an\u00edzu, kvet bazy \u010diernej, list medovky lek\u00e1rskej, v\u0148a\u0165 citr\u00f3novej verbeny, kvet ibi\u0161teka, v\u0148a\u0165 materinej d\u00fa\u0161ky, sladk\u00e9 drievko<\/p>\n<p><strong>Pr\u00edprava:<\/strong> Jedno \u010dajov\u00e9 vrec\u00fa\u0161ko zalia\u0165 \u0161\u00e1lkou (cca 250 ml) vriacej vody, l\u00fahova\u0165 15 min\u00fat, potom vybra\u0165.<\/p>\n<p><strong>Odpor\u00fa\u010dan\u00e9 pou\u017eitie:<\/strong> 1\u20133 \u0161\u00e1lky denne bez \u010dasov\u00e9ho obmedzenia, kedyko\u013evek po\u010das d\u0148a. Nie je potrebn\u00e9 sladi\u0165. Pre deti od 3 rokov sa odpor\u00fa\u010da rieden\u00e9 (1 vrec\u00fa\u0161ko na 500 ml vody).<\/p>\n","protected":false},"excerpt":{"rendered":"<p><strong>Porciovan\u00e1 bylinn\u00e1 zmes<\/strong><\/p>\n<p>\u0160\u00e1lka \u010daju, ktor\u00fa je dobr\u00e9 vypi\u0165 spolu. Jemne chutn\u00e1 \u010dajov\u00e1 zmes pripom\u00ednaj\u00faca pr\u00edjemn\u00fa atmosf\u00e9ru rodinn\u00fdch stretnut\u00ed, ktor\u00e1 m\u00f4\u017ee by\u0165 ob\u013e\u00faben\u00e1 u v\u0161etk\u00fdch vekov\u00fdch kateg\u00f3ri\u00ed.<\/p>\n","protected":false},"featured_media":17746,"comment_status":"closed","ping_status":"closed","template":"","meta":{"_acf_changed":false},"product_brand":[],"product_cat":[159],"product_tag":[],"class_list":{"0":"post-17835","1":"product","2":"type-product","3":"status-publish","4":"has-post-thumbnail","6":"product_cat-pozitky","7":"sales-flash-overlay","8":"woocommerce-text-align-center","9":"woocommerce-image-align-center","10":"do-quantity-buttons","12":"first","13":"instock","14":"taxable","15":"shipping-taxable","16":"purchasable","17":"product-type-simple"},"acf":{"blog_termekleiras":""},"yoast_head":"<!-- This site is optimized with the Yoast SEO plugin v26.9 - https:\/\/yoast.com\/product\/yoast-seo-wordpress\/ -->\n<title>Rodinn\u00fd \u010daj &#8211; B\u00fckki Gy\u00f3gytea Web\u00e1ruh\u00e1z<\/title>\n<meta name=\"description\" content=\"\u0160\u00e1lka \u010daju, ktor\u00fa je dobr\u00e9 vypi\u0165 spolu. Jemne chutn\u00e1 \u010dajov\u00e1 zmes pripom\u00ednaj\u00faca pr\u00edjemn\u00fa atmosf\u00e9ru rodinn\u00fdch stretnut\u00ed, ktor\u00e1 m\u00f4\u017ee by\u0165 ob\u013e\u00faben\u00e1 u v\u0161etk\u00fdch vekov\u00fdch kateg\u00f3ri\u00ed.\" \/>\n<meta name=\"robots\" content=\"index, follow, max-snippet:-1, max-image-preview:large, max-video-preview:-1\" \/>\n<link rel=\"canonical\" href=\"https:\/\/bukkigyogytea.com\/sk\/produktu\/rodinny-caj\/\" \/>\n<meta property=\"og:locale\" content=\"sk_SK\" \/>\n<meta property=\"og:type\" content=\"article\" \/>\n<meta property=\"og:title\" content=\"Rodinn\u00fd \u010daj &#8211; B\u00fckki Gy\u00f3gytea Web\u00e1ruh\u00e1z\" \/>\n<meta property=\"og:description\" content=\"\u0160\u00e1lka \u010daju, ktor\u00fa je dobr\u00e9 vypi\u0165 spolu. Jemne chutn\u00e1 \u010dajov\u00e1 zmes pripom\u00ednaj\u00faca pr\u00edjemn\u00fa atmosf\u00e9ru rodinn\u00fdch stretnut\u00ed, ktor\u00e1 m\u00f4\u017ee by\u0165 ob\u013e\u00faben\u00e1 u v\u0161etk\u00fdch vekov\u00fdch kateg\u00f3ri\u00ed.\" \/>\n<meta property=\"og:url\" content=\"https:\/\/bukkigyogytea.com\/sk\/produktu\/rodinny-caj\/\" \/>\n<meta property=\"og:site_name\" content=\"B\u00fckki Gy\u00f3gytea Web\u00e1ruh\u00e1z\" \/>\n<meta property=\"article:publisher\" content=\"https:\/\/www.facebook.com\/bukkigyogytea\/\" \/>\n<meta property=\"og:image\" content=\"https:\/\/bukkigyogytea.com\/wp-content\/uploads\/2026\/02\/csaladi-tea-OG-1024x536.jpg\" \/>\n<meta name=\"twitter:card\" content=\"summary_large_image\" \/>\n<script type=\"application\/ld+json\" class=\"yoast-schema-graph\">{\"@context\":\"https:\/\/schema.org\",\"@graph\":[{\"@type\":\"WebPage\",\"@id\":\"https:\/\/bukkigyogytea.com\/sk\/produktu\/rodinny-caj\/\",\"url\":\"https:\/\/bukkigyogytea.com\/sk\/produktu\/rodinny-caj\/\",\"name\":\"Rodinn\u00fd \u010daj &#8211; B\u00fckki Gy\u00f3gytea Web\u00e1ruh\u00e1z\",\"isPartOf\":{\"@id\":\"https:\/\/bukkigyogytea.com\/sk\/#website\"},\"primaryImageOfPage\":{\"@id\":\"https:\/\/bukkigyogytea.com\/sk\/produktu\/rodinny-caj\/#primaryimage\"},\"image\":{\"@id\":\"https:\/\/bukkigyogytea.com\/sk\/produktu\/rodinny-caj\/#primaryimage\"},\"thumbnailUrl\":\"https:\/\/bukkigyogytea.com\/wp-content\/uploads\/2026\/02\/csaladi_tea_bal_900x900.png\",\"datePublished\":\"2026-02-17T13:50:44+00:00\",\"description\":\"\u0160\u00e1lka \u010daju, ktor\u00fa je dobr\u00e9 vypi\u0165 spolu. Jemne chutn\u00e1 \u010dajov\u00e1 zmes pripom\u00ednaj\u00faca pr\u00edjemn\u00fa atmosf\u00e9ru rodinn\u00fdch stretnut\u00ed, ktor\u00e1 m\u00f4\u017ee by\u0165 ob\u013e\u00faben\u00e1 u v\u0161etk\u00fdch vekov\u00fdch kateg\u00f3ri\u00ed.\",\"breadcrumb\":{\"@id\":\"https:\/\/bukkigyogytea.com\/sk\/produktu\/rodinny-caj\/#breadcrumb\"},\"inLanguage\":\"sk-SK\",\"potentialAction\":[{\"@type\":\"ReadAction\",\"target\":[\"https:\/\/bukkigyogytea.com\/sk\/produktu\/rodinny-caj\/\"]}]},{\"@type\":\"ImageObject\",\"inLanguage\":\"sk-SK\",\"@id\":\"https:\/\/bukkigyogytea.com\/sk\/produktu\/rodinny-caj\/#primaryimage\",\"url\":\"https:\/\/bukkigyogytea.com\/wp-content\/uploads\/2026\/02\/csaladi_tea_bal_900x900.png\",\"contentUrl\":\"https:\/\/bukkigyogytea.com\/wp-content\/uploads\/2026\/02\/csaladi_tea_bal_900x900.png\",\"width\":900,\"height\":900},{\"@type\":\"BreadcrumbList\",\"@id\":\"https:\/\/bukkigyogytea.com\/sk\/produktu\/rodinny-caj\/#breadcrumb\",\"itemListElement\":[{\"@type\":\"ListItem\",\"position\":1,\"name\":\"Domov\",\"item\":\"https:\/\/bukkigyogytea.com\/sk\/\"},{\"@type\":\"ListItem\",\"position\":2,\"name\":\"Shop\",\"item\":\"https:\/\/bukkigyogytea.com\/sk\/obchodne\/\"},{\"@type\":\"ListItem\",\"position\":3,\"name\":\"\u200bP\u00f4\u017eitky\",\"item\":\"https:\/\/bukkigyogytea.com\/sk\/kategoria-produktu\/pozitky\/\"},{\"@type\":\"ListItem\",\"position\":4,\"name\":\"Rodinn\u00fd \u010daj\"}]},{\"@type\":\"WebSite\",\"@id\":\"https:\/\/bukkigyogytea.com\/sk\/#website\",\"url\":\"https:\/\/bukkigyogytea.com\/sk\/\",\"name\":\"B\u00fckki Gy\u00f3gytea Web\u00e1ruh\u00e1z\",\"description\":\"Gy\u00f6rgytea hivatalos viszontelad\u00f3\",\"publisher\":{\"@id\":\"https:\/\/bukkigyogytea.com\/sk\/#organization\"},\"potentialAction\":[{\"@type\":\"SearchAction\",\"target\":{\"@type\":\"EntryPoint\",\"urlTemplate\":\"https:\/\/bukkigyogytea.com\/sk\/?s={search_term_string}\"},\"query-input\":{\"@type\":\"PropertyValueSpecification\",\"valueRequired\":true,\"valueName\":\"search_term_string\"}}],\"inLanguage\":\"sk-SK\"},{\"@type\":\"Organization\",\"@id\":\"https:\/\/bukkigyogytea.com\/sk\/#organization\",\"name\":\"B\u00fckki Gy\u00f3gytea Web\u00e1ruh\u00e1z\",\"url\":\"https:\/\/bukkigyogytea.com\/sk\/\",\"logo\":{\"@type\":\"ImageObject\",\"inLanguage\":\"sk-SK\",\"@id\":\"https:\/\/bukkigyogytea.com\/sk\/#\/schema\/logo\/image\/\",\"url\":\"https:\/\/i0.wp.com\/bukkigyogytea.com\/wp-content\/uploads\/2020\/05\/Sitelogo-1.jpg?fit=350%2C85&ssl=1\",\"contentUrl\":\"https:\/\/i0.wp.com\/bukkigyogytea.com\/wp-content\/uploads\/2020\/05\/Sitelogo-1.jpg?fit=350%2C85&ssl=1\",\"width\":350,\"height\":85,\"caption\":\"B\u00fckki Gy\u00f3gytea Web\u00e1ruh\u00e1z\"},\"image\":{\"@id\":\"https:\/\/bukkigyogytea.com\/sk\/#\/schema\/logo\/image\/\"},\"sameAs\":[\"https:\/\/www.facebook.com\/bukkigyogytea\/\"]}]}<\/script>\n<!-- \/ Yoast SEO plugin. -->","yoast_head_json":{"title":"Rodinn\u00fd \u010daj &#8211; B\u00fckki Gy\u00f3gytea Web\u00e1ruh\u00e1z","description":"\u0160\u00e1lka \u010daju, ktor\u00fa je dobr\u00e9 vypi\u0165 spolu. Jemne chutn\u00e1 \u010dajov\u00e1 zmes pripom\u00ednaj\u00faca pr\u00edjemn\u00fa atmosf\u00e9ru rodinn\u00fdch stretnut\u00ed, ktor\u00e1 m\u00f4\u017ee by\u0165 ob\u013e\u00faben\u00e1 u v\u0161etk\u00fdch vekov\u00fdch kateg\u00f3ri\u00ed.","robots":{"index":"index","follow":"follow","max-snippet":"max-snippet:-1","max-image-preview":"max-image-preview:large","max-video-preview":"max-video-preview:-1"},"canonical":"https:\/\/bukkigyogytea.com\/sk\/produktu\/rodinny-caj\/","og_locale":"sk_SK","og_type":"article","og_title":"Rodinn\u00fd \u010daj &#8211; B\u00fckki Gy\u00f3gytea Web\u00e1ruh\u00e1z","og_description":"\u0160\u00e1lka \u010daju, ktor\u00fa je dobr\u00e9 vypi\u0165 spolu. Jemne chutn\u00e1 \u010dajov\u00e1 zmes pripom\u00ednaj\u00faca pr\u00edjemn\u00fa atmosf\u00e9ru rodinn\u00fdch stretnut\u00ed, ktor\u00e1 m\u00f4\u017ee by\u0165 ob\u013e\u00faben\u00e1 u v\u0161etk\u00fdch vekov\u00fdch kateg\u00f3ri\u00ed.","og_url":"https:\/\/bukkigyogytea.com\/sk\/produktu\/rodinny-caj\/","og_site_name":"B\u00fckki Gy\u00f3gytea Web\u00e1ruh\u00e1z","article_publisher":"https:\/\/www.facebook.com\/bukkigyogytea\/","og_image":[{"url":"https:\/\/bukkigyogytea.com\/wp-content\/uploads\/2026\/02\/csaladi-tea-OG-1024x536.jpg","type":"","width":"","height":""}],"twitter_card":"summary_large_image","schema":{"@context":"https:\/\/schema.org","@graph":[{"@type":"WebPage","@id":"https:\/\/bukkigyogytea.com\/sk\/produktu\/rodinny-caj\/","url":"https:\/\/bukkigyogytea.com\/sk\/produktu\/rodinny-caj\/","name":"Rodinn\u00fd \u010daj &#8211; B\u00fckki Gy\u00f3gytea Web\u00e1ruh\u00e1z","isPartOf":{"@id":"https:\/\/bukkigyogytea.com\/sk\/#website"},"primaryImageOfPage":{"@id":"https:\/\/bukkigyogytea.com\/sk\/produktu\/rodinny-caj\/#primaryimage"},"image":{"@id":"https:\/\/bukkigyogytea.com\/sk\/produktu\/rodinny-caj\/#primaryimage"},"thumbnailUrl":"https:\/\/bukkigyogytea.com\/wp-content\/uploads\/2026\/02\/csaladi_tea_bal_900x900.png","datePublished":"2026-02-17T13:50:44+00:00","description":"\u0160\u00e1lka \u010daju, ktor\u00fa je dobr\u00e9 vypi\u0165 spolu. Jemne chutn\u00e1 \u010dajov\u00e1 zmes pripom\u00ednaj\u00faca pr\u00edjemn\u00fa atmosf\u00e9ru rodinn\u00fdch stretnut\u00ed, ktor\u00e1 m\u00f4\u017ee by\u0165 ob\u013e\u00faben\u00e1 u v\u0161etk\u00fdch vekov\u00fdch kateg\u00f3ri\u00ed.","breadcrumb":{"@id":"https:\/\/bukkigyogytea.com\/sk\/produktu\/rodinny-caj\/#breadcrumb"},"inLanguage":"sk-SK","potentialAction":[{"@type":"ReadAction","target":["https:\/\/bukkigyogytea.com\/sk\/produktu\/rodinny-caj\/"]}]},{"@type":"ImageObject","inLanguage":"sk-SK","@id":"https:\/\/bukkigyogytea.com\/sk\/produktu\/rodinny-caj\/#primaryimage","url":"https:\/\/bukkigyogytea.com\/wp-content\/uploads\/2026\/02\/csaladi_tea_bal_900x900.png","contentUrl":"https:\/\/bukkigyogytea.com\/wp-content\/uploads\/2026\/02\/csaladi_tea_bal_900x900.png","width":900,"height":900},{"@type":"BreadcrumbList","@id":"https:\/\/bukkigyogytea.com\/sk\/produktu\/rodinny-caj\/#breadcrumb","itemListElement":[{"@type":"ListItem","position":1,"name":"Domov","item":"https:\/\/bukkigyogytea.com\/sk\/"},{"@type":"ListItem","position":2,"name":"Shop","item":"https:\/\/bukkigyogytea.com\/sk\/obchodne\/"},{"@type":"ListItem","position":3,"name":"\u200bP\u00f4\u017eitky","item":"https:\/\/bukkigyogytea.com\/sk\/kategoria-produktu\/pozitky\/"},{"@type":"ListItem","position":4,"name":"Rodinn\u00fd \u010daj"}]},{"@type":"WebSite","@id":"https:\/\/bukkigyogytea.com\/sk\/#website","url":"https:\/\/bukkigyogytea.com\/sk\/","name":"B\u00fckki Gy\u00f3gytea Web\u00e1ruh\u00e1z","description":"Gy\u00f6rgytea hivatalos viszontelad\u00f3","publisher":{"@id":"https:\/\/bukkigyogytea.com\/sk\/#organization"},"potentialAction":[{"@type":"SearchAction","target":{"@type":"EntryPoint","urlTemplate":"https:\/\/bukkigyogytea.com\/sk\/?s={search_term_string}"},"query-input":{"@type":"PropertyValueSpecification","valueRequired":true,"valueName":"search_term_string"}}],"inLanguage":"sk-SK"},{"@type":"Organization","@id":"https:\/\/bukkigyogytea.com\/sk\/#organization","name":"B\u00fckki Gy\u00f3gytea Web\u00e1ruh\u00e1z","url":"https:\/\/bukkigyogytea.com\/sk\/","logo":{"@type":"ImageObject","inLanguage":"sk-SK","@id":"https:\/\/bukkigyogytea.com\/sk\/#\/schema\/logo\/image\/","url":"https:\/\/i0.wp.com\/bukkigyogytea.com\/wp-content\/uploads\/2020\/05\/Sitelogo-1.jpg?fit=350%2C85&ssl=1","contentUrl":"https:\/\/i0.wp.com\/bukkigyogytea.com\/wp-content\/uploads\/2020\/05\/Sitelogo-1.jpg?fit=350%2C85&ssl=1","width":350,"height":85,"caption":"B\u00fckki Gy\u00f3gytea Web\u00e1ruh\u00e1z"},"image":{"@id":"https:\/\/bukkigyogytea.com\/sk\/#\/schema\/logo\/image\/"},"sameAs":["https:\/\/www.facebook.com\/bukkigyogytea\/"]}]}},"publishpress_future_action":{"enabled":false,"date":"2026-04-09 22:55:00","action":"change-status","newStatus":"draft","terms":[],"taxonomy":"product_type","extraData":[]},"publishpress_future_workflow_manual_trigger":{"enabledWorkflows":[]},"_links":{"self":[{"href":"https:\/\/bukkigyogytea.com\/sk\/wp-json\/wp\/v2\/product\/17835","targetHints":{"allow":["GET"]}}],"collection":[{"href":"https:\/\/bukkigyogytea.com\/sk\/wp-json\/wp\/v2\/product"}],"about":[{"href":"https:\/\/bukkigyogytea.com\/sk\/wp-json\/wp\/v2\/types\/product"}],"replies":[{"embeddable":true,"href":"https:\/\/bukkigyogytea.com\/sk\/wp-json\/wp\/v2\/comments?post=17835"}],"wp:featuredmedia":[{"embeddable":true,"href":"https:\/\/bukkigyogytea.com\/sk\/wp-json\/wp\/v2\/media\/17746"}],"wp:attachment":[{"href":"https:\/\/bukkigyogytea.com\/sk\/wp-json\/wp\/v2\/media?parent=17835"}],"wp:term":[{"taxonomy":"product_brand","embeddable":true,"href":"https:\/\/bukkigyogytea.com\/sk\/wp-json\/wp\/v2\/product_brand?post=17835"},{"taxonomy":"product_cat","embeddable":true,"href":"https:\/\/bukkigyogytea.com\/sk\/wp-json\/wp\/v2\/product_cat?post=17835"},{"taxonomy":"product_tag","embeddable":true,"href":"https:\/\/bukkigyogytea.com\/sk\/wp-json\/wp\/v2\/product_tag?post=17835"}],"curies":[{"name":"wp","href":"https:\/\/api.w.org\/{rel}","templated":true}]}}