{"id":16877,"date":"2025-11-21T08:54:24","date_gmt":"2025-11-21T07:54:24","guid":{"rendered":"https:\/\/bukkigyogytea.com\/?post_type=product&#038;p=16877"},"modified":"2026-03-01T00:34:53","modified_gmt":"2026-02-28T23:34:53","slug":"gyorgytea-kapsula-z-materinej-dusky","status":"publish","type":"product","link":"https:\/\/bukkigyogytea.com\/sk\/produktu\/gyorgytea-kapsula-z-materinej-dusky\/","title":{"rendered":"Gy\u00f6rgytea Kapsula z materinej d\u00fa\u0161ky"},"content":{"rendered":"<p><strong>Denn\u00e1 d\u00e1vka<\/strong>: 2&#215;1 kapsula<br \/>\n<strong>Balenie<\/strong>: 60 ks<br \/>\n<strong>\u010cist\u00e1 hmotnos\u0165:<\/strong> 21 g<\/p>\n<p><strong>ZLO\u017dENIE:<\/strong><\/p>\n<p>d\u00fa\u0161ka materina (Thymus vulgaris) \u2013 pr\u00e1\u0161ok z listov, d\u00fa\u0161ka materina (Thymus vulgaris) \u2013 extrakt z listov, kapsula (hydroxypropylmetylcelul\u00f3za)<\/p>\n<p><strong>\u00da\u010cINN\u00c9 L\u00c1TKY V DENNEJ D\u00c1VKE (2 KAPSULY):\u00a0<\/strong>d\u00fa\u0161ka materina: 440 mg, extrakt z materinej d\u00fa\u0161ky: 60 mg.<br \/>\nDenn\u00e1 d\u00e1vka zodpoved\u00e1 <strong>1040 mg materinej d\u00fa\u0161ky.<\/strong><\/p>\n<p>&nbsp;<\/p>\n<p><strong>UPOZORNENIA:<\/strong><\/p>\n<p>Neprekra\u010dujte odpor\u00fa\u010dan\u00e9 mno\u017estvo uveden\u00e9 v n\u00e1vode na pou\u017eitie. Uchov\u00e1vajte mimo dosahu det\u00ed. Pr\u00edpravok nenahr\u00e1dza vyv\u00e1\u017een\u00fa zmie\u0161an\u00fa stravu a zdrav\u00fd \u017eivotn\u00fd \u0161t\u00fdl.<\/p>\n<p><strong>SKLADOVANIE:<\/strong><\/p>\n<p>Uchov\u00e1vajte pri izbovej teplote, mimo priameho slne\u010dn\u00e9ho \u017eiarenia, v uzavretom obale.<\/p>\n<p><strong>Ozn\u00e1men\u00fd v\u00fdrobok pod\u013ea NNGYK (<\/strong><b>Ma\u010farsk\u00e9 N\u00e1rodn\u00e9 centrum pre verejn\u00e9 zdravie a farm\u00e1ciu)<\/b><\/p>\n<p>&nbsp;<\/p>\n","protected":false},"excerpt":{"rendered":"<p>Gy\u00f6rgytea kapsula z materinej d\u00fa\u0161ky \u2013 v\u00fd\u017eivov\u00fd doplnok pre zdravie d\u00fdchacieho syst\u00e9mu. Materina d\u00fa\u0161ka podporuje zdravie horn\u00fdch d\u00fdchac\u00edch ciest, m\u00e1 upokojuj\u00faci a pr\u00edjemn\u00fd \u00fa\u010dinok na hrdlo, hltan a hlasivky. Prispieva k zmierneniu podr\u00e1\u017edenia hltana a hrdla.<\/p>\n<p>Pr\u00edpravok je <strong>bezlakt\u00f3zov\u00fd, bez konzerva\u010dn\u00fdch l\u00e1tok a veg\u00e1nsky.<\/strong><\/p>\n<p>Produkt notifikovan\u00fd N\u00e1rodn\u00fdm centrom verejn\u00e9ho zdravotn\u00edctva a farm\u00e1cie (NNGYK): <strong>39089\/2025<\/strong>.<\/p>\n<p>V\u00fd\u017eivov\u00fd doplnok nenahr\u00e1dza pestr\u00fa, vyv\u00e1\u017een\u00fa zmie\u0161an\u00fa stravu a zdrav\u00fd \u017eivotn\u00fd \u0161t\u00fdl.<\/p>\n","protected":false},"featured_media":16851,"comment_status":"closed","ping_status":"closed","template":"","meta":{"_acf_changed":false},"product_brand":[],"product_cat":[377],"product_tag":[],"class_list":{"0":"post-16877","1":"product","2":"type-product","3":"status-publish","4":"has-post-thumbnail","6":"product_cat-bylinne-kapsuly","7":"sales-flash-overlay","8":"woocommerce-text-align-center","9":"woocommerce-image-align-center","10":"do-quantity-buttons","12":"first","13":"instock","14":"taxable","15":"shipping-taxable","16":"purchasable","17":"product-type-simple"},"acf":{"blog_termekleiras":""},"yoast_head":"<!-- This site is optimized with the Yoast SEO plugin v26.9 - https:\/\/yoast.com\/product\/yoast-seo-wordpress\/ -->\n<title>Gy\u00f6rgytea Kapsula z materinej d\u00fa\u0161ky &#8211; B\u00fckki Gy\u00f3gytea Web\u00e1ruh\u00e1z<\/title>\n<meta name=\"description\" content=\"Materina d\u00fa\u0161ka podporuje zdravie horn\u00fdch d\u00fdchac\u00edch ciest, m\u00e1 upokojuj\u00faci a pr\u00edjemn\u00fd \u00fa\u010dinok na hrdlo, hltan a hlasivky.\" \/>\n<meta name=\"robots\" content=\"index, follow, max-snippet:-1, max-image-preview:large, max-video-preview:-1\" \/>\n<link rel=\"canonical\" href=\"https:\/\/bukkigyogytea.com\/sk\/produktu\/gyorgytea-kapsula-z-materinej-dusky\/\" \/>\n<meta property=\"og:locale\" content=\"sk_SK\" \/>\n<meta property=\"og:type\" content=\"article\" \/>\n<meta property=\"og:title\" content=\"Gy\u00f6rgytea Kapsula z materinej d\u00fa\u0161ky &#8211; B\u00fckki Gy\u00f3gytea Web\u00e1ruh\u00e1z\" \/>\n<meta property=\"og:description\" content=\"Materina d\u00fa\u0161ka podporuje zdravie horn\u00fdch d\u00fdchac\u00edch ciest, m\u00e1 upokojuj\u00faci a pr\u00edjemn\u00fd \u00fa\u010dinok na hrdlo, hltan a hlasivky.\" \/>\n<meta property=\"og:url\" content=\"https:\/\/bukkigyogytea.com\/sk\/produktu\/gyorgytea-kapsula-z-materinej-dusky\/\" \/>\n<meta property=\"og:site_name\" content=\"B\u00fckki Gy\u00f3gytea Web\u00e1ruh\u00e1z\" \/>\n<meta property=\"article:publisher\" content=\"https:\/\/www.facebook.com\/bukkigyogytea\/\" \/>\n<meta property=\"article:modified_time\" content=\"2026-02-28T23:34:53+00:00\" \/>\n<meta property=\"og:image\" content=\"https:\/\/bukkigyogytea.com\/wp-content\/uploads\/2025\/08\/Ferfi-kapszula-1024x536.jpg\" \/>\n<meta name=\"twitter:card\" content=\"summary_large_image\" \/>\n<meta name=\"twitter:label1\" content=\"Predpokladan\u00fd \u010das \u010d\u00edtania\" \/>\n\t<meta name=\"twitter:data1\" content=\"1 min\u00fata\" \/>\n<script type=\"application\/ld+json\" class=\"yoast-schema-graph\">{\"@context\":\"https:\/\/schema.org\",\"@graph\":[{\"@type\":\"WebPage\",\"@id\":\"https:\/\/bukkigyogytea.com\/sk\/produktu\/gyorgytea-kapsula-z-materinej-dusky\/\",\"url\":\"https:\/\/bukkigyogytea.com\/sk\/produktu\/gyorgytea-kapsula-z-materinej-dusky\/\",\"name\":\"Gy\u00f6rgytea Kapsula z materinej d\u00fa\u0161ky &#8211; B\u00fckki Gy\u00f3gytea Web\u00e1ruh\u00e1z\",\"isPartOf\":{\"@id\":\"https:\/\/bukkigyogytea.com\/sk\/#website\"},\"primaryImageOfPage\":{\"@id\":\"https:\/\/bukkigyogytea.com\/sk\/produktu\/gyorgytea-kapsula-z-materinej-dusky\/#primaryimage\"},\"image\":{\"@id\":\"https:\/\/bukkigyogytea.com\/sk\/produktu\/gyorgytea-kapsula-z-materinej-dusky\/#primaryimage\"},\"thumbnailUrl\":\"https:\/\/bukkigyogytea.com\/wp-content\/uploads\/2025\/11\/32_kakukkfu_gyogynovenykapszula_latvany.png\",\"datePublished\":\"2025-11-21T07:54:24+00:00\",\"dateModified\":\"2026-02-28T23:34:53+00:00\",\"description\":\"Materina d\u00fa\u0161ka podporuje zdravie horn\u00fdch d\u00fdchac\u00edch ciest, m\u00e1 upokojuj\u00faci a pr\u00edjemn\u00fd \u00fa\u010dinok na hrdlo, hltan a hlasivky.\",\"breadcrumb\":{\"@id\":\"https:\/\/bukkigyogytea.com\/sk\/produktu\/gyorgytea-kapsula-z-materinej-dusky\/#breadcrumb\"},\"inLanguage\":\"sk-SK\",\"potentialAction\":[{\"@type\":\"ReadAction\",\"target\":[\"https:\/\/bukkigyogytea.com\/sk\/produktu\/gyorgytea-kapsula-z-materinej-dusky\/\"]}]},{\"@type\":\"ImageObject\",\"inLanguage\":\"sk-SK\",\"@id\":\"https:\/\/bukkigyogytea.com\/sk\/produktu\/gyorgytea-kapsula-z-materinej-dusky\/#primaryimage\",\"url\":\"https:\/\/bukkigyogytea.com\/wp-content\/uploads\/2025\/11\/32_kakukkfu_gyogynovenykapszula_latvany.png\",\"contentUrl\":\"https:\/\/bukkigyogytea.com\/wp-content\/uploads\/2025\/11\/32_kakukkfu_gyogynovenykapszula_latvany.png\",\"width\":900,\"height\":900},{\"@type\":\"BreadcrumbList\",\"@id\":\"https:\/\/bukkigyogytea.com\/sk\/produktu\/gyorgytea-kapsula-z-materinej-dusky\/#breadcrumb\",\"itemListElement\":[{\"@type\":\"ListItem\",\"position\":1,\"name\":\"Domov\",\"item\":\"https:\/\/bukkigyogytea.com\/sk\/\"},{\"@type\":\"ListItem\",\"position\":2,\"name\":\"Shop\",\"item\":\"https:\/\/bukkigyogytea.com\/sk\/obchodne\/\"},{\"@type\":\"ListItem\",\"position\":3,\"name\":\"Bylinn\u00e9 kapsuly\",\"item\":\"https:\/\/bukkigyogytea.com\/sk\/kategoria-produktu\/bylinne-kapsuly\/\"},{\"@type\":\"ListItem\",\"position\":4,\"name\":\"Gy\u00f6rgytea Kapsula z materinej d\u00fa\u0161ky\"}]},{\"@type\":\"WebSite\",\"@id\":\"https:\/\/bukkigyogytea.com\/sk\/#website\",\"url\":\"https:\/\/bukkigyogytea.com\/sk\/\",\"name\":\"B\u00fckki Gy\u00f3gytea Web\u00e1ruh\u00e1z\",\"description\":\"Gy\u00f6rgytea hivatalos viszontelad\u00f3\",\"publisher\":{\"@id\":\"https:\/\/bukkigyogytea.com\/sk\/#organization\"},\"potentialAction\":[{\"@type\":\"SearchAction\",\"target\":{\"@type\":\"EntryPoint\",\"urlTemplate\":\"https:\/\/bukkigyogytea.com\/sk\/?s={search_term_string}\"},\"query-input\":{\"@type\":\"PropertyValueSpecification\",\"valueRequired\":true,\"valueName\":\"search_term_string\"}}],\"inLanguage\":\"sk-SK\"},{\"@type\":\"Organization\",\"@id\":\"https:\/\/bukkigyogytea.com\/sk\/#organization\",\"name\":\"B\u00fckki Gy\u00f3gytea Web\u00e1ruh\u00e1z\",\"url\":\"https:\/\/bukkigyogytea.com\/sk\/\",\"logo\":{\"@type\":\"ImageObject\",\"inLanguage\":\"sk-SK\",\"@id\":\"https:\/\/bukkigyogytea.com\/sk\/#\/schema\/logo\/image\/\",\"url\":\"https:\/\/i0.wp.com\/bukkigyogytea.com\/wp-content\/uploads\/2020\/05\/Sitelogo-1.jpg?fit=350%2C85&ssl=1\",\"contentUrl\":\"https:\/\/i0.wp.com\/bukkigyogytea.com\/wp-content\/uploads\/2020\/05\/Sitelogo-1.jpg?fit=350%2C85&ssl=1\",\"width\":350,\"height\":85,\"caption\":\"B\u00fckki Gy\u00f3gytea Web\u00e1ruh\u00e1z\"},\"image\":{\"@id\":\"https:\/\/bukkigyogytea.com\/sk\/#\/schema\/logo\/image\/\"},\"sameAs\":[\"https:\/\/www.facebook.com\/bukkigyogytea\/\"]}]}<\/script>\n<!-- \/ Yoast SEO plugin. -->","yoast_head_json":{"title":"Gy\u00f6rgytea Kapsula z materinej d\u00fa\u0161ky &#8211; B\u00fckki Gy\u00f3gytea Web\u00e1ruh\u00e1z","description":"Materina d\u00fa\u0161ka podporuje zdravie horn\u00fdch d\u00fdchac\u00edch ciest, m\u00e1 upokojuj\u00faci a pr\u00edjemn\u00fd \u00fa\u010dinok na hrdlo, hltan a hlasivky.","robots":{"index":"index","follow":"follow","max-snippet":"max-snippet:-1","max-image-preview":"max-image-preview:large","max-video-preview":"max-video-preview:-1"},"canonical":"https:\/\/bukkigyogytea.com\/sk\/produktu\/gyorgytea-kapsula-z-materinej-dusky\/","og_locale":"sk_SK","og_type":"article","og_title":"Gy\u00f6rgytea Kapsula z materinej d\u00fa\u0161ky &#8211; B\u00fckki Gy\u00f3gytea Web\u00e1ruh\u00e1z","og_description":"Materina d\u00fa\u0161ka podporuje zdravie horn\u00fdch d\u00fdchac\u00edch ciest, m\u00e1 upokojuj\u00faci a pr\u00edjemn\u00fd \u00fa\u010dinok na hrdlo, hltan a hlasivky.","og_url":"https:\/\/bukkigyogytea.com\/sk\/produktu\/gyorgytea-kapsula-z-materinej-dusky\/","og_site_name":"B\u00fckki Gy\u00f3gytea Web\u00e1ruh\u00e1z","article_publisher":"https:\/\/www.facebook.com\/bukkigyogytea\/","article_modified_time":"2026-02-28T23:34:53+00:00","og_image":[{"url":"https:\/\/bukkigyogytea.com\/wp-content\/uploads\/2025\/08\/Ferfi-kapszula-1024x536.jpg","type":"","width":"","height":""}],"twitter_card":"summary_large_image","twitter_misc":{"Predpokladan\u00fd \u010das \u010d\u00edtania":"1 min\u00fata"},"schema":{"@context":"https:\/\/schema.org","@graph":[{"@type":"WebPage","@id":"https:\/\/bukkigyogytea.com\/sk\/produktu\/gyorgytea-kapsula-z-materinej-dusky\/","url":"https:\/\/bukkigyogytea.com\/sk\/produktu\/gyorgytea-kapsula-z-materinej-dusky\/","name":"Gy\u00f6rgytea Kapsula z materinej d\u00fa\u0161ky &#8211; B\u00fckki Gy\u00f3gytea Web\u00e1ruh\u00e1z","isPartOf":{"@id":"https:\/\/bukkigyogytea.com\/sk\/#website"},"primaryImageOfPage":{"@id":"https:\/\/bukkigyogytea.com\/sk\/produktu\/gyorgytea-kapsula-z-materinej-dusky\/#primaryimage"},"image":{"@id":"https:\/\/bukkigyogytea.com\/sk\/produktu\/gyorgytea-kapsula-z-materinej-dusky\/#primaryimage"},"thumbnailUrl":"https:\/\/bukkigyogytea.com\/wp-content\/uploads\/2025\/11\/32_kakukkfu_gyogynovenykapszula_latvany.png","datePublished":"2025-11-21T07:54:24+00:00","dateModified":"2026-02-28T23:34:53+00:00","description":"Materina d\u00fa\u0161ka podporuje zdravie horn\u00fdch d\u00fdchac\u00edch ciest, m\u00e1 upokojuj\u00faci a pr\u00edjemn\u00fd \u00fa\u010dinok na hrdlo, hltan a hlasivky.","breadcrumb":{"@id":"https:\/\/bukkigyogytea.com\/sk\/produktu\/gyorgytea-kapsula-z-materinej-dusky\/#breadcrumb"},"inLanguage":"sk-SK","potentialAction":[{"@type":"ReadAction","target":["https:\/\/bukkigyogytea.com\/sk\/produktu\/gyorgytea-kapsula-z-materinej-dusky\/"]}]},{"@type":"ImageObject","inLanguage":"sk-SK","@id":"https:\/\/bukkigyogytea.com\/sk\/produktu\/gyorgytea-kapsula-z-materinej-dusky\/#primaryimage","url":"https:\/\/bukkigyogytea.com\/wp-content\/uploads\/2025\/11\/32_kakukkfu_gyogynovenykapszula_latvany.png","contentUrl":"https:\/\/bukkigyogytea.com\/wp-content\/uploads\/2025\/11\/32_kakukkfu_gyogynovenykapszula_latvany.png","width":900,"height":900},{"@type":"BreadcrumbList","@id":"https:\/\/bukkigyogytea.com\/sk\/produktu\/gyorgytea-kapsula-z-materinej-dusky\/#breadcrumb","itemListElement":[{"@type":"ListItem","position":1,"name":"Domov","item":"https:\/\/bukkigyogytea.com\/sk\/"},{"@type":"ListItem","position":2,"name":"Shop","item":"https:\/\/bukkigyogytea.com\/sk\/obchodne\/"},{"@type":"ListItem","position":3,"name":"Bylinn\u00e9 kapsuly","item":"https:\/\/bukkigyogytea.com\/sk\/kategoria-produktu\/bylinne-kapsuly\/"},{"@type":"ListItem","position":4,"name":"Gy\u00f6rgytea Kapsula z materinej d\u00fa\u0161ky"}]},{"@type":"WebSite","@id":"https:\/\/bukkigyogytea.com\/sk\/#website","url":"https:\/\/bukkigyogytea.com\/sk\/","name":"B\u00fckki Gy\u00f3gytea Web\u00e1ruh\u00e1z","description":"Gy\u00f6rgytea hivatalos viszontelad\u00f3","publisher":{"@id":"https:\/\/bukkigyogytea.com\/sk\/#organization"},"potentialAction":[{"@type":"SearchAction","target":{"@type":"EntryPoint","urlTemplate":"https:\/\/bukkigyogytea.com\/sk\/?s={search_term_string}"},"query-input":{"@type":"PropertyValueSpecification","valueRequired":true,"valueName":"search_term_string"}}],"inLanguage":"sk-SK"},{"@type":"Organization","@id":"https:\/\/bukkigyogytea.com\/sk\/#organization","name":"B\u00fckki Gy\u00f3gytea Web\u00e1ruh\u00e1z","url":"https:\/\/bukkigyogytea.com\/sk\/","logo":{"@type":"ImageObject","inLanguage":"sk-SK","@id":"https:\/\/bukkigyogytea.com\/sk\/#\/schema\/logo\/image\/","url":"https:\/\/i0.wp.com\/bukkigyogytea.com\/wp-content\/uploads\/2020\/05\/Sitelogo-1.jpg?fit=350%2C85&ssl=1","contentUrl":"https:\/\/i0.wp.com\/bukkigyogytea.com\/wp-content\/uploads\/2020\/05\/Sitelogo-1.jpg?fit=350%2C85&ssl=1","width":350,"height":85,"caption":"B\u00fckki Gy\u00f3gytea Web\u00e1ruh\u00e1z"},"image":{"@id":"https:\/\/bukkigyogytea.com\/sk\/#\/schema\/logo\/image\/"},"sameAs":["https:\/\/www.facebook.com\/bukkigyogytea\/"]}]}},"publishpress_future_action":{"enabled":false,"date":"2026-04-16 22:55:00","action":"change-status","newStatus":"draft","terms":[],"taxonomy":"product_type","extraData":[]},"publishpress_future_workflow_manual_trigger":{"enabledWorkflows":[]},"_links":{"self":[{"href":"https:\/\/bukkigyogytea.com\/sk\/wp-json\/wp\/v2\/product\/16877","targetHints":{"allow":["GET"]}}],"collection":[{"href":"https:\/\/bukkigyogytea.com\/sk\/wp-json\/wp\/v2\/product"}],"about":[{"href":"https:\/\/bukkigyogytea.com\/sk\/wp-json\/wp\/v2\/types\/product"}],"replies":[{"embeddable":true,"href":"https:\/\/bukkigyogytea.com\/sk\/wp-json\/wp\/v2\/comments?post=16877"}],"wp:featuredmedia":[{"embeddable":true,"href":"https:\/\/bukkigyogytea.com\/sk\/wp-json\/wp\/v2\/media\/16851"}],"wp:attachment":[{"href":"https:\/\/bukkigyogytea.com\/sk\/wp-json\/wp\/v2\/media?parent=16877"}],"wp:term":[{"taxonomy":"product_brand","embeddable":true,"href":"https:\/\/bukkigyogytea.com\/sk\/wp-json\/wp\/v2\/product_brand?post=16877"},{"taxonomy":"product_cat","embeddable":true,"href":"https:\/\/bukkigyogytea.com\/sk\/wp-json\/wp\/v2\/product_cat?post=16877"},{"taxonomy":"product_tag","embeddable":true,"href":"https:\/\/bukkigyogytea.com\/sk\/wp-json\/wp\/v2\/product_tag?post=16877"}],"curies":[{"name":"wp","href":"https:\/\/api.w.org\/{rel}","templated":true}]}}