{"id":15255,"date":"2025-01-04T11:41:27","date_gmt":"2025-01-04T10:41:27","guid":{"rendered":"https:\/\/bukkigyogytea.com\/termek\/ochranne-kuzlo\/"},"modified":"2025-06-01T00:00:15","modified_gmt":"2025-05-31T22:00:15","slug":"ochranne-kuzlo","status":"publish","type":"product","link":"https:\/\/bukkigyogytea.com\/sk\/produktu\/ochranne-kuzlo\/","title":{"rendered":"Ochrann\u00e9 k\u00fazlo"},"content":{"rendered":"<h4>Zlo\u017eenie<\/h4>\n<p>kvet bazy \u010diernej, kvitn\u00faca v\u0148a\u0165 echinacey, \u0161\u00edpky, kvet lipy, kvet harman\u010deka, list slezu, kore\u0148 slezu.<\/p>\n<h4>Pr\u00edprava<\/h4>\n<p>Jeden \u010dajov\u00fd vrec\u00fa\u0161ko zalejte 1 dl hor\u00facej vody, nechajte l\u00fahova\u0165 10 min\u00fat, potom vyberte.<\/p>\n<h4>U\u017e\u00edvanie<\/h4>\n<p>Konzumujte kedyko\u013evek po\u010das d\u0148a, najlep\u0161ie bez dochucovania. 1\u20133 \u0161\u00e1lky denne ako k\u00fara a\u017e do \u00fastupu \u0165a\u017ekost\u00ed.<\/p>\n<h4>Kontraindik\u00e1cie<\/h4>\n<p>Nevhodn\u00e9 pre deti do 3 rokov. Ak je die\u0165a alergick\u00e9 na niektor\u00fa zlo\u017eku, nepou\u017e\u00edvajte!<\/p>\n","protected":false},"excerpt":{"rendered":"<p>\u010caj na posilnenie imunity pre deti<\/p>\n","protected":false},"featured_media":13571,"comment_status":"closed","ping_status":"closed","template":"","meta":{"_acf_changed":false},"product_brand":[],"product_cat":[379],"product_tag":[],"class_list":{"0":"post-15255","1":"product","2":"type-product","3":"status-publish","4":"has-post-thumbnail","6":"product_cat-detske-caje","7":"sales-flash-overlay","8":"woocommerce-text-align-center","9":"woocommerce-image-align-center","10":"do-quantity-buttons","12":"first","13":"instock","14":"taxable","15":"shipping-taxable","16":"purchasable","17":"product-type-simple"},"acf":{"blog_termekleiras":""},"yoast_head":"<!-- This site is optimized with the Yoast SEO plugin v26.9 - https:\/\/yoast.com\/product\/yoast-seo-wordpress\/ -->\n<title>Ochrann\u00e9 k\u00fazlo &#8211; B\u00fckki Gy\u00f3gytea Web\u00e1ruh\u00e1z<\/title>\n<meta name=\"description\" content=\"Bylinn\u00e1 zmes Ochrann\u00e9 k\u00fazlo podporuje \u010dinnos\u0165 imunitn\u00e9ho syst\u00e9mu det\u00ed a m\u00f4\u017ee pom\u00f4c\u0165 predch\u00e1dza\u0165 niektor\u00fdm chorob\u00e1m a infekci\u00e1m.\" \/>\n<meta name=\"robots\" content=\"index, follow, max-snippet:-1, max-image-preview:large, max-video-preview:-1\" \/>\n<link rel=\"canonical\" href=\"https:\/\/bukkigyogytea.com\/sk\/produktu\/ochranne-kuzlo\/\" \/>\n<meta property=\"og:locale\" content=\"sk_SK\" \/>\n<meta property=\"og:type\" content=\"article\" \/>\n<meta property=\"og:title\" content=\"Ochrann\u00e9 k\u00fazlo &#8211; B\u00fckki Gy\u00f3gytea Web\u00e1ruh\u00e1z\" \/>\n<meta property=\"og:description\" content=\"Bylinn\u00e1 zmes Ochrann\u00e9 k\u00fazlo podporuje \u010dinnos\u0165 imunitn\u00e9ho syst\u00e9mu det\u00ed a m\u00f4\u017ee pom\u00f4c\u0165 predch\u00e1dza\u0165 niektor\u00fdm chorob\u00e1m a infekci\u00e1m.\" \/>\n<meta property=\"og:url\" content=\"https:\/\/bukkigyogytea.com\/sk\/produktu\/ochranne-kuzlo\/\" \/>\n<meta property=\"og:site_name\" content=\"B\u00fckki Gy\u00f3gytea Web\u00e1ruh\u00e1z\" \/>\n<meta property=\"article:publisher\" content=\"https:\/\/www.facebook.com\/bukkigyogytea\/\" \/>\n<meta property=\"article:modified_time\" content=\"2025-05-31T22:00:15+00:00\" \/>\n<meta property=\"og:image\" content=\"https:\/\/bukkigyogytea.com\/wp-content\/uploads\/2024\/11\/gyerektea-vedovarazs-bal-900x900px.png\" \/>\n\t<meta property=\"og:image:width\" content=\"900\" \/>\n\t<meta property=\"og:image:height\" content=\"900\" \/>\n\t<meta property=\"og:image:type\" content=\"image\/png\" \/>\n<meta name=\"twitter:card\" content=\"summary_large_image\" \/>\n<script type=\"application\/ld+json\" class=\"yoast-schema-graph\">{\"@context\":\"https:\/\/schema.org\",\"@graph\":[{\"@type\":\"WebPage\",\"@id\":\"https:\/\/bukkigyogytea.com\/sk\/produktu\/ochranne-kuzlo\/\",\"url\":\"https:\/\/bukkigyogytea.com\/sk\/produktu\/ochranne-kuzlo\/\",\"name\":\"Ochrann\u00e9 k\u00fazlo &#8211; B\u00fckki Gy\u00f3gytea Web\u00e1ruh\u00e1z\",\"isPartOf\":{\"@id\":\"https:\/\/bukkigyogytea.com\/sk\/#website\"},\"primaryImageOfPage\":{\"@id\":\"https:\/\/bukkigyogytea.com\/sk\/produktu\/ochranne-kuzlo\/#primaryimage\"},\"image\":{\"@id\":\"https:\/\/bukkigyogytea.com\/sk\/produktu\/ochranne-kuzlo\/#primaryimage\"},\"thumbnailUrl\":\"https:\/\/bukkigyogytea.com\/wp-content\/uploads\/2024\/11\/gyerektea-vedovarazs-bal-900x900px.png\",\"datePublished\":\"2025-01-04T10:41:27+00:00\",\"dateModified\":\"2025-05-31T22:00:15+00:00\",\"description\":\"Bylinn\u00e1 zmes Ochrann\u00e9 k\u00fazlo podporuje \u010dinnos\u0165 imunitn\u00e9ho syst\u00e9mu det\u00ed a m\u00f4\u017ee pom\u00f4c\u0165 predch\u00e1dza\u0165 niektor\u00fdm chorob\u00e1m a infekci\u00e1m.\",\"breadcrumb\":{\"@id\":\"https:\/\/bukkigyogytea.com\/sk\/produktu\/ochranne-kuzlo\/#breadcrumb\"},\"inLanguage\":\"sk-SK\",\"potentialAction\":[{\"@type\":\"ReadAction\",\"target\":[\"https:\/\/bukkigyogytea.com\/sk\/produktu\/ochranne-kuzlo\/\"]}]},{\"@type\":\"ImageObject\",\"inLanguage\":\"sk-SK\",\"@id\":\"https:\/\/bukkigyogytea.com\/sk\/produktu\/ochranne-kuzlo\/#primaryimage\",\"url\":\"https:\/\/bukkigyogytea.com\/wp-content\/uploads\/2024\/11\/gyerektea-vedovarazs-bal-900x900px.png\",\"contentUrl\":\"https:\/\/bukkigyogytea.com\/wp-content\/uploads\/2024\/11\/gyerektea-vedovarazs-bal-900x900px.png\",\"width\":900,\"height\":900,\"caption\":\"Gyerektea - V\u00e9d\u0151var\u00e1zs - 20 teafilter\"},{\"@type\":\"BreadcrumbList\",\"@id\":\"https:\/\/bukkigyogytea.com\/sk\/produktu\/ochranne-kuzlo\/#breadcrumb\",\"itemListElement\":[{\"@type\":\"ListItem\",\"position\":1,\"name\":\"Domov\",\"item\":\"https:\/\/bukkigyogytea.com\/sk\/\"},{\"@type\":\"ListItem\",\"position\":2,\"name\":\"Shop\",\"item\":\"https:\/\/bukkigyogytea.com\/sk\/obchodne\/\"},{\"@type\":\"ListItem\",\"position\":3,\"name\":\"Detsk\u00e9 \u010daje\",\"item\":\"https:\/\/bukkigyogytea.com\/sk\/kategoria-produktu\/detske-caje\/\"},{\"@type\":\"ListItem\",\"position\":4,\"name\":\"Ochrann\u00e9 k\u00fazlo\"}]},{\"@type\":\"WebSite\",\"@id\":\"https:\/\/bukkigyogytea.com\/sk\/#website\",\"url\":\"https:\/\/bukkigyogytea.com\/sk\/\",\"name\":\"B\u00fckki Gy\u00f3gytea Web\u00e1ruh\u00e1z\",\"description\":\"Gy\u00f6rgytea hivatalos viszontelad\u00f3\",\"publisher\":{\"@id\":\"https:\/\/bukkigyogytea.com\/sk\/#organization\"},\"potentialAction\":[{\"@type\":\"SearchAction\",\"target\":{\"@type\":\"EntryPoint\",\"urlTemplate\":\"https:\/\/bukkigyogytea.com\/sk\/?s={search_term_string}\"},\"query-input\":{\"@type\":\"PropertyValueSpecification\",\"valueRequired\":true,\"valueName\":\"search_term_string\"}}],\"inLanguage\":\"sk-SK\"},{\"@type\":\"Organization\",\"@id\":\"https:\/\/bukkigyogytea.com\/sk\/#organization\",\"name\":\"B\u00fckki Gy\u00f3gytea Web\u00e1ruh\u00e1z\",\"url\":\"https:\/\/bukkigyogytea.com\/sk\/\",\"logo\":{\"@type\":\"ImageObject\",\"inLanguage\":\"sk-SK\",\"@id\":\"https:\/\/bukkigyogytea.com\/sk\/#\/schema\/logo\/image\/\",\"url\":\"https:\/\/i0.wp.com\/bukkigyogytea.com\/wp-content\/uploads\/2020\/05\/Sitelogo-1.jpg?fit=350%2C85&ssl=1\",\"contentUrl\":\"https:\/\/i0.wp.com\/bukkigyogytea.com\/wp-content\/uploads\/2020\/05\/Sitelogo-1.jpg?fit=350%2C85&ssl=1\",\"width\":350,\"height\":85,\"caption\":\"B\u00fckki Gy\u00f3gytea Web\u00e1ruh\u00e1z\"},\"image\":{\"@id\":\"https:\/\/bukkigyogytea.com\/sk\/#\/schema\/logo\/image\/\"},\"sameAs\":[\"https:\/\/www.facebook.com\/bukkigyogytea\/\"]}]}<\/script>\n<!-- \/ Yoast SEO plugin. -->","yoast_head_json":{"title":"Ochrann\u00e9 k\u00fazlo &#8211; B\u00fckki Gy\u00f3gytea Web\u00e1ruh\u00e1z","description":"Bylinn\u00e1 zmes Ochrann\u00e9 k\u00fazlo podporuje \u010dinnos\u0165 imunitn\u00e9ho syst\u00e9mu det\u00ed a m\u00f4\u017ee pom\u00f4c\u0165 predch\u00e1dza\u0165 niektor\u00fdm chorob\u00e1m a infekci\u00e1m.","robots":{"index":"index","follow":"follow","max-snippet":"max-snippet:-1","max-image-preview":"max-image-preview:large","max-video-preview":"max-video-preview:-1"},"canonical":"https:\/\/bukkigyogytea.com\/sk\/produktu\/ochranne-kuzlo\/","og_locale":"sk_SK","og_type":"article","og_title":"Ochrann\u00e9 k\u00fazlo &#8211; B\u00fckki Gy\u00f3gytea Web\u00e1ruh\u00e1z","og_description":"Bylinn\u00e1 zmes Ochrann\u00e9 k\u00fazlo podporuje \u010dinnos\u0165 imunitn\u00e9ho syst\u00e9mu det\u00ed a m\u00f4\u017ee pom\u00f4c\u0165 predch\u00e1dza\u0165 niektor\u00fdm chorob\u00e1m a infekci\u00e1m.","og_url":"https:\/\/bukkigyogytea.com\/sk\/produktu\/ochranne-kuzlo\/","og_site_name":"B\u00fckki Gy\u00f3gytea Web\u00e1ruh\u00e1z","article_publisher":"https:\/\/www.facebook.com\/bukkigyogytea\/","article_modified_time":"2025-05-31T22:00:15+00:00","og_image":[{"width":900,"height":900,"url":"https:\/\/bukkigyogytea.com\/wp-content\/uploads\/2024\/11\/gyerektea-vedovarazs-bal-900x900px.png","type":"image\/png"}],"twitter_card":"summary_large_image","schema":{"@context":"https:\/\/schema.org","@graph":[{"@type":"WebPage","@id":"https:\/\/bukkigyogytea.com\/sk\/produktu\/ochranne-kuzlo\/","url":"https:\/\/bukkigyogytea.com\/sk\/produktu\/ochranne-kuzlo\/","name":"Ochrann\u00e9 k\u00fazlo &#8211; B\u00fckki Gy\u00f3gytea Web\u00e1ruh\u00e1z","isPartOf":{"@id":"https:\/\/bukkigyogytea.com\/sk\/#website"},"primaryImageOfPage":{"@id":"https:\/\/bukkigyogytea.com\/sk\/produktu\/ochranne-kuzlo\/#primaryimage"},"image":{"@id":"https:\/\/bukkigyogytea.com\/sk\/produktu\/ochranne-kuzlo\/#primaryimage"},"thumbnailUrl":"https:\/\/bukkigyogytea.com\/wp-content\/uploads\/2024\/11\/gyerektea-vedovarazs-bal-900x900px.png","datePublished":"2025-01-04T10:41:27+00:00","dateModified":"2025-05-31T22:00:15+00:00","description":"Bylinn\u00e1 zmes Ochrann\u00e9 k\u00fazlo podporuje \u010dinnos\u0165 imunitn\u00e9ho syst\u00e9mu det\u00ed a m\u00f4\u017ee pom\u00f4c\u0165 predch\u00e1dza\u0165 niektor\u00fdm chorob\u00e1m a infekci\u00e1m.","breadcrumb":{"@id":"https:\/\/bukkigyogytea.com\/sk\/produktu\/ochranne-kuzlo\/#breadcrumb"},"inLanguage":"sk-SK","potentialAction":[{"@type":"ReadAction","target":["https:\/\/bukkigyogytea.com\/sk\/produktu\/ochranne-kuzlo\/"]}]},{"@type":"ImageObject","inLanguage":"sk-SK","@id":"https:\/\/bukkigyogytea.com\/sk\/produktu\/ochranne-kuzlo\/#primaryimage","url":"https:\/\/bukkigyogytea.com\/wp-content\/uploads\/2024\/11\/gyerektea-vedovarazs-bal-900x900px.png","contentUrl":"https:\/\/bukkigyogytea.com\/wp-content\/uploads\/2024\/11\/gyerektea-vedovarazs-bal-900x900px.png","width":900,"height":900,"caption":"Gyerektea - V\u00e9d\u0151var\u00e1zs - 20 teafilter"},{"@type":"BreadcrumbList","@id":"https:\/\/bukkigyogytea.com\/sk\/produktu\/ochranne-kuzlo\/#breadcrumb","itemListElement":[{"@type":"ListItem","position":1,"name":"Domov","item":"https:\/\/bukkigyogytea.com\/sk\/"},{"@type":"ListItem","position":2,"name":"Shop","item":"https:\/\/bukkigyogytea.com\/sk\/obchodne\/"},{"@type":"ListItem","position":3,"name":"Detsk\u00e9 \u010daje","item":"https:\/\/bukkigyogytea.com\/sk\/kategoria-produktu\/detske-caje\/"},{"@type":"ListItem","position":4,"name":"Ochrann\u00e9 k\u00fazlo"}]},{"@type":"WebSite","@id":"https:\/\/bukkigyogytea.com\/sk\/#website","url":"https:\/\/bukkigyogytea.com\/sk\/","name":"B\u00fckki Gy\u00f3gytea Web\u00e1ruh\u00e1z","description":"Gy\u00f6rgytea hivatalos viszontelad\u00f3","publisher":{"@id":"https:\/\/bukkigyogytea.com\/sk\/#organization"},"potentialAction":[{"@type":"SearchAction","target":{"@type":"EntryPoint","urlTemplate":"https:\/\/bukkigyogytea.com\/sk\/?s={search_term_string}"},"query-input":{"@type":"PropertyValueSpecification","valueRequired":true,"valueName":"search_term_string"}}],"inLanguage":"sk-SK"},{"@type":"Organization","@id":"https:\/\/bukkigyogytea.com\/sk\/#organization","name":"B\u00fckki Gy\u00f3gytea Web\u00e1ruh\u00e1z","url":"https:\/\/bukkigyogytea.com\/sk\/","logo":{"@type":"ImageObject","inLanguage":"sk-SK","@id":"https:\/\/bukkigyogytea.com\/sk\/#\/schema\/logo\/image\/","url":"https:\/\/i0.wp.com\/bukkigyogytea.com\/wp-content\/uploads\/2020\/05\/Sitelogo-1.jpg?fit=350%2C85&ssl=1","contentUrl":"https:\/\/i0.wp.com\/bukkigyogytea.com\/wp-content\/uploads\/2020\/05\/Sitelogo-1.jpg?fit=350%2C85&ssl=1","width":350,"height":85,"caption":"B\u00fckki Gy\u00f3gytea Web\u00e1ruh\u00e1z"},"image":{"@id":"https:\/\/bukkigyogytea.com\/sk\/#\/schema\/logo\/image\/"},"sameAs":["https:\/\/www.facebook.com\/bukkigyogytea\/"]}]}},"publishpress_future_action":{"enabled":false,"date":"2026-04-16 22:55:00","action":"change-status","newStatus":"draft","terms":[],"taxonomy":"product_type","extraData":[]},"publishpress_future_workflow_manual_trigger":{"enabledWorkflows":[]},"_links":{"self":[{"href":"https:\/\/bukkigyogytea.com\/sk\/wp-json\/wp\/v2\/product\/15255","targetHints":{"allow":["GET"]}}],"collection":[{"href":"https:\/\/bukkigyogytea.com\/sk\/wp-json\/wp\/v2\/product"}],"about":[{"href":"https:\/\/bukkigyogytea.com\/sk\/wp-json\/wp\/v2\/types\/product"}],"replies":[{"embeddable":true,"href":"https:\/\/bukkigyogytea.com\/sk\/wp-json\/wp\/v2\/comments?post=15255"}],"wp:featuredmedia":[{"embeddable":true,"href":"https:\/\/bukkigyogytea.com\/sk\/wp-json\/wp\/v2\/media\/13571"}],"wp:attachment":[{"href":"https:\/\/bukkigyogytea.com\/sk\/wp-json\/wp\/v2\/media?parent=15255"}],"wp:term":[{"taxonomy":"product_brand","embeddable":true,"href":"https:\/\/bukkigyogytea.com\/sk\/wp-json\/wp\/v2\/product_brand?post=15255"},{"taxonomy":"product_cat","embeddable":true,"href":"https:\/\/bukkigyogytea.com\/sk\/wp-json\/wp\/v2\/product_cat?post=15255"},{"taxonomy":"product_tag","embeddable":true,"href":"https:\/\/bukkigyogytea.com\/sk\/wp-json\/wp\/v2\/product_tag?post=15255"}],"curies":[{"name":"wp","href":"https:\/\/api.w.org\/{rel}","templated":true}]}}