{"id":15028,"date":"2025-08-18T17:59:36","date_gmt":"2025-08-18T15:59:36","guid":{"rendered":"https:\/\/bukkigyogytea.com\/?post_type=product&#038;p=15028"},"modified":"2025-08-19T10:15:50","modified_gmt":"2025-08-19T08:15:50","slug":"gyorgytea-klbove-kapsuly","status":"publish","type":"product","link":"https:\/\/bukkigyogytea.com\/sk\/produktu\/gyorgytea-klbove-kapsuly\/","title":{"rendered":"Gy\u00f6rgytea K\u013abov\u00e9 kapsuly"},"content":{"rendered":"<p><strong>Denn\u00e1 d\u00e1vka:<\/strong> 2&#215;2 kapsuly<br \/>\n<strong>Balenie<\/strong>: 60 ks<br \/>\n<strong>\u010cist\u00e1 hmotnos\u0165<\/strong>: 24\u202fg<\/p>\n<p><strong>ZLO\u017dENIE:<\/strong><br \/>\npr\u00e1\u0161ok zo sladk\u00e9ho drievka (Glycyrrhiza glabra), pr\u00e1\u0161ok z listov \u010diernej r\u00edbezle (Ribes nigrum), pr\u00e1\u0161ok z listov ostru\u017einy malinovej (Rubus idaeus), pr\u00e1sok z listov brezy (Betula pendula), pr\u00e1\u0161ok z t\u00fa\u017eobn\u00edka brestov\u00e9ho (Filipendula ulmaria), pr\u00e1\u0161ok z v\u0155bovej k\u00f4ry (Salix alba), pr\u00e1\u0161ok z kurkumy (Curcuma longa), pr\u00e1\u0161ok z p\u0155h\u013eavy dvojdomej (Urtica dioica), vitam\u00edn C (kyselina askorbov\u00e1), glukon\u00e1t me\u010fnat\u00fd, obal kapsuly (hydroxypropylmetylcelul\u00f3za)<\/p>\n<p><strong>AKT\u00cdVNE L\u00c1TKY V DENNEJ D\u00c1VKE (4 KAPSULE):<\/strong><br \/>\nsladk\u00e9 drievko: 201,5\u202fmg; \u010dierna r\u00edbez\u013ea: 124,4\u202fmg; ostru\u017eina malinov\u00e1: 124,4\u202fmg; brezov\u00e9 listy: 124,4\u202fmg; t\u00fa\u017eobn\u00edk brestov\u00fd: 124,4\u202fmg; v\u0155bov\u00e1 k\u00f4ra: 124,4\u202fmg; kurkuma: 124,4\u202fmg; p\u0155h\u013eava dvojdom\u00e1: 124,4\u202fmg; vitam\u00edn C: 120\u202fmg (NRV* 150\u202f%); me\u010f: 1,1\u202fmg (NRV* 110\u202f%)<\/p>\n<p>*NRV = referen\u010dn\u00e1 hodnota pr\u00edjmu pre dospel\u00fdch<\/p>\n<p><strong>UPOZORNENIA:<\/strong><br \/>\nNeprekra\u010dujte odpor\u00fa\u010dan\u00fa denn\u00fa d\u00e1vku. Uchov\u00e1vajte mimo dosahu det\u00ed. Doplnok v\u00fd\u017eivy nenahr\u00e1dza pestr\u00fa a vyv\u00e1\u017een\u00fa stravu ani zdrav\u00fd \u017eivotn\u00fd \u0161t\u00fdl. Nevhodn\u00e9 pre tehotn\u00e9 a doj\u010diace \u017eeny. Obsahuje sladk\u00e9 drievko \u2013 pri vysokom krvnom tlaku obmedzi\u0165 pr\u00edjem. Sladk\u00e9 drievko tie\u017e nie je vhodn\u00e9 pri obli\u010dkovom zlyhan\u00ed alebo cirh\u00f3ze pe\u010dene.<\/p>\n<p><strong>SKLADOVANIE:<\/strong> Pri izbovej teplote, mimo priameho slnka, v uzavretom obale.<\/p>\n<div id=\"page\" class=\"site grid-container container hfeed\">\n<div id=\"content\" class=\"site-content\">\n<div id=\"primary\" class=\"content-area\"><main id=\"main\" class=\"site-main\"><\/p>\n<article id=\"post-14984\" class=\"post-14984 product type-product status-draft has-post-thumbnail product_cat-bylinne-kapsuly sales-flash-overlay woocommerce-text-align-center wc-related-upsell-columns-4 wc-related-upsell-tablet-columns-2 wc-related-upsell-mobile-columns-1 do-quantity-buttons first instock taxable shipping-taxable purchasable product-type-simple\">\n<div class=\"inside-article\">\n<div class=\"entry-content\">\n<div id=\"product-14984\" class=\"sales-flash-overlay woocommerce-text-align-center wc-related-upsell-columns-4 wc-related-upsell-tablet-columns-2 wc-related-upsell-mobile-columns-1 do-quantity-buttons product type-product post-14984 status-draft instock product_cat-bylinne-kapsuly has-post-thumbnail taxable shipping-taxable purchasable product-type-simple\">\n<div class=\"woocommerce-tabs wc-tabs-wrapper\">\n<div id=\"tab-description\" class=\"woocommerce-Tabs-panel woocommerce-Tabs-panel--description panel entry-content wc-tab\" role=\"tabpanel\" aria-labelledby=\"tab-title-description\">\n<p><strong>Ozn\u00e1men\u00fd v\u00fdrobok pod\u013ea NNGYK (<\/strong><b>Ma\u010farsk\u00e9 N\u00e1rodn\u00e9 centrum pre verejn\u00e9 zdravie a farm\u00e1ciu)<\/b><\/p>\n<\/div>\n<\/div>\n<\/div>\n<\/div>\n<\/div>\n<\/article>\n<p><\/main><\/div>\n<\/div>\n<\/div>\n","protected":false},"excerpt":{"rendered":"<p><strong>Podpora k\u013abov\u00e9ho zdravia<\/strong><\/p>\n<p><strong>Gy\u00f6rgytea v\u00fd\u017eivov\u00fd doplnok s sladk\u00fdm drievkom, bylinkami, me\u010fou a vitam\u00ednom C<\/strong><\/p>\n<p>Sladk\u00e9 drievko podporuje zdravie kost\u00ed a k\u013abov. Me\u010f napom\u00e1ha udr\u017eiavaniu norm\u00e1lneho stavu spojivov\u00e9ho tkaniva a spr\u00e1vnej funkcie imunitn\u00e9ho syst\u00e9mu. Vitam\u00edn C prispieva k norm\u00e1lnej tvorbe kolag\u00e9nu, \u010d\u00edm podporuje zdravie chrupaviek, kost\u00ed a ciev.<\/p>\n<p>Odpor\u00fa\u010dan\u00e9 <strong>asoci\u00e1ciou pr\u00edrodn\u00fdch lie\u010dite\u013eov Ma\u010farska.<\/strong><\/p>\n","protected":false},"featured_media":15923,"comment_status":"closed","ping_status":"closed","template":"","meta":{"_acf_changed":false},"product_brand":[],"product_cat":[377],"product_tag":[],"class_list":{"0":"post-15028","1":"product","2":"type-product","3":"status-publish","4":"has-post-thumbnail","6":"product_cat-bylinne-kapsuly","7":"sales-flash-overlay","8":"woocommerce-text-align-center","9":"woocommerce-image-align-center","10":"do-quantity-buttons","12":"first","13":"instock","14":"taxable","15":"shipping-taxable","16":"purchasable","17":"product-type-simple"},"acf":{"blog_termekleiras":""},"yoast_head":"<!-- This site is optimized with the Yoast SEO plugin v26.9 - https:\/\/yoast.com\/product\/yoast-seo-wordpress\/ -->\n<title>Gy\u00f6rgytea K\u013abov\u00e9 kapsuly &#8211; B\u00fckki Gy\u00f3gytea Web\u00e1ruh\u00e1z<\/title>\n<meta name=\"description\" content=\"Podpora k\u013abov\u00e9ho zdravia. Gy\u00f6rgytea v\u00fd\u017eivov\u00fd doplnok s sladk\u00fdm drievkom, bylinkami, me\u010fou a vitam\u00ednom C\" \/>\n<meta name=\"robots\" content=\"index, follow, max-snippet:-1, max-image-preview:large, max-video-preview:-1\" \/>\n<link rel=\"canonical\" href=\"https:\/\/bukkigyogytea.com\/sk\/produktu\/gyorgytea-klbove-kapsuly\/\" \/>\n<meta property=\"og:locale\" content=\"sk_SK\" \/>\n<meta property=\"og:type\" content=\"article\" \/>\n<meta property=\"og:title\" content=\"Gy\u00f6rgytea K\u013abov\u00e9 kapsuly &#8211; B\u00fckki Gy\u00f3gytea Web\u00e1ruh\u00e1z\" \/>\n<meta property=\"og:description\" content=\"Podpora k\u013abov\u00e9ho zdravia. Gy\u00f6rgytea v\u00fd\u017eivov\u00fd doplnok s sladk\u00fdm drievkom, bylinkami, me\u010fou a vitam\u00ednom C\" \/>\n<meta property=\"og:url\" content=\"https:\/\/bukkigyogytea.com\/sk\/produktu\/gyorgytea-klbove-kapsuly\/\" \/>\n<meta property=\"og:site_name\" content=\"B\u00fckki Gy\u00f3gytea Web\u00e1ruh\u00e1z\" \/>\n<meta property=\"article:publisher\" content=\"https:\/\/www.facebook.com\/bukkigyogytea\/\" \/>\n<meta property=\"article:modified_time\" content=\"2025-08-19T08:15:50+00:00\" \/>\n<meta property=\"og:image\" content=\"https:\/\/bukkigyogytea.com\/wp-content\/uploads\/2025\/04\/Izulet-kapszula-1024x536.jpg\" \/>\n<meta name=\"twitter:card\" content=\"summary_large_image\" \/>\n<meta name=\"twitter:label1\" content=\"Predpokladan\u00fd \u010das \u010d\u00edtania\" \/>\n\t<meta name=\"twitter:data1\" content=\"1 min\u00fata\" \/>\n<script type=\"application\/ld+json\" class=\"yoast-schema-graph\">{\"@context\":\"https:\/\/schema.org\",\"@graph\":[{\"@type\":\"WebPage\",\"@id\":\"https:\/\/bukkigyogytea.com\/sk\/produktu\/gyorgytea-klbove-kapsuly\/\",\"url\":\"https:\/\/bukkigyogytea.com\/sk\/produktu\/gyorgytea-klbove-kapsuly\/\",\"name\":\"Gy\u00f6rgytea K\u013abov\u00e9 kapsuly &#8211; B\u00fckki Gy\u00f3gytea Web\u00e1ruh\u00e1z\",\"isPartOf\":{\"@id\":\"https:\/\/bukkigyogytea.com\/sk\/#website\"},\"primaryImageOfPage\":{\"@id\":\"https:\/\/bukkigyogytea.com\/sk\/produktu\/gyorgytea-klbove-kapsuly\/#primaryimage\"},\"image\":{\"@id\":\"https:\/\/bukkigyogytea.com\/sk\/produktu\/gyorgytea-klbove-kapsuly\/#primaryimage\"},\"thumbnailUrl\":\"https:\/\/bukkigyogytea.com\/wp-content\/uploads\/2025\/08\/Gyogynoveny-kapszula-izulet_gyb_termek-\u2013-nagy-\u2013-kozepes.png\",\"datePublished\":\"2025-08-18T15:59:36+00:00\",\"dateModified\":\"2025-08-19T08:15:50+00:00\",\"description\":\"Podpora k\u013abov\u00e9ho zdravia. Gy\u00f6rgytea v\u00fd\u017eivov\u00fd doplnok s sladk\u00fdm drievkom, bylinkami, me\u010fou a vitam\u00ednom C\",\"breadcrumb\":{\"@id\":\"https:\/\/bukkigyogytea.com\/sk\/produktu\/gyorgytea-klbove-kapsuly\/#breadcrumb\"},\"inLanguage\":\"sk-SK\",\"potentialAction\":[{\"@type\":\"ReadAction\",\"target\":[\"https:\/\/bukkigyogytea.com\/sk\/produktu\/gyorgytea-klbove-kapsuly\/\"]}]},{\"@type\":\"ImageObject\",\"inLanguage\":\"sk-SK\",\"@id\":\"https:\/\/bukkigyogytea.com\/sk\/produktu\/gyorgytea-klbove-kapsuly\/#primaryimage\",\"url\":\"https:\/\/bukkigyogytea.com\/wp-content\/uploads\/2025\/08\/Gyogynoveny-kapszula-izulet_gyb_termek-\u2013-nagy-\u2013-kozepes.png\",\"contentUrl\":\"https:\/\/bukkigyogytea.com\/wp-content\/uploads\/2025\/08\/Gyogynoveny-kapszula-izulet_gyb_termek-\u2013-nagy-\u2013-kozepes.png\",\"width\":640,\"height\":640,\"caption\":\"Gy\u00f6rgytea K\u013abov\u00e9 kapsuly\"},{\"@type\":\"BreadcrumbList\",\"@id\":\"https:\/\/bukkigyogytea.com\/sk\/produktu\/gyorgytea-klbove-kapsuly\/#breadcrumb\",\"itemListElement\":[{\"@type\":\"ListItem\",\"position\":1,\"name\":\"Domov\",\"item\":\"https:\/\/bukkigyogytea.com\/sk\/\"},{\"@type\":\"ListItem\",\"position\":2,\"name\":\"Shop\",\"item\":\"https:\/\/bukkigyogytea.com\/sk\/obchodne\/\"},{\"@type\":\"ListItem\",\"position\":3,\"name\":\"Bylinn\u00e9 kapsuly\",\"item\":\"https:\/\/bukkigyogytea.com\/sk\/kategoria-produktu\/bylinne-kapsuly\/\"},{\"@type\":\"ListItem\",\"position\":4,\"name\":\"Gy\u00f6rgytea K\u013abov\u00e9 kapsuly\"}]},{\"@type\":\"WebSite\",\"@id\":\"https:\/\/bukkigyogytea.com\/sk\/#website\",\"url\":\"https:\/\/bukkigyogytea.com\/sk\/\",\"name\":\"B\u00fckki Gy\u00f3gytea Web\u00e1ruh\u00e1z\",\"description\":\"Gy\u00f6rgytea hivatalos viszontelad\u00f3\",\"publisher\":{\"@id\":\"https:\/\/bukkigyogytea.com\/sk\/#organization\"},\"potentialAction\":[{\"@type\":\"SearchAction\",\"target\":{\"@type\":\"EntryPoint\",\"urlTemplate\":\"https:\/\/bukkigyogytea.com\/sk\/?s={search_term_string}\"},\"query-input\":{\"@type\":\"PropertyValueSpecification\",\"valueRequired\":true,\"valueName\":\"search_term_string\"}}],\"inLanguage\":\"sk-SK\"},{\"@type\":\"Organization\",\"@id\":\"https:\/\/bukkigyogytea.com\/sk\/#organization\",\"name\":\"B\u00fckki Gy\u00f3gytea Web\u00e1ruh\u00e1z\",\"url\":\"https:\/\/bukkigyogytea.com\/sk\/\",\"logo\":{\"@type\":\"ImageObject\",\"inLanguage\":\"sk-SK\",\"@id\":\"https:\/\/bukkigyogytea.com\/sk\/#\/schema\/logo\/image\/\",\"url\":\"https:\/\/i0.wp.com\/bukkigyogytea.com\/wp-content\/uploads\/2020\/05\/Sitelogo-1.jpg?fit=350%2C85&ssl=1\",\"contentUrl\":\"https:\/\/i0.wp.com\/bukkigyogytea.com\/wp-content\/uploads\/2020\/05\/Sitelogo-1.jpg?fit=350%2C85&ssl=1\",\"width\":350,\"height\":85,\"caption\":\"B\u00fckki Gy\u00f3gytea Web\u00e1ruh\u00e1z\"},\"image\":{\"@id\":\"https:\/\/bukkigyogytea.com\/sk\/#\/schema\/logo\/image\/\"},\"sameAs\":[\"https:\/\/www.facebook.com\/bukkigyogytea\/\"]}]}<\/script>\n<!-- \/ Yoast SEO plugin. -->","yoast_head_json":{"title":"Gy\u00f6rgytea K\u013abov\u00e9 kapsuly &#8211; B\u00fckki Gy\u00f3gytea Web\u00e1ruh\u00e1z","description":"Podpora k\u013abov\u00e9ho zdravia. Gy\u00f6rgytea v\u00fd\u017eivov\u00fd doplnok s sladk\u00fdm drievkom, bylinkami, me\u010fou a vitam\u00ednom C","robots":{"index":"index","follow":"follow","max-snippet":"max-snippet:-1","max-image-preview":"max-image-preview:large","max-video-preview":"max-video-preview:-1"},"canonical":"https:\/\/bukkigyogytea.com\/sk\/produktu\/gyorgytea-klbove-kapsuly\/","og_locale":"sk_SK","og_type":"article","og_title":"Gy\u00f6rgytea K\u013abov\u00e9 kapsuly &#8211; B\u00fckki Gy\u00f3gytea Web\u00e1ruh\u00e1z","og_description":"Podpora k\u013abov\u00e9ho zdravia. Gy\u00f6rgytea v\u00fd\u017eivov\u00fd doplnok s sladk\u00fdm drievkom, bylinkami, me\u010fou a vitam\u00ednom C","og_url":"https:\/\/bukkigyogytea.com\/sk\/produktu\/gyorgytea-klbove-kapsuly\/","og_site_name":"B\u00fckki Gy\u00f3gytea Web\u00e1ruh\u00e1z","article_publisher":"https:\/\/www.facebook.com\/bukkigyogytea\/","article_modified_time":"2025-08-19T08:15:50+00:00","og_image":[{"url":"https:\/\/bukkigyogytea.com\/wp-content\/uploads\/2025\/04\/Izulet-kapszula-1024x536.jpg","type":"","width":"","height":""}],"twitter_card":"summary_large_image","twitter_misc":{"Predpokladan\u00fd \u010das \u010d\u00edtania":"1 min\u00fata"},"schema":{"@context":"https:\/\/schema.org","@graph":[{"@type":"WebPage","@id":"https:\/\/bukkigyogytea.com\/sk\/produktu\/gyorgytea-klbove-kapsuly\/","url":"https:\/\/bukkigyogytea.com\/sk\/produktu\/gyorgytea-klbove-kapsuly\/","name":"Gy\u00f6rgytea K\u013abov\u00e9 kapsuly &#8211; B\u00fckki Gy\u00f3gytea Web\u00e1ruh\u00e1z","isPartOf":{"@id":"https:\/\/bukkigyogytea.com\/sk\/#website"},"primaryImageOfPage":{"@id":"https:\/\/bukkigyogytea.com\/sk\/produktu\/gyorgytea-klbove-kapsuly\/#primaryimage"},"image":{"@id":"https:\/\/bukkigyogytea.com\/sk\/produktu\/gyorgytea-klbove-kapsuly\/#primaryimage"},"thumbnailUrl":"https:\/\/bukkigyogytea.com\/wp-content\/uploads\/2025\/08\/Gyogynoveny-kapszula-izulet_gyb_termek-\u2013-nagy-\u2013-kozepes.png","datePublished":"2025-08-18T15:59:36+00:00","dateModified":"2025-08-19T08:15:50+00:00","description":"Podpora k\u013abov\u00e9ho zdravia. Gy\u00f6rgytea v\u00fd\u017eivov\u00fd doplnok s sladk\u00fdm drievkom, bylinkami, me\u010fou a vitam\u00ednom C","breadcrumb":{"@id":"https:\/\/bukkigyogytea.com\/sk\/produktu\/gyorgytea-klbove-kapsuly\/#breadcrumb"},"inLanguage":"sk-SK","potentialAction":[{"@type":"ReadAction","target":["https:\/\/bukkigyogytea.com\/sk\/produktu\/gyorgytea-klbove-kapsuly\/"]}]},{"@type":"ImageObject","inLanguage":"sk-SK","@id":"https:\/\/bukkigyogytea.com\/sk\/produktu\/gyorgytea-klbove-kapsuly\/#primaryimage","url":"https:\/\/bukkigyogytea.com\/wp-content\/uploads\/2025\/08\/Gyogynoveny-kapszula-izulet_gyb_termek-\u2013-nagy-\u2013-kozepes.png","contentUrl":"https:\/\/bukkigyogytea.com\/wp-content\/uploads\/2025\/08\/Gyogynoveny-kapszula-izulet_gyb_termek-\u2013-nagy-\u2013-kozepes.png","width":640,"height":640,"caption":"Gy\u00f6rgytea K\u013abov\u00e9 kapsuly"},{"@type":"BreadcrumbList","@id":"https:\/\/bukkigyogytea.com\/sk\/produktu\/gyorgytea-klbove-kapsuly\/#breadcrumb","itemListElement":[{"@type":"ListItem","position":1,"name":"Domov","item":"https:\/\/bukkigyogytea.com\/sk\/"},{"@type":"ListItem","position":2,"name":"Shop","item":"https:\/\/bukkigyogytea.com\/sk\/obchodne\/"},{"@type":"ListItem","position":3,"name":"Bylinn\u00e9 kapsuly","item":"https:\/\/bukkigyogytea.com\/sk\/kategoria-produktu\/bylinne-kapsuly\/"},{"@type":"ListItem","position":4,"name":"Gy\u00f6rgytea K\u013abov\u00e9 kapsuly"}]},{"@type":"WebSite","@id":"https:\/\/bukkigyogytea.com\/sk\/#website","url":"https:\/\/bukkigyogytea.com\/sk\/","name":"B\u00fckki Gy\u00f3gytea Web\u00e1ruh\u00e1z","description":"Gy\u00f6rgytea hivatalos viszontelad\u00f3","publisher":{"@id":"https:\/\/bukkigyogytea.com\/sk\/#organization"},"potentialAction":[{"@type":"SearchAction","target":{"@type":"EntryPoint","urlTemplate":"https:\/\/bukkigyogytea.com\/sk\/?s={search_term_string}"},"query-input":{"@type":"PropertyValueSpecification","valueRequired":true,"valueName":"search_term_string"}}],"inLanguage":"sk-SK"},{"@type":"Organization","@id":"https:\/\/bukkigyogytea.com\/sk\/#organization","name":"B\u00fckki Gy\u00f3gytea Web\u00e1ruh\u00e1z","url":"https:\/\/bukkigyogytea.com\/sk\/","logo":{"@type":"ImageObject","inLanguage":"sk-SK","@id":"https:\/\/bukkigyogytea.com\/sk\/#\/schema\/logo\/image\/","url":"https:\/\/i0.wp.com\/bukkigyogytea.com\/wp-content\/uploads\/2020\/05\/Sitelogo-1.jpg?fit=350%2C85&ssl=1","contentUrl":"https:\/\/i0.wp.com\/bukkigyogytea.com\/wp-content\/uploads\/2020\/05\/Sitelogo-1.jpg?fit=350%2C85&ssl=1","width":350,"height":85,"caption":"B\u00fckki Gy\u00f3gytea Web\u00e1ruh\u00e1z"},"image":{"@id":"https:\/\/bukkigyogytea.com\/sk\/#\/schema\/logo\/image\/"},"sameAs":["https:\/\/www.facebook.com\/bukkigyogytea\/"]}]}},"publishpress_future_action":{"enabled":false,"date":"2026-04-16 22:55:00","action":"change-status","newStatus":"draft","terms":[],"taxonomy":"product_type","extraData":[]},"publishpress_future_workflow_manual_trigger":{"enabledWorkflows":[]},"_links":{"self":[{"href":"https:\/\/bukkigyogytea.com\/sk\/wp-json\/wp\/v2\/product\/15028","targetHints":{"allow":["GET"]}}],"collection":[{"href":"https:\/\/bukkigyogytea.com\/sk\/wp-json\/wp\/v2\/product"}],"about":[{"href":"https:\/\/bukkigyogytea.com\/sk\/wp-json\/wp\/v2\/types\/product"}],"replies":[{"embeddable":true,"href":"https:\/\/bukkigyogytea.com\/sk\/wp-json\/wp\/v2\/comments?post=15028"}],"wp:featuredmedia":[{"embeddable":true,"href":"https:\/\/bukkigyogytea.com\/sk\/wp-json\/wp\/v2\/media\/15923"}],"wp:attachment":[{"href":"https:\/\/bukkigyogytea.com\/sk\/wp-json\/wp\/v2\/media?parent=15028"}],"wp:term":[{"taxonomy":"product_brand","embeddable":true,"href":"https:\/\/bukkigyogytea.com\/sk\/wp-json\/wp\/v2\/product_brand?post=15028"},{"taxonomy":"product_cat","embeddable":true,"href":"https:\/\/bukkigyogytea.com\/sk\/wp-json\/wp\/v2\/product_cat?post=15028"},{"taxonomy":"product_tag","embeddable":true,"href":"https:\/\/bukkigyogytea.com\/sk\/wp-json\/wp\/v2\/product_tag?post=15028"}],"curies":[{"name":"wp","href":"https:\/\/api.w.org\/{rel}","templated":true}]}}