{"id":15021,"date":"2025-02-28T17:21:31","date_gmt":"2025-02-28T16:21:31","guid":{"rendered":"https:\/\/bukkigyogytea.com\/?post_type=product&#038;p=15021"},"modified":"2025-08-19T10:15:51","modified_gmt":"2025-08-19T08:15:51","slug":"gyorgytea-kapsuly-na-zilovy-obeh","status":"publish","type":"product","link":"https:\/\/bukkigyogytea.com\/sk\/produktu\/gyorgytea-kapsuly-na-zilovy-obeh\/","title":{"rendered":"Gy\u00f6rgytea Kapsuly na \u017eilov\u00fd obeh"},"content":{"rendered":"<p><strong>Denn\u00e1 d\u00e1vka:<\/strong> 2&#215;1 kapsula, r\u00e1no a na obed.<br \/>\n<strong>Balenie<\/strong>: 60 ks<br \/>\n<strong>\u010cist\u00e1 hmotnos\u0165<\/strong>: 22,1\u202fg<\/p>\n<p><strong>ZLO\u017dENIE:<\/strong><br \/>\npr\u00e1\u0161ok z listov \u010diernej r\u00edbezle (Ribes nigrum), pr\u00e1\u0161ok z listov p\u00fapavy (Taraxacum officinale), extrakt z p\u0155h\u013eavy dvojdomej (Urtica dioica), pr\u00e1\u0161ok z kvetov \u010dierneho bazu (Sambucus nigra), pr\u00e1\u0161ok z brezov\u00fdch \u00a0listov (Betula pendula), pr\u00e1\u0161ok zo zeme\u017el\u010de (Centaurium), zinok\u2011glucon\u00e1t, obal kapsuly (hydroxypropylmetylcelul\u00f3za)<\/p>\n<p><strong>AKT\u00cdVNE L\u00c1TKY V DENNEJ D\u00c1VKE (3 KAPSULE):<\/strong><br \/>\n\u010dierna r\u00edbez\u013ea: 546,2\u202fmg; p\u00fapava: 54,6\u202fmg; extrakt z p\u0155h\u013eavy: 50,1\u202fmg; bazov\u00fd kvet: 50,1\u202fmg; brezov\u00e9 listy: 40\u202fmg; zeme\u017el\u010d: 30\u202fmg; zinok: 5\u202fmg (NRV* 50\u202f%)<\/p>\n<p>*NRV = referen\u010dn\u00e1 hodnota pr\u00edjmu pre dospel\u00fdch<\/p>\n<p><strong>UPOZORNENIA:<\/strong><br \/>\nNeprekra\u010dujte odpor\u00fa\u010dan\u00fa denn\u00fa d\u00e1vku. Uchov\u00e1vajte mimo dosahu det\u00ed. Doplnok v\u00fd\u017eivy nenahr\u00e1dza pestr\u00fa a vyv\u00e1\u017een\u00fa stravu a zdrav\u00fd \u017eivotn\u00fd \u0161t\u00fdl. Nevhodn\u00e9 pre tehotn\u00e9 a doj\u010diace \u017eeny.<\/p>\n<p><strong>SKLADOVANIE:<\/strong> Pri izbovej teplote, mimo priameho slnka, v uzavretom obale.<\/p>\n<div id=\"page\" class=\"site grid-container container hfeed\">\n<div id=\"content\" class=\"site-content\">\n<div id=\"primary\" class=\"content-area\"><main id=\"main\" class=\"site-main\"><\/p>\n<article id=\"post-14984\" class=\"post-14984 product type-product status-draft has-post-thumbnail product_cat-bylinne-kapsuly sales-flash-overlay woocommerce-text-align-center wc-related-upsell-columns-4 wc-related-upsell-tablet-columns-2 wc-related-upsell-mobile-columns-1 do-quantity-buttons first instock taxable shipping-taxable purchasable product-type-simple\">\n<div class=\"inside-article\">\n<div class=\"entry-content\">\n<div id=\"product-14984\" class=\"sales-flash-overlay woocommerce-text-align-center wc-related-upsell-columns-4 wc-related-upsell-tablet-columns-2 wc-related-upsell-mobile-columns-1 do-quantity-buttons product type-product post-14984 status-draft instock product_cat-bylinne-kapsuly has-post-thumbnail taxable shipping-taxable purchasable product-type-simple\">\n<div class=\"woocommerce-tabs wc-tabs-wrapper\">\n<div id=\"tab-description\" class=\"woocommerce-Tabs-panel woocommerce-Tabs-panel--description panel entry-content wc-tab\" role=\"tabpanel\" aria-labelledby=\"tab-title-description\">\n<p><strong>Ozn\u00e1men\u00fd v\u00fdrobok pod\u013ea NNGYK (<\/strong><b>Ma\u010farsk\u00e9 N\u00e1rodn\u00e9 centrum pre verejn\u00e9 zdravie a farm\u00e1ciu)<\/b><\/p>\n<\/div>\n<\/div>\n<\/div>\n<\/div>\n<\/div>\n<\/article>\n<p><\/main><\/div>\n<\/div>\n<\/div>\n","protected":false},"excerpt":{"rendered":"<p><strong>Podpora vylu\u010dovania a \u017eilovej funkcie<\/strong><\/p>\n<p><strong>Gy\u00f6rgytea v\u00fd\u017eivov\u00fd doplnok s listami \u010diernej r\u00edbezle, p\u0155h\u013eavou, bylinkami a zinkom<\/strong><\/p>\n<p>Listy \u010diernej r\u00edbezle podporuj\u00fa vylu\u010dovacie funkcie tela. P\u0155h\u013eava dvojdom\u00e1 prispieva k \u017eilovej cirkul\u00e1cii a pom\u00e1ha zmierni\u0165 pocit unaven\u00fdch a \u0165a\u017ek\u00fdch n\u00f4h. Zinok prispieva k norm\u00e1lnej rovnov\u00e1he kysel\u00edn a z\u00e1sad, k spr\u00e1vnej funkcii imunitn\u00e9ho syst\u00e9mu a k ochrane buniek pred oxida\u010dn\u00fdm stresom.<\/p>\n<p>Odpor\u00fa\u010dan\u00e9 <strong>asoci\u00e1ciou pr\u00edrodn\u00fdch lie\u010dite\u013eov Ma\u010farska.<\/strong><\/p>\n","protected":false},"featured_media":15938,"comment_status":"closed","ping_status":"closed","template":"","meta":{"_acf_changed":false},"product_brand":[],"product_cat":[377],"product_tag":[],"class_list":{"0":"post-15021","1":"product","2":"type-product","3":"status-publish","4":"has-post-thumbnail","6":"product_cat-bylinne-kapsuly","7":"sales-flash-overlay","8":"woocommerce-text-align-center","9":"woocommerce-image-align-center","10":"do-quantity-buttons","12":"first","13":"instock","14":"taxable","15":"shipping-taxable","16":"purchasable","17":"product-type-simple"},"acf":{"blog_termekleiras":""},"yoast_head":"<!-- This site is optimized with the Yoast SEO plugin v26.9 - https:\/\/yoast.com\/product\/yoast-seo-wordpress\/ -->\n<title>Gy\u00f6rgytea Kapsuly na \u017eilov\u00fd obeh &#8211; B\u00fckki Gy\u00f3gytea Web\u00e1ruh\u00e1z<\/title>\n<meta name=\"description\" content=\"Podpora vylu\u010dovania a \u017eilovej funkcie. Gy\u00f6rgytea v\u00fd\u017eivov\u00fd doplnok s listami \u010diernej r\u00edbezle, p\u0155h\u013eavou, bylinkami a zinkom\" \/>\n<meta name=\"robots\" content=\"index, follow, max-snippet:-1, max-image-preview:large, max-video-preview:-1\" \/>\n<link rel=\"canonical\" href=\"https:\/\/bukkigyogytea.com\/sk\/produktu\/gyorgytea-kapsuly-na-zilovy-obeh\/\" \/>\n<meta property=\"og:locale\" content=\"sk_SK\" \/>\n<meta property=\"og:type\" content=\"article\" \/>\n<meta property=\"og:title\" content=\"Gy\u00f6rgytea Kapsuly na \u017eilov\u00fd obeh &#8211; B\u00fckki Gy\u00f3gytea Web\u00e1ruh\u00e1z\" \/>\n<meta property=\"og:description\" content=\"Podpora vylu\u010dovania a \u017eilovej funkcie. Gy\u00f6rgytea v\u00fd\u017eivov\u00fd doplnok s listami \u010diernej r\u00edbezle, p\u0155h\u013eavou, bylinkami a zinkom\" \/>\n<meta property=\"og:url\" content=\"https:\/\/bukkigyogytea.com\/sk\/produktu\/gyorgytea-kapsuly-na-zilovy-obeh\/\" \/>\n<meta property=\"og:site_name\" content=\"B\u00fckki Gy\u00f3gytea Web\u00e1ruh\u00e1z\" \/>\n<meta property=\"article:publisher\" content=\"https:\/\/www.facebook.com\/bukkigyogytea\/\" \/>\n<meta property=\"article:modified_time\" content=\"2025-08-19T08:15:51+00:00\" \/>\n<meta property=\"og:image\" content=\"https:\/\/bukkigyogytea.com\/wp-content\/uploads\/2025\/04\/csalan-kapszula-1024x536.jpg\" \/>\n<meta name=\"twitter:card\" content=\"summary_large_image\" \/>\n<meta name=\"twitter:label1\" content=\"Predpokladan\u00fd \u010das \u010d\u00edtania\" \/>\n\t<meta name=\"twitter:data1\" content=\"1 min\u00fata\" \/>\n<script type=\"application\/ld+json\" class=\"yoast-schema-graph\">{\"@context\":\"https:\/\/schema.org\",\"@graph\":[{\"@type\":\"WebPage\",\"@id\":\"https:\/\/bukkigyogytea.com\/sk\/produktu\/gyorgytea-kapsuly-na-zilovy-obeh\/\",\"url\":\"https:\/\/bukkigyogytea.com\/sk\/produktu\/gyorgytea-kapsuly-na-zilovy-obeh\/\",\"name\":\"Gy\u00f6rgytea Kapsuly na \u017eilov\u00fd obeh &#8211; B\u00fckki Gy\u00f3gytea Web\u00e1ruh\u00e1z\",\"isPartOf\":{\"@id\":\"https:\/\/bukkigyogytea.com\/sk\/#website\"},\"primaryImageOfPage\":{\"@id\":\"https:\/\/bukkigyogytea.com\/sk\/produktu\/gyorgytea-kapsuly-na-zilovy-obeh\/#primaryimage\"},\"image\":{\"@id\":\"https:\/\/bukkigyogytea.com\/sk\/produktu\/gyorgytea-kapsuly-na-zilovy-obeh\/#primaryimage\"},\"thumbnailUrl\":\"https:\/\/bukkigyogytea.com\/wp-content\/uploads\/2025\/08\/Gyogynoveny-kapszula-venas_keringesjavito_gyb_termek-\u2013-nagy-\u2013-kozepes.png\",\"datePublished\":\"2025-02-28T16:21:31+00:00\",\"dateModified\":\"2025-08-19T08:15:51+00:00\",\"description\":\"Podpora vylu\u010dovania a \u017eilovej funkcie. Gy\u00f6rgytea v\u00fd\u017eivov\u00fd doplnok s listami \u010diernej r\u00edbezle, p\u0155h\u013eavou, bylinkami a zinkom\",\"breadcrumb\":{\"@id\":\"https:\/\/bukkigyogytea.com\/sk\/produktu\/gyorgytea-kapsuly-na-zilovy-obeh\/#breadcrumb\"},\"inLanguage\":\"sk-SK\",\"potentialAction\":[{\"@type\":\"ReadAction\",\"target\":[\"https:\/\/bukkigyogytea.com\/sk\/produktu\/gyorgytea-kapsuly-na-zilovy-obeh\/\"]}]},{\"@type\":\"ImageObject\",\"inLanguage\":\"sk-SK\",\"@id\":\"https:\/\/bukkigyogytea.com\/sk\/produktu\/gyorgytea-kapsuly-na-zilovy-obeh\/#primaryimage\",\"url\":\"https:\/\/bukkigyogytea.com\/wp-content\/uploads\/2025\/08\/Gyogynoveny-kapszula-venas_keringesjavito_gyb_termek-\u2013-nagy-\u2013-kozepes.png\",\"contentUrl\":\"https:\/\/bukkigyogytea.com\/wp-content\/uploads\/2025\/08\/Gyogynoveny-kapszula-venas_keringesjavito_gyb_termek-\u2013-nagy-\u2013-kozepes.png\",\"width\":640,\"height\":640,\"caption\":\"Gy\u00f6rgytea Kapsuly na \u017eilov\u00fd obeh\"},{\"@type\":\"BreadcrumbList\",\"@id\":\"https:\/\/bukkigyogytea.com\/sk\/produktu\/gyorgytea-kapsuly-na-zilovy-obeh\/#breadcrumb\",\"itemListElement\":[{\"@type\":\"ListItem\",\"position\":1,\"name\":\"Domov\",\"item\":\"https:\/\/bukkigyogytea.com\/sk\/\"},{\"@type\":\"ListItem\",\"position\":2,\"name\":\"Shop\",\"item\":\"https:\/\/bukkigyogytea.com\/sk\/obchodne\/\"},{\"@type\":\"ListItem\",\"position\":3,\"name\":\"Bylinn\u00e9 kapsuly\",\"item\":\"https:\/\/bukkigyogytea.com\/sk\/kategoria-produktu\/bylinne-kapsuly\/\"},{\"@type\":\"ListItem\",\"position\":4,\"name\":\"Gy\u00f6rgytea Kapsuly na \u017eilov\u00fd obeh\"}]},{\"@type\":\"WebSite\",\"@id\":\"https:\/\/bukkigyogytea.com\/sk\/#website\",\"url\":\"https:\/\/bukkigyogytea.com\/sk\/\",\"name\":\"B\u00fckki Gy\u00f3gytea Web\u00e1ruh\u00e1z\",\"description\":\"Gy\u00f6rgytea hivatalos viszontelad\u00f3\",\"publisher\":{\"@id\":\"https:\/\/bukkigyogytea.com\/sk\/#organization\"},\"potentialAction\":[{\"@type\":\"SearchAction\",\"target\":{\"@type\":\"EntryPoint\",\"urlTemplate\":\"https:\/\/bukkigyogytea.com\/sk\/?s={search_term_string}\"},\"query-input\":{\"@type\":\"PropertyValueSpecification\",\"valueRequired\":true,\"valueName\":\"search_term_string\"}}],\"inLanguage\":\"sk-SK\"},{\"@type\":\"Organization\",\"@id\":\"https:\/\/bukkigyogytea.com\/sk\/#organization\",\"name\":\"B\u00fckki Gy\u00f3gytea Web\u00e1ruh\u00e1z\",\"url\":\"https:\/\/bukkigyogytea.com\/sk\/\",\"logo\":{\"@type\":\"ImageObject\",\"inLanguage\":\"sk-SK\",\"@id\":\"https:\/\/bukkigyogytea.com\/sk\/#\/schema\/logo\/image\/\",\"url\":\"https:\/\/i0.wp.com\/bukkigyogytea.com\/wp-content\/uploads\/2020\/05\/Sitelogo-1.jpg?fit=350%2C85&ssl=1\",\"contentUrl\":\"https:\/\/i0.wp.com\/bukkigyogytea.com\/wp-content\/uploads\/2020\/05\/Sitelogo-1.jpg?fit=350%2C85&ssl=1\",\"width\":350,\"height\":85,\"caption\":\"B\u00fckki Gy\u00f3gytea Web\u00e1ruh\u00e1z\"},\"image\":{\"@id\":\"https:\/\/bukkigyogytea.com\/sk\/#\/schema\/logo\/image\/\"},\"sameAs\":[\"https:\/\/www.facebook.com\/bukkigyogytea\/\"]}]}<\/script>\n<!-- \/ Yoast SEO plugin. -->","yoast_head_json":{"title":"Gy\u00f6rgytea Kapsuly na \u017eilov\u00fd obeh &#8211; B\u00fckki Gy\u00f3gytea Web\u00e1ruh\u00e1z","description":"Podpora vylu\u010dovania a \u017eilovej funkcie. Gy\u00f6rgytea v\u00fd\u017eivov\u00fd doplnok s listami \u010diernej r\u00edbezle, p\u0155h\u013eavou, bylinkami a zinkom","robots":{"index":"index","follow":"follow","max-snippet":"max-snippet:-1","max-image-preview":"max-image-preview:large","max-video-preview":"max-video-preview:-1"},"canonical":"https:\/\/bukkigyogytea.com\/sk\/produktu\/gyorgytea-kapsuly-na-zilovy-obeh\/","og_locale":"sk_SK","og_type":"article","og_title":"Gy\u00f6rgytea Kapsuly na \u017eilov\u00fd obeh &#8211; B\u00fckki Gy\u00f3gytea Web\u00e1ruh\u00e1z","og_description":"Podpora vylu\u010dovania a \u017eilovej funkcie. Gy\u00f6rgytea v\u00fd\u017eivov\u00fd doplnok s listami \u010diernej r\u00edbezle, p\u0155h\u013eavou, bylinkami a zinkom","og_url":"https:\/\/bukkigyogytea.com\/sk\/produktu\/gyorgytea-kapsuly-na-zilovy-obeh\/","og_site_name":"B\u00fckki Gy\u00f3gytea Web\u00e1ruh\u00e1z","article_publisher":"https:\/\/www.facebook.com\/bukkigyogytea\/","article_modified_time":"2025-08-19T08:15:51+00:00","og_image":[{"url":"https:\/\/bukkigyogytea.com\/wp-content\/uploads\/2025\/04\/csalan-kapszula-1024x536.jpg","type":"","width":"","height":""}],"twitter_card":"summary_large_image","twitter_misc":{"Predpokladan\u00fd \u010das \u010d\u00edtania":"1 min\u00fata"},"schema":{"@context":"https:\/\/schema.org","@graph":[{"@type":"WebPage","@id":"https:\/\/bukkigyogytea.com\/sk\/produktu\/gyorgytea-kapsuly-na-zilovy-obeh\/","url":"https:\/\/bukkigyogytea.com\/sk\/produktu\/gyorgytea-kapsuly-na-zilovy-obeh\/","name":"Gy\u00f6rgytea Kapsuly na \u017eilov\u00fd obeh &#8211; B\u00fckki Gy\u00f3gytea Web\u00e1ruh\u00e1z","isPartOf":{"@id":"https:\/\/bukkigyogytea.com\/sk\/#website"},"primaryImageOfPage":{"@id":"https:\/\/bukkigyogytea.com\/sk\/produktu\/gyorgytea-kapsuly-na-zilovy-obeh\/#primaryimage"},"image":{"@id":"https:\/\/bukkigyogytea.com\/sk\/produktu\/gyorgytea-kapsuly-na-zilovy-obeh\/#primaryimage"},"thumbnailUrl":"https:\/\/bukkigyogytea.com\/wp-content\/uploads\/2025\/08\/Gyogynoveny-kapszula-venas_keringesjavito_gyb_termek-\u2013-nagy-\u2013-kozepes.png","datePublished":"2025-02-28T16:21:31+00:00","dateModified":"2025-08-19T08:15:51+00:00","description":"Podpora vylu\u010dovania a \u017eilovej funkcie. Gy\u00f6rgytea v\u00fd\u017eivov\u00fd doplnok s listami \u010diernej r\u00edbezle, p\u0155h\u013eavou, bylinkami a zinkom","breadcrumb":{"@id":"https:\/\/bukkigyogytea.com\/sk\/produktu\/gyorgytea-kapsuly-na-zilovy-obeh\/#breadcrumb"},"inLanguage":"sk-SK","potentialAction":[{"@type":"ReadAction","target":["https:\/\/bukkigyogytea.com\/sk\/produktu\/gyorgytea-kapsuly-na-zilovy-obeh\/"]}]},{"@type":"ImageObject","inLanguage":"sk-SK","@id":"https:\/\/bukkigyogytea.com\/sk\/produktu\/gyorgytea-kapsuly-na-zilovy-obeh\/#primaryimage","url":"https:\/\/bukkigyogytea.com\/wp-content\/uploads\/2025\/08\/Gyogynoveny-kapszula-venas_keringesjavito_gyb_termek-\u2013-nagy-\u2013-kozepes.png","contentUrl":"https:\/\/bukkigyogytea.com\/wp-content\/uploads\/2025\/08\/Gyogynoveny-kapszula-venas_keringesjavito_gyb_termek-\u2013-nagy-\u2013-kozepes.png","width":640,"height":640,"caption":"Gy\u00f6rgytea Kapsuly na \u017eilov\u00fd obeh"},{"@type":"BreadcrumbList","@id":"https:\/\/bukkigyogytea.com\/sk\/produktu\/gyorgytea-kapsuly-na-zilovy-obeh\/#breadcrumb","itemListElement":[{"@type":"ListItem","position":1,"name":"Domov","item":"https:\/\/bukkigyogytea.com\/sk\/"},{"@type":"ListItem","position":2,"name":"Shop","item":"https:\/\/bukkigyogytea.com\/sk\/obchodne\/"},{"@type":"ListItem","position":3,"name":"Bylinn\u00e9 kapsuly","item":"https:\/\/bukkigyogytea.com\/sk\/kategoria-produktu\/bylinne-kapsuly\/"},{"@type":"ListItem","position":4,"name":"Gy\u00f6rgytea Kapsuly na \u017eilov\u00fd obeh"}]},{"@type":"WebSite","@id":"https:\/\/bukkigyogytea.com\/sk\/#website","url":"https:\/\/bukkigyogytea.com\/sk\/","name":"B\u00fckki Gy\u00f3gytea Web\u00e1ruh\u00e1z","description":"Gy\u00f6rgytea hivatalos viszontelad\u00f3","publisher":{"@id":"https:\/\/bukkigyogytea.com\/sk\/#organization"},"potentialAction":[{"@type":"SearchAction","target":{"@type":"EntryPoint","urlTemplate":"https:\/\/bukkigyogytea.com\/sk\/?s={search_term_string}"},"query-input":{"@type":"PropertyValueSpecification","valueRequired":true,"valueName":"search_term_string"}}],"inLanguage":"sk-SK"},{"@type":"Organization","@id":"https:\/\/bukkigyogytea.com\/sk\/#organization","name":"B\u00fckki Gy\u00f3gytea Web\u00e1ruh\u00e1z","url":"https:\/\/bukkigyogytea.com\/sk\/","logo":{"@type":"ImageObject","inLanguage":"sk-SK","@id":"https:\/\/bukkigyogytea.com\/sk\/#\/schema\/logo\/image\/","url":"https:\/\/i0.wp.com\/bukkigyogytea.com\/wp-content\/uploads\/2020\/05\/Sitelogo-1.jpg?fit=350%2C85&ssl=1","contentUrl":"https:\/\/i0.wp.com\/bukkigyogytea.com\/wp-content\/uploads\/2020\/05\/Sitelogo-1.jpg?fit=350%2C85&ssl=1","width":350,"height":85,"caption":"B\u00fckki Gy\u00f3gytea Web\u00e1ruh\u00e1z"},"image":{"@id":"https:\/\/bukkigyogytea.com\/sk\/#\/schema\/logo\/image\/"},"sameAs":["https:\/\/www.facebook.com\/bukkigyogytea\/"]}]}},"publishpress_future_action":{"enabled":false,"date":"2026-04-16 22:55:00","action":"change-status","newStatus":"draft","terms":[],"taxonomy":"product_type","extraData":[]},"publishpress_future_workflow_manual_trigger":{"enabledWorkflows":[]},"_links":{"self":[{"href":"https:\/\/bukkigyogytea.com\/sk\/wp-json\/wp\/v2\/product\/15021","targetHints":{"allow":["GET"]}}],"collection":[{"href":"https:\/\/bukkigyogytea.com\/sk\/wp-json\/wp\/v2\/product"}],"about":[{"href":"https:\/\/bukkigyogytea.com\/sk\/wp-json\/wp\/v2\/types\/product"}],"replies":[{"embeddable":true,"href":"https:\/\/bukkigyogytea.com\/sk\/wp-json\/wp\/v2\/comments?post=15021"}],"wp:featuredmedia":[{"embeddable":true,"href":"https:\/\/bukkigyogytea.com\/sk\/wp-json\/wp\/v2\/media\/15938"}],"wp:attachment":[{"href":"https:\/\/bukkigyogytea.com\/sk\/wp-json\/wp\/v2\/media?parent=15021"}],"wp:term":[{"taxonomy":"product_brand","embeddable":true,"href":"https:\/\/bukkigyogytea.com\/sk\/wp-json\/wp\/v2\/product_brand?post=15021"},{"taxonomy":"product_cat","embeddable":true,"href":"https:\/\/bukkigyogytea.com\/sk\/wp-json\/wp\/v2\/product_cat?post=15021"},{"taxonomy":"product_tag","embeddable":true,"href":"https:\/\/bukkigyogytea.com\/sk\/wp-json\/wp\/v2\/product_tag?post=15021"}],"curies":[{"name":"wp","href":"https:\/\/api.w.org\/{rel}","templated":true}]}}