{"id":14984,"date":"2025-08-18T17:59:38","date_gmt":"2025-08-18T15:59:38","guid":{"rendered":"https:\/\/bukkigyogytea.com\/?post_type=product&#038;p=14984"},"modified":"2025-11-01T23:02:40","modified_gmt":"2025-11-01T22:02:40","slug":"gyorgytea-kapsuly-pre-muzov","status":"publish","type":"product","link":"https:\/\/bukkigyogytea.com\/sk\/produktu\/gyorgytea-kapsuly-pre-muzov\/","title":{"rendered":"Gy\u00f6rgytea Kapsuly pre mu\u017eov"},"content":{"rendered":"<p><strong>Denn\u00e1 d\u00e1vka<\/strong>: 3&#215;1 kapsula<br \/>\n<strong>Balenie<\/strong>: 60 ks<br \/>\n<strong>\u010cist\u00e1 hmotnos\u0165:<\/strong> 25,1 g<\/p>\n<p><strong>ZLO\u017dENIE:<\/strong><\/p>\n<p>kakaov\u00fd pr\u00e1\u0161ok, pr\u00e1\u0161ok z klin\u010deka (Syzygium aromaticum), pr\u00e1\u0161ok z kore\u0148a \u017eih\u013eavy (Urtica dioica), pr\u00e1\u0161ok z plodu feniklu (Foeniculum vulgare), pr\u00e1\u0161ok z v\u0148ate v\u0155bovky malokvetej (Epilobium parviflorum), glukon\u00e1t zino\u010dnat\u00fd, pr\u00e1\u0161ok z kore\u0148a \u017een\u0161enu (Panax ginseng), pr\u00e1\u0161ok z plodu kardam\u00f3mu (Elettaria cardamomum), bezvod\u00fd kofe\u00edn, pyridox\u00ednhydrochlorid, pr\u00edpravok L-selenometion\u00ednu (stabiliz\u00e1tor: dikalciumfosf\u00e1t, L-selenometion\u00edn), obal kapsuly (hydroxypropylmetylcelul\u00f3za)<\/p>\n<p><strong>\u00da\u010cINN\u00c9 L\u00c1TKY V DENNEJ D\u00c1VKE (3 KAPSULY):<\/strong><\/p>\n<p>klin\u010dek: 130,8 mg; kore\u0148 \u017eih\u013eavy: 130,8 mg; fenikel: 130,8 mg; v\u0155bovka: 130,8 mg; zinok: 18,5 mg (NRV* 184 %); \u017een\u0161en: 41,2 mg; kardam\u00f3m: 41,2 mg; kofe\u00edn: 30,6 mg; vitam\u00edn B6: 2,4 mg (NRV* 171 %); sel\u00e9n: 101 \u00b5g (NRV* 185 %)<br \/>\n*NRV = Referen\u010dn\u00e1 hodnota denn\u00e9ho pr\u00edjmu pre dospel\u00fdch<\/p>\n<p><strong>UPOZORNENIA:<\/strong><\/p>\n<p>Neprekra\u010dujte odpor\u00fa\u010dan\u00fa denn\u00fa d\u00e1vku. Uchov\u00e1vajte mimo dosahu det\u00ed.<br \/>\nV\u00fd\u017eivov\u00fd doplnok nie je n\u00e1hradou pestrej a vyv\u00e1\u017eenej stravy a zdrav\u00e9ho \u017eivotn\u00e9ho \u0161t\u00fdlu. Nevhodn\u00e9 pre osoby mlad\u0161ie ako 18 rokov. Nevhodn\u00e9 pre osoby citliv\u00e9 na kofe\u00edn.<\/p>\n<p><strong>SKLADOVANIE:<\/strong><\/p>\n<p>Uchov\u00e1vajte pri izbovej teplote, mimo priameho slne\u010dn\u00e9ho \u017eiarenia, v uzavretom obale.<\/p>\n<p><strong>Ozn\u00e1men\u00fd v\u00fdrobok pod\u013ea NNGYK (<\/strong><b>Ma\u010farsk\u00e9 N\u00e1rodn\u00e9 centrum pre verejn\u00e9 zdravie a farm\u00e1ciu)<\/b><\/p>\n<p><strong><\/p>\n<p><\/strong><\/p>\n","protected":false},"excerpt":{"rendered":"<p><strong>Na podporu mu\u017eskej vitality<\/strong><\/p>\n<p><strong>Gy\u00f6rgytea v\u00fd\u017eivov\u00fd doplnok pre mu\u017eov s bylinkami, sel\u00e9nom, zinkom a vitam\u00ednom B6<\/strong><\/p>\n<p>Klin\u010dek prispieva k udr\u017eaniu libida. Zinok zohr\u00e1va \u00falohu pri udr\u017eiavan\u00ed norm\u00e1lnej plodnosti a reprodukcie a prispieva k udr\u017eaniu norm\u00e1lnej hladiny testoster\u00f3nu v krvi. Sel\u00e9n sa podie\u013ea na norm\u00e1lnej tvorbe spermi\u00ed. Vitam\u00edn B6 prispieva k regul\u00e1cii hormon\u00e1lnej aktivity.<\/p>\n<p><strong>Obsahuje kofe\u00edn.<\/strong> Nevhodn\u00e9 pre deti a tehotn\u00e9 \u017eeny. Obsah kofe\u00ednu: 30,6 mg\/odpor\u00fa\u010dan\u00e1 denn\u00e1 d\u00e1vka.<\/p>\n<p>Odpor\u00fa\u010dan\u00e9 asoci\u00e1ciou pr\u00edrodn\u00fdch lie\u010dite\u013eov Ma\u010farska.<\/p>\n<p><strong>\u010cist\u00e1 hmotnos\u0165:<\/strong> 25,1 g<\/p>\n","protected":false},"featured_media":15920,"comment_status":"closed","ping_status":"closed","template":"","meta":{"_acf_changed":false},"product_brand":[],"product_cat":[377],"product_tag":[],"class_list":{"0":"post-14984","1":"product","2":"type-product","3":"status-publish","4":"has-post-thumbnail","6":"product_cat-bylinne-kapsuly","7":"sales-flash-overlay","8":"woocommerce-text-align-center","9":"woocommerce-image-align-center","10":"do-quantity-buttons","12":"first","13":"instock","14":"taxable","15":"shipping-taxable","16":"purchasable","17":"product-type-simple"},"acf":{"blog_termekleiras":""},"yoast_head":"<!-- This site is optimized with the Yoast SEO plugin v26.9 - https:\/\/yoast.com\/product\/yoast-seo-wordpress\/ -->\n<title>Gy\u00f6rgytea Kapsuly pre mu\u017eov &#8211; B\u00fckki Gy\u00f3gytea Web\u00e1ruh\u00e1z<\/title>\n<meta name=\"description\" content=\"Gy\u00f6rgytea v\u00fd\u017eivov\u00fd doplnok pre mu\u017eov s bylinkami, sel\u00e9nom, zinkom a vitam\u00ednom B6\" \/>\n<meta name=\"robots\" content=\"index, follow, max-snippet:-1, max-image-preview:large, max-video-preview:-1\" \/>\n<link rel=\"canonical\" href=\"https:\/\/bukkigyogytea.com\/sk\/produktu\/gyorgytea-kapsuly-pre-muzov\/\" \/>\n<meta property=\"og:locale\" content=\"sk_SK\" \/>\n<meta property=\"og:type\" content=\"article\" \/>\n<meta property=\"og:title\" content=\"Gy\u00f6rgytea Kapsuly pre mu\u017eov &#8211; B\u00fckki Gy\u00f3gytea Web\u00e1ruh\u00e1z\" \/>\n<meta property=\"og:description\" content=\"Gy\u00f6rgytea v\u00fd\u017eivov\u00fd doplnok pre mu\u017eov s bylinkami, sel\u00e9nom, zinkom a vitam\u00ednom B6\" \/>\n<meta property=\"og:url\" content=\"https:\/\/bukkigyogytea.com\/sk\/produktu\/gyorgytea-kapsuly-pre-muzov\/\" \/>\n<meta property=\"og:site_name\" content=\"B\u00fckki Gy\u00f3gytea Web\u00e1ruh\u00e1z\" \/>\n<meta property=\"article:publisher\" content=\"https:\/\/www.facebook.com\/bukkigyogytea\/\" \/>\n<meta property=\"article:modified_time\" content=\"2025-11-01T22:02:40+00:00\" \/>\n<meta property=\"og:image\" content=\"https:\/\/bukkigyogytea.com\/wp-content\/uploads\/2025\/08\/Ferfi-kapszula-1024x536.jpg\" \/>\n<meta name=\"twitter:card\" content=\"summary_large_image\" \/>\n<meta name=\"twitter:label1\" content=\"Predpokladan\u00fd \u010das \u010d\u00edtania\" \/>\n\t<meta name=\"twitter:data1\" content=\"1 min\u00fata\" \/>\n<script type=\"application\/ld+json\" class=\"yoast-schema-graph\">{\"@context\":\"https:\/\/schema.org\",\"@graph\":[{\"@type\":\"WebPage\",\"@id\":\"https:\/\/bukkigyogytea.com\/sk\/produktu\/gyorgytea-kapsuly-pre-muzov\/\",\"url\":\"https:\/\/bukkigyogytea.com\/sk\/produktu\/gyorgytea-kapsuly-pre-muzov\/\",\"name\":\"Gy\u00f6rgytea Kapsuly pre mu\u017eov &#8211; B\u00fckki Gy\u00f3gytea Web\u00e1ruh\u00e1z\",\"isPartOf\":{\"@id\":\"https:\/\/bukkigyogytea.com\/sk\/#website\"},\"primaryImageOfPage\":{\"@id\":\"https:\/\/bukkigyogytea.com\/sk\/produktu\/gyorgytea-kapsuly-pre-muzov\/#primaryimage\"},\"image\":{\"@id\":\"https:\/\/bukkigyogytea.com\/sk\/produktu\/gyorgytea-kapsuly-pre-muzov\/#primaryimage\"},\"thumbnailUrl\":\"https:\/\/bukkigyogytea.com\/wp-content\/uploads\/2025\/08\/Gyogynoveny-kapszula-ferfi_gyb_termek-\u2013-nagy-\u2013-kozepes.png\",\"datePublished\":\"2025-08-18T15:59:38+00:00\",\"dateModified\":\"2025-11-01T22:02:40+00:00\",\"description\":\"Gy\u00f6rgytea v\u00fd\u017eivov\u00fd doplnok pre mu\u017eov s bylinkami, sel\u00e9nom, zinkom a vitam\u00ednom B6\",\"breadcrumb\":{\"@id\":\"https:\/\/bukkigyogytea.com\/sk\/produktu\/gyorgytea-kapsuly-pre-muzov\/#breadcrumb\"},\"inLanguage\":\"sk-SK\",\"potentialAction\":[{\"@type\":\"ReadAction\",\"target\":[\"https:\/\/bukkigyogytea.com\/sk\/produktu\/gyorgytea-kapsuly-pre-muzov\/\"]}]},{\"@type\":\"ImageObject\",\"inLanguage\":\"sk-SK\",\"@id\":\"https:\/\/bukkigyogytea.com\/sk\/produktu\/gyorgytea-kapsuly-pre-muzov\/#primaryimage\",\"url\":\"https:\/\/bukkigyogytea.com\/wp-content\/uploads\/2025\/08\/Gyogynoveny-kapszula-ferfi_gyb_termek-\u2013-nagy-\u2013-kozepes.png\",\"contentUrl\":\"https:\/\/bukkigyogytea.com\/wp-content\/uploads\/2025\/08\/Gyogynoveny-kapszula-ferfi_gyb_termek-\u2013-nagy-\u2013-kozepes.png\",\"width\":640,\"height\":640,\"caption\":\"Gy\u00f6rgytea Kapsuly pre mu\u017eov\"},{\"@type\":\"BreadcrumbList\",\"@id\":\"https:\/\/bukkigyogytea.com\/sk\/produktu\/gyorgytea-kapsuly-pre-muzov\/#breadcrumb\",\"itemListElement\":[{\"@type\":\"ListItem\",\"position\":1,\"name\":\"Domov\",\"item\":\"https:\/\/bukkigyogytea.com\/sk\/\"},{\"@type\":\"ListItem\",\"position\":2,\"name\":\"Shop\",\"item\":\"https:\/\/bukkigyogytea.com\/sk\/obchodne\/\"},{\"@type\":\"ListItem\",\"position\":3,\"name\":\"Bylinn\u00e9 kapsuly\",\"item\":\"https:\/\/bukkigyogytea.com\/sk\/kategoria-produktu\/bylinne-kapsuly\/\"},{\"@type\":\"ListItem\",\"position\":4,\"name\":\"Gy\u00f6rgytea Kapsuly pre mu\u017eov\"}]},{\"@type\":\"WebSite\",\"@id\":\"https:\/\/bukkigyogytea.com\/sk\/#website\",\"url\":\"https:\/\/bukkigyogytea.com\/sk\/\",\"name\":\"B\u00fckki Gy\u00f3gytea Web\u00e1ruh\u00e1z\",\"description\":\"Gy\u00f6rgytea hivatalos viszontelad\u00f3\",\"publisher\":{\"@id\":\"https:\/\/bukkigyogytea.com\/sk\/#organization\"},\"potentialAction\":[{\"@type\":\"SearchAction\",\"target\":{\"@type\":\"EntryPoint\",\"urlTemplate\":\"https:\/\/bukkigyogytea.com\/sk\/?s={search_term_string}\"},\"query-input\":{\"@type\":\"PropertyValueSpecification\",\"valueRequired\":true,\"valueName\":\"search_term_string\"}}],\"inLanguage\":\"sk-SK\"},{\"@type\":\"Organization\",\"@id\":\"https:\/\/bukkigyogytea.com\/sk\/#organization\",\"name\":\"B\u00fckki Gy\u00f3gytea Web\u00e1ruh\u00e1z\",\"url\":\"https:\/\/bukkigyogytea.com\/sk\/\",\"logo\":{\"@type\":\"ImageObject\",\"inLanguage\":\"sk-SK\",\"@id\":\"https:\/\/bukkigyogytea.com\/sk\/#\/schema\/logo\/image\/\",\"url\":\"https:\/\/i0.wp.com\/bukkigyogytea.com\/wp-content\/uploads\/2020\/05\/Sitelogo-1.jpg?fit=350%2C85&ssl=1\",\"contentUrl\":\"https:\/\/i0.wp.com\/bukkigyogytea.com\/wp-content\/uploads\/2020\/05\/Sitelogo-1.jpg?fit=350%2C85&ssl=1\",\"width\":350,\"height\":85,\"caption\":\"B\u00fckki Gy\u00f3gytea Web\u00e1ruh\u00e1z\"},\"image\":{\"@id\":\"https:\/\/bukkigyogytea.com\/sk\/#\/schema\/logo\/image\/\"},\"sameAs\":[\"https:\/\/www.facebook.com\/bukkigyogytea\/\"]}]}<\/script>\n<!-- \/ Yoast SEO plugin. -->","yoast_head_json":{"title":"Gy\u00f6rgytea Kapsuly pre mu\u017eov &#8211; B\u00fckki Gy\u00f3gytea Web\u00e1ruh\u00e1z","description":"Gy\u00f6rgytea v\u00fd\u017eivov\u00fd doplnok pre mu\u017eov s bylinkami, sel\u00e9nom, zinkom a vitam\u00ednom B6","robots":{"index":"index","follow":"follow","max-snippet":"max-snippet:-1","max-image-preview":"max-image-preview:large","max-video-preview":"max-video-preview:-1"},"canonical":"https:\/\/bukkigyogytea.com\/sk\/produktu\/gyorgytea-kapsuly-pre-muzov\/","og_locale":"sk_SK","og_type":"article","og_title":"Gy\u00f6rgytea Kapsuly pre mu\u017eov &#8211; B\u00fckki Gy\u00f3gytea Web\u00e1ruh\u00e1z","og_description":"Gy\u00f6rgytea v\u00fd\u017eivov\u00fd doplnok pre mu\u017eov s bylinkami, sel\u00e9nom, zinkom a vitam\u00ednom B6","og_url":"https:\/\/bukkigyogytea.com\/sk\/produktu\/gyorgytea-kapsuly-pre-muzov\/","og_site_name":"B\u00fckki Gy\u00f3gytea Web\u00e1ruh\u00e1z","article_publisher":"https:\/\/www.facebook.com\/bukkigyogytea\/","article_modified_time":"2025-11-01T22:02:40+00:00","og_image":[{"url":"https:\/\/bukkigyogytea.com\/wp-content\/uploads\/2025\/08\/Ferfi-kapszula-1024x536.jpg","type":"","width":"","height":""}],"twitter_card":"summary_large_image","twitter_misc":{"Predpokladan\u00fd \u010das \u010d\u00edtania":"1 min\u00fata"},"schema":{"@context":"https:\/\/schema.org","@graph":[{"@type":"WebPage","@id":"https:\/\/bukkigyogytea.com\/sk\/produktu\/gyorgytea-kapsuly-pre-muzov\/","url":"https:\/\/bukkigyogytea.com\/sk\/produktu\/gyorgytea-kapsuly-pre-muzov\/","name":"Gy\u00f6rgytea Kapsuly pre mu\u017eov &#8211; B\u00fckki Gy\u00f3gytea Web\u00e1ruh\u00e1z","isPartOf":{"@id":"https:\/\/bukkigyogytea.com\/sk\/#website"},"primaryImageOfPage":{"@id":"https:\/\/bukkigyogytea.com\/sk\/produktu\/gyorgytea-kapsuly-pre-muzov\/#primaryimage"},"image":{"@id":"https:\/\/bukkigyogytea.com\/sk\/produktu\/gyorgytea-kapsuly-pre-muzov\/#primaryimage"},"thumbnailUrl":"https:\/\/bukkigyogytea.com\/wp-content\/uploads\/2025\/08\/Gyogynoveny-kapszula-ferfi_gyb_termek-\u2013-nagy-\u2013-kozepes.png","datePublished":"2025-08-18T15:59:38+00:00","dateModified":"2025-11-01T22:02:40+00:00","description":"Gy\u00f6rgytea v\u00fd\u017eivov\u00fd doplnok pre mu\u017eov s bylinkami, sel\u00e9nom, zinkom a vitam\u00ednom B6","breadcrumb":{"@id":"https:\/\/bukkigyogytea.com\/sk\/produktu\/gyorgytea-kapsuly-pre-muzov\/#breadcrumb"},"inLanguage":"sk-SK","potentialAction":[{"@type":"ReadAction","target":["https:\/\/bukkigyogytea.com\/sk\/produktu\/gyorgytea-kapsuly-pre-muzov\/"]}]},{"@type":"ImageObject","inLanguage":"sk-SK","@id":"https:\/\/bukkigyogytea.com\/sk\/produktu\/gyorgytea-kapsuly-pre-muzov\/#primaryimage","url":"https:\/\/bukkigyogytea.com\/wp-content\/uploads\/2025\/08\/Gyogynoveny-kapszula-ferfi_gyb_termek-\u2013-nagy-\u2013-kozepes.png","contentUrl":"https:\/\/bukkigyogytea.com\/wp-content\/uploads\/2025\/08\/Gyogynoveny-kapszula-ferfi_gyb_termek-\u2013-nagy-\u2013-kozepes.png","width":640,"height":640,"caption":"Gy\u00f6rgytea Kapsuly pre mu\u017eov"},{"@type":"BreadcrumbList","@id":"https:\/\/bukkigyogytea.com\/sk\/produktu\/gyorgytea-kapsuly-pre-muzov\/#breadcrumb","itemListElement":[{"@type":"ListItem","position":1,"name":"Domov","item":"https:\/\/bukkigyogytea.com\/sk\/"},{"@type":"ListItem","position":2,"name":"Shop","item":"https:\/\/bukkigyogytea.com\/sk\/obchodne\/"},{"@type":"ListItem","position":3,"name":"Bylinn\u00e9 kapsuly","item":"https:\/\/bukkigyogytea.com\/sk\/kategoria-produktu\/bylinne-kapsuly\/"},{"@type":"ListItem","position":4,"name":"Gy\u00f6rgytea Kapsuly pre mu\u017eov"}]},{"@type":"WebSite","@id":"https:\/\/bukkigyogytea.com\/sk\/#website","url":"https:\/\/bukkigyogytea.com\/sk\/","name":"B\u00fckki Gy\u00f3gytea Web\u00e1ruh\u00e1z","description":"Gy\u00f6rgytea hivatalos viszontelad\u00f3","publisher":{"@id":"https:\/\/bukkigyogytea.com\/sk\/#organization"},"potentialAction":[{"@type":"SearchAction","target":{"@type":"EntryPoint","urlTemplate":"https:\/\/bukkigyogytea.com\/sk\/?s={search_term_string}"},"query-input":{"@type":"PropertyValueSpecification","valueRequired":true,"valueName":"search_term_string"}}],"inLanguage":"sk-SK"},{"@type":"Organization","@id":"https:\/\/bukkigyogytea.com\/sk\/#organization","name":"B\u00fckki Gy\u00f3gytea Web\u00e1ruh\u00e1z","url":"https:\/\/bukkigyogytea.com\/sk\/","logo":{"@type":"ImageObject","inLanguage":"sk-SK","@id":"https:\/\/bukkigyogytea.com\/sk\/#\/schema\/logo\/image\/","url":"https:\/\/i0.wp.com\/bukkigyogytea.com\/wp-content\/uploads\/2020\/05\/Sitelogo-1.jpg?fit=350%2C85&ssl=1","contentUrl":"https:\/\/i0.wp.com\/bukkigyogytea.com\/wp-content\/uploads\/2020\/05\/Sitelogo-1.jpg?fit=350%2C85&ssl=1","width":350,"height":85,"caption":"B\u00fckki Gy\u00f3gytea Web\u00e1ruh\u00e1z"},"image":{"@id":"https:\/\/bukkigyogytea.com\/sk\/#\/schema\/logo\/image\/"},"sameAs":["https:\/\/www.facebook.com\/bukkigyogytea\/"]}]}},"publishpress_future_action":{"enabled":false,"date":"2026-04-16 22:55:00","action":"change-status","newStatus":"draft","terms":[],"taxonomy":"product_type","extraData":[]},"publishpress_future_workflow_manual_trigger":{"enabledWorkflows":[]},"_links":{"self":[{"href":"https:\/\/bukkigyogytea.com\/sk\/wp-json\/wp\/v2\/product\/14984","targetHints":{"allow":["GET"]}}],"collection":[{"href":"https:\/\/bukkigyogytea.com\/sk\/wp-json\/wp\/v2\/product"}],"about":[{"href":"https:\/\/bukkigyogytea.com\/sk\/wp-json\/wp\/v2\/types\/product"}],"replies":[{"embeddable":true,"href":"https:\/\/bukkigyogytea.com\/sk\/wp-json\/wp\/v2\/comments?post=14984"}],"wp:featuredmedia":[{"embeddable":true,"href":"https:\/\/bukkigyogytea.com\/sk\/wp-json\/wp\/v2\/media\/15920"}],"wp:attachment":[{"href":"https:\/\/bukkigyogytea.com\/sk\/wp-json\/wp\/v2\/media?parent=14984"}],"wp:term":[{"taxonomy":"product_brand","embeddable":true,"href":"https:\/\/bukkigyogytea.com\/sk\/wp-json\/wp\/v2\/product_brand?post=14984"},{"taxonomy":"product_cat","embeddable":true,"href":"https:\/\/bukkigyogytea.com\/sk\/wp-json\/wp\/v2\/product_cat?post=14984"},{"taxonomy":"product_tag","embeddable":true,"href":"https:\/\/bukkigyogytea.com\/sk\/wp-json\/wp\/v2\/product_tag?post=14984"}],"curies":[{"name":"wp","href":"https:\/\/api.w.org\/{rel}","templated":true}]}}