{"id":11534,"date":"2025-03-01T00:05:52","date_gmt":"2025-02-28T23:05:52","guid":{"rendered":"https:\/\/bukkigyogytea.com\/termek\/jarny-balicek\/"},"modified":"2026-02-28T14:51:59","modified_gmt":"2026-02-28T13:51:59","slug":"jarny-balicek","status":"publish","type":"product","link":"https:\/\/bukkigyogytea.com\/sk\/produktu\/jarny-balicek\/","title":{"rendered":"Jarn\u00fd bal\u00ed\u010dek"},"content":{"rendered":"<p>Do programu ochrany zdravia Gy\u00f6rgytea sa ka\u017ed\u00fdm rokom zap\u00e1ja st\u00e1le viac \u013eud\u00ed. D\u00f4le\u017eitou s\u00fa\u010das\u0165ou programu je <strong>Kalend\u00e1r zdravia<\/strong> a z neho vych\u00e1dzaj\u00face \u0161tvr\u0165ro\u010dn\u00e9 bal\u00ed\u010dky. Pomocou ro\u010dn\u00e9ho kalend\u00e1ra zdravia m\u00f4\u017eeme prispie\u0165 k norm\u00e1lnemu fungovaniu n\u00e1\u0161ho organizmu u\u017e\u00edvan\u00edm spr\u00e1vnych byliniek v ka\u017edom ro\u010dnom obdob\u00ed. \u0160tvr\u0165ro\u010dn\u00e9 bal\u00ed\u010dky na ochranu zdravia (Zimn\u00e9, Jarn\u00e9, Letn\u00e9 a Jesenn\u00e9 bal\u00ed\u010dky) s\u00fa zostaven\u00e9 na z\u00e1klade kalend\u00e1ra od Gy\u00f6rgytea, v ktorom n\u00e1jdete v\u0161etky bylinn\u00e9 \u010daje a extrakty odpor\u00fa\u010dan\u00e9 na dan\u00fd \u0161tvr\u0165rok. Tieto balenia s\u00fa vytvoren\u00e9 tak, aby obsah ka\u017ed\u00e9ho balenia vysta\u010dil jednej osobe na 3 mesiace. Nemus\u00edte tr\u00e1vi\u0165 \u010das h\u013eadan\u00edm t\u00fdch spr\u00e1vnych produktov, ktor\u00e9 potrebujete pre program, preto\u017ee ich n\u00e1jdete v jednom praktickom balen\u00ed. Navy\u0161e si tieto bal\u00ed\u010dky m\u00f4\u017eete zak\u00fapi\u0165 za v\u00fdhodn\u00e9 ceny v internetovom obchode www.bukkigyogytea.com.<\/p>\n<p>2. \u0161tvr\u0165ro\u010dn\u00fd bal\u00ed\u010dek v r\u00e1mci Programu ochrany zdravia je JARN\u00dd BAL\u00cd\u010cEK. Bal\u00ed\u010dek obsahuje v\u0161etky jedine\u010dn\u00e9 \u010daje, \u010dajov\u00e9 zmesi a bylinkov\u00e9 v\u00fd\u0165a\u017eky, ktor\u00e9 odpor\u00fa\u010daj\u00fa bylink\u00e1r Gy\u00f6rgy Szab\u00f3 a jeho dc\u00e9ra, Zsuzsa na mesiace APR\u00cdL, M\u00c1J a J\u00daN.<\/p>\n<p><strong>Obsah bal\u00ed\u010dka<\/strong><\/p>\n<ul>\n<li>Medovka lek\u00e1rska 40 g<\/li>\n<li>\u010cajov\u00e1 zmes z p\u0155h\u013eavy dvojdomej\u00a050 g<\/li>\n<li>Alkoholov\u00fd v\u00fd\u0165a\u017eok z kvitn\u00facej vetvy hlohu<\/li>\n<li>Porciovan\u00e1 \u010dajov\u00e1 zmes z hviezdice prostrednej<\/li>\n<li>Gy\u00f6rgytea Kapsuly na pokoj<\/li>\n<li>Bukovsk\u00e9 \u010daro<\/li>\n<li style=\"list-style-type: none;\"><\/li>\n<\/ul>\n<p>Odpor\u00fa\u010dan\u00e9 d\u00e1vkovanie produktov z Programu ochrany zdravia je nasledovn\u00e9: Bylinn\u00e9 \u010daje &#8211; konzumujte 1 \u0161alku denne, najlep\u0161ie pred jedlom.<\/p>\n<p>Zapojenie do Programu ochrany zdravia sa neodpor\u00fa\u010da v tehotenstve a po\u010das doj\u010denia, ani de\u0165om do 14 rokov.<\/p>\n<p>Skladujte na suchom, chladnom mieste, mimo dosahu det\u00ed.<\/p>\n","protected":false},"excerpt":{"rendered":"<p>Bal\u00ed\u010dek zdravia na 2. \u0161tvr\u0165rok 2026 + kalend\u00e1r na stiahnutie<\/p>\n","protected":false},"featured_media":17972,"comment_status":"closed","ping_status":"closed","template":"","meta":{"_acf_changed":false},"product_brand":[],"product_cat":[187],"product_tag":[],"class_list":{"0":"post-11534","1":"product","2":"type-product","3":"status-publish","4":"has-post-thumbnail","6":"product_cat-program-na-ochranu-zdravia","7":"sales-flash-overlay","8":"woocommerce-text-align-center","9":"woocommerce-image-align-center","10":"do-quantity-buttons","11":"wc-has-gallery","13":"first","14":"instock","15":"sale","16":"downloadable","17":"taxable","18":"shipping-taxable","19":"purchasable","20":"product-type-simple"},"acf":{"blog_termekleiras":""},"yoast_head":"<!-- This site is optimized with the Yoast SEO plugin v26.9 - https:\/\/yoast.com\/product\/yoast-seo-wordpress\/ -->\n<title>Jarn\u00fd bal\u00ed\u010dek &#8211; B\u00fckki Gy\u00f3gytea Web\u00e1ruh\u00e1z<\/title>\n<meta name=\"description\" content=\"2. \u0161tvr\u0165ro\u010dn\u00fd bal\u00ed\u010dek v r\u00e1mci Programu ochrany zdravia je JARN\u00dd BAL\u00cd\u010cEK. Bal\u00ed\u010dek obsahuje v\u0161etky jedine\u010dn\u00e9 \u010daje, \u010dajov\u00e9 zmesi a bylinkov\u00e9 v\u00fd\u0165a\u017eky, ktor\u00e9 odpor\u00fa\u010dame na mesiace APR\u00cdL, M\u00c1J a J\u00daN.\" \/>\n<meta name=\"robots\" content=\"index, follow, max-snippet:-1, max-image-preview:large, max-video-preview:-1\" \/>\n<link rel=\"canonical\" href=\"https:\/\/bukkigyogytea.com\/sk\/produktu\/jarny-balicek\/\" \/>\n<meta property=\"og:locale\" content=\"sk_SK\" \/>\n<meta property=\"og:type\" content=\"article\" \/>\n<meta property=\"og:title\" content=\"Jarn\u00fd bal\u00ed\u010dek &#8211; B\u00fckki Gy\u00f3gytea Web\u00e1ruh\u00e1z\" \/>\n<meta property=\"og:description\" content=\"2. \u0161tvr\u0165ro\u010dn\u00fd bal\u00ed\u010dek v r\u00e1mci Programu ochrany zdravia je JARN\u00dd BAL\u00cd\u010cEK. Bal\u00ed\u010dek obsahuje v\u0161etky jedine\u010dn\u00e9 \u010daje, \u010dajov\u00e9 zmesi a bylinkov\u00e9 v\u00fd\u0165a\u017eky, ktor\u00e9 odpor\u00fa\u010dame na mesiace APR\u00cdL, M\u00c1J a J\u00daN.\" \/>\n<meta property=\"og:url\" content=\"https:\/\/bukkigyogytea.com\/sk\/produktu\/jarny-balicek\/\" \/>\n<meta property=\"og:site_name\" content=\"B\u00fckki Gy\u00f3gytea Web\u00e1ruh\u00e1z\" \/>\n<meta property=\"article:publisher\" content=\"https:\/\/www.facebook.com\/bukkigyogytea\/\" \/>\n<meta property=\"article:modified_time\" content=\"2026-02-28T13:51:59+00:00\" \/>\n<meta property=\"og:image\" content=\"https:\/\/bukkigyogytea.com\/wp-content\/uploads\/2023\/12\/Tavaszi-csomag-1024x536.jpg\" \/>\n<meta name=\"twitter:card\" content=\"summary_large_image\" \/>\n<meta name=\"twitter:label1\" content=\"Predpokladan\u00fd \u010das \u010d\u00edtania\" \/>\n\t<meta name=\"twitter:data1\" content=\"2 min\u00faty\" \/>\n<script type=\"application\/ld+json\" class=\"yoast-schema-graph\">{\"@context\":\"https:\/\/schema.org\",\"@graph\":[{\"@type\":\"WebPage\",\"@id\":\"https:\/\/bukkigyogytea.com\/sk\/produktu\/jarny-balicek\/\",\"url\":\"https:\/\/bukkigyogytea.com\/sk\/produktu\/jarny-balicek\/\",\"name\":\"Jarn\u00fd bal\u00ed\u010dek &#8211; B\u00fckki Gy\u00f3gytea Web\u00e1ruh\u00e1z\",\"isPartOf\":{\"@id\":\"https:\/\/bukkigyogytea.com\/sk\/#website\"},\"primaryImageOfPage\":{\"@id\":\"https:\/\/bukkigyogytea.com\/sk\/produktu\/jarny-balicek\/#primaryimage\"},\"image\":{\"@id\":\"https:\/\/bukkigyogytea.com\/sk\/produktu\/jarny-balicek\/#primaryimage\"},\"thumbnailUrl\":\"https:\/\/bukkigyogytea.com\/wp-content\/uploads\/2025\/03\/egvedo-tavaszi-t.png\",\"datePublished\":\"2025-02-28T23:05:52+00:00\",\"dateModified\":\"2026-02-28T13:51:59+00:00\",\"description\":\"2. \u0161tvr\u0165ro\u010dn\u00fd bal\u00ed\u010dek v r\u00e1mci Programu ochrany zdravia je JARN\u00dd BAL\u00cd\u010cEK. Bal\u00ed\u010dek obsahuje v\u0161etky jedine\u010dn\u00e9 \u010daje, \u010dajov\u00e9 zmesi a bylinkov\u00e9 v\u00fd\u0165a\u017eky, ktor\u00e9 odpor\u00fa\u010dame na mesiace APR\u00cdL, M\u00c1J a J\u00daN.\",\"breadcrumb\":{\"@id\":\"https:\/\/bukkigyogytea.com\/sk\/produktu\/jarny-balicek\/#breadcrumb\"},\"inLanguage\":\"sk-SK\",\"potentialAction\":[{\"@type\":\"ReadAction\",\"target\":[\"https:\/\/bukkigyogytea.com\/sk\/produktu\/jarny-balicek\/\"]}]},{\"@type\":\"ImageObject\",\"inLanguage\":\"sk-SK\",\"@id\":\"https:\/\/bukkigyogytea.com\/sk\/produktu\/jarny-balicek\/#primaryimage\",\"url\":\"https:\/\/bukkigyogytea.com\/wp-content\/uploads\/2025\/03\/egvedo-tavaszi-t.png\",\"contentUrl\":\"https:\/\/bukkigyogytea.com\/wp-content\/uploads\/2025\/03\/egvedo-tavaszi-t.png\",\"width\":900,\"height\":900},{\"@type\":\"BreadcrumbList\",\"@id\":\"https:\/\/bukkigyogytea.com\/sk\/produktu\/jarny-balicek\/#breadcrumb\",\"itemListElement\":[{\"@type\":\"ListItem\",\"position\":1,\"name\":\"Domov\",\"item\":\"https:\/\/bukkigyogytea.com\/sk\/\"},{\"@type\":\"ListItem\",\"position\":2,\"name\":\"Shop\",\"item\":\"https:\/\/bukkigyogytea.com\/sk\/obchodne\/\"},{\"@type\":\"ListItem\",\"position\":3,\"name\":\"Program na ochranu zdravia\",\"item\":\"https:\/\/bukkigyogytea.com\/sk\/kategoria-produktu\/program-na-ochranu-zdravia\/\"},{\"@type\":\"ListItem\",\"position\":4,\"name\":\"Jarn\u00fd bal\u00ed\u010dek\"}]},{\"@type\":\"WebSite\",\"@id\":\"https:\/\/bukkigyogytea.com\/sk\/#website\",\"url\":\"https:\/\/bukkigyogytea.com\/sk\/\",\"name\":\"B\u00fckki Gy\u00f3gytea Web\u00e1ruh\u00e1z\",\"description\":\"Gy\u00f6rgytea hivatalos viszontelad\u00f3\",\"publisher\":{\"@id\":\"https:\/\/bukkigyogytea.com\/sk\/#organization\"},\"potentialAction\":[{\"@type\":\"SearchAction\",\"target\":{\"@type\":\"EntryPoint\",\"urlTemplate\":\"https:\/\/bukkigyogytea.com\/sk\/?s={search_term_string}\"},\"query-input\":{\"@type\":\"PropertyValueSpecification\",\"valueRequired\":true,\"valueName\":\"search_term_string\"}}],\"inLanguage\":\"sk-SK\"},{\"@type\":\"Organization\",\"@id\":\"https:\/\/bukkigyogytea.com\/sk\/#organization\",\"name\":\"B\u00fckki Gy\u00f3gytea Web\u00e1ruh\u00e1z\",\"url\":\"https:\/\/bukkigyogytea.com\/sk\/\",\"logo\":{\"@type\":\"ImageObject\",\"inLanguage\":\"sk-SK\",\"@id\":\"https:\/\/bukkigyogytea.com\/sk\/#\/schema\/logo\/image\/\",\"url\":\"https:\/\/i0.wp.com\/bukkigyogytea.com\/wp-content\/uploads\/2020\/05\/Sitelogo-1.jpg?fit=350%2C85&ssl=1\",\"contentUrl\":\"https:\/\/i0.wp.com\/bukkigyogytea.com\/wp-content\/uploads\/2020\/05\/Sitelogo-1.jpg?fit=350%2C85&ssl=1\",\"width\":350,\"height\":85,\"caption\":\"B\u00fckki Gy\u00f3gytea Web\u00e1ruh\u00e1z\"},\"image\":{\"@id\":\"https:\/\/bukkigyogytea.com\/sk\/#\/schema\/logo\/image\/\"},\"sameAs\":[\"https:\/\/www.facebook.com\/bukkigyogytea\/\"]}]}<\/script>\n<!-- \/ Yoast SEO plugin. -->","yoast_head_json":{"title":"Jarn\u00fd bal\u00ed\u010dek &#8211; B\u00fckki Gy\u00f3gytea Web\u00e1ruh\u00e1z","description":"2. \u0161tvr\u0165ro\u010dn\u00fd bal\u00ed\u010dek v r\u00e1mci Programu ochrany zdravia je JARN\u00dd BAL\u00cd\u010cEK. Bal\u00ed\u010dek obsahuje v\u0161etky jedine\u010dn\u00e9 \u010daje, \u010dajov\u00e9 zmesi a bylinkov\u00e9 v\u00fd\u0165a\u017eky, ktor\u00e9 odpor\u00fa\u010dame na mesiace APR\u00cdL, M\u00c1J a J\u00daN.","robots":{"index":"index","follow":"follow","max-snippet":"max-snippet:-1","max-image-preview":"max-image-preview:large","max-video-preview":"max-video-preview:-1"},"canonical":"https:\/\/bukkigyogytea.com\/sk\/produktu\/jarny-balicek\/","og_locale":"sk_SK","og_type":"article","og_title":"Jarn\u00fd bal\u00ed\u010dek &#8211; B\u00fckki Gy\u00f3gytea Web\u00e1ruh\u00e1z","og_description":"2. \u0161tvr\u0165ro\u010dn\u00fd bal\u00ed\u010dek v r\u00e1mci Programu ochrany zdravia je JARN\u00dd BAL\u00cd\u010cEK. Bal\u00ed\u010dek obsahuje v\u0161etky jedine\u010dn\u00e9 \u010daje, \u010dajov\u00e9 zmesi a bylinkov\u00e9 v\u00fd\u0165a\u017eky, ktor\u00e9 odpor\u00fa\u010dame na mesiace APR\u00cdL, M\u00c1J a J\u00daN.","og_url":"https:\/\/bukkigyogytea.com\/sk\/produktu\/jarny-balicek\/","og_site_name":"B\u00fckki Gy\u00f3gytea Web\u00e1ruh\u00e1z","article_publisher":"https:\/\/www.facebook.com\/bukkigyogytea\/","article_modified_time":"2026-02-28T13:51:59+00:00","og_image":[{"url":"https:\/\/bukkigyogytea.com\/wp-content\/uploads\/2023\/12\/Tavaszi-csomag-1024x536.jpg","type":"","width":"","height":""}],"twitter_card":"summary_large_image","twitter_misc":{"Predpokladan\u00fd \u010das \u010d\u00edtania":"2 min\u00faty"},"schema":{"@context":"https:\/\/schema.org","@graph":[{"@type":"WebPage","@id":"https:\/\/bukkigyogytea.com\/sk\/produktu\/jarny-balicek\/","url":"https:\/\/bukkigyogytea.com\/sk\/produktu\/jarny-balicek\/","name":"Jarn\u00fd bal\u00ed\u010dek &#8211; B\u00fckki Gy\u00f3gytea Web\u00e1ruh\u00e1z","isPartOf":{"@id":"https:\/\/bukkigyogytea.com\/sk\/#website"},"primaryImageOfPage":{"@id":"https:\/\/bukkigyogytea.com\/sk\/produktu\/jarny-balicek\/#primaryimage"},"image":{"@id":"https:\/\/bukkigyogytea.com\/sk\/produktu\/jarny-balicek\/#primaryimage"},"thumbnailUrl":"https:\/\/bukkigyogytea.com\/wp-content\/uploads\/2025\/03\/egvedo-tavaszi-t.png","datePublished":"2025-02-28T23:05:52+00:00","dateModified":"2026-02-28T13:51:59+00:00","description":"2. \u0161tvr\u0165ro\u010dn\u00fd bal\u00ed\u010dek v r\u00e1mci Programu ochrany zdravia je JARN\u00dd BAL\u00cd\u010cEK. Bal\u00ed\u010dek obsahuje v\u0161etky jedine\u010dn\u00e9 \u010daje, \u010dajov\u00e9 zmesi a bylinkov\u00e9 v\u00fd\u0165a\u017eky, ktor\u00e9 odpor\u00fa\u010dame na mesiace APR\u00cdL, M\u00c1J a J\u00daN.","breadcrumb":{"@id":"https:\/\/bukkigyogytea.com\/sk\/produktu\/jarny-balicek\/#breadcrumb"},"inLanguage":"sk-SK","potentialAction":[{"@type":"ReadAction","target":["https:\/\/bukkigyogytea.com\/sk\/produktu\/jarny-balicek\/"]}]},{"@type":"ImageObject","inLanguage":"sk-SK","@id":"https:\/\/bukkigyogytea.com\/sk\/produktu\/jarny-balicek\/#primaryimage","url":"https:\/\/bukkigyogytea.com\/wp-content\/uploads\/2025\/03\/egvedo-tavaszi-t.png","contentUrl":"https:\/\/bukkigyogytea.com\/wp-content\/uploads\/2025\/03\/egvedo-tavaszi-t.png","width":900,"height":900},{"@type":"BreadcrumbList","@id":"https:\/\/bukkigyogytea.com\/sk\/produktu\/jarny-balicek\/#breadcrumb","itemListElement":[{"@type":"ListItem","position":1,"name":"Domov","item":"https:\/\/bukkigyogytea.com\/sk\/"},{"@type":"ListItem","position":2,"name":"Shop","item":"https:\/\/bukkigyogytea.com\/sk\/obchodne\/"},{"@type":"ListItem","position":3,"name":"Program na ochranu zdravia","item":"https:\/\/bukkigyogytea.com\/sk\/kategoria-produktu\/program-na-ochranu-zdravia\/"},{"@type":"ListItem","position":4,"name":"Jarn\u00fd bal\u00ed\u010dek"}]},{"@type":"WebSite","@id":"https:\/\/bukkigyogytea.com\/sk\/#website","url":"https:\/\/bukkigyogytea.com\/sk\/","name":"B\u00fckki Gy\u00f3gytea Web\u00e1ruh\u00e1z","description":"Gy\u00f6rgytea hivatalos viszontelad\u00f3","publisher":{"@id":"https:\/\/bukkigyogytea.com\/sk\/#organization"},"potentialAction":[{"@type":"SearchAction","target":{"@type":"EntryPoint","urlTemplate":"https:\/\/bukkigyogytea.com\/sk\/?s={search_term_string}"},"query-input":{"@type":"PropertyValueSpecification","valueRequired":true,"valueName":"search_term_string"}}],"inLanguage":"sk-SK"},{"@type":"Organization","@id":"https:\/\/bukkigyogytea.com\/sk\/#organization","name":"B\u00fckki Gy\u00f3gytea Web\u00e1ruh\u00e1z","url":"https:\/\/bukkigyogytea.com\/sk\/","logo":{"@type":"ImageObject","inLanguage":"sk-SK","@id":"https:\/\/bukkigyogytea.com\/sk\/#\/schema\/logo\/image\/","url":"https:\/\/i0.wp.com\/bukkigyogytea.com\/wp-content\/uploads\/2020\/05\/Sitelogo-1.jpg?fit=350%2C85&ssl=1","contentUrl":"https:\/\/i0.wp.com\/bukkigyogytea.com\/wp-content\/uploads\/2020\/05\/Sitelogo-1.jpg?fit=350%2C85&ssl=1","width":350,"height":85,"caption":"B\u00fckki Gy\u00f3gytea Web\u00e1ruh\u00e1z"},"image":{"@id":"https:\/\/bukkigyogytea.com\/sk\/#\/schema\/logo\/image\/"},"sameAs":["https:\/\/www.facebook.com\/bukkigyogytea\/"]}]}},"publishpress_future_action":{"enabled":false,"date":"2026-04-22 22:55:00","action":"change-status","newStatus":"draft","terms":[],"taxonomy":"product_type","extraData":[]},"publishpress_future_workflow_manual_trigger":{"enabledWorkflows":[]},"_links":{"self":[{"href":"https:\/\/bukkigyogytea.com\/sk\/wp-json\/wp\/v2\/product\/11534","targetHints":{"allow":["GET"]}}],"collection":[{"href":"https:\/\/bukkigyogytea.com\/sk\/wp-json\/wp\/v2\/product"}],"about":[{"href":"https:\/\/bukkigyogytea.com\/sk\/wp-json\/wp\/v2\/types\/product"}],"replies":[{"embeddable":true,"href":"https:\/\/bukkigyogytea.com\/sk\/wp-json\/wp\/v2\/comments?post=11534"}],"wp:featuredmedia":[{"embeddable":true,"href":"https:\/\/bukkigyogytea.com\/sk\/wp-json\/wp\/v2\/media\/17972"}],"wp:attachment":[{"href":"https:\/\/bukkigyogytea.com\/sk\/wp-json\/wp\/v2\/media?parent=11534"}],"wp:term":[{"taxonomy":"product_brand","embeddable":true,"href":"https:\/\/bukkigyogytea.com\/sk\/wp-json\/wp\/v2\/product_brand?post=11534"},{"taxonomy":"product_cat","embeddable":true,"href":"https:\/\/bukkigyogytea.com\/sk\/wp-json\/wp\/v2\/product_cat?post=11534"},{"taxonomy":"product_tag","embeddable":true,"href":"https:\/\/bukkigyogytea.com\/sk\/wp-json\/wp\/v2\/product_tag?post=11534"}],"curies":[{"name":"wp","href":"https:\/\/api.w.org\/{rel}","templated":true}]}}