{"id":10038,"date":"2023-10-25T15:25:07","date_gmt":"2023-10-25T13:25:07","guid":{"rendered":"https:\/\/bukkigyogytea.com\/termek\/filtrovana-cajova-zmes-z-vrbovky-malokvetej\/"},"modified":"2025-11-01T23:02:39","modified_gmt":"2025-11-01T22:02:39","slug":"filtrovana-cajova-zmes-z-vrbovky-malokvetej","status":"publish","type":"product","link":"https:\/\/bukkigyogytea.com\/sk\/produktu\/filtrovana-cajova-zmes-z-vrbovky-malokvetej\/","title":{"rendered":"Porciovan\u00e1 \u010dajov\u00e1 zmes z vrbovky malokvetej"},"content":{"rendered":"<p><strong>Zlo\u017eenie:<\/strong> list alchemilky oby\u010dajnej, v\u00fdhonok v\u0155bovky malokvetej (20 %), v\u00fdhonok kapsi\u010dky pastierskej , v\u00fdhonok pamajor\u00e1nu oby\u010dajn\u00e9ho<\/p>\n<p><strong>Pr\u00edprava:<\/strong> Zalejte 1vrec\u00fa\u0161ko\u00a0 vriacou vodou 2,5 dl, po 15 min\u00fatach ho vyberte.<\/p>\n<p>Konzumujte pred jedlom, najlep\u0161ie bez dochutenia.<\/p>\n<p><strong>D\u00e1vkovanie:<\/strong> Jednu \u0161\u00e1lku denne vypi\u0165, k\u00fdm \u0165a\u017ekosti nezmizn\u00fa.<\/p>\n<p>Neodpor\u00fa\u010da sa de\u0165om do 12 rokov.<\/p>\n","protected":false},"excerpt":{"rendered":"<p>\u010cajov\u00e1 zmes z vrbovky malokvetej v praktickom balen\u00ed<\/p>\n","protected":false},"featured_media":14448,"comment_status":"closed","ping_status":"closed","template":"","meta":{"_acf_changed":false},"product_brand":[],"product_cat":[266],"product_tag":[],"class_list":{"0":"post-10038","1":"product","2":"type-product","3":"status-publish","4":"has-post-thumbnail","6":"product_cat-filtrovane-cajove-zmesi","7":"sales-flash-overlay","8":"woocommerce-text-align-center","9":"woocommerce-image-align-center","10":"do-quantity-buttons","12":"first","13":"instock","14":"taxable","15":"shipping-taxable","16":"purchasable","17":"product-type-simple"},"acf":{"blog_termekleiras":""},"yoast_head":"<!-- This site is optimized with the Yoast SEO plugin v26.9 - https:\/\/yoast.com\/product\/yoast-seo-wordpress\/ -->\n<title>Porciovan\u00e1 \u010dajov\u00e1 zmes z vrbovky malokvetej &#8211; B\u00fckki Gy\u00f3gytea Web\u00e1ruh\u00e1z<\/title>\n<meta name=\"robots\" content=\"index, follow, max-snippet:-1, max-image-preview:large, max-video-preview:-1\" \/>\n<link rel=\"canonical\" href=\"https:\/\/bukkigyogytea.com\/sk\/produktu\/filtrovana-cajova-zmes-z-vrbovky-malokvetej\/\" \/>\n<meta property=\"og:locale\" content=\"sk_SK\" \/>\n<meta property=\"og:type\" content=\"article\" \/>\n<meta property=\"og:title\" content=\"Porciovan\u00e1 \u010dajov\u00e1 zmes z vrbovky malokvetej &#8211; B\u00fckki Gy\u00f3gytea Web\u00e1ruh\u00e1z\" \/>\n<meta property=\"og:description\" content=\"\u010cajov\u00e1 zmes z vrbovky malokvetej v praktickom balen\u00ed\" \/>\n<meta property=\"og:url\" content=\"https:\/\/bukkigyogytea.com\/sk\/produktu\/filtrovana-cajova-zmes-z-vrbovky-malokvetej\/\" \/>\n<meta property=\"og:site_name\" content=\"B\u00fckki Gy\u00f3gytea Web\u00e1ruh\u00e1z\" \/>\n<meta property=\"article:publisher\" content=\"https:\/\/www.facebook.com\/bukkigyogytea\/\" \/>\n<meta property=\"article:modified_time\" content=\"2025-11-01T22:02:39+00:00\" \/>\n<meta property=\"og:image\" content=\"https:\/\/bukkigyogytea.com\/wp-content\/uploads\/2023\/10\/kisviragu_fuzikes_latvany_bal_550x550.png\" \/>\n<meta name=\"twitter:card\" content=\"summary_large_image\" \/>\n<script type=\"application\/ld+json\" class=\"yoast-schema-graph\">{\"@context\":\"https:\/\/schema.org\",\"@graph\":[{\"@type\":\"WebPage\",\"@id\":\"https:\/\/bukkigyogytea.com\/sk\/produktu\/filtrovana-cajova-zmes-z-vrbovky-malokvetej\/\",\"url\":\"https:\/\/bukkigyogytea.com\/sk\/produktu\/filtrovana-cajova-zmes-z-vrbovky-malokvetej\/\",\"name\":\"Porciovan\u00e1 \u010dajov\u00e1 zmes z vrbovky malokvetej &#8211; B\u00fckki Gy\u00f3gytea Web\u00e1ruh\u00e1z\",\"isPartOf\":{\"@id\":\"https:\/\/bukkigyogytea.com\/sk\/#website\"},\"primaryImageOfPage\":{\"@id\":\"https:\/\/bukkigyogytea.com\/sk\/produktu\/filtrovana-cajova-zmes-z-vrbovky-malokvetej\/#primaryimage\"},\"image\":{\"@id\":\"https:\/\/bukkigyogytea.com\/sk\/produktu\/filtrovana-cajova-zmes-z-vrbovky-malokvetej\/#primaryimage\"},\"thumbnailUrl\":\"https:\/\/bukkigyogytea.com\/wp-content\/uploads\/2023\/07\/kisviragu-fuzikes_filteres_latvany__bal-\u2013-nagy.webp\",\"datePublished\":\"2023-10-25T13:25:07+00:00\",\"dateModified\":\"2025-11-01T22:02:39+00:00\",\"breadcrumb\":{\"@id\":\"https:\/\/bukkigyogytea.com\/sk\/produktu\/filtrovana-cajova-zmes-z-vrbovky-malokvetej\/#breadcrumb\"},\"inLanguage\":\"sk-SK\",\"potentialAction\":[{\"@type\":\"ReadAction\",\"target\":[\"https:\/\/bukkigyogytea.com\/sk\/produktu\/filtrovana-cajova-zmes-z-vrbovky-malokvetej\/\"]}]},{\"@type\":\"ImageObject\",\"inLanguage\":\"sk-SK\",\"@id\":\"https:\/\/bukkigyogytea.com\/sk\/produktu\/filtrovana-cajova-zmes-z-vrbovky-malokvetej\/#primaryimage\",\"url\":\"https:\/\/bukkigyogytea.com\/wp-content\/uploads\/2023\/07\/kisviragu-fuzikes_filteres_latvany__bal-\u2013-nagy.webp\",\"contentUrl\":\"https:\/\/bukkigyogytea.com\/wp-content\/uploads\/2023\/07\/kisviragu-fuzikes_filteres_latvany__bal-\u2013-nagy.webp\",\"width\":1280,\"height\":1280,\"caption\":\"Kisvir\u00e1g\u00fa f\u00fczik\u00e9s filteres teakever\u00e9k - 20 teafilter\"},{\"@type\":\"BreadcrumbList\",\"@id\":\"https:\/\/bukkigyogytea.com\/sk\/produktu\/filtrovana-cajova-zmes-z-vrbovky-malokvetej\/#breadcrumb\",\"itemListElement\":[{\"@type\":\"ListItem\",\"position\":1,\"name\":\"Domov\",\"item\":\"https:\/\/bukkigyogytea.com\/sk\/\"},{\"@type\":\"ListItem\",\"position\":2,\"name\":\"Shop\",\"item\":\"https:\/\/bukkigyogytea.com\/sk\/obchodne\/\"},{\"@type\":\"ListItem\",\"position\":3,\"name\":\"Filtrovan\u00e9 \u010dajov\u00e9 zmesi\",\"item\":\"https:\/\/bukkigyogytea.com\/sk\/kategoria-produktu\/filtrovane-cajove-zmesi\/\"},{\"@type\":\"ListItem\",\"position\":4,\"name\":\"Porciovan\u00e1 \u010dajov\u00e1 zmes z vrbovky malokvetej\"}]},{\"@type\":\"WebSite\",\"@id\":\"https:\/\/bukkigyogytea.com\/sk\/#website\",\"url\":\"https:\/\/bukkigyogytea.com\/sk\/\",\"name\":\"B\u00fckki Gy\u00f3gytea Web\u00e1ruh\u00e1z\",\"description\":\"Gy\u00f6rgytea hivatalos viszontelad\u00f3\",\"publisher\":{\"@id\":\"https:\/\/bukkigyogytea.com\/sk\/#organization\"},\"potentialAction\":[{\"@type\":\"SearchAction\",\"target\":{\"@type\":\"EntryPoint\",\"urlTemplate\":\"https:\/\/bukkigyogytea.com\/sk\/?s={search_term_string}\"},\"query-input\":{\"@type\":\"PropertyValueSpecification\",\"valueRequired\":true,\"valueName\":\"search_term_string\"}}],\"inLanguage\":\"sk-SK\"},{\"@type\":\"Organization\",\"@id\":\"https:\/\/bukkigyogytea.com\/sk\/#organization\",\"name\":\"B\u00fckki Gy\u00f3gytea Web\u00e1ruh\u00e1z\",\"url\":\"https:\/\/bukkigyogytea.com\/sk\/\",\"logo\":{\"@type\":\"ImageObject\",\"inLanguage\":\"sk-SK\",\"@id\":\"https:\/\/bukkigyogytea.com\/sk\/#\/schema\/logo\/image\/\",\"url\":\"https:\/\/i0.wp.com\/bukkigyogytea.com\/wp-content\/uploads\/2020\/05\/Sitelogo-1.jpg?fit=350%2C85&ssl=1\",\"contentUrl\":\"https:\/\/i0.wp.com\/bukkigyogytea.com\/wp-content\/uploads\/2020\/05\/Sitelogo-1.jpg?fit=350%2C85&ssl=1\",\"width\":350,\"height\":85,\"caption\":\"B\u00fckki Gy\u00f3gytea Web\u00e1ruh\u00e1z\"},\"image\":{\"@id\":\"https:\/\/bukkigyogytea.com\/sk\/#\/schema\/logo\/image\/\"},\"sameAs\":[\"https:\/\/www.facebook.com\/bukkigyogytea\/\"]}]}<\/script>\n<!-- \/ Yoast SEO plugin. -->","yoast_head_json":{"title":"Porciovan\u00e1 \u010dajov\u00e1 zmes z vrbovky malokvetej &#8211; B\u00fckki Gy\u00f3gytea Web\u00e1ruh\u00e1z","robots":{"index":"index","follow":"follow","max-snippet":"max-snippet:-1","max-image-preview":"max-image-preview:large","max-video-preview":"max-video-preview:-1"},"canonical":"https:\/\/bukkigyogytea.com\/sk\/produktu\/filtrovana-cajova-zmes-z-vrbovky-malokvetej\/","og_locale":"sk_SK","og_type":"article","og_title":"Porciovan\u00e1 \u010dajov\u00e1 zmes z vrbovky malokvetej &#8211; B\u00fckki Gy\u00f3gytea Web\u00e1ruh\u00e1z","og_description":"\u010cajov\u00e1 zmes z vrbovky malokvetej v praktickom balen\u00ed","og_url":"https:\/\/bukkigyogytea.com\/sk\/produktu\/filtrovana-cajova-zmes-z-vrbovky-malokvetej\/","og_site_name":"B\u00fckki Gy\u00f3gytea Web\u00e1ruh\u00e1z","article_publisher":"https:\/\/www.facebook.com\/bukkigyogytea\/","article_modified_time":"2025-11-01T22:02:39+00:00","og_image":[{"url":"https:\/\/bukkigyogytea.com\/wp-content\/uploads\/2023\/10\/kisviragu_fuzikes_latvany_bal_550x550.png","type":"","width":"","height":""}],"twitter_card":"summary_large_image","schema":{"@context":"https:\/\/schema.org","@graph":[{"@type":"WebPage","@id":"https:\/\/bukkigyogytea.com\/sk\/produktu\/filtrovana-cajova-zmes-z-vrbovky-malokvetej\/","url":"https:\/\/bukkigyogytea.com\/sk\/produktu\/filtrovana-cajova-zmes-z-vrbovky-malokvetej\/","name":"Porciovan\u00e1 \u010dajov\u00e1 zmes z vrbovky malokvetej &#8211; B\u00fckki Gy\u00f3gytea Web\u00e1ruh\u00e1z","isPartOf":{"@id":"https:\/\/bukkigyogytea.com\/sk\/#website"},"primaryImageOfPage":{"@id":"https:\/\/bukkigyogytea.com\/sk\/produktu\/filtrovana-cajova-zmes-z-vrbovky-malokvetej\/#primaryimage"},"image":{"@id":"https:\/\/bukkigyogytea.com\/sk\/produktu\/filtrovana-cajova-zmes-z-vrbovky-malokvetej\/#primaryimage"},"thumbnailUrl":"https:\/\/bukkigyogytea.com\/wp-content\/uploads\/2023\/07\/kisviragu-fuzikes_filteres_latvany__bal-\u2013-nagy.webp","datePublished":"2023-10-25T13:25:07+00:00","dateModified":"2025-11-01T22:02:39+00:00","breadcrumb":{"@id":"https:\/\/bukkigyogytea.com\/sk\/produktu\/filtrovana-cajova-zmes-z-vrbovky-malokvetej\/#breadcrumb"},"inLanguage":"sk-SK","potentialAction":[{"@type":"ReadAction","target":["https:\/\/bukkigyogytea.com\/sk\/produktu\/filtrovana-cajova-zmes-z-vrbovky-malokvetej\/"]}]},{"@type":"ImageObject","inLanguage":"sk-SK","@id":"https:\/\/bukkigyogytea.com\/sk\/produktu\/filtrovana-cajova-zmes-z-vrbovky-malokvetej\/#primaryimage","url":"https:\/\/bukkigyogytea.com\/wp-content\/uploads\/2023\/07\/kisviragu-fuzikes_filteres_latvany__bal-\u2013-nagy.webp","contentUrl":"https:\/\/bukkigyogytea.com\/wp-content\/uploads\/2023\/07\/kisviragu-fuzikes_filteres_latvany__bal-\u2013-nagy.webp","width":1280,"height":1280,"caption":"Kisvir\u00e1g\u00fa f\u00fczik\u00e9s filteres teakever\u00e9k - 20 teafilter"},{"@type":"BreadcrumbList","@id":"https:\/\/bukkigyogytea.com\/sk\/produktu\/filtrovana-cajova-zmes-z-vrbovky-malokvetej\/#breadcrumb","itemListElement":[{"@type":"ListItem","position":1,"name":"Domov","item":"https:\/\/bukkigyogytea.com\/sk\/"},{"@type":"ListItem","position":2,"name":"Shop","item":"https:\/\/bukkigyogytea.com\/sk\/obchodne\/"},{"@type":"ListItem","position":3,"name":"Filtrovan\u00e9 \u010dajov\u00e9 zmesi","item":"https:\/\/bukkigyogytea.com\/sk\/kategoria-produktu\/filtrovane-cajove-zmesi\/"},{"@type":"ListItem","position":4,"name":"Porciovan\u00e1 \u010dajov\u00e1 zmes z vrbovky malokvetej"}]},{"@type":"WebSite","@id":"https:\/\/bukkigyogytea.com\/sk\/#website","url":"https:\/\/bukkigyogytea.com\/sk\/","name":"B\u00fckki Gy\u00f3gytea Web\u00e1ruh\u00e1z","description":"Gy\u00f6rgytea hivatalos viszontelad\u00f3","publisher":{"@id":"https:\/\/bukkigyogytea.com\/sk\/#organization"},"potentialAction":[{"@type":"SearchAction","target":{"@type":"EntryPoint","urlTemplate":"https:\/\/bukkigyogytea.com\/sk\/?s={search_term_string}"},"query-input":{"@type":"PropertyValueSpecification","valueRequired":true,"valueName":"search_term_string"}}],"inLanguage":"sk-SK"},{"@type":"Organization","@id":"https:\/\/bukkigyogytea.com\/sk\/#organization","name":"B\u00fckki Gy\u00f3gytea Web\u00e1ruh\u00e1z","url":"https:\/\/bukkigyogytea.com\/sk\/","logo":{"@type":"ImageObject","inLanguage":"sk-SK","@id":"https:\/\/bukkigyogytea.com\/sk\/#\/schema\/logo\/image\/","url":"https:\/\/i0.wp.com\/bukkigyogytea.com\/wp-content\/uploads\/2020\/05\/Sitelogo-1.jpg?fit=350%2C85&ssl=1","contentUrl":"https:\/\/i0.wp.com\/bukkigyogytea.com\/wp-content\/uploads\/2020\/05\/Sitelogo-1.jpg?fit=350%2C85&ssl=1","width":350,"height":85,"caption":"B\u00fckki Gy\u00f3gytea Web\u00e1ruh\u00e1z"},"image":{"@id":"https:\/\/bukkigyogytea.com\/sk\/#\/schema\/logo\/image\/"},"sameAs":["https:\/\/www.facebook.com\/bukkigyogytea\/"]}]}},"publishpress_future_action":{"enabled":false,"date":"2026-04-16 22:55:00","action":"change-status","newStatus":"draft","terms":[],"taxonomy":"product_type","extraData":[]},"publishpress_future_workflow_manual_trigger":{"enabledWorkflows":[]},"_links":{"self":[{"href":"https:\/\/bukkigyogytea.com\/sk\/wp-json\/wp\/v2\/product\/10038","targetHints":{"allow":["GET"]}}],"collection":[{"href":"https:\/\/bukkigyogytea.com\/sk\/wp-json\/wp\/v2\/product"}],"about":[{"href":"https:\/\/bukkigyogytea.com\/sk\/wp-json\/wp\/v2\/types\/product"}],"replies":[{"embeddable":true,"href":"https:\/\/bukkigyogytea.com\/sk\/wp-json\/wp\/v2\/comments?post=10038"}],"wp:featuredmedia":[{"embeddable":true,"href":"https:\/\/bukkigyogytea.com\/sk\/wp-json\/wp\/v2\/media\/14448"}],"wp:attachment":[{"href":"https:\/\/bukkigyogytea.com\/sk\/wp-json\/wp\/v2\/media?parent=10038"}],"wp:term":[{"taxonomy":"product_brand","embeddable":true,"href":"https:\/\/bukkigyogytea.com\/sk\/wp-json\/wp\/v2\/product_brand?post=10038"},{"taxonomy":"product_cat","embeddable":true,"href":"https:\/\/bukkigyogytea.com\/sk\/wp-json\/wp\/v2\/product_cat?post=10038"},{"taxonomy":"product_tag","embeddable":true,"href":"https:\/\/bukkigyogytea.com\/sk\/wp-json\/wp\/v2\/product_tag?post=10038"}],"curies":[{"name":"wp","href":"https:\/\/api.w.org\/{rel}","templated":true}]}}