{"id":10036,"date":"2023-10-25T15:41:52","date_gmt":"2023-10-25T13:41:52","guid":{"rendered":"https:\/\/bukkigyogytea.com\/termek\/filtrovana-cajova-zmes-z-listov-plucnika-lekarskeho\/"},"modified":"2026-03-01T00:34:53","modified_gmt":"2026-02-28T23:34:53","slug":"filtrovana-cajova-zmes-z-listov-plucnika-lekarskeho","status":"publish","type":"product","link":"https:\/\/bukkigyogytea.com\/sk\/produktu\/filtrovana-cajova-zmes-z-listov-plucnika-lekarskeho\/","title":{"rendered":"Porciovan\u00e1 \u010dajov\u00e1 zmes z listov p\u013e\u00facnika lek\u00e1rskeho"},"content":{"rendered":"<p><strong>Zlo\u017eenie:<\/strong> p\u013e\u00facnik lek\u00e1rsky, list podbe\u013ea lie\u010div\u00e9ho, v\u00fdhonky materinej d\u00fa\u0161ky, listy skorocelu kopijovit\u00e9ho, zeme\u017el\u010d, rebr\u00ed\u010dek oby\u010dajn\u00fd, necht\u00edk lek\u00e1rsky, pamajor\u00e1n oby\u010dajn\u00fd, veronika lek\u00e1rska<\/p>\n<p><strong>Pr\u00edprava:<\/strong> Zalejte 1vrec\u00fa\u0161ko\u00a0 vriacou vodou 2,5 dl, po 15 min\u00fatach ho vyberte.<\/p>\n<p>Konzumujte ho po d\u00fa\u0161koch po\u010das d\u0148a, najlep\u0161ie bez dochucovadiel.<\/p>\n<p><strong>D\u00e1vkovanie:<\/strong> Pite jednu \u0161\u00e1lku denne, k\u00fdm pr\u00edznaky nezmizn\u00fa. Maxim\u00e1lne 3 mesiace, po ktor\u00fdch nasleduje 4-t\u00fd\u017ed\u0148ov\u00e1 prest\u00e1vka.<\/p>\n<p>Neodpor\u00fa\u010da sa po\u010das tehotenstva, doj\u010denia a pre deti do 12 rokov.<\/p>\n<p>Po otvoren\u00ed skladujte mimo dosahu det\u00ed, na suchom, chladnom mieste, uzavret\u00e9.<\/p>\n","protected":false},"excerpt":{"rendered":"<p>\u010cajov\u00e1 zmes z listov p\u013e\u00facnika lek\u00e1rskeho v praktickom balen\u00ed<\/p>\n","protected":false},"featured_media":14460,"comment_status":"closed","ping_status":"closed","template":"","meta":{"_acf_changed":false},"product_brand":[],"product_cat":[266],"product_tag":[],"class_list":{"0":"post-10036","1":"product","2":"type-product","3":"status-publish","4":"has-post-thumbnail","6":"product_cat-filtrovane-cajove-zmesi","7":"sales-flash-overlay","8":"woocommerce-text-align-center","9":"woocommerce-image-align-center","10":"do-quantity-buttons","12":"first","13":"instock","14":"taxable","15":"shipping-taxable","16":"purchasable","17":"product-type-simple"},"acf":{"blog_termekleiras":""},"yoast_head":"<!-- This site is optimized with the Yoast SEO plugin v26.9 - https:\/\/yoast.com\/product\/yoast-seo-wordpress\/ -->\n<title>Porciovan\u00e1 \u010dajov\u00e1 zmes z listov p\u013e\u00facnika lek\u00e1rskeho &#8211; B\u00fckki Gy\u00f3gytea Web\u00e1ruh\u00e1z<\/title>\n<meta name=\"robots\" content=\"index, follow, max-snippet:-1, max-image-preview:large, max-video-preview:-1\" \/>\n<link rel=\"canonical\" href=\"https:\/\/bukkigyogytea.com\/sk\/produktu\/filtrovana-cajova-zmes-z-listov-plucnika-lekarskeho\/\" \/>\n<meta property=\"og:locale\" content=\"sk_SK\" \/>\n<meta property=\"og:type\" content=\"article\" \/>\n<meta property=\"og:title\" content=\"Porciovan\u00e1 \u010dajov\u00e1 zmes z listov p\u013e\u00facnika lek\u00e1rskeho &#8211; B\u00fckki Gy\u00f3gytea Web\u00e1ruh\u00e1z\" \/>\n<meta property=\"og:description\" content=\"\u010cajov\u00e1 zmes z listov p\u013e\u00facnika lek\u00e1rskeho v praktickom balen\u00ed\" \/>\n<meta property=\"og:url\" content=\"https:\/\/bukkigyogytea.com\/sk\/produktu\/filtrovana-cajova-zmes-z-listov-plucnika-lekarskeho\/\" \/>\n<meta property=\"og:site_name\" content=\"B\u00fckki Gy\u00f3gytea Web\u00e1ruh\u00e1z\" \/>\n<meta property=\"article:publisher\" content=\"https:\/\/www.facebook.com\/bukkigyogytea\/\" \/>\n<meta property=\"article:modified_time\" content=\"2026-02-28T23:34:53+00:00\" \/>\n<meta property=\"og:image\" content=\"https:\/\/bukkigyogytea.com\/wp-content\/uploads\/2023\/10\/7.png\" \/>\n<meta name=\"twitter:card\" content=\"summary_large_image\" \/>\n<meta name=\"twitter:label1\" content=\"Predpokladan\u00fd \u010das \u010d\u00edtania\" \/>\n\t<meta name=\"twitter:data1\" content=\"1 min\u00fata\" \/>\n<script type=\"application\/ld+json\" class=\"yoast-schema-graph\">{\"@context\":\"https:\/\/schema.org\",\"@graph\":[{\"@type\":\"WebPage\",\"@id\":\"https:\/\/bukkigyogytea.com\/sk\/produktu\/filtrovana-cajova-zmes-z-listov-plucnika-lekarskeho\/\",\"url\":\"https:\/\/bukkigyogytea.com\/sk\/produktu\/filtrovana-cajova-zmes-z-listov-plucnika-lekarskeho\/\",\"name\":\"Porciovan\u00e1 \u010dajov\u00e1 zmes z listov p\u013e\u00facnika lek\u00e1rskeho &#8211; B\u00fckki Gy\u00f3gytea Web\u00e1ruh\u00e1z\",\"isPartOf\":{\"@id\":\"https:\/\/bukkigyogytea.com\/sk\/#website\"},\"primaryImageOfPage\":{\"@id\":\"https:\/\/bukkigyogytea.com\/sk\/produktu\/filtrovana-cajova-zmes-z-listov-plucnika-lekarskeho\/#primaryimage\"},\"image\":{\"@id\":\"https:\/\/bukkigyogytea.com\/sk\/produktu\/filtrovana-cajova-zmes-z-listov-plucnika-lekarskeho\/#primaryimage\"},\"thumbnailUrl\":\"https:\/\/bukkigyogytea.com\/wp-content\/uploads\/2023\/07\/tudofuleveles_filteres_latvany__bal-\u2013-nagy.webp\",\"datePublished\":\"2023-10-25T13:41:52+00:00\",\"dateModified\":\"2026-02-28T23:34:53+00:00\",\"breadcrumb\":{\"@id\":\"https:\/\/bukkigyogytea.com\/sk\/produktu\/filtrovana-cajova-zmes-z-listov-plucnika-lekarskeho\/#breadcrumb\"},\"inLanguage\":\"sk-SK\",\"potentialAction\":[{\"@type\":\"ReadAction\",\"target\":[\"https:\/\/bukkigyogytea.com\/sk\/produktu\/filtrovana-cajova-zmes-z-listov-plucnika-lekarskeho\/\"]}]},{\"@type\":\"ImageObject\",\"inLanguage\":\"sk-SK\",\"@id\":\"https:\/\/bukkigyogytea.com\/sk\/produktu\/filtrovana-cajova-zmes-z-listov-plucnika-lekarskeho\/#primaryimage\",\"url\":\"https:\/\/bukkigyogytea.com\/wp-content\/uploads\/2023\/07\/tudofuleveles_filteres_latvany__bal-\u2013-nagy.webp\",\"contentUrl\":\"https:\/\/bukkigyogytea.com\/wp-content\/uploads\/2023\/07\/tudofuleveles_filteres_latvany__bal-\u2013-nagy.webp\",\"width\":1280,\"height\":1280,\"caption\":\"T\u00fcd\u0151f\u0171leveles filteres teakever\u00e9k - 20 teafilter\"},{\"@type\":\"BreadcrumbList\",\"@id\":\"https:\/\/bukkigyogytea.com\/sk\/produktu\/filtrovana-cajova-zmes-z-listov-plucnika-lekarskeho\/#breadcrumb\",\"itemListElement\":[{\"@type\":\"ListItem\",\"position\":1,\"name\":\"Domov\",\"item\":\"https:\/\/bukkigyogytea.com\/sk\/\"},{\"@type\":\"ListItem\",\"position\":2,\"name\":\"Shop\",\"item\":\"https:\/\/bukkigyogytea.com\/sk\/obchodne\/\"},{\"@type\":\"ListItem\",\"position\":3,\"name\":\"Filtrovan\u00e9 \u010dajov\u00e9 zmesi\",\"item\":\"https:\/\/bukkigyogytea.com\/sk\/kategoria-produktu\/filtrovane-cajove-zmesi\/\"},{\"@type\":\"ListItem\",\"position\":4,\"name\":\"Porciovan\u00e1 \u010dajov\u00e1 zmes z listov p\u013e\u00facnika lek\u00e1rskeho\"}]},{\"@type\":\"WebSite\",\"@id\":\"https:\/\/bukkigyogytea.com\/sk\/#website\",\"url\":\"https:\/\/bukkigyogytea.com\/sk\/\",\"name\":\"B\u00fckki Gy\u00f3gytea Web\u00e1ruh\u00e1z\",\"description\":\"Gy\u00f6rgytea hivatalos viszontelad\u00f3\",\"publisher\":{\"@id\":\"https:\/\/bukkigyogytea.com\/sk\/#organization\"},\"potentialAction\":[{\"@type\":\"SearchAction\",\"target\":{\"@type\":\"EntryPoint\",\"urlTemplate\":\"https:\/\/bukkigyogytea.com\/sk\/?s={search_term_string}\"},\"query-input\":{\"@type\":\"PropertyValueSpecification\",\"valueRequired\":true,\"valueName\":\"search_term_string\"}}],\"inLanguage\":\"sk-SK\"},{\"@type\":\"Organization\",\"@id\":\"https:\/\/bukkigyogytea.com\/sk\/#organization\",\"name\":\"B\u00fckki Gy\u00f3gytea Web\u00e1ruh\u00e1z\",\"url\":\"https:\/\/bukkigyogytea.com\/sk\/\",\"logo\":{\"@type\":\"ImageObject\",\"inLanguage\":\"sk-SK\",\"@id\":\"https:\/\/bukkigyogytea.com\/sk\/#\/schema\/logo\/image\/\",\"url\":\"https:\/\/i0.wp.com\/bukkigyogytea.com\/wp-content\/uploads\/2020\/05\/Sitelogo-1.jpg?fit=350%2C85&ssl=1\",\"contentUrl\":\"https:\/\/i0.wp.com\/bukkigyogytea.com\/wp-content\/uploads\/2020\/05\/Sitelogo-1.jpg?fit=350%2C85&ssl=1\",\"width\":350,\"height\":85,\"caption\":\"B\u00fckki Gy\u00f3gytea Web\u00e1ruh\u00e1z\"},\"image\":{\"@id\":\"https:\/\/bukkigyogytea.com\/sk\/#\/schema\/logo\/image\/\"},\"sameAs\":[\"https:\/\/www.facebook.com\/bukkigyogytea\/\"]}]}<\/script>\n<!-- \/ Yoast SEO plugin. -->","yoast_head_json":{"title":"Porciovan\u00e1 \u010dajov\u00e1 zmes z listov p\u013e\u00facnika lek\u00e1rskeho &#8211; B\u00fckki Gy\u00f3gytea Web\u00e1ruh\u00e1z","robots":{"index":"index","follow":"follow","max-snippet":"max-snippet:-1","max-image-preview":"max-image-preview:large","max-video-preview":"max-video-preview:-1"},"canonical":"https:\/\/bukkigyogytea.com\/sk\/produktu\/filtrovana-cajova-zmes-z-listov-plucnika-lekarskeho\/","og_locale":"sk_SK","og_type":"article","og_title":"Porciovan\u00e1 \u010dajov\u00e1 zmes z listov p\u013e\u00facnika lek\u00e1rskeho &#8211; B\u00fckki Gy\u00f3gytea Web\u00e1ruh\u00e1z","og_description":"\u010cajov\u00e1 zmes z listov p\u013e\u00facnika lek\u00e1rskeho v praktickom balen\u00ed","og_url":"https:\/\/bukkigyogytea.com\/sk\/produktu\/filtrovana-cajova-zmes-z-listov-plucnika-lekarskeho\/","og_site_name":"B\u00fckki Gy\u00f3gytea Web\u00e1ruh\u00e1z","article_publisher":"https:\/\/www.facebook.com\/bukkigyogytea\/","article_modified_time":"2026-02-28T23:34:53+00:00","og_image":[{"url":"https:\/\/bukkigyogytea.com\/wp-content\/uploads\/2023\/10\/7.png","type":"","width":"","height":""}],"twitter_card":"summary_large_image","twitter_misc":{"Predpokladan\u00fd \u010das \u010d\u00edtania":"1 min\u00fata"},"schema":{"@context":"https:\/\/schema.org","@graph":[{"@type":"WebPage","@id":"https:\/\/bukkigyogytea.com\/sk\/produktu\/filtrovana-cajova-zmes-z-listov-plucnika-lekarskeho\/","url":"https:\/\/bukkigyogytea.com\/sk\/produktu\/filtrovana-cajova-zmes-z-listov-plucnika-lekarskeho\/","name":"Porciovan\u00e1 \u010dajov\u00e1 zmes z listov p\u013e\u00facnika lek\u00e1rskeho &#8211; B\u00fckki Gy\u00f3gytea Web\u00e1ruh\u00e1z","isPartOf":{"@id":"https:\/\/bukkigyogytea.com\/sk\/#website"},"primaryImageOfPage":{"@id":"https:\/\/bukkigyogytea.com\/sk\/produktu\/filtrovana-cajova-zmes-z-listov-plucnika-lekarskeho\/#primaryimage"},"image":{"@id":"https:\/\/bukkigyogytea.com\/sk\/produktu\/filtrovana-cajova-zmes-z-listov-plucnika-lekarskeho\/#primaryimage"},"thumbnailUrl":"https:\/\/bukkigyogytea.com\/wp-content\/uploads\/2023\/07\/tudofuleveles_filteres_latvany__bal-\u2013-nagy.webp","datePublished":"2023-10-25T13:41:52+00:00","dateModified":"2026-02-28T23:34:53+00:00","breadcrumb":{"@id":"https:\/\/bukkigyogytea.com\/sk\/produktu\/filtrovana-cajova-zmes-z-listov-plucnika-lekarskeho\/#breadcrumb"},"inLanguage":"sk-SK","potentialAction":[{"@type":"ReadAction","target":["https:\/\/bukkigyogytea.com\/sk\/produktu\/filtrovana-cajova-zmes-z-listov-plucnika-lekarskeho\/"]}]},{"@type":"ImageObject","inLanguage":"sk-SK","@id":"https:\/\/bukkigyogytea.com\/sk\/produktu\/filtrovana-cajova-zmes-z-listov-plucnika-lekarskeho\/#primaryimage","url":"https:\/\/bukkigyogytea.com\/wp-content\/uploads\/2023\/07\/tudofuleveles_filteres_latvany__bal-\u2013-nagy.webp","contentUrl":"https:\/\/bukkigyogytea.com\/wp-content\/uploads\/2023\/07\/tudofuleveles_filteres_latvany__bal-\u2013-nagy.webp","width":1280,"height":1280,"caption":"T\u00fcd\u0151f\u0171leveles filteres teakever\u00e9k - 20 teafilter"},{"@type":"BreadcrumbList","@id":"https:\/\/bukkigyogytea.com\/sk\/produktu\/filtrovana-cajova-zmes-z-listov-plucnika-lekarskeho\/#breadcrumb","itemListElement":[{"@type":"ListItem","position":1,"name":"Domov","item":"https:\/\/bukkigyogytea.com\/sk\/"},{"@type":"ListItem","position":2,"name":"Shop","item":"https:\/\/bukkigyogytea.com\/sk\/obchodne\/"},{"@type":"ListItem","position":3,"name":"Filtrovan\u00e9 \u010dajov\u00e9 zmesi","item":"https:\/\/bukkigyogytea.com\/sk\/kategoria-produktu\/filtrovane-cajove-zmesi\/"},{"@type":"ListItem","position":4,"name":"Porciovan\u00e1 \u010dajov\u00e1 zmes z listov p\u013e\u00facnika lek\u00e1rskeho"}]},{"@type":"WebSite","@id":"https:\/\/bukkigyogytea.com\/sk\/#website","url":"https:\/\/bukkigyogytea.com\/sk\/","name":"B\u00fckki Gy\u00f3gytea Web\u00e1ruh\u00e1z","description":"Gy\u00f6rgytea hivatalos viszontelad\u00f3","publisher":{"@id":"https:\/\/bukkigyogytea.com\/sk\/#organization"},"potentialAction":[{"@type":"SearchAction","target":{"@type":"EntryPoint","urlTemplate":"https:\/\/bukkigyogytea.com\/sk\/?s={search_term_string}"},"query-input":{"@type":"PropertyValueSpecification","valueRequired":true,"valueName":"search_term_string"}}],"inLanguage":"sk-SK"},{"@type":"Organization","@id":"https:\/\/bukkigyogytea.com\/sk\/#organization","name":"B\u00fckki Gy\u00f3gytea Web\u00e1ruh\u00e1z","url":"https:\/\/bukkigyogytea.com\/sk\/","logo":{"@type":"ImageObject","inLanguage":"sk-SK","@id":"https:\/\/bukkigyogytea.com\/sk\/#\/schema\/logo\/image\/","url":"https:\/\/i0.wp.com\/bukkigyogytea.com\/wp-content\/uploads\/2020\/05\/Sitelogo-1.jpg?fit=350%2C85&ssl=1","contentUrl":"https:\/\/i0.wp.com\/bukkigyogytea.com\/wp-content\/uploads\/2020\/05\/Sitelogo-1.jpg?fit=350%2C85&ssl=1","width":350,"height":85,"caption":"B\u00fckki Gy\u00f3gytea Web\u00e1ruh\u00e1z"},"image":{"@id":"https:\/\/bukkigyogytea.com\/sk\/#\/schema\/logo\/image\/"},"sameAs":["https:\/\/www.facebook.com\/bukkigyogytea\/"]}]}},"publishpress_future_action":{"enabled":false,"date":"2026-04-30 22:55:00","action":"change-status","newStatus":"draft","terms":[],"taxonomy":"product_type","extraData":[]},"publishpress_future_workflow_manual_trigger":{"enabledWorkflows":[]},"_links":{"self":[{"href":"https:\/\/bukkigyogytea.com\/sk\/wp-json\/wp\/v2\/product\/10036","targetHints":{"allow":["GET"]}}],"collection":[{"href":"https:\/\/bukkigyogytea.com\/sk\/wp-json\/wp\/v2\/product"}],"about":[{"href":"https:\/\/bukkigyogytea.com\/sk\/wp-json\/wp\/v2\/types\/product"}],"replies":[{"embeddable":true,"href":"https:\/\/bukkigyogytea.com\/sk\/wp-json\/wp\/v2\/comments?post=10036"}],"wp:featuredmedia":[{"embeddable":true,"href":"https:\/\/bukkigyogytea.com\/sk\/wp-json\/wp\/v2\/media\/14460"}],"wp:attachment":[{"href":"https:\/\/bukkigyogytea.com\/sk\/wp-json\/wp\/v2\/media?parent=10036"}],"wp:term":[{"taxonomy":"product_brand","embeddable":true,"href":"https:\/\/bukkigyogytea.com\/sk\/wp-json\/wp\/v2\/product_brand?post=10036"},{"taxonomy":"product_cat","embeddable":true,"href":"https:\/\/bukkigyogytea.com\/sk\/wp-json\/wp\/v2\/product_cat?post=10036"},{"taxonomy":"product_tag","embeddable":true,"href":"https:\/\/bukkigyogytea.com\/sk\/wp-json\/wp\/v2\/product_tag?post=10036"}],"curies":[{"name":"wp","href":"https:\/\/api.w.org\/{rel}","templated":true}]}}