{"id":7445,"date":"2022-07-19T10:43:01","date_gmt":"2022-07-19T08:43:01","guid":{"rendered":"https:\/\/bukkigyogytea.com\/nasi-obchodni-partneri\/"},"modified":"2022-07-19T10:43:56","modified_gmt":"2022-07-19T08:43:56","slug":"nasi-obchodni-partneri","status":"publish","type":"page","link":"https:\/\/bukkigyogytea.com\/sk\/nasi-obchodni-partneri\/","title":{"rendered":"Na\u0161i obchodn\u00ed partneri"},"content":{"rendered":"\n<p>Produkty Gy\u00f6rgytea distribuovan\u00e9 na internetovom obchode B\u00fckki Gy\u00f3gytea zak\u00fapite aj v predajniach na\u0161ich obchodn\u00fdch partnerov na Slovensku aj v Rumunsku!<\/p>\n\n\n\n<p>N\u00e1jdite svoj najbli\u017e\u0161\u00ed obchod! Nasleduj\u00faca mapa v\u00e1m pom\u00f4\u017ee.<\/p>\n\n\n\n<p><strong><style type=\"text\/css\">\n.asl-cont .sl-direction,.asl-cont .s-direction, .asl-buttons .directions {display: none !important;}.asl-p-cont .asl-print-btn,.asl-cont .asl-print-btn {display: none !important;}.asl-cont .onoffswitch .onoffswitch-label .onoffswitch-switch:before {\n    content: \"OPEN\" !important;\n}\n\n.asl-cont .onoffswitch .onoffswitch-label .onoffswitch-switch:after {\n    content: \"ALL\" !important;\n}\n\n@media (max-width: 767px) {\n    #asl-storelocator.asl-cont .asl-panel {\n        order: 0;\n    }\n}\n\n.asl-cont.sl-search-only .Filter_section+.sl-row {\n    display: none;\n}\n<\/style>\n<div id=\"asl-storelocator\"\n    class=\"storelocator-main asl-cont asl-template-0 asl-layout-0 asl-bg-0 no-asl-filters  asl-text-1\">\n    <div class=\"asl-wrapper\">\n        <div class=\"sl-container\">\n\n                        <div class=\"sl-row\">\n                <div class=\"pol-12\">\n                    <div class=\"sl-main-cont\">\n                        <div class=\"sl-row no-gutters sl-main-row\">\n                            <div id=\"asl-panel\" class=\"asl-panel pol-md-5 pol-lg-4 asl_locator-panel\">\n                                <div class=\"asl-overlay\" id=\"map-loading\">\n                                    <div class=\"white\"><\/div>\n                                    <div class=\"sl-loading\">\n                                        <i class=\"animate-sl-spin icon-spin3\"><\/i>\n                                        Loading...                                    <\/div>\n                                <\/div>\n                                <div class=\"inside search_filter\">\n                                    <label for=\"auto-complete-search\"\n                                        class=\"mb-2\">Vyh\u013ead\u00e1vanie lokal\u00edt<\/label>\n                                    <div class=\"asl-store-search input-group d-flex\">\n                                        <input type=\"text\" value=\"\" id=\"auto-complete-search\"\n                                            class=\"asl-search-address form-control\"\n                                            placeholder=\"Enter a Location\">\n                                        <div class=\"input-group-append\">\n                                            <button aria-label=\"Vyh\u013ead\u00e1vanie lokal\u00edt\"\n                                                title=\"Vyh\u013ead\u00e1vanie lokal\u00edt\" type=\"button\" class=\"asl-search-event input-group-text span-geo\">\n                                                <i class=\"icon-search\" aria-hidden=\"true\"><\/i>\n                                            <\/button>\n                                        <\/div>\n                                    <\/div>\n                                <\/div>\n                                <!-- list -->\n                                <div class=\"asl-panel-inner\">\n                                    <div class=\"top-title Num_of_store\">\n                                        <span><span\n                                                class=\"sl-head-title\">Po\u010det obchodov<\/span>:\n                                            <span class=\"count-result\">0<\/span><\/span>\n                                                                                <a class=\"asl-print-btn\"><span>PRINT<\/span><span\n                                                class=\"asl-print\"><\/span><\/a>\n                                                                            <\/div>\n                                    <div class=\"sl-main-cont-box\">\n                                        <div id=\"asl-list\" class=\"sl-list-wrapper\">\n                                            <ul id=\"p-statelist\" class=\"sl-list\">\n                                            <\/ul>\n                                        <\/div>\n                                    <\/div>\n                                <\/div>\n\n                                <div class=\"directions-cont hide\">\n                                    <div class=\"agile-modal-header\">\n                                        <button type=\"button\" class=\"close\"><span aria-hidden=\"true\">\u00d7<\/span><\/button>\n                                        <h4>Store Direction<\/h4>\n                                    <\/div>\n                                    <div class=\"rendered-directions\" id=\"asl-rendered-dir\" style=\"direction: ltr;\">\n                                    <\/div>\n                                <\/div>\n                            <\/div>\n                            <div class=\"pol-md-7 pol-lg-8 asl-map\">\n                                <div class=\"map-image\">\n                                    <div id=\"asl-map-canv\" class=\"asl-map-canv\"><\/div>\n                                    <div id=\"agile-modal-direction\" class=\"agile-modal fade\">\n    <div class=\"agile-modal-backdrop-in\"><\/div>\n    <div class=\"agile-modal-dialog in\">\n        <div class=\"agile-modal-content\">\n            <div class=\"sl-form-group d-flex justify-content-between\">\n                <h4>GET DIRECTIONS<\/h4>\n                <button type=\"button\" class=\"close-directions sl-close\" data-dismiss=\"agile-modal\"\n                    aria-label=\"Close\"><i aria-hidden=\"true\" class=\"icon-cancel-1\"><\/i><\/button>\n            <\/div>\n            <div class=\"sl-form-group\">\n                <label for=\"frm-lbl\">From:<\/label>\n                <input type=\"text\" class=\"form-control frm-place\" id=\"frm-lbl\"\n                    placeholder=\"Enter a Location\">\n            <\/div>\n            <div class=\"sl-form-group\">\n                <label for=\"to-lbl\">To:<\/label>\n                <input readonly=\"true\" type=\"text\" class=\"directions-to form-control\" id=\"to-lbl\"\n                    placeholder=\"Prepopulated Destination Address\">\n            <\/div>\n            <div class=\"sl-form-group mb-0\">\n                <label for=\"rbtn-km\" class=\"checkbox-inline\">\n                    <input type=\"radio\" name=\"dist-type\" id=\"rbtn-km\" value=\"0\"> Km                <\/label>\n                <label for=\"rbtn-mile\" class=\"checkbox-inline\">\n                    <input type=\"radio\" name=\"dist-type\" checked id=\"rbtn-mile\" value=\"1\">\n                    Miles                <\/label>\n            <\/div>\n            <div class=\"sl-form-group mb-0\">\n                <button type=\"submit\" aria-label=\"GET DIRECTIONS\"\n                    class=\"btn btn-default btn-submit\">GET DIRECTIONS<\/button>\n            <\/div>\n        <\/div>\n    <\/div>\n<\/div>\n\n<div id=\"asl-geolocation-agile-modal\" class=\"agile-modal fade\">\n    <div class=\"agile-modal-backdrop-in\"><\/div>\n    <div class=\"agile-modal-dialog in\">\n        <div class=\"agile-modal-content\">\n                          <div class=\"sl-form-group sl-icon-group\">\n              <button type=\"button\" class=\"close-directions sl-close\" data-dismiss=\"agile-modal\"\n                    aria-label=\"Close\"><i aria-hidden=\"true\" class=\"icon-cancel-1\"><\/i><\/button>\n                <div class=\"sl-loct-icon\">\n                    <svg xmlns=\"http:\/\/www.w3.org\/2000\/svg\" width=\"28\" height=\"28\" viewBox=\"0 0 24 24\" fill=\"none\"\n                        stroke=\"currentColor\" stroke-width=\"2\" stroke-linecap=\"round\" stroke-linejoin=\"round\">\n                        <path\n                            d=\"M20 10c0 4.993-5.539 10.193-7.399 11.799a1 1 0 0 1-1.202 0C9.539 20.193 4 14.993 4 10a8 8 0 0 1 16 0\">\n                        <\/path>\n                        <circle cx=\"12\" cy=\"10\" r=\"3\"><\/circle>\n                    <\/svg>\n                <\/div>\n                <h2>Find Nearby Service Providers<\/h2>\n                <p>Use my location to find the closest Service Provider near me<\/p>\n            <\/div>\n            <div class=\"sl-form-group text-center mb-0\">\n                <button type=\"button\" id=\"asl-btn-geolocation\"\n                    class=\"btn btn-block btn-default\">USE LOCATION<\/button>\n            <\/div>\n                    <\/div>\n    <\/div>\n<\/div>\n\n<div id=\"asl-desc-agile-modal\" class=\"agile-modal fade\">\n    <div class=\"agile-modal-backdrop-in\"><\/div>\n    <div class=\"agile-modal-dialog in\">\n        <div class=\"agile-modal-content\">\n            <div class=\"sl-row\">\n                <div class=\"pol-md-12\">\n                    <div class=\"sl-form-group d-flex justify-content-between\">\n                        <h4 class=\"sl-title\">View Description<\/h4>\n                        <button type=\"button\" class=\"close-directions sl-close\" data-dismiss=\"agile-modal\"\n                            aria-label=\"Close\"><i aria-hidden=\"true\" class=\"icon-cancel-1\"><\/i><\/button>\n                    <\/div>\n                    <div class=\"sl-desc\"><\/div>\n                <\/div>\n            <\/div>\n        <\/div>\n    <\/div>\n<\/div>                                <\/div>\n                            <\/div>\n                        <\/div>\n                    <\/div>\n                <\/div>\n            <\/div>\n        <\/div>\n    <\/div>\n<\/div>\n<!-- This plugin is developed by \"Agile Store Locator for WordPress\" https:\/\/agilestorelocator.com --><\/strong><\/p>\n","protected":false},"excerpt":{"rendered":"<p>Produkty Gy\u00f6rgytea distribuovan\u00e9 na internetovom obchode B\u00fckki Gy\u00f3gytea zak\u00fapite aj v predajniach na\u0161ich obchodn\u00fdch partnerov na Slovensku aj v Rumunsku! N\u00e1jdite svoj najbli\u017e\u0161\u00ed obchod! Nasleduj\u00faca mapa v\u00e1m pom\u00f4\u017ee.<\/p>\n","protected":false},"author":7,"featured_media":0,"parent":0,"menu_order":0,"comment_status":"closed","ping_status":"closed","template":"","meta":{"_acf_changed":false,"footnotes":""},"class_list":["post-7445","page","type-page","status-publish"],"acf":[],"yoast_head":"<!-- This site is optimized with the Yoast SEO plugin v26.9 - https:\/\/yoast.com\/product\/yoast-seo-wordpress\/ -->\n<title>Na\u0161i obchodn\u00ed partneri &#8211; B\u00fckki Gy\u00f3gytea Web\u00e1ruh\u00e1z<\/title>\n<meta name=\"robots\" content=\"index, follow, max-snippet:-1, max-image-preview:large, max-video-preview:-1\" \/>\n<link rel=\"canonical\" href=\"https:\/\/bukkigyogytea.com\/sk\/nasi-obchodni-partneri\/\" \/>\n<meta property=\"og:locale\" content=\"sk_SK\" \/>\n<meta property=\"og:type\" content=\"article\" \/>\n<meta property=\"og:title\" content=\"Na\u0161i obchodn\u00ed partneri &#8211; B\u00fckki Gy\u00f3gytea Web\u00e1ruh\u00e1z\" \/>\n<meta property=\"og:description\" content=\"Produkty Gy\u00f6rgytea distribuovan\u00e9 na internetovom obchode B\u00fckki Gy\u00f3gytea zak\u00fapite aj v predajniach na\u0161ich obchodn\u00fdch partnerov na Slovensku aj v Rumunsku! N\u00e1jdite svoj najbli\u017e\u0161\u00ed obchod! Nasleduj\u00faca mapa v\u00e1m pom\u00f4\u017ee.\" \/>\n<meta property=\"og:url\" content=\"https:\/\/bukkigyogytea.com\/sk\/nasi-obchodni-partneri\/\" \/>\n<meta property=\"og:site_name\" content=\"B\u00fckki Gy\u00f3gytea Web\u00e1ruh\u00e1z\" \/>\n<meta property=\"article:publisher\" content=\"https:\/\/www.facebook.com\/bukkigyogytea\/\" \/>\n<meta property=\"article:modified_time\" content=\"2022-07-19T08:43:56+00:00\" \/>\n<meta name=\"twitter:card\" content=\"summary_large_image\" \/>\n<meta name=\"twitter:label1\" content=\"Predpokladan\u00fd \u010das \u010d\u00edtania\" \/>\n\t<meta name=\"twitter:data1\" content=\"1 min\u00fata\" \/>\n<script type=\"application\/ld+json\" class=\"yoast-schema-graph\">{\"@context\":\"https:\/\/schema.org\",\"@graph\":[{\"@type\":\"WebPage\",\"@id\":\"https:\/\/bukkigyogytea.com\/sk\/nasi-obchodni-partneri\/\",\"url\":\"https:\/\/bukkigyogytea.com\/sk\/nasi-obchodni-partneri\/\",\"name\":\"Na\u0161i obchodn\u00ed partneri &#8211; B\u00fckki Gy\u00f3gytea Web\u00e1ruh\u00e1z\",\"isPartOf\":{\"@id\":\"https:\/\/bukkigyogytea.com\/sk\/#website\"},\"datePublished\":\"2022-07-19T08:43:01+00:00\",\"dateModified\":\"2022-07-19T08:43:56+00:00\",\"breadcrumb\":{\"@id\":\"https:\/\/bukkigyogytea.com\/sk\/nasi-obchodni-partneri\/#breadcrumb\"},\"inLanguage\":\"sk-SK\",\"potentialAction\":[{\"@type\":\"ReadAction\",\"target\":[\"https:\/\/bukkigyogytea.com\/sk\/nasi-obchodni-partneri\/\"]}]},{\"@type\":\"BreadcrumbList\",\"@id\":\"https:\/\/bukkigyogytea.com\/sk\/nasi-obchodni-partneri\/#breadcrumb\",\"itemListElement\":[{\"@type\":\"ListItem\",\"position\":1,\"name\":\"Domov\",\"item\":\"https:\/\/bukkigyogytea.com\/sk\/\"},{\"@type\":\"ListItem\",\"position\":2,\"name\":\"Na\u0161i obchodn\u00ed partneri\"}]},{\"@type\":\"WebSite\",\"@id\":\"https:\/\/bukkigyogytea.com\/sk\/#website\",\"url\":\"https:\/\/bukkigyogytea.com\/sk\/\",\"name\":\"B\u00fckki Gy\u00f3gytea Web\u00e1ruh\u00e1z\",\"description\":\"Gy\u00f6rgytea hivatalos viszontelad\u00f3\",\"publisher\":{\"@id\":\"https:\/\/bukkigyogytea.com\/sk\/#organization\"},\"potentialAction\":[{\"@type\":\"SearchAction\",\"target\":{\"@type\":\"EntryPoint\",\"urlTemplate\":\"https:\/\/bukkigyogytea.com\/sk\/?s={search_term_string}\"},\"query-input\":{\"@type\":\"PropertyValueSpecification\",\"valueRequired\":true,\"valueName\":\"search_term_string\"}}],\"inLanguage\":\"sk-SK\"},{\"@type\":\"Organization\",\"@id\":\"https:\/\/bukkigyogytea.com\/sk\/#organization\",\"name\":\"B\u00fckki Gy\u00f3gytea Web\u00e1ruh\u00e1z\",\"url\":\"https:\/\/bukkigyogytea.com\/sk\/\",\"logo\":{\"@type\":\"ImageObject\",\"inLanguage\":\"sk-SK\",\"@id\":\"https:\/\/bukkigyogytea.com\/sk\/#\/schema\/logo\/image\/\",\"url\":\"https:\/\/i0.wp.com\/bukkigyogytea.com\/wp-content\/uploads\/2020\/05\/Sitelogo-1.jpg?fit=350%2C85&ssl=1\",\"contentUrl\":\"https:\/\/i0.wp.com\/bukkigyogytea.com\/wp-content\/uploads\/2020\/05\/Sitelogo-1.jpg?fit=350%2C85&ssl=1\",\"width\":350,\"height\":85,\"caption\":\"B\u00fckki Gy\u00f3gytea Web\u00e1ruh\u00e1z\"},\"image\":{\"@id\":\"https:\/\/bukkigyogytea.com\/sk\/#\/schema\/logo\/image\/\"},\"sameAs\":[\"https:\/\/www.facebook.com\/bukkigyogytea\/\"]}]}<\/script>\n<!-- \/ Yoast SEO plugin. -->","yoast_head_json":{"title":"Na\u0161i obchodn\u00ed partneri &#8211; B\u00fckki Gy\u00f3gytea Web\u00e1ruh\u00e1z","robots":{"index":"index","follow":"follow","max-snippet":"max-snippet:-1","max-image-preview":"max-image-preview:large","max-video-preview":"max-video-preview:-1"},"canonical":"https:\/\/bukkigyogytea.com\/sk\/nasi-obchodni-partneri\/","og_locale":"sk_SK","og_type":"article","og_title":"Na\u0161i obchodn\u00ed partneri &#8211; B\u00fckki Gy\u00f3gytea Web\u00e1ruh\u00e1z","og_description":"Produkty Gy\u00f6rgytea distribuovan\u00e9 na internetovom obchode B\u00fckki Gy\u00f3gytea zak\u00fapite aj v predajniach na\u0161ich obchodn\u00fdch partnerov na Slovensku aj v Rumunsku! N\u00e1jdite svoj najbli\u017e\u0161\u00ed obchod! Nasleduj\u00faca mapa v\u00e1m pom\u00f4\u017ee.","og_url":"https:\/\/bukkigyogytea.com\/sk\/nasi-obchodni-partneri\/","og_site_name":"B\u00fckki Gy\u00f3gytea Web\u00e1ruh\u00e1z","article_publisher":"https:\/\/www.facebook.com\/bukkigyogytea\/","article_modified_time":"2022-07-19T08:43:56+00:00","twitter_card":"summary_large_image","twitter_misc":{"Predpokladan\u00fd \u010das \u010d\u00edtania":"1 min\u00fata"},"schema":{"@context":"https:\/\/schema.org","@graph":[{"@type":"WebPage","@id":"https:\/\/bukkigyogytea.com\/sk\/nasi-obchodni-partneri\/","url":"https:\/\/bukkigyogytea.com\/sk\/nasi-obchodni-partneri\/","name":"Na\u0161i obchodn\u00ed partneri &#8211; B\u00fckki Gy\u00f3gytea Web\u00e1ruh\u00e1z","isPartOf":{"@id":"https:\/\/bukkigyogytea.com\/sk\/#website"},"datePublished":"2022-07-19T08:43:01+00:00","dateModified":"2022-07-19T08:43:56+00:00","breadcrumb":{"@id":"https:\/\/bukkigyogytea.com\/sk\/nasi-obchodni-partneri\/#breadcrumb"},"inLanguage":"sk-SK","potentialAction":[{"@type":"ReadAction","target":["https:\/\/bukkigyogytea.com\/sk\/nasi-obchodni-partneri\/"]}]},{"@type":"BreadcrumbList","@id":"https:\/\/bukkigyogytea.com\/sk\/nasi-obchodni-partneri\/#breadcrumb","itemListElement":[{"@type":"ListItem","position":1,"name":"Domov","item":"https:\/\/bukkigyogytea.com\/sk\/"},{"@type":"ListItem","position":2,"name":"Na\u0161i obchodn\u00ed partneri"}]},{"@type":"WebSite","@id":"https:\/\/bukkigyogytea.com\/sk\/#website","url":"https:\/\/bukkigyogytea.com\/sk\/","name":"B\u00fckki Gy\u00f3gytea Web\u00e1ruh\u00e1z","description":"Gy\u00f6rgytea hivatalos viszontelad\u00f3","publisher":{"@id":"https:\/\/bukkigyogytea.com\/sk\/#organization"},"potentialAction":[{"@type":"SearchAction","target":{"@type":"EntryPoint","urlTemplate":"https:\/\/bukkigyogytea.com\/sk\/?s={search_term_string}"},"query-input":{"@type":"PropertyValueSpecification","valueRequired":true,"valueName":"search_term_string"}}],"inLanguage":"sk-SK"},{"@type":"Organization","@id":"https:\/\/bukkigyogytea.com\/sk\/#organization","name":"B\u00fckki Gy\u00f3gytea Web\u00e1ruh\u00e1z","url":"https:\/\/bukkigyogytea.com\/sk\/","logo":{"@type":"ImageObject","inLanguage":"sk-SK","@id":"https:\/\/bukkigyogytea.com\/sk\/#\/schema\/logo\/image\/","url":"https:\/\/i0.wp.com\/bukkigyogytea.com\/wp-content\/uploads\/2020\/05\/Sitelogo-1.jpg?fit=350%2C85&ssl=1","contentUrl":"https:\/\/i0.wp.com\/bukkigyogytea.com\/wp-content\/uploads\/2020\/05\/Sitelogo-1.jpg?fit=350%2C85&ssl=1","width":350,"height":85,"caption":"B\u00fckki Gy\u00f3gytea Web\u00e1ruh\u00e1z"},"image":{"@id":"https:\/\/bukkigyogytea.com\/sk\/#\/schema\/logo\/image\/"},"sameAs":["https:\/\/www.facebook.com\/bukkigyogytea\/"]}]}},"publishpress_future_workflow_manual_trigger":{"enabledWorkflows":[]},"_links":{"self":[{"href":"https:\/\/bukkigyogytea.com\/sk\/wp-json\/wp\/v2\/pages\/7445","targetHints":{"allow":["GET"]}}],"collection":[{"href":"https:\/\/bukkigyogytea.com\/sk\/wp-json\/wp\/v2\/pages"}],"about":[{"href":"https:\/\/bukkigyogytea.com\/sk\/wp-json\/wp\/v2\/types\/page"}],"author":[{"embeddable":true,"href":"https:\/\/bukkigyogytea.com\/sk\/wp-json\/wp\/v2\/users\/7"}],"replies":[{"embeddable":true,"href":"https:\/\/bukkigyogytea.com\/sk\/wp-json\/wp\/v2\/comments?post=7445"}],"version-history":[{"count":0,"href":"https:\/\/bukkigyogytea.com\/sk\/wp-json\/wp\/v2\/pages\/7445\/revisions"}],"wp:attachment":[{"href":"https:\/\/bukkigyogytea.com\/sk\/wp-json\/wp\/v2\/media?parent=7445"}],"curies":[{"name":"wp","href":"https:\/\/api.w.org\/{rel}","templated":true}]}}