{"id":2822,"date":"2020-08-10T14:43:24","date_gmt":"2020-08-10T14:43:24","guid":{"rendered":"https:\/\/bukkigyogytea.com\/?page_id=2822"},"modified":"2022-05-30T19:33:47","modified_gmt":"2022-05-30T17:33:47","slug":"impressum","status":"publish","type":"page","link":"https:\/\/bukkigyogytea.com\/sk\/impressum\/","title":{"rendered":"Impressum"},"content":{"rendered":"\n<p>Prev\u00e1dzkovate\u013e: Webbio s.r.o.<\/p>\n\n\n\n<p>S\u00eddlo: \u200b\u200bN\u00e1m. Ml\u00e1de\u017ee 1240\/3., Ve\u013ek\u00fd Meder 93201<\/p>\n\n\n\n<p>\u200bI\u010cO: 53286961<\/p>\n\n\n\n<p>DI\u010c: 2121323677<\/p>\n\n\n\n<p>I\u010c DPH: SK2121323677<\/p>\n\n\n\n<p>\u200bIban:\u00a0\u200b\u200bSK40 0900 0000 0051 9065 0479\u200b\u200b, swift: GIBASKBX<\/p>\n\n\n\n<p>E-mailov\u00e1 adresa:&nbsp;<a href=\"mailto:info@bukkigyogytea.com\">info@bukkigyogytea.com<\/a><\/p>\n\n\n\n<p>Tel. \u010d.: \u200b+421 907 486 117, +3630\/3914091<\/p>\n\n\n\n<p><strong>Poskytovate\u013e hostingov\u00fdch slu\u017eieb:<\/strong><\/p>\n\n\n\n<p>N\u00e1zov: ATW Internet Kft.<\/p>\n\n\n\n<p>S\u00eddlo: H-1138 Budapest, Esztergomi \u00fat 66. fsz. 1.<\/p>\n\n\n\n<p>Internetov\u00e1 str\u00e1nka:&nbsp;<a href=\"http:\/\/www.atw.hu\/\">www.atw.hu<\/a><\/p>\n\n\n\n<p>E-mailov\u00e1 adresa:&nbsp;<a href=\"mailto:info@atw.co.hu\">info@atw.co.hu<\/a><\/p>\n","protected":false},"excerpt":{"rendered":"<p>Prev\u00e1dzkovate\u013e: Webbio s.r.o. S\u00eddlo: \u200b\u200bN\u00e1m. Ml\u00e1de\u017ee 1240\/3., Ve\u013ek\u00fd Meder 93201 \u200bI\u010cO: 53286961 DI\u010c: 2121323677 I\u010c DPH: SK2121323677 \u200bIban:\u00a0\u200b\u200bSK40 0900 0000 0051 9065 0479\u200b\u200b, swift: GIBASKBX E-mailov\u00e1 adresa:&nbsp;info@bukkigyogytea.com Tel. \u010d.: \u200b+421 907 486 117, +3630\/3914091 Poskytovate\u013e hostingov\u00fdch slu\u017eieb: N\u00e1zov: ATW Internet Kft. S\u00eddlo: H-1138 Budapest, Esztergomi \u00fat 66. fsz. 1. Internetov\u00e1 str\u00e1nka:&nbsp;www.atw.hu E-mailov\u00e1 adresa:&nbsp;info@atw.co.hu<\/p>\n","protected":false},"author":7,"featured_media":0,"parent":0,"menu_order":0,"comment_status":"closed","ping_status":"closed","template":"","meta":{"_acf_changed":false,"footnotes":""},"class_list":["post-2822","page","type-page","status-publish"],"acf":[],"yoast_head":"<!-- This site is optimized with the Yoast SEO plugin v26.9 - https:\/\/yoast.com\/product\/yoast-seo-wordpress\/ -->\n<title>Impressum &#8211; B\u00fckki Gy\u00f3gytea Web\u00e1ruh\u00e1z<\/title>\n<meta name=\"robots\" content=\"index, follow, max-snippet:-1, max-image-preview:large, max-video-preview:-1\" \/>\n<link rel=\"canonical\" href=\"https:\/\/bukkigyogytea.com\/sk\/impressum\/\" \/>\n<meta property=\"og:locale\" content=\"sk_SK\" \/>\n<meta property=\"og:type\" content=\"article\" \/>\n<meta property=\"og:title\" content=\"Impressum &#8211; B\u00fckki Gy\u00f3gytea Web\u00e1ruh\u00e1z\" \/>\n<meta property=\"og:description\" content=\"Prev\u00e1dzkovate\u013e: Webbio s.r.o. S\u00eddlo: \u200b\u200bN\u00e1m. Ml\u00e1de\u017ee 1240\/3., Ve\u013ek\u00fd Meder 93201 \u200bI\u010cO: 53286961 DI\u010c: 2121323677 I\u010c DPH: SK2121323677 \u200bIban:\u00a0\u200b\u200bSK40 0900 0000 0051 9065 0479\u200b\u200b, swift: GIBASKBX E-mailov\u00e1 adresa:&nbsp;info@bukkigyogytea.com Tel. \u010d.: \u200b+421 907 486 117, +3630\/3914091 Poskytovate\u013e hostingov\u00fdch slu\u017eieb: N\u00e1zov: ATW Internet Kft. S\u00eddlo: H-1138 Budapest, Esztergomi \u00fat 66. fsz. 1. Internetov\u00e1 str\u00e1nka:&nbsp;www.atw.hu E-mailov\u00e1 adresa:&nbsp;info@atw.co.hu\" \/>\n<meta property=\"og:url\" content=\"https:\/\/bukkigyogytea.com\/sk\/impressum\/\" \/>\n<meta property=\"og:site_name\" content=\"B\u00fckki Gy\u00f3gytea Web\u00e1ruh\u00e1z\" \/>\n<meta property=\"article:publisher\" content=\"https:\/\/www.facebook.com\/bukkigyogytea\/\" \/>\n<meta property=\"article:modified_time\" content=\"2022-05-30T17:33:47+00:00\" \/>\n<meta name=\"twitter:card\" content=\"summary_large_image\" \/>\n<meta name=\"twitter:label1\" content=\"Predpokladan\u00fd \u010das \u010d\u00edtania\" \/>\n\t<meta name=\"twitter:data1\" content=\"1 min\u00fata\" \/>\n<script type=\"application\/ld+json\" class=\"yoast-schema-graph\">{\"@context\":\"https:\/\/schema.org\",\"@graph\":[{\"@type\":\"WebPage\",\"@id\":\"https:\/\/bukkigyogytea.com\/sk\/impressum\/\",\"url\":\"https:\/\/bukkigyogytea.com\/sk\/impressum\/\",\"name\":\"Impressum &#8211; B\u00fckki Gy\u00f3gytea Web\u00e1ruh\u00e1z\",\"isPartOf\":{\"@id\":\"https:\/\/bukkigyogytea.com\/sk\/#website\"},\"datePublished\":\"2020-08-10T14:43:24+00:00\",\"dateModified\":\"2022-05-30T17:33:47+00:00\",\"breadcrumb\":{\"@id\":\"https:\/\/bukkigyogytea.com\/sk\/impressum\/#breadcrumb\"},\"inLanguage\":\"sk-SK\",\"potentialAction\":[{\"@type\":\"ReadAction\",\"target\":[\"https:\/\/bukkigyogytea.com\/sk\/impressum\/\"]}]},{\"@type\":\"BreadcrumbList\",\"@id\":\"https:\/\/bukkigyogytea.com\/sk\/impressum\/#breadcrumb\",\"itemListElement\":[{\"@type\":\"ListItem\",\"position\":1,\"name\":\"Domov\",\"item\":\"https:\/\/bukkigyogytea.com\/sk\/\"},{\"@type\":\"ListItem\",\"position\":2,\"name\":\"Impressum\"}]},{\"@type\":\"WebSite\",\"@id\":\"https:\/\/bukkigyogytea.com\/sk\/#website\",\"url\":\"https:\/\/bukkigyogytea.com\/sk\/\",\"name\":\"B\u00fckki Gy\u00f3gytea Web\u00e1ruh\u00e1z\",\"description\":\"Gy\u00f6rgytea hivatalos viszontelad\u00f3\",\"publisher\":{\"@id\":\"https:\/\/bukkigyogytea.com\/sk\/#organization\"},\"potentialAction\":[{\"@type\":\"SearchAction\",\"target\":{\"@type\":\"EntryPoint\",\"urlTemplate\":\"https:\/\/bukkigyogytea.com\/sk\/?s={search_term_string}\"},\"query-input\":{\"@type\":\"PropertyValueSpecification\",\"valueRequired\":true,\"valueName\":\"search_term_string\"}}],\"inLanguage\":\"sk-SK\"},{\"@type\":\"Organization\",\"@id\":\"https:\/\/bukkigyogytea.com\/sk\/#organization\",\"name\":\"B\u00fckki Gy\u00f3gytea Web\u00e1ruh\u00e1z\",\"url\":\"https:\/\/bukkigyogytea.com\/sk\/\",\"logo\":{\"@type\":\"ImageObject\",\"inLanguage\":\"sk-SK\",\"@id\":\"https:\/\/bukkigyogytea.com\/sk\/#\/schema\/logo\/image\/\",\"url\":\"https:\/\/i0.wp.com\/bukkigyogytea.com\/wp-content\/uploads\/2020\/05\/Sitelogo-1.jpg?fit=350%2C85&ssl=1\",\"contentUrl\":\"https:\/\/i0.wp.com\/bukkigyogytea.com\/wp-content\/uploads\/2020\/05\/Sitelogo-1.jpg?fit=350%2C85&ssl=1\",\"width\":350,\"height\":85,\"caption\":\"B\u00fckki Gy\u00f3gytea Web\u00e1ruh\u00e1z\"},\"image\":{\"@id\":\"https:\/\/bukkigyogytea.com\/sk\/#\/schema\/logo\/image\/\"},\"sameAs\":[\"https:\/\/www.facebook.com\/bukkigyogytea\/\"]}]}<\/script>\n<!-- \/ Yoast SEO plugin. -->","yoast_head_json":{"title":"Impressum &#8211; B\u00fckki Gy\u00f3gytea Web\u00e1ruh\u00e1z","robots":{"index":"index","follow":"follow","max-snippet":"max-snippet:-1","max-image-preview":"max-image-preview:large","max-video-preview":"max-video-preview:-1"},"canonical":"https:\/\/bukkigyogytea.com\/sk\/impressum\/","og_locale":"sk_SK","og_type":"article","og_title":"Impressum &#8211; B\u00fckki Gy\u00f3gytea Web\u00e1ruh\u00e1z","og_description":"Prev\u00e1dzkovate\u013e: Webbio s.r.o. S\u00eddlo: \u200b\u200bN\u00e1m. Ml\u00e1de\u017ee 1240\/3., Ve\u013ek\u00fd Meder 93201 \u200bI\u010cO: 53286961 DI\u010c: 2121323677 I\u010c DPH: SK2121323677 \u200bIban:\u00a0\u200b\u200bSK40 0900 0000 0051 9065 0479\u200b\u200b, swift: GIBASKBX E-mailov\u00e1 adresa:&nbsp;info@bukkigyogytea.com Tel. \u010d.: \u200b+421 907 486 117, +3630\/3914091 Poskytovate\u013e hostingov\u00fdch slu\u017eieb: N\u00e1zov: ATW Internet Kft. S\u00eddlo: H-1138 Budapest, Esztergomi \u00fat 66. fsz. 1. Internetov\u00e1 str\u00e1nka:&nbsp;www.atw.hu E-mailov\u00e1 adresa:&nbsp;info@atw.co.hu","og_url":"https:\/\/bukkigyogytea.com\/sk\/impressum\/","og_site_name":"B\u00fckki Gy\u00f3gytea Web\u00e1ruh\u00e1z","article_publisher":"https:\/\/www.facebook.com\/bukkigyogytea\/","article_modified_time":"2022-05-30T17:33:47+00:00","twitter_card":"summary_large_image","twitter_misc":{"Predpokladan\u00fd \u010das \u010d\u00edtania":"1 min\u00fata"},"schema":{"@context":"https:\/\/schema.org","@graph":[{"@type":"WebPage","@id":"https:\/\/bukkigyogytea.com\/sk\/impressum\/","url":"https:\/\/bukkigyogytea.com\/sk\/impressum\/","name":"Impressum &#8211; B\u00fckki Gy\u00f3gytea Web\u00e1ruh\u00e1z","isPartOf":{"@id":"https:\/\/bukkigyogytea.com\/sk\/#website"},"datePublished":"2020-08-10T14:43:24+00:00","dateModified":"2022-05-30T17:33:47+00:00","breadcrumb":{"@id":"https:\/\/bukkigyogytea.com\/sk\/impressum\/#breadcrumb"},"inLanguage":"sk-SK","potentialAction":[{"@type":"ReadAction","target":["https:\/\/bukkigyogytea.com\/sk\/impressum\/"]}]},{"@type":"BreadcrumbList","@id":"https:\/\/bukkigyogytea.com\/sk\/impressum\/#breadcrumb","itemListElement":[{"@type":"ListItem","position":1,"name":"Domov","item":"https:\/\/bukkigyogytea.com\/sk\/"},{"@type":"ListItem","position":2,"name":"Impressum"}]},{"@type":"WebSite","@id":"https:\/\/bukkigyogytea.com\/sk\/#website","url":"https:\/\/bukkigyogytea.com\/sk\/","name":"B\u00fckki Gy\u00f3gytea Web\u00e1ruh\u00e1z","description":"Gy\u00f6rgytea hivatalos viszontelad\u00f3","publisher":{"@id":"https:\/\/bukkigyogytea.com\/sk\/#organization"},"potentialAction":[{"@type":"SearchAction","target":{"@type":"EntryPoint","urlTemplate":"https:\/\/bukkigyogytea.com\/sk\/?s={search_term_string}"},"query-input":{"@type":"PropertyValueSpecification","valueRequired":true,"valueName":"search_term_string"}}],"inLanguage":"sk-SK"},{"@type":"Organization","@id":"https:\/\/bukkigyogytea.com\/sk\/#organization","name":"B\u00fckki Gy\u00f3gytea Web\u00e1ruh\u00e1z","url":"https:\/\/bukkigyogytea.com\/sk\/","logo":{"@type":"ImageObject","inLanguage":"sk-SK","@id":"https:\/\/bukkigyogytea.com\/sk\/#\/schema\/logo\/image\/","url":"https:\/\/i0.wp.com\/bukkigyogytea.com\/wp-content\/uploads\/2020\/05\/Sitelogo-1.jpg?fit=350%2C85&ssl=1","contentUrl":"https:\/\/i0.wp.com\/bukkigyogytea.com\/wp-content\/uploads\/2020\/05\/Sitelogo-1.jpg?fit=350%2C85&ssl=1","width":350,"height":85,"caption":"B\u00fckki Gy\u00f3gytea Web\u00e1ruh\u00e1z"},"image":{"@id":"https:\/\/bukkigyogytea.com\/sk\/#\/schema\/logo\/image\/"},"sameAs":["https:\/\/www.facebook.com\/bukkigyogytea\/"]}]}},"publishpress_future_workflow_manual_trigger":{"enabledWorkflows":[]},"_links":{"self":[{"href":"https:\/\/bukkigyogytea.com\/sk\/wp-json\/wp\/v2\/pages\/2822","targetHints":{"allow":["GET"]}}],"collection":[{"href":"https:\/\/bukkigyogytea.com\/sk\/wp-json\/wp\/v2\/pages"}],"about":[{"href":"https:\/\/bukkigyogytea.com\/sk\/wp-json\/wp\/v2\/types\/page"}],"author":[{"embeddable":true,"href":"https:\/\/bukkigyogytea.com\/sk\/wp-json\/wp\/v2\/users\/7"}],"replies":[{"embeddable":true,"href":"https:\/\/bukkigyogytea.com\/sk\/wp-json\/wp\/v2\/comments?post=2822"}],"version-history":[{"count":0,"href":"https:\/\/bukkigyogytea.com\/sk\/wp-json\/wp\/v2\/pages\/2822\/revisions"}],"wp:attachment":[{"href":"https:\/\/bukkigyogytea.com\/sk\/wp-json\/wp\/v2\/media?parent=2822"}],"curies":[{"name":"wp","href":"https:\/\/api.w.org\/{rel}","templated":true}]}}