{"id":2452,"date":"2018-09-04T09:33:53","date_gmt":"2018-09-04T07:33:53","guid":{"rendered":"https:\/\/bukkigyogytea.com\/rolunk\/"},"modified":"2021-10-11T17:05:47","modified_gmt":"2021-10-11T15:05:47","slug":"o-nas","status":"publish","type":"page","link":"https:\/\/bukkigyogytea.com\/sk\/o-nas\/","title":{"rendered":"O n\u00e1s"},"content":{"rendered":"\n<p>Srde\u010dne v\u00e1s v\u00edtam na na\u0161ej webovej str\u00e1nke, ktor\u00e1 sa zaober\u00e1 predajom lie\u010div\u00fdch byl\u00edn a&nbsp;lie\u010div\u00fdch \u010dajov z&nbsp;oblasti B\u00fckk v Ma\u010farsku.<\/p>\n\n\n\n<p>Ako konzument lie\u010div\u00fdch rastl\u00edn a&nbsp;lie\u010div\u00fdch \u010dajov som sa s&nbsp;produktmi Gyuri b\u00e1csiho stretol prv\u00fdkr\u00e1t pred viac ako piatimi rokmi a odvtedy jeho lie\u010div\u00e9 \u010daje a&nbsp;\u010dajov\u00e9 zmesi pijem pravidelne. \u010caje pripraven\u00e9 z&nbsp;lie\u010div\u00fdch byl\u00edn r\u00e1d konzumujem nielen pri ak\u00fatnych probl\u00e9moch, ale aj v&nbsp;r\u00e1mci prevencie. &nbsp;<\/p>\n\n\n\n<p>O&nbsp;tom, \u017ee produkty s\u00fa starostlivo vyberan\u00e9 a&nbsp;vyr\u00e1ban\u00e9 s&nbsp;ve\u013ekou starostlivos\u0165ou, nem\u00e1m najmen\u0161\u00edch poch\u00fdb. Najlep\u0161ou z\u00e1rukou s\u00fa toti\u017e vedomosti a&nbsp;roky praxe \u013eudov\u00e9ho lie\u010dite\u013estva Gyuri b\u00e1csiho, bylink\u00e1ra z&nbsp;oblasti B\u00fckk, ktor\u00fd sa medzi \u013eu\u010fmi te\u0161\u00ed skvelej povesti.<\/p>\n\n\n\n<p>\u010cajov\u00e9 zmesi Gyuri b\u00e1csiho vyroben\u00e9 z&nbsp;lie\u010div\u00fdch byl\u00edn som svojim priate\u013eom a&nbsp;zn\u00e1mym na Slovensku odpor\u00fa\u010dal u\u017e mnohokr\u00e1t, no v\u017edy mi bolo povedan\u00e9, \u017ee ich je \u0165a\u017eko zohna\u0165, a preto&nbsp;s\u00fa cenovo nedostupn\u00e9.<\/p>\n\n\n\n<p>Pr\u00e1ve t bol d\u00f4vod, pre\u010do som za\u010dal podnika\u0165, moja spolo\u010dnos\u0165 je toti\u017e ofici\u00e1lnym distrib\u00fatorom produktov Gyuri b\u00e1csiho. Hlavn\u00fdm cie\u013eom na\u0161ej webovej str\u00e1nky a&nbsp;webshopu je spr\u00edstupni\u0165 Gyuri b\u00e1csiho produkty, v\u0161etky jeho lie\u010div\u00e9 rastliny, lie\u010div\u00e9 \u010daje, \u010dajov\u00e9 zmesi, v\u00fd\u0165a\u017eky z&nbsp;byl\u00edn i&nbsp;jeho knihy pr\u00e1ve z\u00e1kazn\u00edkom na Slovensku.<\/p>\n\n\n\n<figure class=\"wp-block-image\"><img decoding=\"async\" src=\"https:\/\/bukkigyogytea.com\/wp-content\/uploads\/2018\/09\/rolunk.jpg\" alt=\"\"\/><\/figure>\n\n\n\n<p><\/p>\n","protected":false},"excerpt":{"rendered":"<p>Srde\u010dne v\u00e1s v\u00edtam na na\u0161ej webovej str\u00e1nke, ktor\u00e1 sa zaober\u00e1 predajom lie\u010div\u00fdch byl\u00edn a&nbsp;lie\u010div\u00fdch \u010dajov z&nbsp;oblasti B\u00fckk v Ma\u010farsku. Ako konzument lie\u010div\u00fdch rastl\u00edn a&nbsp;lie\u010div\u00fdch \u010dajov som sa s&nbsp;produktmi Gyuri b\u00e1csiho stretol prv\u00fdkr\u00e1t pred viac ako piatimi rokmi a odvtedy jeho lie\u010div\u00e9 \u010daje a&nbsp;\u010dajov\u00e9 zmesi pijem pravidelne. \u010caje pripraven\u00e9 z&nbsp;lie\u010div\u00fdch byl\u00edn r\u00e1d konzumujem nielen pri ak\u00fatnych &#8230; <a title=\"O n\u00e1s\" class=\"read-more\" href=\"https:\/\/bukkigyogytea.com\/sk\/o-nas\/\" aria-label=\"Pre\u010d\u00edtajte si viac o O n\u00e1s\">Read more<\/a><\/p>\n","protected":false},"author":7,"featured_media":0,"parent":0,"menu_order":0,"comment_status":"closed","ping_status":"closed","template":"","meta":{"_acf_changed":false,"footnotes":""},"class_list":["post-2452","page","type-page","status-publish"],"acf":[],"yoast_head":"<!-- This site is optimized with the Yoast SEO plugin v26.9 - https:\/\/yoast.com\/product\/yoast-seo-wordpress\/ -->\n<title>O n\u00e1s &#8211; B\u00fckki Gy\u00f3gytea Web\u00e1ruh\u00e1z<\/title>\n<meta name=\"robots\" content=\"index, follow, max-snippet:-1, max-image-preview:large, max-video-preview:-1\" \/>\n<link rel=\"canonical\" href=\"https:\/\/bukkigyogytea.com\/sk\/o-nas\/\" \/>\n<meta property=\"og:locale\" content=\"sk_SK\" \/>\n<meta property=\"og:type\" content=\"article\" \/>\n<meta property=\"og:title\" content=\"O n\u00e1s &#8211; B\u00fckki Gy\u00f3gytea Web\u00e1ruh\u00e1z\" \/>\n<meta property=\"og:description\" content=\"Srde\u010dne v\u00e1s v\u00edtam na na\u0161ej webovej str\u00e1nke, ktor\u00e1 sa zaober\u00e1 predajom lie\u010div\u00fdch byl\u00edn a&nbsp;lie\u010div\u00fdch \u010dajov z&nbsp;oblasti B\u00fckk v Ma\u010farsku. Ako konzument lie\u010div\u00fdch rastl\u00edn a&nbsp;lie\u010div\u00fdch \u010dajov som sa s&nbsp;produktmi Gyuri b\u00e1csiho stretol prv\u00fdkr\u00e1t pred viac ako piatimi rokmi a odvtedy jeho lie\u010div\u00e9 \u010daje a&nbsp;\u010dajov\u00e9 zmesi pijem pravidelne. \u010caje pripraven\u00e9 z&nbsp;lie\u010div\u00fdch byl\u00edn r\u00e1d konzumujem nielen pri ak\u00fatnych ... Read more\" \/>\n<meta property=\"og:url\" content=\"https:\/\/bukkigyogytea.com\/sk\/o-nas\/\" \/>\n<meta property=\"og:site_name\" content=\"B\u00fckki Gy\u00f3gytea Web\u00e1ruh\u00e1z\" \/>\n<meta property=\"article:publisher\" content=\"https:\/\/www.facebook.com\/bukkigyogytea\/\" \/>\n<meta property=\"article:modified_time\" content=\"2021-10-11T15:05:47+00:00\" \/>\n<meta property=\"og:image\" content=\"https:\/\/bukkigyogytea.com\/wp-content\/uploads\/2018\/09\/rolunk.jpg\" \/>\n<meta name=\"twitter:card\" content=\"summary_large_image\" \/>\n<meta name=\"twitter:label1\" content=\"Predpokladan\u00fd \u010das \u010d\u00edtania\" \/>\n\t<meta name=\"twitter:data1\" content=\"1 min\u00fata\" \/>\n<script type=\"application\/ld+json\" class=\"yoast-schema-graph\">{\"@context\":\"https:\/\/schema.org\",\"@graph\":[{\"@type\":\"WebPage\",\"@id\":\"https:\/\/bukkigyogytea.com\/sk\/o-nas\/\",\"url\":\"https:\/\/bukkigyogytea.com\/sk\/o-nas\/\",\"name\":\"O n\u00e1s &#8211; B\u00fckki Gy\u00f3gytea Web\u00e1ruh\u00e1z\",\"isPartOf\":{\"@id\":\"https:\/\/bukkigyogytea.com\/sk\/#website\"},\"primaryImageOfPage\":{\"@id\":\"https:\/\/bukkigyogytea.com\/sk\/o-nas\/#primaryimage\"},\"image\":{\"@id\":\"https:\/\/bukkigyogytea.com\/sk\/o-nas\/#primaryimage\"},\"thumbnailUrl\":\"https:\/\/bukkigyogytea.com\/wp-content\/uploads\/2018\/09\/rolunk.jpg\",\"datePublished\":\"2018-09-04T07:33:53+00:00\",\"dateModified\":\"2021-10-11T15:05:47+00:00\",\"breadcrumb\":{\"@id\":\"https:\/\/bukkigyogytea.com\/sk\/o-nas\/#breadcrumb\"},\"inLanguage\":\"sk-SK\",\"potentialAction\":[{\"@type\":\"ReadAction\",\"target\":[\"https:\/\/bukkigyogytea.com\/sk\/o-nas\/\"]}]},{\"@type\":\"ImageObject\",\"inLanguage\":\"sk-SK\",\"@id\":\"https:\/\/bukkigyogytea.com\/sk\/o-nas\/#primaryimage\",\"url\":\"https:\/\/bukkigyogytea.com\/wp-content\/uploads\/2018\/09\/rolunk.jpg\",\"contentUrl\":\"https:\/\/bukkigyogytea.com\/wp-content\/uploads\/2018\/09\/rolunk.jpg\"},{\"@type\":\"BreadcrumbList\",\"@id\":\"https:\/\/bukkigyogytea.com\/sk\/o-nas\/#breadcrumb\",\"itemListElement\":[{\"@type\":\"ListItem\",\"position\":1,\"name\":\"Domov\",\"item\":\"https:\/\/bukkigyogytea.com\/sk\/\"},{\"@type\":\"ListItem\",\"position\":2,\"name\":\"O n\u00e1s\"}]},{\"@type\":\"WebSite\",\"@id\":\"https:\/\/bukkigyogytea.com\/sk\/#website\",\"url\":\"https:\/\/bukkigyogytea.com\/sk\/\",\"name\":\"B\u00fckki Gy\u00f3gytea Web\u00e1ruh\u00e1z\",\"description\":\"Gy\u00f6rgytea hivatalos viszontelad\u00f3\",\"publisher\":{\"@id\":\"https:\/\/bukkigyogytea.com\/sk\/#organization\"},\"potentialAction\":[{\"@type\":\"SearchAction\",\"target\":{\"@type\":\"EntryPoint\",\"urlTemplate\":\"https:\/\/bukkigyogytea.com\/sk\/?s={search_term_string}\"},\"query-input\":{\"@type\":\"PropertyValueSpecification\",\"valueRequired\":true,\"valueName\":\"search_term_string\"}}],\"inLanguage\":\"sk-SK\"},{\"@type\":\"Organization\",\"@id\":\"https:\/\/bukkigyogytea.com\/sk\/#organization\",\"name\":\"B\u00fckki Gy\u00f3gytea Web\u00e1ruh\u00e1z\",\"url\":\"https:\/\/bukkigyogytea.com\/sk\/\",\"logo\":{\"@type\":\"ImageObject\",\"inLanguage\":\"sk-SK\",\"@id\":\"https:\/\/bukkigyogytea.com\/sk\/#\/schema\/logo\/image\/\",\"url\":\"https:\/\/i0.wp.com\/bukkigyogytea.com\/wp-content\/uploads\/2020\/05\/Sitelogo-1.jpg?fit=350%2C85&ssl=1\",\"contentUrl\":\"https:\/\/i0.wp.com\/bukkigyogytea.com\/wp-content\/uploads\/2020\/05\/Sitelogo-1.jpg?fit=350%2C85&ssl=1\",\"width\":350,\"height\":85,\"caption\":\"B\u00fckki Gy\u00f3gytea Web\u00e1ruh\u00e1z\"},\"image\":{\"@id\":\"https:\/\/bukkigyogytea.com\/sk\/#\/schema\/logo\/image\/\"},\"sameAs\":[\"https:\/\/www.facebook.com\/bukkigyogytea\/\"]}]}<\/script>\n<!-- \/ Yoast SEO plugin. -->","yoast_head_json":{"title":"O n\u00e1s &#8211; B\u00fckki Gy\u00f3gytea Web\u00e1ruh\u00e1z","robots":{"index":"index","follow":"follow","max-snippet":"max-snippet:-1","max-image-preview":"max-image-preview:large","max-video-preview":"max-video-preview:-1"},"canonical":"https:\/\/bukkigyogytea.com\/sk\/o-nas\/","og_locale":"sk_SK","og_type":"article","og_title":"O n\u00e1s &#8211; B\u00fckki Gy\u00f3gytea Web\u00e1ruh\u00e1z","og_description":"Srde\u010dne v\u00e1s v\u00edtam na na\u0161ej webovej str\u00e1nke, ktor\u00e1 sa zaober\u00e1 predajom lie\u010div\u00fdch byl\u00edn a&nbsp;lie\u010div\u00fdch \u010dajov z&nbsp;oblasti B\u00fckk v Ma\u010farsku. Ako konzument lie\u010div\u00fdch rastl\u00edn a&nbsp;lie\u010div\u00fdch \u010dajov som sa s&nbsp;produktmi Gyuri b\u00e1csiho stretol prv\u00fdkr\u00e1t pred viac ako piatimi rokmi a odvtedy jeho lie\u010div\u00e9 \u010daje a&nbsp;\u010dajov\u00e9 zmesi pijem pravidelne. \u010caje pripraven\u00e9 z&nbsp;lie\u010div\u00fdch byl\u00edn r\u00e1d konzumujem nielen pri ak\u00fatnych ... Read more","og_url":"https:\/\/bukkigyogytea.com\/sk\/o-nas\/","og_site_name":"B\u00fckki Gy\u00f3gytea Web\u00e1ruh\u00e1z","article_publisher":"https:\/\/www.facebook.com\/bukkigyogytea\/","article_modified_time":"2021-10-11T15:05:47+00:00","og_image":[{"url":"https:\/\/bukkigyogytea.com\/wp-content\/uploads\/2018\/09\/rolunk.jpg","type":"","width":"","height":""}],"twitter_card":"summary_large_image","twitter_misc":{"Predpokladan\u00fd \u010das \u010d\u00edtania":"1 min\u00fata"},"schema":{"@context":"https:\/\/schema.org","@graph":[{"@type":"WebPage","@id":"https:\/\/bukkigyogytea.com\/sk\/o-nas\/","url":"https:\/\/bukkigyogytea.com\/sk\/o-nas\/","name":"O n\u00e1s &#8211; B\u00fckki Gy\u00f3gytea Web\u00e1ruh\u00e1z","isPartOf":{"@id":"https:\/\/bukkigyogytea.com\/sk\/#website"},"primaryImageOfPage":{"@id":"https:\/\/bukkigyogytea.com\/sk\/o-nas\/#primaryimage"},"image":{"@id":"https:\/\/bukkigyogytea.com\/sk\/o-nas\/#primaryimage"},"thumbnailUrl":"https:\/\/bukkigyogytea.com\/wp-content\/uploads\/2018\/09\/rolunk.jpg","datePublished":"2018-09-04T07:33:53+00:00","dateModified":"2021-10-11T15:05:47+00:00","breadcrumb":{"@id":"https:\/\/bukkigyogytea.com\/sk\/o-nas\/#breadcrumb"},"inLanguage":"sk-SK","potentialAction":[{"@type":"ReadAction","target":["https:\/\/bukkigyogytea.com\/sk\/o-nas\/"]}]},{"@type":"ImageObject","inLanguage":"sk-SK","@id":"https:\/\/bukkigyogytea.com\/sk\/o-nas\/#primaryimage","url":"https:\/\/bukkigyogytea.com\/wp-content\/uploads\/2018\/09\/rolunk.jpg","contentUrl":"https:\/\/bukkigyogytea.com\/wp-content\/uploads\/2018\/09\/rolunk.jpg"},{"@type":"BreadcrumbList","@id":"https:\/\/bukkigyogytea.com\/sk\/o-nas\/#breadcrumb","itemListElement":[{"@type":"ListItem","position":1,"name":"Domov","item":"https:\/\/bukkigyogytea.com\/sk\/"},{"@type":"ListItem","position":2,"name":"O n\u00e1s"}]},{"@type":"WebSite","@id":"https:\/\/bukkigyogytea.com\/sk\/#website","url":"https:\/\/bukkigyogytea.com\/sk\/","name":"B\u00fckki Gy\u00f3gytea Web\u00e1ruh\u00e1z","description":"Gy\u00f6rgytea hivatalos viszontelad\u00f3","publisher":{"@id":"https:\/\/bukkigyogytea.com\/sk\/#organization"},"potentialAction":[{"@type":"SearchAction","target":{"@type":"EntryPoint","urlTemplate":"https:\/\/bukkigyogytea.com\/sk\/?s={search_term_string}"},"query-input":{"@type":"PropertyValueSpecification","valueRequired":true,"valueName":"search_term_string"}}],"inLanguage":"sk-SK"},{"@type":"Organization","@id":"https:\/\/bukkigyogytea.com\/sk\/#organization","name":"B\u00fckki Gy\u00f3gytea Web\u00e1ruh\u00e1z","url":"https:\/\/bukkigyogytea.com\/sk\/","logo":{"@type":"ImageObject","inLanguage":"sk-SK","@id":"https:\/\/bukkigyogytea.com\/sk\/#\/schema\/logo\/image\/","url":"https:\/\/i0.wp.com\/bukkigyogytea.com\/wp-content\/uploads\/2020\/05\/Sitelogo-1.jpg?fit=350%2C85&ssl=1","contentUrl":"https:\/\/i0.wp.com\/bukkigyogytea.com\/wp-content\/uploads\/2020\/05\/Sitelogo-1.jpg?fit=350%2C85&ssl=1","width":350,"height":85,"caption":"B\u00fckki Gy\u00f3gytea Web\u00e1ruh\u00e1z"},"image":{"@id":"https:\/\/bukkigyogytea.com\/sk\/#\/schema\/logo\/image\/"},"sameAs":["https:\/\/www.facebook.com\/bukkigyogytea\/"]}]}},"publishpress_future_workflow_manual_trigger":{"enabledWorkflows":[]},"_links":{"self":[{"href":"https:\/\/bukkigyogytea.com\/sk\/wp-json\/wp\/v2\/pages\/2452","targetHints":{"allow":["GET"]}}],"collection":[{"href":"https:\/\/bukkigyogytea.com\/sk\/wp-json\/wp\/v2\/pages"}],"about":[{"href":"https:\/\/bukkigyogytea.com\/sk\/wp-json\/wp\/v2\/types\/page"}],"author":[{"embeddable":true,"href":"https:\/\/bukkigyogytea.com\/sk\/wp-json\/wp\/v2\/users\/7"}],"replies":[{"embeddable":true,"href":"https:\/\/bukkigyogytea.com\/sk\/wp-json\/wp\/v2\/comments?post=2452"}],"version-history":[{"count":0,"href":"https:\/\/bukkigyogytea.com\/sk\/wp-json\/wp\/v2\/pages\/2452\/revisions"}],"wp:attachment":[{"href":"https:\/\/bukkigyogytea.com\/sk\/wp-json\/wp\/v2\/media?parent=2452"}],"curies":[{"name":"wp","href":"https:\/\/api.w.org\/{rel}","templated":true}]}}