{"id":13532,"date":"2022-06-23T13:47:40","date_gmt":"2022-06-23T11:47:40","guid":{"rendered":"https:\/\/bukkigyogytea.com\/stante-sa-nasim-obchodnym-partnerom\/"},"modified":"2024-11-25T10:25:34","modified_gmt":"2024-11-25T09:25:34","slug":"stante-sa-nasim-obchodnym-partnerom","status":"publish","type":"page","link":"https:\/\/bukkigyogytea.com\/sk\/stante-sa-nasim-obchodnym-partnerom\/","title":{"rendered":"Sta\u0148te sa na\u0161im obchodn\u00fdm partnerom!"},"content":{"rendered":"\n<h2 class=\"wp-block-heading has-text-align-center\"><h2>Pripojte sa k distribu\u010dnej sieti B\u00fckki Gy\u00f3gytea a pon\u00faknite svojim z\u00e1kazn\u00edkom pr\u00e9miov\u00e9 bylinn\u00e9 produkty!<\/h2><\/h2>\n<div class=\"gb-container gb-container-c5ac64a6\">\n<div class=\"gb-container gb-container-142bc5db\">\n<div class=\"gb-grid-wrapper gb-grid-wrapper-3ec8b69e\">\n<div class=\"gb-grid-column gb-grid-column-3e8f0b83\"><div class=\"gb-container gb-container-3e8f0b83\">\n\n<p>Ako exkluz\u00edvny distrib\u00fator internetov\u00e9ho obchodu B\u00fckki Gy\u00f3gytea sa teraz m\u00f4\u017eete sta\u0165 s\u00fa\u010das\u0165ou \u00faspechu Gy\u00f6rgytea! S na\u0161imi pr\u00e9miov\u00fdmi produktmi vyroben\u00fdmi z ma\u010farsk\u00fdch lie\u010div\u00fdch byl\u00edn \u2013 lie\u010div\u00e9 \u010daje, \u010dajov\u00e9 zmesi, bylinn\u00e9 extrakty a pr\u00edrodn\u00e1 kozmetika \u2013 m\u00f4\u017eete pom\u00f4c\u0165 svojim z\u00e1kazn\u00edkom zachova\u0165 si zdravie.<\/p>\n\n\n\n<h3 class=\"wp-block-heading\"><h3>Pre\u010do sa oplat\u00ed pripoji\u0165?<\/h3><\/h3>\n\n\n\n<ul class=\"wp-block-list\">\n<li><strong>Vynikaj\u00faca kvalita:<\/strong> Produkty Gy\u00f6rgytea sp\u013a\u0148aj\u00fa najvy\u0161\u0161ie kvalitat\u00edvne po\u017eiadavky, tak\u017ee ich m\u00f4\u017eete s d\u00f4verou odporu\u010di\u0165 svojim z\u00e1kazn\u00edkom.<\/li>\n\n\n\n<li><strong>Kompletn\u00fd sortiment Gy\u00f6rgytea:<\/strong> Ako ofici\u00e1lny distrib\u00fator pon\u00fakame cel\u00fd produktov\u00fd rad zna\u010dky Gy\u00f6rgytea.<\/li>\n\n\n\n<li><strong>Exkluzivita:<\/strong> Produkty Gy\u00f6rgytea m\u00f4\u017eu pred\u00e1va\u0165 len \u010dlenovia na\u0161ej distribu\u010dnej siete, \u010do V\u00e1m zabezpe\u010d\u00ed jedine\u010dn\u00fa ponuku.<\/li>\n\n\n\n<li><strong>V\u00fdhodn\u00e9 ceny:<\/strong> Na\u0161i distrib\u00fatori maj\u00fa produkty Gy\u00f6rgytea k dispoz\u00edcii za zv\u00fdhodnen\u00e9 ceny, \u010do V\u00e1m umo\u017en\u00ed \u00faspe\u0161ne pred\u00e1va\u0165.<\/li>\n\n\n\n<li><strong>Pr\u00e9miov\u00fd partnersk\u00fd program:<\/strong> Na\u0161i pr\u00e9miov\u00ed partneri m\u00f4\u017eu z\u00edska\u0165 \u010fal\u0161ie z\u013eavy, aby mohli svojim z\u00e1kazn\u00edkom pon\u00faknu\u0165 e\u0161te atrakt\u00edvnej\u0161ie ponuky.<\/li>\n<\/ul>\n\n\n\n<h3 class=\"wp-block-heading\"><strong>Koho h\u013ead\u00e1me?<\/strong><\/h3>\n\n\n\n<p>H\u013ead\u00e1me predov\u0161etk\u00fdm majite\u013eov bioobchodov, bylinkov\u00fdch obchodov a internetov\u00fdch obchodov. Ak ste mas\u00e9r, kozmeti\u010dka alebo podnikate\u013e so z\u00e1ujmom o pr\u00edrodn\u00e9 sp\u00f4soby lie\u010denia a mysl\u00edte si, \u017ee produkty Gy\u00f6rgytea zapadaj\u00fa do Va\u0161ej ponuky, radi priv\u00edtame aj Va\u0161u prihl\u00e1\u0161ku!<\/p>\n\n\n\n<h3 class=\"wp-block-heading\"><strong>Jednoduch\u00e1 a\u00a0r\u00fdchla registr\u00e1cia<\/strong><\/h3>\n\n\n\n<p>Vypl\u0148te n\u00e1\u0161 online prihlasovac\u00ed formul\u00e1r a \u010doskoro V\u00e1s budeme kontaktova\u0165. <\/p>\n\n\n\n<h3 class=\"wp-block-heading\"><strong>Po\u010fme spolu budova\u0165 spolo\u010dn\u00fa bud\u00facnos\u0165 u\u017e dnes!<\/strong><\/h3>\n\n\n\n<p>Te\u0161\u00edme sa na Va\u0161u prihl\u00e1\u0161ku!<\/p>\n\n<\/div><\/div>\n\n<div class=\"gb-grid-column gb-grid-column-8767dc01\"><div class=\"gb-container gb-container-8767dc01\">\n\n<p><strong>Prihl\u00e1ste sa teraz! Vypl\u0148te nasleduj\u00faci formul\u00e1r, aby sme V\u00e1s mohli kontaktova\u0165!<\/strong><\/p>\n\n\n<div class=\"woocommerce\">\n\t<div id=\"wwlc-registration-form\" data-redirect=\"\">\n    \t<div class=\"woocommerce wwlc-form-error\"><\/div><form method=\"post\" class=\"wwlc-register woocommerce-form woocommerce-form-register\" id=\"registration_form\"><input type=\"hidden\" id=\"wwlc_register_user_nonce_field\" name=\"wwlc_register_user_nonce_field\" value=\"b8fda28d08\" \/><input type=\"hidden\" name=\"_wp_http_referer\" value=\"\/sk\/wp-json\/wp\/v2\/pages\/13532\" \/><div style=\"display: none !important;\" class=\"honeypot\"><label for=\"honeypot-field\">Please Leave This Empty:<\/label><input type=\"text\" id=\"honeypot-field\" name=\"honeypot-field\" val=\"\"><\/div><p class=\"form-row field-set text-field-set first_name wwlc_registration_field form_field validate-required\" id=\"first_name_field\" data-priority=\"\"><label for=\"first_name\" class=\"required_field\">Meno&nbsp;<span class=\"required\" aria-hidden=\"true\">*<\/span><\/label><span class=\"woocommerce-input-wrapper\"><input type=\"text\" class=\"input-text wwlc_form_field\" name=\"first_name\" id=\"first_name\" placeholder=\"\"  value=\"\" data-required=\"yes\" aria-required=\"true\" \/><\/span><\/p><p class=\"form-row field-set text-field-set last_name wwlc_registration_field form_field validate-required\" id=\"last_name_field\" data-priority=\"\"><label for=\"last_name\" class=\"required_field\">Priezvisko&nbsp;<span class=\"required\" aria-hidden=\"true\">*<\/span><\/label><span class=\"woocommerce-input-wrapper\"><input type=\"text\" class=\"input-text wwlc_form_field\" name=\"last_name\" id=\"last_name\" placeholder=\"\"  value=\"\" data-required=\"yes\" aria-required=\"true\" \/><\/span><\/p><p class=\"form-row field-set text-field-set wwlc_company_name wwlc_registration_field form_field validate-required\" id=\"wwlc_company_name_field\" data-priority=\"\"><label for=\"wwlc_company_name\" class=\"required_field\">Firma&nbsp;<span class=\"required\" aria-hidden=\"true\">*<\/span><\/label><span class=\"woocommerce-input-wrapper\"><input type=\"text\" class=\"input-text wwlc_form_field\" name=\"wwlc_company_name\" id=\"wwlc_company_name\" placeholder=\"\"  value=\"\" data-required=\"yes\" aria-required=\"true\" \/><\/span><\/p><p class=\"form-row field-set select-field-set wwlc_country wwlc_registration_field form_field validate-required\" id=\"wwlc_country_field\" data-priority=\"\"><label for=\"wwlc_country\" class=\"required_field\">\u0160t\u00e1t&nbsp;<span class=\"required\" aria-hidden=\"true\">*<\/span><\/label><span class=\"woocommerce-input-wrapper\"><select name=\"wwlc_country\" id=\"wwlc_country\" class=\"select wwlc_form_field\" data-required=\"yes\" aria-required=\"true\" data-placeholder=\"\">\n\t\t\t\t\t\t\t<option value=\"SK\" >Slovensko<\/option><option value=\"RO\" >Romania<\/option><option value=\"DE\" >Nemecko<\/option><option value=\"UK\" >Spojen\u00e9 kr\u00e1\u013eovstvo (UK)<\/option>\n\t\t\t\t\t\t<\/select><\/span><\/p><p class=\"form-row field-set text-field-set wwlc_address wwlc_registration_field form_field validate-required\" id=\"wwlc_address_field\" data-priority=\"\"><label for=\"wwlc_address\" class=\"required_field\">Adresa&nbsp;<span class=\"required\" aria-hidden=\"true\">*<\/span><\/label><span class=\"woocommerce-input-wrapper\"><input type=\"text\" class=\"input-text wwlc_form_field\" name=\"wwlc_address\" id=\"wwlc_address\" placeholder=\"Ulica, s\u00fapisn\u00e9 \u010d\u00edslo\"  value=\"\" data-required=\"yes\" aria-required=\"true\" \/><\/span><\/p><p class=\"form-row field-set text-field-set wwlc_address_2 wwlc_registration_field form_field\" id=\"wwlc_address_2_field\" data-priority=\"\">&nbsp;(volite\u013en\u00e9)<input type=\"text\" class=\"input-text wwlc_form_field\" name=\"wwlc_address_2\" id=\"wwlc_address_2\" placeholder=\"Orienta\u010dn\u00e9 \u010d\u00edslo (volite\u013en\u00e9)\"  value=\"\"  \/><\/p><p class=\"form-row field-set text-field-set wwlc_city wwlc_registration_field form_field validate-required\" id=\"wwlc_city_field\" data-priority=\"\"><label for=\"wwlc_city\" class=\"required_field\">Mesto&nbsp;<span class=\"required\" aria-hidden=\"true\">*<\/span><\/label><span class=\"woocommerce-input-wrapper\"><input type=\"text\" class=\"input-text wwlc_form_field\" name=\"wwlc_city\" id=\"wwlc_city\" placeholder=\"Mesto\"  value=\"\" data-required=\"yes\" aria-required=\"true\" \/><\/span><\/p><p class=\"form-row field-set text-field-set wwlc_state wwlc_registration_field form_field\" id=\"wwlc_state_field\" data-priority=\"\"><label for=\"wwlc_state\" class=\"\">Kraj&nbsp;<span class=\"optional\">(volite\u013en\u00e9)<\/span><\/label><span class=\"woocommerce-input-wrapper\"><input type=\"text\" class=\"input-text wwlc_form_field\" name=\"wwlc_state\" id=\"wwlc_state\" placeholder=\"Kraj\"  value=\"\"  \/><\/span><\/p><p class=\"form-row field-set text-field-set wwlc_postcode wwlc_registration_field form_field validate-required\" id=\"wwlc_postcode_field\" data-priority=\"\"><label for=\"wwlc_postcode\" class=\"required_field\">PS\u010c&nbsp;<span class=\"required\" aria-hidden=\"true\">*<\/span><\/label><span class=\"woocommerce-input-wrapper\"><input type=\"text\" class=\"input-text wwlc_form_field\" name=\"wwlc_postcode\" id=\"wwlc_postcode\" placeholder=\"PS\u010c\"  value=\"\" data-required=\"yes\" aria-required=\"true\" \/><\/span><\/p><p class=\"form-row field-set text-field-set wwlc_cf_ico wwlc_registration_field form_field wwlc_custom_field text_wwlc_custom_field validate-required\" id=\"wwlc_cf_ico_field\" data-priority=\"\"><label for=\"wwlc_cf_ico\" class=\"required_field\">I\u010cO&nbsp;<span class=\"required\" aria-hidden=\"true\">*<\/span><\/label><span class=\"woocommerce-input-wrapper\"><input type=\"text\" class=\"input-text wwlc_form_field\" name=\"wwlc_cf_ico\" id=\"wwlc_cf_ico\" placeholder=\"\"  value=\"\" data-required=\"yes\" aria-required=\"true\" \/><\/span><\/p><p class=\"form-row field-set text-field-set wwlc_cf_dic wwlc_registration_field form_field wwlc_custom_field text_wwlc_custom_field validate-required\" id=\"wwlc_cf_dic_field\" data-priority=\"\"><label for=\"wwlc_cf_dic\" class=\"required_field\">DI\u010c&nbsp;<span class=\"required\" aria-hidden=\"true\">*<\/span><\/label><span class=\"woocommerce-input-wrapper\"><input type=\"text\" class=\"input-text wwlc_form_field\" name=\"wwlc_cf_dic\" id=\"wwlc_cf_dic\" placeholder=\"\"  value=\"\" data-required=\"yes\" aria-required=\"true\" \/><\/span><\/p><p class=\"form-row field-set text-field-set wwlc_cf_icdph wwlc_registration_field form_field wwlc_custom_field text_wwlc_custom_field\" id=\"wwlc_cf_icdph_field\" data-priority=\"\"><label for=\"wwlc_cf_icdph\" class=\"\">I\u010cDPH&nbsp;<span class=\"optional\">(volite\u013en\u00e9)<\/span><\/label><span class=\"woocommerce-input-wrapper\"><input type=\"text\" class=\"input-text wwlc_form_field\" name=\"wwlc_cf_icdph\" id=\"wwlc_cf_icdph\" placeholder=\"\"  value=\"\"  \/><\/span><\/p><p class=\"form-row field-set email-field-set user_email wwlc_registration_field form_field validate-required\" id=\"user_email_field\" data-priority=\"\"><label for=\"user_email\" class=\"required_field\">Email&nbsp;<span class=\"required\" aria-hidden=\"true\">*<\/span><\/label><span class=\"woocommerce-input-wrapper\"><input type=\"email\" class=\"input-text wwlc_form_field\" name=\"user_email\" id=\"user_email\" placeholder=\"\"  value=\"\" data-required=\"yes\" aria-required=\"true\" \/><\/span><\/p><p class=\"form-row field-set phone-field-set wwlc_phone wwlc_registration_field form_field validate-required\" id=\"wwlc_phone_field\" data-priority=\"\"><label for=\"wwlc_phone\" class=\"required_field\">Telef\u00f3nne \u010d\u00edslo&nbsp;<span class=\"required\" aria-hidden=\"true\">*<\/span><\/label><span class=\"woocommerce-input-wrapper\"><input type=\"tel\" class=\"input-text wwlc_form_field phone\" name=\"wwlc_phone\" id=\"wwlc_phone\" placeholder=\"\"  value=\"\" data-phonemask=\"No format\" data-required=\"yes\" aria-required=\"true\" \/><\/span><\/p><p class=\"form-row field-set url-field-set wwlc_cf_webpage wwlc_registration_field form_field wwlc_custom_field url_wwlc_custom_field\" id=\"wwlc_cf_webpage\" data-sort=\"\"><label for=\"wwlc_cf_webpage\" class=\"\">Webov\u00e1 str\u00e1nka<\/label><input type=\"url\" class=\"input-text wwlc_form_field\" name=\"wwlc_cf_webpage\" id=\"wwlc_cf_webpage\" placeholder=\"\"  value=\"\"  \/><\/p><p class=\"form-row field-set select-field-set wwlc_cf_bolt_online wwlc_registration_field form_field wwlc_custom_field select_wwlc_custom_field validate-required\" id=\"wwlc_cf_bolt_online_field\" data-priority=\"\"><label for=\"wwlc_cf_bolt_online\" class=\"required_field\">Charakter spolupr\u00e1ce&nbsp;<span class=\"required\" aria-hidden=\"true\">*<\/span><\/label><span class=\"woocommerce-input-wrapper\"><select name=\"wwlc_cf_bolt_online\" id=\"wwlc_cf_bolt_online\" class=\"select wwlc_form_field\" data-required=\"yes\" aria-required=\"true\" data-placeholder=\"\">\n\t\t\t\t\t\t\t<option value=\"Bolt\" >Kamenn\u00fd obchod<\/option><option value=\"Online\" >e-shop<\/option><option value=\"Bolt_online\" >kamenn\u00fd obchod a e-shop<\/option>\n\t\t\t\t\t\t<\/select><\/span><\/p><p class=\"form-row field-set textarea-field-set wwlc_cf_bemutatkozas wwlc_registration_field form_field wwlc_custom_field textarea_wwlc_custom_field\" id=\"wwlc_cf_bemutatkozas_field\" data-priority=\"\"><label for=\"wwlc_cf_bemutatkozas\" class=\"\">Predstavenie podniku&nbsp;<span class=\"optional\">(volite\u013en\u00e9)<\/span><\/label><span class=\"woocommerce-input-wrapper\"><textarea name=\"wwlc_cf_bemutatkozas\" class=\"input-text wwlc_form_field\" id=\"wwlc_cf_bemutatkozas\" placeholder=\"Regisztr\u00e1land\u00f3 v\u00e1llalkoz\u00e1s r\u00f6vid bemutat\u00e1sa\"  rows=\"2\" cols=\"5\">Kr\u00e1tky popis<\/textarea><\/span><\/p><p class=\"form-row field-set text-field-set wwlc_cf_megjegyzes wwlc_registration_field form_field wwlc_custom_field text_wwlc_custom_field\" id=\"wwlc_cf_megjegyzes_field\" data-priority=\"\"><label for=\"wwlc_cf_megjegyzes\" class=\"\">Pozn\u00e1mka&nbsp;<span class=\"optional\">(volite\u013en\u00e9)<\/span><\/label><span class=\"woocommerce-input-wrapper\"><input type=\"text\" class=\"input-text wwlc_form_field\" name=\"wwlc_cf_megjegyzes\" id=\"wwlc_cf_megjegyzes\" placeholder=\"\"  value=\"\"  \/><\/span><\/p><p class=\"form-row field-set checkbox-field-set wwlc_cf_es_terms wwlc_registration_field form_field wwlc_custom_field checkbox_wwlc_custom_field validate-required\" id=\"wwlc_cf_es_terms\" data-sort=\"\"><label for=\"wwlc_cf_es_terms\" class=\"required_field\">Spr\u00e1va \u00fadajov <abbr class=\"required\" title=\"required\">*<\/abbr><\/label><span class=\"wwlc_checkboxes_container checkbox_options_holder\" data-required=\"yes\" aria-required=\"true\"><label class=\"checkbox_options\"><input type=\"checkbox\" class=\"input-checkbox wwlc_form_field\" name=\"wwlc_cf_es_terms\" value=\"\"  checked='checked' \/>Kliknut\u00edm na tla\u010didlo registrova\u0165 s\u00fahlas\u00edte so V\u0161eobecn\u00fdmi obchodn\u00fdmi podmienkami a Z\u00e1sadami ochrany osobn\u00fdch \u00fadajov.<\/label><\/span><\/p>\t\t\t\t<div class=\"field-set form-controls-section\">\n\t\t\t<p class=\"register-button-container\"><input type=\"submit\" name=\"submit\" class=\"form-control button button-primary\" id=\"wwlc-register\" value=\"Registr\u00e1cia\" ><span class=\"wwlc-loader\"><\/span><\/p><a class=\"form-control\" id=\"log-in\" href=\"https:\/\/bukkigyogytea.com\/fiokom\/\" >Prihl\u00e1senie<\/a> <a class=\"form-control\" id=\"lost-password\" href=\"https:\/\/bukkigyogytea.com\/sk\/profil\/lost-password\/\" >Zabudnut\u00e9 heslo<\/a>\t\t<\/div>\n\n\t\t<input class=\"input-hidden wwlc_form_field\" type=\"hidden\" name=\"wwlc_role\" id=\"wwlc_role\" value=\"\"><input class=\"input-hidden wwlc_form_field\" type=\"hidden\" name=\"wwlc_page_id\" id=\"wwlc_page_id\" value=\"0\"><\/form>\t<\/div><!--#wwlc-registration-form-->\n<\/div><!--.woocommerce-->\n\n\n<\/div><\/div>\n<\/div>\n<\/div>\n<\/div>\n<p><\/p>\n","protected":false},"excerpt":{"rendered":"<p>Pripojte sa k distribu\u010dnej sieti B\u00fckki Gy\u00f3gytea a pon\u00faknite svojim z\u00e1kazn\u00edkom pr\u00e9miov\u00e9 bylinn\u00e9 produkty!<\/p>\n","protected":false},"author":7,"featured_media":0,"parent":0,"menu_order":0,"comment_status":"closed","ping_status":"closed","template":"","meta":{"_acf_changed":false,"footnotes":""},"class_list":["post-13532","page","type-page","status-publish"],"acf":[],"yoast_head":"<!-- This site is optimized with the Yoast SEO plugin v26.9 - https:\/\/yoast.com\/product\/yoast-seo-wordpress\/ -->\n<title>Sta\u0148te sa na\u0161im obchodn\u00fdm partnerom! &#8211; B\u00fckki Gy\u00f3gytea Web\u00e1ruh\u00e1z<\/title>\n<meta name=\"robots\" content=\"index, follow, max-snippet:-1, max-image-preview:large, max-video-preview:-1\" \/>\n<link rel=\"canonical\" href=\"https:\/\/bukkigyogytea.com\/sk\/stante-sa-nasim-obchodnym-partnerom\/\" \/>\n<meta property=\"og:locale\" content=\"sk_SK\" \/>\n<meta property=\"og:type\" content=\"article\" \/>\n<meta property=\"og:title\" content=\"Sta\u0148te sa na\u0161im obchodn\u00fdm partnerom! &#8211; B\u00fckki Gy\u00f3gytea Web\u00e1ruh\u00e1z\" \/>\n<meta property=\"og:description\" content=\"Pripojte sa k distribu\u010dnej sieti B\u00fckki Gy\u00f3gytea a pon\u00faknite svojim z\u00e1kazn\u00edkom pr\u00e9miov\u00e9 bylinn\u00e9 produkty!\" \/>\n<meta property=\"og:url\" content=\"https:\/\/bukkigyogytea.com\/sk\/stante-sa-nasim-obchodnym-partnerom\/\" \/>\n<meta property=\"og:site_name\" content=\"B\u00fckki Gy\u00f3gytea Web\u00e1ruh\u00e1z\" \/>\n<meta property=\"article:publisher\" content=\"https:\/\/www.facebook.com\/bukkigyogytea\/\" \/>\n<meta property=\"article:modified_time\" content=\"2024-11-25T09:25:34+00:00\" \/>\n<meta name=\"twitter:card\" content=\"summary_large_image\" \/>\n<meta name=\"twitter:label1\" content=\"Predpokladan\u00fd \u010das \u010d\u00edtania\" \/>\n\t<meta name=\"twitter:data1\" content=\"2 min\u00faty\" \/>\n<script type=\"application\/ld+json\" class=\"yoast-schema-graph\">{\"@context\":\"https:\/\/schema.org\",\"@graph\":[{\"@type\":\"WebPage\",\"@id\":\"https:\/\/bukkigyogytea.com\/sk\/stante-sa-nasim-obchodnym-partnerom\/\",\"url\":\"https:\/\/bukkigyogytea.com\/sk\/stante-sa-nasim-obchodnym-partnerom\/\",\"name\":\"Sta\u0148te sa na\u0161im obchodn\u00fdm partnerom! &#8211; B\u00fckki Gy\u00f3gytea Web\u00e1ruh\u00e1z\",\"isPartOf\":{\"@id\":\"https:\/\/bukkigyogytea.com\/sk\/#website\"},\"datePublished\":\"2022-06-23T11:47:40+00:00\",\"dateModified\":\"2024-11-25T09:25:34+00:00\",\"breadcrumb\":{\"@id\":\"https:\/\/bukkigyogytea.com\/sk\/stante-sa-nasim-obchodnym-partnerom\/#breadcrumb\"},\"inLanguage\":\"sk-SK\",\"potentialAction\":[{\"@type\":\"ReadAction\",\"target\":[\"https:\/\/bukkigyogytea.com\/sk\/stante-sa-nasim-obchodnym-partnerom\/\"]}]},{\"@type\":\"BreadcrumbList\",\"@id\":\"https:\/\/bukkigyogytea.com\/sk\/stante-sa-nasim-obchodnym-partnerom\/#breadcrumb\",\"itemListElement\":[{\"@type\":\"ListItem\",\"position\":1,\"name\":\"Domov\",\"item\":\"https:\/\/bukkigyogytea.com\/sk\/\"},{\"@type\":\"ListItem\",\"position\":2,\"name\":\"Sta\u0148te sa na\u0161im obchodn\u00fdm partnerom!\"}]},{\"@type\":\"WebSite\",\"@id\":\"https:\/\/bukkigyogytea.com\/sk\/#website\",\"url\":\"https:\/\/bukkigyogytea.com\/sk\/\",\"name\":\"B\u00fckki Gy\u00f3gytea Web\u00e1ruh\u00e1z\",\"description\":\"Gy\u00f6rgytea hivatalos viszontelad\u00f3\",\"publisher\":{\"@id\":\"https:\/\/bukkigyogytea.com\/sk\/#organization\"},\"potentialAction\":[{\"@type\":\"SearchAction\",\"target\":{\"@type\":\"EntryPoint\",\"urlTemplate\":\"https:\/\/bukkigyogytea.com\/sk\/?s={search_term_string}\"},\"query-input\":{\"@type\":\"PropertyValueSpecification\",\"valueRequired\":true,\"valueName\":\"search_term_string\"}}],\"inLanguage\":\"sk-SK\"},{\"@type\":\"Organization\",\"@id\":\"https:\/\/bukkigyogytea.com\/sk\/#organization\",\"name\":\"B\u00fckki Gy\u00f3gytea Web\u00e1ruh\u00e1z\",\"url\":\"https:\/\/bukkigyogytea.com\/sk\/\",\"logo\":{\"@type\":\"ImageObject\",\"inLanguage\":\"sk-SK\",\"@id\":\"https:\/\/bukkigyogytea.com\/sk\/#\/schema\/logo\/image\/\",\"url\":\"https:\/\/i0.wp.com\/bukkigyogytea.com\/wp-content\/uploads\/2020\/05\/Sitelogo-1.jpg?fit=350%2C85&ssl=1\",\"contentUrl\":\"https:\/\/i0.wp.com\/bukkigyogytea.com\/wp-content\/uploads\/2020\/05\/Sitelogo-1.jpg?fit=350%2C85&ssl=1\",\"width\":350,\"height\":85,\"caption\":\"B\u00fckki Gy\u00f3gytea Web\u00e1ruh\u00e1z\"},\"image\":{\"@id\":\"https:\/\/bukkigyogytea.com\/sk\/#\/schema\/logo\/image\/\"},\"sameAs\":[\"https:\/\/www.facebook.com\/bukkigyogytea\/\"]}]}<\/script>\n<!-- \/ Yoast SEO plugin. -->","yoast_head_json":{"title":"Sta\u0148te sa na\u0161im obchodn\u00fdm partnerom! &#8211; B\u00fckki Gy\u00f3gytea Web\u00e1ruh\u00e1z","robots":{"index":"index","follow":"follow","max-snippet":"max-snippet:-1","max-image-preview":"max-image-preview:large","max-video-preview":"max-video-preview:-1"},"canonical":"https:\/\/bukkigyogytea.com\/sk\/stante-sa-nasim-obchodnym-partnerom\/","og_locale":"sk_SK","og_type":"article","og_title":"Sta\u0148te sa na\u0161im obchodn\u00fdm partnerom! &#8211; B\u00fckki Gy\u00f3gytea Web\u00e1ruh\u00e1z","og_description":"Pripojte sa k distribu\u010dnej sieti B\u00fckki Gy\u00f3gytea a pon\u00faknite svojim z\u00e1kazn\u00edkom pr\u00e9miov\u00e9 bylinn\u00e9 produkty!","og_url":"https:\/\/bukkigyogytea.com\/sk\/stante-sa-nasim-obchodnym-partnerom\/","og_site_name":"B\u00fckki Gy\u00f3gytea Web\u00e1ruh\u00e1z","article_publisher":"https:\/\/www.facebook.com\/bukkigyogytea\/","article_modified_time":"2024-11-25T09:25:34+00:00","twitter_card":"summary_large_image","twitter_misc":{"Predpokladan\u00fd \u010das \u010d\u00edtania":"2 min\u00faty"},"schema":{"@context":"https:\/\/schema.org","@graph":[{"@type":"WebPage","@id":"https:\/\/bukkigyogytea.com\/sk\/stante-sa-nasim-obchodnym-partnerom\/","url":"https:\/\/bukkigyogytea.com\/sk\/stante-sa-nasim-obchodnym-partnerom\/","name":"Sta\u0148te sa na\u0161im obchodn\u00fdm partnerom! &#8211; B\u00fckki Gy\u00f3gytea Web\u00e1ruh\u00e1z","isPartOf":{"@id":"https:\/\/bukkigyogytea.com\/sk\/#website"},"datePublished":"2022-06-23T11:47:40+00:00","dateModified":"2024-11-25T09:25:34+00:00","breadcrumb":{"@id":"https:\/\/bukkigyogytea.com\/sk\/stante-sa-nasim-obchodnym-partnerom\/#breadcrumb"},"inLanguage":"sk-SK","potentialAction":[{"@type":"ReadAction","target":["https:\/\/bukkigyogytea.com\/sk\/stante-sa-nasim-obchodnym-partnerom\/"]}]},{"@type":"BreadcrumbList","@id":"https:\/\/bukkigyogytea.com\/sk\/stante-sa-nasim-obchodnym-partnerom\/#breadcrumb","itemListElement":[{"@type":"ListItem","position":1,"name":"Domov","item":"https:\/\/bukkigyogytea.com\/sk\/"},{"@type":"ListItem","position":2,"name":"Sta\u0148te sa na\u0161im obchodn\u00fdm partnerom!"}]},{"@type":"WebSite","@id":"https:\/\/bukkigyogytea.com\/sk\/#website","url":"https:\/\/bukkigyogytea.com\/sk\/","name":"B\u00fckki Gy\u00f3gytea Web\u00e1ruh\u00e1z","description":"Gy\u00f6rgytea hivatalos viszontelad\u00f3","publisher":{"@id":"https:\/\/bukkigyogytea.com\/sk\/#organization"},"potentialAction":[{"@type":"SearchAction","target":{"@type":"EntryPoint","urlTemplate":"https:\/\/bukkigyogytea.com\/sk\/?s={search_term_string}"},"query-input":{"@type":"PropertyValueSpecification","valueRequired":true,"valueName":"search_term_string"}}],"inLanguage":"sk-SK"},{"@type":"Organization","@id":"https:\/\/bukkigyogytea.com\/sk\/#organization","name":"B\u00fckki Gy\u00f3gytea Web\u00e1ruh\u00e1z","url":"https:\/\/bukkigyogytea.com\/sk\/","logo":{"@type":"ImageObject","inLanguage":"sk-SK","@id":"https:\/\/bukkigyogytea.com\/sk\/#\/schema\/logo\/image\/","url":"https:\/\/i0.wp.com\/bukkigyogytea.com\/wp-content\/uploads\/2020\/05\/Sitelogo-1.jpg?fit=350%2C85&ssl=1","contentUrl":"https:\/\/i0.wp.com\/bukkigyogytea.com\/wp-content\/uploads\/2020\/05\/Sitelogo-1.jpg?fit=350%2C85&ssl=1","width":350,"height":85,"caption":"B\u00fckki Gy\u00f3gytea Web\u00e1ruh\u00e1z"},"image":{"@id":"https:\/\/bukkigyogytea.com\/sk\/#\/schema\/logo\/image\/"},"sameAs":["https:\/\/www.facebook.com\/bukkigyogytea\/"]}]}},"publishpress_future_workflow_manual_trigger":{"enabledWorkflows":[]},"_links":{"self":[{"href":"https:\/\/bukkigyogytea.com\/sk\/wp-json\/wp\/v2\/pages\/13532","targetHints":{"allow":["GET"]}}],"collection":[{"href":"https:\/\/bukkigyogytea.com\/sk\/wp-json\/wp\/v2\/pages"}],"about":[{"href":"https:\/\/bukkigyogytea.com\/sk\/wp-json\/wp\/v2\/types\/page"}],"author":[{"embeddable":true,"href":"https:\/\/bukkigyogytea.com\/sk\/wp-json\/wp\/v2\/users\/7"}],"replies":[{"embeddable":true,"href":"https:\/\/bukkigyogytea.com\/sk\/wp-json\/wp\/v2\/comments?post=13532"}],"version-history":[{"count":1,"href":"https:\/\/bukkigyogytea.com\/sk\/wp-json\/wp\/v2\/pages\/13532\/revisions"}],"predecessor-version":[{"id":13533,"href":"https:\/\/bukkigyogytea.com\/sk\/wp-json\/wp\/v2\/pages\/13532\/revisions\/13533"}],"wp:attachment":[{"href":"https:\/\/bukkigyogytea.com\/sk\/wp-json\/wp\/v2\/media?parent=13532"}],"curies":[{"name":"wp","href":"https:\/\/api.w.org\/{rel}","templated":true}]}}