{"id":11234,"date":"2020-09-15T12:14:59","date_gmt":"2020-09-15T10:14:59","guid":{"rendered":"https:\/\/bukkigyogytea.com\/zasady-pouzivania-suborov-cookie\/"},"modified":"2024-02-16T16:57:40","modified_gmt":"2024-02-16T15:57:40","slug":"zasady-pouzivania-suborov-cookie","status":"publish","type":"page","link":"https:\/\/bukkigyogytea.com\/sk\/zasady-pouzivania-suborov-cookie\/","title":{"rendered":"Z\u00e1sady pou\u017e\u00edvania s\u00faborov cookie"},"content":{"rendered":"\n<h2 class=\"wp-block-heading\">O z\u00e1sad\u00e1ch pou\u017e\u00edvania s\u00faborov cookie<\/h2>\n\n\n\n<p>Tieto Z\u00e1sady pou\u017e\u00edvania cookies popisuj\u00fa, \u010do s\u00fa cookies a ako ich pou\u017e\u00edvame na na\u0161ej webovej str\u00e1nke. Pre\u010d\u00edtajte si pravidl\u00e1, aby ste sa dozvedeli viac o s\u00faboroch cookie a o tom, ak\u00e9 inform\u00e1cie zhroma\u017e\u010fujeme pomocou s\u00faborov cookie a ako m\u00f4\u017eete nastavi\u0165, ktor\u00e9 s\u00fabory cookie povo\u013eujete. \u010eal\u0161ie inform\u00e1cie n\u00e1jdete na str\u00e1nke s inform\u00e1ciami o spr\u00e1ve \u00fadajov. Svoj s\u00fahlas m\u00f4\u017eete kedyko\u013evek zmeni\u0165.<\/p>\n\n\n\n<p>V\u00e1\u0161 s\u00fahlas sa vz\u0165ahuje na nasleduj\u00facu dom\u00e9nu: <a href=\"https:\/\/bukkigyogytea.com\">bukkigyogytea.com<\/a><\/p>\n\n\n<div class=\"cli_user_consent_state\">V\u00e1\u0161 aktu\u00e1lny stav: \u017diadny s\u00fahlas nebol udelen\u00fd. <a class=\"cli_manage_current_consent\" style=\"cursor:pointer;text-decoration:underline;\">Spravujte svoj s\u00fahlas.<\/a> <\/div>\n\n\n\n<div style=\"height:41px\" aria-hidden=\"true\" class=\"wp-block-spacer\"><\/div>\n\n\n\n<h2 class=\"wp-block-heading\">\u010co s\u00fa cookies?<\/h2>\n\n\n\n<p>Cookies s\u00fa mal\u00e9 textov\u00e9 s\u00fabory, ktor\u00e9 obsahuj\u00fa mal\u00e9 k\u00fasky inform\u00e1ci\u00ed. S\u00fabory cookie sa ukladaj\u00fa do v\u00e1\u0161ho zariadenia po na\u010d\u00edtan\u00ed webovej str\u00e1nky do prehliada\u010da. Tieto cookies n\u00e1m pom\u00e1haj\u00fa sfunk\u010dni\u0165 z\u00e1kladn\u00e9 funkcie webovej str\u00e1nky, zv\u00fd\u0161i\u0165 bezpe\u010dnos\u0165 prehliadania, poskytn\u00fa\u0165 lep\u0161iu pou\u017e\u00edvate\u013esk\u00fa sk\u00fasenos\u0165 a uk\u00e1za\u0165 n\u00e1m, ako webov\u00e1 str\u00e1nka funguje, a pomocou anal\u00fdz ju m\u00f4\u017eeme \u010falej vylep\u0161ova\u0165 tak, aby sl\u00fa\u017eila potreb\u00e1m na\u0161i z\u00e1kazn\u00edci e\u0161te lep\u0161ie.<\/p>\n\n\n\n<h2 class=\"wp-block-heading\">Ako pou\u017e\u00edvame s\u00fabory cookie?<\/h2>\n\n\n\n<p>Rovnako ako u v\u00e4\u010d\u0161iny poskytovate\u013eov online slu\u017eieb, na\u0161a webov\u00e1 str\u00e1nka pou\u017e\u00edva s\u00fabory cookie od prv\u00fdch a tret\u00edch str\u00e1n na r\u00f4zne \u00fa\u010dely. Cookies prvej strany s\u00fa v\u00e4\u010d\u0161inou nevyhnutn\u00e9 cookies, ktor\u00e9 podporuj\u00fa spr\u00e1vne fungovanie webovej str\u00e1nky a nezhroma\u017e\u010fuj\u00fa osobn\u00e9 \u00fadaje.<\/p>\n\n\n\n<p>S\u00fabory cookie tret\u00edch str\u00e1n sa pou\u017e\u00edvaj\u00fa najm\u00e4 na podrobnej\u0161ie \u0161t\u00fadium fungovania webovej str\u00e1nky, anal\u00fdzu spr\u00e1vania pou\u017e\u00edvate\u013eov a rozvoj internetov\u00e9ho obchodu prostredn\u00edctvom vyvodzovania z\u00e1verov. S\u00fabory cookie tret\u00edch str\u00e1n n\u00e1m pom\u00e1haj\u00fa fungova\u0165 bezpe\u010dne, poskytova\u0165 relevantnej\u0161ie reklamy a poskytova\u0165 lep\u0161iu pou\u017e\u00edvate\u013esk\u00fa sk\u00fasenos\u0165.<\/p>\n\n\n\n<h2 class=\"wp-block-heading\">Ak\u00e9 typy cookies pou\u017e\u00edvame?<\/h2>\n\n\n\n<h4 class=\"wp-block-heading\">Po\u017eadovan\u00fd:<\/h4>\n\n\n\n<p>Niektor\u00e9 s\u00fabory cookie s\u00fa potrebn\u00e9 na pou\u017e\u00edvanie v\u0161etk\u00fdch funkci\u00ed webovej str\u00e1nky. Obsahuj\u00fa rel\u00e1ciu pou\u017e\u00edvate\u013ea a vytv\u00e1raj\u00fa zabezpe\u010den\u00e9 pripojenie. Neuchov\u00e1vaj\u00fa ani nezhroma\u017e\u010fuj\u00fa osobn\u00e9 \u00fadaje.<\/p>\n\n\n\n<p>Tieto s\u00fabory cookie v\u00e1m napr\u00edklad umo\u017e\u0148uj\u00fa ponecha\u0165 si produkt v ko\u0161\u00edku a bezpe\u010dne dokon\u010di\u0165 n\u00e1kup.<\/p>\n\n\n\n<h4 class=\"wp-block-heading\">\u0160tatistick\u00e9:<\/h4>\n\n\n\n<p>Tieto s\u00fabory cookie poskytuj\u00fa inform\u00e1cie o tom, ko\u013eko pou\u017e\u00edvate\u013eov nav\u0161t\u00edvilo str\u00e1nku, ktor\u00e9 str\u00e1nky nav\u0161t\u00edvili a odkia\u013e na str\u00e1nku pri\u0161li. Pomocou t\u00fdchto s\u00faborov cookie m\u00f4\u017eeme vidie\u0165, ako webov\u00e1 str\u00e1nka funguje a kde ju mus\u00edme zlep\u0161i\u0165.<\/p>\n\n\n\n<h4 class=\"wp-block-heading\">Marketing:<\/h4>\n\n\n\n<p>Tieto cookies obsahuj\u00fa inform\u00e1cie, pomocou ktor\u00fdch m\u00f4\u017eeme zobrazova\u0165 relevantn\u00e9 reklamy na str\u00e1nkach extern\u00fdch poskytovate\u013eov reklamy (napr. Facebook, Google Ads).<\/p>\n\n\n\n<h4 class=\"wp-block-heading\">Funk\u010dn\u00e9:<\/h4>\n\n\n\n<p>Toto s\u00fa s\u00fabory cookie, ktor\u00e9 pom\u00e1haj\u00fa ur\u010dit\u00fdm nepodstatn\u00fdm funkci\u00e1m na\u0161ej webovej str\u00e1nky. Tieto funkcie zah\u0155\u0148aj\u00fa vkladanie obsahu, ako s\u00fa vide\u00e1, alebo zdie\u013eanie obsahu na webe na platform\u00e1ch soci\u00e1lnych m\u00e9di\u00ed.<\/p>\n\n\n\n<h4 class=\"wp-block-heading\">Predvo\u013eby:<\/h4>\n\n\n\n<p>Tieto s\u00fabory cookie n\u00e1m pom\u00e1haj\u00fa uklada\u0165 va\u0161e nastavenia a preferencie prehliadania, ako s\u00fa jazykov\u00e9 nastavenia, aby ste pri bud\u00facich n\u00e1v\u0161tev\u00e1ch webovej str\u00e1nky mali lep\u0161\u00ed a efekt\u00edvnej\u0161\u00ed z\u00e1\u017eitok.<\/p>\n\n\n<p>V zozname ni\u017e\u0161ie m\u00f4\u017eete vidie\u0165 v\u0161etky s\u00fabory cookie pou\u017e\u00edvan\u00e9 na na\u0161ej webovej str\u00e1nke.<\/p><table class=\"cookielawinfo-row-cat-table cookielawinfo-winter\"><thead><tr><th class=\"cookielawinfo-column-1\">Cookie<\/th><th class=\"cookielawinfo-column-2\">Typ<\/th><th class=\"cookielawinfo-column-3\">D\u013a\u017eka trvania<\/th><th class=\"cookielawinfo-column-4\">Popis<\/th><\/tr><\/thead><tbody><tr class=\"cookielawinfo-row\"><td class=\"cookielawinfo-column-1\">_fbp<\/td><td class=\"cookielawinfo-column-2\">marketing<\/td><td class=\"cookielawinfo-column-3\">2 h\u00f3nap<\/td><td class=\"cookielawinfo-column-4\">This cookie is set by Facebook to deliver advertisement when they are on Facebook or a digital platform powered by Facebook advertising after visiting this website.<\/td><\/tr><tr class=\"cookielawinfo-row\"><td class=\"cookielawinfo-column-1\">_ga<\/td><td class=\"cookielawinfo-column-2\">statisztikai<\/td><td class=\"cookielawinfo-column-3\">2 \u00e9v<\/td><td class=\"cookielawinfo-column-4\">This cookie is installed by Google Analytics. The cookie is used to calculate visitor, session, campaign data and keep track of site usage for the site's analytics report. The cookies store information anonymously and assign a randomly generated number to identify unique visitors.<\/td><\/tr><tr class=\"cookielawinfo-row\"><td class=\"cookielawinfo-column-1\">_gat<\/td><td class=\"cookielawinfo-column-2\">funkcion\u00e1lis<\/td><td class=\"cookielawinfo-column-3\">1 perc<\/td><td class=\"cookielawinfo-column-4\">This cookies is installed by Google Universal Analytics to throttle the request rate to limit the colllection of data on high traffic sites.<\/td><\/tr><tr class=\"cookielawinfo-row\"><td class=\"cookielawinfo-column-1\">_gat_gtag_UA_128771867_1<\/td><td class=\"cookielawinfo-column-2\">statisztikai<\/td><td class=\"cookielawinfo-column-3\">1 perc<\/td><td class=\"cookielawinfo-column-4\">Google uses this cookie to distinguish users.<\/td><\/tr><tr class=\"cookielawinfo-row\"><td class=\"cookielawinfo-column-1\">_gid<\/td><td class=\"cookielawinfo-column-2\">statisztikai<\/td><td class=\"cookielawinfo-column-3\">1 nap<\/td><td class=\"cookielawinfo-column-4\">This cookie is installed by Google Analytics. The cookie is used to store information of how visitors use a website and helps in creating an analytics report of how the wbsite is doing. The data collected including the number visitors, the source where they have come from, and the pages viisted in an anonymous form.<\/td><\/tr><tr class=\"cookielawinfo-row\"><td class=\"cookielawinfo-column-1\">cookielawinfo-checkbox-necessary<\/td><td class=\"cookielawinfo-column-2\">sz\u00fcks\u00e9ges<\/td><td class=\"cookielawinfo-column-3\">1 \u00e9v<\/td><td class=\"cookielawinfo-column-4\">This cookie is set by GDPR Cookie Consent plugin. The cookies is used to store the user consent for the cookies in the category \"Necessary\".<\/td><\/tr><tr class=\"cookielawinfo-row\"><td class=\"cookielawinfo-column-1\">cookielawinfo-checkbox-non-necessary<\/td><td class=\"cookielawinfo-column-2\">sz\u00fcks\u00e9ges<\/td><td class=\"cookielawinfo-column-3\">1 \u00e9v<\/td><td class=\"cookielawinfo-column-4\">This cookie is set by GDPR Cookie Consent plugin. The cookies is used to store the user consent for the cookies in the category \"Non-necessary\".<\/td><\/tr><tr class=\"cookielawinfo-row\"><td class=\"cookielawinfo-column-1\">fr<\/td><td class=\"cookielawinfo-column-2\">marketing<\/td><td class=\"cookielawinfo-column-3\">2 h\u00f3nap<\/td><td class=\"cookielawinfo-column-4\">The cookie is set by Facebook to show relevant advertisments to the users and measure and improve the advertisements. The cookie also tracks the behavior of the user across the web on sites that have Facebook pixel or Facebook social plugin.<\/td><\/tr><tr class=\"cookielawinfo-row\"><td class=\"cookielawinfo-column-1\">test_cookie<\/td><td class=\"cookielawinfo-column-2\">marketing<\/td><td class=\"cookielawinfo-column-3\">15 perc<\/td><td class=\"cookielawinfo-column-4\">This cookie is set by doubleclick.net. The purpose of the cookie is to determine if the users' browser supports cookies.<\/td><\/tr><tr class=\"cookielawinfo-row\"><td class=\"cookielawinfo-column-1\">tk_lr<\/td><td class=\"cookielawinfo-column-2\">statisztikai<\/td><td class=\"cookielawinfo-column-3\">1 \u00e9v<\/td><td class=\"cookielawinfo-column-4\">This cookie is set by JetPack plugin on sites using WooCommerce. This is a referral cookie used for analyzing referrer behavior for Jetpack<\/td><\/tr><tr class=\"cookielawinfo-row\"><td class=\"cookielawinfo-column-1\">tk_or<\/td><td class=\"cookielawinfo-column-2\">statisztikai<\/td><td class=\"cookielawinfo-column-3\">5 \u00e9v<\/td><td class=\"cookielawinfo-column-4\">This cookie is set by JetPack plugin on sites using WooCommerce. This is a referral cookie used for analyzing referrer behavior for Jetpack<\/td><\/tr><tr class=\"cookielawinfo-row\"><td class=\"cookielawinfo-column-1\">tk_r3d<\/td><td class=\"cookielawinfo-column-2\">statisztikai<\/td><td class=\"cookielawinfo-column-3\">3 nap<\/td><td class=\"cookielawinfo-column-4\">The cookie is installed by JetPack. Used for the internal metrics fo user activities to improve user experience<\/td><\/tr><tr class=\"cookielawinfo-row\"><td class=\"cookielawinfo-column-1\">wpml_browser_redirect_test<\/td><td class=\"cookielawinfo-column-2\">funkcion\u00e1lis<\/td><td class=\"cookielawinfo-column-3\"><\/td><td class=\"cookielawinfo-column-4\">This cookie is set by WPML WordPress plugin and is used to test if cookies are enabled on the browser.<\/td><\/tr><\/tbody><\/table>\n\n\n\n<p><\/p>\n\n\n\n<h4 class=\"wp-block-heading\">Ako m\u00f4\u017eem ovl\u00e1da\u0165 nastavenia s\u00faborov cookie?<\/h4>\n\n\n\n<p>Ak sa nesk\u00f4r po\u010das prehliadania rozhodnete zmeni\u0165 svoje nastavenia, kliknite na obrazovke na kartu \u201eZ\u00e1sady ochrany osobn\u00fdch \u00fadajov a s\u00faborov cookie\u201c. Potom sa v\u00e1m znova zobraz\u00ed formul\u00e1r s\u00fahlasu, ktor\u00fd v\u00e1m umo\u017en\u00ed zmeni\u0165 nastavenia alebo \u00faplne odvola\u0165 svoj s\u00fahlas.<\/p>\n\n\n\n<p>Okrem toho r\u00f4zne prehliada\u010de poskytuj\u00fa r\u00f4zne sp\u00f4soby blokovania a odstra\u0148ovania s\u00faborov cookie pou\u017e\u00edvan\u00fdch webov\u00fdmi str\u00e1nkami. M\u00f4\u017eete zmeni\u0165 nastavenia prehliada\u010da tak, aby blokoval\/vymaz\u00e1val cookies. Ak sa chcete dozvedie\u0165 viac o spr\u00e1ve a odstra\u0148ovan\u00ed s\u00faborov cookie, nav\u0161t\u00edvte str\u00e1nky wikipedia.org, www.allaboutcookies.org.<\/p>\n","protected":false},"excerpt":{"rendered":"<p>O z\u00e1sad\u00e1ch pou\u017e\u00edvania s\u00faborov cookie Tieto Z\u00e1sady pou\u017e\u00edvania cookies popisuj\u00fa, \u010do s\u00fa cookies a ako ich pou\u017e\u00edvame na na\u0161ej webovej str\u00e1nke. Pre\u010d\u00edtajte si pravidl\u00e1, aby ste sa dozvedeli viac o s\u00faboroch cookie a o tom, ak\u00e9 inform\u00e1cie zhroma\u017e\u010fujeme pomocou s\u00faborov cookie a ako m\u00f4\u017eete nastavi\u0165, ktor\u00e9 s\u00fabory cookie povo\u013eujete. \u010eal\u0161ie inform\u00e1cie n\u00e1jdete na str\u00e1nke s &#8230; <a title=\"Z\u00e1sady pou\u017e\u00edvania s\u00faborov cookie\" class=\"read-more\" href=\"https:\/\/bukkigyogytea.com\/sk\/zasady-pouzivania-suborov-cookie\/\" aria-label=\"Pre\u010d\u00edtajte si viac o Z\u00e1sady pou\u017e\u00edvania s\u00faborov cookie\">Read more<\/a><\/p>\n","protected":false},"author":7,"featured_media":0,"parent":0,"menu_order":0,"comment_status":"closed","ping_status":"closed","template":"","meta":{"_acf_changed":false,"footnotes":""},"class_list":["post-11234","page","type-page","status-publish"],"acf":[],"yoast_head":"<!-- This site is optimized with the Yoast SEO plugin v26.9 - https:\/\/yoast.com\/product\/yoast-seo-wordpress\/ -->\n<title>Z\u00e1sady pou\u017e\u00edvania s\u00faborov cookie &#8211; B\u00fckki Gy\u00f3gytea Web\u00e1ruh\u00e1z<\/title>\n<meta name=\"robots\" content=\"index, follow, max-snippet:-1, max-image-preview:large, max-video-preview:-1\" \/>\n<link rel=\"canonical\" href=\"https:\/\/bukkigyogytea.com\/sk\/zasady-pouzivania-suborov-cookie\/\" \/>\n<meta property=\"og:locale\" content=\"sk_SK\" \/>\n<meta property=\"og:type\" content=\"article\" \/>\n<meta property=\"og:title\" content=\"Z\u00e1sady pou\u017e\u00edvania s\u00faborov cookie &#8211; B\u00fckki Gy\u00f3gytea Web\u00e1ruh\u00e1z\" \/>\n<meta property=\"og:description\" content=\"O z\u00e1sad\u00e1ch pou\u017e\u00edvania s\u00faborov cookie Tieto Z\u00e1sady pou\u017e\u00edvania cookies popisuj\u00fa, \u010do s\u00fa cookies a ako ich pou\u017e\u00edvame na na\u0161ej webovej str\u00e1nke. Pre\u010d\u00edtajte si pravidl\u00e1, aby ste sa dozvedeli viac o s\u00faboroch cookie a o tom, ak\u00e9 inform\u00e1cie zhroma\u017e\u010fujeme pomocou s\u00faborov cookie a ako m\u00f4\u017eete nastavi\u0165, ktor\u00e9 s\u00fabory cookie povo\u013eujete. \u010eal\u0161ie inform\u00e1cie n\u00e1jdete na str\u00e1nke s ... Read more\" \/>\n<meta property=\"og:url\" content=\"https:\/\/bukkigyogytea.com\/sk\/zasady-pouzivania-suborov-cookie\/\" \/>\n<meta property=\"og:site_name\" content=\"B\u00fckki Gy\u00f3gytea Web\u00e1ruh\u00e1z\" \/>\n<meta property=\"article:publisher\" content=\"https:\/\/www.facebook.com\/bukkigyogytea\/\" \/>\n<meta property=\"article:modified_time\" content=\"2024-02-16T15:57:40+00:00\" \/>\n<meta name=\"twitter:card\" content=\"summary_large_image\" \/>\n<meta name=\"twitter:label1\" content=\"Predpokladan\u00fd \u010das \u010d\u00edtania\" \/>\n\t<meta name=\"twitter:data1\" content=\"3 min\u00faty\" \/>\n<script type=\"application\/ld+json\" class=\"yoast-schema-graph\">{\"@context\":\"https:\/\/schema.org\",\"@graph\":[{\"@type\":\"WebPage\",\"@id\":\"https:\/\/bukkigyogytea.com\/sk\/zasady-pouzivania-suborov-cookie\/\",\"url\":\"https:\/\/bukkigyogytea.com\/sk\/zasady-pouzivania-suborov-cookie\/\",\"name\":\"Z\u00e1sady pou\u017e\u00edvania s\u00faborov cookie &#8211; B\u00fckki Gy\u00f3gytea Web\u00e1ruh\u00e1z\",\"isPartOf\":{\"@id\":\"https:\/\/bukkigyogytea.com\/sk\/#website\"},\"datePublished\":\"2020-09-15T10:14:59+00:00\",\"dateModified\":\"2024-02-16T15:57:40+00:00\",\"breadcrumb\":{\"@id\":\"https:\/\/bukkigyogytea.com\/sk\/zasady-pouzivania-suborov-cookie\/#breadcrumb\"},\"inLanguage\":\"sk-SK\",\"potentialAction\":[{\"@type\":\"ReadAction\",\"target\":[\"https:\/\/bukkigyogytea.com\/sk\/zasady-pouzivania-suborov-cookie\/\"]}]},{\"@type\":\"BreadcrumbList\",\"@id\":\"https:\/\/bukkigyogytea.com\/sk\/zasady-pouzivania-suborov-cookie\/#breadcrumb\",\"itemListElement\":[{\"@type\":\"ListItem\",\"position\":1,\"name\":\"Domov\",\"item\":\"https:\/\/bukkigyogytea.com\/sk\/\"},{\"@type\":\"ListItem\",\"position\":2,\"name\":\"Z\u00e1sady pou\u017e\u00edvania s\u00faborov cookie\"}]},{\"@type\":\"WebSite\",\"@id\":\"https:\/\/bukkigyogytea.com\/sk\/#website\",\"url\":\"https:\/\/bukkigyogytea.com\/sk\/\",\"name\":\"B\u00fckki Gy\u00f3gytea Web\u00e1ruh\u00e1z\",\"description\":\"Gy\u00f6rgytea hivatalos viszontelad\u00f3\",\"publisher\":{\"@id\":\"https:\/\/bukkigyogytea.com\/sk\/#organization\"},\"potentialAction\":[{\"@type\":\"SearchAction\",\"target\":{\"@type\":\"EntryPoint\",\"urlTemplate\":\"https:\/\/bukkigyogytea.com\/sk\/?s={search_term_string}\"},\"query-input\":{\"@type\":\"PropertyValueSpecification\",\"valueRequired\":true,\"valueName\":\"search_term_string\"}}],\"inLanguage\":\"sk-SK\"},{\"@type\":\"Organization\",\"@id\":\"https:\/\/bukkigyogytea.com\/sk\/#organization\",\"name\":\"B\u00fckki Gy\u00f3gytea Web\u00e1ruh\u00e1z\",\"url\":\"https:\/\/bukkigyogytea.com\/sk\/\",\"logo\":{\"@type\":\"ImageObject\",\"inLanguage\":\"sk-SK\",\"@id\":\"https:\/\/bukkigyogytea.com\/sk\/#\/schema\/logo\/image\/\",\"url\":\"https:\/\/i0.wp.com\/bukkigyogytea.com\/wp-content\/uploads\/2020\/05\/Sitelogo-1.jpg?fit=350%2C85&ssl=1\",\"contentUrl\":\"https:\/\/i0.wp.com\/bukkigyogytea.com\/wp-content\/uploads\/2020\/05\/Sitelogo-1.jpg?fit=350%2C85&ssl=1\",\"width\":350,\"height\":85,\"caption\":\"B\u00fckki Gy\u00f3gytea Web\u00e1ruh\u00e1z\"},\"image\":{\"@id\":\"https:\/\/bukkigyogytea.com\/sk\/#\/schema\/logo\/image\/\"},\"sameAs\":[\"https:\/\/www.facebook.com\/bukkigyogytea\/\"]}]}<\/script>\n<!-- \/ Yoast SEO plugin. -->","yoast_head_json":{"title":"Z\u00e1sady pou\u017e\u00edvania s\u00faborov cookie &#8211; B\u00fckki Gy\u00f3gytea Web\u00e1ruh\u00e1z","robots":{"index":"index","follow":"follow","max-snippet":"max-snippet:-1","max-image-preview":"max-image-preview:large","max-video-preview":"max-video-preview:-1"},"canonical":"https:\/\/bukkigyogytea.com\/sk\/zasady-pouzivania-suborov-cookie\/","og_locale":"sk_SK","og_type":"article","og_title":"Z\u00e1sady pou\u017e\u00edvania s\u00faborov cookie &#8211; B\u00fckki Gy\u00f3gytea Web\u00e1ruh\u00e1z","og_description":"O z\u00e1sad\u00e1ch pou\u017e\u00edvania s\u00faborov cookie Tieto Z\u00e1sady pou\u017e\u00edvania cookies popisuj\u00fa, \u010do s\u00fa cookies a ako ich pou\u017e\u00edvame na na\u0161ej webovej str\u00e1nke. Pre\u010d\u00edtajte si pravidl\u00e1, aby ste sa dozvedeli viac o s\u00faboroch cookie a o tom, ak\u00e9 inform\u00e1cie zhroma\u017e\u010fujeme pomocou s\u00faborov cookie a ako m\u00f4\u017eete nastavi\u0165, ktor\u00e9 s\u00fabory cookie povo\u013eujete. \u010eal\u0161ie inform\u00e1cie n\u00e1jdete na str\u00e1nke s ... Read more","og_url":"https:\/\/bukkigyogytea.com\/sk\/zasady-pouzivania-suborov-cookie\/","og_site_name":"B\u00fckki Gy\u00f3gytea Web\u00e1ruh\u00e1z","article_publisher":"https:\/\/www.facebook.com\/bukkigyogytea\/","article_modified_time":"2024-02-16T15:57:40+00:00","twitter_card":"summary_large_image","twitter_misc":{"Predpokladan\u00fd \u010das \u010d\u00edtania":"3 min\u00faty"},"schema":{"@context":"https:\/\/schema.org","@graph":[{"@type":"WebPage","@id":"https:\/\/bukkigyogytea.com\/sk\/zasady-pouzivania-suborov-cookie\/","url":"https:\/\/bukkigyogytea.com\/sk\/zasady-pouzivania-suborov-cookie\/","name":"Z\u00e1sady pou\u017e\u00edvania s\u00faborov cookie &#8211; B\u00fckki Gy\u00f3gytea Web\u00e1ruh\u00e1z","isPartOf":{"@id":"https:\/\/bukkigyogytea.com\/sk\/#website"},"datePublished":"2020-09-15T10:14:59+00:00","dateModified":"2024-02-16T15:57:40+00:00","breadcrumb":{"@id":"https:\/\/bukkigyogytea.com\/sk\/zasady-pouzivania-suborov-cookie\/#breadcrumb"},"inLanguage":"sk-SK","potentialAction":[{"@type":"ReadAction","target":["https:\/\/bukkigyogytea.com\/sk\/zasady-pouzivania-suborov-cookie\/"]}]},{"@type":"BreadcrumbList","@id":"https:\/\/bukkigyogytea.com\/sk\/zasady-pouzivania-suborov-cookie\/#breadcrumb","itemListElement":[{"@type":"ListItem","position":1,"name":"Domov","item":"https:\/\/bukkigyogytea.com\/sk\/"},{"@type":"ListItem","position":2,"name":"Z\u00e1sady pou\u017e\u00edvania s\u00faborov cookie"}]},{"@type":"WebSite","@id":"https:\/\/bukkigyogytea.com\/sk\/#website","url":"https:\/\/bukkigyogytea.com\/sk\/","name":"B\u00fckki Gy\u00f3gytea Web\u00e1ruh\u00e1z","description":"Gy\u00f6rgytea hivatalos viszontelad\u00f3","publisher":{"@id":"https:\/\/bukkigyogytea.com\/sk\/#organization"},"potentialAction":[{"@type":"SearchAction","target":{"@type":"EntryPoint","urlTemplate":"https:\/\/bukkigyogytea.com\/sk\/?s={search_term_string}"},"query-input":{"@type":"PropertyValueSpecification","valueRequired":true,"valueName":"search_term_string"}}],"inLanguage":"sk-SK"},{"@type":"Organization","@id":"https:\/\/bukkigyogytea.com\/sk\/#organization","name":"B\u00fckki Gy\u00f3gytea Web\u00e1ruh\u00e1z","url":"https:\/\/bukkigyogytea.com\/sk\/","logo":{"@type":"ImageObject","inLanguage":"sk-SK","@id":"https:\/\/bukkigyogytea.com\/sk\/#\/schema\/logo\/image\/","url":"https:\/\/i0.wp.com\/bukkigyogytea.com\/wp-content\/uploads\/2020\/05\/Sitelogo-1.jpg?fit=350%2C85&ssl=1","contentUrl":"https:\/\/i0.wp.com\/bukkigyogytea.com\/wp-content\/uploads\/2020\/05\/Sitelogo-1.jpg?fit=350%2C85&ssl=1","width":350,"height":85,"caption":"B\u00fckki Gy\u00f3gytea Web\u00e1ruh\u00e1z"},"image":{"@id":"https:\/\/bukkigyogytea.com\/sk\/#\/schema\/logo\/image\/"},"sameAs":["https:\/\/www.facebook.com\/bukkigyogytea\/"]}]}},"publishpress_future_workflow_manual_trigger":{"enabledWorkflows":[]},"_links":{"self":[{"href":"https:\/\/bukkigyogytea.com\/sk\/wp-json\/wp\/v2\/pages\/11234","targetHints":{"allow":["GET"]}}],"collection":[{"href":"https:\/\/bukkigyogytea.com\/sk\/wp-json\/wp\/v2\/pages"}],"about":[{"href":"https:\/\/bukkigyogytea.com\/sk\/wp-json\/wp\/v2\/types\/page"}],"author":[{"embeddable":true,"href":"https:\/\/bukkigyogytea.com\/sk\/wp-json\/wp\/v2\/users\/7"}],"replies":[{"embeddable":true,"href":"https:\/\/bukkigyogytea.com\/sk\/wp-json\/wp\/v2\/comments?post=11234"}],"version-history":[{"count":0,"href":"https:\/\/bukkigyogytea.com\/sk\/wp-json\/wp\/v2\/pages\/11234\/revisions"}],"wp:attachment":[{"href":"https:\/\/bukkigyogytea.com\/sk\/wp-json\/wp\/v2\/media?parent=11234"}],"curies":[{"name":"wp","href":"https:\/\/api.w.org\/{rel}","templated":true}]}}