{"id":9779,"date":"2023-10-13T08:18:34","date_gmt":"2023-10-13T06:18:34","guid":{"rendered":"https:\/\/bukkigyogytea.com\/?post_type=product&#038;p=9779"},"modified":"2026-03-01T00:34:52","modified_gmt":"2026-02-28T23:34:52","slug":"spitzwegerich-hustensaft","status":"publish","type":"product","link":"https:\/\/bukkigyogytea.com\/de\/produkt\/spitzwegerich-hustensaft\/","title":{"rendered":"Spitzwegerich-sirup"},"content":{"rendered":"<p>Der Spitzwegerich-Extrakt kann Hals, Rachen und Stimmb\u00e4nder beruhigen und zusammen mit Vitamin C die normale Funktion des Immunsystems unterst\u00fctzen. S\u00fc\u00dfholz- und Malvenextrakt k\u00f6nnen die oberen Atemwege beruhigen und zur Reinigung der Atemwege sowie zur Linderung von Halsreizungen beitragen.<\/p>\n<h3>Zutaten<strong>:<\/strong><\/h3>\n<p>Glukose-Fruktose-Sirup, Wasser, Spitzwegerichblattextrakt, Maltodextrin (Mais), Malvenextrakt, L-Ascorbins\u00e4ure, Andornkrautextrakt, Anisextrakt, Schwarzer-Holunder-Fruchtextrakt, S\u00fc\u00dfholzextrakt, Trennmittel (Siliciumdioxid), Emulgator (Polysorbat), Pfefferminz\u00f6l<\/p>\n<h3>Verwendung:<\/h3>\n<p>Erwachsene: 3 x 15 ml t\u00e4glich<br \/>\nKinder: 3 x 5 ml t\u00e4glich<\/p>\n<h3>Kontraindikationen<strong>:<\/strong><\/h3>\n<p>Die Anwendung wird f\u00fcr Schwangere und Stillende, Personen mit Schilddr\u00fcsenunterfunktion sowie f\u00fcr Kinder unter 3 Jahren nicht empfohlen.<\/p>\n<p><strong>Warnhinweis:<\/strong><\/p>\n<p><strong>DIABETIKER SOLLTEN DEN T\u00c4GLICHEN KOHLENHYDRATGEHALT BER\u00dcCKSICHTIGEN!<\/strong><\/p>\n<p>Au\u00dferhalb der Reichweite von kleinen Kindern aufbewahren. Die empfohlene Tagesdosis nicht \u00fcberschreiten. Nahrungserg\u00e4nzungsmittel ersetzen keine ausgewogene, abwechslungsreiche Ern\u00e4hrung und eine gesunde Lebensweise. Diabetiker sollten den Kohlenhydratgehalt des Produkts ber\u00fccksichtigen.<\/p>\n<p><strong>Aktive Inhaltsstoffe<\/strong><\/p>\n<table>\n<thead>\n<tr>\n<td><strong>Wirkstoff<\/strong><\/td>\n<td><strong>Tagesdosis Kinder (3 \u00d7 5 ml)<\/strong><\/td>\n<td><strong>NRV*<\/strong><\/td>\n<td><strong>Tagesdosis Erwachsene (3 \u00d7 15 ml)<\/strong><\/td>\n<td><strong>NRV*<\/strong><\/td>\n<\/tr>\n<\/thead>\n<tbody>\n<tr>\n<td><strong>Vitamin C<\/strong><\/td>\n<td>26,7 mg<\/td>\n<td>33,30 %<\/td>\n<td>80 mg<\/td>\n<td>100 %<\/td>\n<\/tr>\n<tr>\n<td><strong>Spitzwegerichblatt-Extrakt<\/strong> (Plantaginis lanceolatae folium) (Extraktverh\u00e4ltnis 5:1)<\/td>\n<td>200 mg (entspricht 1000 mg Spitzwegerichblatt)<\/td>\n<td>\u2013%**<\/td>\n<td>600 mg (entspricht 3000 mg Spitzwegerichblatt)<\/td>\n<td>\u2013%**<\/td>\n<\/tr>\n<tr>\n<td><strong>Malvenextrakt<\/strong> (Malva sylvestris) (Extraktverh\u00e4ltnis 4:1)<\/td>\n<td>83,3 mg (entspricht 333 mg Malvenblatt)<\/td>\n<td>\u2013%**<\/td>\n<td>250 mg (entspricht 1000 mg Waldmalvenblatt)<\/td>\n<td>\u2013%**<\/td>\n<\/tr>\n<tr>\n<td><strong>Anis-Extrakt<\/strong> (Pimpinella anisum L.) (Extraktverh\u00e4ltnis 4:1)<\/td>\n<td>36,7 mg (entspricht 146,7 mg Anis)<\/td>\n<td>\u2013%**<\/td>\n<td>110 mg (entspricht 440 mg Anis)<\/td>\n<td>\u2013%**<\/td>\n<\/tr>\n<tr>\n<td><strong>Andornkraut-Extrakt<\/strong> (Marrubium vulgare L.) (Extraktverh\u00e4ltnis 5\u20137:1)<\/td>\n<td>55 mg (entspricht 275\u2013385 mg Andornkraut)<\/td>\n<td>\u2013%**<\/td>\n<td>165 mg (entspricht 825\u20131155 mg Andornkraut)<\/td>\n<td>\u2013%**<\/td>\n<\/tr>\n<tr>\n<td><strong>Schwarzer-Holunder-Fruchtextrakt<\/strong> (Sambucus nigra L.) (Extraktverh\u00e4ltnis 4:1)<\/td>\n<td>10 mg (entspricht 40 mg Holunderfrucht)<\/td>\n<td>\u2013%**<\/td>\n<td>30 mg (entspricht 120 mg Holunderfrucht)<\/td>\n<td>\u2013%**<\/td>\n<\/tr>\n<tr>\n<td><strong>S\u00fc\u00dfholz-Extrakt<\/strong> (Glycyrrhiza glabra) (Extraktverh\u00e4ltnis 10\u201315:1)<br \/>\ndavon: Glycyrrhizin<\/td>\n<td>6,7 mg (entspricht 66,7\u2013100 mg S\u00fc\u00dfholz)<br \/>\n0,33\u20130,53 mg<\/td>\n<td>\u2013%**<\/td>\n<td>20 mg (entspricht 200\u2013300 mg S\u00fc\u00dfholz)<br \/>\n1\u20131,6 mg<\/td>\n<td>\u2013%**<\/td>\n<\/tr>\n<tr>\n<td><strong>Pfefferminz\u00f6l<\/strong> (Menthae piperitae aetheroleum)<\/td>\n<td>0,9 mg<\/td>\n<td>\u2013%**<\/td>\n<td>2,7 mg<\/td>\n<td>\u2013%**<\/td>\n<\/tr>\n<\/tbody>\n<\/table>\n<p>&nbsp;<\/p>\n<p><strong>NRV<\/strong>* = N\u00e4hrstoffbezugswert f\u00fcr Erwachsene (%)<br \/>\n<strong>**<\/strong> Kein Referenzwert vorhanden<\/p>\n","protected":false},"excerpt":{"rendered":"<p><strong>Spitzwegerich-sirup \u2013 f\u00fcr die Gesundheit des Rachens<\/strong><\/p>\n<p>Fl\u00fcssiges Nahrungserg\u00e4nzungsmittel mit Extrakten aus Spitzwegerich, Wilde Malve, Anis, Andornkraut, schwarzer Holunderfrucht und S\u00fc\u00dfholz sowie Vitamin C und Pfefferminz\u00f6l.<\/p>\n","protected":false},"featured_media":17563,"comment_status":"closed","ping_status":"closed","template":"","meta":{"_acf_changed":false},"product_brand":[],"product_cat":[198],"product_tag":[],"class_list":{"0":"post-9779","1":"product","2":"type-product","3":"status-publish","4":"has-post-thumbnail","6":"product_cat-krauterextrakte","7":"sales-flash-overlay","8":"woocommerce-text-align-center","9":"woocommerce-image-align-center","10":"do-quantity-buttons","11":"wc-has-gallery","13":"first","14":"instock","15":"taxable","16":"shipping-taxable","17":"purchasable","18":"product-type-simple"},"acf":{"blog_termekleiras":""},"yoast_head":"<!-- This site is optimized with the Yoast SEO plugin v26.9 - https:\/\/yoast.com\/product\/yoast-seo-wordpress\/ -->\n<title>Spitzwegerich-sirup &#8211; B\u00fckki Gy\u00f3gytea Web\u00e1ruh\u00e1z<\/title>\n<meta name=\"description\" content=\"Fl\u00fcssiges Nahrungserg\u00e4nzungsmittel mit Extrakten aus Spitzwegerich, Wilde Malve, Anis, Andornkraut, schwarzer Holunderfrucht und S\u00fc\u00dfholz sowie Vitamin C und Pfefferminz\u00f6l.\" \/>\n<meta name=\"robots\" content=\"index, follow, max-snippet:-1, max-image-preview:large, max-video-preview:-1\" \/>\n<link rel=\"canonical\" href=\"https:\/\/bukkigyogytea.com\/de\/produkt\/spitzwegerich-hustensaft\/\" \/>\n<meta property=\"og:locale\" content=\"de_DE\" \/>\n<meta property=\"og:type\" content=\"article\" \/>\n<meta property=\"og:title\" content=\"Spitzwegerich-sirup &#8211; B\u00fckki Gy\u00f3gytea Web\u00e1ruh\u00e1z\" \/>\n<meta property=\"og:description\" content=\"Fl\u00fcssiges Nahrungserg\u00e4nzungsmittel mit Extrakten aus Spitzwegerich, Wilde Malve, Anis, Andornkraut, schwarzer Holunderfrucht und S\u00fc\u00dfholz sowie Vitamin C und Pfefferminz\u00f6l.\" \/>\n<meta property=\"og:url\" content=\"https:\/\/bukkigyogytea.com\/de\/produkt\/spitzwegerich-hustensaft\/\" \/>\n<meta property=\"og:site_name\" content=\"B\u00fckki Gy\u00f3gytea Web\u00e1ruh\u00e1z\" \/>\n<meta property=\"article:publisher\" content=\"https:\/\/www.facebook.com\/bukkigyogytea\/\" \/>\n<meta property=\"article:modified_time\" content=\"2026-02-28T23:34:52+00:00\" \/>\n<meta property=\"og:image\" content=\"https:\/\/bukkigyogytea.com\/wp-content\/uploads\/2023\/10\/landzsas-utifu-HU-1.png\" \/>\n<meta name=\"twitter:card\" content=\"summary_large_image\" \/>\n<meta name=\"twitter:label1\" content=\"Gesch\u00e4tzte Lesezeit\" \/>\n\t<meta name=\"twitter:data1\" content=\"2\u00a0Minuten\" \/>\n<script type=\"application\/ld+json\" class=\"yoast-schema-graph\">{\"@context\":\"https:\/\/schema.org\",\"@graph\":[{\"@type\":\"WebPage\",\"@id\":\"https:\/\/bukkigyogytea.com\/de\/produkt\/spitzwegerich-hustensaft\/\",\"url\":\"https:\/\/bukkigyogytea.com\/de\/produkt\/spitzwegerich-hustensaft\/\",\"name\":\"Spitzwegerich-sirup &#8211; B\u00fckki Gy\u00f3gytea Web\u00e1ruh\u00e1z\",\"isPartOf\":{\"@id\":\"https:\/\/bukkigyogytea.com\/de\/#website\"},\"primaryImageOfPage\":{\"@id\":\"https:\/\/bukkigyogytea.com\/de\/produkt\/spitzwegerich-hustensaft\/#primaryimage\"},\"image\":{\"@id\":\"https:\/\/bukkigyogytea.com\/de\/produkt\/spitzwegerich-hustensaft\/#primaryimage\"},\"thumbnailUrl\":\"https:\/\/bukkigyogytea.com\/wp-content\/uploads\/2023\/10\/Landzsas_utifu_szirup.png\",\"datePublished\":\"2023-10-13T06:18:34+00:00\",\"dateModified\":\"2026-02-28T23:34:52+00:00\",\"description\":\"Fl\u00fcssiges Nahrungserg\u00e4nzungsmittel mit Extrakten aus Spitzwegerich, Wilde Malve, Anis, Andornkraut, schwarzer Holunderfrucht und S\u00fc\u00dfholz sowie Vitamin C und Pfefferminz\u00f6l.\",\"breadcrumb\":{\"@id\":\"https:\/\/bukkigyogytea.com\/de\/produkt\/spitzwegerich-hustensaft\/#breadcrumb\"},\"inLanguage\":\"de\",\"potentialAction\":[{\"@type\":\"ReadAction\",\"target\":[\"https:\/\/bukkigyogytea.com\/de\/produkt\/spitzwegerich-hustensaft\/\"]}]},{\"@type\":\"ImageObject\",\"inLanguage\":\"de\",\"@id\":\"https:\/\/bukkigyogytea.com\/de\/produkt\/spitzwegerich-hustensaft\/#primaryimage\",\"url\":\"https:\/\/bukkigyogytea.com\/wp-content\/uploads\/2023\/10\/Landzsas_utifu_szirup.png\",\"contentUrl\":\"https:\/\/bukkigyogytea.com\/wp-content\/uploads\/2023\/10\/Landzsas_utifu_szirup.png\",\"width\":800,\"height\":800},{\"@type\":\"BreadcrumbList\",\"@id\":\"https:\/\/bukkigyogytea.com\/de\/produkt\/spitzwegerich-hustensaft\/#breadcrumb\",\"itemListElement\":[{\"@type\":\"ListItem\",\"position\":1,\"name\":\"Home\",\"item\":\"https:\/\/bukkigyogytea.com\/de\/\"},{\"@type\":\"ListItem\",\"position\":2,\"name\":\"Produkte\",\"item\":\"https:\/\/bukkigyogytea.com\/de\/shop\/\"},{\"@type\":\"ListItem\",\"position\":3,\"name\":\"Kr\u00e4uterextrakte\",\"item\":\"https:\/\/bukkigyogytea.com\/de\/Produktkategorie\/krauterextrakte\/\"},{\"@type\":\"ListItem\",\"position\":4,\"name\":\"Spitzwegerich-sirup\"}]},{\"@type\":\"WebSite\",\"@id\":\"https:\/\/bukkigyogytea.com\/de\/#website\",\"url\":\"https:\/\/bukkigyogytea.com\/de\/\",\"name\":\"B\u00fckki Gy\u00f3gytea Web\u00e1ruh\u00e1z\",\"description\":\"Gy\u00f6rgytea hivatalos viszontelad\u00f3\",\"publisher\":{\"@id\":\"https:\/\/bukkigyogytea.com\/de\/#organization\"},\"potentialAction\":[{\"@type\":\"SearchAction\",\"target\":{\"@type\":\"EntryPoint\",\"urlTemplate\":\"https:\/\/bukkigyogytea.com\/de\/?s={search_term_string}\"},\"query-input\":{\"@type\":\"PropertyValueSpecification\",\"valueRequired\":true,\"valueName\":\"search_term_string\"}}],\"inLanguage\":\"de\"},{\"@type\":\"Organization\",\"@id\":\"https:\/\/bukkigyogytea.com\/de\/#organization\",\"name\":\"B\u00fckki Gy\u00f3gytea Web\u00e1ruh\u00e1z\",\"url\":\"https:\/\/bukkigyogytea.com\/de\/\",\"logo\":{\"@type\":\"ImageObject\",\"inLanguage\":\"de\",\"@id\":\"https:\/\/bukkigyogytea.com\/de\/#\/schema\/logo\/image\/\",\"url\":\"https:\/\/i0.wp.com\/bukkigyogytea.com\/wp-content\/uploads\/2020\/05\/Sitelogo-1.jpg?fit=350%2C85&ssl=1\",\"contentUrl\":\"https:\/\/i0.wp.com\/bukkigyogytea.com\/wp-content\/uploads\/2020\/05\/Sitelogo-1.jpg?fit=350%2C85&ssl=1\",\"width\":350,\"height\":85,\"caption\":\"B\u00fckki Gy\u00f3gytea Web\u00e1ruh\u00e1z\"},\"image\":{\"@id\":\"https:\/\/bukkigyogytea.com\/de\/#\/schema\/logo\/image\/\"},\"sameAs\":[\"https:\/\/www.facebook.com\/bukkigyogytea\/\"]}]}<\/script>\n<!-- \/ Yoast SEO plugin. -->","yoast_head_json":{"title":"Spitzwegerich-sirup &#8211; B\u00fckki Gy\u00f3gytea Web\u00e1ruh\u00e1z","description":"Fl\u00fcssiges Nahrungserg\u00e4nzungsmittel mit Extrakten aus Spitzwegerich, Wilde Malve, Anis, Andornkraut, schwarzer Holunderfrucht und S\u00fc\u00dfholz sowie Vitamin C und Pfefferminz\u00f6l.","robots":{"index":"index","follow":"follow","max-snippet":"max-snippet:-1","max-image-preview":"max-image-preview:large","max-video-preview":"max-video-preview:-1"},"canonical":"https:\/\/bukkigyogytea.com\/de\/produkt\/spitzwegerich-hustensaft\/","og_locale":"de_DE","og_type":"article","og_title":"Spitzwegerich-sirup &#8211; B\u00fckki Gy\u00f3gytea Web\u00e1ruh\u00e1z","og_description":"Fl\u00fcssiges Nahrungserg\u00e4nzungsmittel mit Extrakten aus Spitzwegerich, Wilde Malve, Anis, Andornkraut, schwarzer Holunderfrucht und S\u00fc\u00dfholz sowie Vitamin C und Pfefferminz\u00f6l.","og_url":"https:\/\/bukkigyogytea.com\/de\/produkt\/spitzwegerich-hustensaft\/","og_site_name":"B\u00fckki Gy\u00f3gytea Web\u00e1ruh\u00e1z","article_publisher":"https:\/\/www.facebook.com\/bukkigyogytea\/","article_modified_time":"2026-02-28T23:34:52+00:00","og_image":[{"url":"https:\/\/bukkigyogytea.com\/wp-content\/uploads\/2023\/10\/landzsas-utifu-HU-1.png","type":"","width":"","height":""}],"twitter_card":"summary_large_image","twitter_misc":{"Gesch\u00e4tzte Lesezeit":"2\u00a0Minuten"},"schema":{"@context":"https:\/\/schema.org","@graph":[{"@type":"WebPage","@id":"https:\/\/bukkigyogytea.com\/de\/produkt\/spitzwegerich-hustensaft\/","url":"https:\/\/bukkigyogytea.com\/de\/produkt\/spitzwegerich-hustensaft\/","name":"Spitzwegerich-sirup &#8211; B\u00fckki Gy\u00f3gytea Web\u00e1ruh\u00e1z","isPartOf":{"@id":"https:\/\/bukkigyogytea.com\/de\/#website"},"primaryImageOfPage":{"@id":"https:\/\/bukkigyogytea.com\/de\/produkt\/spitzwegerich-hustensaft\/#primaryimage"},"image":{"@id":"https:\/\/bukkigyogytea.com\/de\/produkt\/spitzwegerich-hustensaft\/#primaryimage"},"thumbnailUrl":"https:\/\/bukkigyogytea.com\/wp-content\/uploads\/2023\/10\/Landzsas_utifu_szirup.png","datePublished":"2023-10-13T06:18:34+00:00","dateModified":"2026-02-28T23:34:52+00:00","description":"Fl\u00fcssiges Nahrungserg\u00e4nzungsmittel mit Extrakten aus Spitzwegerich, Wilde Malve, Anis, Andornkraut, schwarzer Holunderfrucht und S\u00fc\u00dfholz sowie Vitamin C und Pfefferminz\u00f6l.","breadcrumb":{"@id":"https:\/\/bukkigyogytea.com\/de\/produkt\/spitzwegerich-hustensaft\/#breadcrumb"},"inLanguage":"de","potentialAction":[{"@type":"ReadAction","target":["https:\/\/bukkigyogytea.com\/de\/produkt\/spitzwegerich-hustensaft\/"]}]},{"@type":"ImageObject","inLanguage":"de","@id":"https:\/\/bukkigyogytea.com\/de\/produkt\/spitzwegerich-hustensaft\/#primaryimage","url":"https:\/\/bukkigyogytea.com\/wp-content\/uploads\/2023\/10\/Landzsas_utifu_szirup.png","contentUrl":"https:\/\/bukkigyogytea.com\/wp-content\/uploads\/2023\/10\/Landzsas_utifu_szirup.png","width":800,"height":800},{"@type":"BreadcrumbList","@id":"https:\/\/bukkigyogytea.com\/de\/produkt\/spitzwegerich-hustensaft\/#breadcrumb","itemListElement":[{"@type":"ListItem","position":1,"name":"Home","item":"https:\/\/bukkigyogytea.com\/de\/"},{"@type":"ListItem","position":2,"name":"Produkte","item":"https:\/\/bukkigyogytea.com\/de\/shop\/"},{"@type":"ListItem","position":3,"name":"Kr\u00e4uterextrakte","item":"https:\/\/bukkigyogytea.com\/de\/Produktkategorie\/krauterextrakte\/"},{"@type":"ListItem","position":4,"name":"Spitzwegerich-sirup"}]},{"@type":"WebSite","@id":"https:\/\/bukkigyogytea.com\/de\/#website","url":"https:\/\/bukkigyogytea.com\/de\/","name":"B\u00fckki Gy\u00f3gytea Web\u00e1ruh\u00e1z","description":"Gy\u00f6rgytea hivatalos viszontelad\u00f3","publisher":{"@id":"https:\/\/bukkigyogytea.com\/de\/#organization"},"potentialAction":[{"@type":"SearchAction","target":{"@type":"EntryPoint","urlTemplate":"https:\/\/bukkigyogytea.com\/de\/?s={search_term_string}"},"query-input":{"@type":"PropertyValueSpecification","valueRequired":true,"valueName":"search_term_string"}}],"inLanguage":"de"},{"@type":"Organization","@id":"https:\/\/bukkigyogytea.com\/de\/#organization","name":"B\u00fckki Gy\u00f3gytea Web\u00e1ruh\u00e1z","url":"https:\/\/bukkigyogytea.com\/de\/","logo":{"@type":"ImageObject","inLanguage":"de","@id":"https:\/\/bukkigyogytea.com\/de\/#\/schema\/logo\/image\/","url":"https:\/\/i0.wp.com\/bukkigyogytea.com\/wp-content\/uploads\/2020\/05\/Sitelogo-1.jpg?fit=350%2C85&ssl=1","contentUrl":"https:\/\/i0.wp.com\/bukkigyogytea.com\/wp-content\/uploads\/2020\/05\/Sitelogo-1.jpg?fit=350%2C85&ssl=1","width":350,"height":85,"caption":"B\u00fckki Gy\u00f3gytea Web\u00e1ruh\u00e1z"},"image":{"@id":"https:\/\/bukkigyogytea.com\/de\/#\/schema\/logo\/image\/"},"sameAs":["https:\/\/www.facebook.com\/bukkigyogytea\/"]}]}},"publishpress_future_action":{"enabled":false,"date":"2026-05-05 22:55:00","action":"change-status","newStatus":"draft","terms":[],"taxonomy":"product_type","extraData":[]},"publishpress_future_workflow_manual_trigger":{"enabledWorkflows":[]},"_links":{"self":[{"href":"https:\/\/bukkigyogytea.com\/de\/wp-json\/wp\/v2\/product\/9779","targetHints":{"allow":["GET"]}}],"collection":[{"href":"https:\/\/bukkigyogytea.com\/de\/wp-json\/wp\/v2\/product"}],"about":[{"href":"https:\/\/bukkigyogytea.com\/de\/wp-json\/wp\/v2\/types\/product"}],"replies":[{"embeddable":true,"href":"https:\/\/bukkigyogytea.com\/de\/wp-json\/wp\/v2\/comments?post=9779"}],"wp:featuredmedia":[{"embeddable":true,"href":"https:\/\/bukkigyogytea.com\/de\/wp-json\/wp\/v2\/media\/17563"}],"wp:attachment":[{"href":"https:\/\/bukkigyogytea.com\/de\/wp-json\/wp\/v2\/media?parent=9779"}],"wp:term":[{"taxonomy":"product_brand","embeddable":true,"href":"https:\/\/bukkigyogytea.com\/de\/wp-json\/wp\/v2\/product_brand?post=9779"},{"taxonomy":"product_cat","embeddable":true,"href":"https:\/\/bukkigyogytea.com\/de\/wp-json\/wp\/v2\/product_cat?post=9779"},{"taxonomy":"product_tag","embeddable":true,"href":"https:\/\/bukkigyogytea.com\/de\/wp-json\/wp\/v2\/product_tag?post=9779"}],"curies":[{"name":"wp","href":"https:\/\/api.w.org\/{rel}","templated":true}]}}