{"id":9702,"date":"2023-10-02T00:05:12","date_gmt":"2023-10-01T22:05:12","guid":{"rendered":"https:\/\/bukkigyogytea.com\/?post_type=product&p=9702"},"modified":"2024-05-01T01:02:38","modified_gmt":"2024-04-30T23:02:38","slug":"weise-taubnessel-teemischung-entsauerungstee-50-g","status":"publish","type":"product","link":"https:\/\/bukkigyogytea.com\/de\/produkt\/weise-taubnessel-teemischung-entsauerungstee-50-g\/","title":{"rendered":"Wei\u00dfe Taubnessel Teemischung (Ents\u00e4uerungstee) &#8211; 50 g"},"content":{"rendered":"<p class=\"p1\"><b>Zutaten:<\/b><\/p>\n<p class=\"p1\">Kamillenbl\u00fcte, wei\u00dfe Akazienbl\u00fcte, wei\u00dfe Taubnessel<b> <\/b>(15 %), Brennnesselblatt, Spitzwegerich, Salbeiblatt<\/p>\n<p class=\"p1\"><b>Verwendung:<\/b><\/p>\n<p class=\"p1\">Vor den Mahlzeiten ohne Zusatz von S\u00fc\u00dfungsmittel verzehren.<\/p>\n<p class=\"p1\">Es kann kontinuierlich drei Tassen pro Woche getrunken werden, bis die gew\u00fcnschte Wirkung eintritt.<\/p>\n<p class=\"p1\"><b>Kontraindikation:<\/b><\/p>\n<p class=\"p1\">Es wird w\u00e4hrend der Schwangerschaft, Stillzeit und bei Kindern unter 18 Jahren nicht empfohlen.<\/p>\n<p class=\"p1\"><b>Vorbereitung:<\/b><\/p>\n<p class=\"p1\">Einen gestrichenen Essl\u00f6ffel (3 g) mit 2,5 dl hei\u00dfem Wasser \u00fcbergie\u00dfen, nach 15 Minuten filtern. Verwenden Sie keinen Metallfilter.<\/p>\n<p class=\"p1\"><b>Lagerung:<\/b><\/p>\n<p class=\"p1\">Nach dem \u00d6ffnen verschlossen, trocken und k\u00fchl (bei Zimmertemperatur) lagern. Das Produkt sollte au\u00dferhalb der Reichweite von Kleinkindern aufbewahrt werden!<\/p>\n<p class=\"p1\"><b>Vertrieb:<\/b> Webbio s. r. o.<br \/>\nN\u00e1m. Ml\u00e1de\u017ee 1240\/3 932 01 Ve\u013ek\u00fd Meder<\/p>\n","protected":false},"excerpt":{"rendered":"<p>A Feh\u00e9r \u00e1rvacsal\u00e1nos teakever\u00e9k (L\u00fagos\u00edt\u00f3 tea) seg\u00edthet a helyes sav-b\u00e1zis egyens\u00faly el\u00e9r\u00e9s\u00e9ben \u00e9s megtart\u00e1s\u00e1ban.<\/p>\n","protected":false},"featured_media":9696,"comment_status":"closed","ping_status":"closed","template":"","meta":{"_acf_changed":false},"product_brand":[],"product_cat":[196],"product_tag":[],"class_list":{"0":"post-9702","1":"product","2":"type-product","3":"status-publish","4":"has-post-thumbnail","6":"product_cat-teemischungen","7":"sales-flash-overlay","8":"woocommerce-text-align-center","9":"woocommerce-image-align-center","10":"do-quantity-buttons","12":"first","13":"instock","14":"taxable","15":"shipping-taxable","16":"purchasable","17":"product-type-simple"},"acf":{"blog_termekleiras":""},"yoast_head":"<!-- This site is optimized with the Yoast SEO plugin v26.9 - https:\/\/yoast.com\/product\/yoast-seo-wordpress\/ -->\n<title>Wei\u00dfe Taubnessel Teemischung (Ents\u00e4uerungstee) - 50 g &#8211; B\u00fckki Gy\u00f3gytea Web\u00e1ruh\u00e1z<\/title>\n<meta name=\"robots\" content=\"index, follow, max-snippet:-1, max-image-preview:large, max-video-preview:-1\" \/>\n<link rel=\"canonical\" href=\"https:\/\/bukkigyogytea.com\/de\/produkt\/weise-taubnessel-teemischung-entsauerungstee-50-g\/\" \/>\n<meta property=\"og:locale\" content=\"de_DE\" \/>\n<meta property=\"og:type\" content=\"article\" \/>\n<meta property=\"og:title\" content=\"Wei\u00dfe Taubnessel Teemischung (Ents\u00e4uerungstee) - 50 g &#8211; B\u00fckki Gy\u00f3gytea Web\u00e1ruh\u00e1z\" \/>\n<meta property=\"og:description\" content=\"A Feh\u00e9r \u00e1rvacsal\u00e1nos teakever\u00e9k (L\u00fagos\u00edt\u00f3 tea) seg\u00edthet a helyes sav-b\u00e1zis egyens\u00faly el\u00e9r\u00e9s\u00e9ben \u00e9s megtart\u00e1s\u00e1ban.\" \/>\n<meta property=\"og:url\" content=\"https:\/\/bukkigyogytea.com\/de\/produkt\/weise-taubnessel-teemischung-entsauerungstee-50-g\/\" \/>\n<meta property=\"og:site_name\" content=\"B\u00fckki Gy\u00f3gytea Web\u00e1ruh\u00e1z\" \/>\n<meta property=\"article:publisher\" content=\"https:\/\/www.facebook.com\/bukkigyogytea\/\" \/>\n<meta property=\"article:modified_time\" content=\"2024-04-30T23:02:38+00:00\" \/>\n<meta property=\"og:image\" content=\"https:\/\/bukkigyogytea.com\/wp-content\/uploads\/2023\/10\/Feher-arvacsalanos.jpg\" \/>\n<meta name=\"twitter:card\" content=\"summary_large_image\" \/>\n<meta name=\"twitter:label1\" content=\"Gesch\u00e4tzte Lesezeit\" \/>\n\t<meta name=\"twitter:data1\" content=\"1\u00a0Minute\" \/>\n<script type=\"application\/ld+json\" class=\"yoast-schema-graph\">{\"@context\":\"https:\/\/schema.org\",\"@graph\":[{\"@type\":\"WebPage\",\"@id\":\"https:\/\/bukkigyogytea.com\/de\/produkt\/weise-taubnessel-teemischung-entsauerungstee-50-g\/\",\"url\":\"https:\/\/bukkigyogytea.com\/de\/produkt\/weise-taubnessel-teemischung-entsauerungstee-50-g\/\",\"name\":\"Wei\u00dfe Taubnessel Teemischung (Ents\u00e4uerungstee) - 50 g &#8211; B\u00fckki Gy\u00f3gytea Web\u00e1ruh\u00e1z\",\"isPartOf\":{\"@id\":\"https:\/\/bukkigyogytea.com\/de\/#website\"},\"primaryImageOfPage\":{\"@id\":\"https:\/\/bukkigyogytea.com\/de\/produkt\/weise-taubnessel-teemischung-entsauerungstee-50-g\/#primaryimage\"},\"image\":{\"@id\":\"https:\/\/bukkigyogytea.com\/de\/produkt\/weise-taubnessel-teemischung-entsauerungstee-50-g\/#primaryimage\"},\"thumbnailUrl\":\"https:\/\/bukkigyogytea.com\/wp-content\/uploads\/2023\/10\/feher_arvacsalanos_100g_bal_550x550.webp\",\"datePublished\":\"2023-10-01T22:05:12+00:00\",\"dateModified\":\"2024-04-30T23:02:38+00:00\",\"breadcrumb\":{\"@id\":\"https:\/\/bukkigyogytea.com\/de\/produkt\/weise-taubnessel-teemischung-entsauerungstee-50-g\/#breadcrumb\"},\"inLanguage\":\"de\",\"potentialAction\":[{\"@type\":\"ReadAction\",\"target\":[\"https:\/\/bukkigyogytea.com\/de\/produkt\/weise-taubnessel-teemischung-entsauerungstee-50-g\/\"]}]},{\"@type\":\"ImageObject\",\"inLanguage\":\"de\",\"@id\":\"https:\/\/bukkigyogytea.com\/de\/produkt\/weise-taubnessel-teemischung-entsauerungstee-50-g\/#primaryimage\",\"url\":\"https:\/\/bukkigyogytea.com\/wp-content\/uploads\/2023\/10\/feher_arvacsalanos_100g_bal_550x550.webp\",\"contentUrl\":\"https:\/\/bukkigyogytea.com\/wp-content\/uploads\/2023\/10\/feher_arvacsalanos_100g_bal_550x550.webp\",\"width\":550,\"height\":550,\"caption\":\"Feh\u00e9r \u00e1rvacsal\u00e1nos teakever\u00e9k 100 g\"},{\"@type\":\"BreadcrumbList\",\"@id\":\"https:\/\/bukkigyogytea.com\/de\/produkt\/weise-taubnessel-teemischung-entsauerungstee-50-g\/#breadcrumb\",\"itemListElement\":[{\"@type\":\"ListItem\",\"position\":1,\"name\":\"Home\",\"item\":\"https:\/\/bukkigyogytea.com\/de\/\"},{\"@type\":\"ListItem\",\"position\":2,\"name\":\"Produkte\",\"item\":\"https:\/\/bukkigyogytea.com\/de\/shop\/\"},{\"@type\":\"ListItem\",\"position\":3,\"name\":\"Teemischungen\",\"item\":\"https:\/\/bukkigyogytea.com\/de\/Produktkategorie\/teemischungen\/\"},{\"@type\":\"ListItem\",\"position\":4,\"name\":\"Wei\u00dfe Taubnessel Teemischung (Ents\u00e4uerungstee) &#8211; 50 g\"}]},{\"@type\":\"WebSite\",\"@id\":\"https:\/\/bukkigyogytea.com\/de\/#website\",\"url\":\"https:\/\/bukkigyogytea.com\/de\/\",\"name\":\"B\u00fckki Gy\u00f3gytea Web\u00e1ruh\u00e1z\",\"description\":\"Gy\u00f6rgytea hivatalos viszontelad\u00f3\",\"publisher\":{\"@id\":\"https:\/\/bukkigyogytea.com\/de\/#organization\"},\"potentialAction\":[{\"@type\":\"SearchAction\",\"target\":{\"@type\":\"EntryPoint\",\"urlTemplate\":\"https:\/\/bukkigyogytea.com\/de\/?s={search_term_string}\"},\"query-input\":{\"@type\":\"PropertyValueSpecification\",\"valueRequired\":true,\"valueName\":\"search_term_string\"}}],\"inLanguage\":\"de\"},{\"@type\":\"Organization\",\"@id\":\"https:\/\/bukkigyogytea.com\/de\/#organization\",\"name\":\"B\u00fckki Gy\u00f3gytea Web\u00e1ruh\u00e1z\",\"url\":\"https:\/\/bukkigyogytea.com\/de\/\",\"logo\":{\"@type\":\"ImageObject\",\"inLanguage\":\"de\",\"@id\":\"https:\/\/bukkigyogytea.com\/de\/#\/schema\/logo\/image\/\",\"url\":\"https:\/\/i0.wp.com\/bukkigyogytea.com\/wp-content\/uploads\/2020\/05\/Sitelogo-1.jpg?fit=350%2C85&ssl=1\",\"contentUrl\":\"https:\/\/i0.wp.com\/bukkigyogytea.com\/wp-content\/uploads\/2020\/05\/Sitelogo-1.jpg?fit=350%2C85&ssl=1\",\"width\":350,\"height\":85,\"caption\":\"B\u00fckki Gy\u00f3gytea Web\u00e1ruh\u00e1z\"},\"image\":{\"@id\":\"https:\/\/bukkigyogytea.com\/de\/#\/schema\/logo\/image\/\"},\"sameAs\":[\"https:\/\/www.facebook.com\/bukkigyogytea\/\"]}]}<\/script>\n<!-- \/ Yoast SEO plugin. -->","yoast_head_json":{"title":"Wei\u00dfe Taubnessel Teemischung (Ents\u00e4uerungstee) - 50 g &#8211; B\u00fckki Gy\u00f3gytea Web\u00e1ruh\u00e1z","robots":{"index":"index","follow":"follow","max-snippet":"max-snippet:-1","max-image-preview":"max-image-preview:large","max-video-preview":"max-video-preview:-1"},"canonical":"https:\/\/bukkigyogytea.com\/de\/produkt\/weise-taubnessel-teemischung-entsauerungstee-50-g\/","og_locale":"de_DE","og_type":"article","og_title":"Wei\u00dfe Taubnessel Teemischung (Ents\u00e4uerungstee) - 50 g &#8211; B\u00fckki Gy\u00f3gytea Web\u00e1ruh\u00e1z","og_description":"A Feh\u00e9r \u00e1rvacsal\u00e1nos teakever\u00e9k (L\u00fagos\u00edt\u00f3 tea) seg\u00edthet a helyes sav-b\u00e1zis egyens\u00faly el\u00e9r\u00e9s\u00e9ben \u00e9s megtart\u00e1s\u00e1ban.","og_url":"https:\/\/bukkigyogytea.com\/de\/produkt\/weise-taubnessel-teemischung-entsauerungstee-50-g\/","og_site_name":"B\u00fckki Gy\u00f3gytea Web\u00e1ruh\u00e1z","article_publisher":"https:\/\/www.facebook.com\/bukkigyogytea\/","article_modified_time":"2024-04-30T23:02:38+00:00","og_image":[{"url":"https:\/\/bukkigyogytea.com\/wp-content\/uploads\/2023\/10\/Feher-arvacsalanos.jpg","type":"","width":"","height":""}],"twitter_card":"summary_large_image","twitter_misc":{"Gesch\u00e4tzte Lesezeit":"1\u00a0Minute"},"schema":{"@context":"https:\/\/schema.org","@graph":[{"@type":"WebPage","@id":"https:\/\/bukkigyogytea.com\/de\/produkt\/weise-taubnessel-teemischung-entsauerungstee-50-g\/","url":"https:\/\/bukkigyogytea.com\/de\/produkt\/weise-taubnessel-teemischung-entsauerungstee-50-g\/","name":"Wei\u00dfe Taubnessel Teemischung (Ents\u00e4uerungstee) - 50 g &#8211; B\u00fckki Gy\u00f3gytea Web\u00e1ruh\u00e1z","isPartOf":{"@id":"https:\/\/bukkigyogytea.com\/de\/#website"},"primaryImageOfPage":{"@id":"https:\/\/bukkigyogytea.com\/de\/produkt\/weise-taubnessel-teemischung-entsauerungstee-50-g\/#primaryimage"},"image":{"@id":"https:\/\/bukkigyogytea.com\/de\/produkt\/weise-taubnessel-teemischung-entsauerungstee-50-g\/#primaryimage"},"thumbnailUrl":"https:\/\/bukkigyogytea.com\/wp-content\/uploads\/2023\/10\/feher_arvacsalanos_100g_bal_550x550.webp","datePublished":"2023-10-01T22:05:12+00:00","dateModified":"2024-04-30T23:02:38+00:00","breadcrumb":{"@id":"https:\/\/bukkigyogytea.com\/de\/produkt\/weise-taubnessel-teemischung-entsauerungstee-50-g\/#breadcrumb"},"inLanguage":"de","potentialAction":[{"@type":"ReadAction","target":["https:\/\/bukkigyogytea.com\/de\/produkt\/weise-taubnessel-teemischung-entsauerungstee-50-g\/"]}]},{"@type":"ImageObject","inLanguage":"de","@id":"https:\/\/bukkigyogytea.com\/de\/produkt\/weise-taubnessel-teemischung-entsauerungstee-50-g\/#primaryimage","url":"https:\/\/bukkigyogytea.com\/wp-content\/uploads\/2023\/10\/feher_arvacsalanos_100g_bal_550x550.webp","contentUrl":"https:\/\/bukkigyogytea.com\/wp-content\/uploads\/2023\/10\/feher_arvacsalanos_100g_bal_550x550.webp","width":550,"height":550,"caption":"Feh\u00e9r \u00e1rvacsal\u00e1nos teakever\u00e9k 100 g"},{"@type":"BreadcrumbList","@id":"https:\/\/bukkigyogytea.com\/de\/produkt\/weise-taubnessel-teemischung-entsauerungstee-50-g\/#breadcrumb","itemListElement":[{"@type":"ListItem","position":1,"name":"Home","item":"https:\/\/bukkigyogytea.com\/de\/"},{"@type":"ListItem","position":2,"name":"Produkte","item":"https:\/\/bukkigyogytea.com\/de\/shop\/"},{"@type":"ListItem","position":3,"name":"Teemischungen","item":"https:\/\/bukkigyogytea.com\/de\/Produktkategorie\/teemischungen\/"},{"@type":"ListItem","position":4,"name":"Wei\u00dfe Taubnessel Teemischung (Ents\u00e4uerungstee) &#8211; 50 g"}]},{"@type":"WebSite","@id":"https:\/\/bukkigyogytea.com\/de\/#website","url":"https:\/\/bukkigyogytea.com\/de\/","name":"B\u00fckki Gy\u00f3gytea Web\u00e1ruh\u00e1z","description":"Gy\u00f6rgytea hivatalos viszontelad\u00f3","publisher":{"@id":"https:\/\/bukkigyogytea.com\/de\/#organization"},"potentialAction":[{"@type":"SearchAction","target":{"@type":"EntryPoint","urlTemplate":"https:\/\/bukkigyogytea.com\/de\/?s={search_term_string}"},"query-input":{"@type":"PropertyValueSpecification","valueRequired":true,"valueName":"search_term_string"}}],"inLanguage":"de"},{"@type":"Organization","@id":"https:\/\/bukkigyogytea.com\/de\/#organization","name":"B\u00fckki Gy\u00f3gytea Web\u00e1ruh\u00e1z","url":"https:\/\/bukkigyogytea.com\/de\/","logo":{"@type":"ImageObject","inLanguage":"de","@id":"https:\/\/bukkigyogytea.com\/de\/#\/schema\/logo\/image\/","url":"https:\/\/i0.wp.com\/bukkigyogytea.com\/wp-content\/uploads\/2020\/05\/Sitelogo-1.jpg?fit=350%2C85&ssl=1","contentUrl":"https:\/\/i0.wp.com\/bukkigyogytea.com\/wp-content\/uploads\/2020\/05\/Sitelogo-1.jpg?fit=350%2C85&ssl=1","width":350,"height":85,"caption":"B\u00fckki Gy\u00f3gytea Web\u00e1ruh\u00e1z"},"image":{"@id":"https:\/\/bukkigyogytea.com\/de\/#\/schema\/logo\/image\/"},"sameAs":["https:\/\/www.facebook.com\/bukkigyogytea\/"]}]}},"publishpress_future_action":{"enabled":false,"date":"2026-04-30 22:55:00","action":"change-status","newStatus":"draft","terms":[],"taxonomy":"product_type","extraData":[]},"publishpress_future_workflow_manual_trigger":{"enabledWorkflows":[]},"_links":{"self":[{"href":"https:\/\/bukkigyogytea.com\/de\/wp-json\/wp\/v2\/product\/9702","targetHints":{"allow":["GET"]}}],"collection":[{"href":"https:\/\/bukkigyogytea.com\/de\/wp-json\/wp\/v2\/product"}],"about":[{"href":"https:\/\/bukkigyogytea.com\/de\/wp-json\/wp\/v2\/types\/product"}],"replies":[{"embeddable":true,"href":"https:\/\/bukkigyogytea.com\/de\/wp-json\/wp\/v2\/comments?post=9702"}],"wp:featuredmedia":[{"embeddable":true,"href":"https:\/\/bukkigyogytea.com\/de\/wp-json\/wp\/v2\/media\/9696"}],"wp:attachment":[{"href":"https:\/\/bukkigyogytea.com\/de\/wp-json\/wp\/v2\/media?parent=9702"}],"wp:term":[{"taxonomy":"product_brand","embeddable":true,"href":"https:\/\/bukkigyogytea.com\/de\/wp-json\/wp\/v2\/product_brand?post=9702"},{"taxonomy":"product_cat","embeddable":true,"href":"https:\/\/bukkigyogytea.com\/de\/wp-json\/wp\/v2\/product_cat?post=9702"},{"taxonomy":"product_tag","embeddable":true,"href":"https:\/\/bukkigyogytea.com\/de\/wp-json\/wp\/v2\/product_tag?post=9702"}],"curies":[{"name":"wp","href":"https:\/\/api.w.org\/{rel}","templated":true}]}}