{"id":9459,"date":"2023-08-03T09:20:19","date_gmt":"2023-08-03T07:20:19","guid":{"rendered":"https:\/\/bukkigyogytea.com\/termek\/handcreme-mit-salbei\/"},"modified":"2025-09-26T00:02:03","modified_gmt":"2025-09-25T22:02:03","slug":"handcreme-mit-salbei","status":"publish","type":"product","link":"https:\/\/bukkigyogytea.com\/de\/produkt\/handcreme-mit-salbei\/","title":{"rendered":"Handcreme mit Salbei"},"content":{"rendered":"<p><strong>Naturkosmetik mit <em>Naturix-Zertifikat<\/em><\/strong><\/p>\n<p><strong>Zutaten:<\/strong><\/p>\n<p>Aqua, Glycerin, Polyglyceryl-3 Dicitrate\/Stearate, Alcohol, Isopropylalcohol, Salvia Officinalis Flower Extract, Salvia Sclarea Flower Extract, Salvia Sclarea Oil, Salvia Officinalis Oil, Sodium Acrylates\/Beheneth-25 Methacrylate Crosspolymer and Hydrogenated Polydecene and Lauryl Glucoside, Butyrospermum Parkii Butter, Cetyl Alcohol, Phenoyethanol and Ethylhexylglycerin, Glycyrrhiza Glabra Root Extract, Canola Oil and Calendula Officinalis Flower Extract, Olea Europaea Oil<\/p>\n<p><strong>Anwendungsgebiete:<\/strong><\/p>\n<p>Die Creme enth\u00e4lt Sheabutter, Oliven\u00f6l, Ringelblumen\u00f6l und Glycerin, die die Haut mit Feuchtigkeit versorgen und weich machen. \u00d6le und Extrakte aus Muskatellersalbei und Muskatellersalbei wirken beruhigend, S\u00fc\u00dfholzextrakt wirkt entz\u00fcndungshemmend.<\/p>\n<p><strong>Anwendung:<\/strong><\/p>\n<p>Massieren Sie die Creme 2-3 mal t\u00e4glich sanft in die Haut Ihrer H\u00e4nde ein.<\/p>\n<p><strong>Lagerung:<\/strong><\/p>\n<p>Bei Raumtemperatur und au\u00dferhalb der Reichweite von Kindern aufbewahren.<\/p>\n","protected":false},"excerpt":{"rendered":"<p>Ein Wunder der Natur in Ihren H\u00e4nden! Wir pr\u00e4sentieren Ihnen eine Handcreme, die die Haut intensiv mit Feuchtigkeit versorgt, ihr Geschmeidigkeit verleiht und gleichzeitig beruhigend und entz\u00fcndungshemmend wirkt.<\/p>\n<p>Naturkosmetik mit Naturix-Zertifikat<\/p>\n","protected":false},"featured_media":9444,"comment_status":"closed","ping_status":"closed","template":"","meta":{"_acf_changed":false},"product_brand":[],"product_cat":[246],"product_tag":[],"class_list":{"0":"post-9459","1":"product","2":"type-product","3":"status-publish","4":"has-post-thumbnail","6":"product_cat-salben-und-cremes","7":"sales-flash-overlay","8":"woocommerce-text-align-center","9":"woocommerce-image-align-center","10":"do-quantity-buttons","12":"first","13":"instock","14":"taxable","15":"shipping-taxable","16":"purchasable","17":"product-type-simple"},"acf":{"blog_termekleiras":""},"yoast_head":"<!-- This site is optimized with the Yoast SEO plugin v26.9 - https:\/\/yoast.com\/product\/yoast-seo-wordpress\/ -->\n<title>Handcreme mit Salbei &#8211; B\u00fckki Gy\u00f3gytea Web\u00e1ruh\u00e1z<\/title>\n<meta name=\"robots\" content=\"index, follow, max-snippet:-1, max-image-preview:large, max-video-preview:-1\" \/>\n<link rel=\"canonical\" href=\"https:\/\/bukkigyogytea.com\/de\/produkt\/handcreme-mit-salbei\/\" \/>\n<meta property=\"og:locale\" content=\"de_DE\" \/>\n<meta property=\"og:type\" content=\"article\" \/>\n<meta property=\"og:title\" content=\"Handcreme mit Salbei &#8211; B\u00fckki Gy\u00f3gytea Web\u00e1ruh\u00e1z\" \/>\n<meta property=\"og:description\" content=\"Ein Wunder der Natur in Ihren H\u00e4nden! Wir pr\u00e4sentieren Ihnen eine Handcreme, die die Haut intensiv mit Feuchtigkeit versorgt, ihr Geschmeidigkeit verleiht und gleichzeitig beruhigend und entz\u00fcndungshemmend wirkt.  Naturkosmetik mit Naturix-Zertifikat\" \/>\n<meta property=\"og:url\" content=\"https:\/\/bukkigyogytea.com\/de\/produkt\/handcreme-mit-salbei\/\" \/>\n<meta property=\"og:site_name\" content=\"B\u00fckki Gy\u00f3gytea Web\u00e1ruh\u00e1z\" \/>\n<meta property=\"article:publisher\" content=\"https:\/\/www.facebook.com\/bukkigyogytea\/\" \/>\n<meta property=\"article:modified_time\" content=\"2025-09-25T22:02:03+00:00\" \/>\n<meta property=\"og:image\" content=\"https:\/\/bukkigyogytea.com\/wp-content\/uploads\/2023\/08\/Zsalyas-kezkrem-OG.jpg\" \/>\n<meta name=\"twitter:card\" content=\"summary_large_image\" \/>\n<meta name=\"twitter:label1\" content=\"Gesch\u00e4tzte Lesezeit\" \/>\n\t<meta name=\"twitter:data1\" content=\"1\u00a0Minute\" \/>\n<script type=\"application\/ld+json\" class=\"yoast-schema-graph\">{\"@context\":\"https:\/\/schema.org\",\"@graph\":[{\"@type\":\"WebPage\",\"@id\":\"https:\/\/bukkigyogytea.com\/de\/produkt\/handcreme-mit-salbei\/\",\"url\":\"https:\/\/bukkigyogytea.com\/de\/produkt\/handcreme-mit-salbei\/\",\"name\":\"Handcreme mit Salbei &#8211; B\u00fckki Gy\u00f3gytea Web\u00e1ruh\u00e1z\",\"isPartOf\":{\"@id\":\"https:\/\/bukkigyogytea.com\/de\/#website\"},\"primaryImageOfPage\":{\"@id\":\"https:\/\/bukkigyogytea.com\/de\/produkt\/handcreme-mit-salbei\/#primaryimage\"},\"image\":{\"@id\":\"https:\/\/bukkigyogytea.com\/de\/produkt\/handcreme-mit-salbei\/#primaryimage\"},\"thumbnailUrl\":\"https:\/\/bukkigyogytea.com\/wp-content\/uploads\/2023\/08\/zsalyas_tervlatvany__550x550.png\",\"datePublished\":\"2023-08-03T07:20:19+00:00\",\"dateModified\":\"2025-09-25T22:02:03+00:00\",\"breadcrumb\":{\"@id\":\"https:\/\/bukkigyogytea.com\/de\/produkt\/handcreme-mit-salbei\/#breadcrumb\"},\"inLanguage\":\"de\",\"potentialAction\":[{\"@type\":\"ReadAction\",\"target\":[\"https:\/\/bukkigyogytea.com\/de\/produkt\/handcreme-mit-salbei\/\"]}]},{\"@type\":\"ImageObject\",\"inLanguage\":\"de\",\"@id\":\"https:\/\/bukkigyogytea.com\/de\/produkt\/handcreme-mit-salbei\/#primaryimage\",\"url\":\"https:\/\/bukkigyogytea.com\/wp-content\/uploads\/2023\/08\/zsalyas_tervlatvany__550x550.png\",\"contentUrl\":\"https:\/\/bukkigyogytea.com\/wp-content\/uploads\/2023\/08\/zsalyas_tervlatvany__550x550.png\",\"width\":550,\"height\":550,\"caption\":\"Zs\u00e1ly\u00e1s k\u00e9z\u00e1pol\u00f3 kr\u00e9m 100 ml\"},{\"@type\":\"BreadcrumbList\",\"@id\":\"https:\/\/bukkigyogytea.com\/de\/produkt\/handcreme-mit-salbei\/#breadcrumb\",\"itemListElement\":[{\"@type\":\"ListItem\",\"position\":1,\"name\":\"Home\",\"item\":\"https:\/\/bukkigyogytea.com\/de\/\"},{\"@type\":\"ListItem\",\"position\":2,\"name\":\"Produkte\",\"item\":\"https:\/\/bukkigyogytea.com\/de\/shop\/\"},{\"@type\":\"ListItem\",\"position\":3,\"name\":\"Salben und Cremes\",\"item\":\"https:\/\/bukkigyogytea.com\/de\/Produktkategorie\/salben-und-cremes\/\"},{\"@type\":\"ListItem\",\"position\":4,\"name\":\"Handcreme mit Salbei\"}]},{\"@type\":\"WebSite\",\"@id\":\"https:\/\/bukkigyogytea.com\/de\/#website\",\"url\":\"https:\/\/bukkigyogytea.com\/de\/\",\"name\":\"B\u00fckki Gy\u00f3gytea Web\u00e1ruh\u00e1z\",\"description\":\"Gy\u00f6rgytea hivatalos viszontelad\u00f3\",\"publisher\":{\"@id\":\"https:\/\/bukkigyogytea.com\/de\/#organization\"},\"potentialAction\":[{\"@type\":\"SearchAction\",\"target\":{\"@type\":\"EntryPoint\",\"urlTemplate\":\"https:\/\/bukkigyogytea.com\/de\/?s={search_term_string}\"},\"query-input\":{\"@type\":\"PropertyValueSpecification\",\"valueRequired\":true,\"valueName\":\"search_term_string\"}}],\"inLanguage\":\"de\"},{\"@type\":\"Organization\",\"@id\":\"https:\/\/bukkigyogytea.com\/de\/#organization\",\"name\":\"B\u00fckki Gy\u00f3gytea Web\u00e1ruh\u00e1z\",\"url\":\"https:\/\/bukkigyogytea.com\/de\/\",\"logo\":{\"@type\":\"ImageObject\",\"inLanguage\":\"de\",\"@id\":\"https:\/\/bukkigyogytea.com\/de\/#\/schema\/logo\/image\/\",\"url\":\"https:\/\/i0.wp.com\/bukkigyogytea.com\/wp-content\/uploads\/2020\/05\/Sitelogo-1.jpg?fit=350%2C85&ssl=1\",\"contentUrl\":\"https:\/\/i0.wp.com\/bukkigyogytea.com\/wp-content\/uploads\/2020\/05\/Sitelogo-1.jpg?fit=350%2C85&ssl=1\",\"width\":350,\"height\":85,\"caption\":\"B\u00fckki Gy\u00f3gytea Web\u00e1ruh\u00e1z\"},\"image\":{\"@id\":\"https:\/\/bukkigyogytea.com\/de\/#\/schema\/logo\/image\/\"},\"sameAs\":[\"https:\/\/www.facebook.com\/bukkigyogytea\/\"]}]}<\/script>\n<!-- \/ Yoast SEO plugin. -->","yoast_head_json":{"title":"Handcreme mit Salbei &#8211; B\u00fckki Gy\u00f3gytea Web\u00e1ruh\u00e1z","robots":{"index":"index","follow":"follow","max-snippet":"max-snippet:-1","max-image-preview":"max-image-preview:large","max-video-preview":"max-video-preview:-1"},"canonical":"https:\/\/bukkigyogytea.com\/de\/produkt\/handcreme-mit-salbei\/","og_locale":"de_DE","og_type":"article","og_title":"Handcreme mit Salbei &#8211; B\u00fckki Gy\u00f3gytea Web\u00e1ruh\u00e1z","og_description":"Ein Wunder der Natur in Ihren H\u00e4nden! Wir pr\u00e4sentieren Ihnen eine Handcreme, die die Haut intensiv mit Feuchtigkeit versorgt, ihr Geschmeidigkeit verleiht und gleichzeitig beruhigend und entz\u00fcndungshemmend wirkt.  Naturkosmetik mit Naturix-Zertifikat","og_url":"https:\/\/bukkigyogytea.com\/de\/produkt\/handcreme-mit-salbei\/","og_site_name":"B\u00fckki Gy\u00f3gytea Web\u00e1ruh\u00e1z","article_publisher":"https:\/\/www.facebook.com\/bukkigyogytea\/","article_modified_time":"2025-09-25T22:02:03+00:00","og_image":[{"url":"https:\/\/bukkigyogytea.com\/wp-content\/uploads\/2023\/08\/Zsalyas-kezkrem-OG.jpg","type":"","width":"","height":""}],"twitter_card":"summary_large_image","twitter_misc":{"Gesch\u00e4tzte Lesezeit":"1\u00a0Minute"},"schema":{"@context":"https:\/\/schema.org","@graph":[{"@type":"WebPage","@id":"https:\/\/bukkigyogytea.com\/de\/produkt\/handcreme-mit-salbei\/","url":"https:\/\/bukkigyogytea.com\/de\/produkt\/handcreme-mit-salbei\/","name":"Handcreme mit Salbei &#8211; B\u00fckki Gy\u00f3gytea Web\u00e1ruh\u00e1z","isPartOf":{"@id":"https:\/\/bukkigyogytea.com\/de\/#website"},"primaryImageOfPage":{"@id":"https:\/\/bukkigyogytea.com\/de\/produkt\/handcreme-mit-salbei\/#primaryimage"},"image":{"@id":"https:\/\/bukkigyogytea.com\/de\/produkt\/handcreme-mit-salbei\/#primaryimage"},"thumbnailUrl":"https:\/\/bukkigyogytea.com\/wp-content\/uploads\/2023\/08\/zsalyas_tervlatvany__550x550.png","datePublished":"2023-08-03T07:20:19+00:00","dateModified":"2025-09-25T22:02:03+00:00","breadcrumb":{"@id":"https:\/\/bukkigyogytea.com\/de\/produkt\/handcreme-mit-salbei\/#breadcrumb"},"inLanguage":"de","potentialAction":[{"@type":"ReadAction","target":["https:\/\/bukkigyogytea.com\/de\/produkt\/handcreme-mit-salbei\/"]}]},{"@type":"ImageObject","inLanguage":"de","@id":"https:\/\/bukkigyogytea.com\/de\/produkt\/handcreme-mit-salbei\/#primaryimage","url":"https:\/\/bukkigyogytea.com\/wp-content\/uploads\/2023\/08\/zsalyas_tervlatvany__550x550.png","contentUrl":"https:\/\/bukkigyogytea.com\/wp-content\/uploads\/2023\/08\/zsalyas_tervlatvany__550x550.png","width":550,"height":550,"caption":"Zs\u00e1ly\u00e1s k\u00e9z\u00e1pol\u00f3 kr\u00e9m 100 ml"},{"@type":"BreadcrumbList","@id":"https:\/\/bukkigyogytea.com\/de\/produkt\/handcreme-mit-salbei\/#breadcrumb","itemListElement":[{"@type":"ListItem","position":1,"name":"Home","item":"https:\/\/bukkigyogytea.com\/de\/"},{"@type":"ListItem","position":2,"name":"Produkte","item":"https:\/\/bukkigyogytea.com\/de\/shop\/"},{"@type":"ListItem","position":3,"name":"Salben und Cremes","item":"https:\/\/bukkigyogytea.com\/de\/Produktkategorie\/salben-und-cremes\/"},{"@type":"ListItem","position":4,"name":"Handcreme mit Salbei"}]},{"@type":"WebSite","@id":"https:\/\/bukkigyogytea.com\/de\/#website","url":"https:\/\/bukkigyogytea.com\/de\/","name":"B\u00fckki Gy\u00f3gytea Web\u00e1ruh\u00e1z","description":"Gy\u00f6rgytea hivatalos viszontelad\u00f3","publisher":{"@id":"https:\/\/bukkigyogytea.com\/de\/#organization"},"potentialAction":[{"@type":"SearchAction","target":{"@type":"EntryPoint","urlTemplate":"https:\/\/bukkigyogytea.com\/de\/?s={search_term_string}"},"query-input":{"@type":"PropertyValueSpecification","valueRequired":true,"valueName":"search_term_string"}}],"inLanguage":"de"},{"@type":"Organization","@id":"https:\/\/bukkigyogytea.com\/de\/#organization","name":"B\u00fckki Gy\u00f3gytea Web\u00e1ruh\u00e1z","url":"https:\/\/bukkigyogytea.com\/de\/","logo":{"@type":"ImageObject","inLanguage":"de","@id":"https:\/\/bukkigyogytea.com\/de\/#\/schema\/logo\/image\/","url":"https:\/\/i0.wp.com\/bukkigyogytea.com\/wp-content\/uploads\/2020\/05\/Sitelogo-1.jpg?fit=350%2C85&ssl=1","contentUrl":"https:\/\/i0.wp.com\/bukkigyogytea.com\/wp-content\/uploads\/2020\/05\/Sitelogo-1.jpg?fit=350%2C85&ssl=1","width":350,"height":85,"caption":"B\u00fckki Gy\u00f3gytea Web\u00e1ruh\u00e1z"},"image":{"@id":"https:\/\/bukkigyogytea.com\/de\/#\/schema\/logo\/image\/"},"sameAs":["https:\/\/www.facebook.com\/bukkigyogytea\/"]}]}},"publishpress_future_action":{"enabled":false,"date":"2026-04-16 22:55:00","action":"change-status","newStatus":"draft","terms":[],"taxonomy":"product_type","extraData":[]},"publishpress_future_workflow_manual_trigger":{"enabledWorkflows":[]},"_links":{"self":[{"href":"https:\/\/bukkigyogytea.com\/de\/wp-json\/wp\/v2\/product\/9459","targetHints":{"allow":["GET"]}}],"collection":[{"href":"https:\/\/bukkigyogytea.com\/de\/wp-json\/wp\/v2\/product"}],"about":[{"href":"https:\/\/bukkigyogytea.com\/de\/wp-json\/wp\/v2\/types\/product"}],"replies":[{"embeddable":true,"href":"https:\/\/bukkigyogytea.com\/de\/wp-json\/wp\/v2\/comments?post=9459"}],"wp:featuredmedia":[{"embeddable":true,"href":"https:\/\/bukkigyogytea.com\/de\/wp-json\/wp\/v2\/media\/9444"}],"wp:attachment":[{"href":"https:\/\/bukkigyogytea.com\/de\/wp-json\/wp\/v2\/media?parent=9459"}],"wp:term":[{"taxonomy":"product_brand","embeddable":true,"href":"https:\/\/bukkigyogytea.com\/de\/wp-json\/wp\/v2\/product_brand?post=9459"},{"taxonomy":"product_cat","embeddable":true,"href":"https:\/\/bukkigyogytea.com\/de\/wp-json\/wp\/v2\/product_cat?post=9459"},{"taxonomy":"product_tag","embeddable":true,"href":"https:\/\/bukkigyogytea.com\/de\/wp-json\/wp\/v2\/product_tag?post=9459"}],"curies":[{"name":"wp","href":"https:\/\/api.w.org\/{rel}","templated":true}]}}