{"id":6474,"date":"2022-02-16T00:30:17","date_gmt":"2022-02-15T23:30:17","guid":{"rendered":"https:\/\/bukkigyogytea.com\/?post_type=product&#038;p=6474"},"modified":"2024-02-20T15:42:09","modified_gmt":"2024-02-20T14:42:09","slug":"schilddrusen-paket","status":"publish","type":"product","link":"https:\/\/bukkigyogytea.com\/de\/produkt\/schilddrusen-paket\/","title":{"rendered":"Schilddr\u00fcsen-Paket"},"content":{"rendered":"<p>Dieses Paket beinhaltet eine Heilkr\u00e4uterteemischung und einen alkoholischen Extrakt, die zur normalen Schilddr\u00fcsenfunktion beitragen. Dieses Paket reicht f\u00fcr eine 28-t\u00e4gige Kur aus und kann gegen die Schilddr\u00fcsenunterfunktion oder -\u00fcberfunktion sowie gegen die Schilddr\u00fcsenvergr\u00f6\u00dferung geeignet sein.<\/p>\n<p><strong>Inhalt:<\/strong><\/p>\n<ul>\n<li>Gemeines Labkraut Teemischung (Schilddr\u00fcsentee) \u2013 100g<\/li>\n<li>Alkoholische Extrakt aus Zitronengras 50 ml<\/li>\n<\/ul>\n<p><strong>Konsumieren<\/strong><\/p>\n<p>Das Nippen einer Tasse Teemischung aus Gemeinem Labkraut im Laufe der Tag und 20 Tropfen alkoholischer Extrakt aus Zitronenmelisse am Abend nach einer Mahlzeit ist empfohlen. Den Tee m\u00f6glichst nicht aromatisiert konsumieren. Die Dauer der Kur ist 4 Wochen.<\/p>\n<p><strong>Gegenenzeigen<\/strong><\/p>\n<p>Die Kur ist w\u00e4hrend der Schwangerschaft, Stillzeit sowie f\u00fcr Kinder unter 18 Jahren nicht empfohlen.<\/p>\n<p><strong>Lagerung<\/strong><\/p>\n<p>Nach \u00d6ffnen au\u00dfer Reichweite von Kindern an einem trockenen und k\u00fchlen Ort verschlossen lagern.<\/p>\n","protected":false},"excerpt":{"rendered":"<p>Dieses Paket beinhaltet eine Heilkr\u00e4uterteemischung und einen alkoholischen Extrakt, die zur normalen Schilddr\u00fcsenfunktion beitragen. Dieses Paket reicht f\u00fcr eine 28-t\u00e4gige Kur aus und kann gegen die Schilddr\u00fcsenunterfunktion oder -\u00fcberfunktion sowie gegen die Schilddr\u00fcsenvergr\u00f6\u00dferung geeignet sein.<\/p>\n<p><strong>Inhalt:<\/strong><\/p>\n<ul>\n<li>Gemeines Labkraut Teemischung (Schilddr\u00fcsentee) \u2013 100g<\/li>\n<li>Alkoholische Extrakt aus Zitronengras 50 ml<\/li>\n<\/ul>\n","protected":false},"featured_media":6480,"comment_status":"closed","ping_status":"closed","template":"","meta":{"_acf_changed":false},"product_brand":[],"product_cat":[205],"product_tag":[],"class_list":{"0":"post-6474","1":"product","2":"type-product","3":"status-publish","4":"has-post-thumbnail","6":"product_cat-gebuendelte-angebote","7":"sales-flash-overlay","8":"woocommerce-text-align-center","9":"woocommerce-image-align-center","10":"do-quantity-buttons","12":"first","13":"instock","14":"sale","15":"downloadable","16":"taxable","17":"shipping-taxable","18":"purchasable","19":"product-type-simple"},"acf":{"blog_termekleiras":""},"yoast_head":"<!-- This site is optimized with the Yoast SEO plugin v26.9 - https:\/\/yoast.com\/product\/yoast-seo-wordpress\/ -->\n<title>Schilddr\u00fcsen-Paket &#8211; B\u00fckki Gy\u00f3gytea Web\u00e1ruh\u00e1z<\/title>\n<meta name=\"robots\" content=\"index, follow, max-snippet:-1, max-image-preview:large, max-video-preview:-1\" \/>\n<link rel=\"canonical\" href=\"https:\/\/bukkigyogytea.com\/de\/produkt\/schilddrusen-paket\/\" \/>\n<meta property=\"og:locale\" content=\"de_DE\" \/>\n<meta property=\"og:type\" content=\"article\" \/>\n<meta property=\"og:title\" content=\"Schilddr\u00fcsen-Paket &#8211; B\u00fckki Gy\u00f3gytea Web\u00e1ruh\u00e1z\" \/>\n<meta property=\"og:description\" content=\"Dieses Paket beinhaltet eine Heilkr\u00e4uterteemischung und einen alkoholischen Extrakt, die zur normalen Schilddr\u00fcsenfunktion beitragen. Dieses Paket reicht f\u00fcr eine 28-t\u00e4gige Kur aus und kann gegen die Schilddr\u00fcsenunterfunktion oder -\u00fcberfunktion sowie gegen die Schilddr\u00fcsenvergr\u00f6\u00dferung geeignet sein.  Inhalt:   Gemeines Labkraut Teemischung (Schilddr\u00fcsentee) \u2013 100g  Alkoholische Extrakt aus Zitronengras 50 ml\" \/>\n<meta property=\"og:url\" content=\"https:\/\/bukkigyogytea.com\/de\/produkt\/schilddrusen-paket\/\" \/>\n<meta property=\"og:site_name\" content=\"B\u00fckki Gy\u00f3gytea Web\u00e1ruh\u00e1z\" \/>\n<meta property=\"article:publisher\" content=\"https:\/\/www.facebook.com\/bukkigyogytea\/\" \/>\n<meta property=\"article:modified_time\" content=\"2024-02-20T14:42:09+00:00\" \/>\n<meta property=\"og:image\" content=\"https:\/\/bukkigyogytea.com\/wp-content\/uploads\/2022\/02\/SL-slider-Facebook-Hirdetes-1.jpeg\" \/>\n\t<meta property=\"og:image:width\" content=\"1200\" \/>\n\t<meta property=\"og:image:height\" content=\"628\" \/>\n\t<meta property=\"og:image:type\" content=\"image\/jpeg\" \/>\n<meta name=\"twitter:card\" content=\"summary_large_image\" \/>\n<meta name=\"twitter:label1\" content=\"Gesch\u00e4tzte Lesezeit\" \/>\n\t<meta name=\"twitter:data1\" content=\"1\u00a0Minute\" \/>\n<script type=\"application\/ld+json\" class=\"yoast-schema-graph\">{\"@context\":\"https:\/\/schema.org\",\"@graph\":[{\"@type\":\"WebPage\",\"@id\":\"https:\/\/bukkigyogytea.com\/de\/produkt\/schilddrusen-paket\/\",\"url\":\"https:\/\/bukkigyogytea.com\/de\/produkt\/schilddrusen-paket\/\",\"name\":\"Schilddr\u00fcsen-Paket &#8211; B\u00fckki Gy\u00f3gytea Web\u00e1ruh\u00e1z\",\"isPartOf\":{\"@id\":\"https:\/\/bukkigyogytea.com\/de\/#website\"},\"primaryImageOfPage\":{\"@id\":\"https:\/\/bukkigyogytea.com\/de\/produkt\/schilddrusen-paket\/#primaryimage\"},\"image\":{\"@id\":\"https:\/\/bukkigyogytea.com\/de\/produkt\/schilddrusen-paket\/#primaryimage\"},\"thumbnailUrl\":\"https:\/\/bukkigyogytea.com\/wp-content\/uploads\/2022\/02\/pajzsmirigy-csomag.png\",\"datePublished\":\"2022-02-15T23:30:17+00:00\",\"dateModified\":\"2024-02-20T14:42:09+00:00\",\"breadcrumb\":{\"@id\":\"https:\/\/bukkigyogytea.com\/de\/produkt\/schilddrusen-paket\/#breadcrumb\"},\"inLanguage\":\"de\",\"potentialAction\":[{\"@type\":\"ReadAction\",\"target\":[\"https:\/\/bukkigyogytea.com\/de\/produkt\/schilddrusen-paket\/\"]}]},{\"@type\":\"ImageObject\",\"inLanguage\":\"de\",\"@id\":\"https:\/\/bukkigyogytea.com\/de\/produkt\/schilddrusen-paket\/#primaryimage\",\"url\":\"https:\/\/bukkigyogytea.com\/wp-content\/uploads\/2022\/02\/pajzsmirigy-csomag.png\",\"contentUrl\":\"https:\/\/bukkigyogytea.com\/wp-content\/uploads\/2022\/02\/pajzsmirigy-csomag.png\",\"width\":600,\"height\":600,\"caption\":\"Schilddr\u00fcsen-Paket\"},{\"@type\":\"BreadcrumbList\",\"@id\":\"https:\/\/bukkigyogytea.com\/de\/produkt\/schilddrusen-paket\/#breadcrumb\",\"itemListElement\":[{\"@type\":\"ListItem\",\"position\":1,\"name\":\"Home\",\"item\":\"https:\/\/bukkigyogytea.com\/de\/\"},{\"@type\":\"ListItem\",\"position\":2,\"name\":\"Produkte\",\"item\":\"https:\/\/bukkigyogytea.com\/de\/shop\/\"},{\"@type\":\"ListItem\",\"position\":3,\"name\":\"Geb\u00fcndelte Angebote\",\"item\":\"https:\/\/bukkigyogytea.com\/de\/Produktkategorie\/gebuendelte-angebote\/\"},{\"@type\":\"ListItem\",\"position\":4,\"name\":\"Schilddr\u00fcsen-Paket\"}]},{\"@type\":\"WebSite\",\"@id\":\"https:\/\/bukkigyogytea.com\/de\/#website\",\"url\":\"https:\/\/bukkigyogytea.com\/de\/\",\"name\":\"B\u00fckki Gy\u00f3gytea Web\u00e1ruh\u00e1z\",\"description\":\"Gy\u00f6rgytea hivatalos viszontelad\u00f3\",\"publisher\":{\"@id\":\"https:\/\/bukkigyogytea.com\/de\/#organization\"},\"potentialAction\":[{\"@type\":\"SearchAction\",\"target\":{\"@type\":\"EntryPoint\",\"urlTemplate\":\"https:\/\/bukkigyogytea.com\/de\/?s={search_term_string}\"},\"query-input\":{\"@type\":\"PropertyValueSpecification\",\"valueRequired\":true,\"valueName\":\"search_term_string\"}}],\"inLanguage\":\"de\"},{\"@type\":\"Organization\",\"@id\":\"https:\/\/bukkigyogytea.com\/de\/#organization\",\"name\":\"B\u00fckki Gy\u00f3gytea Web\u00e1ruh\u00e1z\",\"url\":\"https:\/\/bukkigyogytea.com\/de\/\",\"logo\":{\"@type\":\"ImageObject\",\"inLanguage\":\"de\",\"@id\":\"https:\/\/bukkigyogytea.com\/de\/#\/schema\/logo\/image\/\",\"url\":\"https:\/\/i0.wp.com\/bukkigyogytea.com\/wp-content\/uploads\/2020\/05\/Sitelogo-1.jpg?fit=350%2C85&ssl=1\",\"contentUrl\":\"https:\/\/i0.wp.com\/bukkigyogytea.com\/wp-content\/uploads\/2020\/05\/Sitelogo-1.jpg?fit=350%2C85&ssl=1\",\"width\":350,\"height\":85,\"caption\":\"B\u00fckki Gy\u00f3gytea Web\u00e1ruh\u00e1z\"},\"image\":{\"@id\":\"https:\/\/bukkigyogytea.com\/de\/#\/schema\/logo\/image\/\"},\"sameAs\":[\"https:\/\/www.facebook.com\/bukkigyogytea\/\"]}]}<\/script>\n<!-- \/ Yoast SEO plugin. -->","yoast_head_json":{"title":"Schilddr\u00fcsen-Paket &#8211; B\u00fckki Gy\u00f3gytea Web\u00e1ruh\u00e1z","robots":{"index":"index","follow":"follow","max-snippet":"max-snippet:-1","max-image-preview":"max-image-preview:large","max-video-preview":"max-video-preview:-1"},"canonical":"https:\/\/bukkigyogytea.com\/de\/produkt\/schilddrusen-paket\/","og_locale":"de_DE","og_type":"article","og_title":"Schilddr\u00fcsen-Paket &#8211; B\u00fckki Gy\u00f3gytea Web\u00e1ruh\u00e1z","og_description":"Dieses Paket beinhaltet eine Heilkr\u00e4uterteemischung und einen alkoholischen Extrakt, die zur normalen Schilddr\u00fcsenfunktion beitragen. Dieses Paket reicht f\u00fcr eine 28-t\u00e4gige Kur aus und kann gegen die Schilddr\u00fcsenunterfunktion oder -\u00fcberfunktion sowie gegen die Schilddr\u00fcsenvergr\u00f6\u00dferung geeignet sein.  Inhalt:   Gemeines Labkraut Teemischung (Schilddr\u00fcsentee) \u2013 100g  Alkoholische Extrakt aus Zitronengras 50 ml","og_url":"https:\/\/bukkigyogytea.com\/de\/produkt\/schilddrusen-paket\/","og_site_name":"B\u00fckki Gy\u00f3gytea Web\u00e1ruh\u00e1z","article_publisher":"https:\/\/www.facebook.com\/bukkigyogytea\/","article_modified_time":"2024-02-20T14:42:09+00:00","og_image":[{"width":1200,"height":628,"url":"https:\/\/bukkigyogytea.com\/wp-content\/uploads\/2022\/02\/SL-slider-Facebook-Hirdetes-1.jpeg","type":"image\/jpeg"}],"twitter_card":"summary_large_image","twitter_misc":{"Gesch\u00e4tzte Lesezeit":"1\u00a0Minute"},"schema":{"@context":"https:\/\/schema.org","@graph":[{"@type":"WebPage","@id":"https:\/\/bukkigyogytea.com\/de\/produkt\/schilddrusen-paket\/","url":"https:\/\/bukkigyogytea.com\/de\/produkt\/schilddrusen-paket\/","name":"Schilddr\u00fcsen-Paket &#8211; B\u00fckki Gy\u00f3gytea Web\u00e1ruh\u00e1z","isPartOf":{"@id":"https:\/\/bukkigyogytea.com\/de\/#website"},"primaryImageOfPage":{"@id":"https:\/\/bukkigyogytea.com\/de\/produkt\/schilddrusen-paket\/#primaryimage"},"image":{"@id":"https:\/\/bukkigyogytea.com\/de\/produkt\/schilddrusen-paket\/#primaryimage"},"thumbnailUrl":"https:\/\/bukkigyogytea.com\/wp-content\/uploads\/2022\/02\/pajzsmirigy-csomag.png","datePublished":"2022-02-15T23:30:17+00:00","dateModified":"2024-02-20T14:42:09+00:00","breadcrumb":{"@id":"https:\/\/bukkigyogytea.com\/de\/produkt\/schilddrusen-paket\/#breadcrumb"},"inLanguage":"de","potentialAction":[{"@type":"ReadAction","target":["https:\/\/bukkigyogytea.com\/de\/produkt\/schilddrusen-paket\/"]}]},{"@type":"ImageObject","inLanguage":"de","@id":"https:\/\/bukkigyogytea.com\/de\/produkt\/schilddrusen-paket\/#primaryimage","url":"https:\/\/bukkigyogytea.com\/wp-content\/uploads\/2022\/02\/pajzsmirigy-csomag.png","contentUrl":"https:\/\/bukkigyogytea.com\/wp-content\/uploads\/2022\/02\/pajzsmirigy-csomag.png","width":600,"height":600,"caption":"Schilddr\u00fcsen-Paket"},{"@type":"BreadcrumbList","@id":"https:\/\/bukkigyogytea.com\/de\/produkt\/schilddrusen-paket\/#breadcrumb","itemListElement":[{"@type":"ListItem","position":1,"name":"Home","item":"https:\/\/bukkigyogytea.com\/de\/"},{"@type":"ListItem","position":2,"name":"Produkte","item":"https:\/\/bukkigyogytea.com\/de\/shop\/"},{"@type":"ListItem","position":3,"name":"Geb\u00fcndelte Angebote","item":"https:\/\/bukkigyogytea.com\/de\/Produktkategorie\/gebuendelte-angebote\/"},{"@type":"ListItem","position":4,"name":"Schilddr\u00fcsen-Paket"}]},{"@type":"WebSite","@id":"https:\/\/bukkigyogytea.com\/de\/#website","url":"https:\/\/bukkigyogytea.com\/de\/","name":"B\u00fckki Gy\u00f3gytea Web\u00e1ruh\u00e1z","description":"Gy\u00f6rgytea hivatalos viszontelad\u00f3","publisher":{"@id":"https:\/\/bukkigyogytea.com\/de\/#organization"},"potentialAction":[{"@type":"SearchAction","target":{"@type":"EntryPoint","urlTemplate":"https:\/\/bukkigyogytea.com\/de\/?s={search_term_string}"},"query-input":{"@type":"PropertyValueSpecification","valueRequired":true,"valueName":"search_term_string"}}],"inLanguage":"de"},{"@type":"Organization","@id":"https:\/\/bukkigyogytea.com\/de\/#organization","name":"B\u00fckki Gy\u00f3gytea Web\u00e1ruh\u00e1z","url":"https:\/\/bukkigyogytea.com\/de\/","logo":{"@type":"ImageObject","inLanguage":"de","@id":"https:\/\/bukkigyogytea.com\/de\/#\/schema\/logo\/image\/","url":"https:\/\/i0.wp.com\/bukkigyogytea.com\/wp-content\/uploads\/2020\/05\/Sitelogo-1.jpg?fit=350%2C85&ssl=1","contentUrl":"https:\/\/i0.wp.com\/bukkigyogytea.com\/wp-content\/uploads\/2020\/05\/Sitelogo-1.jpg?fit=350%2C85&ssl=1","width":350,"height":85,"caption":"B\u00fckki Gy\u00f3gytea Web\u00e1ruh\u00e1z"},"image":{"@id":"https:\/\/bukkigyogytea.com\/de\/#\/schema\/logo\/image\/"},"sameAs":["https:\/\/www.facebook.com\/bukkigyogytea\/"]}]}},"publishpress_future_action":{"enabled":false,"date":"2026-04-16 22:55:00","action":"change-status","newStatus":"draft","terms":[],"taxonomy":"product_type","extraData":[]},"publishpress_future_workflow_manual_trigger":{"enabledWorkflows":[]},"_links":{"self":[{"href":"https:\/\/bukkigyogytea.com\/de\/wp-json\/wp\/v2\/product\/6474","targetHints":{"allow":["GET"]}}],"collection":[{"href":"https:\/\/bukkigyogytea.com\/de\/wp-json\/wp\/v2\/product"}],"about":[{"href":"https:\/\/bukkigyogytea.com\/de\/wp-json\/wp\/v2\/types\/product"}],"replies":[{"embeddable":true,"href":"https:\/\/bukkigyogytea.com\/de\/wp-json\/wp\/v2\/comments?post=6474"}],"wp:featuredmedia":[{"embeddable":true,"href":"https:\/\/bukkigyogytea.com\/de\/wp-json\/wp\/v2\/media\/6480"}],"wp:attachment":[{"href":"https:\/\/bukkigyogytea.com\/de\/wp-json\/wp\/v2\/media?parent=6474"}],"wp:term":[{"taxonomy":"product_brand","embeddable":true,"href":"https:\/\/bukkigyogytea.com\/de\/wp-json\/wp\/v2\/product_brand?post=6474"},{"taxonomy":"product_cat","embeddable":true,"href":"https:\/\/bukkigyogytea.com\/de\/wp-json\/wp\/v2\/product_cat?post=6474"},{"taxonomy":"product_tag","embeddable":true,"href":"https:\/\/bukkigyogytea.com\/de\/wp-json\/wp\/v2\/product_tag?post=6474"}],"curies":[{"name":"wp","href":"https:\/\/api.w.org\/{rel}","templated":true}]}}