{"id":6126,"date":"2022-01-06T13:01:12","date_gmt":"2022-01-06T12:01:12","guid":{"rendered":"https:\/\/bukkigyogytea.com\/?post_type=product&#038;p=6126"},"modified":"2022-11-01T00:00:52","modified_gmt":"2022-10-31T23:00:52","slug":"einjahriger-beifus-alkoholischer-extrakt","status":"publish","type":"product","link":"https:\/\/bukkigyogytea.com\/de\/produkt\/einjahriger-beifus-alkoholischer-extrakt\/","title":{"rendered":"Einj\u00e4hriger Beifu\u00df alkoholischer Extrakt"},"content":{"rendered":"<p><em>Artemisia annua<\/em><\/p>\n<p>Empfohlene Anwendung<br \/>\n3 x 20 Tropfen am Tag nach dem Essen. Die empfohlene Tagesdosis nicht\u00a0\u00fcberschreiten.<\/p>\n<p>Kontraindikation<br \/>\nEs ist nicht empfohlen, zusammen mit Arzneimitteln einzunehmen, die mit Alkohol interagieren. Die Einnahme des Arzneimittels ist w\u00e4hrend der Schwangerschaft und Stillzeit nicht empfohlen. Die Einnahme des Arzneimittels ist von Kindern unter 14 Jahren nicht empfohlen.<\/p>\n<p>Inhaltsstoffe<br \/>\nWasser, Ethylalkohol, Einj\u00e4hriger Beifu\u00df (Artemisia annua)<\/p>\n<p>Lagerung<br \/>\nBei Raumtemperatur. Au\u00dferhalb der Reichweite von Kindern aufbewahren!<\/p>\n<p>Verteiler<br \/>\nPharmaherb Kft. 3557 B\u00fckkszentkereszt, \u0150z u. 7.<\/p>\n","protected":false},"excerpt":{"rendered":"<p>Artemisia annua Empfohlene Anwendung 3 x 20 Tropfen am Tag nach dem Essen. Die empfohlene Tagesdosis nicht\u00a0\u00fcberschreiten. Kontraindikation Es ist nicht empfohlen, zusammen mit Arzneimitteln einzunehmen, die mit Alkohol interagieren. Die Einnahme des Arzneimittels ist w\u00e4hrend der Schwangerschaft und Stillzeit nicht empfohlen. Die Einnahme des Arzneimittels ist von Kindern unter 14 Jahren nicht empfohlen. Inhaltsstoffe &#8230; <a title=\"Einj\u00e4hriger Beifu\u00df alkoholischer Extrakt\" class=\"read-more\" href=\"https:\/\/bukkigyogytea.com\/de\/produkt\/einjahriger-beifus-alkoholischer-extrakt\/\" aria-label=\"Mehr Informationen \u00fcber Einj\u00e4hriger Beifu\u00df alkoholischer Extrakt\">Weiterlesen &#8230;<\/a><\/p>\n","protected":false},"featured_media":6135,"comment_status":"open","ping_status":"closed","template":"","meta":{"_acf_changed":false},"product_brand":[],"product_cat":[198],"product_tag":[],"class_list":{"0":"post-6126","1":"product","2":"type-product","3":"status-publish","4":"has-post-thumbnail","6":"product_cat-krauterextrakte","7":"sales-flash-overlay","8":"woocommerce-text-align-center","9":"woocommerce-image-align-center","10":"do-quantity-buttons","12":"first","13":"instock","14":"taxable","15":"shipping-taxable","16":"purchasable","17":"product-type-simple"},"acf":{"blog_termekleiras":""},"yoast_head":"<!-- This site is optimized with the Yoast SEO plugin v26.9 - https:\/\/yoast.com\/product\/yoast-seo-wordpress\/ -->\n<title>Einj\u00e4hriger Beifu\u00df alkoholischer Extrakt &#8211; B\u00fckki Gy\u00f3gytea Web\u00e1ruh\u00e1z<\/title>\n<meta name=\"robots\" content=\"index, follow, max-snippet:-1, max-image-preview:large, max-video-preview:-1\" \/>\n<link rel=\"canonical\" href=\"https:\/\/bukkigyogytea.com\/de\/produkt\/einjahriger-beifus-alkoholischer-extrakt\/\" \/>\n<meta property=\"og:locale\" content=\"de_DE\" \/>\n<meta property=\"og:type\" content=\"article\" \/>\n<meta property=\"og:title\" content=\"Einj\u00e4hriger Beifu\u00df alkoholischer Extrakt &#8211; B\u00fckki Gy\u00f3gytea Web\u00e1ruh\u00e1z\" \/>\n<meta property=\"og:description\" content=\"Artemisia annua Empfohlene Anwendung 3 x 20 Tropfen am Tag nach dem Essen. Die empfohlene Tagesdosis nicht\u00a0\u00fcberschreiten. Kontraindikation Es ist nicht empfohlen, zusammen mit Arzneimitteln einzunehmen, die mit Alkohol interagieren. Die Einnahme des Arzneimittels ist w\u00e4hrend der Schwangerschaft und Stillzeit nicht empfohlen. Die Einnahme des Arzneimittels ist von Kindern unter 14 Jahren nicht empfohlen. Inhaltsstoffe ... Weiterlesen ...\" \/>\n<meta property=\"og:url\" content=\"https:\/\/bukkigyogytea.com\/de\/produkt\/einjahriger-beifus-alkoholischer-extrakt\/\" \/>\n<meta property=\"og:site_name\" content=\"B\u00fckki Gy\u00f3gytea Web\u00e1ruh\u00e1z\" \/>\n<meta property=\"article:publisher\" content=\"https:\/\/www.facebook.com\/bukkigyogytea\/\" \/>\n<meta property=\"article:modified_time\" content=\"2022-10-31T23:00:52+00:00\" \/>\n<meta property=\"og:image\" content=\"https:\/\/bukkigyogytea.com\/wp-content\/uploads\/2020\/04\/og-kisviragu-ak.jpg\" \/>\n<meta name=\"twitter:card\" content=\"summary_large_image\" \/>\n<script type=\"application\/ld+json\" class=\"yoast-schema-graph\">{\"@context\":\"https:\/\/schema.org\",\"@graph\":[{\"@type\":\"WebPage\",\"@id\":\"https:\/\/bukkigyogytea.com\/de\/produkt\/einjahriger-beifus-alkoholischer-extrakt\/\",\"url\":\"https:\/\/bukkigyogytea.com\/de\/produkt\/einjahriger-beifus-alkoholischer-extrakt\/\",\"name\":\"Einj\u00e4hriger Beifu\u00df alkoholischer Extrakt &#8211; B\u00fckki Gy\u00f3gytea Web\u00e1ruh\u00e1z\",\"isPartOf\":{\"@id\":\"https:\/\/bukkigyogytea.com\/de\/#website\"},\"primaryImageOfPage\":{\"@id\":\"https:\/\/bukkigyogytea.com\/de\/produkt\/einjahriger-beifus-alkoholischer-extrakt\/#primaryimage\"},\"image\":{\"@id\":\"https:\/\/bukkigyogytea.com\/de\/produkt\/einjahriger-beifus-alkoholischer-extrakt\/#primaryimage\"},\"thumbnailUrl\":\"https:\/\/bukkigyogytea.com\/wp-content\/uploads\/2022\/01\/tinktura_egynyari-urom_550x550_uveg_bal.png\",\"datePublished\":\"2022-01-06T12:01:12+00:00\",\"dateModified\":\"2022-10-31T23:00:52+00:00\",\"breadcrumb\":{\"@id\":\"https:\/\/bukkigyogytea.com\/de\/produkt\/einjahriger-beifus-alkoholischer-extrakt\/#breadcrumb\"},\"inLanguage\":\"de\",\"potentialAction\":[{\"@type\":\"ReadAction\",\"target\":[\"https:\/\/bukkigyogytea.com\/de\/produkt\/einjahriger-beifus-alkoholischer-extrakt\/\"]}]},{\"@type\":\"ImageObject\",\"inLanguage\":\"de\",\"@id\":\"https:\/\/bukkigyogytea.com\/de\/produkt\/einjahriger-beifus-alkoholischer-extrakt\/#primaryimage\",\"url\":\"https:\/\/bukkigyogytea.com\/wp-content\/uploads\/2022\/01\/tinktura_egynyari-urom_550x550_uveg_bal.png\",\"contentUrl\":\"https:\/\/bukkigyogytea.com\/wp-content\/uploads\/2022\/01\/tinktura_egynyari-urom_550x550_uveg_bal.png\",\"width\":550,\"height\":550,\"caption\":\"Egyny\u00e1ri \u00fcr\u00f6m alkoholos kivonat\"},{\"@type\":\"BreadcrumbList\",\"@id\":\"https:\/\/bukkigyogytea.com\/de\/produkt\/einjahriger-beifus-alkoholischer-extrakt\/#breadcrumb\",\"itemListElement\":[{\"@type\":\"ListItem\",\"position\":1,\"name\":\"Home\",\"item\":\"https:\/\/bukkigyogytea.com\/de\/\"},{\"@type\":\"ListItem\",\"position\":2,\"name\":\"Produkte\",\"item\":\"https:\/\/bukkigyogytea.com\/de\/shop\/\"},{\"@type\":\"ListItem\",\"position\":3,\"name\":\"Kr\u00e4uterextrakte\",\"item\":\"https:\/\/bukkigyogytea.com\/de\/Produktkategorie\/krauterextrakte\/\"},{\"@type\":\"ListItem\",\"position\":4,\"name\":\"Einj\u00e4hriger Beifu\u00df alkoholischer Extrakt\"}]},{\"@type\":\"WebSite\",\"@id\":\"https:\/\/bukkigyogytea.com\/de\/#website\",\"url\":\"https:\/\/bukkigyogytea.com\/de\/\",\"name\":\"B\u00fckki Gy\u00f3gytea Web\u00e1ruh\u00e1z\",\"description\":\"Gy\u00f6rgytea hivatalos viszontelad\u00f3\",\"publisher\":{\"@id\":\"https:\/\/bukkigyogytea.com\/de\/#organization\"},\"potentialAction\":[{\"@type\":\"SearchAction\",\"target\":{\"@type\":\"EntryPoint\",\"urlTemplate\":\"https:\/\/bukkigyogytea.com\/de\/?s={search_term_string}\"},\"query-input\":{\"@type\":\"PropertyValueSpecification\",\"valueRequired\":true,\"valueName\":\"search_term_string\"}}],\"inLanguage\":\"de\"},{\"@type\":\"Organization\",\"@id\":\"https:\/\/bukkigyogytea.com\/de\/#organization\",\"name\":\"B\u00fckki Gy\u00f3gytea Web\u00e1ruh\u00e1z\",\"url\":\"https:\/\/bukkigyogytea.com\/de\/\",\"logo\":{\"@type\":\"ImageObject\",\"inLanguage\":\"de\",\"@id\":\"https:\/\/bukkigyogytea.com\/de\/#\/schema\/logo\/image\/\",\"url\":\"https:\/\/i0.wp.com\/bukkigyogytea.com\/wp-content\/uploads\/2020\/05\/Sitelogo-1.jpg?fit=350%2C85&ssl=1\",\"contentUrl\":\"https:\/\/i0.wp.com\/bukkigyogytea.com\/wp-content\/uploads\/2020\/05\/Sitelogo-1.jpg?fit=350%2C85&ssl=1\",\"width\":350,\"height\":85,\"caption\":\"B\u00fckki Gy\u00f3gytea Web\u00e1ruh\u00e1z\"},\"image\":{\"@id\":\"https:\/\/bukkigyogytea.com\/de\/#\/schema\/logo\/image\/\"},\"sameAs\":[\"https:\/\/www.facebook.com\/bukkigyogytea\/\"]}]}<\/script>\n<!-- \/ Yoast SEO plugin. -->","yoast_head_json":{"title":"Einj\u00e4hriger Beifu\u00df alkoholischer Extrakt &#8211; B\u00fckki Gy\u00f3gytea Web\u00e1ruh\u00e1z","robots":{"index":"index","follow":"follow","max-snippet":"max-snippet:-1","max-image-preview":"max-image-preview:large","max-video-preview":"max-video-preview:-1"},"canonical":"https:\/\/bukkigyogytea.com\/de\/produkt\/einjahriger-beifus-alkoholischer-extrakt\/","og_locale":"de_DE","og_type":"article","og_title":"Einj\u00e4hriger Beifu\u00df alkoholischer Extrakt &#8211; B\u00fckki Gy\u00f3gytea Web\u00e1ruh\u00e1z","og_description":"Artemisia annua Empfohlene Anwendung 3 x 20 Tropfen am Tag nach dem Essen. Die empfohlene Tagesdosis nicht\u00a0\u00fcberschreiten. Kontraindikation Es ist nicht empfohlen, zusammen mit Arzneimitteln einzunehmen, die mit Alkohol interagieren. Die Einnahme des Arzneimittels ist w\u00e4hrend der Schwangerschaft und Stillzeit nicht empfohlen. Die Einnahme des Arzneimittels ist von Kindern unter 14 Jahren nicht empfohlen. Inhaltsstoffe ... Weiterlesen ...","og_url":"https:\/\/bukkigyogytea.com\/de\/produkt\/einjahriger-beifus-alkoholischer-extrakt\/","og_site_name":"B\u00fckki Gy\u00f3gytea Web\u00e1ruh\u00e1z","article_publisher":"https:\/\/www.facebook.com\/bukkigyogytea\/","article_modified_time":"2022-10-31T23:00:52+00:00","og_image":[{"url":"https:\/\/bukkigyogytea.com\/wp-content\/uploads\/2020\/04\/og-kisviragu-ak.jpg","type":"","width":"","height":""}],"twitter_card":"summary_large_image","schema":{"@context":"https:\/\/schema.org","@graph":[{"@type":"WebPage","@id":"https:\/\/bukkigyogytea.com\/de\/produkt\/einjahriger-beifus-alkoholischer-extrakt\/","url":"https:\/\/bukkigyogytea.com\/de\/produkt\/einjahriger-beifus-alkoholischer-extrakt\/","name":"Einj\u00e4hriger Beifu\u00df alkoholischer Extrakt &#8211; B\u00fckki Gy\u00f3gytea Web\u00e1ruh\u00e1z","isPartOf":{"@id":"https:\/\/bukkigyogytea.com\/de\/#website"},"primaryImageOfPage":{"@id":"https:\/\/bukkigyogytea.com\/de\/produkt\/einjahriger-beifus-alkoholischer-extrakt\/#primaryimage"},"image":{"@id":"https:\/\/bukkigyogytea.com\/de\/produkt\/einjahriger-beifus-alkoholischer-extrakt\/#primaryimage"},"thumbnailUrl":"https:\/\/bukkigyogytea.com\/wp-content\/uploads\/2022\/01\/tinktura_egynyari-urom_550x550_uveg_bal.png","datePublished":"2022-01-06T12:01:12+00:00","dateModified":"2022-10-31T23:00:52+00:00","breadcrumb":{"@id":"https:\/\/bukkigyogytea.com\/de\/produkt\/einjahriger-beifus-alkoholischer-extrakt\/#breadcrumb"},"inLanguage":"de","potentialAction":[{"@type":"ReadAction","target":["https:\/\/bukkigyogytea.com\/de\/produkt\/einjahriger-beifus-alkoholischer-extrakt\/"]}]},{"@type":"ImageObject","inLanguage":"de","@id":"https:\/\/bukkigyogytea.com\/de\/produkt\/einjahriger-beifus-alkoholischer-extrakt\/#primaryimage","url":"https:\/\/bukkigyogytea.com\/wp-content\/uploads\/2022\/01\/tinktura_egynyari-urom_550x550_uveg_bal.png","contentUrl":"https:\/\/bukkigyogytea.com\/wp-content\/uploads\/2022\/01\/tinktura_egynyari-urom_550x550_uveg_bal.png","width":550,"height":550,"caption":"Egyny\u00e1ri \u00fcr\u00f6m alkoholos kivonat"},{"@type":"BreadcrumbList","@id":"https:\/\/bukkigyogytea.com\/de\/produkt\/einjahriger-beifus-alkoholischer-extrakt\/#breadcrumb","itemListElement":[{"@type":"ListItem","position":1,"name":"Home","item":"https:\/\/bukkigyogytea.com\/de\/"},{"@type":"ListItem","position":2,"name":"Produkte","item":"https:\/\/bukkigyogytea.com\/de\/shop\/"},{"@type":"ListItem","position":3,"name":"Kr\u00e4uterextrakte","item":"https:\/\/bukkigyogytea.com\/de\/Produktkategorie\/krauterextrakte\/"},{"@type":"ListItem","position":4,"name":"Einj\u00e4hriger Beifu\u00df alkoholischer Extrakt"}]},{"@type":"WebSite","@id":"https:\/\/bukkigyogytea.com\/de\/#website","url":"https:\/\/bukkigyogytea.com\/de\/","name":"B\u00fckki Gy\u00f3gytea Web\u00e1ruh\u00e1z","description":"Gy\u00f6rgytea hivatalos viszontelad\u00f3","publisher":{"@id":"https:\/\/bukkigyogytea.com\/de\/#organization"},"potentialAction":[{"@type":"SearchAction","target":{"@type":"EntryPoint","urlTemplate":"https:\/\/bukkigyogytea.com\/de\/?s={search_term_string}"},"query-input":{"@type":"PropertyValueSpecification","valueRequired":true,"valueName":"search_term_string"}}],"inLanguage":"de"},{"@type":"Organization","@id":"https:\/\/bukkigyogytea.com\/de\/#organization","name":"B\u00fckki Gy\u00f3gytea Web\u00e1ruh\u00e1z","url":"https:\/\/bukkigyogytea.com\/de\/","logo":{"@type":"ImageObject","inLanguage":"de","@id":"https:\/\/bukkigyogytea.com\/de\/#\/schema\/logo\/image\/","url":"https:\/\/i0.wp.com\/bukkigyogytea.com\/wp-content\/uploads\/2020\/05\/Sitelogo-1.jpg?fit=350%2C85&ssl=1","contentUrl":"https:\/\/i0.wp.com\/bukkigyogytea.com\/wp-content\/uploads\/2020\/05\/Sitelogo-1.jpg?fit=350%2C85&ssl=1","width":350,"height":85,"caption":"B\u00fckki Gy\u00f3gytea Web\u00e1ruh\u00e1z"},"image":{"@id":"https:\/\/bukkigyogytea.com\/de\/#\/schema\/logo\/image\/"},"sameAs":["https:\/\/www.facebook.com\/bukkigyogytea\/"]}]}},"publishpress_future_action":{"enabled":false,"date":"2026-04-09 22:55:00","action":"change-status","newStatus":"draft","terms":[],"taxonomy":"product_type","extraData":[]},"publishpress_future_workflow_manual_trigger":{"enabledWorkflows":[]},"_links":{"self":[{"href":"https:\/\/bukkigyogytea.com\/de\/wp-json\/wp\/v2\/product\/6126","targetHints":{"allow":["GET"]}}],"collection":[{"href":"https:\/\/bukkigyogytea.com\/de\/wp-json\/wp\/v2\/product"}],"about":[{"href":"https:\/\/bukkigyogytea.com\/de\/wp-json\/wp\/v2\/types\/product"}],"replies":[{"embeddable":true,"href":"https:\/\/bukkigyogytea.com\/de\/wp-json\/wp\/v2\/comments?post=6126"}],"wp:featuredmedia":[{"embeddable":true,"href":"https:\/\/bukkigyogytea.com\/de\/wp-json\/wp\/v2\/media\/6135"}],"wp:attachment":[{"href":"https:\/\/bukkigyogytea.com\/de\/wp-json\/wp\/v2\/media?parent=6126"}],"wp:term":[{"taxonomy":"product_brand","embeddable":true,"href":"https:\/\/bukkigyogytea.com\/de\/wp-json\/wp\/v2\/product_brand?post=6126"},{"taxonomy":"product_cat","embeddable":true,"href":"https:\/\/bukkigyogytea.com\/de\/wp-json\/wp\/v2\/product_cat?post=6126"},{"taxonomy":"product_tag","embeddable":true,"href":"https:\/\/bukkigyogytea.com\/de\/wp-json\/wp\/v2\/product_tag?post=6126"}],"curies":[{"name":"wp","href":"https:\/\/api.w.org\/{rel}","templated":true}]}}